{"id":2400,"date":"2017-11-18T20:21:38","date_gmt":"2017-11-18T20:21:38","guid":{"rendered":"http:\/\/biblian.is\/1981\/romverjabrefid-7-kafli\/"},"modified":"2021-06-06T11:05:29","modified_gmt":"2021-06-06T11:05:29","slug":"romverjabrefid-7-kafli","status":"publish","type":"page","link":"https:\/\/biblian.is\/1981\/romverjabrefid-7-kafli\/","title":{"rendered":"R\u00f3mverjabr\u00e9fi\u00f0 7. kafli"},"content":{"rendered":"<p><a name=\"1\"><span class=\"versanumer\">1<\/span><\/a>Viti\u00f0 \u00fe\u00e9r ekki, br\u00e6\u00f0ur, \u00e9g er h\u00e9r a\u00f0 tala til \u00feeirra, sem l\u00f6gm\u00e1l \u00feekkja, a\u00f0 l\u00f6gm\u00e1li\u00f0 drottnar yfir manninum svo lengi sem hann lifir.<a name=\"2\"><span class=\"versanumer\">2<\/span><\/a>Gift kona er a\u00f0 l\u00f6gum bundin manni s\u00ednum, me\u00f0an hann lifir. En deyi ma\u00f0urinn, er h\u00fan leyst undan l\u00f6gm\u00e1linu, sem bindur hana vi\u00f0 manninn.<a name=\"3\"><span class=\"versanumer\">3<\/span><\/a>\u00dev\u00ed mun h\u00fan h\u00f3rkona teljast, ef h\u00fan, a\u00f0 manninum lifandi, ver\u00f0ur annars manns. En deyi ma\u00f0urinn er h\u00fan laus undan l\u00f6gm\u00e1linu, svo a\u00f0 h\u00fan er ekki h\u00f3rkona, \u00fe\u00f3tt h\u00fan ver\u00f0i annars manns.<a name=\"4\"><span class=\"versanumer\">4<\/span><\/a>Eins er um y\u00f0ur, br\u00e6\u00f0ur m\u00ednir. \u00de\u00e9r eru\u00f0 d\u00e1nir l\u00f6gm\u00e1linu fyrir l\u00edkama Krists, til \u00feess a\u00f0 ver\u00f0a \u00f6\u00f0rum gefnir, honum sem var upp vakinn fr\u00e1 dau\u00f0um, svo a\u00f0 v\u00e9r m\u00e6ttum bera Gu\u00f0i \u00e1v\u00f6xt.<a name=\"5\"><span class=\"versanumer\">5<\/span><\/a>\u00deegar v\u00e9r lif\u00f0um a\u00f0 holdsins h\u00e6tti, st\u00f6rfu\u00f0u \u00e1str\u00ed\u00f0ur syndanna, sem l\u00f6gm\u00e1li\u00f0 haf\u00f0i vaki\u00f0, \u00ed limum vorum, svo a\u00f0 v\u00e9r b\u00e6rum dau\u00f0anum \u00e1v\u00f6xt.<a name=\"6\"><span class=\"versanumer\">6<\/span><\/a>En n\u00fa erum v\u00e9r leystir undan l\u00f6gm\u00e1linu, \u00fear sem v\u00e9r erum d\u00e1nir \u00fev\u00ed, sem \u00e1\u00f0ur h\u00e9lt oss bundnum, og \u00fej\u00f3num \u00ed n\u00fdjung anda, en ekki \u00ed fyrnsku b\u00f3kstafs.<a name=\"7\"><span class=\"versanumer\">7<\/span><\/a>Hva\u00f0 eigum v\u00e9r \u00fe\u00e1 a\u00f0 segja? Er l\u00f6gm\u00e1li\u00f0 synd? Fjarri fer \u00fev\u00ed. En satt er \u00fea\u00f0: \u00c9g \u00feekkti ekki syndina nema fyrir l\u00f6gm\u00e1li\u00f0. \u00c9g hef\u00f0i ekki vita\u00f0 um girndina, hef\u00f0i ekki l\u00f6gm\u00e1li\u00f0 sagt: \u00de\u00fa skalt ekki girnast.<a name=\"8\"><span class=\"versanumer\">8<\/span><\/a>En syndin s\u00e6tti lagi og vakti \u00ed m\u00e9r alls kyns girnd me\u00f0 bo\u00f0or\u00f0inu. \u00c1n l\u00f6gm\u00e1ls er syndin dau\u00f0.<a name=\"9\"><span class=\"versanumer\">9<\/span><\/a>\u00c9g lif\u00f0i einu sinni \u00e1n l\u00f6gm\u00e1ls, en er bo\u00f0or\u00f0i\u00f0 kom lifna\u00f0i syndin vi\u00f0,<a name=\"10\"><span class=\"versanumer\">10<\/span><\/a>en \u00e9g d\u00f3. Og bo\u00f0or\u00f0i\u00f0, sem \u00e1tti a\u00f0 ver\u00f0a til l\u00edfs, \u00fea\u00f0 reyndist m\u00e9r vera til dau\u00f0a.<a name=\"11\"><span class=\"versanumer\">11<\/span><\/a>\u00dev\u00ed a\u00f0 syndin s\u00e6tti lagi, dr\u00f3 mig \u00e1 t\u00e1lar me\u00f0 bo\u00f0or\u00f0inu og deyddi mig me\u00f0 \u00fev\u00ed.<a name=\"12\"><span class=\"versanumer\">12<\/span><\/a>\u00deannig er \u00fe\u00e1 l\u00f6gm\u00e1li\u00f0 heilagt og bo\u00f0or\u00f0i\u00f0 heilagt, r\u00e9ttl\u00e1tt og gott.<a name=\"13\"><span class=\"versanumer\">13<\/span><\/a>Var\u00f0 \u00fe\u00e1 hi\u00f0 g\u00f3\u00f0a m\u00e9r til dau\u00f0a? Fjarri fer \u00fev\u00ed! Nei, \u00fea\u00f0 var syndin. Til \u00feess a\u00f0 h\u00fan birtist sem synd, olli h\u00fan m\u00e9r dau\u00f0a me\u00f0 \u00fev\u00ed, sem gott er. \u00deannig skyldi syndin ver\u00f0a yfir sig syndug fyrir bo\u00f0or\u00f0i\u00f0.<a name=\"14\"><span class=\"versanumer\">14<\/span><\/a>V\u00e9r vitum, a\u00f0 l\u00f6gm\u00e1li\u00f0 er andlegt, en \u00e9g er holdlegur, seldur undir syndina.<a name=\"15\"><span class=\"versanumer\">15<\/span><\/a>\u00dev\u00ed a\u00f0 \u00e9g veit ekki, hva\u00f0 \u00e9g a\u00f0hefst. \u00dea\u00f0 sem \u00e9g vil, \u00fea\u00f0 gj\u00f6ri \u00e9g ekki, en \u00fea\u00f0 sem \u00e9g hata, \u00fea\u00f0 gj\u00f6ri \u00e9g.<a name=\"16\"><span class=\"versanumer\">16<\/span><\/a>En ef \u00e9g n\u00fa gj\u00f6ri einmitt \u00fea\u00f0, sem \u00e9g vil ekki, \u00fe\u00e1 er \u00e9g sam\u00feykkur l\u00f6gm\u00e1linu, a\u00f0 \u00fea\u00f0 s\u00e9 gott.<a name=\"17\"><span class=\"versanumer\">17<\/span><\/a>En n\u00fa er \u00fea\u00f0 ekki framar \u00e9g sj\u00e1lfur, sem gj\u00f6ri \u00feetta, heldur syndin, sem \u00ed m\u00e9r b\u00fdr.<a name=\"18\"><span class=\"versanumer\">18<\/span><\/a>\u00c9g veit, a\u00f0 ekki b\u00fdr neitt gott \u00ed m\u00e9r, \u00fea\u00f0 er, \u00ed holdi m\u00ednu. A\u00f0 vilja veitist m\u00e9r au\u00f0velt, en ekki a\u00f0 framkv\u00e6ma hi\u00f0 g\u00f3\u00f0a.<a name=\"19\"><span class=\"versanumer\">19<\/span><\/a>Hi\u00f0 g\u00f3\u00f0a, sem \u00e9g vil, gj\u00f6ri \u00e9g ekki, en hi\u00f0 vonda, sem \u00e9g vil ekki, \u00fea\u00f0 gj\u00f6ri \u00e9g.<a name=\"20\"><span class=\"versanumer\">20<\/span><\/a>En ef \u00e9g gj\u00f6ri \u00fea\u00f0, sem \u00e9g vil ekki, \u00fe\u00e1 er \u00fea\u00f0 ekki lengur \u00e9g sj\u00e1lfur, sem framkv\u00e6mi \u00fea\u00f0, heldur syndin, sem \u00ed m\u00e9r b\u00fdr.<a name=\"21\"><span class=\"versanumer\">21<\/span><\/a>\u00deannig reynist m\u00e9r \u00fea\u00f0 \u00fe\u00e1 regla fyrir mig, sem vil gj\u00f6ra hi\u00f0 g\u00f3\u00f0a, a\u00f0 hi\u00f0 illa er m\u00e9r tamast.<a name=\"22\"><span class=\"versanumer\">22<\/span><\/a>Innra me\u00f0 m\u00e9r hef \u00e9g m\u00e6tur \u00e1 l\u00f6gm\u00e1li Gu\u00f0s,<a name=\"23\"><span class=\"versanumer\">23<\/span><\/a>en \u00e9g s\u00e9 anna\u00f0 l\u00f6gm\u00e1l \u00ed limum m\u00ednum, sem berst \u00e1 m\u00f3ti l\u00f6gm\u00e1li hugar m\u00edns og hertekur mig undir l\u00f6gm\u00e1l syndarinnar \u00ed limum m\u00ednum.<a name=\"24\"><span class=\"versanumer\">24<\/span><\/a>\u00c9g aumur ma\u00f0ur! Hver mun frelsa mig fr\u00e1 \u00feessum dau\u00f0ans l\u00edkama?<a name=\"25\"><span class=\"versanumer\">25<\/span><\/a>\u00c9g \u00feakka Gu\u00f0i fyrir Jes\u00fa Krist, Drottin vorn. Svo \u00fej\u00f3na \u00e9g \u00fe\u00e1 sj\u00e1lfur l\u00f6gm\u00e1li Gu\u00f0s me\u00f0 huga m\u00ednum, en l\u00f6gm\u00e1li syndarinnar me\u00f0 holdinu.<\/p>\n<div class=\"footnote1981\"><b>7.4<\/b> Lausn undan l\u00f6gm\u00e1linu Gal 2.19; 3.13 \u2013 d\u00e1in syndinni R\u00f3m 6.5-6; 2Kor 5.15<br \/>\n<b>7.5<\/b> E\u00f0li R\u00f3m 7-8<br \/>\n<b>7.6<\/b> Andi og b\u00f3kstafur R\u00f3m 2.29+<br \/>\n<b>7.7<\/b> L\u00f6gm\u00e1li\u00f0 opinberar syndina R\u00f3m 3.20; 4.15 \u2013 girnd Jak 1.14-15 \u2013 t\u00edunda bo\u00f0or\u00f0i\u00f0 2M\u00f3s 20.17; 5M\u00f3s 5.21<br \/>\n<b>7.10<\/b> Til l\u00edfs 3M\u00f3s 18.5; 5M\u00f3s 4.1; 5.33; Esk 20.11<br \/>\n<b>7.11<\/b> Syndin t\u00e6ldi 1M\u00f3s 3.13; 2Kor 11.3; Heb 3.13<br \/>\n<b>7.14<\/b> Ma\u00f0urinn er jar\u00f0neskt hold Slm 51.7; J\u00f3h 3.6<br \/>\n<b>7.22<\/b> \u00cd hjarta m\u00ednu Ef 3.16<br \/>\n<b>7.23<\/b> Hold og andi berjast Gal 5.16-23,25<br \/>\n<b>7.24<\/b> Hver frelsar  &#8230; ? Slm 22.1-12; 107.6,13,19,28<br \/>\n<b>7.25<\/b> Kristur n\u00e1\u00f0argj\u00f6f Gu\u00f0s R\u00f3m 5.21; 6.23; 1Kor 15.57<\/div>\n","protected":false},"excerpt":{"rendered":"<p>1Viti\u00f0 \u00fe\u00e9r ekki, br\u00e6\u00f0ur, \u00e9g er h\u00e9r a\u00f0 tala til \u00feeirra, sem l\u00f6gm\u00e1l \u00feekkja, a\u00f0 l\u00f6gm\u00e1li\u00f0 drottnar yfir manninum svo lengi sem hann lifir.2Gift kona er a\u00f0 l\u00f6gum bundin manni s\u00ednum, me\u00f0an hann lifir. En deyi ma\u00f0urinn, er h\u00fan leyst undan l\u00f6gm\u00e1linu, sem bindur hana vi\u00f0 manninn.3\u00dev\u00ed mun h\u00fan h\u00f3rkona teljast, ef h\u00fan, a\u00f0 manninum lifandi, ver\u00f0ur annars manns. En deyi ma\u00f0urinn er h\u00fan laus undan l\u00f6gm\u00e1linu, svo a\u00f0 h\u00fan er ekki h\u00f3rkona, \u00fe\u00f3tt h\u00fan ver\u00f0i annars manns.4Eins er um y\u00f0ur, br\u00e6\u00f0ur m\u00ednir. \u00de\u00e9r eru\u00f0 d\u00e1nir l\u00f6gm\u00e1linu fyrir l\u00edkama Krists, til \u00feess a\u00f0 ver\u00f0a \u00f6\u00f0rum gefnir, honum sem var upp <a href=\"https:\/\/biblian.is\/1981\/romverjabrefid-7-kafli\/\"> [&#8230;]<\/a><\/p>\n","protected":false},"author":1,"featured_media":0,"parent":0,"menu_order":0,"comment_status":"open","ping_status":"open","template":"bibliukaflar.php","meta":{"footnotes":""},"class_list":["post-2400","page","type-page","status-publish","hentry"],"_links":{"self":[{"href":"https:\/\/biblian.is\/1981\/wp-json\/wp\/v2\/pages\/2400","targetHints":{"allow":["GET"]}}],"collection":[{"href":"https:\/\/biblian.is\/1981\/wp-json\/wp\/v2\/pages"}],"about":[{"href":"https:\/\/biblian.is\/1981\/wp-json\/wp\/v2\/types\/page"}],"author":[{"embeddable":true,"href":"https:\/\/biblian.is\/1981\/wp-json\/wp\/v2\/users\/1"}],"replies":[{"embeddable":true,"href":"https:\/\/biblian.is\/1981\/wp-json\/wp\/v2\/comments?post=2400"}],"version-history":[{"count":0,"href":"https:\/\/biblian.is\/1981\/wp-json\/wp\/v2\/pages\/2400\/revisions"}],"wp:attachment":[{"href":"https:\/\/biblian.is\/1981\/wp-json\/wp\/v2\/media?parent=2400"}],"curies":[{"name":"wp","href":"https:\/\/api.w.org\/{rel}","templated":true}]}}