{"id":2398,"date":"2017-11-18T20:21:38","date_gmt":"2017-11-18T20:21:38","guid":{"rendered":"http:\/\/biblian.is\/1981\/romverjabrefid-5-kafli\/"},"modified":"2021-06-06T11:05:27","modified_gmt":"2021-06-06T11:05:27","slug":"romverjabrefid-5-kafli","status":"publish","type":"page","link":"https:\/\/biblian.is\/1981\/romverjabrefid-5-kafli\/","title":{"rendered":"R\u00f3mverjabr\u00e9fi\u00f0 5. kafli"},"content":{"rendered":"<p><a name=\"1\"><span class=\"versanumer\">1<\/span><\/a>R\u00e9ttl\u00e6ttir af tr\u00fa h\u00f6fum v\u00e9r \u00fev\u00ed fri\u00f0 vi\u00f0 Gu\u00f0 fyrir Drottin vorn Jes\u00fa Krist.<a name=\"2\"><span class=\"versanumer\">2<\/span><\/a>Fyrir hann h\u00f6fum v\u00e9r a\u00f0gang a\u00f0 \u00feeirri n\u00e1\u00f0, sem v\u00e9r lifum \u00ed, og v\u00e9r f\u00f6gnum \u00ed von um d\u00fdr\u00f0 Gu\u00f0s.<a name=\"3\"><span class=\"versanumer\">3<\/span><\/a>En ekki \u00fea\u00f0 eitt: V\u00e9r f\u00f6gnum l\u00edka \u00ed \u00ferengingunum, me\u00f0 \u00fev\u00ed a\u00f0 v\u00e9r vitum, a\u00f0 \u00ferengingin veitir \u00feolg\u00e6\u00f0i,<a name=\"4\"><span class=\"versanumer\">4<\/span><\/a>en \u00feolg\u00e6\u00f0i\u00f0 fullreynd, en fullreyndin von.<a name=\"5\"><span class=\"versanumer\">5<\/span><\/a>En vonin bregst oss ekki, \u00fev\u00ed a\u00f0 k\u00e6rleika Gu\u00f0s er \u00fathellt \u00ed hj\u00f6rtum vorum fyrir heilagan anda, sem oss er gefinn.<a name=\"6\"><span class=\"versanumer\">6<\/span><\/a>Me\u00f0an v\u00e9r enn vorum \u00f3styrkir, d\u00f3 Kristur \u00e1 settum t\u00edma fyrir \u00f3gu\u00f0lega.<a name=\"7\"><span class=\"versanumer\">7<\/span><\/a>Annars gengur varla nokkur \u00ed dau\u00f0ann fyrir r\u00e9ttl\u00e1tan mann, fyrir g\u00f3\u00f0an mann kynni ef til vill einhver a\u00f0 vilja deyja.<a name=\"8\"><span class=\"versanumer\">8<\/span><\/a>En Gu\u00f0 au\u00f0s\u00fdnir k\u00e6rleika sinn til vor, \u00fear sem Kristur er fyrir oss d\u00e1inn me\u00f0an v\u00e9r enn vorum \u00ed syndum vorum.<a name=\"9\"><span class=\"versanumer\">9<\/span><\/a>\u00dear sem v\u00e9r n\u00fa erum r\u00e9ttl\u00e6ttir fyrir bl\u00f3\u00f0 hans, \u00fev\u00ed fremur mun hann frelsa oss fr\u00e1 rei\u00f0inni.<a name=\"10\"><span class=\"versanumer\">10<\/span><\/a>\u00dev\u00ed a\u00f0 ef v\u00e9r vorum \u00f3vinir Gu\u00f0s og ur\u00f0um s\u00e6ttir vi\u00f0 hann me\u00f0 dau\u00f0a sonar hans, \u00fev\u00ed fremur munum v\u00e9r frelsa\u00f0ir ver\u00f0a me\u00f0 l\u00edfi sonar hans, n\u00fa er v\u00e9r erum \u00ed s\u00e1tt teknir.<a name=\"11\"><span class=\"versanumer\">11<\/span><\/a>Og ekki \u00fea\u00f0 eitt, heldur f\u00f6gnum v\u00e9r \u00ed Gu\u00f0i fyrir Drottin vorn Jes\u00fa Krist, sem v\u00e9r n\u00fa h\u00f6fum \u00f6\u00f0last s\u00e1ttargj\u00f6r\u00f0ina fyrir.<a name=\"12\"><span class=\"versanumer\">12<\/span><\/a>Syndin kom inn \u00ed heiminn fyrir einn mann og dau\u00f0inn fyrir syndina, og \u00feannig er dau\u00f0inn runninn til allra manna, af \u00fev\u00ed a\u00f0 allir hafa syndga\u00f0.<a name=\"13\"><span class=\"versanumer\">13<\/span><\/a>\u00dev\u00ed a\u00f0 allt fram a\u00f0 l\u00f6gm\u00e1linu var synd \u00ed heiminum, en synd tilreiknast ekki me\u00f0an ekki er l\u00f6gm\u00e1l.<a name=\"14\"><span class=\"versanumer\">14<\/span><\/a>Samt sem \u00e1\u00f0ur hefur dau\u00f0inn r\u00edkt fr\u00e1 Adam til M\u00f3se einnig yfir \u00feeim, sem ekki h\u00f6f\u00f0u syndga\u00f0 \u00e1 s\u00f6mu lund og Adam braut, en Adam v\u00edsar til hans sem koma \u00e1tti.<a name=\"15\"><span class=\"versanumer\">15<\/span><\/a>En n\u00e1\u00f0argj\u00f6finni og misgj\u00f6r\u00f0inni ver\u00f0ur ekki jafna\u00f0 saman. \u00dev\u00ed a\u00f0 hafi hinir m\u00f6rgu d\u00e1i\u00f0 sakir \u00feess a\u00f0 einn f\u00e9ll, \u00fev\u00ed fremur hefur n\u00e1\u00f0 Gu\u00f0s og gj\u00f6f streymt r\u00edkulega til hinna m\u00f6rgu \u00ed hinum eina manni Jes\u00fa Kristi, sem er n\u00e1\u00f0argj\u00f6f Gu\u00f0s.<a name=\"16\"><span class=\"versanumer\">16<\/span><\/a>Og ekki ver\u00f0ur gj\u00f6finni jafna\u00f0 til \u00feess, sem leiddi af synd hins eina manns. \u00dev\u00ed a\u00f0 d\u00f3murinn vegna \u00feess, sem hinn eini haf\u00f0i gj\u00f6rt, var\u00f0 til sakfellingar, en n\u00e1\u00f0argj\u00f6fin vegna misgj\u00f6r\u00f0a margra til s\u00fdknunar.<a name=\"17\"><span class=\"versanumer\">17<\/span><\/a>Ef misgj\u00f6r\u00f0 hins eina manns haf\u00f0i \u00ed f\u00f6r me\u00f0 s\u00e9r, a\u00f0 dau\u00f0inn t\u00f3k v\u00f6ld me\u00f0 \u00feeim eina manni, \u00fev\u00ed fremur munu \u00fe\u00e1 \u00feeir, sem \u00feiggja gn\u00f3ttir n\u00e1\u00f0arinnar og gjafar r\u00e9ttl\u00e6tisins, lifa og r\u00edkja vegna hins eina Jes\u00fa Krists.<a name=\"18\"><span class=\"versanumer\">18<\/span><\/a>Eins og af misgj\u00f6r\u00f0 eins leiddi sakfellingu fyrir alla menn, \u00feannig lei\u00f0ir og af r\u00e9ttl\u00e6tisverki eins s\u00fdknun og l\u00edf fyrir alla menn.<a name=\"19\"><span class=\"versanumer\">19<\/span><\/a>Eins og hinir m\u00f6rgu ur\u00f0u a\u00f0 syndurum fyrir \u00f3hl\u00fd\u00f0ni hins eina manns, \u00feannig mun hl\u00fd\u00f0ni hins eina r\u00e9ttl\u00e6ta hina m\u00f6rgu.<a name=\"20\"><span class=\"versanumer\">20<\/span><\/a>En h\u00e9r vi\u00f0 b\u00e6ttist svo l\u00f6gm\u00e1li\u00f0, til \u00feess a\u00f0 misgj\u00f6r\u00f0in yr\u00f0i meiri. En \u00fear sem syndin j\u00f3kst, \u00fear fl\u00f3\u00f0i n\u00e1\u00f0in yfir enn meir.<a name=\"21\"><span class=\"versanumer\">21<\/span><\/a>Og eins og syndin r\u00edkti \u00ed dau\u00f0anum, svo skyldi og n\u00e1\u00f0in r\u00edkja fyrir r\u00e9ttl\u00e6ti til eil\u00edfs l\u00edfs \u00ed Jes\u00fa Kristi, Drottni vorum.<\/p>\n<div class=\"footnote1981\"><b>5.1<\/b> Fri\u00f0ur Jes 53.5; Ef 2.14-17; K\u00f3l 3.15<br \/>\n<b>5.3<\/b> \u00derengingar Slm 37.39; 50.15; Matt 24.21; Post 11.19; 14.22; 2Kor 1.4-5; Fil 4.14; 1\u00deess 3.3; Opb 1.9; 7.14<br \/>\n<b>5.4<\/b> \u00deolg\u00e6\u00f0i R\u00f3m 8.18; 2Kor 4.17; Jak 1.2-4; 1P\u00e9t 1.6-7; Heb 6.18-19<br \/>\n<b>5.5<\/b> Heilagur andi R\u00f3m 8.9-16; Gal 4.6; T\u00edt 3.5-7; 1J\u00f3h 4.13<br \/>\n<b>5.6-8<\/b> D\u00f3 fyrir okkur R\u00f3m 3.25; 4.25; 5.6-11; 8.32; Gal 1.4; 2.20; Ef 5.2; 1T\u00edm 2.6; T\u00edt 2.14; 3.4-7; 1P\u00e9t 3.18; J\u00f3h 3.16-17; 15.13; 1J\u00f3h 3.16; 4.10<br \/>\n<b>5.10<\/b> S\u00e6ttir 2Kor 5.18-19; Ef 2.16; K\u00f3l 1.20-22<br \/>\n<b>5.12<\/b> Dau\u00f0inn kom me\u00f0 syndinni 1M\u00f3s 2.17; 3.19; SSal 2.24; R\u00f3m 6.23; 7.5; 8.6,13; 1Kor 15.21-22,45; Gal 6.7-9; Jak 1.15<br \/>\n<b>5.19<\/b> Hl\u00fd\u00f0ni Krists Jes 53.11; Fil 2.8; Heb 5.8<br \/>\n<b>5.21<\/b> Eil\u00edft l\u00edf Dan 12.2; Matt 19.16; J\u00f3h 3.15; 6.47; 17.3; R\u00f3m 2.7; 6.22-23; Gal 6.8; 1T\u00edm 6.12; T\u00edt 1.2; 1J\u00f3h 5.11,20<\/div>\n","protected":false},"excerpt":{"rendered":"<p>1R\u00e9ttl\u00e6ttir af tr\u00fa h\u00f6fum v\u00e9r \u00fev\u00ed fri\u00f0 vi\u00f0 Gu\u00f0 fyrir Drottin vorn Jes\u00fa Krist.2Fyrir hann h\u00f6fum v\u00e9r a\u00f0gang a\u00f0 \u00feeirri n\u00e1\u00f0, sem v\u00e9r lifum \u00ed, og v\u00e9r f\u00f6gnum \u00ed von um d\u00fdr\u00f0 Gu\u00f0s.3En ekki \u00fea\u00f0 eitt: V\u00e9r f\u00f6gnum l\u00edka \u00ed \u00ferengingunum, me\u00f0 \u00fev\u00ed a\u00f0 v\u00e9r vitum, a\u00f0 \u00ferengingin veitir \u00feolg\u00e6\u00f0i,4en \u00feolg\u00e6\u00f0i\u00f0 fullreynd, en fullreyndin von.5En vonin bregst oss ekki, \u00fev\u00ed a\u00f0 k\u00e6rleika Gu\u00f0s er \u00fathellt \u00ed hj\u00f6rtum vorum fyrir heilagan anda, sem oss er gefinn.6Me\u00f0an v\u00e9r enn vorum \u00f3styrkir, d\u00f3 Kristur \u00e1 settum t\u00edma fyrir \u00f3gu\u00f0lega.7Annars gengur varla nokkur \u00ed dau\u00f0ann fyrir r\u00e9ttl\u00e1tan mann, fyrir g\u00f3\u00f0an mann kynni ef til <a href=\"https:\/\/biblian.is\/1981\/romverjabrefid-5-kafli\/\"> [&#8230;]<\/a><\/p>\n","protected":false},"author":1,"featured_media":0,"parent":0,"menu_order":0,"comment_status":"open","ping_status":"open","template":"bibliukaflar.php","meta":{"footnotes":""},"class_list":["post-2398","page","type-page","status-publish","hentry"],"_links":{"self":[{"href":"https:\/\/biblian.is\/1981\/wp-json\/wp\/v2\/pages\/2398","targetHints":{"allow":["GET"]}}],"collection":[{"href":"https:\/\/biblian.is\/1981\/wp-json\/wp\/v2\/pages"}],"about":[{"href":"https:\/\/biblian.is\/1981\/wp-json\/wp\/v2\/types\/page"}],"author":[{"embeddable":true,"href":"https:\/\/biblian.is\/1981\/wp-json\/wp\/v2\/users\/1"}],"replies":[{"embeddable":true,"href":"https:\/\/biblian.is\/1981\/wp-json\/wp\/v2\/comments?post=2398"}],"version-history":[{"count":0,"href":"https:\/\/biblian.is\/1981\/wp-json\/wp\/v2\/pages\/2398\/revisions"}],"wp:attachment":[{"href":"https:\/\/biblian.is\/1981\/wp-json\/wp\/v2\/media?parent=2398"}],"curies":[{"name":"wp","href":"https:\/\/api.w.org\/{rel}","templated":true}]}}