{"id":2397,"date":"2017-11-18T20:21:38","date_gmt":"2017-11-18T20:21:38","guid":{"rendered":"http:\/\/biblian.is\/1981\/romverjabrefid-4-kafli\/"},"modified":"2021-06-06T11:05:25","modified_gmt":"2021-06-06T11:05:25","slug":"romverjabrefid-4-kafli","status":"publish","type":"page","link":"https:\/\/biblian.is\/1981\/romverjabrefid-4-kafli\/","title":{"rendered":"R\u00f3mverjabr\u00e9fi\u00f0 4. kafli"},"content":{"rendered":"<p><a name=\"1\"><span class=\"versanumer\">1<\/span><\/a>Hva\u00f0 eigum v\u00e9r \u00fe\u00e1 a\u00f0 segja um Abraham, forf\u00f6\u00f0ur vorn, hva\u00f0 \u00e1vann hann?<a name=\"2\"><span class=\"versanumer\">2<\/span><\/a>Ef hann r\u00e9ttl\u00e6ttist af verkum, \u00fe\u00e1 hefur hann hr\u00f3sunarefni, en ekki fyrir Gu\u00f0i.<a name=\"3\"><span class=\"versanumer\">3<\/span><\/a>\u00dev\u00ed hva\u00f0 segir ritningin: Abraham tr\u00fa\u00f0i Gu\u00f0i, og \u00fea\u00f0 var reikna\u00f0 honum til r\u00e9ttl\u00e6tis.<a name=\"4\"><span class=\"versanumer\">4<\/span><\/a>\u00deeim sem vinnur ver\u00f0a launin ekki reiknu\u00f0 af n\u00e1\u00f0, heldur eftir ver\u00f0leika.<a name=\"5\"><span class=\"versanumer\">5<\/span><\/a>Hinum aftur \u00e1 m\u00f3ti, sem ekki vinnur, en tr\u00fair \u00e1 hann sem r\u00e9ttl\u00e6tir \u00f3gu\u00f0legan, er tr\u00fa hans reiknu\u00f0 til r\u00e9ttl\u00e6tis.<a name=\"6\"><span class=\"versanumer\">6<\/span><\/a>Eins og l\u00edka Dav\u00ed\u00f0 l\u00fdsir \u00feann mann s\u00e6lan, sem Gu\u00f0 tilreiknar r\u00e9ttl\u00e6ti \u00e1n tillits til verka:<a name=\"7\"><span class=\"versanumer\">7<\/span><\/a>S\u00e6lir eru \u00feeir, sem afbrotin eru fyrirgefin og syndir \u00feeirra huldar.<a name=\"8\"><span class=\"versanumer\">8<\/span><\/a>S\u00e6ll er s\u00e1 ma\u00f0ur, sem Drottinn tilreiknar ekki synd.<a name=\"9\"><span class=\"versanumer\">9<\/span><\/a>N\u00e6r \u00fe\u00e1 s\u00e6lubo\u00f0un \u00feessi a\u00f0eins til umskorinna manna? E\u00f0a l\u00edka til \u00f3umskorinna? V\u00e9r segjum: Tr\u00fain var Abraham til r\u00e9ttl\u00e6tis reiknu\u00f0.<a name=\"10\"><span class=\"versanumer\">10<\/span><\/a>Hvernig var h\u00fan \u00fe\u00e1 tilreiknu\u00f0 honum? Umskornum e\u00f0a \u00f3umskornum? Hann var ekki umskorinn, heldur \u00f3umskorinn.<a name=\"11\"><span class=\"versanumer\">11<\/span><\/a>Og hann f\u00e9kk t\u00e1kn umskurnarinnar sem sta\u00f0festingu \u00feess r\u00e9ttl\u00e6tis af tr\u00fa, sem hann \u00e1tti \u00f3umskorinn. \u00deannig skyldi hann vera fa\u00f0ir allra \u00feeirra, sem tr\u00faa \u00f3umskornir, til \u00feess a\u00f0 r\u00e9ttl\u00e6ti\u00f0 tilreiknist \u00feeim,<a name=\"12\"><span class=\"versanumer\">12<\/span><\/a>og eins fa\u00f0ir \u00feeirra umskornu manna, sem eru ekki a\u00f0eins umskornir heldur feta veg \u00feeirrar tr\u00faar, er fa\u00f0ir vor Abraham haf\u00f0i \u00f3umskorinn.<a name=\"13\"><span class=\"versanumer\">13<\/span><\/a>Ekki var Abraham e\u00f0a ni\u00f0jum hans fyrir l\u00f6gm\u00e1l gefi\u00f0 fyrirheiti\u00f0, a\u00f0 hann skyldi ver\u00f0a erfingi heimsins, heldur fyrir tr\u00faar-r\u00e9ttl\u00e6ti.<a name=\"14\"><span class=\"versanumer\">14<\/span><\/a>Ef l\u00f6gm\u00e1lsmennirnir eru erfingjar, er tr\u00fain \u00f3n\u00fdtt og fyrirheiti\u00f0 a\u00f0 engu gj\u00f6rt.<a name=\"15\"><span class=\"versanumer\">15<\/span><\/a>\u00dev\u00ed a\u00f0 l\u00f6gm\u00e1li\u00f0 vekur rei\u00f0i. En \u00fear sem ekki er l\u00f6gm\u00e1l, \u00fear eru ekki heldur l\u00f6gm\u00e1lsbrot.<a name=\"16\"><span class=\"versanumer\">16<\/span><\/a>\u00dev\u00ed er fyrirheiti\u00f0 byggt \u00e1 tr\u00fa, til \u00feess a\u00f0 \u00fea\u00f0 s\u00e9 af n\u00e1\u00f0, og megi st\u00f6\u00f0ugt standa fyrir alla ni\u00f0ja hans, ekki fyrir \u00fe\u00e1 eina, sem hafa l\u00f6gm\u00e1li\u00f0, heldur og fyrir \u00fe\u00e1, sem eiga tr\u00fa Abrahams. Hann er fa\u00f0ir vor allra,<a name=\"17\"><span class=\"versanumer\">17<\/span><\/a>eins og skrifa\u00f0 stendur: F\u00f6\u00f0ur margra \u00fej\u00f3\u00f0a hef \u00e9g sett \u00feig. Og \u00fea\u00f0 er hann frammi fyrir Gu\u00f0i, sem hann tr\u00fa\u00f0i \u00e1, honum sem l\u00edfgar dau\u00f0a og kallar fram \u00fea\u00f0, sem ekki er til eins og \u00fea\u00f0 v\u00e6ri til.<a name=\"18\"><span class=\"versanumer\">18<\/span><\/a>Abraham tr\u00fa\u00f0i me\u00f0 von, gegn von, a\u00f0 hann skyldi ver\u00f0a fa\u00f0ir margra \u00fej\u00f3\u00f0a, samkv\u00e6mt \u00fev\u00ed sem sagt haf\u00f0i veri\u00f0: Svo skal afkv\u00e6mi \u00feitt ver\u00f0a.<a name=\"19\"><span class=\"versanumer\">19<\/span><\/a>Og ekki veikla\u00f0ist hann \u00ed tr\u00fanni \u00fe\u00f3tt hann minntist \u00feess, a\u00f0 hann var kominn a\u00f0 f\u00f3tum fram hann var n\u00e1lega t\u00edr\u00e6\u00f0ur, og a\u00f0 Sara gat ekki or\u00f0i\u00f0 barnshafandi sakir elli.<a name=\"20\"><span class=\"versanumer\">20<\/span><\/a>Um fyrirheit Gu\u00f0s efa\u00f0ist hann ekki me\u00f0 vantr\u00fa, heldur gj\u00f6r\u00f0ist styrkur \u00ed tr\u00fanni. Hann gaf Gu\u00f0i d\u00fdr\u00f0ina,<a name=\"21\"><span class=\"versanumer\">21<\/span><\/a>og var \u00feess fullviss, a\u00f0 hann er m\u00e1ttugur a\u00f0 efna \u00fea\u00f0, sem hann hefur lofa\u00f0.<a name=\"22\"><span class=\"versanumer\">22<\/span><\/a>Fyrir \u00fev\u00ed var \u00fea\u00f0 honum og til r\u00e9ttl\u00e6tis reikna\u00f0.<a name=\"23\"><span class=\"versanumer\">23<\/span><\/a>En a\u00f0 \u00fea\u00f0 var honum tilreikna\u00f0, \u00fea\u00f0 var ekki rita\u00f0 hans vegna einungis,<a name=\"24\"><span class=\"versanumer\">24<\/span><\/a>heldur l\u00edka vor vegna. Oss mun \u00fea\u00f0 tilreikna\u00f0 ver\u00f0a, sem tr\u00faum \u00e1 hann, sem uppvakti Jes\u00fa, Drottin vorn, fr\u00e1 dau\u00f0um,<a name=\"25\"><span class=\"versanumer\">25<\/span><\/a>hann sem var framseldur vegna misgj\u00f6r\u00f0a vorra og vegna r\u00e9ttl\u00e6tingar vorrar uppvakinn.<\/p>\n<div class=\"footnote1981\"><b>4.2<\/b> M\u00e6tti hr\u00f3sa s\u00e9r R\u00f3m 2.17+<br \/>\n<b>4.3<\/b> Sbr 1M\u00f3s 15.6; R\u00f3m 4.9; Gal 3.6-9; Jak 2.20-24 \u2013 Abraham tr\u00fa\u00f0i 1M\u00f3s 12.1-5<br \/>\n<b>4.4<\/b> Eftir ver\u00f0leika, af n\u00e1\u00f0 Rom 11.6; Matt 20.1-16; L\u00fak 17.7-11<br \/>\n<b>4.5<\/b> R\u00e9ttl\u00e6ti, l\u00f6gm\u00e1l, tr\u00fa Gal 2.16<br \/>\n<b>4.7-8<\/b> Sbr Slm 32.1-2<br \/>\n<b>4.11<\/b> Abraham umskorinn 1M\u00f3s 17.9-14 \u2013 fa\u00f0ir \u00feeirra sem tr\u00faa Gal 3.7-9<br \/>\n<b>4.13<\/b> Fyrirheit 1M\u00f3s 12.2-3; 22.15-18; Gal 3.15-16 \u2013 Abraham tr\u00fa\u00f0i Heb 11.8-12<br \/>\n<b>4.15<\/b> Hlutverk l\u00f6gm\u00e1lsins R\u00f3m 3.20; 5.13,20-21; 7.7-13; 1Kor 15.56; Gal 3.10,19-22<br \/>\n<b>4.16<\/b> Erfingjar fyrir tr\u00fa Gal 3.18,23-29<br \/>\n<b>4.17<\/b> Sbr 1M\u00f3s 17.5 \u2013 Gu\u00f0 gerir dau\u00f0a lifandi 5M\u00f3s 32.39; Esk 37.1-10; Heb 11.19<br \/>\n<b>4.18<\/b> Sbr 1M\u00f3s 15.5<br \/>\n<b>4.19<\/b> N\u00e6r t\u00edr\u00e6\u00f0ur 1M\u00f3s 17.1,15-22<br \/>\n<b>4.20<\/b> Tr\u00faa \u00e1 fyrirheiti\u00f0 Heb 6.15; 11.32-40 \u2013 gefa Gu\u00f0i d\u00fdr\u00f0ina J\u00f3s 7.19; 1Sam 6.5<br \/>\n<b>4.21<\/b> Gu\u00f0 efnir heit s\u00edn Jer 32.17-24; 1M\u00f3s 18.14; L\u00fak 1.35-38<br \/>\n<b>4.22<\/b> Sbr 1M\u00f3s 15.6<br \/>\n<b>4.24<\/b> Og okkar vegna R\u00f3m 15.4 \u2013 vakti upp fr\u00e1 dau\u00f0um R\u00f3m 10.9<br \/>\n<b>4.25<\/b> Vegna okkar misgj\u00f6r\u00f0a Jes 53.6; R\u00f3m 8.32 \u2013 uppvakinn vegna r\u00e9ttl\u00e6tingar vorrar 1Kor 15.17; K\u00f3l 2.11-13<\/div>\n","protected":false},"excerpt":{"rendered":"<p>1Hva\u00f0 eigum v\u00e9r \u00fe\u00e1 a\u00f0 segja um Abraham, forf\u00f6\u00f0ur vorn, hva\u00f0 \u00e1vann hann?2Ef hann r\u00e9ttl\u00e6ttist af verkum, \u00fe\u00e1 hefur hann hr\u00f3sunarefni, en ekki fyrir Gu\u00f0i.3\u00dev\u00ed hva\u00f0 segir ritningin: Abraham tr\u00fa\u00f0i Gu\u00f0i, og \u00fea\u00f0 var reikna\u00f0 honum til r\u00e9ttl\u00e6tis.4\u00deeim sem vinnur ver\u00f0a launin ekki reiknu\u00f0 af n\u00e1\u00f0, heldur eftir ver\u00f0leika.5Hinum aftur \u00e1 m\u00f3ti, sem ekki vinnur, en tr\u00fair \u00e1 hann sem r\u00e9ttl\u00e6tir \u00f3gu\u00f0legan, er tr\u00fa hans reiknu\u00f0 til r\u00e9ttl\u00e6tis.6Eins og l\u00edka Dav\u00ed\u00f0 l\u00fdsir \u00feann mann s\u00e6lan, sem Gu\u00f0 tilreiknar r\u00e9ttl\u00e6ti \u00e1n tillits til verka:7S\u00e6lir eru \u00feeir, sem afbrotin eru fyrirgefin og syndir \u00feeirra huldar.8S\u00e6ll er s\u00e1 ma\u00f0ur, sem Drottinn tilreiknar ekki <a href=\"https:\/\/biblian.is\/1981\/romverjabrefid-4-kafli\/\"> [&#8230;]<\/a><\/p>\n","protected":false},"author":1,"featured_media":0,"parent":0,"menu_order":0,"comment_status":"open","ping_status":"open","template":"bibliukaflar.php","meta":{"footnotes":""},"class_list":["post-2397","page","type-page","status-publish","hentry"],"_links":{"self":[{"href":"https:\/\/biblian.is\/1981\/wp-json\/wp\/v2\/pages\/2397","targetHints":{"allow":["GET"]}}],"collection":[{"href":"https:\/\/biblian.is\/1981\/wp-json\/wp\/v2\/pages"}],"about":[{"href":"https:\/\/biblian.is\/1981\/wp-json\/wp\/v2\/types\/page"}],"author":[{"embeddable":true,"href":"https:\/\/biblian.is\/1981\/wp-json\/wp\/v2\/users\/1"}],"replies":[{"embeddable":true,"href":"https:\/\/biblian.is\/1981\/wp-json\/wp\/v2\/comments?post=2397"}],"version-history":[{"count":0,"href":"https:\/\/biblian.is\/1981\/wp-json\/wp\/v2\/pages\/2397\/revisions"}],"wp:attachment":[{"href":"https:\/\/biblian.is\/1981\/wp-json\/wp\/v2\/media?parent=2397"}],"curies":[{"name":"wp","href":"https:\/\/api.w.org\/{rel}","templated":true}]}}