{"id":2396,"date":"2017-11-18T20:21:38","date_gmt":"2017-11-18T20:21:38","guid":{"rendered":"http:\/\/biblian.is\/1981\/romverjabrefid-3-kafli\/"},"modified":"2021-06-06T11:05:24","modified_gmt":"2021-06-06T11:05:24","slug":"romverjabrefid-3-kafli","status":"publish","type":"page","link":"https:\/\/biblian.is\/1981\/romverjabrefid-3-kafli\/","title":{"rendered":"R\u00f3mverjabr\u00e9fi\u00f0 3. kafli"},"content":{"rendered":"<p><a name=\"1\"><span class=\"versanumer\">1<\/span><\/a>Hva\u00f0 hefur \u00fe\u00e1 Gy\u00f0ingurinn fram yfir? E\u00f0a hvert er gagn umskurnarinnar?<a name=\"2\"><span class=\"versanumer\">2<\/span><\/a>Miki\u00f0 \u00e1 allan h\u00e1tt. Fyrst er \u00fe\u00e1 \u00fea\u00f0, a\u00f0 \u00feeim hefur veri\u00f0 tr\u00faa\u00f0 fyrir or\u00f0um Gu\u00f0s.<a name=\"3\"><span class=\"versanumer\">3<\/span><\/a>Hva\u00f0 um \u00fea\u00f0, \u00fe\u00f3tt nokkrir hafi reynst \u00f3tr\u00fair? Mundi \u00f3tr\u00famennska \u00feeirra a\u00f0 engu gj\u00f6ra tr\u00fafesti Gu\u00f0s?<a name=\"4\"><span class=\"versanumer\">4<\/span><\/a>Fjarri fer \u00fev\u00ed. Gu\u00f0 skal reynast sannor\u00f0ur, \u00fe\u00f3tt hver ma\u00f0ur reyndist lygari, eins og rita\u00f0 er: Til \u00feess a\u00f0 \u00fe\u00fa reynist r\u00e9ttl\u00e1tur \u00ed or\u00f0um \u00fe\u00ednum og vinnir, \u00feegar \u00fe\u00fa \u00e1tt m\u00e1l a\u00f0 verja.<a name=\"5\"><span class=\"versanumer\">5<\/span><\/a>En ef rangl\u00e6ti vort sannar r\u00e9ttl\u00e6ti Gu\u00f0s, hva\u00f0 eigum v\u00e9r \u00fe\u00e1 a\u00f0 segja? Hvort mundi Gu\u00f0 vera rangl\u00e1tur, er hann l\u00e6tur rei\u00f0ina yfir dynja? \u00c9g tala \u00e1 mannlegan h\u00e1tt.<a name=\"6\"><span class=\"versanumer\">6<\/span><\/a>Fjarri fer \u00fev\u00ed. Hvernig \u00e6tti Gu\u00f0 \u00fe\u00e1 a\u00f0 d\u00e6ma heiminn?<a name=\"7\"><span class=\"versanumer\">7<\/span><\/a>En ver\u00f0i sannleiki Gu\u00f0s fyrir lygi m\u00edna sk\u00fdrari honum til d\u00fdr\u00f0ar, hvers vegna d\u00e6mist \u00e9g \u00fe\u00e1 enn sem syndari?<a name=\"8\"><span class=\"versanumer\">8<\/span><\/a>Eigum v\u00e9r \u00fe\u00e1 ekki a\u00f0 gj\u00f6ra hi\u00f0 illa, til \u00feess a\u00f0 hi\u00f0 g\u00f3\u00f0a komi fram? Sumir bera oss \u00feeim \u00f3hr\u00f3\u00f0ri a\u00f0 v\u00e9r kennum \u00feetta. \u00deeir munu f\u00e1 ver\u00f0skulda\u00f0an d\u00f3m.<a name=\"9\"><span class=\"versanumer\">9<\/span><\/a>Hva\u00f0 \u00fe\u00e1? H\u00f6fum v\u00e9r \u00fe\u00e1 nokku\u00f0 fram yfir? Nei, alls ekki. V\u00e9r h\u00f6fum \u00e1\u00f0ur gefi\u00f0 b\u00e6\u00f0i Gy\u00f0ingum og Grikkjum a\u00f0 s\u00f6k, a\u00f0 \u00feeir v\u00e6ru allir undir synd.<a name=\"10\"><span class=\"versanumer\">10<\/span><\/a>Eins og rita\u00f0 er: Ekki er neinn r\u00e9ttl\u00e1tur, ekki einn.<a name=\"11\"><span class=\"versanumer\">11<\/span><\/a>Ekki er neinn vitur, ekki neinn sem leitar Gu\u00f0s.<a name=\"12\"><span class=\"versanumer\">12<\/span><\/a>Allir eru \u00feeir fallnir fr\u00e1, allir saman \u00f3f\u00e6rir or\u00f0nir. Ekki er neinn sem au\u00f0s\u00fdnir g\u00e6sku, ekki einn einasti.<a name=\"13\"><span class=\"versanumer\">13<\/span><\/a>Opin gr\u00f6f er barki \u00feeirra, me\u00f0 tungum s\u00ednum draga \u00feeir \u00e1 t\u00e1lar. H\u00f6ggorma eitur er innan vara \u00feeirra,<a name=\"14\"><span class=\"versanumer\">14<\/span><\/a>munnur \u00feeirra er fullur b\u00f6lvunar og beiskju.<a name=\"15\"><span class=\"versanumer\">15<\/span><\/a>Hvatir eru \u00feeir \u00ed spori a\u00f0 \u00fathella bl\u00f3\u00f0i.<a name=\"16\"><span class=\"versanumer\">16<\/span><\/a>Tort\u00edming og eymd er \u00ed sl\u00f3\u00f0 \u00feeirra,<a name=\"17\"><span class=\"versanumer\">17<\/span><\/a>og veg fri\u00f0arins \u00feekkja \u00feeir ekki.<a name=\"18\"><span class=\"versanumer\">18<\/span><\/a>Fyrir augum \u00feeirra er enginn gu\u00f0s\u00f3tti.<a name=\"19\"><span class=\"versanumer\">19<\/span><\/a>V\u00e9r vitum, a\u00f0 allt sem l\u00f6gm\u00e1li\u00f0 segir, \u00fea\u00f0 talar \u00fea\u00f0 til \u00feeirra sem eru undir l\u00f6gm\u00e1linu, til \u00feess a\u00f0 s\u00e9rhver munnur \u00feagni og allur heimurinn ver\u00f0i sekur fyrir Gu\u00f0i,<a name=\"20\"><span class=\"versanumer\">20<\/span><\/a>me\u00f0 \u00fev\u00ed a\u00f0 enginn lifandi ma\u00f0ur r\u00e9ttl\u00e6tist fyrir honum af l\u00f6gm\u00e1lsverkum. En fyrir l\u00f6gm\u00e1l kemur \u00feekking syndar.<a name=\"21\"><span class=\"versanumer\">21<\/span><\/a>En n\u00fa hefur r\u00e9ttl\u00e6ti Gu\u00f0s, sem l\u00f6gm\u00e1li\u00f0 og sp\u00e1mennirnir vitna um, veri\u00f0 opinbera\u00f0 \u00e1n l\u00f6gm\u00e1ls.<a name=\"22\"><span class=\"versanumer\">22<\/span><\/a>\u00dea\u00f0 er: R\u00e9ttl\u00e6ti Gu\u00f0s fyrir tr\u00fa \u00e1 Jes\u00fa Krist \u00f6llum \u00feeim til handa, sem tr\u00faa. H\u00e9r er enginn greinarmunur:<a name=\"23\"><span class=\"versanumer\">23<\/span><\/a>Allir hafa syndga\u00f0 og skortir Gu\u00f0s d\u00fdr\u00f0,<a name=\"24\"><span class=\"versanumer\">24<\/span><\/a>og \u00feeir r\u00e9ttl\u00e6tast \u00e1n ver\u00f0skuldunar af n\u00e1\u00f0 hans fyrir endurlausnina, sem er \u00ed Kristi Jes\u00fa.<a name=\"25\"><span class=\"versanumer\">25<\/span><\/a>Gu\u00f0 setti hann fram, a\u00f0 hann me\u00f0 bl\u00f3\u00f0i s\u00ednu v\u00e6ri s\u00e1ttarf\u00f3rn \u00feeim sem tr\u00faa. \u00deannig s\u00fdndi Gu\u00f0 r\u00e9ttl\u00e6ti sitt, \u00fev\u00ed a\u00f0 hann haf\u00f0i \u00ed umbur\u00f0arlyndi s\u00ednu umbori\u00f0 hinar \u00e1\u00f0ur dr\u00fdg\u00f0u syndir,<a name=\"26\"><span class=\"versanumer\">26<\/span><\/a>til \u00feess a\u00f0 augl\u00fdsa r\u00e9ttl\u00e6ti sitt \u00e1 yfirstandandi t\u00edma, a\u00f0 hann s\u00e9 sj\u00e1lfur r\u00e9ttl\u00e1tur og r\u00e9ttl\u00e6ti \u00feann, sem tr\u00fair \u00e1 Jes\u00fa.<a name=\"27\"><span class=\"versanumer\">27<\/span><\/a>Hvar er \u00fe\u00e1 hr\u00f3sunin? H\u00fan er \u00fati loku\u00f0. Me\u00f0 hva\u00f0a l\u00f6gm\u00e1li? Verkanna? Nei, heldur me\u00f0 l\u00f6gm\u00e1li tr\u00faar.<a name=\"28\"><span class=\"versanumer\">28<\/span><\/a>V\u00e9r \u00e1lyktum \u00fev\u00ed, a\u00f0 ma\u00f0urinn r\u00e9ttl\u00e6tist af tr\u00fa \u00e1n l\u00f6gm\u00e1lsverka.<a name=\"29\"><span class=\"versanumer\">29<\/span><\/a>&#8222;E\u00f0a er Gu\u00f0 einungis Gu\u00f0 Gy\u00f0inga? Ekki l\u00edka hei\u00f0ingja? J\u00fa, l\u00edka hei\u00f0ingja;&#8220;<a name=\"30\"><span class=\"versanumer\">30<\/span><\/a>svo sannarlega sem Gu\u00f0 er einn, sem mun r\u00e9ttl\u00e6ta umskorna menn af tr\u00fa og \u00f3umskorna fyrir tr\u00fana.<a name=\"31\"><span class=\"versanumer\">31<\/span><\/a>Gj\u00f6rum v\u00e9r \u00fe\u00e1 l\u00f6gm\u00e1li\u00f0 a\u00f0 engu me\u00f0 tr\u00fanni? Fjarri fer \u00fev\u00ed. V\u00e9r sta\u00f0festum l\u00f6gm\u00e1li\u00f0.<\/p>\n<div class=\"footnote1981\"><b>3.2<\/b> Tr\u00faa\u00f0 fyrir or\u00f0um Gu\u00f0s R\u00f3m 9.4-5; 5M\u00f3s 4.6-8; 32.7-11; Slm 103.7; 147.19-20; J\u00f3h 4.22<br \/>\n<b>3.4<\/b> Sbr Slm 51.6 \u2013 Gu\u00f0 sannor\u00f0ur Slm 89.31-38; 119.89-90; H\u00f3s 1-3; 1J\u00f3h 1.9; Opb 19.11 \u2013 ma\u00f0urinn lygari Slm 116.11; J\u00f3h 3.3<br \/>\n<b>3.10-12<\/b> Sbr Slm 14.1-3; 53.2-4 \u2013 ekki neinn r\u00e9ttl\u00e1tur Pr\u00e9d 7.20; 1J\u00f3h 1.8-10<br \/>\n<b>3.13<\/b> Sbr Slm 5.10; 140.4<br \/>\n<b>3.14<\/b> Sbr Slm 10.7<br \/>\n<b>3.15-17<\/b> Sbr Jes 59.7-8; Okv 1.16<br \/>\n<b>3.18<\/b> Sbr Slm 36.1<br \/>\n<b>3.20<\/b> Sbr Slm 143.2 \u2013 \u00feekking syndar Rom 7.7<br \/>\n<b>3.20-24<\/b> R\u00e9ttl\u00e6ting af tr\u00fa R\u00f3m 1.16-17; 5.1; 9.30; Fil 3.9; Ef 2.4-10 \u2013 ekki af l\u00f6gm\u00e1lsverkum Gal 2.16<br \/>\n<b>3.23<\/b> D\u00fdr\u00f0 Gu\u00f0s Esk 10.18-19; 11.22-23; 43.1-9; Jes 60.1-3 \u2013 Kristi gefin d\u00fdr\u00f0 Gu\u00f0s 1Kor 2.8; 2Kor 4.6 \u2013 hlutdeild \u00ed d\u00fdr\u00f0 Gu\u00f0s 2Kor 3.18; R\u00f3m 8.18-21,30<br \/>\n<b>3.25<\/b> S\u00e1ttarf\u00f3rn (fri\u00f0\u00fe\u00e6ging) 3M\u00f3s 16.12-16; Heb 9.5,15; 1J\u00f3h 2.2; 4.10; Ef 1.7 \u2013 umbur\u00f0arlyndi Gu\u00f0s 2M\u00f3s 34.6-7; Slm 103.8; Jes 48.9; Jer 15.15; R\u00f3m 2.4+<br \/>\n<b>3.27<\/b> Hr\u00f3sunin R\u00f3m 2.17+<br \/>\n<b>3.31<\/b> Sta\u00f0festa l\u00f6gm\u00e1li\u00f0 Matt 5.17-19<\/div>\n","protected":false},"excerpt":{"rendered":"<p>1Hva\u00f0 hefur \u00fe\u00e1 Gy\u00f0ingurinn fram yfir? E\u00f0a hvert er gagn umskurnarinnar?2Miki\u00f0 \u00e1 allan h\u00e1tt. Fyrst er \u00fe\u00e1 \u00fea\u00f0, a\u00f0 \u00feeim hefur veri\u00f0 tr\u00faa\u00f0 fyrir or\u00f0um Gu\u00f0s.3Hva\u00f0 um \u00fea\u00f0, \u00fe\u00f3tt nokkrir hafi reynst \u00f3tr\u00fair? Mundi \u00f3tr\u00famennska \u00feeirra a\u00f0 engu gj\u00f6ra tr\u00fafesti Gu\u00f0s?4Fjarri fer \u00fev\u00ed. Gu\u00f0 skal reynast sannor\u00f0ur, \u00fe\u00f3tt hver ma\u00f0ur reyndist lygari, eins og rita\u00f0 er: Til \u00feess a\u00f0 \u00fe\u00fa reynist r\u00e9ttl\u00e1tur \u00ed or\u00f0um \u00fe\u00ednum og vinnir, \u00feegar \u00fe\u00fa \u00e1tt m\u00e1l a\u00f0 verja.5En ef rangl\u00e6ti vort sannar r\u00e9ttl\u00e6ti Gu\u00f0s, hva\u00f0 eigum v\u00e9r \u00fe\u00e1 a\u00f0 segja? Hvort mundi Gu\u00f0 vera rangl\u00e1tur, er hann l\u00e6tur rei\u00f0ina yfir dynja? \u00c9g tala \u00e1 mannlegan <a href=\"https:\/\/biblian.is\/1981\/romverjabrefid-3-kafli\/\"> [&#8230;]<\/a><\/p>\n","protected":false},"author":1,"featured_media":0,"parent":0,"menu_order":0,"comment_status":"open","ping_status":"open","template":"bibliukaflar.php","meta":{"footnotes":""},"class_list":["post-2396","page","type-page","status-publish","hentry"],"_links":{"self":[{"href":"https:\/\/biblian.is\/1981\/wp-json\/wp\/v2\/pages\/2396","targetHints":{"allow":["GET"]}}],"collection":[{"href":"https:\/\/biblian.is\/1981\/wp-json\/wp\/v2\/pages"}],"about":[{"href":"https:\/\/biblian.is\/1981\/wp-json\/wp\/v2\/types\/page"}],"author":[{"embeddable":true,"href":"https:\/\/biblian.is\/1981\/wp-json\/wp\/v2\/users\/1"}],"replies":[{"embeddable":true,"href":"https:\/\/biblian.is\/1981\/wp-json\/wp\/v2\/comments?post=2396"}],"version-history":[{"count":0,"href":"https:\/\/biblian.is\/1981\/wp-json\/wp\/v2\/pages\/2396\/revisions"}],"wp:attachment":[{"href":"https:\/\/biblian.is\/1981\/wp-json\/wp\/v2\/media?parent=2396"}],"curies":[{"name":"wp","href":"https:\/\/api.w.org\/{rel}","templated":true}]}}