{"id":2395,"date":"2017-11-18T20:21:38","date_gmt":"2017-11-18T20:21:38","guid":{"rendered":"http:\/\/biblian.is\/1981\/romverjabrefid-2-kafli\/"},"modified":"2021-06-06T11:05:23","modified_gmt":"2021-06-06T11:05:23","slug":"romverjabrefid-2-kafli","status":"publish","type":"page","link":"https:\/\/biblian.is\/1981\/romverjabrefid-2-kafli\/","title":{"rendered":"R\u00f3mverjabr\u00e9fi\u00f0 2. kafli"},"content":{"rendered":"<p><a name=\"1\"><span class=\"versanumer\">1<\/span><\/a>Fyrir \u00fev\u00ed hefur \u00fe\u00fa, ma\u00f0ur, sem d\u00e6mir, hver sem \u00fe\u00fa ert, enga afs\u00f6kun. Um lei\u00f0 og \u00fe\u00fa d\u00e6mir annan, d\u00e6mir \u00fe\u00fa sj\u00e1lfan \u00feig, \u00fev\u00ed a\u00f0 \u00fe\u00fa, sem d\u00e6mir, fremur hi\u00f0 sama.<a name=\"2\"><span class=\"versanumer\">2<\/span><\/a>V\u00e9r vitum, a\u00f0 d\u00f3mur Gu\u00f0s er sannarlega yfir \u00feeim er sl\u00edkt fremja.<a name=\"3\"><span class=\"versanumer\">3<\/span><\/a>En hugsar \u00fe\u00fa \u00fea\u00f0, ma\u00f0ur, \u00fe\u00fa sem d\u00e6mir \u00fe\u00e1 er sl\u00edkt fremja og gj\u00f6rir sj\u00e1lfur hi\u00f0 sama, a\u00f0 \u00fe\u00fa f\u00e1ir umfl\u00fai\u00f0 d\u00f3m Gu\u00f0s?<a name=\"4\"><span class=\"versanumer\">4<\/span><\/a>E\u00f0a l\u00edtilsvir\u00f0ir \u00fe\u00fa r\u00edkd\u00f3m g\u00e6sku hans og umbur\u00f0arlyndis og langlyndis? Veist \u00fe\u00fa ekki, a\u00f0 g\u00e6ska Gu\u00f0s vill lei\u00f0a \u00feig til i\u00f0runar?<a name=\"5\"><span class=\"versanumer\">5<\/span><\/a>Me\u00f0 har\u00f0\u00fa\u00f0 \u00feinni og i\u00f0runarlausa hjarta safnar \u00fe\u00fa sj\u00e1lfum \u00fe\u00e9r rei\u00f0i \u00e1 rei\u00f0idegi, er r\u00e9ttl\u00e1tur d\u00f3mur Gu\u00f0s ver\u00f0ur opinber.<a name=\"6\"><span class=\"versanumer\">6<\/span><\/a>Hann mun gjalda s\u00e9rhverjum eftir verkum hans:<a name=\"7\"><span class=\"versanumer\">7<\/span><\/a>\u00deeim eil\u00edft l\u00edf, sem me\u00f0 sta\u00f0festu \u00ed g\u00f3\u00f0u verki leita vegsemdar, hei\u00f0urs og \u00f3dau\u00f0leika,<a name=\"8\"><span class=\"versanumer\">8<\/span><\/a>en \u00feeim rei\u00f0i og \u00f3vild, sem lei\u00f0ast af eigingirni og \u00f3hl\u00fd\u00f0nast sannleikanum, en hl\u00fd\u00f0nast rangl\u00e6tinu.<a name=\"9\"><span class=\"versanumer\">9<\/span><\/a>\u00derenging og angist kemur yfir s\u00e9rhverja mannss\u00e1l, er illt fremur, yfir Gy\u00f0inginn fyrst, en einnig hinn gr\u00edska.<a name=\"10\"><span class=\"versanumer\">10<\/span><\/a>En vegsemd, hei\u00f0ur og fri\u00f0 hl\u00fdtur s\u00e9rhver s\u00e1 er gj\u00f6rir hi\u00f0 g\u00f3\u00f0a, Gy\u00f0ingurinn fyrst, en einnig hinn gr\u00edski.<a name=\"11\"><span class=\"versanumer\">11<\/span><\/a>\u00dev\u00ed a\u00f0 Gu\u00f0 fer ekki \u00ed manngreinar\u00e1lit.<a name=\"12\"><span class=\"versanumer\">12<\/span><\/a>Allir \u00feeir, sem syndga\u00f0 hafa \u00e1n l\u00f6gm\u00e1ls, munu og \u00e1n l\u00f6gm\u00e1ls tort\u00edmast, og allir \u00feeir, sem syndga\u00f0 hafa undir l\u00f6gm\u00e1li, munu d\u00e6mast af l\u00f6gm\u00e1li.<a name=\"13\"><span class=\"versanumer\">13<\/span><\/a>Og ekki eru heyrendur l\u00f6gm\u00e1lsins r\u00e9ttl\u00e1tir fyrir Gu\u00f0i, heldur munu gj\u00f6rendur l\u00f6gm\u00e1lsins r\u00e9ttl\u00e6ttir ver\u00f0a.<a name=\"14\"><span class=\"versanumer\">14<\/span><\/a>\u00deegar hei\u00f0ingjar, sem hafa ekki l\u00f6gm\u00e1l, gj\u00f6ra a\u00f0 e\u00f0lisbo\u00f0i \u00fea\u00f0 sem l\u00f6gm\u00e1li\u00f0 b\u00fd\u00f0ur, \u00fe\u00e1 eru \u00feeir, \u00fe\u00f3tt \u00feeir hafi ekki neitt l\u00f6gm\u00e1l, sj\u00e1lfum s\u00e9r l\u00f6gm\u00e1l.<a name=\"15\"><span class=\"versanumer\">15<\/span><\/a>\u00deeir s\u00fdna, a\u00f0 krafa l\u00f6gm\u00e1lsins er ritu\u00f0 \u00ed hj\u00f6rtum \u00feeirra, me\u00f0 \u00fev\u00ed a\u00f0 samviska \u00feeirra ber \u00feessu vitni og hugrenningar \u00feeirra, sem \u00fdmist \u00e1saka \u00fe\u00e1 e\u00f0a afsaka.<a name=\"16\"><span class=\"versanumer\">16<\/span><\/a>\u00dea\u00f0 ver\u00f0ur \u00e1 \u00feeim degi, er Gu\u00f0, samkv\u00e6mt fagna\u00f0arerindi m\u00ednu, er \u00e9g f\u00e9kk fyrir Jes\u00fa Krist, d\u00e6mir hi\u00f0 dulda hj\u00e1 m\u00f6nnunum.<a name=\"17\"><span class=\"versanumer\">17<\/span><\/a>En n\u00fa ert \u00fe\u00fa Gy\u00f0ingur a\u00f0 nafni og sty\u00f0st vi\u00f0 l\u00f6gm\u00e1l og ert hreykinn af Gu\u00f0i.<a name=\"18\"><span class=\"versanumer\">18<\/span><\/a>\u00de\u00fa \u00feekkir vilja hans og kannt a\u00f0 meta r\u00e9tt \u00fea\u00f0, sem m\u00e1li skiptir, \u00fear e\u00f0 l\u00f6gm\u00e1li\u00f0 fr\u00e6\u00f0ir \u00feig.<a name=\"19\"><span class=\"versanumer\">19<\/span><\/a>\u00de\u00fa treystir sj\u00e1lfum \u00fe\u00e9r til a\u00f0 vera lei\u00f0togi blindra, lj\u00f3s \u00feeirra sem eru \u00ed myrkri,<a name=\"20\"><span class=\"versanumer\">20<\/span><\/a>kennari f\u00e1v\u00edsra, fr\u00e6\u00f0ari \u00f3vita, \u00fear sem \u00fe\u00fa hefur \u00feekkinguna og sannleikann sk\u00fdrum st\u00f6fum \u00ed l\u00f6gm\u00e1linu.<a name=\"21\"><span class=\"versanumer\">21<\/span><\/a>\u00de\u00fa sem \u00feannig fr\u00e6\u00f0ir a\u00f0ra, hv\u00ed fr\u00e6\u00f0ir \u00fe\u00fa ekki sj\u00e1lfan \u00feig? Pr\u00e9dikar \u00fe\u00fa, a\u00f0 ekki skuli stela, og stelur \u00fe\u00f3?<a name=\"22\"><span class=\"versanumer\">22<\/span><\/a>Segir \u00fe\u00fa, a\u00f0 ekki skuli dr\u00fdgja h\u00f3r, og dr\u00fdgir \u00fe\u00f3 h\u00f3r? Hefur \u00fe\u00fa andstygg\u00f0 \u00e1 skur\u00f0go\u00f0um og r\u00e6nir \u00fe\u00f3 helgid\u00f3ma?<a name=\"23\"><span class=\"versanumer\">23<\/span><\/a>Hr\u00f3sar \u00fe\u00fa \u00fe\u00e9r af l\u00f6gm\u00e1li, og \u00f3vir\u00f0ir \u00fe\u00f3 Gu\u00f0 me\u00f0 \u00fev\u00ed a\u00f0 brj\u00f3ta l\u00f6gm\u00e1li\u00f0?<a name=\"24\"><span class=\"versanumer\">24<\/span><\/a>Svo er sem rita\u00f0 er: Nafn Gu\u00f0s ver\u00f0ur y\u00f0ar vegna fyrir lasti me\u00f0al hei\u00f0ingjanna.<a name=\"25\"><span class=\"versanumer\">25<\/span><\/a>Umskurn er gagnleg ef \u00fe\u00fa heldur l\u00f6gm\u00e1li\u00f0, en ef \u00fe\u00fa br\u00fdtur l\u00f6gm\u00e1li\u00f0, er umskurn \u00fe\u00edn or\u00f0in a\u00f0 engu.<a name=\"26\"><span class=\"versanumer\">26<\/span><\/a>Ef \u00fev\u00ed \u00f3umskorinn ma\u00f0ur fer eftir kr\u00f6fum l\u00f6gm\u00e1lsins, mun hann \u00fe\u00e1 ekki metinn sem umskorinn v\u00e6ri?<a name=\"27\"><span class=\"versanumer\">27<\/span><\/a>Og mun \u00fe\u00e1 ekki s\u00e1, sem er \u00f3umskorinn og heldur l\u00f6gm\u00e1li\u00f0, d\u00e6ma \u00feig, sem \u00fer\u00e1tt fyrir b\u00f3kstaf og umskurn br\u00fdtur l\u00f6gm\u00e1li\u00f0?<a name=\"28\"><span class=\"versanumer\">28<\/span><\/a>Ekki er s\u00e1 Gy\u00f0ingur, sem er \u00fea\u00f0 hi\u00f0 ytra, og ekki \u00fea\u00f0 umskurn, sem er \u00fea\u00f0 hi\u00f0 ytra \u00e1 holdinu.<a name=\"29\"><span class=\"versanumer\">29<\/span><\/a>En s\u00e1 er Gy\u00f0ingur, sem er \u00fea\u00f0 hi\u00f0 innra, og umskurnin er umskurn hjartans \u00ed anda, en ekki \u00ed b\u00f3kstaf. Lofst\u00edr hans er ekki af m\u00f6nnum, heldur fr\u00e1 Gu\u00f0i.<\/p>\n<div class=\"footnote1981\"><b>2.1<\/b> D\u00e6ma Matt 7.2<br \/>\n<b>2.4<\/b> Bi\u00f0lund Gu\u00f0s SSal 11.23; 2P\u00e9t 3.9,15<br \/>\n<b>2.5<\/b> \u00c1 degi rei\u00f0innar Sef 1.4-18; 2.2-3; Opb 6.17; 11.18<br \/>\n<b>2.6<\/b> S\u00e9rhverjum eftir verkum hans Slm 62.13; Okv 24.12; Jer 17.10; Matt 16.27<br \/>\n<b>2.7<\/b> Eil\u00edft l\u00edf R\u00f3m 5.21+<br \/>\n<b>2.9<\/b> Gy\u00f0ingar og a\u00f0rir R\u00f3m 1.16+<br \/>\n<b>2.11<\/b> Mismunar ekki 3M\u00f3s 19.15; 5M\u00f3s 10.17; Post 10.34; Gal 2.6; Ef 6.9; K\u00f3l 3.25; Jak 2.1; 1P\u00e9t 1.17<br \/>\n<b>2.14<\/b> Sj\u00e1lfum s\u00e9r l\u00f6gm\u00e1l Post 10.35<br \/>\n<b>2.16<\/b> Gu\u00f0 d\u00e6mir samkv\u00e6mt fagna\u00f0arerindini 1Kor 4.5<br \/>\n<b>2.17<\/b> Hreykja s\u00e9r af R\u00f3m 3.27; 4.2-3; 5.2; 11.18; 1Kor 1.29-31; Ef 2.9; Gal 6.13-14; 2Kor 1.12; 7.4<br \/>\n<b>2.19<\/b> Lei\u00f0togi blindra Matt 15.14; J\u00f3h 9.40-41<br \/>\n<b>2.20<\/b> F\u00e1v\u00edsir Slm 14.1; Okv 10.23; Pr\u00e9d 5.3; L\u00fak 12.20; 1Kor 15.36<br \/>\n<b>2.21-22<\/b> Stela og dr\u00fdgja h\u00f3r Slm 50.18<br \/>\n<b>2.24<\/b> Sbr Jes 52.5 \u2013 y\u00f0ar vegna lasta\u00f0 Esk 36.20-22<br \/>\n<b>2.29<\/b> Umskurn hjartans Jer 4.4; 9.23-25; 5M\u00f3s 10.16; 30.6; 1Kor 7.19; Gal 5.3-6; K\u00f3l 2.11; sbr Post 7.51; Fil 3.2-7 \u2013 andi og b\u00f3kstafur R\u00f3m 7.6; 8.2; 2Kor 3.6<\/div>\n","protected":false},"excerpt":{"rendered":"<p>1Fyrir \u00fev\u00ed hefur \u00fe\u00fa, ma\u00f0ur, sem d\u00e6mir, hver sem \u00fe\u00fa ert, enga afs\u00f6kun. Um lei\u00f0 og \u00fe\u00fa d\u00e6mir annan, d\u00e6mir \u00fe\u00fa sj\u00e1lfan \u00feig, \u00fev\u00ed a\u00f0 \u00fe\u00fa, sem d\u00e6mir, fremur hi\u00f0 sama.2V\u00e9r vitum, a\u00f0 d\u00f3mur Gu\u00f0s er sannarlega yfir \u00feeim er sl\u00edkt fremja.3En hugsar \u00fe\u00fa \u00fea\u00f0, ma\u00f0ur, \u00fe\u00fa sem d\u00e6mir \u00fe\u00e1 er sl\u00edkt fremja og gj\u00f6rir sj\u00e1lfur hi\u00f0 sama, a\u00f0 \u00fe\u00fa f\u00e1ir umfl\u00fai\u00f0 d\u00f3m Gu\u00f0s?4E\u00f0a l\u00edtilsvir\u00f0ir \u00fe\u00fa r\u00edkd\u00f3m g\u00e6sku hans og umbur\u00f0arlyndis og langlyndis? Veist \u00fe\u00fa ekki, a\u00f0 g\u00e6ska Gu\u00f0s vill lei\u00f0a \u00feig til i\u00f0runar?5Me\u00f0 har\u00f0\u00fa\u00f0 \u00feinni og i\u00f0runarlausa hjarta safnar \u00fe\u00fa sj\u00e1lfum \u00fe\u00e9r rei\u00f0i \u00e1 rei\u00f0idegi, er r\u00e9ttl\u00e1tur d\u00f3mur Gu\u00f0s <a href=\"https:\/\/biblian.is\/1981\/romverjabrefid-2-kafli\/\"> [&#8230;]<\/a><\/p>\n","protected":false},"author":1,"featured_media":0,"parent":0,"menu_order":0,"comment_status":"open","ping_status":"open","template":"bibliukaflar.php","meta":{"footnotes":""},"class_list":["post-2395","page","type-page","status-publish","hentry"],"_links":{"self":[{"href":"https:\/\/biblian.is\/1981\/wp-json\/wp\/v2\/pages\/2395","targetHints":{"allow":["GET"]}}],"collection":[{"href":"https:\/\/biblian.is\/1981\/wp-json\/wp\/v2\/pages"}],"about":[{"href":"https:\/\/biblian.is\/1981\/wp-json\/wp\/v2\/types\/page"}],"author":[{"embeddable":true,"href":"https:\/\/biblian.is\/1981\/wp-json\/wp\/v2\/users\/1"}],"replies":[{"embeddable":true,"href":"https:\/\/biblian.is\/1981\/wp-json\/wp\/v2\/comments?post=2395"}],"version-history":[{"count":0,"href":"https:\/\/biblian.is\/1981\/wp-json\/wp\/v2\/pages\/2395\/revisions"}],"wp:attachment":[{"href":"https:\/\/biblian.is\/1981\/wp-json\/wp\/v2\/media?parent=2395"}],"curies":[{"name":"wp","href":"https:\/\/api.w.org\/{rel}","templated":true}]}}