{"id":2392,"date":"2017-11-18T20:21:38","date_gmt":"2017-11-18T20:21:38","guid":{"rendered":"http:\/\/biblian.is\/1981\/postulasagan-27-kafli\/"},"modified":"2021-06-06T11:04:58","modified_gmt":"2021-06-06T11:04:58","slug":"postulasagan-27-kafli","status":"publish","type":"page","link":"https:\/\/biblian.is\/1981\/postulasagan-27-kafli\/","title":{"rendered":"Postulasagan 27. kafli"},"content":{"rendered":"<p><a name=\"1\"><span class=\"versanumer\">1<\/span><\/a>\u00deegar \u00e1kve\u00f0i\u00f0 var, a\u00f0 v\u00e9r skyldum sigla til \u00cdtal\u00edu, voru P\u00e1ll og nokkrir bandingjar a\u00f0rir seldir \u00ed hendur hundra\u00f0sh\u00f6f\u00f0ingja, er J\u00fal\u00edus h\u00e9t, \u00far hersveit keisarans.<a name=\"2\"><span class=\"versanumer\">2<\/span><\/a>V\u00e9r stigum \u00e1 skip fr\u00e1 Adram\u00fdtt\u00edum, sem \u00e1tti a\u00f0 sigla til hafna \u00ed As\u00edu, og l\u00e9tum \u00ed haf. Aristarkus, maked\u00f3nskur ma\u00f0ur fr\u00e1 \u00deessalon\u00edku, var oss samfer\u00f0a.<a name=\"3\"><span class=\"versanumer\">3<\/span><\/a>\u00c1 \u00f6\u00f0rum degi lentum v\u00e9r \u00ed S\u00eddon. J\u00fal\u00edus s\u00fdndi P\u00e1li \u00fe\u00e1 mann\u00fa\u00f0 a\u00f0 leyfa honum a\u00f0 fara \u00e1 fund vina sinna og \u00feiggja um\u00f6nnun \u00feeirra.<a name=\"4\"><span class=\"versanumer\">4<\/span><\/a>\u00dea\u00f0an l\u00e9tum v\u00e9r \u00ed haf og sigldum undir K\u00fdpur, \u00fev\u00ed a\u00f0 vindar voru andst\u00e6\u00f0ir.<a name=\"5\"><span class=\"versanumer\">5<\/span><\/a>\u00de\u00e1 sigldum v\u00e9r yfir hafi\u00f0 undan Kilik\u00edu og Pamf\u00fdl\u00edu og komum til M\u00fdru \u00ed L\u00fdk\u00edu.<a name=\"6\"><span class=\"versanumer\">6<\/span><\/a>\u00dear fann hundra\u00f0sh\u00f6f\u00f0inginn skip fr\u00e1 Alexandr\u00edu, er sigla \u00e1tti til \u00cdtal\u00edu, og kom oss \u00e1 \u00fea\u00f0.<a name=\"7\"><span class=\"versanumer\">7<\/span><\/a>Siglingin gekk tregt allmarga daga. Komumst v\u00e9r me\u00f0 herkjum m\u00f3ts til Kn\u00eddus, en \u00fear b\u00e6g\u00f0i vindur oss. \u00de\u00e1 sigldum v\u00e9r undir Kr\u00edt vi\u00f0 Salm\u00f3ne.<a name=\"8\"><span class=\"versanumer\">8<\/span><\/a>V\u00e9r beittum \u00fear hj\u00e1 me\u00f0 naumindum og komumst \u00e1 sta\u00f0 einn, sem kallast G\u00f3\u00f0hafnir, \u00ed grennd vi\u00f0 borgina Laseu.<a name=\"9\"><span class=\"versanumer\">9<\/span><\/a>Enn lei\u00f0 drj\u00fagur t\u00edmi, og sj\u00f3fer\u00f0ir voru or\u00f0nar h\u00e6ttulegar, enda komi\u00f0 fram yfir f\u00f6stu. P\u00e1ll vildi \u00fev\u00ed vara \u00fe\u00e1 vi\u00f0<a name=\"10\"><span class=\"versanumer\">10<\/span><\/a>og sag\u00f0i vi\u00f0 \u00fe\u00e1: \u00dea\u00f0 s\u00e9 \u00e9g, g\u00f3\u00f0ir menn, a\u00f0 sj\u00f3fer\u00f0in muni kosta hrakninga og miki\u00f0 tj\u00f3n, ekki einungis \u00e1 farmi og skipi, heldur og \u00e1 l\u00edfi voru.<a name=\"11\"><span class=\"versanumer\">11<\/span><\/a>En hundra\u00f0sh\u00f6f\u00f0inginn treysti betur skipstj\u00f3ra og skipseiganda en \u00fev\u00ed, er P\u00e1ll sag\u00f0i.<a name=\"12\"><span class=\"versanumer\">12<\/span><\/a>H\u00f6fnin var \u00f3hentug til vetrarlegu. \u00dev\u00ed var \u00fea\u00f0 flestra r\u00e1\u00f0 a\u00f0 halda \u00fea\u00f0an, ef \u00feeir m\u00e6ttu n\u00e1 F\u00f6nix og hafa \u00fear vetrarlegu. S\u00fa h\u00f6fn er \u00e1 Kr\u00edt og veit til \u00fatsu\u00f0urs og \u00fatnor\u00f0urs.<a name=\"13\"><span class=\"versanumer\">13<\/span><\/a>N\u00fa rann \u00e1 h\u00e6gur sunnanvindur. Hug\u00f0ust \u00feeir \u00fe\u00e1 hafa r\u00e1\u00f0 \u00feetta \u00ed hendi s\u00e9r, l\u00e9ttu akkerum og sigldu fram me\u00f0 Kr\u00edt n\u00e6rri landi.<a name=\"14\"><span class=\"versanumer\">14<\/span><\/a>En \u00e1\u00f0ur en langt lei\u00f0, skall \u00e1 af landi ofan f\u00e1rvi\u00f0ri, hinn illr\u00e6mdi landnyr\u00f0ingur.<a name=\"15\"><span class=\"versanumer\">15<\/span><\/a>Skipi\u00f0 hrakti, og var\u00f0 ekki beitt upp \u00ed vindinn. Sl\u00f3gum v\u00e9r undan og l\u00e9tum reka.<a name=\"16\"><span class=\"versanumer\">16<\/span><\/a>V\u00e9r hleyptum undir litla ey, sem nefnist K\u00e1da. \u00dear g\u00e1tum v\u00e9r me\u00f0 naumindum bjarga\u00f0 skipsb\u00e1tnum.<a name=\"17\"><span class=\"versanumer\">17<\/span><\/a>&#8222;\u00deeir n\u00e1\u00f0u honum upp og gripu til \u00feeirra r\u00e1\u00f0a, sem helst m\u00e1ttu til bjargar ver\u00f0a, og reyr\u00f0u skipi\u00f0 k\u00f6\u00f0lum. \u00deeir \u00f3ttu\u00f0ust, a\u00f0 \u00fe\u00e1 mundi bera inn \u00ed Syrtufl\u00f3a; \u00fev\u00ed felldu \u00feeir segl og l\u00e9tu reka.&#8220;<a name=\"18\"><span class=\"versanumer\">18<\/span><\/a>Daginn eftir hrakti oss mj\u00f6g undan ofvi\u00f0rinu. \u00de\u00e1 t\u00f3ku \u00feeir a\u00f0 ry\u00f0ja skipi\u00f0.<a name=\"19\"><span class=\"versanumer\">19<\/span><\/a>Og \u00e1 \u00feri\u00f0ja degi v\u00f6rpu\u00f0u \u00feeir \u00fat me\u00f0 eigin h\u00f6ndum b\u00fana\u00f0i skipsins.<a name=\"20\"><span class=\"versanumer\">20<\/span><\/a>D\u00f6gum saman s\u00e1 hvorki til s\u00f3lar n\u00e9 stjarna, og ekkert l\u00e1t var\u00f0 \u00e1 ofvi\u00f0rinu. T\u00f3k \u00fe\u00e1 a\u00f0 \u00ferj\u00f3ta \u00f6ll von um \u00fea\u00f0, a\u00f0 v\u00e9r k\u00e6mumst af.<a name=\"21\"><span class=\"versanumer\">21<\/span><\/a>N\u00fa h\u00f6f\u00f0u menn lengi einskis matar neytt. \u00de\u00e1 st\u00f3\u00f0 P\u00e1ll upp me\u00f0al \u00feeirra og m\u00e6lti: G\u00f3\u00f0ir menn, \u00fe\u00e9r hef\u00f0u\u00f0 \u00e1tt a\u00f0 hl\u00edta m\u00ednu r\u00e1\u00f0i og leggja ekki \u00fat fr\u00e1 Kr\u00edt. \u00de\u00e1 hef\u00f0u\u00f0 \u00fe\u00e9r komist hj\u00e1 hrakningum \u00feessum og tj\u00f3ni.<a name=\"22\"><span class=\"versanumer\">22<\/span><\/a>En n\u00fa hvet \u00e9g y\u00f0ur a\u00f0 vera vongla\u00f0ir, \u00fev\u00ed enginn y\u00f0ar mun l\u00edfi t\u00fdna, en skipi\u00f0 mun farast.<a name=\"23\"><span class=\"versanumer\">23<\/span><\/a>\u00dev\u00ed a\u00f0 \u00e1 \u00feessari n\u00f3ttu st\u00f3\u00f0 hj\u00e1 m\u00e9r engill \u00feess Gu\u00f0s, sem \u00e9g heyri til og \u00fej\u00f3na, og m\u00e6lti:<a name=\"24\"><span class=\"versanumer\">24<\/span><\/a>\u00d3ttast \u00fe\u00fa eigi, P\u00e1ll, fyrir keisarann \u00e1tt \u00fe\u00fa a\u00f0 koma. Og sj\u00e1, Gu\u00f0 hefur gefi\u00f0 \u00fe\u00e9r alla \u00fe\u00e1, sem \u00fe\u00e9r eru samskipa.<a name=\"25\"><span class=\"versanumer\">25<\/span><\/a>Veri\u00f0 \u00fev\u00ed vongla\u00f0ir, g\u00f3\u00f0ir menn. \u00c9g treysti Gu\u00f0i, a\u00f0 svo muni fara sem vi\u00f0 mig hefur veri\u00f0 m\u00e6lt.<a name=\"26\"><span class=\"versanumer\">26<\/span><\/a>Oss mun bera upp \u00e1 einhverja eyju.<a name=\"27\"><span class=\"versanumer\">27<\/span><\/a>\u00c1 mi\u00f0n\u00e6tti, \u00feegar v\u00e9r h\u00f6f\u00f0um hrakist um Adr\u00edahaf \u00ed h\u00e1lfan m\u00e1nu\u00f0, \u00fe\u00f3ttust skipverjar ver\u00f0a \u00feess varir, a\u00f0 land v\u00e6ri \u00ed n\u00e1nd.<a name=\"28\"><span class=\"versanumer\">28<\/span><\/a>\u00deeir v\u00f6rpu\u00f0u grunns\u00f6kku, og reyndist d\u00fdpi\u00f0 tuttugu fa\u00f0mar. Aftur v\u00f6rpu\u00f0u \u00feeir grunns\u00f6kku litlu s\u00ed\u00f0ar, og reyndist d\u00fdpi\u00f0 \u00fe\u00e1 fimmt\u00e1n fa\u00f0mar.<a name=\"29\"><span class=\"versanumer\">29<\/span><\/a>\u00deeir \u00f3ttu\u00f0ust, a\u00f0 oss kynni a\u00f0 bera upp \u00ed kletta, og k\u00f6stu\u00f0u \u00fev\u00ed fj\u00f3rum akkerum \u00far skutnum og \u00fer\u00e1\u00f0u n\u00fa mest, a\u00f0 dagur rynni.<a name=\"30\"><span class=\"versanumer\">30<\/span><\/a>En h\u00e1setarnir reyndu a\u00f0 strj\u00faka \u00far skipinu. \u00deeir settu b\u00e1tinn \u00fatbyr\u00f0is og \u00fe\u00f3ttust vera a\u00f0 f\u00e6ra \u00fat akkeri \u00far framstafni.<a name=\"31\"><span class=\"versanumer\">31<\/span><\/a>\u00de\u00e1 sag\u00f0i P\u00e1ll vi\u00f0 hundra\u00f0sh\u00f6f\u00f0ingjann og hermennina: Ef \u00feessir menn eru ekki kyrrir \u00ed skipinu, geti\u00f0 \u00fe\u00e9r ekki bjargast.<a name=\"32\"><span class=\"versanumer\">32<\/span><\/a>Hermennirnir hjuggu \u00fe\u00e1 festar b\u00e1tsins og l\u00e9tu hann fara.<a name=\"33\"><span class=\"versanumer\">33<\/span><\/a>Undir d\u00f6gun hvatti P\u00e1ll alla a\u00f0 neyta matar og sag\u00f0i: \u00de\u00e9r hafi\u00f0 n\u00fa \u00ferauka\u00f0 h\u00e1lfan m\u00e1nu\u00f0 fastandi og engu n\u00e6rst.<a name=\"34\"><span class=\"versanumer\">34<\/span><\/a>\u00dea\u00f0 er n\u00fa mitt r\u00e1\u00f0, a\u00f0 \u00fe\u00e9r f\u00e1i\u00f0 y\u00f0ur mat. \u00deess \u00feurfi\u00f0 \u00fe\u00e9r, ef \u00fe\u00e9r \u00e6tli\u00f0 a\u00f0 bjargast. En enginn y\u00f0ar mun einu h\u00e1ri t\u00fdna af h\u00f6f\u00f0i s\u00e9r.<a name=\"35\"><span class=\"versanumer\">35<\/span><\/a>A\u00f0 svo m\u00e6ltu t\u00f3k hann brau\u00f0, gj\u00f6r\u00f0i Gu\u00f0i \u00feakkir \u00ed allra augs\u00fdn, braut \u00fea\u00f0 og t\u00f3k a\u00f0 eta.<a name=\"36\"><span class=\"versanumer\">36<\/span><\/a>Ur\u00f0u n\u00fa allir hressari og f\u00f3ru l\u00edka a\u00f0 matast.<a name=\"37\"><span class=\"versanumer\">37<\/span><\/a>Alls vorum v\u00e9r \u00e1 skipinu tv\u00f6 hundru\u00f0 sj\u00f6t\u00edu og sex manns.<a name=\"38\"><span class=\"versanumer\">38<\/span><\/a>\u00de\u00e1 er \u00feeir h\u00f6f\u00f0u eti\u00f0 sig metta, l\u00e9ttu \u00feeir \u00e1 skipinu me\u00f0 \u00fev\u00ed a\u00f0 kasta kornfarminum \u00ed sj\u00f3inn.<a name=\"39\"><span class=\"versanumer\">39<\/span><\/a>\u00deegar dagur rann, kenndu \u00feeir ekki landi\u00f0, en greindu v\u00edk eina me\u00f0 sandfj\u00f6ru. Var\u00f0 \u00fea\u00f0 r\u00e1\u00f0 \u00feeirra a\u00f0 reyna a\u00f0 hleypa \u00fear upp skipinu.<a name=\"40\"><span class=\"versanumer\">40<\/span><\/a>\u00deeir losu\u00f0u akkerin og l\u00e9tu \u00feau eftir \u00ed sj\u00f3num, leystu um lei\u00f0 st\u00fdrisb\u00f6ndin, undu upp framsegli\u00f0 og l\u00e9tu berast undan vindi til strandar.<a name=\"41\"><span class=\"versanumer\">41<\/span><\/a>\u00deeir lentu \u00e1 rifi, skipi\u00f0 stranda\u00f0i, stefni\u00f0 festist og hr\u00e6r\u00f0ist hvergi, en skuturinn t\u00f3k a\u00f0 li\u00f0ast sundur \u00ed hafr\u00f3tinu.<a name=\"42\"><span class=\"versanumer\">42<\/span><\/a>Hermennirnir \u00e6tlu\u00f0u a\u00f0 drepa bandingjana, svo a\u00f0 enginn \u00feeirra k\u00e6mist undan \u00e1 sundi.<a name=\"43\"><span class=\"versanumer\">43<\/span><\/a>En hundra\u00f0sh\u00f6f\u00f0inginn vildi for\u00f0a P\u00e1li og kom \u00ed veg fyrir r\u00e1\u00f0agj\u00f6r\u00f0 \u00feeirra. Bau\u00f0 hann, a\u00f0 \u00feeir, sem syndir v\u00e6ru, skyldu fyrstir varpa s\u00e9r \u00fat og leita til lands,<a name=\"44\"><span class=\"versanumer\">44<\/span><\/a>en hinir s\u00ed\u00f0an \u00fdmist \u00e1 pl\u00f6nkum e\u00f0a braki \u00far skipinu. \u00deannig komust allir heilir til lands.<\/p>\n<div class=\"footnote1981\"><b>27.1<\/b> Sigling til \u00cdtal\u00edu Post 25.12 \u2013 vi\u00f0 (fr\u00e1saga \u00ed fyrstu pers\u00f3nu fleirt\u00f6lu) Post 16.10+<br \/>\n<b>27.2<\/b> Aristarkus Post 19.29+<br \/>\n<b>27.3<\/b> S\u00fdndi mann\u00fa\u00f0 Post 27.43; 28.2; sbr Post 10.1-2; 23.17 \u2013 \u00e1 fund vina sinna Post 24.23<br \/>\n<b>27.9-10<\/b> H\u00e6ttur 2Kor 11.26<br \/>\n<b>27.9<\/b> Fastan 3M\u00f3s 16.29<br \/>\n<b>27.10<\/b> Sbr Post 27.22<br \/>\n<b>27.22<\/b> Skipi\u00f0 mun farast Post 27.10,31<br \/>\n<b>27.24<\/b> \u00d3ttast \u00fe\u00fa eigi Post 18.9 \u2013 \u00e1form Gu\u00f0s Post 2.23; 3.21; Post 23.11<br \/>\n<b>27.26<\/b> Bera upp \u00e1 eyju Post 28.1<br \/>\n<b>27.31<\/b> Skilyr\u00f0i til mannbjargar Post 27.22<br \/>\n<b>27.34<\/b> Ekki eitt h\u00e1r &#8230; 1Sam 14.45; 2Sam 14.11; Matt 10.30; L\u00fak 12.7<br \/>\n<b>27.35<\/b> Braut brau\u00f0 &#8230; Matt 15.36; Mrk 8.6; L\u00fak 22.19; Post 20.7; 1Kor 11.23-24<br \/>\n<b>27.41<\/b> Li\u00f0ast sundur Post 27.22<br \/>\n<b>27.44<\/b> Komust heilir til lands Post 27.22,24<\/div>\n","protected":false},"excerpt":{"rendered":"<p>1\u00deegar \u00e1kve\u00f0i\u00f0 var, a\u00f0 v\u00e9r skyldum sigla til \u00cdtal\u00edu, voru P\u00e1ll og nokkrir bandingjar a\u00f0rir seldir \u00ed hendur hundra\u00f0sh\u00f6f\u00f0ingja, er J\u00fal\u00edus h\u00e9t, \u00far hersveit keisarans.2V\u00e9r stigum \u00e1 skip fr\u00e1 Adram\u00fdtt\u00edum, sem \u00e1tti a\u00f0 sigla til hafna \u00ed As\u00edu, og l\u00e9tum \u00ed haf. Aristarkus, maked\u00f3nskur ma\u00f0ur fr\u00e1 \u00deessalon\u00edku, var oss samfer\u00f0a.3\u00c1 \u00f6\u00f0rum degi lentum v\u00e9r \u00ed S\u00eddon. J\u00fal\u00edus s\u00fdndi P\u00e1li \u00fe\u00e1 mann\u00fa\u00f0 a\u00f0 leyfa honum a\u00f0 fara \u00e1 fund vina sinna og \u00feiggja um\u00f6nnun \u00feeirra.4\u00dea\u00f0an l\u00e9tum v\u00e9r \u00ed haf og sigldum undir K\u00fdpur, \u00fev\u00ed a\u00f0 vindar voru andst\u00e6\u00f0ir.5\u00de\u00e1 sigldum v\u00e9r yfir hafi\u00f0 undan Kilik\u00edu og Pamf\u00fdl\u00edu og komum til M\u00fdru \u00ed <a href=\"https:\/\/biblian.is\/1981\/postulasagan-27-kafli\/\"> [&#8230;]<\/a><\/p>\n","protected":false},"author":1,"featured_media":0,"parent":0,"menu_order":0,"comment_status":"open","ping_status":"open","template":"bibliukaflar.php","meta":{"footnotes":""},"class_list":["post-2392","page","type-page","status-publish","hentry"],"_links":{"self":[{"href":"https:\/\/biblian.is\/1981\/wp-json\/wp\/v2\/pages\/2392","targetHints":{"allow":["GET"]}}],"collection":[{"href":"https:\/\/biblian.is\/1981\/wp-json\/wp\/v2\/pages"}],"about":[{"href":"https:\/\/biblian.is\/1981\/wp-json\/wp\/v2\/types\/page"}],"author":[{"embeddable":true,"href":"https:\/\/biblian.is\/1981\/wp-json\/wp\/v2\/users\/1"}],"replies":[{"embeddable":true,"href":"https:\/\/biblian.is\/1981\/wp-json\/wp\/v2\/comments?post=2392"}],"version-history":[{"count":0,"href":"https:\/\/biblian.is\/1981\/wp-json\/wp\/v2\/pages\/2392\/revisions"}],"wp:attachment":[{"href":"https:\/\/biblian.is\/1981\/wp-json\/wp\/v2\/media?parent=2392"}],"curies":[{"name":"wp","href":"https:\/\/api.w.org\/{rel}","templated":true}]}}