{"id":2391,"date":"2017-11-18T20:21:38","date_gmt":"2017-11-18T20:21:38","guid":{"rendered":"http:\/\/biblian.is\/1981\/postulasagan-26-kafli\/"},"modified":"2021-06-06T11:04:57","modified_gmt":"2021-06-06T11:04:57","slug":"postulasagan-26-kafli","status":"publish","type":"page","link":"https:\/\/biblian.is\/1981\/postulasagan-26-kafli\/","title":{"rendered":"Postulasagan 26. kafli"},"content":{"rendered":"<p><a name=\"1\"><span class=\"versanumer\">1<\/span><\/a>En Agrippa sag\u00f0i vi\u00f0 P\u00e1l: N\u00fa er \u00fe\u00e9r leyft a\u00f0 tala \u00fe\u00ednu m\u00e1li. P\u00e1ll r\u00e9tti \u00fe\u00e1 \u00fat h\u00f6ndina og bar fram v\u00f6rn s\u00edna:<a name=\"2\"><span class=\"versanumer\">2<\/span><\/a>L\u00e1nsamur \u00feykist \u00e9g, Agrippa konungur, a\u00f0 eiga \u00ed dag \u00ed \u00feinni \u00e1heyrn a\u00f0 verja mig gegn \u00f6llu \u00fev\u00ed, sem Gy\u00f0ingar saka mig um,<a name=\"3\"><span class=\"versanumer\">3<\/span><\/a>\u00fev\u00ed heldur sem \u00fe\u00fa \u00feekkir alla si\u00f0u Gy\u00f0inga og \u00e1greiningsm\u00e1l. \u00dev\u00ed bi\u00f0 \u00e9g \u00feig a\u00f0 hl\u00fd\u00f0a \u00feolinm\u00f3\u00f0ur \u00e1 mig.<a name=\"4\"><span class=\"versanumer\">4<\/span><\/a>Allir Gy\u00f0ingar \u00feekkja l\u00edf mitt fr\u00e1 upphafi, hvernig \u00e9g hef lifa\u00f0 me\u00f0 \u00fej\u00f3\u00f0 minni, fyrst \u00ed \u00e6sku og s\u00ed\u00f0an \u00ed Jer\u00fasalem.<a name=\"5\"><span class=\"versanumer\">5<\/span><\/a>\u00dea\u00f0 vita \u00feeir um mig, vilji \u00feeir unna m\u00e9r sannm\u00e6lis, a\u00f0 \u00e9g var far\u00edsei fr\u00e1 fyrstu t\u00ed\u00f0, fylgdi strangasta flokki tr\u00faarbrag\u00f0a vorra.<a name=\"6\"><span class=\"versanumer\">6<\/span><\/a>Og h\u00e9r stend \u00e9g n\u00fa l\u00f6gs\u00f3ttur vegna vonarinnar um fyrirheiti\u00f0, sem Gu\u00f0 gaf fe\u00f0rum vorum<a name=\"7\"><span class=\"versanumer\">7<\/span><\/a>og vorar t\u00f3lf kynkv\u00edslir vona a\u00f0 \u00f6\u00f0last me\u00f0 \u00fev\u00ed a\u00f0 d\u00fdrka Gu\u00f0 \u00e1n afl\u00e1ts n\u00f3tt sem dag. Fyrir \u00feessa von er \u00e9g n\u00fa \u00e1k\u00e6r\u00f0ur, konungur, og \u00fea\u00f0 af Gy\u00f0ingum.<a name=\"8\"><span class=\"versanumer\">8<\/span><\/a>Hvers vegna telji\u00f0 \u00fe\u00e9r \u00fea\u00f0 \u00f3tr\u00falegt, a\u00f0 Gu\u00f0 veki upp dau\u00f0a?<a name=\"9\"><span class=\"versanumer\">9<\/span><\/a>Sj\u00e1lfur taldi \u00e9g m\u00e9r skylt a\u00f0 vinna af \u00f6llu megni gegn nafni Jes\u00fa fr\u00e1 Nasaret.<a name=\"10\"><span class=\"versanumer\">10<\/span><\/a>\u00dea\u00f0 gj\u00f6r\u00f0i \u00e9g og \u00ed Jer\u00fasalem, hneppti marga hinna heil\u00f6gu \u00ed fangelsi me\u00f0 valdi fr\u00e1 \u00e6\u00f0stu prestunum og galt \u00fev\u00ed j\u00e1kv\u00e6\u00f0i, a\u00f0 \u00feeir v\u00e6ru teknir af l\u00edfi.<a name=\"11\"><span class=\"versanumer\">11<\/span><\/a>Og \u00ed \u00f6llum samkundunum reyndi \u00e9g \u00fer\u00e1sinnis me\u00f0 pyndingum a\u00f0 ney\u00f0a \u00fe\u00e1 til a\u00f0 afneita tr\u00fa sinni. Svo freklega \u00e6ddi \u00e9g gegn \u00feeim, a\u00f0 \u00e9g f\u00f3r til borga erlendis a\u00f0 ofs\u00e6kja \u00fe\u00e1.<a name=\"12\"><span class=\"versanumer\">12<\/span><\/a>\u00de\u00e1 er \u00e9g var \u00e1 lei\u00f0 til Damaskus sl\u00edkra erinda me\u00f0 vald og umbo\u00f0 fr\u00e1 \u00e6\u00f0stu prestunum,<a name=\"13\"><span class=\"versanumer\">13<\/span><\/a>s\u00e1 \u00e9g, konungur, \u00e1 veginum um mi\u00f0jan dag lj\u00f3s af himni s\u00f3lu bjartara leiftra um mig og \u00fe\u00e1, sem m\u00e9r voru samfer\u00f0a.<a name=\"14\"><span class=\"versanumer\">14<\/span><\/a>V\u00e9r f\u00e9llum allir til jar\u00f0ar, og \u00e9g heyr\u00f0i r\u00f6dd, er sag\u00f0i vi\u00f0 mig \u00e1 hebresku: S\u00e1l, S\u00e1l, hv\u00ed ofs\u00e6kir \u00fe\u00fa mig? Erfitt ver\u00f0ur \u00fe\u00e9r a\u00f0 spyrna m\u00f3ti broddunum.<a name=\"15\"><span class=\"versanumer\">15<\/span><\/a>En \u00e9g sag\u00f0i: Hver ert \u00fe\u00fa, herra? Og Drottinn sag\u00f0i: \u00c9g er Jes\u00fas, sem \u00fe\u00fa ofs\u00e6kir.<a name=\"16\"><span class=\"versanumer\">16<\/span><\/a>R\u00eds n\u00fa upp og statt \u00e1 f\u00e6tur \u00fe\u00edna. Til \u00feess birtist \u00e9g \u00fe\u00e9r, a\u00f0 \u00e9g vel \u00feig til \u00feess a\u00f0 vera \u00fej\u00f3nn minn og vitni \u00feess, a\u00f0 \u00fe\u00fa hefur s\u00e9\u00f0 mig b\u00e6\u00f0i n\u00fa og s\u00ed\u00f0ar, er \u00e9g mun birtast \u00fe\u00e9r.<a name=\"17\"><span class=\"versanumer\">17<\/span><\/a>\u00c9g mun frelsa \u00feig fr\u00e1 l\u00fd\u00f0num og fr\u00e1 hei\u00f0ingjunum, og til \u00feeirra sendi \u00e9g \u00feig<a name=\"18\"><span class=\"versanumer\">18<\/span><\/a>a\u00f0 opna augu \u00feeirra og sn\u00faa \u00feeim fr\u00e1 myrkri til lj\u00f3ss, fr\u00e1 Satans valdi til Gu\u00f0s, svo a\u00f0 \u00feeir \u00f6\u00f0list fyrir tr\u00fa \u00e1 mig fyrirgefningu syndanna og arf me\u00f0 \u00feeim, sem helga\u00f0ir eru.<a name=\"19\"><span class=\"versanumer\">19<\/span><\/a>Fyrir \u00fev\u00ed gj\u00f6r\u00f0ist \u00e9g, Agrippa konungur, eigi \u00f3hl\u00fd\u00f0inn hinni himnesku vitrun,<a name=\"20\"><span class=\"versanumer\">20<\/span><\/a>heldur bo\u00f0a\u00f0i \u00e9g fyrst \u00feeim \u00ed Damaskus og \u00ed Jer\u00fasalem, s\u00ed\u00f0an um alla J\u00fadeubygg\u00f0 og hei\u00f0ingjunum a\u00f0 i\u00f0rast og sn\u00faa s\u00e9r til Gu\u00f0s og vinna verk sambo\u00f0in i\u00f0runinni.<a name=\"21\"><span class=\"versanumer\">21<\/span><\/a>Sakir \u00feessa gripu Gy\u00f0ingar mig \u00ed helgid\u00f3minum og reyndu a\u00f0 r\u00e1\u00f0a m\u00e9r bana.<a name=\"22\"><span class=\"versanumer\">22<\/span><\/a>En Gu\u00f0 hefur hj\u00e1lpa\u00f0 m\u00e9r, og \u00fev\u00ed stend \u00e9g allt til \u00feessa dags og vitna b\u00e6\u00f0i fyrir h\u00e1um og l\u00e1gum. M\u00e6li \u00e9g ekki anna\u00f0 en \u00fea\u00f0, sem b\u00e6\u00f0i sp\u00e1mennirnir og M\u00f3se hafa sagt a\u00f0 ver\u00f0a mundi,<a name=\"23\"><span class=\"versanumer\">23<\/span><\/a>a\u00f0 Kristur \u00e6tti a\u00f0 l\u00ed\u00f0a og fyrstur r\u00edsa upp fr\u00e1 dau\u00f0um og bo\u00f0a b\u00e6\u00f0i l\u00fd\u00f0num og hei\u00f0ingjunum lj\u00f3si\u00f0.<a name=\"24\"><span class=\"versanumer\">24<\/span><\/a>\u00deegar P\u00e1ll var h\u00e9r kominn \u00ed v\u00f6rn sinni, segir Festus h\u00e1rri raustu: \u00d3\u00f0ur ert \u00fe\u00fa, P\u00e1ll. \u00deitt mikla b\u00f3kvit gj\u00f6rir \u00feig \u00f3\u00f0an.<a name=\"25\"><span class=\"versanumer\">25<\/span><\/a>P\u00e1ll svara\u00f0i: Ekki er \u00e9g \u00f3\u00f0ur, g\u00f6fugi Festus, heldur m\u00e6li \u00e9g sannleiks or\u00f0 af fullu viti.<a name=\"26\"><span class=\"versanumer\">26<\/span><\/a>Konungur kann skil \u00e1 \u00feessu, og vi\u00f0 hann tala \u00e9g djarflega. Eigi \u00e6tla \u00e9g, a\u00f0 honum hafi dulist neitt af \u00feessu, enda hefur \u00fea\u00f0 ekki gj\u00f6rst \u00ed neinum afkima.<a name=\"27\"><span class=\"versanumer\">27<\/span><\/a>Tr\u00fair \u00fe\u00fa, Agrippa konungur, sp\u00e1m\u00f6nnunum? \u00c9g veit, a\u00f0 \u00fe\u00fa gj\u00f6rir \u00fea\u00f0.<a name=\"28\"><span class=\"versanumer\">28<\/span><\/a>\u00de\u00e1 sag\u00f0i Agrippa vi\u00f0 P\u00e1l: \u00de\u00fa \u00feykist ekki vera lengi a\u00f0 gj\u00f6ra mig kristinn.<a name=\"29\"><span class=\"versanumer\">29<\/span><\/a>En P\u00e1ll sag\u00f0i: \u00deess bi\u00f0 \u00e9g Gu\u00f0, hvort sem lengur dregst e\u00f0a skemur, a\u00f0 ekki einungis \u00fe\u00fa, heldur og allir, sem til m\u00edn heyra \u00ed dag, ver\u00f0i sl\u00edkir sem \u00e9g er, a\u00f0 fr\u00e1t\u00f6ldum fj\u00f6trum m\u00ednum.<a name=\"30\"><span class=\"versanumer\">30<\/span><\/a>\u00de\u00e1 st\u00f3\u00f0 konungur upp og landstj\u00f3rinn, svo og Bern\u00edke og \u00feeir, er \u00fear s\u00e1tu me\u00f0 \u00feeim.<a name=\"31\"><span class=\"versanumer\">31<\/span><\/a>\u00deegar \u00feau voru farin, s\u00f6g\u00f0u \u00feau s\u00edn \u00e1 milli: \u00deessi ma\u00f0ur fremur ekkert, sem var\u00f0ar dau\u00f0a e\u00f0a fangelsi.<a name=\"32\"><span class=\"versanumer\">32<\/span><\/a>En Agrippa sag\u00f0i vi\u00f0 Festus: \u00deennan mann hef\u00f0i m\u00e1tt l\u00e1ta lausan, ef hann hef\u00f0i ekki skoti\u00f0 m\u00e1li s\u00ednu til keisarans.<\/p>\n<div class=\"footnote1981\"><b>26.1<\/b> R\u00e9tti \u00fat h\u00f6ndina Post 13.16; 21.40<br \/>\n<b>26.4<\/b> \u00c6ska P\u00e1ls Post 22.3<br \/>\n<b>26.5<\/b> Far\u00edsei Post 23.6; F\u00edl 3.5-6<br \/>\n<b>26.6<\/b> Af \u00fev\u00ed a\u00f0 \u00e9g tr\u00fai &#8230; Post 23.6; 24.15,21; 28.20 \u2013 fyrirheiti\u00f0, sem fe\u00f0runum var gefi\u00f0 Post 3.25-26<br \/>\n<b>26.9-18<\/b> K\u00f6llun P\u00e1ls Post 9.1-18; 22.3-16<br \/>\n<b>26.9-11<\/b> Ofs\u00f3tti hina kristnu Post 22.19+<br \/>\n<b>26.9<\/b> Nafni\u00f0 Post 3.16+<br \/>\n<b>26.10<\/b> Hinir heil\u00f6gu Post 9.13+ &#8211; teknir af l\u00edfi Post 8.1<br \/>\n<b>26.14<\/b> \u00c1 hebresku Post 21.40<br \/>\n<b>26.16<\/b> Statt \u00e1 f\u00e6tur Esk 2.1,3 \u2013 s\u00fdn Post 18.9+<br \/>\n<b>26.17<\/b> Vernda 1Kro 16.35 \u2013 sendi \u00feig Jer 1.5,7-8,10; Post 13.47; 22.21; 28.25-28<br \/>\n<b>26.18<\/b> Opna augu \u00feeirra Jes 35.5; 42.6-7; 61.1 \u2013 sn\u00faa &#8230; til lj\u00f3ss Jes 42.16 \u2013 vald Satans Ef 2.2; K\u00f3l 1.13 \u2013 arfur me\u00f0 heil\u00f6gum 5M\u00f3s 33.3-5; SSal 5.5; Post 20.32 \u2013 tr\u00fa \u00e1 Jes\u00fa Krist Post 2.44; 13.39<br \/>\n<b>26.20<\/b> \u00cd Damaskus Post 9.19-20 \u2013 um alla J\u00fadeubygg\u00f0 Gal 1.22 \u2013 sinnaskipti Post 3.19+ &#8211; s\u00fdna \u00ed verki Matt 3.8; L\u00fak 3.8<br \/>\n<b>26.21<\/b> P\u00e1ll handtekinn Post 21.30-31<br \/>\n<b>26.22<\/b> Sp\u00e1mennirnir og M\u00f3se &#8230; L\u00fak 24.44; Post 3.18+<br \/>\n<b>26.23<\/b> \u00dej\u00e1ning, upprisa, bo\u00f0un L\u00fak 24.46-47; Post 3.13-15; 4.2 \u2013  r\u00edsa upp fyrstur 1Kor 15.20; K\u00f3l 1.18 \u2013 lj\u00f3s fyrir hei\u00f0ingjana Jes 42.6; 49.6; Post 13.47<br \/>\n<b>26.26<\/b> Ekki me\u00f0 leynd J\u00f3h 18.20<br \/>\n<b>26.29<\/b> Ver\u00f0a kristin Post 11.18; sbr Post 3.19+<br \/>\n<b>26.31<\/b> Ekkert dau\u00f0a vert Post 23.29<br \/>\n<b>26.32<\/b> M\u00e1linu skoti\u00f0 til keisara Post 25.11<\/div>\n","protected":false},"excerpt":{"rendered":"<p>1En Agrippa sag\u00f0i vi\u00f0 P\u00e1l: N\u00fa er \u00fe\u00e9r leyft a\u00f0 tala \u00fe\u00ednu m\u00e1li. P\u00e1ll r\u00e9tti \u00fe\u00e1 \u00fat h\u00f6ndina og bar fram v\u00f6rn s\u00edna:2L\u00e1nsamur \u00feykist \u00e9g, Agrippa konungur, a\u00f0 eiga \u00ed dag \u00ed \u00feinni \u00e1heyrn a\u00f0 verja mig gegn \u00f6llu \u00fev\u00ed, sem Gy\u00f0ingar saka mig um,3\u00fev\u00ed heldur sem \u00fe\u00fa \u00feekkir alla si\u00f0u Gy\u00f0inga og \u00e1greiningsm\u00e1l. \u00dev\u00ed bi\u00f0 \u00e9g \u00feig a\u00f0 hl\u00fd\u00f0a \u00feolinm\u00f3\u00f0ur \u00e1 mig.4Allir Gy\u00f0ingar \u00feekkja l\u00edf mitt fr\u00e1 upphafi, hvernig \u00e9g hef lifa\u00f0 me\u00f0 \u00fej\u00f3\u00f0 minni, fyrst \u00ed \u00e6sku og s\u00ed\u00f0an \u00ed Jer\u00fasalem.5\u00dea\u00f0 vita \u00feeir um mig, vilji \u00feeir unna m\u00e9r sannm\u00e6lis, a\u00f0 \u00e9g var far\u00edsei fr\u00e1 fyrstu t\u00ed\u00f0, fylgdi <a href=\"https:\/\/biblian.is\/1981\/postulasagan-26-kafli\/\"> [&#8230;]<\/a><\/p>\n","protected":false},"author":1,"featured_media":0,"parent":0,"menu_order":0,"comment_status":"open","ping_status":"open","template":"bibliukaflar.php","meta":{"footnotes":""},"class_list":["post-2391","page","type-page","status-publish","hentry"],"_links":{"self":[{"href":"https:\/\/biblian.is\/1981\/wp-json\/wp\/v2\/pages\/2391","targetHints":{"allow":["GET"]}}],"collection":[{"href":"https:\/\/biblian.is\/1981\/wp-json\/wp\/v2\/pages"}],"about":[{"href":"https:\/\/biblian.is\/1981\/wp-json\/wp\/v2\/types\/page"}],"author":[{"embeddable":true,"href":"https:\/\/biblian.is\/1981\/wp-json\/wp\/v2\/users\/1"}],"replies":[{"embeddable":true,"href":"https:\/\/biblian.is\/1981\/wp-json\/wp\/v2\/comments?post=2391"}],"version-history":[{"count":0,"href":"https:\/\/biblian.is\/1981\/wp-json\/wp\/v2\/pages\/2391\/revisions"}],"wp:attachment":[{"href":"https:\/\/biblian.is\/1981\/wp-json\/wp\/v2\/media?parent=2391"}],"curies":[{"name":"wp","href":"https:\/\/api.w.org\/{rel}","templated":true}]}}