{"id":2390,"date":"2017-11-18T20:21:38","date_gmt":"2017-11-18T20:21:38","guid":{"rendered":"http:\/\/biblian.is\/1981\/postulasagan-25-kafli\/"},"modified":"2021-06-06T11:04:56","modified_gmt":"2021-06-06T11:04:56","slug":"postulasagan-25-kafli","status":"publish","type":"page","link":"https:\/\/biblian.is\/1981\/postulasagan-25-kafli\/","title":{"rendered":"Postulasagan 25. kafli"},"content":{"rendered":"<p><a name=\"1\"><span class=\"versanumer\">1<\/span><\/a>\u00derem d\u00f6gum eftir a\u00f0 Festus haf\u00f0i teki\u00f0 vi\u00f0 umd\u00e6mi s\u00ednu, f\u00f3r hann fr\u00e1 Sesareu upp til Jer\u00fasalem.<a name=\"2\"><span class=\"versanumer\">2<\/span><\/a>\u00c6\u00f0stu prestarnir og fyrirmenn Gy\u00f0inga b\u00e1ru \u00fe\u00e1 sakir \u00e1 P\u00e1l fyrir honum og b\u00e1\u00f0u hann<a name=\"3\"><span class=\"versanumer\">3<\/span><\/a>a\u00f0 veita s\u00e9r a\u00f0 m\u00e1lum gegn honum og gera s\u00e9r \u00feann grei\u00f0a a\u00f0 senda hann til Jer\u00fasalem. En \u00feeir hug\u00f0ust b\u00faa honum fyrirs\u00e1t og vega hann \u00e1 lei\u00f0inni.<a name=\"4\"><span class=\"versanumer\">4<\/span><\/a>Festus svara\u00f0i, a\u00f0 P\u00e1ll v\u00e6ri \u00ed var\u00f0haldi \u00ed Sesareu, en sj\u00e1lfur mundi hann br\u00e1\u00f0lega fara \u00feanga\u00f0.<a name=\"5\"><span class=\"versanumer\">5<\/span><\/a>L\u00e1ti\u00f0 \u00fev\u00ed, sag\u00f0i hann, r\u00e1\u00f0amenn y\u00f0ar ver\u00f0a m\u00e9r samfer\u00f0a ofan eftir og l\u00f6gs\u00e6kja manninn, ef hann er um eitthva\u00f0 sekur.<a name=\"6\"><span class=\"versanumer\">6<\/span><\/a>Festus dvaldist \u00fear ekki lengur en \u00ed \u00e1tta daga e\u00f0a t\u00edu. S\u00ed\u00f0an f\u00f3r hann ofan til Sesareu. Daginn eftir settist hann \u00e1 d\u00f3mst\u00f3linn og bau\u00f0 a\u00f0 lei\u00f0a P\u00e1l fram.<a name=\"7\"><span class=\"versanumer\">7<\/span><\/a>\u00deegar hann kom, umkringdu hann Gy\u00f0ingar \u00feeir, sem komnir voru ofan fr\u00e1 Jer\u00fasalem, og b\u00e1ru \u00e1 hann margar \u00feungar sakir, sem \u00feeir g\u00e1tu ekki sanna\u00f0.<a name=\"8\"><span class=\"versanumer\">8<\/span><\/a>En P\u00e1ll var\u00f0i sig og sag\u00f0i: Ekkert hef \u00e9g broti\u00f0, hvorki gegn l\u00f6gm\u00e1li Gy\u00f0inga, helgid\u00f3minum n\u00e9 keisaranum.<a name=\"9\"><span class=\"versanumer\">9<\/span><\/a>Festus vildi koma s\u00e9r vel vi\u00f0 Gy\u00f0inga og m\u00e6lti vi\u00f0 P\u00e1l: Vilt \u00fe\u00fa fara upp til Jer\u00fasalem og hl\u00edta \u00fear d\u00f3mi m\u00ednum \u00ed m\u00e1li \u00feessu?<a name=\"10\"><span class=\"versanumer\">10<\/span><\/a>P\u00e1ll svara\u00f0i: \u00c9g stend n\u00fa fyrir d\u00f3mst\u00f3li keisarans, og h\u00e9r \u00e1 \u00e9g a\u00f0 d\u00e6mast. Gy\u00f0ingum hef \u00e9g ekkert rangt gj\u00f6rt, \u00fea\u00f0 veistu fullvel.<a name=\"11\"><span class=\"versanumer\">11<\/span><\/a>S\u00e9 \u00e9g sekur og hafi frami\u00f0 eitthva\u00f0, sem dau\u00f0a s\u00e9 vert, m\u00e6li \u00e9g mig ekki undan \u00fev\u00ed a\u00f0 deyja. En ef ekkert er h\u00e6ft \u00ed \u00fev\u00ed, sem \u00feessir menn k\u00e6ra mig um, \u00e1 enginn me\u00f0 a\u00f0 selja mig \u00feeim \u00e1 vald. \u00c9g sk\u00fdt m\u00e1li m\u00ednu til keisarans.<a name=\"12\"><span class=\"versanumer\">12<\/span><\/a>Festus r\u00e6ddi \u00fe\u00e1 vi\u00f0 r\u00e1\u00f0unauta s\u00edna og m\u00e6lti s\u00ed\u00f0an: Til keisarans hefur \u00fe\u00fa skoti\u00f0 m\u00e1li \u00fe\u00ednu, til keisarans skaltu fara.<a name=\"13\"><span class=\"versanumer\">13<\/span><\/a>Eftir nokkra daga komu Agrippa konungur og Bern\u00edke til Sesareu a\u00f0 bj\u00f3\u00f0a Festus velkominn.<a name=\"14\"><span class=\"versanumer\">14<\/span><\/a>\u00deegar \u00feau h\u00f6f\u00f0u dvalist \u00fear nokkra daga, lag\u00f0i Festus m\u00e1l P\u00e1ls fyrir konung og sag\u00f0i: H\u00e9r er fangi nokkur, sem Felix skildi eftir.<a name=\"15\"><span class=\"versanumer\">15<\/span><\/a>\u00deegar \u00e9g kom til Jer\u00fasalem, b\u00e1ru \u00e6\u00f0stu prestar og \u00f6ldungar Gy\u00f0inga \u00e1 hann sakir og heimtu\u00f0u hann d\u00e6mdan.<a name=\"16\"><span class=\"versanumer\">16<\/span><\/a>\u00c9g svara\u00f0i \u00feeim, a\u00f0 \u00fea\u00f0 v\u00e6ri ekki venja R\u00f3mverja a\u00f0 selja fram nokkurn sakborning fyrr en hann hef\u00f0i veri\u00f0 leiddur fyrir \u00e1k\u00e6rendur s\u00edna og \u00e1tt \u00feess kost a\u00f0 bera fram v\u00f6rn gegn sakargiftinni.<a name=\"17\"><span class=\"versanumer\">17<\/span><\/a>\u00deeir ur\u00f0u n\u00fa samfer\u00f0a hinga\u00f0, og l\u00e9t \u00e9g engan dr\u00e1tt \u00e1 ver\u00f0a, heldur settist daginn eftir \u00e1 d\u00f3mst\u00f3linn og bau\u00f0 a\u00f0 lei\u00f0a fram manninn.<a name=\"18\"><span class=\"versanumer\">18<\/span><\/a>\u00deegar \u00e1k\u00e6rendurnir komu fram, b\u00e1ru \u00feeir ekki \u00e1 hann sakir fyrir nein \u00feau illr\u00e6\u00f0i, sem \u00e9g haf\u00f0i b\u00faist vi\u00f0,<a name=\"19\"><span class=\"versanumer\">19<\/span><\/a>heldur \u00e1ttu \u00feeir \u00ed einhverjum deilum vi\u00f0 hann um \u00e1tr\u00fana\u00f0 sj\u00e1lfra \u00feeirra og um Jes\u00fa nokkurn, l\u00e1tinn mann, sem P\u00e1ll segir lifa.<a name=\"20\"><span class=\"versanumer\">20<\/span><\/a>Fannst m\u00e9r vandi fyrir mig a\u00f0 f\u00e1st vi\u00f0 \u00feetta og spur\u00f0i P\u00e1l, hvort hann vildi fara til Jer\u00fasalem og l\u00e1ta d\u00e6ma m\u00e1li\u00f0 \u00fear.<a name=\"21\"><span class=\"versanumer\">21<\/span><\/a>En hann skaut m\u00e1li s\u00ednu til keisarans og kraf\u00f0ist \u00feess a\u00f0 vera haf\u00f0ur \u00ed haldi, \u00fear til hans h\u00e1tign hef\u00f0i skori\u00f0 \u00far. \u00dev\u00ed bau\u00f0 \u00e9g a\u00f0 hafa hann \u00ed haldi, \u00feanga\u00f0 til \u00e9g g\u00e6ti sent hann til keisarans.<a name=\"22\"><span class=\"versanumer\">22<\/span><\/a>Agrippa sag\u00f0i \u00fe\u00e1 vi\u00f0 Festus: \u00c9g vildi sj\u00e1lfur f\u00e1 a\u00f0 heyra manninn. Hinn svara\u00f0i: \u00c1 morgun skalt \u00fe\u00fa hlusta \u00e1 hann.<a name=\"23\"><span class=\"versanumer\">23<\/span><\/a>Daginn eftir komu Agrippa og Bern\u00edke me\u00f0 mikilli vi\u00f0h\u00f6fn og gengu \u00e1samt hersveitarforingjum og \u00e6\u00f0stu m\u00f6nnum borgarinnar inn \u00ed m\u00e1lstofuna. Var \u00fe\u00e1 P\u00e1ll leiddur inn a\u00f0 bo\u00f0i Festusar.<a name=\"24\"><span class=\"versanumer\">24<\/span><\/a>Festus m\u00e6lti: Agrippa konungur og \u00fe\u00e9r menn allir, sem hj\u00e1 oss eru\u00f0 staddir. \u00dearna sj\u00e1i\u00f0 \u00fe\u00e9r mann, sem veldur \u00fev\u00ed, a\u00f0 allir Gy\u00f0ingar, b\u00e6\u00f0i \u00ed Jer\u00fasalem og h\u00e9r, hafa leita\u00f0 til m\u00edn. \u00deeir heimta h\u00e1st\u00f6fum, a\u00f0 hann s\u00e9 tekinn af l\u00edfi.<a name=\"25\"><span class=\"versanumer\">25<\/span><\/a>M\u00e9r var\u00f0 lj\u00f3st, a\u00f0 hann hefur ekkert \u00fea\u00f0 frami\u00f0, er dau\u00f0a s\u00e9 vert, en sj\u00e1lfur skaut hann m\u00e1li s\u00ednu til hans h\u00e1tignar, og \u00fe\u00e1 \u00e1kva\u00f0 \u00e9g a\u00f0 senda hann \u00feanga\u00f0.<a name=\"26\"><span class=\"versanumer\">26<\/span><\/a>N\u00fa hef \u00e9g ekkert \u00e1rei\u00f0anlegt a\u00f0 skrifa herra vorum um hann. \u00deess vegna hef \u00e9g leitt hann fram fyrir y\u00f0ur og einkum fyrir \u00feig, Agrippa konungur, svo a\u00f0 \u00e9g hafi eitthva\u00f0 a\u00f0 skrifa a\u00f0 lokinni yfirheyrslu.<a name=\"27\"><span class=\"versanumer\">27<\/span><\/a>\u00dev\u00ed \u00fea\u00f0 l\u00edst m\u00e9r fr\u00e1leitt a\u00f0 senda fanga og tj\u00e1 eigi um lei\u00f0 sakargiftir gegn honum.<\/p>\n<div class=\"footnote1981\"><b>25.2<\/b> P\u00e1ll \u00e1k\u00e6r\u00f0ur Post 23.30; 24.1; 25.15<br \/>\n<b>25.3<\/b> P\u00e1li b\u00fain fyrirs\u00e1t Post 23.12-22<br \/>\n<b>25.5<\/b> R\u00e1\u00f0ager\u00f0 mistekst Post 23.30<br \/>\n<b>25.7<\/b> Margar og \u00feungar sakir Post 24.5-6 \u2013 g\u00e1tu ekki sanna\u00f0 Post 24.13; sbr Mrk 14.55-59; L\u00fak 23.14-15<br \/>\n<b>25.8<\/b> Gegn l\u00f6gm\u00e1li Gy\u00f0inga Post 6.11,13; 18.13,15; 21.21,28; 23.29 \u2013 gegn helgid\u00f3minum Post 6.13+ &#8211; gegn r\u00f3mverskum l\u00f6gum Post 16.21; 17.7; 18.12; 24.5<br \/>\n<b>25.9<\/b> Koma s\u00e9r vel Post 24.27<br \/>\n<b>25.14<\/b> Sbr Post 24.27<br \/>\n<b>25.15<\/b> P\u00e1ll borinn s\u00f6kum Post 25.1-2<br \/>\n<b>25.17<\/b> Festus yfirheyrir P\u00e1l Post 25.6<br \/>\n<b>25.18-19<\/b> Um \u00e1tr\u00fana\u00f0 sj\u00e1lfra \u00feeirra Post 18.14-15; 23.29; sbr Post 26.31-32<br \/>\n<b>25.20<\/b> \u00cd Jer\u00fasalem Post 25.9<br \/>\n<b>25.21<\/b> Til keisara Post 25.11-12<br \/>\n<b>25.22<\/b> \u00c9g vildi sj\u00e1lfur &#8230; sbr L\u00fak 23.8<br \/>\n<b>25.23<\/b> Fyrir \u00e6\u00f0stu m\u00f6nnum Matt 10.18; Mrk 13.9; L\u00fak 21.12<br \/>\n<b>25.24<\/b> Sbr Post 25.11-12 \u2013 heimta l\u00edfl\u00e1t Post 22.22<br \/>\n<b>25.25<\/b> P\u00e1ll saklaus Post 25.1-12,14-21; 23.29; sbr L\u00fak 23.4,14,22; Post 13.28<\/div>\n","protected":false},"excerpt":{"rendered":"<p>1\u00derem d\u00f6gum eftir a\u00f0 Festus haf\u00f0i teki\u00f0 vi\u00f0 umd\u00e6mi s\u00ednu, f\u00f3r hann fr\u00e1 Sesareu upp til Jer\u00fasalem.2\u00c6\u00f0stu prestarnir og fyrirmenn Gy\u00f0inga b\u00e1ru \u00fe\u00e1 sakir \u00e1 P\u00e1l fyrir honum og b\u00e1\u00f0u hann3a\u00f0 veita s\u00e9r a\u00f0 m\u00e1lum gegn honum og gera s\u00e9r \u00feann grei\u00f0a a\u00f0 senda hann til Jer\u00fasalem. En \u00feeir hug\u00f0ust b\u00faa honum fyrirs\u00e1t og vega hann \u00e1 lei\u00f0inni.4Festus svara\u00f0i, a\u00f0 P\u00e1ll v\u00e6ri \u00ed var\u00f0haldi \u00ed Sesareu, en sj\u00e1lfur mundi hann br\u00e1\u00f0lega fara \u00feanga\u00f0.5L\u00e1ti\u00f0 \u00fev\u00ed, sag\u00f0i hann, r\u00e1\u00f0amenn y\u00f0ar ver\u00f0a m\u00e9r samfer\u00f0a ofan eftir og l\u00f6gs\u00e6kja manninn, ef hann er um eitthva\u00f0 sekur.6Festus dvaldist \u00fear ekki lengur en \u00ed \u00e1tta daga <a href=\"https:\/\/biblian.is\/1981\/postulasagan-25-kafli\/\"> [&#8230;]<\/a><\/p>\n","protected":false},"author":1,"featured_media":0,"parent":0,"menu_order":0,"comment_status":"open","ping_status":"open","template":"bibliukaflar.php","meta":{"footnotes":""},"class_list":["post-2390","page","type-page","status-publish","hentry"],"_links":{"self":[{"href":"https:\/\/biblian.is\/1981\/wp-json\/wp\/v2\/pages\/2390","targetHints":{"allow":["GET"]}}],"collection":[{"href":"https:\/\/biblian.is\/1981\/wp-json\/wp\/v2\/pages"}],"about":[{"href":"https:\/\/biblian.is\/1981\/wp-json\/wp\/v2\/types\/page"}],"author":[{"embeddable":true,"href":"https:\/\/biblian.is\/1981\/wp-json\/wp\/v2\/users\/1"}],"replies":[{"embeddable":true,"href":"https:\/\/biblian.is\/1981\/wp-json\/wp\/v2\/comments?post=2390"}],"version-history":[{"count":0,"href":"https:\/\/biblian.is\/1981\/wp-json\/wp\/v2\/pages\/2390\/revisions"}],"wp:attachment":[{"href":"https:\/\/biblian.is\/1981\/wp-json\/wp\/v2\/media?parent=2390"}],"curies":[{"name":"wp","href":"https:\/\/api.w.org\/{rel}","templated":true}]}}