{"id":2389,"date":"2017-11-18T20:21:38","date_gmt":"2017-11-18T20:21:38","guid":{"rendered":"http:\/\/biblian.is\/1981\/postulasagan-24-kafli\/"},"modified":"2021-06-06T11:04:56","modified_gmt":"2021-06-06T11:04:56","slug":"postulasagan-24-kafli","status":"publish","type":"page","link":"https:\/\/biblian.is\/1981\/postulasagan-24-kafli\/","title":{"rendered":"Postulasagan 24. kafli"},"content":{"rendered":"<p><a name=\"1\"><span class=\"versanumer\">1<\/span><\/a>Fimm d\u00f6gum s\u00ed\u00f0ar f\u00f3r Anan\u00edas \u00e6\u00f0sti prestur ofan \u00feanga\u00f0 og me\u00f0 honum nokkrir \u00f6ldungar og Tert\u00fallus nokkur m\u00e1laf\u00e6rsluma\u00f0ur. \u00deeir b\u00e1ru sakir \u00e1 P\u00e1l fyrir landstj\u00f3ranum.<a name=\"2\"><span class=\"versanumer\">2<\/span><\/a>Hann var n\u00fa kalla\u00f0ur fyrir, en Tert\u00fallus h\u00f3f m\u00e1ls\u00f3knina og sag\u00f0i: Fyrir \u00feitt tilstilli, g\u00f6fugi Felix, sitjum v\u00e9r \u00ed g\u00f3\u00f0um fri\u00f0i, og \u00fej\u00f3\u00f0 vor hefur sakir \u00feinnar forsj\u00e1r \u00f6\u00f0last umb\u00e6tur \u00ed \u00f6llum greinum og alls sta\u00f0ar.<a name=\"3\"><span class=\"versanumer\">3<\/span><\/a>\u00deetta vi\u00f0urkennum v\u00e9r mj\u00f6g \u00feakksamlega.<a name=\"4\"><span class=\"versanumer\">4<\/span><\/a>En svo a\u00f0 \u00e9g tefji \u00feig sem minnst, bi\u00f0 \u00e9g, a\u00f0 \u00fe\u00fa af mildi \u00feinni viljir heyra oss litla hr\u00ed\u00f0.<a name=\"5\"><span class=\"versanumer\">5<\/span><\/a>V\u00e9r h\u00f6fum komist a\u00f0 raun um, a\u00f0 ma\u00f0ur \u00feessi er ska\u00f0r\u00e6\u00f0i, kveikir \u00f3fri\u00f0 me\u00f0 \u00f6llum Gy\u00f0ingum um v\u00ed\u00f0a ver\u00f6ld og er forsprakki villuflokks Nasarea.<a name=\"6\"><span class=\"versanumer\">6<\/span><\/a>Hann reyndi meira a\u00f0 segja a\u00f0 vanhelga musteri\u00f0, og \u00fe\u00e1 t\u00f3kum v\u00e9r hann h\u00f6ndum. <span class=\"nedan_mal\" title=\" Sum handrit b\u00e6ta h\u00e9r vi\u00f0: og vildum d\u00e6ma hann eftir l\u00f6gm\u00e1li voru, 7 en L\u00fds\u00edas hersveitarforingi kom \u00fe\u00e1 a\u00f0 og \u00fereif hann me\u00f0 miklu ofr\u00edki \u00far h\u00f6ndum vorum 8 og skipa\u00f0i \u00e1k\u00e6rendum hans a\u00f0 fara til \u00fe\u00edn.\">[<\/span> <a name=\"8\"><span class=\"versanumer\">8<\/span><\/a>Me\u00f0 \u00fev\u00ed a\u00f0 yfirheyra hann m\u00e1tt \u00fe\u00fa sj\u00e1lfur ganga \u00far skugga um \u00f6ll sakarefni vor gegn honum.<a name=\"9\"><span class=\"versanumer\">9<\/span><\/a>Gy\u00f0ingarnir t\u00f3ku undir sakargiftirnar og kv\u00e1\u00f0u \u00feetta r\u00e9tt vera.<a name=\"10\"><span class=\"versanumer\">10<\/span><\/a>Landstj\u00f3rinn benti \u00fe\u00e1 P\u00e1li a\u00f0 taka til m\u00e1ls. Hann sag\u00f0i: Kunnugt er m\u00e9r um, a\u00f0 \u00fe\u00fa hefur veri\u00f0 d\u00f3mari \u00feessarar \u00fej\u00f3\u00f0ar \u00ed m\u00f6rg \u00e1r. Mun \u00e9g \u00fev\u00ed \u00f3trau\u00f0ur verja m\u00e1l mitt.<a name=\"11\"><span class=\"versanumer\">11<\/span><\/a>\u00de\u00fa getur og gengi\u00f0 \u00far skugga um, a\u00f0 ekki eru nema t\u00f3lf dagar s\u00ed\u00f0an \u00e9g kom upp til Jer\u00fasalem a\u00f0 bi\u00f0jast fyrir.<a name=\"12\"><span class=\"versanumer\">12<\/span><\/a>Og enginn hefur sta\u00f0i\u00f0 mig a\u00f0 \u00fev\u00ed a\u00f0 vera a\u00f0 st\u00e6la vi\u00f0 neinn e\u00f0a \u00e6sa f\u00f3lk til \u00f3spekta, hvorki \u00ed samkunduh\u00fasunum n\u00e9 neins sta\u00f0ar \u00ed borginni.<a name=\"13\"><span class=\"versanumer\">13<\/span><\/a>\u00deeir geta ekki heldur sanna\u00f0 \u00fe\u00e9r \u00fea\u00f0, sem \u00feeir eru n\u00fa a\u00f0 k\u00e6ra mig um.<a name=\"14\"><span class=\"versanumer\">14<\/span><\/a>En hitt skal \u00e9g j\u00e1ta \u00fe\u00e9r, a\u00f0 \u00e9g \u00fej\u00f3na Gu\u00f0i fe\u00f0ra vorra samkv\u00e6mt veginum, sem \u00feeir kalla villu, og tr\u00fai \u00f6llu \u00fev\u00ed, sem skrifa\u00f0 stendur \u00ed l\u00f6gm\u00e1linu og sp\u00e1m\u00f6nnunum.<a name=\"15\"><span class=\"versanumer\">15<\/span><\/a>Og \u00fe\u00e1 von hef \u00e9g til Gu\u00f0s, sem \u00feeir og sj\u00e1lfir hafa, a\u00f0 upp muni r\u00edsa b\u00e6\u00f0i r\u00e9ttl\u00e1tir og rangl\u00e1tir.<a name=\"16\"><span class=\"versanumer\">16<\/span><\/a>\u00dev\u00ed tem \u00e9g m\u00e9r og sj\u00e1lfur a\u00f0 hafa jafnan hreina samvisku fyrir Gu\u00f0i og m\u00f6nnum.<a name=\"17\"><span class=\"versanumer\">17<\/span><\/a>Eftir margra \u00e1ra fjarveru kom \u00e9g til a\u00f0 f\u00e6ra f\u00f3lki m\u00ednu \u00f6lmusugjafir og til a\u00f0 f\u00f3rna.<a name=\"18\"><span class=\"versanumer\">18<\/span><\/a>\u00deetta var \u00e9g a\u00f0 gj\u00f6ra \u00ed helgid\u00f3minum og haf\u00f0i l\u00e1ti\u00f0 hreinsast, og enginn var \u00fe\u00e1 manns\u00f6fnu\u00f0ur n\u00e9 upp\u00feot, \u00feegar menn komu a\u00f0 m\u00e9r.<a name=\"19\"><span class=\"versanumer\">19<\/span><\/a>\u00dear voru Gy\u00f0ingar nokkrir fr\u00e1 As\u00edu. \u00deeir hef\u00f0u \u00e1tt a\u00f0 koma fyrir \u00feig og bera fram k\u00e6ru, hef\u00f0u \u00feeir fundi\u00f0 m\u00e9r eitthva\u00f0 til saka.<a name=\"20\"><span class=\"versanumer\">20<\/span><\/a>Annars skulu \u00feessir, sem h\u00e9r eru, segja til, hva\u00f0 sakn\u00e6mt \u00feeir fundu, \u00feegar \u00e9g st\u00f3\u00f0 fyrir r\u00e1\u00f0inu.<a name=\"21\"><span class=\"versanumer\">21<\/span><\/a>Nema \u00fea\u00f0 s\u00e9 \u00feetta eina, sem \u00e9g hr\u00f3pa\u00f0i, \u00feegar \u00e9g st\u00f3\u00f0 me\u00f0al \u00feeirra: Fyrir upprisu dau\u00f0ra er \u00e9g l\u00f6gs\u00f3ttur \u00ed dag frammi fyrir y\u00f0ur.<a name=\"22\"><span class=\"versanumer\">22<\/span><\/a>Felix, sem var vel kunnugt um veginn, fresta\u00f0i n\u00fa m\u00e1linu, og m\u00e6lti: \u00deegar L\u00fds\u00edas hersveitarforingi kemur ofan hinga\u00f0, skal \u00e9g skera \u00far m\u00e1li y\u00f0ar.<a name=\"23\"><span class=\"versanumer\">23<\/span><\/a>Hann bau\u00f0 hundra\u00f0sh\u00f6f\u00f0ingjanum a\u00f0 hafa P\u00e1l \u00ed v\u00e6gu var\u00f0haldi og varna engum f\u00e9laga hans a\u00f0 vitja um hann.<a name=\"24\"><span class=\"versanumer\">24<\/span><\/a>Nokkrum d\u00f6gum seinna kom Felix me\u00f0 eiginkonu sinni, Dr\u00fasillu. H\u00fan var Gy\u00f0ingur. Hann l\u00e9t s\u00e6kja P\u00e1l og hl\u00fdddi \u00e1 m\u00e1l hans um tr\u00fana \u00e1 Krist Jes\u00fa.<a name=\"25\"><span class=\"versanumer\">25<\/span><\/a>En er hann r\u00e6ddi um r\u00e9ttl\u00e6ti, sj\u00e1lfs\u00f6gun og komandi d\u00f3m, var\u00f0 Felix skelka\u00f0ur og m\u00e6lti: Far burt a\u00f0 sinni. \u00c9g l\u00e6t kalla \u00feig, \u00feegar \u00e9g f\u00e6 t\u00f3m til.<a name=\"26\"><span class=\"versanumer\">26<\/span><\/a>Me\u00f0fram gj\u00f6r\u00f0i hann s\u00e9r von um, a\u00f0 P\u00e1ll mundi gefa s\u00e9r f\u00e9. \u00dev\u00ed var \u00fea\u00f0, a\u00f0 hann l\u00e9t alloft s\u00e6kja hann og \u00e1tti tal vi\u00f0 hann.<a name=\"27\"><span class=\"versanumer\">27<\/span><\/a>\u00deegar tv\u00f6 \u00e1r voru li\u00f0in, t\u00f3k Pork\u00edus Festus vi\u00f0 landstj\u00f3rn af Felix. Felix vildi koma s\u00e9r vel vi\u00f0 Gy\u00f0inga og l\u00e9t \u00fev\u00ed P\u00e1l eftir \u00ed haldi.<\/p>\n<div class=\"footnote1981\">\n<b>24.1<\/b> P\u00e1ll \u00e1k\u00e6r\u00f0ur Post 25.2 \u2013 Anan\u00edas Post 23.2<br \/>\n<b>24.5<\/b> Kveikir \u00f3fri\u00f0 Post 17.6 \u2013 villuflokkur Post 5.17; 15.5; 24.14 \u2013 nasarear Post 2.22+<br \/>\n<b>24.6<\/b> Reyndi a\u00f0 vanhelga musteri\u00f0 Post 21.28 \u2013 Gy\u00f0ingar taka P\u00e1l h\u00f6ndum Post 21.30<br \/>\n<b>24.11<\/b> Skamman t\u00edma \u00ed Jer\u00fasalem Post 21.17,27; sbr Post 21.18; 22.30; 23.12,32 \u2013 til a\u00f0 bi\u00f0jast fyrir Post 8.27<br \/>\n<b>24.14<\/b> Vegurinn Post 9.2+ &#8211; villa Post 24.5+ &#8211; l\u00f6gm\u00e1li\u00f0 og sp\u00e1mennirnir R\u00f3m 3.19,21; Post 26.22; sbr Matt 7.12+<br \/>\n<b>24.15<\/b> Von um upprisu Dan 12.2; J\u00f3h 5.28-29; Post 23.6<br \/>\n<b>24.16<\/b> Hrein samviska Post 23.1<br \/>\n<b>24.17<\/b> Me\u00f0 \u00f6lmusugjafir Post 11.29-30; R\u00f3m 15.25-28; 1Kor 16.1-4; 2Kor 8-9; Gal 2.10 \u2013 og f\u00f3rnir Post 21.24,26<br \/>\n<b>24.18-19<\/b> \u00c9g haf\u00f0i l\u00e1ti\u00f0 hreinsast Post 21.26-27<br \/>\n<b>24.21<\/b> L\u00f6gs\u00f3ttur fyrir upprisu dau\u00f0ra Post 23.6-9; 24.15; 25.19<br \/>\n<b>24.22<\/b> Vegurinn Post 9.2+<br \/>\n<b>24.23<\/b> Varna engum a\u00f0 vitja hans Post 27.3; 28.16,30<br \/>\n<b>24.25<\/b> R\u00e9ttl\u00e6ti og d\u00f3mur J\u00f3h 16.8<br \/>\n<b>24.27<\/b> Koma s\u00e9r vel Post 25.9<\/div>\n","protected":false},"excerpt":{"rendered":"<p>1Fimm d\u00f6gum s\u00ed\u00f0ar f\u00f3r Anan\u00edas \u00e6\u00f0sti prestur ofan \u00feanga\u00f0 og me\u00f0 honum nokkrir \u00f6ldungar og Tert\u00fallus nokkur m\u00e1laf\u00e6rsluma\u00f0ur. \u00deeir b\u00e1ru sakir \u00e1 P\u00e1l fyrir landstj\u00f3ranum.2Hann var n\u00fa kalla\u00f0ur fyrir, en Tert\u00fallus h\u00f3f m\u00e1ls\u00f3knina og sag\u00f0i: Fyrir \u00feitt tilstilli, g\u00f6fugi Felix, sitjum v\u00e9r \u00ed g\u00f3\u00f0um fri\u00f0i, og \u00fej\u00f3\u00f0 vor hefur sakir \u00feinnar forsj\u00e1r \u00f6\u00f0last umb\u00e6tur \u00ed \u00f6llum greinum og alls sta\u00f0ar.3\u00deetta vi\u00f0urkennum v\u00e9r mj\u00f6g \u00feakksamlega.4En svo a\u00f0 \u00e9g tefji \u00feig sem minnst, bi\u00f0 \u00e9g, a\u00f0 \u00fe\u00fa af mildi \u00feinni viljir heyra oss litla hr\u00ed\u00f0.5V\u00e9r h\u00f6fum komist a\u00f0 raun um, a\u00f0 ma\u00f0ur \u00feessi er ska\u00f0r\u00e6\u00f0i, kveikir \u00f3fri\u00f0 me\u00f0 \u00f6llum Gy\u00f0ingum um v\u00ed\u00f0a <a href=\"https:\/\/biblian.is\/1981\/postulasagan-24-kafli\/\"> [&#8230;]<\/a><\/p>\n","protected":false},"author":1,"featured_media":0,"parent":0,"menu_order":0,"comment_status":"open","ping_status":"open","template":"bibliukaflar.php","meta":{"footnotes":""},"class_list":["post-2389","page","type-page","status-publish","hentry"],"_links":{"self":[{"href":"https:\/\/biblian.is\/1981\/wp-json\/wp\/v2\/pages\/2389","targetHints":{"allow":["GET"]}}],"collection":[{"href":"https:\/\/biblian.is\/1981\/wp-json\/wp\/v2\/pages"}],"about":[{"href":"https:\/\/biblian.is\/1981\/wp-json\/wp\/v2\/types\/page"}],"author":[{"embeddable":true,"href":"https:\/\/biblian.is\/1981\/wp-json\/wp\/v2\/users\/1"}],"replies":[{"embeddable":true,"href":"https:\/\/biblian.is\/1981\/wp-json\/wp\/v2\/comments?post=2389"}],"version-history":[{"count":0,"href":"https:\/\/biblian.is\/1981\/wp-json\/wp\/v2\/pages\/2389\/revisions"}],"wp:attachment":[{"href":"https:\/\/biblian.is\/1981\/wp-json\/wp\/v2\/media?parent=2389"}],"curies":[{"name":"wp","href":"https:\/\/api.w.org\/{rel}","templated":true}]}}