{"id":2387,"date":"2017-11-18T20:21:34","date_gmt":"2017-11-18T20:21:34","guid":{"rendered":"http:\/\/biblian.is\/1981\/postulasagan-22-kafli\/"},"modified":"2021-06-06T11:04:54","modified_gmt":"2021-06-06T11:04:54","slug":"postulasagan-22-kafli","status":"publish","type":"page","link":"https:\/\/biblian.is\/1981\/postulasagan-22-kafli\/","title":{"rendered":"Postulasagan 22. kafli"},"content":{"rendered":"<p><a name=\"1\"><span class=\"versanumer\">1<\/span><\/a>Br\u00e6\u00f0ur og fe\u00f0ur, hlusti\u00f0 \u00e1 \u00fea\u00f0, sem \u00e9g \u00e6tla a\u00f0 flytja y\u00f0ur m\u00e9r til varnar.<a name=\"2\"><span class=\"versanumer\">2<\/span><\/a>En er \u00feeir heyr\u00f0u hann \u00e1varpa sig \u00e1 hebresku, ur\u00f0u \u00feeir enn hlj\u00f3\u00f0ari. Hann heldur \u00e1fram:<a name=\"3\"><span class=\"versanumer\">3<\/span><\/a>\u00c9g er Gy\u00f0ingur, f\u00e6ddur \u00ed Tarsus \u00ed Kilik\u00edu, en alinn upp \u00ed \u00feessari borg. Vi\u00f0 f\u00e6tur Gamal\u00edels hlaut \u00e9g fyllstu uppfr\u00e6\u00f0slu \u00ed l\u00f6gm\u00e1li fe\u00f0ra vorra. Gu\u00f0s str\u00ed\u00f0sma\u00f0ur vildi \u00e9g vera ekki s\u00ed\u00f0ur en \u00fe\u00e9r allir \u00ed dag.<a name=\"4\"><span class=\"versanumer\">4<\/span><\/a>\u00c9g ofs\u00f3tti \u00fe\u00e1, sem voru \u00feessa vegar, og spar\u00f0i ekki l\u00edf \u00feeirra, f\u00e6r\u00f0i \u00ed fj\u00f6tra og hneppti \u00ed fangelsi karla og konur.<a name=\"5\"><span class=\"versanumer\">5<\/span><\/a>\u00c6\u00f0sti presturinn og allt \u00f6ldungar\u00e1\u00f0i\u00f0 geta bori\u00f0 m\u00e9r vitni um \u00feetta. Hj\u00e1 \u00feeim f\u00e9kk \u00e9g br\u00e9f til br\u00e6\u00f0ranna \u00ed Damaskus og f\u00f3r \u00feanga\u00f0 til a\u00f0 flytja einnig \u00fe\u00e1, er \u00fear voru, \u00ed b\u00f6ndum til Jer\u00fasalem, a\u00f0 \u00feeim yr\u00f0i refsa\u00f0.<a name=\"6\"><span class=\"versanumer\">6<\/span><\/a>En \u00e1 lei\u00f0inni, er \u00e9g n\u00e1lga\u00f0ist Damaskus, bar svo vi\u00f0 um h\u00e1degisbil, a\u00f0 lj\u00f3s miki\u00f0 af himni leiftra\u00f0i skyndilega um mig.<a name=\"7\"><span class=\"versanumer\">7<\/span><\/a>\u00c9g f\u00e9ll til jar\u00f0ar og heyr\u00f0i raust, er sag\u00f0i vi\u00f0 mig: S\u00e1l, S\u00e1l, hv\u00ed ofs\u00e6kir \u00fe\u00fa mig?<a name=\"8\"><span class=\"versanumer\">8<\/span><\/a>\u00c9g svara\u00f0i: Hver ert \u00fe\u00fa, herra? Og hann sag\u00f0i vi\u00f0 mig: \u00c9g er Jes\u00fas fr\u00e1 Nasaret, sem \u00fe\u00fa ofs\u00e6kir.<a name=\"9\"><span class=\"versanumer\">9<\/span><\/a>\u00deeir, sem me\u00f0 m\u00e9r voru, s\u00e1u lj\u00f3si\u00f0, en raust \u00feess, er vi\u00f0 mig tala\u00f0i, heyr\u00f0u \u00feeir ekki.<a name=\"10\"><span class=\"versanumer\">10<\/span><\/a>\u00de\u00e1 sag\u00f0i \u00e9g: Hva\u00f0 \u00e1 \u00e9g a\u00f0 gj\u00f6ra, herra? En Drottinn sag\u00f0i vi\u00f0 mig: R\u00eds upp og far til Damaskus. \u00dear mun \u00fe\u00e9r ver\u00f0a sagt allt, sem \u00fe\u00e9r er \u00e6tla\u00f0 a\u00f0 gj\u00f6ra.<a name=\"11\"><span class=\"versanumer\">11<\/span><\/a>En me\u00f0 \u00fev\u00ed a\u00f0 \u00e9g var blinda\u00f0ur af lj\u00f3ma \u00feessa lj\u00f3ss, ur\u00f0u f\u00f6runautar m\u00ednir a\u00f0 lei\u00f0a mig, og \u00feannig komst \u00e9g til Damaskus.<a name=\"12\"><span class=\"versanumer\">12<\/span><\/a>En Anan\u00edas nokkur, ma\u00f0ur gu\u00f0r\u00e6kinn eftir l\u00f6gm\u00e1linu og \u00ed g\u00f3\u00f0um metum hj\u00e1 \u00f6llum Gy\u00f0ingum, er \u00fear bjuggu,<a name=\"13\"><span class=\"versanumer\">13<\/span><\/a>kom til m\u00edn, nam sta\u00f0ar hj\u00e1 m\u00e9r og sag\u00f0i: S\u00e1l, br\u00f3\u00f0ir, f\u00e1 \u00fe\u00fa aftur sj\u00f3n \u00fe\u00edna! \u00c1 s\u00f6mu stundu f\u00e9kk \u00e9g sj\u00f3nina og s\u00e1 hann.<a name=\"14\"><span class=\"versanumer\">14<\/span><\/a>En hann sag\u00f0i: Gu\u00f0 fe\u00f0ra vorra hefur \u00fatvali\u00f0 \u00feig til a\u00f0 \u00feekkja vilja sinn, a\u00f0 sj\u00e1 hinn r\u00e9ttl\u00e1ta og heyra raustina af munni hans.<a name=\"15\"><span class=\"versanumer\">15<\/span><\/a>\u00dev\u00ed a\u00f0 \u00fe\u00fa skalt honum vottur vera hj\u00e1 \u00f6llum m\u00f6nnum um \u00fea\u00f0, sem \u00fe\u00fa hefur s\u00e9\u00f0 og heyrt.<a name=\"16\"><span class=\"versanumer\">16<\/span><\/a>Hva\u00f0 dvelur \u00feig n\u00fa? R\u00eds upp, \u00e1kalla nafn hans og l\u00e1t sk\u00edrast og laugast af syndum \u00fe\u00ednum.<a name=\"17\"><span class=\"versanumer\">17<\/span><\/a>En \u00feegar \u00e9g var kominn aftur til Jer\u00fasalem og ba\u00f0st fyrir \u00ed helgid\u00f3minum, var\u00f0 \u00e9g fr\u00e1 m\u00e9r numinn<a name=\"18\"><span class=\"versanumer\">18<\/span><\/a>og s\u00e1 hann, og hann sag\u00f0i vi\u00f0 mig: Fl\u00fdt \u00fe\u00e9r og far sem skj\u00f3tast burt \u00far Jer\u00fasalem, \u00fev\u00ed a\u00f0 \u00feeir munu ekki veita vi\u00f0t\u00f6ku vitnisbur\u00f0i \u00fe\u00ednum um mig.<a name=\"19\"><span class=\"versanumer\">19<\/span><\/a>\u00c9g sag\u00f0i: Drottinn, \u00feeir vita, a\u00f0 \u00e9g hef veri\u00f0 a\u00f0 hneppa \u00ed fangelsi \u00fe\u00e1, sem tr\u00fa\u00f0u \u00e1 \u00feig, og l\u00e1ta h\u00fa\u00f0str\u00fdkja \u00fe\u00e1 \u00ed samkunduh\u00fasunum.<a name=\"20\"><span class=\"versanumer\">20<\/span><\/a>Og \u00feegar \u00fathellt var bl\u00f3\u00f0i Stef\u00e1ns, vottar \u00fe\u00edns, st\u00f3\u00f0 \u00e9g sj\u00e1lfur \u00fear hj\u00e1 og l\u00e9t m\u00e9r vel l\u00edka og var\u00f0veitti kl\u00e6\u00f0i \u00feeirra, sem t\u00f3ku hann af l\u00edfi.<a name=\"21\"><span class=\"versanumer\">21<\/span><\/a>Hann sag\u00f0i vi\u00f0 mig: Far \u00fe\u00fa, \u00fev\u00ed a\u00f0 \u00e9g mun senda \u00feig til hei\u00f0ingja langt \u00ed burtu.<a name=\"22\"><span class=\"versanumer\">22<\/span><\/a>Allt a\u00f0 \u00feessu or\u00f0i hl\u00fdddu \u00feeir \u00e1 hann, en n\u00fa h\u00f3fu \u00feeir upp raust s\u00edna og hr\u00f3pu\u00f0u: Burt me\u00f0 sl\u00edkan mann af j\u00f6r\u00f0inni! Eigi h\u00e6fir, a\u00f0 hann lifi!<a name=\"23\"><span class=\"versanumer\">23<\/span><\/a>N\u00fa sem \u00feeir \u00e6ptu og vingsu\u00f0u kl\u00e6\u00f0um s\u00ednum og \u00feyrlu\u00f0u ryki \u00ed loft upp,<a name=\"24\"><span class=\"versanumer\">24<\/span><\/a>skipa\u00f0i hersveitarforinginn a\u00f0 fara me\u00f0 hann inn \u00ed kastalann og h\u00fd\u00f0a hann og k\u00faga hann me\u00f0 \u00fev\u00ed til sagna, svo a\u00f0 hann k\u00e6mist a\u00f0 \u00fev\u00ed, fyrir hverja s\u00f6k \u00feeir gj\u00f6r\u00f0u sl\u00edk \u00f3p a\u00f0 honum.<a name=\"25\"><span class=\"versanumer\">25<\/span><\/a>En \u00fe\u00e1 er \u00feeir strengdu hann undir h\u00f6ggin, sag\u00f0i P\u00e1ll vi\u00f0 hundra\u00f0sh\u00f6f\u00f0ingjann, er hj\u00e1 st\u00f3\u00f0: Leyfist y\u00f0ur a\u00f0 h\u00fa\u00f0str\u00fdkja r\u00f3mverskan mann og \u00fea\u00f0 \u00e1n d\u00f3ms og laga?<a name=\"26\"><span class=\"versanumer\">26<\/span><\/a>\u00deegar hundra\u00f0sh\u00f6f\u00f0inginn heyr\u00f0i \u00feetta, f\u00f3r hann til hersveitarforingjans, sk\u00fdr\u00f0i honum fr\u00e1 og sag\u00f0i: Hva\u00f0 ert \u00fe\u00fa a\u00f0 gj\u00f6ra? Ma\u00f0ur \u00feessi er r\u00f3mverskur.<a name=\"27\"><span class=\"versanumer\">27<\/span><\/a>Hersveitarforinginn kom \u00fe\u00e1 og sag\u00f0i vi\u00f0 P\u00e1l: Seg m\u00e9r, ert \u00fe\u00fa r\u00f3mverskur borgari? P\u00e1ll sag\u00f0i: J\u00e1.<a name=\"28\"><span class=\"versanumer\">28<\/span><\/a>Hersveitarforinginn sag\u00f0i: Fyrir \u00e6ri\u00f0 f\u00e9 keypti \u00e9g \u00feennan \u00feegnr\u00e9tt. En P\u00e1ll sag\u00f0i: \u00c9g er meira a\u00f0 segja me\u00f0 honum f\u00e6ddur.<a name=\"29\"><span class=\"versanumer\">29<\/span><\/a>\u00deeir, sem \u00e1ttu a\u00f0 k\u00faga hann til sagna, viku n\u00fa jafnskj\u00f3tt fr\u00e1 honum. Og hersveitarforinginn var\u00f0 hr\u00e6ddur, er hann var\u00f0 \u00feess v\u00eds, a\u00f0 \u00fea\u00f0 var r\u00f3mverskur ma\u00f0ur, sem hann haf\u00f0i l\u00e1ti\u00f0 binda.<a name=\"30\"><span class=\"versanumer\">30<\/span><\/a>Daginn eftir vildi hann ganga \u00far skugga um, fyrir hva\u00f0 Gy\u00f0ingar k\u00e6r\u00f0u hann, l\u00e9t leysa hann og bau\u00f0, a\u00f0 \u00e6\u00f0stu prestarnir og allt r\u00e1\u00f0i\u00f0 k\u00e6mi saman. S\u00ed\u00f0an kom hann ofan me\u00f0 P\u00e1l og leiddi hann fram fyrir \u00fe\u00e1.<\/p>\n<div class=\"footnote1981\"><b>22.1<\/b> Hlusti\u00f0 \u00e1 Post 7.2<br \/>\n<b>22.3<\/b> Gy\u00f0ingur, f\u00e6ddur \u00ed Tarsus Post 21.39 \u2013 Gamal\u00edel Post 5.34 \u2013 str\u00ed\u00f0sma\u00f0ur R\u00f3m 10.2<br \/>\n<b>22.4<\/b> \u00c9g ofs\u00f3tti Post 8.3; 9.1-2; 22.19; 26.9-11 \u2013 vegurinn Post 9.2+<br \/>\n<b>22.6-21<\/b> K\u00f6llun P\u00e1ls Post 9.3-19; 26.12-18<br \/>\n<b>22.15<\/b> Vottur Post 1.8+<br \/>\n<b>22.16<\/b> L\u00e1t sk\u00edrast Post 1.5+ &#8211; \u00e1kalla nafn hans Jl 3.5; Post 2.21; 9.14; R\u00f3m 10.13; sbr Post 3.16+<br \/>\n<b>22.18<\/b> Far burt \u00fev\u00ed a\u00f0 &#8230; Post 9.24-30<br \/>\n<b>22.19<\/b> \u00deeir vita &#8230; Post 8.3; 22.4-5; 26.9-11; 1Kor 15.9; Gal 1.13,23; F\u00edl 3.6; 1T\u00edm 1.13<br \/>\n<b>22.20<\/b> Vi\u00f0staddur l\u00edfl\u00e1t Stef\u00e1ns Post 7.58; 8.1 \u2013 vottur \u00feinn Post 1.8+<br \/>\n<b>22.21<\/b> Sendur til hei\u00f0ingja Post 9.15; 13.46-47; 22.15; 26.17-18; Gal 1.15-16; 2.7-9; K\u00f3l 1.25; sbr postuli Post 14.4+ ; 1Kor 9.1; Gal 1.17<br \/>\n<b>22.22<\/b> Burt me\u00f0 hann Post 21.36<br \/>\n<b>22.25<\/b> R\u00f3mverskur borgari Post 16.37; 23.27<br \/>\n<b>22.29<\/b> Hermennirnir fyllast \u00f3tta sbr Post 16.38<\/div>\n","protected":false},"excerpt":{"rendered":"<p>1Br\u00e6\u00f0ur og fe\u00f0ur, hlusti\u00f0 \u00e1 \u00fea\u00f0, sem \u00e9g \u00e6tla a\u00f0 flytja y\u00f0ur m\u00e9r til varnar.2En er \u00feeir heyr\u00f0u hann \u00e1varpa sig \u00e1 hebresku, ur\u00f0u \u00feeir enn hlj\u00f3\u00f0ari. Hann heldur \u00e1fram:3\u00c9g er Gy\u00f0ingur, f\u00e6ddur \u00ed Tarsus \u00ed Kilik\u00edu, en alinn upp \u00ed \u00feessari borg. Vi\u00f0 f\u00e6tur Gamal\u00edels hlaut \u00e9g fyllstu uppfr\u00e6\u00f0slu \u00ed l\u00f6gm\u00e1li fe\u00f0ra vorra. Gu\u00f0s str\u00ed\u00f0sma\u00f0ur vildi \u00e9g vera ekki s\u00ed\u00f0ur en \u00fe\u00e9r allir \u00ed dag.4\u00c9g ofs\u00f3tti \u00fe\u00e1, sem voru \u00feessa vegar, og spar\u00f0i ekki l\u00edf \u00feeirra, f\u00e6r\u00f0i \u00ed fj\u00f6tra og hneppti \u00ed fangelsi karla og konur.5\u00c6\u00f0sti presturinn og allt \u00f6ldungar\u00e1\u00f0i\u00f0 geta bori\u00f0 m\u00e9r vitni um \u00feetta. Hj\u00e1 \u00feeim f\u00e9kk <a href=\"https:\/\/biblian.is\/1981\/postulasagan-22-kafli\/\"> [&#8230;]<\/a><\/p>\n","protected":false},"author":1,"featured_media":0,"parent":0,"menu_order":0,"comment_status":"open","ping_status":"open","template":"bibliukaflar.php","meta":{"footnotes":""},"class_list":["post-2387","page","type-page","status-publish","hentry"],"_links":{"self":[{"href":"https:\/\/biblian.is\/1981\/wp-json\/wp\/v2\/pages\/2387","targetHints":{"allow":["GET"]}}],"collection":[{"href":"https:\/\/biblian.is\/1981\/wp-json\/wp\/v2\/pages"}],"about":[{"href":"https:\/\/biblian.is\/1981\/wp-json\/wp\/v2\/types\/page"}],"author":[{"embeddable":true,"href":"https:\/\/biblian.is\/1981\/wp-json\/wp\/v2\/users\/1"}],"replies":[{"embeddable":true,"href":"https:\/\/biblian.is\/1981\/wp-json\/wp\/v2\/comments?post=2387"}],"version-history":[{"count":0,"href":"https:\/\/biblian.is\/1981\/wp-json\/wp\/v2\/pages\/2387\/revisions"}],"wp:attachment":[{"href":"https:\/\/biblian.is\/1981\/wp-json\/wp\/v2\/media?parent=2387"}],"curies":[{"name":"wp","href":"https:\/\/api.w.org\/{rel}","templated":true}]}}