{"id":2386,"date":"2017-11-18T20:21:34","date_gmt":"2017-11-18T20:21:34","guid":{"rendered":"http:\/\/biblian.is\/1981\/postulasagan-21-kafli\/"},"modified":"2021-06-06T11:04:53","modified_gmt":"2021-06-06T11:04:53","slug":"postulasagan-21-kafli","status":"publish","type":"page","link":"https:\/\/biblian.is\/1981\/postulasagan-21-kafli\/","title":{"rendered":"Postulasagan 21. kafli"},"content":{"rendered":"<p><a name=\"1\"><span class=\"versanumer\">1<\/span><\/a>\u00deegar v\u00e9r h\u00f6f\u00f0um sliti\u00f0 oss fr\u00e1 \u00feeim, l\u00e9tum v\u00e9r \u00ed haf og h\u00e9ldum beina lei\u00f0 til K\u00f3s, n\u00e6sta dag til R\u00f3dus og \u00fea\u00f0an til Patara.<a name=\"2\"><span class=\"versanumer\">2<\/span><\/a>\u00dear hittum v\u00e9r \u00e1 skip, er fara \u00e1tti til F\u00f6nik\u00edu. Stigum v\u00e9r \u00e1 \u00fea\u00f0 og l\u00e9tum \u00ed haf.<a name=\"3\"><span class=\"versanumer\">3<\/span><\/a>V\u00e9r h\u00f6f\u00f0um lands\u00fdn af K\u00fdpur, l\u00e9tum hana \u00e1 bakbor\u00f0a og sigldum til S\u00fdrlands og t\u00f3kum h\u00f6fn \u00ed T\u00fdrus. \u00dear \u00e1tti skipi\u00f0 a\u00f0 leggja upp farminn.<a name=\"4\"><span class=\"versanumer\">4<\/span><\/a>V\u00e9r fundum l\u00e6risveinana og dv\u00f6ldumst \u00fear sj\u00f6 daga. \u00deeir s\u00f6g\u00f0u P\u00e1li af gift andans, a\u00f0 hann skyldi ekki halda \u00e1fram til Jer\u00fasalem.<a name=\"5\"><span class=\"versanumer\">5<\/span><\/a>A\u00f0 \u00feessum d\u00f6gum li\u00f0num l\u00f6g\u00f0um v\u00e9r af sta\u00f0. Fylgdu \u00feeir oss allir \u00e1 veg me\u00f0 konum og b\u00f6rnum \u00fat fyrir borgina. V\u00e9r f\u00e9llum \u00e1 kn\u00e9 \u00ed fj\u00f6runni og b\u00e1\u00f0umst fyrir.<a name=\"6\"><span class=\"versanumer\">6<\/span><\/a>\u00dear kv\u00f6ddumst v\u00e9r. V\u00e9r stigum \u00e1 skip, en hinir sneru aftur heim til s\u00edn.<a name=\"7\"><span class=\"versanumer\">7<\/span><\/a>V\u00e9r komum til Pt\u00f3lemais fr\u00e1 T\u00fdrus og lukum \u00fear sj\u00f3fer\u00f0inni. V\u00e9r heilsu\u00f0um br\u00e6\u00f0runum og dv\u00f6ldumst hj\u00e1 \u00feeim einn dag.<a name=\"8\"><span class=\"versanumer\">8<\/span><\/a>Daginn eftir f\u00f3rum v\u00e9r \u00fea\u00f0an og komum til Sesareu, gengum inn \u00ed h\u00fas Filippusar tr\u00fabo\u00f0a, sem var einn af \u00feeim sj\u00f6, og dv\u00f6ldumst hj\u00e1 honum.<a name=\"9\"><span class=\"versanumer\">9<\/span><\/a>Hann \u00e1tti fj\u00f3rar \u00f3giftar d\u00e6tur, g\u00e6ddar sp\u00e1d\u00f3msg\u00e1fu.<a name=\"10\"><span class=\"versanumer\">10<\/span><\/a>\u00deegar v\u00e9r h\u00f6f\u00f0um dvalist \u00fear nokkra daga, kom sp\u00e1ma\u00f0ur einn ofan fr\u00e1 J\u00fadeu, Agabus a\u00f0 nafni.<a name=\"11\"><span class=\"versanumer\">11<\/span><\/a>Hann kom til vor, t\u00f3k belti P\u00e1ls, batt f\u00e6tur s\u00edna og hendur og m\u00e6lti: Svo segir heilagur andi: \u00deannig munu Gy\u00f0ingar \u00ed Jer\u00fasalem binda \u00feann mann, sem \u00feetta belti \u00e1, og selja hann \u00ed hendur hei\u00f0ingjum.<a name=\"12\"><span class=\"versanumer\">12<\/span><\/a>\u00deegar v\u00e9r heyr\u00f0um \u00feetta, l\u00f6g\u00f0um v\u00e9r og heimamenn a\u00f0 P\u00e1li a\u00f0 fara ekki upp til Jer\u00fasalem.<a name=\"13\"><span class=\"versanumer\">13<\/span><\/a>En hann sag\u00f0i: Hv\u00ed gr\u00e1ti\u00f0 \u00fe\u00e9r og hrelli\u00f0 hjarta mitt? \u00c9g er eigi a\u00f0eins rei\u00f0ub\u00fainn a\u00f0 l\u00e1ta binda mig, heldur og a\u00f0 deyja \u00ed Jer\u00fasalem fyrir nafn Drottins Jes\u00fa.<a name=\"14\"><span class=\"versanumer\">14<\/span><\/a>Honum var\u00f0 eigi tali\u00f0 hughvarf. \u00de\u00e1 l\u00e9tum v\u00e9r kyrrt og s\u00f6g\u00f0um: Ver\u00f0i Drottins vilji.<a name=\"15\"><span class=\"versanumer\">15<\/span><\/a>A\u00f0 \u00feessum d\u00f6gum li\u00f0num bjuggumst v\u00e9r til fer\u00f0ar og h\u00e9ldum upp til Jer\u00fasalem.<a name=\"16\"><span class=\"versanumer\">16<\/span><\/a>Nokkrir l\u00e6risveinar fr\u00e1 Sesareu ur\u00f0u oss samfer\u00f0a. \u00deeir f\u00f3ru me\u00f0 oss til Mnasons nokkurs fr\u00e1 K\u00fdpur, l\u00e6risveins fr\u00e1 elstu t\u00ed\u00f0, og skyldum v\u00e9r gista hj\u00e1 honum.<a name=\"17\"><span class=\"versanumer\">17<\/span><\/a>\u00deegar v\u00e9r komum til Jer\u00fasalem, t\u00f3ku br\u00e6\u00f0urnir oss feginsamlega.<a name=\"18\"><span class=\"versanumer\">18<\/span><\/a>N\u00e6sta dag gekk P\u00e1ll me\u00f0 oss til Jakobs, og allir \u00f6ldungarnir komu \u00feanga\u00f0.<a name=\"19\"><span class=\"versanumer\">19<\/span><\/a>P\u00e1ll heilsa\u00f0i \u00feeim og l\u00fdsti s\u00ed\u00f0an n\u00e1kv\u00e6mlega \u00f6llu, sem Gu\u00f0 haf\u00f0i gj\u00f6rt me\u00f0al hei\u00f0ingjanna me\u00f0 \u00fej\u00f3nustu hans.<a name=\"20\"><span class=\"versanumer\">20<\/span><\/a>\u00deeir vegs\u00f6mu\u00f0u Gu\u00f0 fyrir \u00fea\u00f0, sem \u00feeir heyr\u00f0u, og s\u00f6g\u00f0u vi\u00f0 hann: \u00de\u00fa s\u00e9r\u00f0, br\u00f3\u00f0ir hve margir tugir \u00fe\u00fasunda \u00fea\u00f0 eru me\u00f0al Gy\u00f0inga, sem tr\u00fa hafa teki\u00f0, og allir eru \u00feeir vandl\u00e1tir um l\u00f6gm\u00e1li\u00f0.<a name=\"21\"><span class=\"versanumer\">21<\/span><\/a>En \u00feeim hefur veri\u00f0 sagt, a\u00f0 \u00fe\u00fa kennir \u00f6llum Gy\u00f0ingum, sem eru me\u00f0al hei\u00f0ingja, a\u00f0 hverfa fr\u00e1 M\u00f3se og segir, a\u00f0 \u00feeir skuli hvorki umskera b\u00f6rn s\u00edn n\u00e9 fylgja si\u00f0um vorum.<a name=\"22\"><span class=\"versanumer\">22<\/span><\/a>Hva\u00f0 \u00e1 n\u00fa a\u00f0 gj\u00f6ra? V\u00edst mun \u00fea\u00f0 spyrjast, a\u00f0 \u00fe\u00fa ert kominn.<a name=\"23\"><span class=\"versanumer\">23<\/span><\/a>Gj\u00f6r \u00fev\u00ed \u00feetta, sem v\u00e9r n\u00fa segjum \u00fe\u00e9r. Hj\u00e1 oss eru fj\u00f3rir menn, sem heit hv\u00edlir \u00e1.<a name=\"24\"><span class=\"versanumer\">24<\/span><\/a>Tak \u00fe\u00e1 me\u00f0 \u00fe\u00e9r, l\u00e1t hreinsast me\u00f0 \u00feeim og ber kostna\u00f0inn fyrir \u00fe\u00e1, a\u00f0 \u00feeir geti l\u00e1ti\u00f0 raka h\u00f6fu\u00f0 s\u00edn. \u00de\u00e1 mega allir sj\u00e1, a\u00f0 ekkert er h\u00e6ft \u00ed \u00fev\u00ed, sem \u00feeim hefur veri\u00f0 sagt um \u00feig, heldur g\u00e6tir \u00fe\u00fa l\u00f6gm\u00e1lsins sj\u00e1lfur \u00ed breytni \u00feinni.<a name=\"25\"><span class=\"versanumer\">25<\/span><\/a>En um hei\u00f0ingja, sem tr\u00fa hafa teki\u00f0, h\u00f6fum v\u00e9r gefi\u00f0 \u00fat br\u00e9f og \u00e1lykta\u00f0, a\u00f0 \u00feeir skuli varast kj\u00f6t f\u00f3rna\u00f0 skur\u00f0go\u00f0um, bl\u00f3\u00f0, kj\u00f6t af k\u00f6fnu\u00f0um d\u00fdrum og saurlifna\u00f0.<a name=\"26\"><span class=\"versanumer\">26<\/span><\/a>P\u00e1ll t\u00f3k a\u00f0 s\u00e9r mennina og l\u00e9t hreinsast me\u00f0 \u00feeim daginn eftir. S\u00ed\u00f0an gekk hann inn \u00ed helgid\u00f3minn og gj\u00f6r\u00f0i kunnugt, hven\u00e6r hreinsunardagarnir v\u00e6ru \u00e1 enda og f\u00f3rnin fyrir hvern \u00feeirra skyldi fram borin.<a name=\"27\"><span class=\"versanumer\">27<\/span><\/a>\u00deegar dagarnir sj\u00f6 voru n\u00e6r li\u00f0nir, s\u00e1u Gy\u00f0ingar fr\u00e1 As\u00edu P\u00e1l \u00ed helgid\u00f3minum. \u00deeir komu \u00f6llu f\u00f3lkinu \u00ed uppn\u00e1m, l\u00f6g\u00f0u hendur \u00e1 hann<a name=\"28\"><span class=\"versanumer\">28<\/span><\/a>og hr\u00f3pu\u00f0u: \u00cdsraelsmenn, veiti\u00f0 n\u00fa li\u00f0. \u00deetta er ma\u00f0urinn, sem alls sta\u00f0ar kennir \u00f6llum \u00fea\u00f0, sem er andst\u00e6tt l\u00fd\u00f0num, l\u00f6gm\u00e1linu og \u00feessum sta\u00f0. Og n\u00fa hefur hann auk heldur fari\u00f0 me\u00f0 Grikki inn \u00ed helgid\u00f3minn og saurga\u00f0 \u00feennan heilaga sta\u00f0.<a name=\"29\"><span class=\"versanumer\">29<\/span><\/a>En \u00feeir h\u00f6f\u00f0u \u00e1\u00f0ur s\u00e9\u00f0 Tr\u00f3f\u00edmus fr\u00e1 Efesus me\u00f0 honum \u00ed borginni og hug\u00f0u, a\u00f0 P\u00e1ll hef\u00f0i fari\u00f0 me\u00f0 hann inn \u00ed helgid\u00f3minn.<a name=\"30\"><span class=\"versanumer\">30<\/span><\/a>\u00d6ll borgin var\u00f0 uppv\u00e6g, f\u00f3lk \u00feusti a\u00f0, \u00feeir t\u00f3ku P\u00e1l og dr\u00f3gu hann \u00fat \u00far helgid\u00f3minum. Jafnskj\u00f3tt var dyrunum l\u00e6st.<a name=\"31\"><span class=\"versanumer\">31<\/span><\/a>\u00deeir \u00e6tlu\u00f0u a\u00f0 l\u00edfl\u00e1ta hann, en hersveitarforingjanum var tj\u00e1\u00f0, a\u00f0 \u00f6ll Jer\u00fasalem v\u00e6ri \u00ed uppn\u00e1mi.<a name=\"32\"><span class=\"versanumer\">32<\/span><\/a>Hann br\u00e1 vi\u00f0 og t\u00f3k me\u00f0 s\u00e9r hermenn og hundra\u00f0sh\u00f6f\u00f0ingja og hlj\u00f3p ni\u00f0ur til \u00feeirra. \u00deegar \u00feeir s\u00e1u hersveitarforingjann og hermennina, h\u00e6ttu \u00feeir a\u00f0 berja P\u00e1l.<a name=\"33\"><span class=\"versanumer\">33<\/span><\/a>Hersveitarforinginn kom \u00fe\u00e1 a\u00f0, t\u00f3k hann og skipa\u00f0i a\u00f0 binda hann tvennum fj\u00f6trum og spur\u00f0i, hver hann v\u00e6ri og hva\u00f0 hann hef\u00f0i gj\u00f6rt.<a name=\"34\"><span class=\"versanumer\">34<\/span><\/a>En sitt kalla\u00f0i hver \u00ed mannfj\u00f6ldanum. \u00deegar hann gat ekki or\u00f0i\u00f0 neins v\u00edsari s\u00f6kum \u00f3r\u00f3ans, bau\u00f0 hann a\u00f0 fara me\u00f0 hann upp \u00ed kastalann.<a name=\"35\"><span class=\"versanumer\">35<\/span><\/a>\u00deegar komi\u00f0 var a\u00f0 \u00ferepunum, ur\u00f0u hermennirnir a\u00f0 bera hann vegna ofsans \u00ed f\u00f3lkinu,<a name=\"36\"><span class=\"versanumer\">36<\/span><\/a>en m\u00fagur manns fylgdi eftir og \u00e6pti: Burt me\u00f0 hann!<a name=\"37\"><span class=\"versanumer\">37<\/span><\/a>Um lei\u00f0 og fara \u00e1tti me\u00f0 P\u00e1l inn \u00ed kastalann, segir hann vi\u00f0 hersveitarforingjann: Leyfist m\u00e9r a\u00f0 tala nokkur or\u00f0 vi\u00f0 \u00feig? Hann svara\u00f0i: Kannt \u00fe\u00fa gr\u00edsku?<a name=\"38\"><span class=\"versanumer\">38<\/span><\/a>Ekki ert \u00fe\u00fa \u00fe\u00e1 Egyptinn, sem \u00e6sti til uppreisnar \u00e1 d\u00f6gunum og f\u00f3r me\u00f0 mor\u00f0vargana fj\u00f6gur \u00fe\u00fasund \u00fat \u00ed \u00f3bygg\u00f0ir.<a name=\"39\"><span class=\"versanumer\">39<\/span><\/a>P\u00e1ll sag\u00f0i: \u00c9g er Gy\u00f0ingur, fr\u00e1 Tarsus \u00ed Kilik\u00edu, borgari \u00ed ekki \u00f3merkum b\u00e6. \u00c9g bi\u00f0 \u00feig, leyf m\u00e9r a\u00f0 tala til f\u00f3lksins.<a name=\"40\"><span class=\"versanumer\">40<\/span><\/a>Hann leyf\u00f0i \u00fea\u00f0. P\u00e1ll banda\u00f0i hendi til f\u00f3lksins, \u00fear sem hann st\u00f3\u00f0 \u00e1 \u00ferepunum. \u00deegar hann haf\u00f0i fengi\u00f0 gott hlj\u00f3\u00f0, m\u00e6lti hann til \u00feeirra \u00e1 hebreska tungu:<\/p>\n<div class=\"footnote1981\"><b>21.1<\/b> Vi\u00f0 (fr\u00e1s\u00f6gn \u00ed fyrstu pers\u00f3nu fleirt\u00f6lu) Post 16.10+<br \/>\n<b>21.4<\/b> L\u00e6risveinarnir Post 6.1+ &#8211; P\u00e1ll vara\u00f0ur vi\u00f0 Post 20.23<br \/>\n<b>21.5<\/b> Be\u00f0ist fyrir \u00e1 skilna\u00f0arstundu Post 20.36<br \/>\n<b>21.8<\/b> Filippus, einn af \u00feeim sj\u00f6 Post 8.5+ &#8211; tr\u00fabo\u00f0i Ef 4.11; 2T\u00edm 4.5<br \/>\n<b>21.9<\/b> D\u00e6tur, g\u00e6ddar sp\u00e1d\u00f3msg\u00e1fu Jl 3.1; Post 2.17; 1Kor 11.5; sbr 1Kor 14.33; 1T\u00edm 2.11-12 \u2013 sp\u00e1menn Post 11.27+<br \/>\n<b>21.10<\/b> Sp\u00e1ma\u00f0urinn Agabus Post 11.28<br \/>\n<b>21.11<\/b> Sagt fyrir um handt\u00f6ku P\u00e1ls Post 20.23; 21.10-12; sbr J\u00f3h 21.18<br \/>\n<b>21.12<\/b> Heimamenn Post 1.15+ &#8211; a\u00f0 fara ekki sbr Matt 16.22<br \/>\n<b>21.13<\/b> Rei\u00f0ub\u00fainn a\u00f0 deyja Post 20.24 \u2013 nafn Post 3.16+<br \/>\n<b>21.14<\/b> Ver\u00f0i Drottins vilji L\u00fak 22.42 og hlst.<br \/>\n<b>21.16<\/b> L\u00e6risveinarnir Post 6.1+ &#8211; Sesarea Post 23.23+<br \/>\n<b>21.17<\/b> S\u00f6fnu\u00f0urinn Post 1.15+<br \/>\n<b>21.18<\/b> Heims\u00f3kn \u00f6ldunga safna\u00f0arins Post 15.2 \u2013 Jakob Post 15.13+ &#8211; \u00f6ldungarnir Post 11.30+<br \/>\n<b>21.19<\/b> P\u00e1ll segir fr\u00e1 Post 14.27; 15.3-4,12<br \/>\n<b>21.20<\/b> \u00de\u00fasundir me\u00f0al Gy\u00f0inga Post 5.14; 6.7; sbr Post 2.41+ &#8211; vandl\u00e1tir um l\u00f6gm\u00e1li\u00f0 Post 15.1,5<br \/>\n<b>21.21<\/b> Hverfa fr\u00e1 M\u00f3se Post 18.13; 21.28; 28.17; sbr Post 6.11-14; 15.1,5 \u2013 P\u00e1ll og umskurnin Post 16.3; Gal 2.3 \u2013 kenning P\u00e1ls R\u00f3m 2.25-29; 3.21-26; 10.4; Gal 3.22<br \/>\n<b>21.23-24<\/b> Heit hv\u00edlir \u00e1 4M\u00f3s 6.5,13-18,21; Post 18.18<br \/>\n<b>21.25<\/b> Um hei\u00f0inga Post 15.19-20,28-29<br \/>\n<b>21.26<\/b> P\u00e1ll g\u00e6tir l\u00f6gm\u00e1lsins 1Kor 9.20; Post 21.23-24+<br \/>\n<b>21.28<\/b> Kennir andst\u00e6tt l\u00f6gm\u00e1li M\u00f3se Post 21.21+ &#8211; Grikkir \u00ed helgid\u00f3minum Esk 44.7<br \/>\n<b>21.33<\/b> P\u00e1ll fj\u00f6tra\u00f0ur sbr Post 20.23; 21.11<br \/>\n<b>21.36<\/b> Burt me\u00f0 hann L\u00fak 23.18; J\u00f3h 19.15; Post 22.22<br \/>\n<b>21.38<\/b> Uppreisnarforingi Post 5.36-37<br \/>\n<b>21.39<\/b> Borgari \u00ed Tarsus Post 9.11; 22.3<br \/>\n<b>21.40<\/b> Banda hendi Post 12.17; 13.16; 19.33 \u2013 \u00e1 hebreska tungu Post 26.14<\/div>\n","protected":false},"excerpt":{"rendered":"<p>1\u00deegar v\u00e9r h\u00f6f\u00f0um sliti\u00f0 oss fr\u00e1 \u00feeim, l\u00e9tum v\u00e9r \u00ed haf og h\u00e9ldum beina lei\u00f0 til K\u00f3s, n\u00e6sta dag til R\u00f3dus og \u00fea\u00f0an til Patara.2\u00dear hittum v\u00e9r \u00e1 skip, er fara \u00e1tti til F\u00f6nik\u00edu. Stigum v\u00e9r \u00e1 \u00fea\u00f0 og l\u00e9tum \u00ed haf.3V\u00e9r h\u00f6f\u00f0um lands\u00fdn af K\u00fdpur, l\u00e9tum hana \u00e1 bakbor\u00f0a og sigldum til S\u00fdrlands og t\u00f3kum h\u00f6fn \u00ed T\u00fdrus. \u00dear \u00e1tti skipi\u00f0 a\u00f0 leggja upp farminn.4V\u00e9r fundum l\u00e6risveinana og dv\u00f6ldumst \u00fear sj\u00f6 daga. \u00deeir s\u00f6g\u00f0u P\u00e1li af gift andans, a\u00f0 hann skyldi ekki halda \u00e1fram til Jer\u00fasalem.5A\u00f0 \u00feessum d\u00f6gum li\u00f0num l\u00f6g\u00f0um v\u00e9r af sta\u00f0. Fylgdu \u00feeir oss allir \u00e1 veg <a href=\"https:\/\/biblian.is\/1981\/postulasagan-21-kafli\/\"> [&#8230;]<\/a><\/p>\n","protected":false},"author":1,"featured_media":0,"parent":0,"menu_order":0,"comment_status":"open","ping_status":"open","template":"bibliukaflar.php","meta":{"footnotes":""},"class_list":["post-2386","page","type-page","status-publish","hentry"],"_links":{"self":[{"href":"https:\/\/biblian.is\/1981\/wp-json\/wp\/v2\/pages\/2386","targetHints":{"allow":["GET"]}}],"collection":[{"href":"https:\/\/biblian.is\/1981\/wp-json\/wp\/v2\/pages"}],"about":[{"href":"https:\/\/biblian.is\/1981\/wp-json\/wp\/v2\/types\/page"}],"author":[{"embeddable":true,"href":"https:\/\/biblian.is\/1981\/wp-json\/wp\/v2\/users\/1"}],"replies":[{"embeddable":true,"href":"https:\/\/biblian.is\/1981\/wp-json\/wp\/v2\/comments?post=2386"}],"version-history":[{"count":0,"href":"https:\/\/biblian.is\/1981\/wp-json\/wp\/v2\/pages\/2386\/revisions"}],"wp:attachment":[{"href":"https:\/\/biblian.is\/1981\/wp-json\/wp\/v2\/media?parent=2386"}],"curies":[{"name":"wp","href":"https:\/\/api.w.org\/{rel}","templated":true}]}}