{"id":2385,"date":"2017-11-18T20:21:34","date_gmt":"2017-11-18T20:21:34","guid":{"rendered":"http:\/\/biblian.is\/1981\/postulasagan-20-kafli\/"},"modified":"2021-06-06T11:04:53","modified_gmt":"2021-06-06T11:04:53","slug":"postulasagan-20-kafli","status":"publish","type":"page","link":"https:\/\/biblian.is\/1981\/postulasagan-20-kafli\/","title":{"rendered":"Postulasagan 20. kafli"},"content":{"rendered":"<p><a name=\"1\"><span class=\"versanumer\">1<\/span><\/a>\u00deegar \u00feessum l\u00e1tum linnti, sendi P\u00e1ll eftir l\u00e6risveinunum, upp\u00f6rva\u00f0i \u00fe\u00e1 og kvaddi s\u00ed\u00f0an og lag\u00f0i af sta\u00f0 til Maked\u00f3n\u00edu.<a name=\"2\"><span class=\"versanumer\">2<\/span><\/a>Hann f\u00f3r n\u00fa um \u00feau h\u00e9ru\u00f0 og upp\u00f6rva\u00f0i menn me\u00f0 m\u00f6rgum or\u00f0um. S\u00ed\u00f0an h\u00e9lt hann til Grikklands.<a name=\"3\"><span class=\"versanumer\">3<\/span><\/a>Dvaldist hann \u00fear \u00ferj\u00e1 m\u00e1nu\u00f0i. \u00de\u00e1 bj\u00f3st hann til a\u00f0 sigla til S\u00fdrlands, en \u00fear e\u00f0 Gy\u00f0ingar bruggu\u00f0u honum launr\u00e1\u00f0, t\u00f3k hann til brag\u00f0s a\u00f0 hverfa aftur um Maked\u00f3n\u00edu.<a name=\"4\"><span class=\"versanumer\">4<\/span><\/a>\u00cd f\u00f6r me\u00f0 honum voru \u00feeir S\u00f3pater P\u00fdrrusson fr\u00e1 Beroju, Aristarkus og Sek\u00fandus fr\u00e1 \u00deessalon\u00edku, Gajus fr\u00e1 Derbe, T\u00edm\u00f3teus og As\u00edumennirnir T\u00fdk\u00edkus og Tr\u00f3f\u00edmus.<a name=\"5\"><span class=\"versanumer\">5<\/span><\/a>\u00deeir f\u00f3ru \u00e1 undan og bi\u00f0u vor \u00ed Tr\u00f3as.<a name=\"6\"><span class=\"versanumer\">6<\/span><\/a>En v\u00e9r sigldum eftir daga \u00f3s\u00fdr\u00f0u brau\u00f0anna fr\u00e1 Filipp\u00ed og komum til \u00feeirra \u00ed Tr\u00f3as \u00e1 fimmta degi. \u00dear st\u00f3\u00f0um v\u00e9r vi\u00f0 \u00ed sj\u00f6 daga.<a name=\"7\"><span class=\"versanumer\">7<\/span><\/a>Fyrsta dag vikunnar, er v\u00e9r vorum saman komnir til a\u00f0 brj\u00f3ta brau\u00f0i\u00f0, tala\u00f0i P\u00e1ll til \u00feeirra. Hann var \u00e1 f\u00f6rum daginn eftir. Entist r\u00e6\u00f0a hans allt til mi\u00f0n\u00e6ttis.<a name=\"8\"><span class=\"versanumer\">8<\/span><\/a>M\u00f6rg lj\u00f3s voru \u00ed loftstofunni, \u00fear sem v\u00e9r vorum saman komnir.<a name=\"9\"><span class=\"versanumer\">9<\/span><\/a>Ungmenni eitt, Evt\u00fdkus a\u00f0 nafni, sat \u00ed glugganum. Seig \u00e1 hann svefnh\u00f6fgi, er P\u00e1ll r\u00e6ddi svo lengi, og f\u00e9ll hann sofandi ofan af \u00feri\u00f0ja lofti. Hann var li\u00f0inn, \u00feegar hann var tekinn upp.<a name=\"10\"><span class=\"versanumer\">10<\/span><\/a>P\u00e1ll gekk ofan, varpa\u00f0i s\u00e9r yfir hann, t\u00f3k utan um hann og sag\u00f0i: Veri\u00f0 stilltir, \u00fea\u00f0 er l\u00edf me\u00f0 honum.<a name=\"11\"><span class=\"versanumer\">11<\/span><\/a>F\u00f3r hann s\u00ed\u00f0an upp, braut brau\u00f0i\u00f0 og neytti og tala\u00f0i enn lengi, allt fram \u00ed d\u00f6gun. A\u00f0 svo b\u00fanu h\u00e9lt hann brott.<a name=\"12\"><span class=\"versanumer\">12<\/span><\/a>En \u00feeir f\u00f3ru me\u00f0 sveininn lifandi og huggu\u00f0ust mikillega.<a name=\"13\"><span class=\"versanumer\">13<\/span><\/a>V\u00e9r f\u00f3rum \u00e1 undan til skips og sigldum til Assus. \u00dear \u00e6tlu\u00f0um v\u00e9r a\u00f0 taka P\u00e1l. Svo haf\u00f0i hann fyrir lagt, \u00fev\u00ed hann vildi fara landveg.<a name=\"14\"><span class=\"versanumer\">14<\/span><\/a>\u00deegar hann haf\u00f0i hitt oss \u00ed Assus, t\u00f3kum v\u00e9r hann \u00e1 skip og h\u00e9ldum til Mit\u00fdlene.<a name=\"15\"><span class=\"versanumer\">15<\/span><\/a>\u00dea\u00f0an sigldum v\u00e9r daginn eftir og komumst til m\u00f3ts vi\u00f0 K\u00edos. \u00c1 \u00f6\u00f0rum degi f\u00f3rum v\u00e9r til Samos og komum n\u00e6sta dag til M\u00edletus.<a name=\"16\"><span class=\"versanumer\">16<\/span><\/a>En P\u00e1ll haf\u00f0i sett s\u00e9r a\u00f0 sigla fram hj\u00e1 Efesus, svo a\u00f0 hann tef\u00f0ist ekki \u00ed As\u00edu. Hann hra\u00f0a\u00f0i fer\u00f0 sinni, ef ver\u00f0a m\u00e6tti, a\u00f0 hann k\u00e6mist til Jer\u00fasalem \u00e1 hv\u00edtasunnudag.<a name=\"17\"><span class=\"versanumer\">17<\/span><\/a>Fr\u00e1 M\u00edletus sendi hann til Efesus og bo\u00f0a\u00f0i til s\u00edn \u00f6ldunga safna\u00f0arins.<a name=\"18\"><span class=\"versanumer\">18<\/span><\/a>\u00deegar \u00feeir komu til hans, sag\u00f0i hann vi\u00f0 \u00fe\u00e1: \u00de\u00e9r viti\u00f0, hvernig \u00e9g hef haga\u00f0 m\u00e9r hj\u00e1 y\u00f0ur alla t\u00ed\u00f0 fr\u00e1 \u00feeim degi, er \u00e9g kom fyrst til As\u00edu.<a name=\"19\"><span class=\"versanumer\">19<\/span><\/a>\u00c9g \u00fej\u00f3na\u00f0i Drottni \u00ed allri au\u00f0m\u00fdkt, me\u00f0 t\u00e1rum og \u00ed raunum, sem a\u00f0 m\u00e9r hafa ste\u00f0ja\u00f0 af launr\u00e1\u00f0um Gy\u00f0inga.<a name=\"20\"><span class=\"versanumer\">20<\/span><\/a>\u00de\u00e9r viti\u00f0, a\u00f0 \u00e9g dr\u00f3 ekkert undan, sem y\u00f0ur m\u00e1tti a\u00f0 gagni ver\u00f0a, heldur bo\u00f0a\u00f0i y\u00f0ur \u00fea\u00f0 og kenndi opinberlega og \u00ed heimah\u00fasum<a name=\"21\"><span class=\"versanumer\">21<\/span><\/a>og vitna\u00f0i b\u00e6\u00f0i fyrir Gy\u00f0ingum og Grikkjum um afturhvarf til Gu\u00f0s og tr\u00fa \u00e1 Drottin vorn Jes\u00fa.<a name=\"22\"><span class=\"versanumer\">22<\/span><\/a>Og n\u00fa er \u00e9g \u00e1 lei\u00f0 til Jer\u00fasalem, kn\u00fainn af andanum. Ekki veit \u00e9g, hva\u00f0 \u00fear m\u00e6tir m\u00e9r,<a name=\"23\"><span class=\"versanumer\">23<\/span><\/a>nema a\u00f0 heilagur andi birtir m\u00e9r \u00ed hverri borg, a\u00f0 fj\u00f6trar og \u00ferengingar b\u00ed\u00f0i m\u00edn.<a name=\"24\"><span class=\"versanumer\">24<\/span><\/a>En m\u00e9r er l\u00edf mitt einskis vir\u00f0i, f\u00e1i \u00e9g a\u00f0eins a\u00f0 fullna skei\u00f0 mitt og \u00fe\u00e1 \u00fej\u00f3nustu, sem Drottinn Jes\u00fas f\u00f3l m\u00e9r: A\u00f0 bera vitni fagna\u00f0arerindinu um Gu\u00f0s n\u00e1\u00f0.<a name=\"25\"><span class=\"versanumer\">25<\/span><\/a>N\u00fa veit \u00e9g, a\u00f0 \u00fe\u00e9r munu\u00f0 ekki framar sj\u00e1 mig, engir \u00fe\u00e9r, sem \u00e9g hef komi\u00f0 til og bo\u00f0a\u00f0 r\u00edki\u00f0.<a name=\"26\"><span class=\"versanumer\">26<\/span><\/a>\u00deess vegna vitna \u00e9g fyrir y\u00f0ur n\u00fa \u00ed dag, a\u00f0 ekki er mig um a\u00f0 saka, \u00fe\u00f3tt einhver glatist,<a name=\"27\"><span class=\"versanumer\">27<\/span><\/a>\u00fev\u00ed a\u00f0 \u00e9g hef bo\u00f0a\u00f0 y\u00f0ur allt Gu\u00f0s r\u00e1\u00f0 og ekkert dregi\u00f0 undan.<a name=\"28\"><span class=\"versanumer\">28<\/span><\/a>Hafi\u00f0 g\u00e1t \u00e1 sj\u00e1lfum y\u00f0ur og allri hj\u00f6r\u00f0inni, sem heilagur andi f\u00f3l y\u00f0ur til umsj\u00f3nar. Veri\u00f0 hir\u00f0ar Gu\u00f0s kirkju, sem hann hefur unni\u00f0 s\u00e9r me\u00f0 s\u00ednu eigin bl\u00f3\u00f0i.<a name=\"29\"><span class=\"versanumer\">29<\/span><\/a>\u00c9g veit, a\u00f0 sk\u00e6\u00f0ir vargar munu koma inn \u00e1 y\u00f0ur, \u00feegar \u00e9g er farinn, og eigi \u00feyrma hj\u00f6r\u00f0inni.<a name=\"30\"><span class=\"versanumer\">30<\/span><\/a>Og \u00far h\u00f3pi sj\u00e1lfra y\u00f0ar munu koma fram menn, sem flytja rangsn\u00fana kenningu til a\u00f0 t\u00e6la l\u00e6risveinana \u00e1 eftir s\u00e9r.<a name=\"31\"><span class=\"versanumer\">31<\/span><\/a>Vaki\u00f0 \u00fev\u00ed og veri\u00f0 \u00feess minnugir, a\u00f0 \u00e9g \u00e1minnti st\u00f6\u00f0ugt s\u00e9rhvern y\u00f0ar me\u00f0 t\u00e1rum dag og n\u00f3tt \u00ed \u00ferj\u00fa \u00e1r.<a name=\"32\"><span class=\"versanumer\">32<\/span><\/a>Og n\u00fa fel \u00e9g y\u00f0ur Gu\u00f0i og or\u00f0i n\u00e1\u00f0ar hans, sem m\u00e1ttugt er a\u00f0 uppbyggja y\u00f0ur og gefa y\u00f0ur arfleif\u00f0 me\u00f0 \u00f6llum \u00feeim, sem helga\u00f0ir eru.<a name=\"33\"><span class=\"versanumer\">33<\/span><\/a>Eigi girntist \u00e9g silfur n\u00e9 gull n\u00e9 kl\u00e6\u00f0i nokkurs manns.<a name=\"34\"><span class=\"versanumer\">34<\/span><\/a>Sj\u00e1lfir viti\u00f0 \u00fe\u00e9r, a\u00f0 \u00feessar hendur unnu fyrir \u00f6llu \u00fev\u00ed, er \u00e9g \u00feurfti me\u00f0 og \u00feeir, er me\u00f0 m\u00e9r voru.<a name=\"35\"><span class=\"versanumer\">35<\/span><\/a>\u00cd \u00f6llu s\u00fdndi \u00e9g y\u00f0ur, a\u00f0 me\u00f0 \u00fev\u00ed a\u00f0 vinna \u00feannig ber oss a\u00f0 annast \u00f3styrka og minnast or\u00f0a Drottins Jes\u00fa, a\u00f0 hann sj\u00e1lfur sag\u00f0i: S\u00e6lla er a\u00f0 gefa en \u00feiggja.<a name=\"36\"><span class=\"versanumer\">36<\/span><\/a>\u00deegar hann haf\u00f0i \u00feetta m\u00e6lt, f\u00e9ll hann \u00e1 kn\u00e9 og ba\u00f0st fyrir \u00e1samt \u00feeim \u00f6llum.<a name=\"37\"><span class=\"versanumer\">37<\/span><\/a>Allir t\u00f3ku a\u00f0 gr\u00e1ta s\u00e1ran, f\u00e9llu um h\u00e1ls P\u00e1li og kysstu hann.<a name=\"38\"><span class=\"versanumer\">38<\/span><\/a>Mest var\u00f0 \u00feeim um \u00feau or\u00f0 hans, a\u00f0 \u00feeir mundu aldrei framar sj\u00e1 hann. S\u00ed\u00f0an fylgdu \u00feeir honum til skips.<\/p>\n<div class=\"footnote1981\"><b>20.1<\/b> L\u00e6risveinarnir Post 6.1+ -Maked\u00f3n\u00eda Post 16.10; 18.5; 19.21-22; R\u00f3m 15.26; 2Kor 1.16; 2.13; 7.5; 8.1; 9.2; 11.9; Fil 4.15; 1\u00deess 1.7; 4.10; 1T\u00edm 1.3<br \/>\n<b>20.2<\/b> S\u00f6fnu\u00f0irnir Post 1.15<br \/>\n<b>20.4<\/b> S\u00f3pater (S\u00f3s\u00edpater) R\u00f3m 16.21 \u2013 Aristarkus Post 19.29+ &#8211; T\u00edm\u00f3teus Post 21.29; 2T\u00edm 4.20<br \/>\n<b>20.5<\/b> Vi\u00f0 (sagt fr\u00e1 \u00ed fyrstu pers\u00f3nu fleirt\u00f6lu) Post 16.10+<br \/>\n<b>20.6<\/b> Dagar \u00f3s\u00fdr\u00f0u brau\u00f0anna Post 12.3 \u2013 Tr\u00f3as Post 16.8+<br \/>\n<b>20.7<\/b> Fyrsti dagur vikunnar L\u00fak 24.1+ ; sbr 1Kor 16.2 \u2013 til a\u00f0 brj\u00f3ta brau\u00f0i\u00f0 L\u00fak 24.30; Post 2.42,46; 1Kor 11.17-25; sbr Post 27.35<br \/>\n<b>20.8<\/b> Loftstofa L\u00fak 22.12; Post 1.13<br \/>\n<b>20.10<\/b> L\u00edf me\u00f0 honum sbr Post 9.41<br \/>\n<b>20.17<\/b> \u00d6ldungar Post 11.30+ &#8211; s\u00f6fnu\u00f0urinn \u00ed Efesus sbr Post 18.21<br \/>\n<b>20.18<\/b> P\u00e1ll \u00ed As\u00edu Post 18.21<br \/>\n<b>20.19<\/b> Launr\u00e1\u00f0 Gy\u00f0inga Post 20.3<br \/>\n<b>20.20<\/b> Dr\u00f3 ekkert undan Post 20.27<br \/>\n<b>20.21<\/b> Afturhvarf Post 3.19+ &#8211; og tr\u00fa Post 3.16+ ; 10.43+<br \/>\n<b>20.22<\/b> Kn\u00fainn Post 21.11; sbr Post 1.8+ &#8211; \u00e1 lei\u00f0 til Jer\u00fasalem Post 19.21<br \/>\n<b>20.23<\/b> Heilagur andi varar P\u00e1l vi\u00f0 Post 21.4,11 \u2013 \u00ferengingar \u00ed v\u00e6ndum Post 9.16<br \/>\n<b>20.24<\/b> L\u00edf mitt einskis vir\u00f0i Post 21.13 \u2013 fullna skei\u00f0 mitt Fil 3.13-14; 2T\u00edm 4.7<br \/>\n<b>20.25<\/b> Gu\u00f0s r\u00edki Post 1.3+<br \/>\n<b>20.26<\/b> \u00de\u00f3tt einhver glatist Post 18.6<br \/>\n<b>20.28<\/b> Hir\u00f0ar og hj\u00f6r\u00f0 L\u00fak 12.32+; Heb 13.20; 1P\u00e9t 2.25; 5.3-4 \u2013 til umsj\u00f3nar, biskupar Fil 1.1; 1T\u00edm 3.2; T\u00edt 1.7; sbr 1P\u00e9t 2.25; 5.2 \u2013 g\u00e6ti\u00f0 1P\u00e9t 5.2; sbr Ef 4.11 \u2013 kirkja Post 5.11+ &#8211; Gu\u00f0s 1Kor 1.2; 2Kor 1.1 &#8230;; 1\u00deess 2.14; 2\u00deess 1.4 \u2013 sem hann hefur afla\u00f0 s\u00e9r Slm 74.2; Ef 1.14<br \/>\n<b>20.29<\/b> Sk\u00e6\u00f0ir vargar Matt 7.15; J\u00f3h 10.12<br \/>\n<b>20.30<\/b> \u00dar ykkar h\u00f3pi 1J\u00f3h 2.19<br \/>\n<b>20.31<\/b> Hvetja dag og n\u00f3tt Post 19.10; 1\u00deess 2.11-12<br \/>\n<b>20.32<\/b> Styrkt 1Kor 3.5-17; 1P\u00e9t 2.4-10 \u2013 hluteild \u00ed r\u00edki &#8230; 5M\u00f3s 33.3-4; SSal 5.5; Post 26.18; Ef 1.14,18; 5.5; K\u00f3l 3.24; Heb 9.15; 1P\u00e9t 1.4; sbr Post 9.13+<br \/>\n<b>20.33<\/b> Girntist ekki f\u00e9 1Sam 12.3; 1Kor 9.11-12<br \/>\n<b>20.34<\/b> Vann fyrir s\u00e9r Post 18.3+ &#8211; P\u00e1ll f\u00e6r hj\u00e1lp 2Kor 11.9; Fil 4.15-19<br \/>\n<b>20.35<\/b> Or\u00f0 Drottins 1Kor 7.10,12,25; 11.23 \u2013 s\u00e6lla er Matt 10.8<br \/>\n<b>20.36<\/b> Ba\u00f0st fyrir Post 21.5-6<br \/>\n<b>20.37<\/b> P\u00e1ll kvaddur Post 21.5-6<br \/>\n<b>20.38<\/b> Aldrei framar sj\u00e1 hann Post 20.25<\/div>\n","protected":false},"excerpt":{"rendered":"<p>1\u00deegar \u00feessum l\u00e1tum linnti, sendi P\u00e1ll eftir l\u00e6risveinunum, upp\u00f6rva\u00f0i \u00fe\u00e1 og kvaddi s\u00ed\u00f0an og lag\u00f0i af sta\u00f0 til Maked\u00f3n\u00edu.2Hann f\u00f3r n\u00fa um \u00feau h\u00e9ru\u00f0 og upp\u00f6rva\u00f0i menn me\u00f0 m\u00f6rgum or\u00f0um. S\u00ed\u00f0an h\u00e9lt hann til Grikklands.3Dvaldist hann \u00fear \u00ferj\u00e1 m\u00e1nu\u00f0i. \u00de\u00e1 bj\u00f3st hann til a\u00f0 sigla til S\u00fdrlands, en \u00fear e\u00f0 Gy\u00f0ingar bruggu\u00f0u honum launr\u00e1\u00f0, t\u00f3k hann til brag\u00f0s a\u00f0 hverfa aftur um Maked\u00f3n\u00edu.4\u00cd f\u00f6r me\u00f0 honum voru \u00feeir S\u00f3pater P\u00fdrrusson fr\u00e1 Beroju, Aristarkus og Sek\u00fandus fr\u00e1 \u00deessalon\u00edku, Gajus fr\u00e1 Derbe, T\u00edm\u00f3teus og As\u00edumennirnir T\u00fdk\u00edkus og Tr\u00f3f\u00edmus.5\u00deeir f\u00f3ru \u00e1 undan og bi\u00f0u vor \u00ed Tr\u00f3as.6En v\u00e9r sigldum eftir daga \u00f3s\u00fdr\u00f0u brau\u00f0anna <a href=\"https:\/\/biblian.is\/1981\/postulasagan-20-kafli\/\"> [&#8230;]<\/a><\/p>\n","protected":false},"author":1,"featured_media":0,"parent":0,"menu_order":0,"comment_status":"open","ping_status":"open","template":"bibliukaflar.php","meta":{"footnotes":""},"class_list":["post-2385","page","type-page","status-publish","hentry"],"_links":{"self":[{"href":"https:\/\/biblian.is\/1981\/wp-json\/wp\/v2\/pages\/2385","targetHints":{"allow":["GET"]}}],"collection":[{"href":"https:\/\/biblian.is\/1981\/wp-json\/wp\/v2\/pages"}],"about":[{"href":"https:\/\/biblian.is\/1981\/wp-json\/wp\/v2\/types\/page"}],"author":[{"embeddable":true,"href":"https:\/\/biblian.is\/1981\/wp-json\/wp\/v2\/users\/1"}],"replies":[{"embeddable":true,"href":"https:\/\/biblian.is\/1981\/wp-json\/wp\/v2\/comments?post=2385"}],"version-history":[{"count":0,"href":"https:\/\/biblian.is\/1981\/wp-json\/wp\/v2\/pages\/2385\/revisions"}],"wp:attachment":[{"href":"https:\/\/biblian.is\/1981\/wp-json\/wp\/v2\/media?parent=2385"}],"curies":[{"name":"wp","href":"https:\/\/api.w.org\/{rel}","templated":true}]}}