{"id":2384,"date":"2017-11-18T20:21:34","date_gmt":"2017-11-18T20:21:34","guid":{"rendered":"http:\/\/biblian.is\/1981\/postulasagan-19-kafli\/"},"modified":"2021-06-06T11:04:51","modified_gmt":"2021-06-06T11:04:51","slug":"postulasagan-19-kafli","status":"publish","type":"page","link":"https:\/\/biblian.is\/1981\/postulasagan-19-kafli\/","title":{"rendered":"Postulasagan 19. kafli"},"content":{"rendered":"<p><a name=\"1\"><span class=\"versanumer\">1<\/span><\/a>Me\u00f0an Apoll\u00f3s var \u00ed Korintu, f\u00f3r P\u00e1ll um uppl\u00f6ndin og kom til Efesus. \u00dear hitti hann fyrir nokkra l\u00e6risveina.<a name=\"2\"><span class=\"versanumer\">2<\/span><\/a>Hann sag\u00f0i vi\u00f0 \u00fe\u00e1: Fengu\u00f0 \u00fe\u00e9r heilagan anda, er \u00fe\u00e9r t\u00f3ku\u00f0 tr\u00fa? \u00deeir sv\u00f6ru\u00f0u: Nei, v\u00e9r h\u00f6fum ekki einu sinni heyrt, a\u00f0 heilagur andi s\u00e9 til.<a name=\"3\"><span class=\"versanumer\">3<\/span><\/a>Hann sag\u00f0i: Upp \u00e1 hva\u00f0 eru\u00f0 \u00fe\u00e9r \u00fe\u00e1 sk\u00edr\u00f0ir? \u00deeir s\u00f6g\u00f0u: Sk\u00edrn J\u00f3hannesar.<a name=\"4\"><span class=\"versanumer\">4<\/span><\/a>\u00de\u00e1 m\u00e6lti P\u00e1ll: J\u00f3hannes sk\u00edr\u00f0i i\u00f0runarsk\u00edrn og sag\u00f0i l\u00fd\u00f0num a\u00f0 tr\u00faa \u00e1 \u00feann, sem eftir sig k\u00e6mi, \u00fea\u00f0 er \u00e1 Jes\u00fa.<a name=\"5\"><span class=\"versanumer\">5<\/span><\/a>\u00deegar \u00feeir heyr\u00f0u \u00feetta, l\u00e9tu \u00feeir sk\u00edrast til nafns Drottins Jes\u00fa.<a name=\"6\"><span class=\"versanumer\">6<\/span><\/a>Er P\u00e1ll haf\u00f0i lagt hendur yfir \u00fe\u00e1, kom heilagur andi yfir \u00fe\u00e1, og \u00feeir t\u00f6lu\u00f0u tungum og sp\u00e1\u00f0u.<a name=\"7\"><span class=\"versanumer\">7<\/span><\/a>\u00deessir menn voru alls um t\u00f3lf.<a name=\"8\"><span class=\"versanumer\">8<\/span><\/a>P\u00e1ll s\u00f3tti n\u00fa samkunduna \u00ed \u00ferj\u00e1 m\u00e1nu\u00f0i og tala\u00f0i \u00fear djarflega og reyndi a\u00f0 sannf\u00e6ra menn um Gu\u00f0s r\u00edki.<a name=\"9\"><span class=\"versanumer\">9<\/span><\/a>En nokkrir brynju\u00f0u sig og vildu ekki tr\u00faa. \u00deegar \u00feeir t\u00f3ku a\u00f0 illm\u00e6la veginum \u00ed \u00e1heyrn f\u00f3lksins, sag\u00f0i P\u00e1ll skili\u00f0 vi\u00f0 \u00fe\u00e1, greindi l\u00e6risveinana fr\u00e1 \u00feeim, og s\u00ed\u00f0an tala\u00f0i hann daglega \u00ed sk\u00f3la T\u00fdrannusar.<a name=\"10\"><span class=\"versanumer\">10<\/span><\/a>\u00deessu f\u00f3r fram \u00ed tv\u00f6 \u00e1r, svo a\u00f0 allir \u00feeir, sem \u00ed As\u00edu bjuggu, heyr\u00f0u or\u00f0 Drottins, b\u00e6\u00f0i Gy\u00f0ingar og Grikkir.<a name=\"11\"><span class=\"versanumer\">11<\/span><\/a>Gu\u00f0 gj\u00f6r\u00f0i \u00f3venjuleg kraftaverk fyrir hendur P\u00e1ls.<a name=\"12\"><span class=\"versanumer\">12<\/span><\/a>\u00dea\u00f0 bar vi\u00f0, a\u00f0 menn l\u00f6g\u00f0u d\u00faka og fl\u00edkur af P\u00e1li \u00e1 sj\u00faka, og hurfu \u00fe\u00e1 veikindi \u00feeirra, og illir andar f\u00f3ru \u00fat af \u00feeim.<a name=\"13\"><span class=\"versanumer\">13<\/span><\/a>En nokkrir Gy\u00f0ingar, er f\u00f3ru um og fr\u00f6mdu andas\u00e6ringar, t\u00f3ku og fyrir a\u00f0 nefna nafn Drottins Jes\u00fa yfir \u00feeim, er h\u00f6f\u00f0u illa anda. \u00deeir s\u00f6g\u00f0u: \u00c9g s\u00e6ri y\u00f0ur vi\u00f0 Jes\u00fa \u00feann, sem P\u00e1ll pr\u00e9dikar.<a name=\"14\"><span class=\"versanumer\">14<\/span><\/a>\u00deeir er \u00feetta fr\u00f6mdu, voru sj\u00f6 synir Gy\u00f0ings nokkurs, Skeva \u00e6\u00f0sta prests.<a name=\"15\"><span class=\"versanumer\">15<\/span><\/a>En illi andinn sag\u00f0i vi\u00f0 \u00fe\u00e1: Jes\u00fa \u00feekki \u00e9g, og P\u00e1l kannast \u00e9g vi\u00f0, en hverjir eru\u00f0 \u00fe\u00e9r?<a name=\"16\"><span class=\"versanumer\">16<\/span><\/a>Og ma\u00f0urinn, sem illi andinn var \u00ed, flaug \u00e1 \u00fe\u00e1, keyr\u00f0i \u00fe\u00e1 alla undir sig og l\u00e9k \u00fe\u00e1 svo hart, a\u00f0 \u00feeir fl\u00fd\u00f0u naktir og s\u00e6r\u00f0ir \u00far h\u00fasinu.<a name=\"17\"><span class=\"versanumer\">17<\/span><\/a>\u00deetta var\u00f0 kunnugt \u00f6llum Efesusb\u00faum, b\u00e6\u00f0i Gy\u00f0ingum og Grikkjum, og \u00f3tta sl\u00f3 \u00e1 \u00fe\u00e1 alla, og nafn Drottins Jes\u00fa var\u00f0 mikla\u00f0.<a name=\"18\"><span class=\"versanumer\">18<\/span><\/a>Margir \u00feeirra, sem tr\u00fa h\u00f6f\u00f0u teki\u00f0, komu, gj\u00f6r\u00f0u j\u00e1tningu og s\u00f6g\u00f0u fr\u00e1 ath\u00e6fi s\u00ednu.<a name=\"19\"><span class=\"versanumer\">19<\/span><\/a>Og allmargir er fari\u00f0 h\u00f6f\u00f0u me\u00f0 kukl, komu me\u00f0 b\u00e6kur s\u00ednar og brenndu \u00fe\u00e6r a\u00f0 \u00f6llum \u00e1sj\u00e1andi. \u00de\u00e6r voru samtals virtar \u00e1 fimmt\u00edu \u00fe\u00fasundir silfurpeninga.<a name=\"20\"><span class=\"versanumer\">20<\/span><\/a>\u00deannig breiddist or\u00f0 Drottins \u00fat og efldist \u00ed krafti hans.<a name=\"21\"><span class=\"versanumer\">21<\/span><\/a>\u00de\u00e1 er \u00feetta var um gar\u00f0 gengi\u00f0, t\u00f3k P\u00e1ll \u00fe\u00e1 \u00e1kv\u00f6r\u00f0un a\u00f0 fer\u00f0ast um Maked\u00f3n\u00edu og Akkeu og fara s\u00ed\u00f0an til Jer\u00fasalem. Hann sag\u00f0i: \u00deegar \u00e9g hef veri\u00f0 \u00fear, ber m\u00e9r l\u00edka a\u00f0 sj\u00e1 R\u00f3m.<a name=\"22\"><span class=\"versanumer\">22<\/span><\/a>Hann sendi tvo a\u00f0sto\u00f0armenn s\u00edna, \u00fe\u00e1 T\u00edm\u00f3teus og Erastus, til Maked\u00f3n\u00edu, en dvaldist sj\u00e1lfur um t\u00edma \u00ed As\u00edu.<a name=\"23\"><span class=\"versanumer\">23<\/span><\/a>\u00cd \u00feann t\u00edma ur\u00f0u miklar \u00e6singar \u00fat af veginum.<a name=\"24\"><span class=\"versanumer\">24<\/span><\/a>Demetr\u00edus h\u00e9t ma\u00f0ur og var silfursmi\u00f0ur. Bj\u00f3 hann til Artemisar-musteri \u00far silfri og veitti smi\u00f0um eigi litla atvinnu.<a name=\"25\"><span class=\"versanumer\">25<\/span><\/a>Hann stefndi \u00feeim saman og \u00f6\u00f0rum, sem a\u00f0 sl\u00edku unnu, og sag\u00f0i: G\u00f3\u00f0ir menn, \u00fe\u00e9r viti\u00f0, a\u00f0 velmegun vor hv\u00edlir \u00e1 \u00feessari atvinnu.<a name=\"26\"><span class=\"versanumer\">26<\/span><\/a>Og \u00fe\u00e9r sj\u00e1i\u00f0 og heyri\u00f0, a\u00f0 P\u00e1ll \u00feessi hefur me\u00f0 fort\u00f6lum s\u00ednum sn\u00fai\u00f0 fj\u00f6lda f\u00f3lks, ekki einungis \u00ed Efesus, heldur n\u00e6r um gj\u00f6rvalla As\u00edu. Hann segir, a\u00f0 eigi s\u00e9u \u00fea\u00f0 neinir gu\u00f0ir, sem me\u00f0 h\u00f6ndum eru gj\u00f6r\u00f0ir.<a name=\"27\"><span class=\"versanumer\">27<\/span><\/a>N\u00fa horfir \u00feetta ekki einungis i\u00f0n vorri til sm\u00e1nar, heldur einnig til \u00feess, a\u00f0 helgid\u00f3mur hinnar miklu gy\u00f0ju, Artemisar, ver\u00f0i einskis virtur og a\u00f0 h\u00fan, sem \u00f6ll As\u00eda og heimsbygg\u00f0in d\u00fdrkar, ver\u00f0i svipt tign sinni.<a name=\"28\"><span class=\"versanumer\">28<\/span><\/a>Er \u00feeir heyr\u00f0u \u00feetta, ur\u00f0u \u00feeir afar rei\u00f0ir og \u00e6ptu: Mikil er Artemis Efesusmanna!<a name=\"29\"><span class=\"versanumer\">29<\/span><\/a>Og \u00f6ll borgin komst \u00ed uppn\u00e1m, menn \u00feustu hver um annan til leikvangsins og \u00ferifu me\u00f0 s\u00e9r \u00fe\u00e1 Gajus og Aristarkus, f\u00f6runauta P\u00e1ls \u00far Maked\u00f3n\u00edu.<a name=\"30\"><span class=\"versanumer\">30<\/span><\/a>En er P\u00e1ll vildi ganga inn \u00ed mann\u00fer\u00f6ngina, leyf\u00f0u l\u00e6risveinarnir honum \u00fea\u00f0 ekki.<a name=\"31\"><span class=\"versanumer\">31<\/span><\/a>Nokkrir h\u00f6f\u00f0ingjar skattlandsins, sem voru vinir hans, sendu einnig til hans og b\u00e1\u00f0u hann a\u00f0 h\u00e6tta s\u00e9r ekki inn \u00e1 leikvanginn.<a name=\"32\"><span class=\"versanumer\">32<\/span><\/a>Menn hr\u00f3pu\u00f0u n\u00fa sitt hver, \u00fev\u00ed a\u00f0 manns\u00f6fnu\u00f0urinn var \u00ed uppn\u00e1mi, og vissu f\u00e6stir, hvers vegna \u00feeir voru saman komnir.<a name=\"33\"><span class=\"versanumer\">33<\/span><\/a>Nokkrir \u00ed mann\u00fer\u00f6nginni t\u00f6ldu \u00fea\u00f0 vera vegna Alexanders, \u00fev\u00ed a\u00f0 Gy\u00f0ingar \u00fdttu honum fram, en Alexander benti til hlj\u00f3\u00f0s me\u00f0 hendinni og vildi verja m\u00e1l sitt fyrir f\u00f3lkinu.<a name=\"34\"><span class=\"versanumer\">34<\/span><\/a>\u00deegar menn ur\u00f0u \u00feess v\u00edsir, a\u00f0 hann var Gy\u00f0ingur, lustu allir upp einu \u00f3pi og hr\u00f3pu\u00f0u \u00ed n\u00e6rfellt tv\u00e6r stundir: Mikil er Artemis Efesusmanna!<a name=\"35\"><span class=\"versanumer\">35<\/span><\/a>En borgarritarinn gat sefa\u00f0 f\u00f3lki\u00f0 og m\u00e6lti: Efesusmenn, hver er s\u00e1 ma\u00f0ur, a\u00f0 hann viti ekki, a\u00f0 borg Efesusmanna geymir musteri hinnar miklu Artemisar og steininn helga af himni?<a name=\"36\"><span class=\"versanumer\">36<\/span><\/a>\u00dear sem enginn m\u00e1 gegn \u00fev\u00ed m\u00e6la, ber y\u00f0ur a\u00f0 vera stilltir og hrapa ekki a\u00f0 neinu.<a name=\"37\"><span class=\"versanumer\">37<\/span><\/a>\u00de\u00e9r hafi\u00f0 dregi\u00f0 \u00feessa menn hinga\u00f0, \u00fe\u00f3tt \u00feeir hafi hvorki frami\u00f0 helgispj\u00f6ll n\u00e9 lastm\u00e6lt gy\u00f0ju vorri.<a name=\"38\"><span class=\"versanumer\">38<\/span><\/a>Eigi n\u00fa Demetr\u00edus og smi\u00f0irnir, sem honum fylgja, s\u00f6k vi\u00f0 nokkurn, \u00fe\u00e1 eru \u00feingdagar haldnir, og til eru landstj\u00f3rar. Eigist \u00feeir l\u00f6g vi\u00f0.<a name=\"39\"><span class=\"versanumer\">39<\/span><\/a>En ef \u00fe\u00e9r hafi\u00f0 annars a\u00f0 krefja, m\u00e1 gj\u00f6ra \u00fat um \u00fea\u00f0 \u00e1 l\u00f6glegu \u00feingi.<a name=\"40\"><span class=\"versanumer\">40<\/span><\/a>V\u00e9r eigum \u00e1 h\u00e6ttu a\u00f0 ver\u00f0a saka\u00f0ir um uppreisn fyrir \u00feetta \u00ed dag og getum ekki bent \u00e1 neitt tilefni, sem g\u00e6ti afsaka\u00f0 sl\u00edk \u00f3l\u00e6ti. A\u00f0 svo m\u00e6ltu l\u00e9t hann manns\u00f6fnu\u00f0inn fara.<\/p>\n<div class=\"footnote1981\"><b>19.1<\/b> Appoll\u00f3s \u00ed Korintu Post 18.27-28; sbr 18.24 \u2013 Efesus Post 18.19; 20.16-17; 21.29; 1Kor 15.32; 16.8; Ef 1.1; 1T\u00edm 1.3; 2T\u00edm 1.18; 4.12; Opb 1.11; 2.1<br \/>\n<b>19.2<\/b> Gj\u00f6f heilags anda Post 2.38 \u2013 \u00feekktu hann ekki J\u00f3h 7.39; Post 8.16<br \/>\n<b>19.3<\/b> Sk\u00edrn J\u00f3hannesar Post 18.25; sbr Matt 3.6+<br \/>\n<b>19.4<\/b> I\u00f0runarsk\u00edrn og bo\u00f0un tr\u00faar Matt 3.11; Mrk 1.4,7-8<br \/>\n<b>19.5<\/b> Til nafns Drottins Jes\u00fa Post 2.38+<br \/>\n<b>19.6<\/b> Heilagur andi kom yfir \u00fe\u00e1 Post 6.6+ &#8211; tala tungum og sp\u00e1 Post 2.4+<br \/>\n<b>19.8<\/b> \u00cd samkundunni Post 17.2+ &#8211; tala\u00f0i djarflega Post 18.26<br \/>\n<b>19.9<\/b> Sag\u00f0i skili\u00f0 vi\u00f0 Post 13.46; 18.6-7; sbr 2Kor 6.17<br \/>\n<b>19.10<\/b> \u00cd Efesus Post 19.8; 20.31 \u2013 or\u00f0i\u00f0 bo\u00f0a\u00f0 \u00ed As\u00edu sbr K\u00f3l 1.7; 4.13,15; Opb 3.14-22<br \/>\n<b>19.11<\/b> Kraftaverk Post 14.3<br \/>\n<b>19.12<\/b> Snerting l\u00e6knar Post 5.15-16+<br \/>\n<b>19.13<\/b> Me\u00f0 nafni Jes\u00fa Mrk 9.38; L\u00fak 9.49<br \/>\n<b>19.15<\/b> Illir andar \u00feekkja Jes\u00fa Post 16.17+<br \/>\n<b>19.17<\/b> \u00d3tti Post 5.5,11 \u2013 nafn Drottins Post 3.16+<br \/>\n<b>19.20<\/b> Or\u00f0 Gu\u00f0s eflist Post 6.7; 12.24<br \/>\n<b>19.21<\/b> Til Jer\u00fasalem og R\u00f3mar Post 23.11; R\u00f3m 1.13; 15.23; sbr 2Kor 1.15-16<br \/>\n<b>19.22<\/b> T\u00edm\u00f3teus Post 16.1+<br \/>\n<b>19.23<\/b> Miklar \u00e6singar 2Kor 1.8 \u2013 vegurinn Post 9.2+<br \/>\n<b>19.24<\/b> Eigi l\u00edtil atvinna Post 16.16<br \/>\n<b>19.26<\/b> Me\u00f0 h\u00f6ndum gj\u00f6r\u00f0ir Post 17.29<br \/>\n<b>19.29<\/b> Aristarkus Post 20.4; 27.2; K\u00f3l 4.10; F\u00edlm 24<br \/>\n<b>19.33<\/b> Benda til hlj\u00f3\u00f0s Post 12.17; 13.16; 21.40<\/div>\n","protected":false},"excerpt":{"rendered":"<p>1Me\u00f0an Apoll\u00f3s var \u00ed Korintu, f\u00f3r P\u00e1ll um uppl\u00f6ndin og kom til Efesus. \u00dear hitti hann fyrir nokkra l\u00e6risveina.2Hann sag\u00f0i vi\u00f0 \u00fe\u00e1: Fengu\u00f0 \u00fe\u00e9r heilagan anda, er \u00fe\u00e9r t\u00f3ku\u00f0 tr\u00fa? \u00deeir sv\u00f6ru\u00f0u: Nei, v\u00e9r h\u00f6fum ekki einu sinni heyrt, a\u00f0 heilagur andi s\u00e9 til.3Hann sag\u00f0i: Upp \u00e1 hva\u00f0 eru\u00f0 \u00fe\u00e9r \u00fe\u00e1 sk\u00edr\u00f0ir? \u00deeir s\u00f6g\u00f0u: Sk\u00edrn J\u00f3hannesar.4\u00de\u00e1 m\u00e6lti P\u00e1ll: J\u00f3hannes sk\u00edr\u00f0i i\u00f0runarsk\u00edrn og sag\u00f0i l\u00fd\u00f0num a\u00f0 tr\u00faa \u00e1 \u00feann, sem eftir sig k\u00e6mi, \u00fea\u00f0 er \u00e1 Jes\u00fa.5\u00deegar \u00feeir heyr\u00f0u \u00feetta, l\u00e9tu \u00feeir sk\u00edrast til nafns Drottins Jes\u00fa.6Er P\u00e1ll haf\u00f0i lagt hendur yfir \u00fe\u00e1, kom heilagur andi yfir \u00fe\u00e1, og \u00feeir t\u00f6lu\u00f0u <a href=\"https:\/\/biblian.is\/1981\/postulasagan-19-kafli\/\"> [&#8230;]<\/a><\/p>\n","protected":false},"author":1,"featured_media":0,"parent":0,"menu_order":0,"comment_status":"open","ping_status":"open","template":"bibliukaflar.php","meta":{"footnotes":""},"class_list":["post-2384","page","type-page","status-publish","hentry"],"_links":{"self":[{"href":"https:\/\/biblian.is\/1981\/wp-json\/wp\/v2\/pages\/2384","targetHints":{"allow":["GET"]}}],"collection":[{"href":"https:\/\/biblian.is\/1981\/wp-json\/wp\/v2\/pages"}],"about":[{"href":"https:\/\/biblian.is\/1981\/wp-json\/wp\/v2\/types\/page"}],"author":[{"embeddable":true,"href":"https:\/\/biblian.is\/1981\/wp-json\/wp\/v2\/users\/1"}],"replies":[{"embeddable":true,"href":"https:\/\/biblian.is\/1981\/wp-json\/wp\/v2\/comments?post=2384"}],"version-history":[{"count":0,"href":"https:\/\/biblian.is\/1981\/wp-json\/wp\/v2\/pages\/2384\/revisions"}],"wp:attachment":[{"href":"https:\/\/biblian.is\/1981\/wp-json\/wp\/v2\/media?parent=2384"}],"curies":[{"name":"wp","href":"https:\/\/api.w.org\/{rel}","templated":true}]}}