{"id":2383,"date":"2017-11-18T20:21:34","date_gmt":"2017-11-18T20:21:34","guid":{"rendered":"http:\/\/biblian.is\/1981\/postulasagan-18-kafli\/"},"modified":"2021-06-06T11:04:50","modified_gmt":"2021-06-06T11:04:50","slug":"postulasagan-18-kafli","status":"publish","type":"page","link":"https:\/\/biblian.is\/1981\/postulasagan-18-kafli\/","title":{"rendered":"Postulasagan 18. kafli"},"content":{"rendered":"<p><a name=\"1\"><span class=\"versanumer\">1<\/span><\/a>Eftir \u00feetta f\u00f3r P\u00e1ll fr\u00e1 A\u00feenu og kom til Korintu.<a name=\"2\"><span class=\"versanumer\">2<\/span><\/a>\u00dear hitti hann Gy\u00f0ing nokkurn, Akv\u00edlas a\u00f0 nafni, \u00e6tta\u00f0an fr\u00e1 Pontus, n\u00fdkominn fr\u00e1 \u00cdtal\u00edu, og Priskillu konu hans, en Kl\u00e1d\u00edus haf\u00f0i skipa\u00f0 svo fyrir, a\u00f0 allir Gy\u00f0ingar skyldu fara burt \u00far R\u00f3m. P\u00e1ll f\u00f3r til \u00feeirra,<a name=\"3\"><span class=\"versanumer\">3<\/span><\/a>og af \u00fev\u00ed hann stunda\u00f0i s\u00f6mu i\u00f0n, settist hann a\u00f0 hj\u00e1 \u00feeim og vann me\u00f0 \u00feeim. \u00deeir voru tjaldgj\u00f6r\u00f0armenn a\u00f0 i\u00f0n.<a name=\"4\"><span class=\"versanumer\">4<\/span><\/a>Hann r\u00e6ddi vi\u00f0 menn \u00ed samkunduh\u00fasinu hvern hv\u00edldardag og reyndi a\u00f0 sannf\u00e6ra b\u00e6\u00f0i Gy\u00f0inga og Grikki.<a name=\"5\"><span class=\"versanumer\">5<\/span><\/a>\u00deegar \u00feeir S\u00edlas og T\u00edm\u00f3teus komu nor\u00f0an fr\u00e1 Maked\u00f3n\u00edu, gaf P\u00e1ll sig allan a\u00f0 bo\u00f0un or\u00f0sins og vitna\u00f0i fyrir Gy\u00f0ingum, a\u00f0 Jes\u00fas v\u00e6ri Kristur.<a name=\"6\"><span class=\"versanumer\">6<\/span><\/a>En er \u00feeir st\u00f3\u00f0u \u00ed gegn og lastm\u00e6ltu, hristi hann dusti\u00f0 af kl\u00e6\u00f0um s\u00ednum og sag\u00f0i vi\u00f0 \u00fe\u00e1: Bl\u00f3\u00f0 y\u00f0ar komi yfir h\u00f6fu\u00f0 y\u00f0ar. Ekki er m\u00e9r um a\u00f0 kenna. Upp fr\u00e1 \u00feessu fer \u00e9g til hei\u00f0ingjanna.<a name=\"7\"><span class=\"versanumer\">7<\/span><\/a>Og hann f\u00f3r \u00fea\u00f0an og kom \u00ed h\u00fas manns nokkurs, er h\u00e9t T\u00edtus J\u00fastus og d\u00fdrka\u00f0i Gu\u00f0. H\u00fas hans var hj\u00e1 samkunduh\u00fasinu.<a name=\"8\"><span class=\"versanumer\">8<\/span><\/a>Krispus samkundustj\u00f3ri t\u00f3k tr\u00fa \u00e1 Drottin og allt heimili hans, og margir Korintumenn, sem \u00e1 hl\u00fdddu, t\u00f3ku tr\u00fa og l\u00e9tu sk\u00edrast.<a name=\"9\"><span class=\"versanumer\">9<\/span><\/a>En Drottinn sag\u00f0i vi\u00f0 P\u00e1l um n\u00f3tt \u00ed s\u00fdn: \u00d3ttast \u00fe\u00fa eigi, heldur tala \u00fe\u00fa og \u00feagna ekki,<a name=\"10\"><span class=\"versanumer\">10<\/span><\/a>\u00e9g er me\u00f0 \u00fe\u00e9r. Enginn skal r\u00e1\u00f0ast a\u00f0 \u00fe\u00e9r og vinna \u00fe\u00e9r mein, \u00fev\u00ed a\u00f0 \u00e9g \u00e1 margt f\u00f3lk \u00ed \u00feessari borg.<a name=\"11\"><span class=\"versanumer\">11<\/span><\/a>Hann var \u00fear um kyrrt \u00ferj\u00fa misseri og kenndi \u00feeim or\u00f0 Gu\u00f0s.<a name=\"12\"><span class=\"versanumer\">12<\/span><\/a>En \u00feegar Gall\u00ed\u00f3n var landstj\u00f3ri \u00ed Akkeu, bundust Gy\u00f0ingar samt\u00f6kum gegn P\u00e1li, dr\u00f3gu hann fyrir d\u00f3mst\u00f3linn<a name=\"13\"><span class=\"versanumer\">13<\/span><\/a>og s\u00f6g\u00f0u: Ma\u00f0ur \u00feessi t\u00e6lir menn til a\u00f0 d\u00fdrka Gu\u00f0 gagnst\u00e6tt l\u00f6gm\u00e1linu.<a name=\"14\"><span class=\"versanumer\">14<\/span><\/a>P\u00e1ll bj\u00f3st til a\u00f0 svara, og \u00fe\u00e1 sag\u00f0i Gall\u00ed\u00f3n vi\u00f0 Gy\u00f0ingana: V\u00e6ri h\u00e9r um einhver l\u00f6gbrot e\u00f0a illvirki a\u00f0 r\u00e6\u00f0a, b\u00e6ri m\u00e9r a\u00f0 sinna y\u00f0ur, Gy\u00f0ingar.<a name=\"15\"><span class=\"versanumer\">15<\/span><\/a>En fyrst \u00fea\u00f0 eru \u00fer\u00e6tur um or\u00f0 og n\u00f6fn og l\u00f6gm\u00e1l y\u00f0ar, \u00fe\u00e1 r\u00e1\u00f0i\u00f0 sj\u00e1lfir fram \u00far \u00fev\u00ed. D\u00f3mari \u00ed \u00feeim s\u00f6kum vil \u00e9g ekki vera.<a name=\"16\"><span class=\"versanumer\">16<\/span><\/a>Og hann rak \u00fe\u00e1 burt fr\u00e1 d\u00f3mst\u00f3lnum.<a name=\"17\"><span class=\"versanumer\">17<\/span><\/a>\u00de\u00e1 t\u00f3ku \u00feeir allir S\u00f3s\u00feenes samkundustj\u00f3ra og f\u00f3ru a\u00f0 berja hann fyrir framan d\u00f3mst\u00f3linn, og l\u00e9t Gall\u00ed\u00f3n sig \u00fea\u00f0 engu skipta.<a name=\"18\"><span class=\"versanumer\">18<\/span><\/a>P\u00e1ll var \u00fear enn um kyrrt allmarga daga, kvaddi s\u00ed\u00f0an br\u00e6\u00f0urna og sigldi til S\u00fdrlands og me\u00f0 honum Priskilla og Akv\u00edlas. L\u00e9t hann \u00e1\u00f0ur skera h\u00e1r sitt \u00ed Kenkreu, \u00fev\u00ed a\u00f0 heit haf\u00f0i hv\u00edlt \u00e1 honum.<a name=\"19\"><span class=\"versanumer\">19<\/span><\/a>\u00deeir komu til Efesus. \u00dear skildi hann vi\u00f0 \u00fe\u00e1, en gekk sj\u00e1lfur inn \u00ed samkunduh\u00fasi\u00f0 og r\u00e6ddi vi\u00f0 Gy\u00f0inga.<a name=\"20\"><span class=\"versanumer\">20<\/span><\/a>\u00deeir b\u00e1\u00f0u hann a\u00f0 standa lengur vi\u00f0, en hann var\u00f0 ekki vi\u00f0 \u00fev\u00ed,<a name=\"21\"><span class=\"versanumer\">21<\/span><\/a>heldur kvaddi \u00fe\u00e1 og sag\u00f0i: \u00c9g skal koma aftur til y\u00f0ar, ef Gu\u00f0 lofar. S\u00ed\u00f0an l\u00e9t hann \u00ed haf fr\u00e1 Efesus,<a name=\"22\"><span class=\"versanumer\">22<\/span><\/a>lenti \u00ed Sesareu, f\u00f3r upp eftir til Jer\u00fasalem og heilsa\u00f0i s\u00f6fnu\u00f0inum. S\u00ed\u00f0an h\u00e9lt hann nor\u00f0ur til Ant\u00edokk\u00edu.<a name=\"23\"><span class=\"versanumer\">23<\/span><\/a>\u00deegar hann haf\u00f0i dvalist \u00fear um hr\u00ed\u00f0, h\u00e9lt hann af sta\u00f0 og f\u00f3r eins og lei\u00f0 liggur um Galataland og Fr\u00fdg\u00edu og styrkti alla l\u00e6risveinana.<a name=\"24\"><span class=\"versanumer\">24<\/span><\/a>En Gy\u00f0ingur nokkur, Apoll\u00f3s a\u00f0 nafni, \u00e6tta\u00f0ur fr\u00e1 Alexandr\u00edu, kom til Efesus. Hann var ma\u00f0ur vel m\u00e1li farinn og f\u00e6r \u00ed ritningunum.<a name=\"25\"><span class=\"versanumer\">25<\/span><\/a>Hann haf\u00f0i veri\u00f0 fr\u00e6ddur um veg Drottins, og brennandi \u00ed andanum tala\u00f0i hann og kenndi kostg\u00e6filega um Jes\u00fa. \u00de\u00f3 \u00feekkti hann a\u00f0eins sk\u00edrn J\u00f3hannesar.<a name=\"26\"><span class=\"versanumer\">26<\/span><\/a>\u00deessi ma\u00f0ur t\u00f3k n\u00fa a\u00f0 tala djarflega \u00ed samkunduh\u00fasinu. Priskilla og Akv\u00edlas heyr\u00f0u til hans, t\u00f3ku hann a\u00f0 s\u00e9r og sk\u00fdr\u00f0u n\u00e1nar fyrir honum Gu\u00f0s veg.<a name=\"27\"><span class=\"versanumer\">27<\/span><\/a>Hann f\u00fdsti a\u00f0 fara yfir til Akkeu. Br\u00e6\u00f0urnir hv\u00f6ttu hann til \u00feess og ritu\u00f0u l\u00e6risveinunum \u00fear a\u00f0 taka honum vel. Hann kom \u00feanga\u00f0 og var\u00f0 til mikillar hj\u00e1lpar \u00feeim, sem fyrir Gu\u00f0s n\u00e1\u00f0 h\u00f6f\u00f0u teki\u00f0 tr\u00fa,<a name=\"28\"><span class=\"versanumer\">28<\/span><\/a>\u00fev\u00ed hann hrakti skarplega r\u00f6k Gy\u00f0inga \u00ed allra \u00e1heyrn og sanna\u00f0i af ritningunum, a\u00f0 Jes\u00fas v\u00e6ri Kristur.<\/p>\n<div class=\"footnote1981\"><b>18.2<\/b> Akv\u00edlas og Priskilla Post 18.18,26; R\u00f3m 16.3-4; 1Kor 16.19; 2T\u00edm 4.19<br \/>\n<b>18.3<\/b> Stundu\u00f0u s\u00f6mu i\u00f0n Post 20.34; 1Kor 4.12; 9.13-15; 1\u00deess 2.9; 2\u00deess 3.8<br \/>\n<b>18.5<\/b> S\u00edlas Post 15.22+ &#8211; T\u00edm\u00f3teus Post 16.1+ &#8211; fr\u00e1 Maked\u00f3n\u00edu Post 17.14-15; 1\u00deess 1.1; 3.1-6; 2\u00deess 1.1 \u2013 Jes\u00fas er Kristur Post 5.42+<br \/>\n<b>18.6<\/b> Fr\u00e1 Gy\u00f0ingum til hei\u00f0ingja Post 13.45-46; 28.28 \u2013 hrista dusti\u00f0 Matt 10.14+ og hlst.; sbr Post 22.23 \u2013 a\u00f0 \u00fei\u00f0 farist Matt 27.25+ ; Post 5.28 \u2013 ekki m\u00e9r a\u00f0 kenna Post 20.26<br \/>\n<b>18.7<\/b> S\u00f3tti samkundu &#8230; Post 13.43+<br \/>\n<b>18.8<\/b> Krispus 1Kor 1.14 \u2013 og allt heimili hans Post 10.2+<br \/>\n<b>18.9<\/b> P\u00e1ll s\u00e9r s\u00fdn Post 9.12; 10.3; 13.31; 16.9-10; 23.11; 26.16,19; 27.23<br \/>\n<b>18.9-10<\/b> \u00d3ttast \u00fe\u00fa eigi &#8230; Jes 41.10; 43.5; Jer 1.8; Post 27.24; sbr 1Kor 2.3<br \/>\n<b>18.10<\/b> F\u00f3lk Gu\u00f0s Post 15.14<br \/>\n<b>18.13<\/b> Gegn l\u00f6gm\u00e1linu sbr Post 17.7<br \/>\n<b>18.14-15<\/b> Ekki l\u00f6gbrot Post 23.29; 25.18-19<br \/>\n<b>18.15<\/b> L\u00f6gm\u00e1l ykkar J\u00f3h 18.31 \u2013 snertir ekki R\u00f3mar\u00e9tt Post 16.35-39; 17.8-9; 19.37-38; 23.29; 24.20-22; 26.31-32<br \/>\n<b>18.18<\/b> Priskilla og Akv\u00edlas Post 18.2+ &#8211; skar h\u00e1r sitt 4M\u00f3s 6.9-18; Post 21.23-27<br \/>\n<b>18.19<\/b> Efesus Post 19.1+ &#8211; \u00ed samkunduh\u00fasi Post 17.2+<br \/>\n<b>18.21<\/b> Kem aftur ef Gu\u00f0 lofar R\u00f3m 1.10; 1Kor 4.19<br \/>\n<b>18.22<\/b> Sesarea Post 23.23+ &#8211; s\u00f6fnu\u00f0urinn Post 5.11+ &#8211; Ant\u00edokk\u00eda Post 6.5; 11.19; 13.1; 14.26; 15.22; Gal 2.11<br \/>\n<b>18.23<\/b> Galataland Post 16.6+ &#8211; l\u00e6risveinar Post 6.1+<br \/>\n<b>18.24<\/b> Apoll\u00f3s Post 19.1; 1Kor 1.12; 3.4-6,22; 4.6; 16.12; T\u00edt 3.13<br \/>\n<b>18.25<\/b> Vegur Drottins Post 9.2+ &#8211; brennandi \u00ed andanum R\u00f3m 12.11 \u2013 a\u00f0eins sk\u00edrn J\u00f3hannesar Post 19.3<br \/>\n<b>18.26<\/b> \u00cd samkunduh\u00fasinu Post 19.8; sbr 17.2+ &#8211; Priskilla og Akv\u00edlas Post 18.2+<br \/>\n<b>18.27<\/b> Kristnir menn Post 1.15+ &#8211; me\u00f0m\u00e6labr\u00e9f 2Kor 3.1 \u2013 l\u00e6risveinarnir Post 6.1+<br \/>\n<b>18.28<\/b> Sanna\u00f0i af ritningunum Post 9.22; 17.3 \u2013 Jes\u00fas er Kristur Post 5.42+<\/div>\n","protected":false},"excerpt":{"rendered":"<p>1Eftir \u00feetta f\u00f3r P\u00e1ll fr\u00e1 A\u00feenu og kom til Korintu.2\u00dear hitti hann Gy\u00f0ing nokkurn, Akv\u00edlas a\u00f0 nafni, \u00e6tta\u00f0an fr\u00e1 Pontus, n\u00fdkominn fr\u00e1 \u00cdtal\u00edu, og Priskillu konu hans, en Kl\u00e1d\u00edus haf\u00f0i skipa\u00f0 svo fyrir, a\u00f0 allir Gy\u00f0ingar skyldu fara burt \u00far R\u00f3m. P\u00e1ll f\u00f3r til \u00feeirra,3og af \u00fev\u00ed hann stunda\u00f0i s\u00f6mu i\u00f0n, settist hann a\u00f0 hj\u00e1 \u00feeim og vann me\u00f0 \u00feeim. \u00deeir voru tjaldgj\u00f6r\u00f0armenn a\u00f0 i\u00f0n.4Hann r\u00e6ddi vi\u00f0 menn \u00ed samkunduh\u00fasinu hvern hv\u00edldardag og reyndi a\u00f0 sannf\u00e6ra b\u00e6\u00f0i Gy\u00f0inga og Grikki.5\u00deegar \u00feeir S\u00edlas og T\u00edm\u00f3teus komu nor\u00f0an fr\u00e1 Maked\u00f3n\u00edu, gaf P\u00e1ll sig allan a\u00f0 bo\u00f0un or\u00f0sins og vitna\u00f0i fyrir Gy\u00f0ingum, a\u00f0 <a href=\"https:\/\/biblian.is\/1981\/postulasagan-18-kafli\/\"> [&#8230;]<\/a><\/p>\n","protected":false},"author":1,"featured_media":0,"parent":0,"menu_order":0,"comment_status":"open","ping_status":"open","template":"bibliukaflar.php","meta":{"footnotes":""},"class_list":["post-2383","page","type-page","status-publish","hentry"],"_links":{"self":[{"href":"https:\/\/biblian.is\/1981\/wp-json\/wp\/v2\/pages\/2383","targetHints":{"allow":["GET"]}}],"collection":[{"href":"https:\/\/biblian.is\/1981\/wp-json\/wp\/v2\/pages"}],"about":[{"href":"https:\/\/biblian.is\/1981\/wp-json\/wp\/v2\/types\/page"}],"author":[{"embeddable":true,"href":"https:\/\/biblian.is\/1981\/wp-json\/wp\/v2\/users\/1"}],"replies":[{"embeddable":true,"href":"https:\/\/biblian.is\/1981\/wp-json\/wp\/v2\/comments?post=2383"}],"version-history":[{"count":0,"href":"https:\/\/biblian.is\/1981\/wp-json\/wp\/v2\/pages\/2383\/revisions"}],"wp:attachment":[{"href":"https:\/\/biblian.is\/1981\/wp-json\/wp\/v2\/media?parent=2383"}],"curies":[{"name":"wp","href":"https:\/\/api.w.org\/{rel}","templated":true}]}}