{"id":2382,"date":"2017-11-18T20:21:34","date_gmt":"2017-11-18T20:21:34","guid":{"rendered":"http:\/\/biblian.is\/1981\/postulasagan-17-kafli\/"},"modified":"2021-06-06T11:04:50","modified_gmt":"2021-06-06T11:04:50","slug":"postulasagan-17-kafli","status":"publish","type":"page","link":"https:\/\/biblian.is\/1981\/postulasagan-17-kafli\/","title":{"rendered":"Postulasagan 17. kafli"},"content":{"rendered":"<p><a name=\"1\"><span class=\"versanumer\">1<\/span><\/a>\u00deeir f\u00f3ru n\u00fa um Amf\u00edp\u00f3lis og Apoll\u00f3n\u00edu og komu til \u00deessalon\u00edku. \u00dear \u00e1ttu Gy\u00f0ingar samkundu.<a name=\"2\"><span class=\"versanumer\">2<\/span><\/a>Eftir venju sinni gekk P\u00e1ll inn til \u00feeirra, og \u00ferj\u00e1 hv\u00edldardaga r\u00e6ddi hann vi\u00f0 \u00fe\u00e1 og lag\u00f0i \u00fat af ritningunum,<a name=\"3\"><span class=\"versanumer\">3<\/span><\/a>lauk \u00feeim upp fyrir \u00feeim og setti \u00feeim fyrir sj\u00f3nir, a\u00f0 Kristur \u00e1tti a\u00f0 l\u00ed\u00f0a og r\u00edsa upp fr\u00e1 dau\u00f0um. Hann sag\u00f0i: Jes\u00fas, sem \u00e9g bo\u00f0a y\u00f0ur, hann er Kristur.<a name=\"4\"><span class=\"versanumer\">4<\/span><\/a>Nokkrir \u00feeirra l\u00e9tu sannf\u00e6rast og gengu til fylgis vi\u00f0 P\u00e1l og S\u00edlas, auk \u00feess mikill fj\u00f6ldi gu\u00f0r\u00e6kinna Grikkja og mikilsh\u00e1ttar konur eigi allf\u00e1ar.<a name=\"5\"><span class=\"versanumer\">5<\/span><\/a>En Gy\u00f0ingar fylltust afbr\u00fd\u00f0i og fengu me\u00f0 s\u00e9r g\u00f6tuskr\u00edl, \u00e6stu til upp\u00feota og hleyptu borginni \u00ed uppn\u00e1m. \u00deustu \u00feeir a\u00f0 h\u00fasi Jasonar og vildu f\u00e6ra \u00fe\u00e1 fyrir l\u00fd\u00f0inn.<a name=\"6\"><span class=\"versanumer\">6<\/span><\/a>En \u00feegar \u00feeir fundu \u00fe\u00e1 ekki, dr\u00f3gu \u00feeir Jason og nokkra br\u00e6\u00f0ur fyrir borgarstj\u00f3rana og hr\u00f3pu\u00f0u: Mennirnir, sem komi\u00f0 hafa allri heimsbygg\u00f0inni \u00ed uppn\u00e1m, \u00feeir eru n\u00fa komnir hinga\u00f0,<a name=\"7\"><span class=\"versanumer\">7<\/span><\/a>og Jason hefur teki\u00f0 \u00e1 m\u00f3ti \u00feeim. Allir \u00feessir breyta gegn bo\u00f0um keisarans, \u00fev\u00ed \u00feeir segja, a\u00f0 annar s\u00e9 konungur og \u00fea\u00f0 s\u00e9 Jes\u00fas.<a name=\"8\"><span class=\"versanumer\">8<\/span><\/a>Og \u00feeir v\u00f6ktu \u00f3hug me\u00f0 f\u00f3lkinu og einnig borgarstj\u00f3runum me\u00f0 \u00feessum or\u00f0um.<a name=\"9\"><span class=\"versanumer\">9<\/span><\/a>Slepptu \u00feeir ekki \u00feeim Jasoni fyrr en \u00feeir h\u00f6f\u00f0u l\u00e1ti\u00f0 \u00fe\u00e1 setja tryggingu.<a name=\"10\"><span class=\"versanumer\">10<\/span><\/a>En br\u00e6\u00f0urnir sendu \u00fe\u00e1 P\u00e1l og S\u00edlas \u00feegar um n\u00f3ttina til Beroju. \u00deegar \u00feeir komu \u00feanga\u00f0, gengu \u00feeir inn \u00ed samkunduh\u00fas Gy\u00f0inga.<a name=\"11\"><span class=\"versanumer\">11<\/span><\/a>\u00deeir voru veglyndari \u00fear en \u00ed \u00deessalon\u00edku. \u00deeir t\u00f3ku vi\u00f0 or\u00f0inu me\u00f0 allri g\u00f3\u00f0f\u00fdsi og ranns\u00f6ku\u00f0u daglega ritningarnar, hvort \u00feessu v\u00e6ri \u00feannig fari\u00f0.<a name=\"12\"><span class=\"versanumer\">12<\/span><\/a>Margir \u00feeirra t\u00f3ku tr\u00fa og einnig Grikkir ekki allf\u00e1ir, tignar konur og karlar.<a name=\"13\"><span class=\"versanumer\">13<\/span><\/a>En er Gy\u00f0ingar \u00ed \u00deessalon\u00edku fr\u00e9ttu, a\u00f0 P\u00e1ll hef\u00f0i einnig bo\u00f0a\u00f0 or\u00f0 Gu\u00f0s \u00ed Beroju, komu \u00feeir og hleyptu l\u00edka \u00f3lgu og \u00e6singu \u00ed m\u00faginn \u00fear.<a name=\"14\"><span class=\"versanumer\">14<\/span><\/a>\u00de\u00e1 sendu br\u00e6\u00f0urnir jafnskj\u00f3tt me\u00f0 P\u00e1l af sta\u00f0 til sj\u00e1var, en S\u00edlas og T\u00edm\u00f3teus ur\u00f0u eftir.<a name=\"15\"><span class=\"versanumer\">15<\/span><\/a>Lei\u00f0s\u00f6gumenn P\u00e1ls fylgdu honum allt til A\u00feenu og sneru aftur me\u00f0 bo\u00f0 til S\u00edlasar og T\u00edm\u00f3teusar a\u00f0 koma hi\u00f0 br\u00e1\u00f0asta til hans.<a name=\"16\"><span class=\"versanumer\">16<\/span><\/a>Me\u00f0an P\u00e1ll bei\u00f0 \u00feeirra \u00ed A\u00feenu, var honum mikil skapraun a\u00f0 sj\u00e1, a\u00f0 borgin var full af skur\u00f0go\u00f0um.<a name=\"17\"><span class=\"versanumer\">17<\/span><\/a>Hann r\u00e6ddi \u00fe\u00e1 \u00ed samkundunni vi\u00f0 Gy\u00f0inga og gu\u00f0r\u00e6kna menn, og hvern dag \u00e1 torginu vi\u00f0 \u00fe\u00e1, sem ur\u00f0u \u00e1 vegi hans.<a name=\"18\"><span class=\"versanumer\">18<\/span><\/a>En nokkrir heimspekingar, Ep\u00edk\u00faringar og St\u00f3umenn, \u00e1ttu og \u00ed or\u00f0akasti vi\u00f0 hann. S\u00f6g\u00f0u sumir: Hva\u00f0 mun skraffinnur s\u00e1 hafa a\u00f0 flytja? A\u00f0rir s\u00f6g\u00f0u: Hann vir\u00f0ist bo\u00f0a \u00f3kennda gu\u00f0i, \u00fev\u00ed a\u00f0 hann flutti fagna\u00f0arerindi\u00f0 um Jes\u00fa og upprisuna.<a name=\"19\"><span class=\"versanumer\">19<\/span><\/a>Og \u00feeir t\u00f3ku hann og f\u00f3ru me\u00f0 hann \u00e1 Aresarh\u00e6\u00f0 og s\u00f6g\u00f0u: Getum v\u00e9r fengi\u00f0 a\u00f0 vita, hver \u00feessi n\u00fdja kenning er, sem \u00fe\u00fa fer\u00f0 me\u00f0?<a name=\"20\"><span class=\"versanumer\">20<\/span><\/a>\u00dev\u00ed a\u00f0 eitthva\u00f0 n\u00fdst\u00e1rlegt flytur \u00fe\u00fa oss til eyrna, og oss f\u00fdsir a\u00f0 vita, hva\u00f0 \u00feetta er.<a name=\"21\"><span class=\"versanumer\">21<\/span><\/a>En allir A\u00feeningar og a\u00f0komumenn \u00fear g\u00e1fu s\u00e9r ekki t\u00f3m til annars fremur en a\u00f0 segja e\u00f0a heyra einhver n\u00fdm\u00e6li.<a name=\"22\"><span class=\"versanumer\">22<\/span><\/a>\u00de\u00e1 st\u00e9 P\u00e1ll fram \u00e1 mi\u00f0ri Aresarh\u00e6\u00f0 og t\u00f3k til m\u00e1ls: A\u00feeningar, \u00fe\u00e9r komi\u00f0 m\u00e9r svo fyrir sj\u00f3nir, a\u00f0 \u00fe\u00e9r s\u00e9u\u00f0 \u00ed \u00f6llum greinum miklir tr\u00famenn,<a name=\"23\"><span class=\"versanumer\">23<\/span><\/a>\u00fev\u00ed a\u00f0 \u00e9g gekk h\u00e9r um og hug\u00f0i a\u00f0 helgid\u00f3mum y\u00f0ar og fann \u00fe\u00e1 me\u00f0al annars altari, sem \u00e1 er rita\u00f0: \u00d3kunnum gu\u00f0i. \u00deetta, sem \u00fe\u00e9r n\u00fa d\u00fdrki\u00f0 og \u00feekki\u00f0 ekki, \u00fea\u00f0 bo\u00f0a \u00e9g y\u00f0ur.<a name=\"24\"><span class=\"versanumer\">24<\/span><\/a>Gu\u00f0, sem sk\u00f3p heiminn og allt, sem \u00ed honum er, hann, sem er herra himins og jar\u00f0ar, b\u00fdr ekki \u00ed musterum, sem me\u00f0 h\u00f6ndum eru gj\u00f6r\u00f0.<a name=\"25\"><span class=\"versanumer\">25<\/span><\/a>Ekki ver\u00f0ur honum heldur \u00fej\u00f3na\u00f0 me\u00f0 h\u00f6ndum manna, eins og hann \u00feyrfti nokkurs vi\u00f0, \u00fear sem hann sj\u00e1lfur gefur \u00f6llum l\u00edf og anda og alla hluti.<a name=\"26\"><span class=\"versanumer\">26<\/span><\/a>Hann sk\u00f3p og af einum allar \u00fej\u00f3\u00f0ir manna og l\u00e9t \u00fe\u00e6r byggja allt yfirbor\u00f0 jar\u00f0ar, er hann haf\u00f0i \u00e1kve\u00f0i\u00f0 setta t\u00edma og m\u00f6rk b\u00f3lsta\u00f0a \u00feeirra.<a name=\"27\"><span class=\"versanumer\">27<\/span><\/a>Hann vildi, a\u00f0 \u00fe\u00e6r leitu\u00f0u Gu\u00f0s, ef ver\u00f0a m\u00e6tti \u00fe\u00e6r \u00fereifu\u00f0u sig til hans og fyndu hann. En eigi er hann langt fr\u00e1 neinum af oss.<a name=\"28\"><span class=\"versanumer\">28<\/span><\/a>\u00cd honum lifum, hr\u00e6rumst og erum v\u00e9r. Svo hafa og sum sk\u00e1ld y\u00f0ar sagt: \u00dev\u00ed a\u00f0 v\u00e9r erum l\u00edka hans \u00e6ttar.<a name=\"29\"><span class=\"versanumer\">29<\/span><\/a>Fyrst v\u00e9r erum n\u00fa Gu\u00f0s \u00e6ttar, megum v\u00e9r eigi \u00e6tla, a\u00f0 gu\u00f0d\u00f3murinn s\u00e9 l\u00edkur sm\u00ed\u00f0i af gulli, silfri e\u00f0a steini, gj\u00f6r\u00f0ri me\u00f0 hagleik og hugviti manna.<a name=\"30\"><span class=\"versanumer\">30<\/span><\/a>Gu\u00f0, sem hefur umbori\u00f0 t\u00ed\u00f0ir vanviskunnar, bo\u00f0ar n\u00fa m\u00f6nnunum, a\u00f0 \u00feeir skuli allir hvarvetna taka sinnaskiptum,<a name=\"31\"><span class=\"versanumer\">31<\/span><\/a>\u00fev\u00ed a\u00f0 hann hefur sett dag, er hann mun l\u00e1ta mann, sem hann hefur fyrirhuga\u00f0, d\u00e6ma heimsbygg\u00f0ina me\u00f0 r\u00e9ttv\u00edsi. \u00deetta hefur hann sanna\u00f0 \u00f6llum m\u00f6nnum me\u00f0 \u00fev\u00ed a\u00f0 reisa hann fr\u00e1 dau\u00f0um.<a name=\"32\"><span class=\"versanumer\">32<\/span><\/a>\u00deegar \u00feeir heyr\u00f0u nefnda upprisu dau\u00f0ra, gj\u00f6r\u00f0u sumir gys a\u00f0, en a\u00f0rir s\u00f6g\u00f0u: V\u00e9r munum hlusta \u00e1 \u00feetta hj\u00e1 \u00fe\u00e9r \u00f6\u00f0ru sinni.<a name=\"33\"><span class=\"versanumer\">33<\/span><\/a>\u00deannig skildi P\u00e1ll vi\u00f0 \u00fe\u00e1.<a name=\"34\"><span class=\"versanumer\">34<\/span><\/a>En nokkrir menn sl\u00f3gust \u00ed fylgd hans. \u00deeir t\u00f3ku tr\u00fa. Me\u00f0al \u00feeirra var D\u00ed\u00f3n\u00fds\u00edus, einn \u00far Areopagus-d\u00f3minum, og kona nokkur, Damaris a\u00f0 nafni, og a\u00f0rir fleiri.<\/p>\n<div class=\"footnote1981\"><b>17.1-9<\/b> Upp\u00feot \u00ed \u00deessalon\u00edku 1\u00deess 2.1-2<br \/>\n<b>17.2<\/b> Eftir venju sinni L\u00fak 4.16; Post 9.20; 17.10,17<br \/>\n<b>17.3<\/b> Kristur \u00e1tti a\u00f0 l\u00ed\u00f0a L\u00fak 24.26; Post 3.18 \u2013 og r\u00edsa upp fr\u00e1 dau\u00f0um L\u00fak 24.46 \u2013 Jes\u00fas er Kristur Post 5.42+<br \/>\n<b>17.4<\/b> Gu\u00f0r\u00e6knir Post 13.43+ &#8211; mikilsh\u00e1ttar konur Post 13.50; 17.12 \u2013 afturhvarf \u00ed \u00deessalon\u00edku Post 20.4; sbr K\u00f3l 4.10<br \/>\n<b>17.5-6<\/b> Gy\u00f0ingar valda upp\u00feotum 1\u00deess 2.14<br \/>\n<b>17.6<\/b> Mennirnir &#8230; Post 16.20<br \/>\n<b>17.7<\/b> Gegn bo\u00f0um keisarans L\u00fak 23.2 \u2013 Jes\u00fas annar konungur L\u00fak 23.2; J\u00f3h 19.12; sbr Matt 2.1-3<br \/>\n<b>17.11<\/b> Ranns\u00f6ku\u00f0u ritningarnar J\u00f3h 5.39<br \/>\n<b>17.12<\/b> T\u00f3ku tr\u00fa Post 2.44+ &#8211; tignar konur Post 13.50; 17.4<br \/>\n<b>17.13<\/b> Ath\u00e6fi Gy\u00f0inganna Post 14.19<br \/>\n<b>17.14<\/b> S\u00edlas Post 15.22+ &#8211; T\u00edm\u00f3teus Post 16.1+ &#8211; aftur \u00ed \u00deessalon\u00edku 1\u00deess 3.1-6<br \/>\n<b>17.17<\/b> P\u00e1ll r\u00e6\u00f0ir vi\u00f0 Gy\u00f0inga Post 18.19; sbr 17.2+ &#8211; gu\u00f0r\u00e6knir Post 13.43+ &#8211; \u00e1 torginu Post 16.19<br \/>\n<b>17.19<\/b> Vitnisbur\u00f0ur fyrir yfirv\u00f6ldum Post 4.8-12; 5.27-33; 9.15; 23.6; 24.10-21; 26.2-23; sbr L\u00fak 21.12<br \/>\n<b>17.22-31<\/b> R\u00e6\u00f0a P\u00e1ls Post 13.16-41; 20.18-35; 22.1-21; 24.10-21; 26.2-33; sbr Post 2.14+ ; 1\u00deess 1.9-10<br \/>\n<b>17.24<\/b> Gu\u00f0 sk\u00f3p heiminn Slm 146.6; Jes 42.5; SSal 13-14; Post 14.15 \u2013 herra himins og jar\u00f0ar Matt 11.25 \u2013 b\u00fdr ekki \u00ed &#8230; 1Kon 8.27; Jes 66.1-2; Post 7.48<br \/>\n<b>17.25<\/b> Me\u00f0 h\u00f6ndum manna Slm 50.12; Post 19.26 \u2013 \u00fearf einskis vi\u00f0 Slm 51.18; Jer 7.22 \u2013 gefur l\u00edf og anda Jes 42.5<br \/>\n<b>17.26<\/b> M\u00f6rk b\u00f3lsta\u00f0a 5M\u00f3s 32.8<br \/>\n<b>17.27<\/b> Leita Gu\u00f0s Jes 55.6; sbr R\u00f3m 1.19-20 \u2013 eigi langt fr\u00e1 Slm 145.18; Jer 23.23<br \/>\n<b>17.28<\/b> Hans \u00e6ttar sbr 1M\u00f3s 1.26; 1P\u00e9t 1.4; 1J\u00f3h 3.2<br \/>\n<b>17.29<\/b> Gu\u00f0 er engu l\u00edkur Jes 40.18-20; 44.10-17; Post 19.26<br \/>\n<b>17.30<\/b> Vanviska li\u00f0inna t\u00edma Post 3.17; 13.27; 14.16; 17.23; Ef 4.17-19<br \/>\n<b>17.31<\/b> D\u00e6ma heimsbygg\u00f0ina me\u00f0 r\u00e9ttv\u00edsi Slm 9.9; 96.13; 98.9 \u2013 hefur fyrirhuga\u00f0 mann Post 10.42<br \/>\n<b>17.34<\/b> Nokkrir t\u00f3ku tr\u00fa Post 17.4<\/div>\n","protected":false},"excerpt":{"rendered":"<p>1\u00deeir f\u00f3ru n\u00fa um Amf\u00edp\u00f3lis og Apoll\u00f3n\u00edu og komu til \u00deessalon\u00edku. \u00dear \u00e1ttu Gy\u00f0ingar samkundu.2Eftir venju sinni gekk P\u00e1ll inn til \u00feeirra, og \u00ferj\u00e1 hv\u00edldardaga r\u00e6ddi hann vi\u00f0 \u00fe\u00e1 og lag\u00f0i \u00fat af ritningunum,3lauk \u00feeim upp fyrir \u00feeim og setti \u00feeim fyrir sj\u00f3nir, a\u00f0 Kristur \u00e1tti a\u00f0 l\u00ed\u00f0a og r\u00edsa upp fr\u00e1 dau\u00f0um. Hann sag\u00f0i: Jes\u00fas, sem \u00e9g bo\u00f0a y\u00f0ur, hann er Kristur.4Nokkrir \u00feeirra l\u00e9tu sannf\u00e6rast og gengu til fylgis vi\u00f0 P\u00e1l og S\u00edlas, auk \u00feess mikill fj\u00f6ldi gu\u00f0r\u00e6kinna Grikkja og mikilsh\u00e1ttar konur eigi allf\u00e1ar.5En Gy\u00f0ingar fylltust afbr\u00fd\u00f0i og fengu me\u00f0 s\u00e9r g\u00f6tuskr\u00edl, \u00e6stu til upp\u00feota og hleyptu borginni \u00ed <a href=\"https:\/\/biblian.is\/1981\/postulasagan-17-kafli\/\"> [&#8230;]<\/a><\/p>\n","protected":false},"author":1,"featured_media":0,"parent":0,"menu_order":0,"comment_status":"open","ping_status":"open","template":"bibliukaflar.php","meta":{"footnotes":""},"class_list":["post-2382","page","type-page","status-publish","hentry"],"_links":{"self":[{"href":"https:\/\/biblian.is\/1981\/wp-json\/wp\/v2\/pages\/2382","targetHints":{"allow":["GET"]}}],"collection":[{"href":"https:\/\/biblian.is\/1981\/wp-json\/wp\/v2\/pages"}],"about":[{"href":"https:\/\/biblian.is\/1981\/wp-json\/wp\/v2\/types\/page"}],"author":[{"embeddable":true,"href":"https:\/\/biblian.is\/1981\/wp-json\/wp\/v2\/users\/1"}],"replies":[{"embeddable":true,"href":"https:\/\/biblian.is\/1981\/wp-json\/wp\/v2\/comments?post=2382"}],"version-history":[{"count":0,"href":"https:\/\/biblian.is\/1981\/wp-json\/wp\/v2\/pages\/2382\/revisions"}],"wp:attachment":[{"href":"https:\/\/biblian.is\/1981\/wp-json\/wp\/v2\/media?parent=2382"}],"curies":[{"name":"wp","href":"https:\/\/api.w.org\/{rel}","templated":true}]}}