{"id":2381,"date":"2017-11-18T20:21:34","date_gmt":"2017-11-18T20:21:34","guid":{"rendered":"http:\/\/biblian.is\/1981\/postulasagan-16-kafli\/"},"modified":"2021-06-06T11:04:49","modified_gmt":"2021-06-06T11:04:49","slug":"postulasagan-16-kafli","status":"publish","type":"page","link":"https:\/\/biblian.is\/1981\/postulasagan-16-kafli\/","title":{"rendered":"Postulasagan 16. kafli"},"content":{"rendered":"<p><a name=\"1\"><span class=\"versanumer\">1<\/span><\/a>Hann kom til Derbe og L\u00fdstru. \u00dear var l\u00e6risveinn nokkur, T\u00edm\u00f3teus a\u00f0 nafni, sonur tr\u00faa\u00f0rar konu af Gy\u00f0inga \u00e6tt, en fa\u00f0ir hans var gr\u00edskur.<a name=\"2\"><span class=\"versanumer\">2<\/span><\/a>Br\u00e6\u00f0urnir \u00ed L\u00fdstru og \u00cdk\u00f3n\u00edum b\u00e1ru honum gott or\u00f0.<a name=\"3\"><span class=\"versanumer\">3<\/span><\/a>P\u00e1ll vildi hafa hann me\u00f0 s\u00e9r og umskar hann s\u00f6kum Gy\u00f0inga, er voru \u00ed \u00feeim bygg\u00f0um, \u00fev\u00ed a\u00f0 allir vissu \u00feeir, a\u00f0 fa\u00f0ir hans var gr\u00edskur.<a name=\"4\"><span class=\"versanumer\">4<\/span><\/a>\u00deeir f\u00f3ru n\u00fa um borgirnar, fluttu m\u00f6nnum \u00fe\u00e6r \u00e1lyktanir, sem postularnir og \u00f6ldungarnir \u00ed Jer\u00fasalem h\u00f6f\u00f0u sam\u00feykkt, og bu\u00f0u a\u00f0 var\u00f0veita \u00fe\u00e6r.<a name=\"5\"><span class=\"versanumer\">5<\/span><\/a>En s\u00f6fnu\u00f0irnir styrktust \u00ed tr\u00fanni og ur\u00f0u fj\u00f6lmennari dag fr\u00e1 degi.<a name=\"6\"><span class=\"versanumer\">6<\/span><\/a>\u00deeir f\u00f3ru um Fr\u00fdg\u00edu og Galataland, \u00fev\u00ed heilagur andi varna\u00f0i \u00feeim a\u00f0 bo\u00f0a or\u00f0i\u00f0 \u00ed As\u00edu.<a name=\"7\"><span class=\"versanumer\">7<\/span><\/a>Og sem \u00feeir voru komnir a\u00f0 M\u00fds\u00edu, reyndu \u00feeir a\u00f0 fara til Bi\u00fe\u00fdn\u00edu, en andi Jes\u00fa leyf\u00f0i \u00fea\u00f0 eigi.<a name=\"8\"><span class=\"versanumer\">8<\/span><\/a>\u00deeir f\u00f3ru \u00fe\u00e1 um M\u00fds\u00edu og komu ni\u00f0ur til Tr\u00f3as.<a name=\"9\"><span class=\"versanumer\">9<\/span><\/a>Um n\u00f3ttina birtist P\u00e1li s\u00fdn: Ma\u00f0ur nokkur maked\u00f3nskur st\u00f3\u00f0 hj\u00e1 honum og ba\u00f0 hann: Kom yfir til Maked\u00f3n\u00edu og hj\u00e1lpa oss!<a name=\"10\"><span class=\"versanumer\">10<\/span><\/a>En jafnskj\u00f3tt og hann haf\u00f0i s\u00e9\u00f0 \u00feessa s\u00fdn, leitu\u00f0um v\u00e9r f\u00e6ris a\u00f0 komast til Maked\u00f3n\u00edu, \u00fear sem v\u00e9r skildum, a\u00f0 Gu\u00f0 haf\u00f0i kalla\u00f0 oss til \u00feess a\u00f0 flytja \u00feeim fagna\u00f0arerindi\u00f0.<a name=\"11\"><span class=\"versanumer\">11<\/span><\/a>N\u00fa l\u00f6g\u00f0um v\u00e9r \u00fat fr\u00e1 Tr\u00f3as og sigldum beint til Sam\u00f3\u00ferake, en n\u00e6sta dag til Neap\u00f3lis<a name=\"12\"><span class=\"versanumer\">12<\/span><\/a>og \u00fea\u00f0an til Filipp\u00ed. H\u00fan er helsta borg \u00ed \u00feessum hluta Maked\u00f3n\u00edu, r\u00f3mversk n\u00fdlenda. \u00cd \u00feeirri borg dv\u00f6ldumst v\u00e9r nokkra daga.<a name=\"13\"><span class=\"versanumer\">13<\/span><\/a>Hv\u00edldardaginn gengum v\u00e9r \u00fat fyrir hli\u00f0i\u00f0 a\u00f0 \u00e1 einni, en \u00fear hug\u00f0um v\u00e9r vera b\u00e6nasta\u00f0. Settumst v\u00e9r ni\u00f0ur og t\u00f6lu\u00f0um vi\u00f0 konurnar, sem voru \u00fear saman komnar.<a name=\"14\"><span class=\"versanumer\">14<\/span><\/a>Kona nokkur gu\u00f0r\u00e6kin \u00far \u00de\u00fdat\u00edruborg, L\u00fdd\u00eda a\u00f0 nafni, er versla\u00f0i me\u00f0 purpura, hl\u00fdddi \u00e1. Opna\u00f0i Drottinn hjarta hennar, og h\u00fan t\u00f3k vi\u00f0 \u00fev\u00ed, sem P\u00e1ll sag\u00f0i.<a name=\"15\"><span class=\"versanumer\">15<\/span><\/a>H\u00fan var sk\u00edr\u00f0 og heimili hennar og h\u00fan ba\u00f0 oss: Gangi\u00f0 inn \u00ed h\u00fas mitt og dveljist \u00fear, fyrst \u00fe\u00e9r telji\u00f0 mig tr\u00faa \u00e1 Drottin. \u00deessu fylgdi h\u00fan fast fram.<a name=\"16\"><span class=\"versanumer\">16<\/span><\/a>Eitt sinn, er v\u00e9r gengum til b\u00e6nasta\u00f0arins, m\u00e6tti oss amb\u00e1tt nokkur, sem haf\u00f0i sp\u00e1sagnaranda og afla\u00f0i h\u00fasb\u00e6ndum s\u00ednum mikils gr\u00f3\u00f0a me\u00f0 \u00fev\u00ed a\u00f0 sp\u00e1.<a name=\"17\"><span class=\"versanumer\">17<\/span><\/a>H\u00fan elti P\u00e1l og oss og hr\u00f3pa\u00f0i: Menn \u00feessir eru \u00fej\u00f3nar Gu\u00f0s hins h\u00e6sta, og bo\u00f0a \u00feeir y\u00f0ur veg til hj\u00e1lpr\u00e6\u00f0is!<a name=\"18\"><span class=\"versanumer\">18<\/span><\/a>\u00deetta gj\u00f6r\u00f0i h\u00fan d\u00f6gum saman. P\u00e1li f\u00e9ll \u00fea\u00f0 illa. Loks sneri hann s\u00e9r vi\u00f0 og sag\u00f0i vi\u00f0 andann: \u00c9g b\u00fd\u00f0 \u00fe\u00e9r \u00ed nafni Jes\u00fa Krists a\u00f0 fara \u00fat af henni. Og hann f\u00f3r \u00fat \u00e1 samri stundu.<a name=\"19\"><span class=\"versanumer\">19<\/span><\/a>N\u00fa sem h\u00fasb\u00e6ndur hennar s\u00e1u, a\u00f0 \u00fear f\u00f3r \u00e1batavon \u00feeirra, gripu \u00feeir P\u00e1l og S\u00edlas og dr\u00f3gu \u00fe\u00e1 \u00e1 torgi\u00f0 fyrir valdsmennina.<a name=\"20\"><span class=\"versanumer\">20<\/span><\/a>\u00deeir f\u00e6r\u00f0u \u00fe\u00e1 til h\u00f6fu\u00f0smannanna og s\u00f6g\u00f0u: Menn \u00feessir gj\u00f6ra mestu \u00f3spektir \u00ed borg vorri. \u00deeir eru Gy\u00f0ingar<a name=\"21\"><span class=\"versanumer\">21<\/span><\/a>og bo\u00f0a si\u00f0i, sem oss, r\u00f3mverskum m\u00f6nnum, leyfist hvorki a\u00f0 \u00fe\u00fd\u00f0ast n\u00e9 fylgja.<a name=\"22\"><span class=\"versanumer\">22<\/span><\/a>M\u00fagurinn r\u00e9\u00f0st og gegn \u00feeim, og h\u00f6fu\u00f0smennirnir l\u00e9tu fletta \u00fe\u00e1 kl\u00e6\u00f0um og skipu\u00f0u a\u00f0 h\u00fa\u00f0str\u00fdkja \u00fe\u00e1.<a name=\"23\"><span class=\"versanumer\">23<\/span><\/a>Og er \u00feeir h\u00f6f\u00f0u losti\u00f0 \u00fe\u00e1 m\u00f6rg h\u00f6gg, v\u00f6rpu\u00f0u \u00feeir \u00feeim \u00ed fangelsi og bu\u00f0u fangaver\u00f0inum a\u00f0 g\u00e6ta \u00feeirra vandlega.<a name=\"24\"><span class=\"versanumer\">24<\/span><\/a>\u00deegar hann haf\u00f0i fengi\u00f0 sl\u00edka skipun, varpa\u00f0i hann \u00feeim \u00ed innsta fangelsi\u00f0 og felldi stokk \u00e1 f\u00e6tur \u00feeim.<a name=\"25\"><span class=\"versanumer\">25<\/span><\/a>Um mi\u00f0n\u00e6tti b\u00e1\u00f0ust \u00feeir P\u00e1ll og S\u00edlas fyrir og lofsungu Gu\u00f0i, en bandingjarnir hlustu\u00f0u \u00e1 \u00fe\u00e1.<a name=\"26\"><span class=\"versanumer\">26<\/span><\/a>\u00de\u00e1 var\u00f0 skyndilega landskj\u00e1lfti mikill, svo a\u00f0 grunnur fangelsisins ri\u00f0a\u00f0i. Jafnskj\u00f3tt opnu\u00f0ust allar dyr, og fj\u00f6trarnir f\u00e9llu af \u00f6llum.<a name=\"27\"><span class=\"versanumer\">27<\/span><\/a>Fangav\u00f6r\u00f0urinn vakna\u00f0i vi\u00f0, og er hann s\u00e1 fangelsisdyrnar opnar, dr\u00f3 hann sver\u00f0 sitt og vildi fyrirfara s\u00e9r, \u00fear e\u00f0 hann hug\u00f0i fangana fl\u00fana.<a name=\"28\"><span class=\"versanumer\">28<\/span><\/a>\u00de\u00e1 kalla\u00f0i P\u00e1ll h\u00e1rri raustu: Gj\u00f6r \u00fe\u00fa sj\u00e1lfum \u00fe\u00e9r ekkert mein, v\u00e9r erum h\u00e9r allir!<a name=\"29\"><span class=\"versanumer\">29<\/span><\/a>En hann ba\u00f0 um lj\u00f3s, st\u00f6kk inn og f\u00e9ll \u00f3ttasleginn til f\u00f3ta P\u00e1li og S\u00edlasi.<a name=\"30\"><span class=\"versanumer\">30<\/span><\/a>S\u00ed\u00f0an leiddi hann \u00fe\u00e1 \u00fat og sag\u00f0i: Herrar m\u00ednir, hva\u00f0 \u00e1 \u00e9g a\u00f0 gj\u00f6ra til a\u00f0 ver\u00f0a h\u00f3lpinn?<a name=\"31\"><span class=\"versanumer\">31<\/span><\/a>En \u00feeir s\u00f6g\u00f0u: Tr\u00fa \u00fe\u00fa \u00e1 Drottin Jes\u00fa, og \u00fe\u00fa munt ver\u00f0a h\u00f3lpinn og heimili \u00feitt.<a name=\"32\"><span class=\"versanumer\">32<\/span><\/a>Og \u00feeir fluttu honum or\u00f0 Drottins og \u00f6llum \u00e1 heimili hans.<a name=\"33\"><span class=\"versanumer\">33<\/span><\/a>\u00c1 \u00feessari s\u00f6mu n\u00e6turstund t\u00f3k hann \u00fe\u00e1 me\u00f0 s\u00e9r og lauga\u00f0i mei\u00f0sli \u00feeirra eftir h\u00f6ggin, og var hann \u00feegar sk\u00edr\u00f0ur og allt hans f\u00f3lk.<a name=\"34\"><span class=\"versanumer\">34<\/span><\/a>S\u00ed\u00f0an f\u00f3r hann me\u00f0 \u00fe\u00e1 upp \u00ed h\u00fas sitt, bar \u00feeim mat, og var hann og allt heimaf\u00f3lk hans fagnandi yfir \u00fev\u00ed a\u00f0 hafa teki\u00f0 tr\u00fa \u00e1 Gu\u00f0.<a name=\"35\"><span class=\"versanumer\">35<\/span><\/a>\u00deegar dagur rann, sendu h\u00f6fu\u00f0smennirnir vandsveina og s\u00f6g\u00f0u: L\u00e1t \u00fe\u00fa menn \u00feessa lausa.<a name=\"36\"><span class=\"versanumer\">36<\/span><\/a>Fangav\u00f6r\u00f0urinn flutti P\u00e1li \u00feessi or\u00f0: H\u00f6fu\u00f0smennirnir hafa sent bo\u00f0 um, a\u00f0 \u00fei\u00f0 skulu\u00f0 l\u00e1tnir lausir. Gangi\u00f0 n\u00fa \u00fat og fari\u00f0 \u00ed fri\u00f0i.<a name=\"37\"><span class=\"versanumer\">37<\/span><\/a>En P\u00e1ll sag\u00f0i vi\u00f0 \u00fe\u00e1: \u00deeir hafa opinberlega l\u00e1ti\u00f0 h\u00fa\u00f0str\u00fdkja okkur, r\u00f3mverska menn, \u00e1n d\u00f3ms og laga og varpa \u00ed fangelsi, og n\u00fa \u00e6tla \u00feeir leynilega a\u00f0 hleypa okkur \u00fat. \u00c9g held n\u00fa s\u00ed\u00f0ur. \u00deeir skulu koma sj\u00e1lfir og lei\u00f0a okkur \u00fat.<a name=\"38\"><span class=\"versanumer\">38<\/span><\/a>Vandsveinarnir fluttu h\u00f6fu\u00f0sm\u00f6nnunum \u00feessi or\u00f0. En \u00feeir ur\u00f0u hr\u00e6ddir, er \u00feeir heyr\u00f0u, a\u00f0 \u00feeir v\u00e6ru r\u00f3mverskir,<a name=\"39\"><span class=\"versanumer\">39<\/span><\/a>og komu og fri\u00f0m\u00e6ltust vi\u00f0 \u00fe\u00e1, leiddu \u00fe\u00e1 \u00fat og b\u00e1\u00f0u \u00fe\u00e1 a\u00f0 fara burt \u00far borginni.<a name=\"40\"><span class=\"versanumer\">40<\/span><\/a>\u00deegar \u00feeir voru komnir \u00fat \u00far fangelsinu, f\u00f3ru \u00feeir heim til L\u00fdd\u00edu, fundu br\u00e6\u00f0urna og hughreystu \u00fe\u00e1. S\u00ed\u00f0an h\u00e9ldu \u00feeir af sta\u00f0.<\/p>\n<div class=\"footnote1981\"><b>16.1<\/b> Derbe Post 14.6 \u2013 l\u00e6risveinn Post 6.1+ &#8211; T\u00edm\u00f3teus Post 17.14-15; 18.5; 19.22; 20.4; R\u00f3m 16.21; 1Kor 4.17; 16.10; 2Kor 1.1,19; Fil 1.1; 2.19; K\u00f3l 1.1; 1\u00deess 1.1; 3.2,6; 2\u00deess 1.1; 1T\u00edm 1.2,18; 6.20; 2T\u00edm 1.2; F\u00edlm 1; Heb 13.23 \u2013 m\u00f3\u00f0ir T\u00edm\u00f3teusar 2T\u00edm 1.5<br \/>\n<b>16.2<\/b> Or\u00f0st\u00edr T\u00edm\u00f3teusar Fil 2.20,22<br \/>\n<b>16.3<\/b> Umskurn T\u00edm\u00f3tesuar sbr Gal 2.3-5<br \/>\n<b>16.4<\/b> \u00c1lyktanir \u00ed Jer\u00fasalem Post 15.23-29; 21.25<br \/>\n<b>16.5<\/b> S\u00f6fnu\u00f0urnir Post 5.11+ &#8211; styrkjast Post 2.41; sbr 14.22<br \/>\n<b>16.6<\/b> Galataland Post 18.23; 1Kor 16.1; Gal 1.2; 2T\u00edm 4.10; 1P\u00e9t 1.1<br \/>\n<b>16.7<\/b> Andi Jes\u00fa Fil 1.19<br \/>\n<b>16.8<\/b> Tr\u00f3as Post 16.11; 20.5-6; 2Kor 2.12; 2T\u00edm 4.13<br \/>\n<b>16.9<\/b> P\u00e1ll s\u00e9r s\u00fdn Post 18.9<br \/>\n<b>16.10<\/b> Vi\u00f0 \/fr\u00e1s\u00f6gurnar \u00ed fyrstu pers\u00f3nu fleirt\u00f6lu) Post 20.5-15; 21.1-18; 27.1-28.16<br \/>\n<b>16.12<\/b> Filipp\u00ed Post 20.6; Fil 1.1<br \/>\n<b>16.14<\/b> Kona nokkur Post 13.43+<br \/>\n<b>16.15<\/b> H\u00fan og heimili hennar Post 10.2; 16.33; 18.8 \u2013 gestrisni Post 10.2,6,48<br \/>\n<b>16.16<\/b> Mikill gr\u00f3\u00f0i Post 19.24<br \/>\n<b>16.17<\/b> Illir andar \u00feekkja postulana Mrk 1.24,34; L\u00fak 4.34,41 \u2013 Gu\u00f0 hinn h\u00e6sti L\u00fak 1.32+ &#8211; vegurinn Post 9.2+<br \/>\n<b>16.18<\/b> \u00cd nafni Jes\u00fa Krists &#8230; Mrk 16.17; Post 19.13<br \/>\n<b>16.20<\/b> L\u00e6risveinarnir \u00e1k\u00e6r\u00f0ir Post 17.6 \u2013 \u00f3spektir 1Kon 18.17<br \/>\n<b>16.22-23<\/b> L\u00e6risveinunum mis\u00feyrmt Fil 1.30; 1\u00deess 2.2<br \/>\n<b>16.22<\/b> H\u00fa\u00f0str\u00fdkja 2Kor 11.25<br \/>\n<b>16.26<\/b> Dyr opnast Post 5.19; 12.10<br \/>\n<b>16.27<\/b> Vildi fyrirfara s\u00e9r Post 12.18-19; 27.42<br \/>\n<b>16.30<\/b> Hva\u00f0 \u00e1 \u00e9g a\u00f0 gera &#8230; ? L\u00fak 10.25+<br \/>\n<b>16.31<\/b> Tr\u00faa Post 10.43 \u2013 \u00e1 Drottin Jes\u00fa Post 2.36; 8.37; R\u00f3m 10.9 \u2013 \u00fe\u00fa og heimili \u00feitt Post 10.2+<br \/>\n<b>16.37<\/b> Forr\u00e9ttindi r\u00f3mverskra manna Post 22.25,29; 23.27<br \/>\n<b>16.39<\/b> B\u00e1\u00f0u \u00fe\u00e1 fara Matt 8.34<\/div>\n","protected":false},"excerpt":{"rendered":"<p>1Hann kom til Derbe og L\u00fdstru. \u00dear var l\u00e6risveinn nokkur, T\u00edm\u00f3teus a\u00f0 nafni, sonur tr\u00faa\u00f0rar konu af Gy\u00f0inga \u00e6tt, en fa\u00f0ir hans var gr\u00edskur.2Br\u00e6\u00f0urnir \u00ed L\u00fdstru og \u00cdk\u00f3n\u00edum b\u00e1ru honum gott or\u00f0.3P\u00e1ll vildi hafa hann me\u00f0 s\u00e9r og umskar hann s\u00f6kum Gy\u00f0inga, er voru \u00ed \u00feeim bygg\u00f0um, \u00fev\u00ed a\u00f0 allir vissu \u00feeir, a\u00f0 fa\u00f0ir hans var gr\u00edskur.4\u00deeir f\u00f3ru n\u00fa um borgirnar, fluttu m\u00f6nnum \u00fe\u00e6r \u00e1lyktanir, sem postularnir og \u00f6ldungarnir \u00ed Jer\u00fasalem h\u00f6f\u00f0u sam\u00feykkt, og bu\u00f0u a\u00f0 var\u00f0veita \u00fe\u00e6r.5En s\u00f6fnu\u00f0irnir styrktust \u00ed tr\u00fanni og ur\u00f0u fj\u00f6lmennari dag fr\u00e1 degi.6\u00deeir f\u00f3ru um Fr\u00fdg\u00edu og Galataland, \u00fev\u00ed heilagur andi varna\u00f0i \u00feeim a\u00f0 bo\u00f0a <a href=\"https:\/\/biblian.is\/1981\/postulasagan-16-kafli\/\"> [&#8230;]<\/a><\/p>\n","protected":false},"author":1,"featured_media":0,"parent":0,"menu_order":0,"comment_status":"open","ping_status":"open","template":"bibliukaflar.php","meta":{"footnotes":""},"class_list":["post-2381","page","type-page","status-publish","hentry"],"_links":{"self":[{"href":"https:\/\/biblian.is\/1981\/wp-json\/wp\/v2\/pages\/2381","targetHints":{"allow":["GET"]}}],"collection":[{"href":"https:\/\/biblian.is\/1981\/wp-json\/wp\/v2\/pages"}],"about":[{"href":"https:\/\/biblian.is\/1981\/wp-json\/wp\/v2\/types\/page"}],"author":[{"embeddable":true,"href":"https:\/\/biblian.is\/1981\/wp-json\/wp\/v2\/users\/1"}],"replies":[{"embeddable":true,"href":"https:\/\/biblian.is\/1981\/wp-json\/wp\/v2\/comments?post=2381"}],"version-history":[{"count":0,"href":"https:\/\/biblian.is\/1981\/wp-json\/wp\/v2\/pages\/2381\/revisions"}],"wp:attachment":[{"href":"https:\/\/biblian.is\/1981\/wp-json\/wp\/v2\/media?parent=2381"}],"curies":[{"name":"wp","href":"https:\/\/api.w.org\/{rel}","templated":true}]}}