{"id":2380,"date":"2017-11-18T20:21:34","date_gmt":"2017-11-18T20:21:34","guid":{"rendered":"http:\/\/biblian.is\/1981\/postulasagan-15-kafli\/"},"modified":"2021-06-06T11:04:48","modified_gmt":"2021-06-06T11:04:48","slug":"postulasagan-15-kafli","status":"publish","type":"page","link":"https:\/\/biblian.is\/1981\/postulasagan-15-kafli\/","title":{"rendered":"Postulasagan 15. kafli"},"content":{"rendered":"<p><a name=\"1\"><span class=\"versanumer\">1<\/span><\/a>\u00de\u00e1 komu menn sunnan fr\u00e1 J\u00fadeu og kenndu br\u00e6\u00f0runum svo: Eigi geti\u00f0 \u00fe\u00e9r h\u00f3lpnir or\u00f0i\u00f0, nema \u00fe\u00e9r l\u00e1ti\u00f0 umskerast a\u00f0 si\u00f0 M\u00f3se.<a name=\"2\"><span class=\"versanumer\">2<\/span><\/a>Var\u00f0 mikil miskl\u00ed\u00f0 og \u00fer\u00e6ta milli \u00feeirra og P\u00e1ls og Barnabasar, og r\u00e9\u00f0u menn af, a\u00f0 P\u00e1ll og Barnabas og nokkrir \u00feeirra a\u00f0rir f\u00e6ru \u00e1 fund postulanna og \u00f6ldunganna upp til Jer\u00fasalem vegna \u00feessa \u00e1greinings.<a name=\"3\"><span class=\"versanumer\">3<\/span><\/a>S\u00f6fnu\u00f0urinn bj\u00f3 s\u00ed\u00f0an fer\u00f0 \u00feeirra, og f\u00f3ru \u00feeir um F\u00f6nik\u00edu og Samar\u00edu og s\u00f6g\u00f0u fr\u00e1 afturhvarfi hei\u00f0ingjanna og v\u00f6ktu mikinn f\u00f6gnu\u00f0 me\u00f0al allra br\u00e6\u00f0ranna.<a name=\"4\"><span class=\"versanumer\">4<\/span><\/a>\u00deegar \u00feeir komu til Jer\u00fasalem, t\u00f3k s\u00f6fnu\u00f0urinn \u00e1 m\u00f3ti \u00feeim og postularnir og \u00f6ldungarnir, og sk\u00fdr\u00f0u \u00feeir fr\u00e1, hversu miki\u00f0 Gu\u00f0 hef\u00f0i l\u00e1ti\u00f0 \u00fe\u00e1 gj\u00f6ra.<a name=\"5\"><span class=\"versanumer\">5<\/span><\/a>\u00de\u00e1 risu upp nokkrir \u00far flokki far\u00edsea, er tr\u00fa h\u00f6f\u00f0u teki\u00f0, og s\u00f6g\u00f0u: \u00de\u00e1 ber a\u00f0 umskera og bj\u00f3\u00f0a \u00feeim a\u00f0 halda l\u00f6gm\u00e1l M\u00f3se.<a name=\"6\"><span class=\"versanumer\">6<\/span><\/a>Postularnir og \u00f6ldungarnir komu n\u00fa saman til a\u00f0 l\u00edta \u00e1 \u00feetta m\u00e1l.<a name=\"7\"><span class=\"versanumer\">7<\/span><\/a>Eftir mikla umr\u00e6\u00f0u reis P\u00e9tur upp og sag\u00f0i vi\u00f0 \u00fe\u00e1: Br\u00e6\u00f0ur, \u00fe\u00e9r viti\u00f0, a\u00f0 Gu\u00f0 kaus s\u00e9r \u00fea\u00f0 fyrir l\u00f6ngu y\u00f0ar \u00e1 me\u00f0al, a\u00f0 hei\u00f0ingjarnir skyldu fyrir munn minn heyra or\u00f0 fagna\u00f0arerindisins og taka tr\u00fa.<a name=\"8\"><span class=\"versanumer\">8<\/span><\/a>Og Gu\u00f0, sem hj\u00f6rtun \u00feekkir, bar \u00feeim vitni, er hann gaf \u00feeim heilagan anda eins og oss.<a name=\"9\"><span class=\"versanumer\">9<\/span><\/a>Engan mun gj\u00f6r\u00f0i hann \u00e1 oss og \u00feeim, er hann hreinsa\u00f0i hj\u00f6rtu \u00feeirra me\u00f0 tr\u00fanni.<a name=\"10\"><span class=\"versanumer\">10<\/span><\/a>Hv\u00ed freisti\u00f0 \u00fe\u00e9r n\u00fa Gu\u00f0s me\u00f0 \u00fev\u00ed a\u00f0 leggja ok \u00e1 h\u00e1ls l\u00e6risveinanna, er hvorki fe\u00f0ur vorir n\u00e9 v\u00e9r megnu\u00f0um a\u00f0 bera?<a name=\"11\"><span class=\"versanumer\">11<\/span><\/a>V\u00e9r tr\u00faum \u00fe\u00f3 \u00fev\u00ed, a\u00f0 v\u00e9r ver\u00f0um h\u00f3lpnir fyrir n\u00e1\u00f0 Drottins Jes\u00fa \u00e1 sama h\u00e1tt og \u00feeir.<a name=\"12\"><span class=\"versanumer\">12<\/span><\/a>\u00de\u00e1 sl\u00f3 \u00fe\u00f6gn \u00e1 allan h\u00f3pinn, og menn hl\u00fdddu \u00e1 Barnabas og P\u00e1l, er \u00feeir s\u00f6g\u00f0u fr\u00e1, hve m\u00f6rg t\u00e1kn og undur Gu\u00f0 haf\u00f0i l\u00e1ti\u00f0 \u00fe\u00e1 gj\u00f6ra me\u00f0al hei\u00f0ingjanna.<a name=\"13\"><span class=\"versanumer\">13<\/span><\/a>\u00deegar \u00feeir h\u00f6f\u00f0u loki\u00f0 m\u00e1li s\u00ednu, sag\u00f0i Jakob: Br\u00e6\u00f0ur, hl\u00fd\u00f0i\u00f0 \u00e1 mig.<a name=\"14\"><span class=\"versanumer\">14<\/span><\/a>S\u00edmon hefur sk\u00fdrt fr\u00e1, hvernig Gu\u00f0 s\u00e1 til \u00feess \u00ed fyrstu, a\u00f0 hann eigna\u00f0ist l\u00fd\u00f0 me\u00f0al hei\u00f0inna \u00fej\u00f3\u00f0a, er b\u00e6ri nafn hans.<a name=\"15\"><span class=\"versanumer\">15<\/span><\/a>\u00cd samr\u00e6mi vi\u00f0 \u00feetta eru or\u00f0 sp\u00e1mannanna, svo sem rita\u00f0 er:<a name=\"16\"><span class=\"versanumer\">16<\/span><\/a>Eftir \u00feetta mun \u00e9g aftur koma og endurreisa hina f\u00f6llnu tjaldb\u00fa\u00f0 Dav\u00ed\u00f0s. \u00c9g mun reisa hana \u00far r\u00fastum og gj\u00f6ra hana upp aftur,<a name=\"17\"><span class=\"versanumer\">17<\/span><\/a>svo a\u00f0 mennirnir, sem eftir eru, leiti Drottins, allir hei\u00f0ingjarnir, sem nafn mitt hefur veri\u00f0 nefnt yfir, segir Drottinn, sem gj\u00f6rir \u00feetta<a name=\"18\"><span class=\"versanumer\">18<\/span><\/a>kunnugt fr\u00e1 eil\u00edf\u00f0.<a name=\"19\"><span class=\"versanumer\">19<\/span><\/a>\u00c9g l\u00edt \u00fev\u00ed svo \u00e1, a\u00f0 eigi skuli \u00ed\u00feyngja hei\u00f0ingjum \u00feeim, er sn\u00faa s\u00e9r til Gu\u00f0s,<a name=\"20\"><span class=\"versanumer\">20<\/span><\/a>heldur rita \u00feeim, a\u00f0 \u00feeir haldi s\u00e9r fr\u00e1 \u00f6llu, sem flekka\u00f0 er af skur\u00f0go\u00f0um, fr\u00e1 saurlifna\u00f0i, fr\u00e1 kj\u00f6ti af k\u00f6fnu\u00f0um d\u00fdrum og fr\u00e1 bl\u00f3\u00f0i.<a name=\"21\"><span class=\"versanumer\">21<\/span><\/a>Fr\u00e1 fornu fari hafa menn pr\u00e9dika\u00f0 M\u00f3se \u00ed \u00f6llum borgum. Hann er lesinn upp \u00ed samkundunum hvern hv\u00edldardag.<a name=\"22\"><span class=\"versanumer\">22<\/span><\/a>Postularnir og \u00f6ldungarnir, \u00e1samt \u00f6llum s\u00f6fnu\u00f0inum, sam\u00feykktu \u00fe\u00e1 a\u00f0 kj\u00f3sa menn \u00far s\u00ednum h\u00f3pi og senda me\u00f0 P\u00e1li og Barnabasi til Ant\u00edokk\u00edu \u00fe\u00e1 J\u00fadas, er kalla\u00f0ur var Barsabbas, og S\u00edlas, forystumenn me\u00f0al br\u00e6\u00f0ranna.<a name=\"23\"><span class=\"versanumer\">23<\/span><\/a>\u00deeir ritu\u00f0u me\u00f0 \u00feeim: Postularnir og \u00f6ldungarnir, br\u00e6\u00f0ur y\u00f0ar, senda br\u00e6\u00f0runum \u00ed Ant\u00edokk\u00edu, S\u00fdrlandi og Kilik\u00edu, er \u00e1\u00f0ur voru hei\u00f0nir, kve\u00f0ju s\u00edna.<a name=\"24\"><span class=\"versanumer\">24<\/span><\/a>V\u00e9r h\u00f6fum heyrt, a\u00f0 nokkrir fr\u00e1 oss hafi \u00f3r\u00f3a\u00f0 y\u00f0ur me\u00f0 or\u00f0um s\u00ednum og komi\u00f0 r\u00f3ti \u00e1 hugi y\u00f0ar, \u00e1n \u00feess v\u00e9r hef\u00f0um \u00feeim neitt um bo\u00f0i\u00f0.<a name=\"25\"><span class=\"versanumer\">25<\/span><\/a>\u00dev\u00ed h\u00f6fum v\u00e9r einr\u00f3ma \u00e1lykta\u00f0 a\u00f0 kj\u00f3sa menn og senda til y\u00f0ar me\u00f0 vorum elsku\u00f0u Barnabasi og P\u00e1li,<a name=\"26\"><span class=\"versanumer\">26<\/span><\/a>m\u00f6nnum, er lagt hafa l\u00edf sitt \u00ed h\u00e6ttu vegna nafns Drottins vors Jes\u00fa Krists.<a name=\"27\"><span class=\"versanumer\">27<\/span><\/a>V\u00e9r sendum \u00fev\u00ed J\u00fadas og S\u00edlas, og bo\u00f0a \u00feeir y\u00f0ur munnlega hi\u00f0 sama.<a name=\"28\"><span class=\"versanumer\">28<\/span><\/a>\u00dea\u00f0 er \u00e1lyktun heilags anda og vor a\u00f0 leggja ekki frekari byr\u00f0ar \u00e1 y\u00f0ur en \u00feetta, sem nau\u00f0synlegt er,<a name=\"29\"><span class=\"versanumer\">29<\/span><\/a>a\u00f0 \u00fe\u00e9r haldi\u00f0 y\u00f0ur fr\u00e1 kj\u00f6ti f\u00f3rnu\u00f0u skur\u00f0go\u00f0um, bl\u00f3\u00f0i, kj\u00f6ti af k\u00f6fnu\u00f0um d\u00fdrum og saurlifna\u00f0i. Ef \u00fe\u00e9r varist \u00feetta, gj\u00f6ri\u00f0 \u00fe\u00e9r vel. Veri\u00f0 s\u00e6lir.<a name=\"30\"><span class=\"versanumer\">30<\/span><\/a>\u00deeir voru n\u00fa sendir af sta\u00f0 og komu nor\u00f0ur til Ant\u00edokk\u00edu, k\u00f6llu\u00f0u saman s\u00f6fnu\u00f0inn og skilu\u00f0u br\u00e9finu.<a name=\"31\"><span class=\"versanumer\">31<\/span><\/a>En er menn l\u00e1su \u00fea\u00f0, ur\u00f0u \u00feeir gla\u00f0ir yfir \u00feessari upp\u00f6rvun.<a name=\"32\"><span class=\"versanumer\">32<\/span><\/a>J\u00fadas og S\u00edlas, sem sj\u00e1lfir voru sp\u00e1menn, hv\u00f6ttu br\u00e6\u00f0urna me\u00f0 m\u00f6rgum or\u00f0um og styrktu \u00fe\u00e1.<a name=\"33\"><span class=\"versanumer\">33<\/span><\/a>\u00deegar \u00feeir h\u00f6f\u00f0u dvalist \u00fear um hr\u00ed\u00f0, kv\u00f6ddu \u00feeir br\u00e6\u00f0urna og b\u00e1\u00f0u \u00feeim fri\u00f0ar og h\u00e9ldu aftur til \u00feeirra, sem h\u00f6f\u00f0u sent \u00fe\u00e1.<span class=\"nedan_mal\" title=\" Sum handrit hafa vers 34: En S\u00edlas \u00e1kva\u00f0 a\u00f0 vera \u00fear um kyrrt.\">[<\/span><a name=\"35\"><span class=\"versanumer\">35<\/span><\/a>En P\u00e1ll og Barnabas h\u00e9ldu kyrru fyrir \u00ed Ant\u00edokk\u00edu, kenndu og bo\u00f0u\u00f0u \u00e1samt m\u00f6rgum \u00f6\u00f0rum or\u00f0 Drottins.<a name=\"36\"><span class=\"versanumer\">36<\/span><\/a>Eftir nokkra daga sag\u00f0i P\u00e1ll vi\u00f0 Barnabas: F\u00f6rum n\u00fa aftur og vitjum br\u00e6\u00f0ranna \u00ed hverri borg, \u00fear sem v\u00e9r h\u00f6fum bo\u00f0a\u00f0 or\u00f0 Drottins, og sj\u00e1um, hva\u00f0 \u00feeim l\u00ed\u00f0ur.<a name=\"37\"><span class=\"versanumer\">37<\/span><\/a>Barnabas vildi \u00fe\u00e1 l\u00edka taka me\u00f0 J\u00f3hannes, er kalla\u00f0ur var Mark\u00fas.<a name=\"38\"><span class=\"versanumer\">38<\/span><\/a>En P\u00e1li \u00fe\u00f3tti eigi r\u00e9tt a\u00f0 taka me\u00f0 \u00feann mann, er skili\u00f0 haf\u00f0i vi\u00f0 \u00fe\u00e1 \u00ed Pamf\u00fdl\u00edu og ekki gengi\u00f0 a\u00f0 verki me\u00f0 \u00feeim.<a name=\"39\"><span class=\"versanumer\">39<\/span><\/a>Var\u00f0 \u00feeim mj\u00f6g sunduror\u00f0a, og skildi \u00fear me\u00f0 \u00feeim. T\u00f3k Barnabas Mark\u00fas me\u00f0 s\u00e9r og sigldi til K\u00fdpur.<a name=\"40\"><span class=\"versanumer\">40<\/span><\/a>En P\u00e1ll kaus s\u00e9r S\u00edlas og f\u00f3r af sta\u00f0, og f\u00f3lu br\u00e6\u00f0urnir hann n\u00e1\u00f0 Drottins.<a name=\"41\"><span class=\"versanumer\">41<\/span><\/a>F\u00f3r hann um S\u00fdrland og Kilik\u00edu og styrkti s\u00f6fnu\u00f0ina.<\/p>\n<div class=\"footnote1981\">\n<b>15.1<\/b> Br\u00e6\u00f0urnir Post 1.15+ &#8211; umskurn og s\u00e1luhj\u00e1lp Gal 5.2 \u2013 a\u00f0 si\u00f0 M\u00f3se 3M\u00f3s 12.3<br \/>\n<b>15.2<\/b> P\u00e1ll fer til Jer\u00fasalem Post 9.26-30; 11.30; 18.22; 21.15; sbr Gal 1.18; 2.1<br \/>\n<b>15.4<\/b> Sk\u00fdr\u00f0u fr\u00e1 Post 14.27; 15.12; 21.19<br \/>\n<b>15.7-8<\/b> Hei\u00f0ingjunum gefinn heilagur andi Post 2.4; 10.44; 11.15,18<br \/>\n<b>15.9<\/b> Enginn munur Post 10.34-35; sbr 10.20; 11.12 \u2013 hreinsa Post 10.28<br \/>\n<b>15.10<\/b> \u00d3b\u00e6rilegar byr\u00f0ar Post 15.5,19; Gal 5.1,3<br \/>\n<b>15.11<\/b> H\u00f3lpnir fyrir n\u00e1\u00f0 Gal 2.16; Ef 2.5-8<br \/>\n<b>15.12<\/b> S\u00f6g\u00f0u fr\u00e1 Post 14.27; 15.4; 21.19<br \/>\n<b>15.13<\/b> Jakob br\u00f3\u00f0ir Drottins Matt 13.55; Mrk 6.3; Post 12.17; 1Kor 15.7; Gal 1.19; 2.9,12; Jak 1.1; J\u00fad 1 \u2013 Jakob og l\u00f6gm\u00e1li\u00f0 Post 15.19; 21.21-25; Gal 2.12<br \/>\n<b>15.14<\/b> S\u00edmon segir fr\u00e1 Post 15.7-9 \u2013 l\u00fd\u00f0ur Gu\u00f0s Sak 2.15; L\u00fak 1.68; R\u00f3m 11.16-17; 15.8-12; Ef 2.14; 1P\u00e9t 2.10<br \/>\n<b>15.16-17<\/b> Eftir \u00feetta &#8230; Am 9.11-12<br \/>\n<b>15.18<\/b> Kunnugt fr\u00e1 eil\u00edf\u00f0 Jes 45.21<br \/>\n<b>15.19<\/b> Eigi skuli \u00ed\u00feyngja Post 15.10<br \/>\n<b>15.20<\/b> Halda sig fr\u00e1 bl\u00f3\u00f0i 1M\u00f3s 9.4; 3M\u00f3s 3.17 \u2013 sbr Post 15.29; 21.25<br \/>\n<b>15.21<\/b> Upplestur \u00far l\u00f6gm\u00e1linu Post 13.15<br \/>\n<b>15.22<\/b> Postularnir Post 14.4+ &#8211; \u00f6ldungarnir Post 11.30+ &#8211; S\u00edlas Post 15.27,32,34,40; 16.19,25,29; 17.4,10,14-15; 18.5; 2Kor 1.19; 1\u00deess 1.1; 1P\u00e9t 5.12 \u2013 s\u00f6fnu\u00f0urinn Post 1.15+<br \/>\n<b>15.24<\/b> \u00d3r\u00f3a\u00f0 ykkur Post 15.1<br \/>\n<b>15.28<\/b> \u00c1lyktun heilags anda sbr Post 13.1-4 \u2013 \u00f3b\u00e6rar byr\u00f0ar Matt 23.4<br \/>\n<b>15.29<\/b> Reglur fyrir hei\u00f0inkristna Post 15.20+<br \/>\n<b>15.32<\/b> S\u00edlas Post 15.22+ &#8211; sp\u00e1menn \u00ed s\u00f6fnu\u00f0inum Post 11.27+ &#8211; styrkja Post 14.22; 18.23<br \/>\n<b>15.36<\/b> Vitja tr\u00fasystkinanna Post 13.1-4 \u2013 tr\u00fdusystkinin Post 1.15+<br \/>\n<b>15.37<\/b> Barnabas Post 4.36+ &#8211; J\u00f3hannes Mark\u00fas Post 12.12+<br \/>\n<b>15.38<\/b> Lj\u00f3\u00f0ur \u00e1 r\u00e1\u00f0i Mark\u00fasar Post 13.13 \u2013 sj\u00e1 K\u00f3l 4.10<br \/>\n<b>15.39<\/b> Til K\u00fdpur Post 4.36; 13.7<br \/>\n<b>15.40<\/b> S\u00edlas Post 15.22+ &#8211; f\u00f3lu hann n\u00e1\u00f0 Gu\u00f0s Post 14.26<\/div>\n","protected":false},"excerpt":{"rendered":"<p>1\u00de\u00e1 komu menn sunnan fr\u00e1 J\u00fadeu og kenndu br\u00e6\u00f0runum svo: Eigi geti\u00f0 \u00fe\u00e9r h\u00f3lpnir or\u00f0i\u00f0, nema \u00fe\u00e9r l\u00e1ti\u00f0 umskerast a\u00f0 si\u00f0 M\u00f3se.2Var\u00f0 mikil miskl\u00ed\u00f0 og \u00fer\u00e6ta milli \u00feeirra og P\u00e1ls og Barnabasar, og r\u00e9\u00f0u menn af, a\u00f0 P\u00e1ll og Barnabas og nokkrir \u00feeirra a\u00f0rir f\u00e6ru \u00e1 fund postulanna og \u00f6ldunganna upp til Jer\u00fasalem vegna \u00feessa \u00e1greinings.3S\u00f6fnu\u00f0urinn bj\u00f3 s\u00ed\u00f0an fer\u00f0 \u00feeirra, og f\u00f3ru \u00feeir um F\u00f6nik\u00edu og Samar\u00edu og s\u00f6g\u00f0u fr\u00e1 afturhvarfi hei\u00f0ingjanna og v\u00f6ktu mikinn f\u00f6gnu\u00f0 me\u00f0al allra br\u00e6\u00f0ranna.4\u00deegar \u00feeir komu til Jer\u00fasalem, t\u00f3k s\u00f6fnu\u00f0urinn \u00e1 m\u00f3ti \u00feeim og postularnir og \u00f6ldungarnir, og sk\u00fdr\u00f0u \u00feeir fr\u00e1, hversu miki\u00f0 Gu\u00f0 hef\u00f0i <a href=\"https:\/\/biblian.is\/1981\/postulasagan-15-kafli\/\"> [&#8230;]<\/a><\/p>\n","protected":false},"author":1,"featured_media":0,"parent":0,"menu_order":0,"comment_status":"open","ping_status":"open","template":"bibliukaflar.php","meta":{"footnotes":""},"class_list":["post-2380","page","type-page","status-publish","hentry"],"_links":{"self":[{"href":"https:\/\/biblian.is\/1981\/wp-json\/wp\/v2\/pages\/2380","targetHints":{"allow":["GET"]}}],"collection":[{"href":"https:\/\/biblian.is\/1981\/wp-json\/wp\/v2\/pages"}],"about":[{"href":"https:\/\/biblian.is\/1981\/wp-json\/wp\/v2\/types\/page"}],"author":[{"embeddable":true,"href":"https:\/\/biblian.is\/1981\/wp-json\/wp\/v2\/users\/1"}],"replies":[{"embeddable":true,"href":"https:\/\/biblian.is\/1981\/wp-json\/wp\/v2\/comments?post=2380"}],"version-history":[{"count":0,"href":"https:\/\/biblian.is\/1981\/wp-json\/wp\/v2\/pages\/2380\/revisions"}],"wp:attachment":[{"href":"https:\/\/biblian.is\/1981\/wp-json\/wp\/v2\/media?parent=2380"}],"curies":[{"name":"wp","href":"https:\/\/api.w.org\/{rel}","templated":true}]}}