{"id":2379,"date":"2017-11-18T20:21:34","date_gmt":"2017-11-18T20:21:34","guid":{"rendered":"http:\/\/biblian.is\/1981\/postulasagan-14-kafli\/"},"modified":"2021-06-06T11:04:48","modified_gmt":"2021-06-06T11:04:48","slug":"postulasagan-14-kafli","status":"publish","type":"page","link":"https:\/\/biblian.is\/1981\/postulasagan-14-kafli\/","title":{"rendered":"Postulasagan 14. kafli"},"content":{"rendered":"<p><a name=\"1\"><span class=\"versanumer\">1<\/span><\/a>\u00cd \u00cdk\u00f3n\u00edum gengu \u00feeir \u00e1 sama h\u00e1tt inn \u00ed samkundu Gy\u00f0inga og t\u00f6lu\u00f0u \u00feannig, a\u00f0 mikill fj\u00f6ldi Gy\u00f0inga og Grikkja t\u00f3k tr\u00fa.<a name=\"2\"><span class=\"versanumer\">2<\/span><\/a>En vantr\u00faa Gy\u00f0ingar v\u00f6ktu \u00e6sing me\u00f0 hei\u00f0ingjum og illan hug gegn br\u00e6\u00f0runum.<a name=\"3\"><span class=\"versanumer\">3<\/span><\/a>Dv\u00f6ldust \u00feeir \u00fear alllangan t\u00edma og t\u00f6lu\u00f0u djarflega \u00ed trausti til Drottins, sem sta\u00f0festi or\u00f0 n\u00e1\u00f0ar sinnar me\u00f0 \u00fev\u00ed a\u00f0 l\u00e1ta t\u00e1kn og undur gerast fyrir hendur \u00feeirra.<a name=\"4\"><span class=\"versanumer\">4<\/span><\/a>Skiptust n\u00fa borgarb\u00faar \u00ed tvo flokka, og voru sumir me\u00f0 Gy\u00f0ingum, a\u00f0rir me\u00f0 postulunum.<a name=\"5\"><span class=\"versanumer\">5<\/span><\/a>Hei\u00f0ingjar og Gy\u00f0ingar gj\u00f6r\u00f0u \u00e1samt yfirv\u00f6ldum s\u00ednum sambl\u00e1stur um a\u00f0 mis\u00feyrma \u00feeim og gr\u00fdta \u00fe\u00e1.<a name=\"6\"><span class=\"versanumer\">6<\/span><\/a>\u00deeir komust a\u00f0 \u00feessu og fl\u00fd\u00f0u til borganna L\u00fdstru og Derbe \u00ed L\u00fdka\u00f3n\u00edu og h\u00e9ra\u00f0sins umhverfis.<a name=\"7\"><span class=\"versanumer\">7<\/span><\/a>\u00dear h\u00e9ldu \u00feeir \u00e1fram a\u00f0 flytja fagna\u00f0arerindi\u00f0.<a name=\"8\"><span class=\"versanumer\">8<\/span><\/a>\u00cd L\u00fdstru var ma\u00f0ur nokkur m\u00e1ttvana \u00ed f\u00f3tum, lami fr\u00e1 m\u00f3\u00f0url\u00edfi, og haf\u00f0i aldrei geta\u00f0 gengi\u00f0.<a name=\"9\"><span class=\"versanumer\">9<\/span><\/a>Ma\u00f0ur \u00feessi heyr\u00f0i \u00e1 m\u00e1l P\u00e1ls, en P\u00e1ll horf\u00f0i \u00e1 hann og s\u00e1, a\u00f0 hann haf\u00f0i tr\u00fa til \u00feess a\u00f0 ver\u00f0a heill,<a name=\"10\"><span class=\"versanumer\">10<\/span><\/a>og sag\u00f0i h\u00e1rri raustu: R\u00eds upp og stattu \u00ed f\u00e6turna! Hann spratt upp og t\u00f3k a\u00f0 ganga.<a name=\"11\"><span class=\"versanumer\">11<\/span><\/a>M\u00fagurinn s\u00e1, hva\u00f0 P\u00e1ll haf\u00f0i gj\u00f6rt, og t\u00f3k a\u00f0 hr\u00f3pa \u00e1 l\u00fdka\u00f3nsku: Gu\u00f0irnir eru \u00ed manna l\u00edki stignir ni\u00f0ur til vor.<a name=\"12\"><span class=\"versanumer\">12<\/span><\/a>K\u00f6llu\u00f0u \u00feeir Barnabas Seif, en P\u00e1l Hermes, \u00fev\u00ed a\u00f0 hann haf\u00f0i or\u00f0 fyrir \u00feeim.<a name=\"13\"><span class=\"versanumer\">13<\/span><\/a>En prestur \u00ed hofi Seifs utan borgar kom me\u00f0 naut og kransa a\u00f0 borgarhli\u00f0unum og vildi f\u00e6ra f\u00f3rnir \u00e1samt f\u00f3lkinu.<a name=\"14\"><span class=\"versanumer\">14<\/span><\/a>\u00deegar postularnir, Barnabas og P\u00e1ll, heyr\u00f0u \u00feetta, rifu \u00feeir kl\u00e6\u00f0i s\u00edn, stukku inn \u00ed mann\u00fer\u00f6ngina og hr\u00f3pu\u00f0u:<a name=\"15\"><span class=\"versanumer\">15<\/span><\/a>Menn, hv\u00ed gj\u00f6ri\u00f0 \u00fe\u00e9r \u00feetta? Menn erum v\u00e9r sem \u00fe\u00e9r, y\u00f0ar l\u00edkar, og flytjum y\u00f0ur \u00feau fagna\u00f0arbo\u00f0, a\u00f0 \u00fe\u00e9r skulu\u00f0 hverfa fr\u00e1 \u00feessum f\u00e1n\u00fdtu go\u00f0um til lifanda Gu\u00f0s, sem skapa\u00f0i himin, j\u00f6r\u00f0 og haf og allt, sem \u00ed \u00feeim er.<a name=\"16\"><span class=\"versanumer\">16<\/span><\/a>Hann hefur um li\u00f0nar aldir leyft, a\u00f0 s\u00e9rhver \u00fej\u00f3\u00f0 gengi s\u00edna vegu.<a name=\"17\"><span class=\"versanumer\">17<\/span><\/a>En \u00fe\u00f3 hefur hann vitna\u00f0 um sj\u00e1lfan sig me\u00f0 velgj\u00f6r\u00f0um s\u00ednum. Hann hefur gefi\u00f0 y\u00f0ur regn af himni og uppskerut\u00ed\u00f0ir. Hann hefur veitt y\u00f0ur f\u00e6\u00f0u og fyllt hj\u00f6rtu y\u00f0ar gle\u00f0i.<a name=\"18\"><span class=\"versanumer\">18<\/span><\/a>Me\u00f0 \u00feessum or\u00f0um fengu \u00feeir me\u00f0 naumindum f\u00f3lki\u00f0 ofan af \u00fev\u00ed a\u00f0 f\u00e6ra \u00feeim f\u00f3rnir.<a name=\"19\"><span class=\"versanumer\">19<\/span><\/a>\u00de\u00e1 komu Gy\u00f0ingar fr\u00e1 Ant\u00edokk\u00edu og \u00cdk\u00f3n\u00edum. T\u00f6ldu \u00feeir f\u00f3lki\u00f0 \u00e1 sitt m\u00e1l, og menn gr\u00fdttu P\u00e1l, dr\u00f3gu hann \u00fat \u00far borginni og hug\u00f0u hann d\u00e1inn.<a name=\"20\"><span class=\"versanumer\">20<\/span><\/a>En l\u00e6risveinarnir sl\u00f3gu hring um hann, og reis hann \u00fe\u00e1 upp og gekk inn \u00ed borgina. Daginn eftir f\u00f3r hann \u00fea\u00f0an me\u00f0 Barnabasi til Derbe.<a name=\"21\"><span class=\"versanumer\">21<\/span><\/a>\u00deegar \u00feeir h\u00f6f\u00f0u bo\u00f0a\u00f0 fagna\u00f0arerindi\u00f0 \u00ed \u00feeirri borg og gj\u00f6rt marga a\u00f0 l\u00e6risveinum, sneru \u00feeir aftur til L\u00fdstru, \u00cdk\u00f3n\u00edum og Ant\u00edokk\u00edu,<a name=\"22\"><span class=\"versanumer\">22<\/span><\/a>styrktu l\u00e6risveinana og hv\u00f6ttu \u00fe\u00e1 til a\u00f0 vera sta\u00f0fastir \u00ed tr\u00fanni. \u00deeir s\u00f6g\u00f0u: V\u00e9r ver\u00f0um a\u00f0 ganga inn \u00ed Gu\u00f0s r\u00edki gegnum margar \u00ferengingar.<a name=\"23\"><span class=\"versanumer\">23<\/span><\/a>\u00deeir v\u00f6ldu \u00feeim \u00f6ldunga \u00ed hverjum s\u00f6fnu\u00f0i, f\u00f3lu \u00fe\u00e1 s\u00ed\u00f0an me\u00f0 f\u00f6stum og b\u00e6nahaldi Drottni, sem \u00feeir h\u00f6f\u00f0u fest tr\u00fa \u00e1.<a name=\"24\"><span class=\"versanumer\">24<\/span><\/a>\u00de\u00e1 f\u00f3ru \u00feeir um Pisid\u00edu og komu til Pamf\u00fdl\u00edu.<a name=\"25\"><span class=\"versanumer\">25<\/span><\/a>\u00deeir fluttu or\u00f0i\u00f0 \u00ed Perge, f\u00f3ru til Attal\u00edu<a name=\"26\"><span class=\"versanumer\">26<\/span><\/a>og sigldu \u00fea\u00f0an til Ant\u00edokk\u00edu, en \u00fear h\u00f6f\u00f0u \u00feeir veri\u00f0 faldir n\u00e1\u00f0 Gu\u00f0s til \u00feess verks, sem \u00feeir h\u00f6f\u00f0u n\u00fa fullna\u00f0.<a name=\"27\"><span class=\"versanumer\">27<\/span><\/a>\u00deegar \u00feeir voru \u00feanga\u00f0 komnir, stefndu \u00feeir saman s\u00f6fnu\u00f0inum og greindu fr\u00e1, hversu miki\u00f0 Gu\u00f0 haf\u00f0i l\u00e1ti\u00f0 \u00fe\u00e1 gj\u00f6ra og a\u00f0 hann hef\u00f0i upp loki\u00f0 dyrum tr\u00faarinnar fyrir hei\u00f0ingjum.<a name=\"28\"><span class=\"versanumer\">28<\/span><\/a>Dv\u00f6ldust \u00feeir n\u00fa alllengi hj\u00e1 l\u00e6risveinunum.<\/p>\n<div class=\"footnote1981\"><b>14.1<\/b> Grikkir Post 18.4; 19.10,17; 20.21; sbr 11.20<br \/>\n<b>14.2<\/b> V\u00f6ktu illan hug Post 13.45+ &#8211; kristnir menn Post 1.15+<br \/>\n<b>14.3<\/b> T\u00e1kn og undur Post 2.43+ &#8211; sta\u00f0festa or\u00f0i\u00f0 Mrk 16.20; Post 19.11; Heb 2.4<br \/>\n<b>14.4<\/b> Postularnir 1)hinir \u00fatsendu J\u00f3h 13.16; Post 13.1-4; 2Kor 8.23; sbr Post 22.21 2)hinir t\u00f3lf Post 1.2,26; 2.37,42; 4.33; 16.4<br \/>\n<b>14.5<\/b> Sambl\u00e1stur geng postulunum Post 14.19; 2T\u00edm 3.11<br \/>\n<b>14.6<\/b> Fl\u00fd\u00f0u til \u00fatlendinga Matt 10.23<br \/>\n<b>14.8<\/b> Lami fr\u00e1 m\u00f3\u00f0url\u00edfi J\u00f3h 9.1; Post 3.2<br \/>\n<b>14.9<\/b> Tr\u00fa og l\u00e6kning Matt 9.28; Post 3.16<br \/>\n<b>14.10<\/b> L\u00e6kna\u00f0ur Post 3.2-9<br \/>\n<b>14.11<\/b> Postularnir \u00e1litnir gu\u00f0ir Post 28.6<br \/>\n<b>14.15<\/b> Postulleg bo\u00f0un Post 2.14+ &#8211; menn eins og \u00fei\u00f0 Post 10.26; Jak 5.17 \u2013 skapa\u00f0i himinn og j\u00f6r\u00f0 2M\u00f3s 20.11; Slm 146.6<br \/>\n<b>14.16<\/b> Gengi s\u00edna vegu Post 17.30<br \/>\n<b>14.17<\/b> Regn og uppskerut\u00ed\u00f0ir Slm 147.8; Jer 5.24<br \/>\n<b>14.19<\/b> Ath\u00e6fi Gy\u00f0inganna Post 17.13 \u2013 P\u00e1ll gr\u00fdttur 2Kor 11.25; 2T\u00edm 3.11<br \/>\n<b>14.20<\/b> L\u00e6risveinarnir Post 6.1+<br \/>\n<b>14.22<\/b> Styrktu Post 15.32; 18.23 \u2013 vera sta\u00f0fastir Post 11.23; 13.43 \u2013 \u00ferengingar \u00ed v\u00e6ndum 1\u00deess 3.3<br \/>\n<b>14.23<\/b> \u00d6ldungar Post 11.30+ &#8211; velja \u00f6ldunga Post 20.28; T\u00edt 1.5 \u2013 fasta og b\u00e6n Post 13.3<br \/>\n<b>14.26<\/b> Til Ant\u00edokk\u00edu Post 13.1-2; 15.40<br \/>\n<b>14.27<\/b> Greindu fr\u00e1 Post 15.4,12; 21.19 \u2013 opna dyr 1Kor 16.9; 2Kor 2.12; K\u00f3l 4.3 \u2013 fyrir hei\u00f0ingjum Post 10.45; 11.1,18; 13.47-48<\/div>\n","protected":false},"excerpt":{"rendered":"<p>1\u00cd \u00cdk\u00f3n\u00edum gengu \u00feeir \u00e1 sama h\u00e1tt inn \u00ed samkundu Gy\u00f0inga og t\u00f6lu\u00f0u \u00feannig, a\u00f0 mikill fj\u00f6ldi Gy\u00f0inga og Grikkja t\u00f3k tr\u00fa.2En vantr\u00faa Gy\u00f0ingar v\u00f6ktu \u00e6sing me\u00f0 hei\u00f0ingjum og illan hug gegn br\u00e6\u00f0runum.3Dv\u00f6ldust \u00feeir \u00fear alllangan t\u00edma og t\u00f6lu\u00f0u djarflega \u00ed trausti til Drottins, sem sta\u00f0festi or\u00f0 n\u00e1\u00f0ar sinnar me\u00f0 \u00fev\u00ed a\u00f0 l\u00e1ta t\u00e1kn og undur gerast fyrir hendur \u00feeirra.4Skiptust n\u00fa borgarb\u00faar \u00ed tvo flokka, og voru sumir me\u00f0 Gy\u00f0ingum, a\u00f0rir me\u00f0 postulunum.5Hei\u00f0ingjar og Gy\u00f0ingar gj\u00f6r\u00f0u \u00e1samt yfirv\u00f6ldum s\u00ednum sambl\u00e1stur um a\u00f0 mis\u00feyrma \u00feeim og gr\u00fdta \u00fe\u00e1.6\u00deeir komust a\u00f0 \u00feessu og fl\u00fd\u00f0u til borganna L\u00fdstru og Derbe \u00ed L\u00fdka\u00f3n\u00edu og <a href=\"https:\/\/biblian.is\/1981\/postulasagan-14-kafli\/\"> [&#8230;]<\/a><\/p>\n","protected":false},"author":1,"featured_media":0,"parent":0,"menu_order":0,"comment_status":"open","ping_status":"open","template":"bibliukaflar.php","meta":{"footnotes":""},"class_list":["post-2379","page","type-page","status-publish","hentry"],"_links":{"self":[{"href":"https:\/\/biblian.is\/1981\/wp-json\/wp\/v2\/pages\/2379","targetHints":{"allow":["GET"]}}],"collection":[{"href":"https:\/\/biblian.is\/1981\/wp-json\/wp\/v2\/pages"}],"about":[{"href":"https:\/\/biblian.is\/1981\/wp-json\/wp\/v2\/types\/page"}],"author":[{"embeddable":true,"href":"https:\/\/biblian.is\/1981\/wp-json\/wp\/v2\/users\/1"}],"replies":[{"embeddable":true,"href":"https:\/\/biblian.is\/1981\/wp-json\/wp\/v2\/comments?post=2379"}],"version-history":[{"count":0,"href":"https:\/\/biblian.is\/1981\/wp-json\/wp\/v2\/pages\/2379\/revisions"}],"wp:attachment":[{"href":"https:\/\/biblian.is\/1981\/wp-json\/wp\/v2\/media?parent=2379"}],"curies":[{"name":"wp","href":"https:\/\/api.w.org\/{rel}","templated":true}]}}