{"id":2378,"date":"2017-11-18T20:21:34","date_gmt":"2017-11-18T20:21:34","guid":{"rendered":"http:\/\/biblian.is\/1981\/postulasagan-13-kafli\/"},"modified":"2021-06-06T11:04:47","modified_gmt":"2021-06-06T11:04:47","slug":"postulasagan-13-kafli","status":"publish","type":"page","link":"https:\/\/biblian.is\/1981\/postulasagan-13-kafli\/","title":{"rendered":"Postulasagan 13. kafli"},"content":{"rendered":"<p><a name=\"1\"><span class=\"versanumer\">1<\/span><\/a>\u00cd s\u00f6fnu\u00f0inum \u00ed Ant\u00edokk\u00edu voru sp\u00e1menn og kennarar. \u00dear voru \u00feeir Barnabas, S\u00edmeon, nefndur N\u00edger, L\u00fak\u00edus fr\u00e1 K\u00fdrene, Manaen, samf\u00f3stri Her\u00f3desar fj\u00f3r\u00f0ungsstj\u00f3ra, og S\u00e1l.<a name=\"2\"><span class=\"versanumer\">2<\/span><\/a>Eitt sinn er \u00feeir voru a\u00f0 \u00fej\u00f3na Drottni og f\u00f6stu\u00f0u sag\u00f0i heilagur andi: Skilji\u00f0 fr\u00e1 m\u00e9r til handa \u00fe\u00e1 Barnabas og S\u00e1l til \u00feess verks, sem \u00e9g hef kalla\u00f0 \u00fe\u00e1 til.<a name=\"3\"><span class=\"versanumer\">3<\/span><\/a>S\u00ed\u00f0an f\u00f6stu\u00f0u \u00feeir og b\u00e1\u00f0ust fyrir, l\u00f6g\u00f0u hendur yfir \u00fe\u00e1 og l\u00e9tu \u00fe\u00e1 fara.<a name=\"4\"><span class=\"versanumer\">4<\/span><\/a>\u00deeir f\u00f3ru n\u00fa, sendir af heil\u00f6gum anda, til Selevk\u00edu og sigldu \u00fea\u00f0an til K\u00fdpur.<a name=\"5\"><span class=\"versanumer\">5<\/span><\/a>\u00deegar \u00feeir voru komnir til Salamis, bo\u00f0u\u00f0u \u00feeir or\u00f0 Gu\u00f0s \u00ed samkunduh\u00fasum Gy\u00f0inga. H\u00f6f\u00f0u \u00feeir og J\u00f3hannes til a\u00f0sto\u00f0ar.<a name=\"6\"><span class=\"versanumer\">6<\/span><\/a>\u00deeir f\u00f3ru um alla eyna, allt til Pafos. \u00dear fundu \u00feeir t\u00f6framann nokkurn og falssp\u00e1mann, Gy\u00f0ing, er h\u00e9t Barjes\u00fas.<a name=\"7\"><span class=\"versanumer\">7<\/span><\/a>Hann var hj\u00e1 landstj\u00f3ranum Serg\u00edusi P\u00e1li, hyggnum manni, sem haf\u00f0i bo\u00f0a\u00f0 \u00fe\u00e1 Barnabas og S\u00e1l \u00e1 fund sinn og f\u00fdsti a\u00f0 heyra Gu\u00f0s or\u00f0.<a name=\"8\"><span class=\"versanumer\">8<\/span><\/a>Gegn \u00feeim st\u00f3\u00f0 El\u00fdmas, t\u00f6frama\u00f0urinn, en svo er nafn hans \u00fatlagt. Reyndi hann a\u00f0 gj\u00f6ra landstj\u00f3rann fr\u00e1hverfan tr\u00fanni.<a name=\"9\"><span class=\"versanumer\">9<\/span><\/a>En S\u00e1l, sem og er nefndur P\u00e1ll, hvessti \u00e1 hann augun og sag\u00f0i, fylltur heil\u00f6gum anda:<a name=\"10\"><span class=\"versanumer\">10<\/span><\/a>\u00de\u00fa dj\u00f6fuls sonur, fullur allra v\u00e9la og fl\u00e6r\u00f0ar, \u00f3vinur alls r\u00e9ttl\u00e6tis, \u00e6tlar \u00fe\u00fa aldrei a\u00f0 h\u00e6tta a\u00f0 rangsn\u00faa r\u00e9ttum vegum Drottins?<a name=\"11\"><span class=\"versanumer\">11<\/span><\/a>N\u00fa er h\u00f6nd Drottins reidd gegn \u00fe\u00e9r, og \u00fe\u00fa munt ver\u00f0a blindur og ekki sj\u00e1 s\u00f3l um t\u00edma. Jafnskj\u00f3tt f\u00e9ll yfir hann \u00feoka og myrkur, og hann reika\u00f0i um og leita\u00f0i einhvers til a\u00f0 lei\u00f0a sig.<a name=\"12\"><span class=\"versanumer\">12<\/span><\/a>\u00deegar landstj\u00f3rinn s\u00e1 \u00feennan atbur\u00f0, var\u00f0 hann gagntekinn af kenningu Drottins og t\u00f3k tr\u00fa.<a name=\"13\"><span class=\"versanumer\">13<\/span><\/a>\u00deeir P\u00e1ll l\u00f6g\u00f0u \u00fat fr\u00e1 Pafos og komu til Perge \u00ed Pamf\u00fdl\u00edu, en J\u00f3hannes skildi vi\u00f0 \u00fe\u00e1 og sneri aftur til Jer\u00fasalem.<a name=\"14\"><span class=\"versanumer\">14<\/span><\/a>Sj\u00e1lfir h\u00e9ldu \u00feeir \u00e1fram fr\u00e1 Perge og komu til Ant\u00edokk\u00edu \u00ed Pisid\u00edu, gengu \u00e1 hv\u00edldardegi inn \u00ed samkunduh\u00fasi\u00f0 og settust.<a name=\"15\"><span class=\"versanumer\">15<\/span><\/a>En eftir upplestur \u00far l\u00f6gm\u00e1linu og sp\u00e1m\u00f6nnunum sendu samkundustj\u00f3rarnir til \u00feeirra og s\u00f6g\u00f0u: Br\u00e6\u00f0ur, ef \u00fe\u00e9r hafi\u00f0 einhver hvatningaror\u00f0 til f\u00f3lksins, taki\u00f0 \u00fe\u00e1 til m\u00e1ls.<a name=\"16\"><span class=\"versanumer\">16<\/span><\/a>\u00de\u00e1 st\u00f3\u00f0 P\u00e1ll upp, benti til hlj\u00f3\u00f0s me\u00f0 hendinni og sag\u00f0i: \u00cdsraelsmenn og a\u00f0rir \u00fe\u00e9r, sem \u00f3ttist Gu\u00f0, hl\u00fd\u00f0i\u00f0 \u00e1.<a name=\"17\"><span class=\"versanumer\">17<\/span><\/a>Gu\u00f0 l\u00fd\u00f0s \u00feessa, \u00cdsraels, \u00fatvaldi fe\u00f0ur vora og h\u00f3f upp l\u00fd\u00f0inn \u00ed \u00fatleg\u00f0inni \u00ed Egyptalandi. Me\u00f0 upplyftum armi leiddi hann \u00fe\u00e1 \u00fat \u00fea\u00f0an.<a name=\"18\"><span class=\"versanumer\">18<\/span><\/a>Og um fj\u00f6rut\u00edu \u00e1ra skei\u00f0 f\u00f3stra\u00f0i hann \u00fe\u00e1 \u00ed ey\u00f0im\u00f6rkinni.<a name=\"19\"><span class=\"versanumer\">19<\/span><\/a>Hann st\u00f6kkti burt sj\u00f6 \u00fej\u00f3\u00f0um \u00far Kanaanslandi og gaf \u00feeim land \u00feeirra til eignar.<a name=\"20\"><span class=\"versanumer\">20<\/span><\/a>Svo st\u00f3\u00f0 um fj\u00f6gur hundru\u00f0 og fimmt\u00edu \u00e1ra skei\u00f0. Eftir \u00feetta gaf hann \u00feeim d\u00f3mara allt til Sam\u00faels sp\u00e1manns.<a name=\"21\"><span class=\"versanumer\">21<\/span><\/a>S\u00ed\u00f0an b\u00e1\u00f0u \u00feeir um konung, og Gu\u00f0 gaf \u00feeim S\u00e1l K\u00edsson, mann af Benjam\u00edns \u00e6tt. Hann r\u00edkti \u00ed fj\u00f6rut\u00edu \u00e1r.<a name=\"22\"><span class=\"versanumer\">22<\/span><\/a>\u00deegar Gu\u00f0 haf\u00f0i sett hann af, h\u00f3f hann Dav\u00ed\u00f0 til konungs yfir \u00feeim. Um hann vitna\u00f0i hann: \u00c9g hef fundi\u00f0 Dav\u00ed\u00f0, son \u00cdsa\u00ed, mann eftir m\u00ednu hjarta, er gj\u00f6ra mun allan vilja minn.<a name=\"23\"><span class=\"versanumer\">23<\/span><\/a>Af kyni hans sendi Gu\u00f0 \u00cdsrael frelsara, Jes\u00fa, samkv\u00e6mt fyrirheiti.<a name=\"24\"><span class=\"versanumer\">24<\/span><\/a>En \u00e1\u00f0ur en hann kom fram, bo\u00f0a\u00f0i J\u00f3hannes \u00f6llum \u00cdsraelsl\u00fd\u00f0 i\u00f0runarsk\u00edrn.<a name=\"25\"><span class=\"versanumer\">25<\/span><\/a>\u00deegar J\u00f3hannes var a\u00f0 enda skei\u00f0 sitt, sag\u00f0i hann: Hvern hyggi\u00f0 \u00fe\u00e9r mig vera? Ekki er \u00e9g hann. Annar kemur eftir mig, og er \u00e9g eigi ver\u00f0ur \u00feess a\u00f0 leysa sk\u00f3 af f\u00f3tum honum.<a name=\"26\"><span class=\"versanumer\">26<\/span><\/a>Br\u00e6\u00f0ur, ni\u00f0jar Abrahams, og a\u00f0rir y\u00f0ar \u00e1 me\u00f0al, sem \u00f3ttist Gu\u00f0, oss er sent or\u00f0 \u00feessa hj\u00e1lpr\u00e6\u00f0is.<a name=\"27\"><span class=\"versanumer\">27<\/span><\/a>\u00deeir, sem \u00ed Jer\u00fasalem b\u00faa, og h\u00f6f\u00f0ingjar \u00feeirra \u00feekktu hann eigi n\u00e9 skildu or\u00f0 sp\u00e1mannanna, sem upp eru lesin hvern hv\u00edldardag, en uppfylltu \u00feau me\u00f0 \u00fev\u00ed a\u00f0 d\u00e6ma hann.<a name=\"28\"><span class=\"versanumer\">28<\/span><\/a>\u00de\u00f3tt \u00feeir fyndu enga dau\u00f0as\u00f6k hj\u00e1 honum, b\u00e1\u00f0u \u00feeir P\u00edlatus a\u00f0 l\u00e1ta l\u00edfl\u00e1ta hann.<a name=\"29\"><span class=\"versanumer\">29<\/span><\/a>En er \u00feeir h\u00f6f\u00f0u fullna\u00f0 allt, sem um hann var rita\u00f0, t\u00f3ku \u00feeir hann ofan af krossinum og l\u00f6g\u00f0u \u00ed gr\u00f6f.<a name=\"30\"><span class=\"versanumer\">30<\/span><\/a>En Gu\u00f0 vakti hann fr\u00e1 dau\u00f0um.<a name=\"31\"><span class=\"versanumer\">31<\/span><\/a>Marga daga birtist hann \u00feeim, sem me\u00f0 honum f\u00f3ru fr\u00e1 Gal\u00edleu upp til Jer\u00fasalem, og eru \u00feeir n\u00fa vottar hans hj\u00e1 f\u00f3lkinu.<a name=\"32\"><span class=\"versanumer\">32<\/span><\/a>Og v\u00e9r flytjum y\u00f0ur \u00feau gle\u00f0ibo\u00f0,<a name=\"33\"><span class=\"versanumer\">33<\/span><\/a>a\u00f0 fyrirheiti\u00f0, sem Gu\u00f0 gaf fe\u00f0rum vorum, hefur hann efnt vi\u00f0 oss b\u00f6rn \u00feeirra me\u00f0 \u00fev\u00ed a\u00f0 reisa Jes\u00fa upp. Svo er rita\u00f0 \u00ed \u00f6\u00f0rum s\u00e1lminum: \u00de\u00fa ert sonur minn, \u00ed dag hef \u00e9g f\u00e6tt \u00feig.<a name=\"34\"><span class=\"versanumer\">34<\/span><\/a>En um \u00fea\u00f0, a\u00f0 hann reisti hann fr\u00e1 dau\u00f0um, svo a\u00f0 hann hverfur aldrei aftur \u00ed greipar dau\u00f0ans, hefur hann tala\u00f0 \u00feannig: Y\u00f0ur mun \u00e9g veita heil\u00f6gu, \u00f3brig\u00f0ulu fyrirheitin, sem Dav\u00ed\u00f0 voru gefin.<a name=\"35\"><span class=\"versanumer\">35<\/span><\/a>\u00c1 \u00f6\u00f0rum sta\u00f0 segir: Eigi munt \u00fe\u00fa l\u00e1ta \u00feinn heilaga ver\u00f0a rotnun a\u00f0 br\u00e1\u00f0.<a name=\"36\"><span class=\"versanumer\">36<\/span><\/a>Dav\u00ed\u00f0 \u00fej\u00f3na\u00f0i sinni kynsl\u00f3\u00f0 a\u00f0 Gu\u00f0s r\u00e1\u00f0i. S\u00ed\u00f0an sofna\u00f0i hann, safna\u00f0ist til fe\u00f0ra sinna og var\u00f0 rotnun a\u00f0 br\u00e1\u00f0.<a name=\"37\"><span class=\"versanumer\">37<\/span><\/a>En s\u00e1, sem Gu\u00f0 uppvakti, var\u00f0 ekki rotnun a\u00f0 br\u00e1\u00f0.<a name=\"38\"><span class=\"versanumer\">38<\/span><\/a>\u00dea\u00f0 skulu\u00f0 \u00fe\u00e9r \u00fev\u00ed vita, br\u00e6\u00f0ur, a\u00f0 y\u00f0ur er fyrir hann bo\u00f0u\u00f0 fyrirgefning syndanna<a name=\"39\"><span class=\"versanumer\">39<\/span><\/a>og a\u00f0 s\u00e9rhver, er tr\u00fair, r\u00e9ttl\u00e6tist \u00ed honum af \u00f6llu \u00fev\u00ed, er l\u00f6gm\u00e1l M\u00f3se gat ekki r\u00e9ttl\u00e6tt y\u00f0ur af.<a name=\"40\"><span class=\"versanumer\">40<\/span><\/a>G\u00e6ti\u00f0 n\u00fa \u00feess, a\u00f0 eigi komi \u00fea\u00f0 yfir y\u00f0ur, sem sagt er hj\u00e1 sp\u00e1m\u00f6nnunum:<a name=\"41\"><span class=\"versanumer\">41<\/span><\/a>Sj\u00e1i\u00f0, \u00fe\u00e9r spottarar, undrist, og ver\u00f0i\u00f0 a\u00f0 engu, \u00fev\u00ed a\u00f0 verk vinn \u00e9g \u00e1 d\u00f6gum y\u00f0ar, verk, sem \u00fe\u00e9r alls ekki mundu\u00f0 tr\u00faa, \u00fe\u00f3tt einhver seg\u00f0i y\u00f0ur fr\u00e1 \u00fev\u00ed.<a name=\"42\"><span class=\"versanumer\">42<\/span><\/a>\u00deegar \u00feeir gengu \u00fat, b\u00e1\u00f0u menn um, a\u00f0 m\u00e1l \u00feetta yr\u00f0i r\u00e6tt vi\u00f0 \u00fe\u00e1 aftur n\u00e6sta hv\u00edldardag.<a name=\"43\"><span class=\"versanumer\">43<\/span><\/a>Og er samkomunni var sliti\u00f0, fylgdu margir Gy\u00f0ingar og gu\u00f0r\u00e6knir menn, sem teki\u00f0 h\u00f6f\u00f0u tr\u00fa Gy\u00f0inga, \u00feeim P\u00e1li og Barnabasi. En \u00feeir t\u00f6lu\u00f0u vi\u00f0 \u00fe\u00e1 og br\u00fdndu fyrir \u00feeim a\u00f0 halda s\u00e9r fast vi\u00f0 n\u00e1\u00f0 Gu\u00f0s.<a name=\"44\"><span class=\"versanumer\">44<\/span><\/a>N\u00e6sta hv\u00edldardag komu n\u00e1lega allir b\u00e6jarmenn saman til a\u00f0 heyra or\u00f0 Drottins.<a name=\"45\"><span class=\"versanumer\">45<\/span><\/a>En er Gy\u00f0ingar litu mannfj\u00f6ldann, fylltust \u00feeir ofst\u00e6ki og m\u00e6ltu gegn or\u00f0um P\u00e1ls me\u00f0 gu\u00f0lasti.<a name=\"46\"><span class=\"versanumer\">46<\/span><\/a>P\u00e1ll og Barnabas sv\u00f6ru\u00f0u \u00fe\u00e1 einar\u00f0lega: Svo hlaut a\u00f0 vera, a\u00f0 or\u00f0 Gu\u00f0s v\u00e6ri fyrst flutt y\u00f0ur. \u00dear sem \u00fe\u00e9r n\u00fa v\u00edsi\u00f0 \u00fev\u00ed \u00e1 bug og meti\u00f0 sj\u00e1lfa y\u00f0ur ekki ver\u00f0a eil\u00edfs l\u00edfs, \u00fe\u00e1 sn\u00faum v\u00e9r oss n\u00fa til hei\u00f0ingjanna.<a name=\"47\"><span class=\"versanumer\">47<\/span><\/a>\u00dev\u00ed a\u00f0 svo hefur Drottinn bo\u00f0i\u00f0 oss: \u00c9g hef sett \u00feig til a\u00f0 vera lj\u00f3s hei\u00f0inna \u00fej\u00f3\u00f0a, a\u00f0 \u00fe\u00fa s\u00e9rt hj\u00e1lpr\u00e6\u00f0i allt til endimarka jar\u00f0ar.<a name=\"48\"><span class=\"versanumer\">48<\/span><\/a>En er hei\u00f0ingjar heyr\u00f0u \u00feetta, gl\u00f6ddust \u00feeir og vegs\u00f6mu\u00f0u or\u00f0 Gu\u00f0s, og allir \u00feeir, sem \u00e6tla\u00f0ir voru til eil\u00edfs l\u00edfs, t\u00f3ku tr\u00fa.<a name=\"49\"><span class=\"versanumer\">49<\/span><\/a>Og or\u00f0 Drottins breiddist \u00fat um allt h\u00e9ra\u00f0i\u00f0.<a name=\"50\"><span class=\"versanumer\">50<\/span><\/a>En Gy\u00f0ingar \u00e6stu upp gu\u00f0r\u00e6knar hef\u00f0arkonur og fyrirmenn borgarinnar og v\u00f6ktu ofs\u00f3kn gegn P\u00e1li og Barnabasi og r\u00e1ku \u00fe\u00e1 burt \u00far bygg\u00f0um s\u00ednum.<a name=\"51\"><span class=\"versanumer\">51<\/span><\/a>En \u00feeir hristu dusti\u00f0 af f\u00f3tum s\u00e9r m\u00f3ti \u00feeim og f\u00f3ru til \u00cdk\u00f3n\u00edum.<a name=\"52\"><span class=\"versanumer\">52<\/span><\/a>En l\u00e6risveinarnir voru fylltir f\u00f6gnu\u00f0i og heil\u00f6gum anda.<\/p>\n<div class=\"footnote1981\"><b>13.1<\/b> S\u00f6fnu\u00f0urinn Post 5.11+ &#8211; sp\u00e1menn \u00ed s\u00f6fnu\u00f0inum Post 11.27+ &#8211; kennarar 1Kor 12.28; Ef 4.11; Heb 5.12; Jak 3.1 \u2013 Barnabas Post 4.36+<br \/>\n<b>13.2<\/b> Taka fr\u00e1 Post 9.15; Gal 1.15-16 \u2013 til \u00feess verks &#8230; Post 14.26<br \/>\n<b>13.3<\/b> Bi\u00f0ja og leggja hendur yfir Post 6.6; 14.23<br \/>\n<b>13.4<\/b> Til K\u00fdpur Post 15.39<br \/>\n<b>13.5<\/b> Fyrst bo\u00f0a\u00f0 Gy\u00f0ingum Post 3.26; 13.14,46; 14.1; 16.13; 17.2,10,17; 18.4,19; 19.8; 28.17,23 \u2013 J\u00f3hannes Mark\u00fas Post 12.12+<br \/>\n<b>13.8<\/b> Gegn \u00feeim 2T\u00edm 3.8<br \/>\n<b>13.10<\/b> Rangsn\u00faa vegum Drottins Okv 10.9 \u2013 r\u00e9ttir vegi Drottins H\u00f3s 14.10<br \/>\n<b>13.11<\/b> Blindur um t\u00edma Post 9.8; 22.11<br \/>\n<b>13.13<\/b> J\u00f3hannes Mark\u00fas Post 12.12+<br \/>\n<b>13.15<\/b> Upplestur \u00far l\u00f6gm\u00e1linu Post 15.21 sbr L\u00fak 4.16-22<br \/>\n<b>13.16<\/b> Benti til hlj\u00f3\u00f0s Post 12.17+ &#8211; postulleg bo\u00f0un Post 2.14+ &#8211; \u00fei\u00f0, sem \u00f3ttist Gu\u00f0 Post 10.2+<br \/>\n<b>13.17<\/b> Leiddi \u00fat \u00fea\u00f0an 2M\u00f3s 6.1,6; 12.51<br \/>\n<b>13.18<\/b> Fj\u00f6rut\u00edu \u00e1r \u00ed ey\u00f0im\u00f6rkinni 2M\u00f3s 16.35; 4M\u00f3s 14.34; 5M\u00f3s 2.7<br \/>\n<b>13.19<\/b> Sj\u00f6 \u00fej\u00f3\u00f0ir 5M\u00f3s 7.1 \u2013 til eignar J\u00f3s 14.1<br \/>\n<b>13.20<\/b> D\u00f3marar D\u00f3m 2.16 \u2013 Sam\u00fael sp\u00e1ma\u00f0ur 1Sam 3.20<br \/>\n<b>13.21<\/b> B\u00e1\u00f0u um konung 1Sam 8.5,19 \u2013 S\u00e1l 1Sam 10.20-21,24; 11.15 \u2013 \u00e6tt Benjam\u00edns R\u00f3m 11.1; Fil 3.5<br \/>\n<b>13.22<\/b> S\u00e1l settur af 1Sam 13.14 \u2013 Dav\u00ed\u00f0 ver\u00f0ur konungur 1Sam 16.12-13 \u2013 \u00e9g hef fundi\u00f0 Dav\u00ed\u00f0 Slm 89.21 \u2013 eftir m\u00ednu hjarta 1Sam 13.14 \u2013 gera vilja minn Jes 44.28<br \/>\n<b>13.23<\/b> Af kyni Dav\u00ed\u00f0s 2Sam 7.12; Jes 11.1; Post 2.25-32,34 \u2013 Jes\u00fas er frelsari Post 4.12+ ; sbr L\u00fak 2.11+<br \/>\n<b>13.24<\/b> Starf J\u00f3hannesar sk\u00edrara Matt 3.1-2; Mrk 1.4-5; L\u00fak 3.3; 16.16; Post 1.5; 10.37; 19.3-5<br \/>\n<b>13.25<\/b> J\u00f3hannes vitnar um Krist L\u00fak 3.15; J\u00f3h 1.20; 3.28 \u2013 annar kemur eftir mig Matt 3.11; Mrk 1.7; L\u00fak 3.16; J\u00f3h 1.27<br \/>\n<b>13.26<\/b> \u00de\u00e9r, sem \u00f3ttist Gu\u00f0 Post 10.2+<br \/>\n<b>13.27<\/b> \u00deekktu hann ekki Post 3.17<br \/>\n<b>13.28<\/b> Fundu enga s\u00f6k Matt 26.60; Mrk 14.55,56,59; 15.14; L\u00fak 23.4,14-15,22; J\u00f3h 18.38; 19.4,6 \u2013 b\u00e1\u00f0u P\u00edlatus &#8230; L\u00fak 23.21,23 og hlst.; J\u00f3h 19.6,7,15<br \/>\n<b>13.29<\/b> L\u00f6g\u00f0u \u00ed gr\u00f6f L\u00fak 23.35 og hlst.; J\u00f3h 19.38,41-42<br \/>\n<b>13.30<\/b> Vakti hann fr\u00e1 dau\u00f0um Post 2.24+<br \/>\n<b>13.31<\/b> Birtist Post 1.3 \u2013 vottar Post 1.8+<br \/>\n<b>13.32-33<\/b> Fyrirheit Gu\u00f0s Post 13.23<br \/>\n<b>13.33<\/b> \u00de\u00fa ert sonur minn Slm 2.7; L\u00fak 3.22; Heb 1.5; 5.5<br \/>\n<b>13.34<\/b> \u00d3brig\u00f0ulu fyrirheitin Jes 55.3<br \/>\n<b>13.35<\/b> Eigi munt \u00fe\u00fa &#8230; Slm 16.10<br \/>\n<b>13.36<\/b> Sofna\u00f0i 1Kon 2.10; Post 2.29 \u2013 safna\u00f0ist til fe\u00f0ra sinna 1Kon 2.10<br \/>\n<b>13.38<\/b> Fyrirgefning synda Post 2.38; 5.31; 10.43; 26.18<br \/>\n<b>13.39<\/b> L\u00f6gm\u00e1li\u00f0 gat ekki r\u00e9ttl\u00e6tt R\u00f3m 3.21-31; Heb 9.9 \u2013 r\u00e9ttl\u00e6ttist \u00ed honum R\u00f3m 4.25; 6.7; 10.4<br \/>\n<b>13.41<\/b> \u00de\u00e9r spottarar Hab 1.5; sbr Jes 6.9-10; Post 28.26-27<br \/>\n<b>13.43<\/b> Teki\u00f0 h\u00f6fu tr\u00fa Gy\u00f0inga Post 2.11+ &#8211; gu\u00f0r\u00e6knir Post 13.50; 16.14; 17.4,17; 18.7 \u2013 halda s\u00e9r fast vi\u00f0 n\u00e1\u00f0 Gu\u00f0s Post 11.23; 14.22<br \/>\n<b>13.45<\/b> Fylltust ofst\u00e6ki Post 14.2; 18.6<br \/>\n<b>13.46<\/b> Ykkur fyrst &#8230; Post 3.26+ &#8211; v\u00edsi\u00f0 \u00e1 bug L\u00fak 7.30 \u2013 til hei\u00f0ingjanna Post 18.6; 19.8-9; 28.28<br \/>\n<b>13.47<\/b> \u00c9g hef sett \u00feig &#8230; Jes 49.6; sbr L\u00fak 2.32<br \/>\n<b>13.48<\/b> Gl\u00f6ddust Post 11.18; sbr Post 8.8+<br \/>\n<b>13.50<\/b> Hef\u00f0arkonur Post 17.4,12<br \/>\n<b>13.51<\/b> Hrista dusti\u00f0 Matt 10.14+ og hlst.<br \/>\n<b>13.52<\/b> Fylltir f\u00f6gnu\u00f0i Post 8.8+ &#8211; og heil\u00f6gum anda Gal 5.22; 1\u00deess 1.6<\/div>\n","protected":false},"excerpt":{"rendered":"<p>1\u00cd s\u00f6fnu\u00f0inum \u00ed Ant\u00edokk\u00edu voru sp\u00e1menn og kennarar. \u00dear voru \u00feeir Barnabas, S\u00edmeon, nefndur N\u00edger, L\u00fak\u00edus fr\u00e1 K\u00fdrene, Manaen, samf\u00f3stri Her\u00f3desar fj\u00f3r\u00f0ungsstj\u00f3ra, og S\u00e1l.2Eitt sinn er \u00feeir voru a\u00f0 \u00fej\u00f3na Drottni og f\u00f6stu\u00f0u sag\u00f0i heilagur andi: Skilji\u00f0 fr\u00e1 m\u00e9r til handa \u00fe\u00e1 Barnabas og S\u00e1l til \u00feess verks, sem \u00e9g hef kalla\u00f0 \u00fe\u00e1 til.3S\u00ed\u00f0an f\u00f6stu\u00f0u \u00feeir og b\u00e1\u00f0ust fyrir, l\u00f6g\u00f0u hendur yfir \u00fe\u00e1 og l\u00e9tu \u00fe\u00e1 fara.4\u00deeir f\u00f3ru n\u00fa, sendir af heil\u00f6gum anda, til Selevk\u00edu og sigldu \u00fea\u00f0an til K\u00fdpur.5\u00deegar \u00feeir voru komnir til Salamis, bo\u00f0u\u00f0u \u00feeir or\u00f0 Gu\u00f0s \u00ed samkunduh\u00fasum Gy\u00f0inga. H\u00f6f\u00f0u \u00feeir og J\u00f3hannes til a\u00f0sto\u00f0ar.6\u00deeir f\u00f3ru um <a href=\"https:\/\/biblian.is\/1981\/postulasagan-13-kafli\/\"> [&#8230;]<\/a><\/p>\n","protected":false},"author":1,"featured_media":0,"parent":0,"menu_order":0,"comment_status":"open","ping_status":"open","template":"bibliukaflar.php","meta":{"footnotes":""},"class_list":["post-2378","page","type-page","status-publish","hentry"],"_links":{"self":[{"href":"https:\/\/biblian.is\/1981\/wp-json\/wp\/v2\/pages\/2378","targetHints":{"allow":["GET"]}}],"collection":[{"href":"https:\/\/biblian.is\/1981\/wp-json\/wp\/v2\/pages"}],"about":[{"href":"https:\/\/biblian.is\/1981\/wp-json\/wp\/v2\/types\/page"}],"author":[{"embeddable":true,"href":"https:\/\/biblian.is\/1981\/wp-json\/wp\/v2\/users\/1"}],"replies":[{"embeddable":true,"href":"https:\/\/biblian.is\/1981\/wp-json\/wp\/v2\/comments?post=2378"}],"version-history":[{"count":0,"href":"https:\/\/biblian.is\/1981\/wp-json\/wp\/v2\/pages\/2378\/revisions"}],"wp:attachment":[{"href":"https:\/\/biblian.is\/1981\/wp-json\/wp\/v2\/media?parent=2378"}],"curies":[{"name":"wp","href":"https:\/\/api.w.org\/{rel}","templated":true}]}}