{"id":2377,"date":"2017-11-18T20:21:34","date_gmt":"2017-11-18T20:21:34","guid":{"rendered":"http:\/\/biblian.is\/1981\/postulasagan-12-kafli\/"},"modified":"2021-06-06T11:04:46","modified_gmt":"2021-06-06T11:04:46","slug":"postulasagan-12-kafli","status":"publish","type":"page","link":"https:\/\/biblian.is\/1981\/postulasagan-12-kafli\/","title":{"rendered":"Postulasagan 12. kafli"},"content":{"rendered":"<p><a name=\"1\"><span class=\"versanumer\">1<\/span><\/a>Um \u00feessar mundir l\u00e9t Her\u00f3des konungur leggja hendur \u00e1 nokkra \u00far s\u00f6fnu\u00f0inum og mis\u00feyrma \u00feeim.<a name=\"2\"><span class=\"versanumer\">2<\/span><\/a>Hann l\u00e9t h\u00f6ggva Jakob br\u00f3\u00f0ur J\u00f3hannesar me\u00f0 sver\u00f0i.<a name=\"3\"><span class=\"versanumer\">3<\/span><\/a>Og er hann s\u00e1, a\u00f0 Gy\u00f0ingum l\u00edka\u00f0i vel, l\u00e9t hann einnig taka P\u00e9tur. \u00de\u00e1 voru dagar \u00f3s\u00fdr\u00f0u brau\u00f0anna.<a name=\"4\"><span class=\"versanumer\">4<\/span><\/a>\u00deegar hann haf\u00f0i handteki\u00f0 hann, l\u00e9t hann setja hann \u00ed fangelsi og f\u00f3l fj\u00f3rum fj\u00f6gurra hermanna var\u00f0flokkum a\u00f0 g\u00e6ta hans. \u00c6tla\u00f0i hann eftir p\u00e1ska a\u00f0 lei\u00f0a hann fram fyrir l\u00fd\u00f0inn.<a name=\"5\"><span class=\"versanumer\">5<\/span><\/a>Sat n\u00fa P\u00e9tur \u00ed fangelsinu, en s\u00f6fnu\u00f0urinn ba\u00f0 heitt til Gu\u00f0s fyrir honum.<a name=\"6\"><span class=\"versanumer\">6<\/span><\/a>N\u00f3ttina \u00e1\u00f0ur en Her\u00f3des \u00e6tla\u00f0i a\u00f0 lei\u00f0a hann fram svaf P\u00e9tur milli tveggja hermanna, bundinn tveim fj\u00f6trum, og var\u00f0menn fyrir dyrum \u00fati g\u00e6ttu fangelsisins.<a name=\"7\"><span class=\"versanumer\">7<\/span><\/a>Allt \u00ed einu st\u00f3\u00f0 engill Drottins hj\u00e1 honum og lj\u00f3s skein \u00ed klefanum. Laust hann \u00e1 s\u00ed\u00f0u P\u00e9tri, vakti hann og m\u00e6lti: R\u00eds upp skj\u00f3tt! Og fj\u00f6trarnir f\u00e9llu af h\u00f6ndum hans.<a name=\"8\"><span class=\"versanumer\">8<\/span><\/a>\u00de\u00e1 sag\u00f0i engillinn vi\u00f0 hann: Gyr\u00f0 \u00feig og bind \u00e1 \u00feig sk\u00f3na! Hann gj\u00f6r\u00f0i svo. S\u00ed\u00f0an segir engillinn: Far \u00fe\u00fa \u00ed yfirh\u00f6fn \u00fe\u00edna og fylg m\u00e9r!<a name=\"9\"><span class=\"versanumer\">9<\/span><\/a>Hann gekk \u00fat og fylgdi honum. En ekki vissi hann, a\u00f0 \u00fea\u00f0 var raunverulegt, sem gj\u00f6rst haf\u00f0i vi\u00f0 komu engilsins, hann h\u00e9lt sig sj\u00e1 s\u00fdn.<a name=\"10\"><span class=\"versanumer\">10<\/span><\/a>\u00deeir gengu n\u00fa fram hj\u00e1 innri og ytri ver\u00f0inum og komu a\u00f0 j\u00e1rnhli\u00f0inu, sem fari\u00f0 er um til borgarinnar. Laukst \u00fea\u00f0 upp af sj\u00e1lfu s\u00e9r fyrir \u00feeim. \u00deeir f\u00f3ru \u00fat um \u00fea\u00f0 og gengu eitt str\u00e6ti, en \u00fe\u00e1 hvarf engillinn allt \u00ed einu fr\u00e1 honum.<a name=\"11\"><span class=\"versanumer\">11<\/span><\/a>\u00deegar P\u00e9tur kom til sj\u00e1lfs s\u00edn, sag\u00f0i hann: N\u00fa veit \u00e9g sannlega, a\u00f0 Drottinn hefur sent engil sinn og bjarga\u00f0 m\u00e9r \u00far hendi Her\u00f3desar og fr\u00e1 allri \u00e6tlan Gy\u00f0ingal\u00fd\u00f0s.<a name=\"12\"><span class=\"versanumer\">12<\/span><\/a>Og er hann haf\u00f0i \u00e1tta\u00f0 sig, gekk hann a\u00f0 h\u00fasi Mar\u00edu, m\u00f3\u00f0ur J\u00f3hannesar, er kallast Mark\u00fas. \u00dear h\u00f6f\u00f0u margir safnast saman og voru \u00e1 b\u00e6n.<a name=\"13\"><span class=\"versanumer\">13<\/span><\/a>Hann kn\u00fa\u00f0i hur\u00f0 fordyrisins, og st\u00falka a\u00f0 nafni R\u00f3de gekk til dyra.<a name=\"14\"><span class=\"versanumer\">14<\/span><\/a>\u00deegar h\u00fan \u00feekkti m\u00e1lr\u00f3m P\u00e9turs, g\u00e1\u00f0i h\u00fan eigi fyrir f\u00f6gnu\u00f0i a\u00f0 lj\u00faka upp fordyrinu, heldur hlj\u00f3p inn og sag\u00f0i, a\u00f0 P\u00e9tur st\u00e6\u00f0i fyrir dyrum \u00fati.<a name=\"15\"><span class=\"versanumer\">15<\/span><\/a>\u00deeir s\u00f6g\u00f0u vi\u00f0 hana: \u00de\u00fa ert fr\u00e1vita. En h\u00fan st\u00f3\u00f0 fast \u00e1 \u00fev\u00ed, a\u00f0 svo v\u00e6ri sem h\u00fan sag\u00f0i. \u00dea\u00f0 er \u00fe\u00e1 engill hans, s\u00f6g\u00f0u \u00feeir.<a name=\"16\"><span class=\"versanumer\">16<\/span><\/a>En P\u00e9tur h\u00e9lt \u00e1fram a\u00f0 berja, og \u00feegar \u00feeir luku upp, s\u00e1u \u00feeir hann og ur\u00f0u fur\u00f0u lostnir.<a name=\"17\"><span class=\"versanumer\">17<\/span><\/a>Hann benti \u00feeim me\u00f0 hendinni a\u00f0 vera hlj\u00f3\u00f0ir, sk\u00fdr\u00f0i \u00feeim fr\u00e1, hvernig Drottinn haf\u00f0i leitt hann \u00fat \u00far fangelsinu, og ba\u00f0 \u00fe\u00e1 segja Jakobi og br\u00e6\u00f0runum fr\u00e1 \u00feessu. S\u00ed\u00f0an gekk hann \u00fat og f\u00f3r \u00ed annan sta\u00f0.<a name=\"18\"><span class=\"versanumer\">18<\/span><\/a>\u00deegar dagur rann, kom ekki l\u00edti\u00f0 f\u00e1t \u00e1 hermennina \u00fat af \u00fev\u00ed, hva\u00f0 af P\u00e9tri v\u00e6ri or\u00f0i\u00f0.<a name=\"19\"><span class=\"versanumer\">19<\/span><\/a>Her\u00f3des l\u00e9t leita hans, en fann hann ekki. Hann l\u00e9t \u00fe\u00e1 yfirheyra var\u00f0mennina og bau\u00f0 s\u00ed\u00f0an a\u00f0 taka \u00fe\u00e1 af l\u00edfi. S\u00ed\u00f0an f\u00f3r hann \u00far J\u00fadeu ni\u00f0ur til Sesareu og sat \u00fear um kyrrt.<a name=\"20\"><span class=\"versanumer\">20<\/span><\/a>Her\u00f3des haf\u00f0i veri\u00f0 harla gramur T\u00fdrverjum og S\u00edd\u00f3ningum. Komu \u00feeir saman \u00e1 fund hans, fengu Blastus, stallara konungs, til fylgis vi\u00f0 sig og b\u00e1\u00f0ust fri\u00f0ar, en land \u00feeirra var h\u00e1\u00f0 landi konungs um vistaf\u00f6ng.<a name=\"21\"><span class=\"versanumer\">21<\/span><\/a>\u00c1 tilsettum degi kl\u00e6ddist Her\u00f3des konungsskr\u00fa\u00f0a, settist \u00ed h\u00e1s\u00e6ti og flutti \u00feeim r\u00e6\u00f0u.<a name=\"22\"><span class=\"versanumer\">22<\/span><\/a>En l\u00fd\u00f0urinn kalla\u00f0i: Gu\u00f0s r\u00f6dd er \u00feetta, en eigi manns.<a name=\"23\"><span class=\"versanumer\">23<\/span><\/a>Jafnskj\u00f3tt laust engill Drottins hann, s\u00f6kum \u00feess a\u00f0 hann gaf ekki Gu\u00f0i d\u00fdr\u00f0ina. Hann var\u00f0 orm\u00e9tinn og d\u00f3.<a name=\"24\"><span class=\"versanumer\">24<\/span><\/a>En or\u00f0 Gu\u00f0s efldist og breiddist \u00fat.<a name=\"25\"><span class=\"versanumer\">25<\/span><\/a>Barnabas og S\u00e1l sneru aftur fr\u00e1 Jer\u00fasalem a\u00f0 loknu erindi s\u00ednu og t\u00f3ku me\u00f0 s\u00e9r J\u00f3hannes, \u00f6\u00f0ru nafni Mark\u00fas.<\/p>\n<div class=\"footnote1981\"><b>12.2<\/b> Jakob br\u00f3\u00f0ir J\u00f3hannesar Matt 4.21+<br \/>\n<b>12.3<\/b> Dagar \u00f3s\u00fdr\u00f0u brau\u00f0anna Matt 26.17+<br \/>\n<b>12.4<\/b> P\u00e9tur hnepptur \u00ed fangelsi Post 4.3; 5.18<br \/>\n<b>12.5<\/b> Be\u00f0i\u00f0 fyrir P\u00e9tri Jak 5.16<br \/>\n<b>12.6<\/b> Var\u00f0menn fyrir dyrum \u00fati Post 5.23<br \/>\n<b>12.7<\/b> Engill Drottins Matt 1.20+<br \/>\n<b>12.10<\/b> Hli\u00f0i\u00f0 laukst upp Post 5.19; sbr 16.26<br \/>\n<b>12.12<\/b> J\u00f3hannes, kalla\u00f0ur Mark\u00fas Post 12.25; 13.5,13; 15.37-39; K\u00f3l 4.10; 2T\u00edm 4.11; F\u00edlm 24; 1P\u00e9t 5.13<br \/>\n<b>12.17<\/b> Benti til hlj\u00f3\u00f0s Post 13.16; 19.33; 21.40 \u2013 Jakob Post 15.13+ &#8211; br\u00e6\u00f0urnir Post 1.15+ &#8211; \u00e1 annan sta\u00f0 Gal 2.7; 1Kor 9.5; 1P\u00e9t 1.1<br \/>\n<b>12.18-19<\/b> P\u00e9tur fannst ekki Post 5.22-24<br \/>\n<b>12.20<\/b> Her\u00f3des Agrippa I. Post 12.1 \u2013 T\u00fdrus og S\u00eddon h\u00e1\u00f0ir Palest\u00ednu um vistaf\u00f6ng 1Kon 5.1; Esk 27.17<br \/>\n<b>12.22<\/b> Tigna\u00f0ur sem Gu\u00f0 Esk 28.2<br \/>\n<b>12.23<\/b> Gaf ekki Gu\u00f0i d\u00fdr\u00f0ina Dan 5.20<br \/>\n<b>12.24<\/b> Or\u00f0 Gu\u00f0s efldist Post 6.7; 19.20<br \/>\n<b>12.25<\/b> Barnabas Post 4.36+ &#8211; og S\u00e1l \u00ed Jer\u00fasalem Post 11.29-30 \u2013 J\u00f3hannes, Mark\u00fas Post 12.12+<\/div>\n","protected":false},"excerpt":{"rendered":"<p>1Um \u00feessar mundir l\u00e9t Her\u00f3des konungur leggja hendur \u00e1 nokkra \u00far s\u00f6fnu\u00f0inum og mis\u00feyrma \u00feeim.2Hann l\u00e9t h\u00f6ggva Jakob br\u00f3\u00f0ur J\u00f3hannesar me\u00f0 sver\u00f0i.3Og er hann s\u00e1, a\u00f0 Gy\u00f0ingum l\u00edka\u00f0i vel, l\u00e9t hann einnig taka P\u00e9tur. \u00de\u00e1 voru dagar \u00f3s\u00fdr\u00f0u brau\u00f0anna.4\u00deegar hann haf\u00f0i handteki\u00f0 hann, l\u00e9t hann setja hann \u00ed fangelsi og f\u00f3l fj\u00f3rum fj\u00f6gurra hermanna var\u00f0flokkum a\u00f0 g\u00e6ta hans. \u00c6tla\u00f0i hann eftir p\u00e1ska a\u00f0 lei\u00f0a hann fram fyrir l\u00fd\u00f0inn.5Sat n\u00fa P\u00e9tur \u00ed fangelsinu, en s\u00f6fnu\u00f0urinn ba\u00f0 heitt til Gu\u00f0s fyrir honum.6N\u00f3ttina \u00e1\u00f0ur en Her\u00f3des \u00e6tla\u00f0i a\u00f0 lei\u00f0a hann fram svaf P\u00e9tur milli tveggja hermanna, bundinn tveim fj\u00f6trum, og var\u00f0menn fyrir dyrum <a href=\"https:\/\/biblian.is\/1981\/postulasagan-12-kafli\/\"> [&#8230;]<\/a><\/p>\n","protected":false},"author":1,"featured_media":0,"parent":0,"menu_order":0,"comment_status":"open","ping_status":"open","template":"bibliukaflar.php","meta":{"footnotes":""},"class_list":["post-2377","page","type-page","status-publish","hentry"],"_links":{"self":[{"href":"https:\/\/biblian.is\/1981\/wp-json\/wp\/v2\/pages\/2377","targetHints":{"allow":["GET"]}}],"collection":[{"href":"https:\/\/biblian.is\/1981\/wp-json\/wp\/v2\/pages"}],"about":[{"href":"https:\/\/biblian.is\/1981\/wp-json\/wp\/v2\/types\/page"}],"author":[{"embeddable":true,"href":"https:\/\/biblian.is\/1981\/wp-json\/wp\/v2\/users\/1"}],"replies":[{"embeddable":true,"href":"https:\/\/biblian.is\/1981\/wp-json\/wp\/v2\/comments?post=2377"}],"version-history":[{"count":0,"href":"https:\/\/biblian.is\/1981\/wp-json\/wp\/v2\/pages\/2377\/revisions"}],"wp:attachment":[{"href":"https:\/\/biblian.is\/1981\/wp-json\/wp\/v2\/media?parent=2377"}],"curies":[{"name":"wp","href":"https:\/\/api.w.org\/{rel}","templated":true}]}}