{"id":2376,"date":"2017-11-18T20:21:34","date_gmt":"2017-11-18T20:21:34","guid":{"rendered":"http:\/\/biblian.is\/1981\/postulasagan-11-kafli\/"},"modified":"2021-06-06T11:04:46","modified_gmt":"2021-06-06T11:04:46","slug":"postulasagan-11-kafli","status":"publish","type":"page","link":"https:\/\/biblian.is\/1981\/postulasagan-11-kafli\/","title":{"rendered":"Postulasagan 11. kafli"},"content":{"rendered":"<p><a name=\"1\"><span class=\"versanumer\">1<\/span><\/a>En postularnir og br\u00e6\u00f0urnir \u00ed J\u00fadeu heyr\u00f0u, a\u00f0 hei\u00f0ingjarnir hef\u00f0u einnig teki\u00f0 vi\u00f0 or\u00f0i Gu\u00f0s.<a name=\"2\"><span class=\"versanumer\">2<\/span><\/a>\u00deegar P\u00e9tur kom upp til Jer\u00fasalem, deildu umskurnarmennirnir \u00e1 hann og s\u00f6g\u00f0u:<a name=\"3\"><span class=\"versanumer\">3<\/span><\/a>\u00de\u00fa hefur fari\u00f0 inn til \u00f3umskorinna manna og eti\u00f0 me\u00f0 \u00feeim.<a name=\"4\"><span class=\"versanumer\">4<\/span><\/a>En P\u00e9tur sag\u00f0i \u00feeim \u00fe\u00e1 alla s\u00f6guna fr\u00e1 r\u00f3tum og m\u00e6lti:<a name=\"5\"><span class=\"versanumer\">5<\/span><\/a>\u00c9g var a\u00f0 bi\u00f0jast fyrir \u00ed borginni Joppe og s\u00e1, fr\u00e1 m\u00e9r numinn, s\u00fdn, hlut nokkurn koma ni\u00f0ur, eins og st\u00f3r d\u00fakur v\u00e6ri l\u00e1tinn s\u00edga \u00e1 fj\u00f3rum skautum fr\u00e1 himni, og hann kom til m\u00edn.<a name=\"6\"><span class=\"versanumer\">6<\/span><\/a>\u00c9g star\u00f0i \u00e1 hann og hug\u00f0i a\u00f0 og s\u00e1 \u00fe\u00e1 ferf\u00e6tt d\u00fdr jar\u00f0ar, villid\u00fdr, skri\u00f0d\u00fdr og fugla himins,<a name=\"7\"><span class=\"versanumer\">7<\/span><\/a>og \u00e9g heyr\u00f0i r\u00f6dd segja vi\u00f0 mig: Sl\u00e1tra n\u00fa, P\u00e9tur, og et!<a name=\"8\"><span class=\"versanumer\">8<\/span><\/a>En \u00e9g sag\u00f0i: Nei, Drottinn, engan veginn, \u00fev\u00ed a\u00f0 aldrei hefur neitt vanheilagt n\u00e9 \u00f3hreint komi\u00f0 m\u00e9r \u00ed munn.<a name=\"9\"><span class=\"versanumer\">9<\/span><\/a>\u00cd anna\u00f0 sinn sag\u00f0i r\u00f6dd af himni: Eigi skalt \u00fe\u00fa kalla \u00fea\u00f0 vanheilagt, sem Gu\u00f0 hefur l\u00fdst hreint!<a name=\"10\"><span class=\"versanumer\">10<\/span><\/a>\u00deetta gj\u00f6r\u00f0ist \u00ferem sinnum, og aftur var allt dregi\u00f0 upp til himins.<a name=\"11\"><span class=\"versanumer\">11<\/span><\/a>Samstundis st\u00f3\u00f0u \u00fer\u00edr menn vi\u00f0 h\u00fasi\u00f0, sem \u00e9g var \u00ed, sendir til m\u00edn fr\u00e1 Sesareu.<a name=\"12\"><span class=\"versanumer\">12<\/span><\/a>Og andinn sag\u00f0i m\u00e9r a\u00f0 fara me\u00f0 \u00feeim hiklaust. \u00deessir sex br\u00e6\u00f0ur ur\u00f0u m\u00e9r einnig samfer\u00f0a, og v\u00e9r gengum inn \u00ed h\u00fas mannsins.<a name=\"13\"><span class=\"versanumer\">13<\/span><\/a>Hann sag\u00f0i oss, hvernig hann hef\u00f0i s\u00e9\u00f0 engil standa \u00ed h\u00fasi s\u00ednu, er sag\u00f0i: Send \u00fe\u00fa til Joppe og l\u00e1t s\u00e6kja S\u00edmon, er kallast P\u00e9tur.<a name=\"14\"><span class=\"versanumer\">14<\/span><\/a>Hann mun or\u00f0 til \u00fe\u00edn m\u00e6la, og fyrir \u00feau munt \u00fe\u00fa h\u00f3lpinn ver\u00f0a og allt heimili \u00feitt.<a name=\"15\"><span class=\"versanumer\">15<\/span><\/a>En \u00feegar \u00e9g var farinn a\u00f0 tala, kom heilagur andi yfir \u00fe\u00e1, eins og yfir oss \u00ed upphafi.<a name=\"16\"><span class=\"versanumer\">16<\/span><\/a>\u00c9g minntist \u00fe\u00e1 or\u00f0a Drottins, er hann sag\u00f0i: J\u00f3hannes sk\u00edr\u00f0i me\u00f0 vatni, en \u00fe\u00e9r skulu\u00f0 sk\u00edr\u00f0ir ver\u00f0a me\u00f0 heil\u00f6gum anda.<a name=\"17\"><span class=\"versanumer\">17<\/span><\/a>Fyrst Gu\u00f0 gaf \u00feeim n\u00fa s\u00f6mu gj\u00f6f og oss, er v\u00e9r t\u00f3kum tr\u00fa \u00e1 Drottin Jes\u00fa Krist, hvernig var \u00e9g \u00fe\u00e1 \u00feess umkominn a\u00f0 standa gegn Gu\u00f0i?<a name=\"18\"><span class=\"versanumer\">18<\/span><\/a>\u00deegar \u00feeir heyr\u00f0u \u00feetta, stilltust \u00feeir, og \u00feeir vegs\u00f6mu\u00f0u Gu\u00f0 og s\u00f6g\u00f0u: Gu\u00f0 hefur \u00fe\u00e1 einnig gefi\u00f0 hei\u00f0ingjunum afturhvarf til l\u00edfs.<a name=\"19\"><span class=\"versanumer\">19<\/span><\/a>\u00deeir, sem dreifst h\u00f6f\u00f0u vegna ofs\u00f3knarinnar, sem var\u00f0 \u00fat af Stef\u00e1ni, f\u00f3ru allt til F\u00f6nik\u00edu, K\u00fdpur og Ant\u00edokk\u00edu. En Gy\u00f0ingum einum fluttu \u00feeir or\u00f0i\u00f0.<a name=\"20\"><span class=\"versanumer\">20<\/span><\/a>Nokkrir \u00feeirra voru fr\u00e1 K\u00fdpur og K\u00fdrene, og er \u00feeir komu til Ant\u00edokk\u00edu, t\u00f3ku \u00feeir einnig a\u00f0 tala til Grikkja og bo\u00f0a \u00feeim fagna\u00f0arerindi\u00f0 um Drottin Jes\u00fa.<a name=\"21\"><span class=\"versanumer\">21<\/span><\/a>Og h\u00f6nd Drottins var me\u00f0 \u00feeim, og mikill fj\u00f6ldi t\u00f3k tr\u00fa og sneri s\u00e9r til Drottins.<a name=\"22\"><span class=\"versanumer\">22<\/span><\/a>Og fregnin um \u00fe\u00e1 barst til eyrna safna\u00f0arins \u00ed Jer\u00fasalem, og \u00feeir sendu Barnabas til Ant\u00edokk\u00edu.<a name=\"23\"><span class=\"versanumer\">23<\/span><\/a>\u00deegar hann kom og s\u00e1 verk Gu\u00f0s n\u00e1\u00f0ar, gladdist hann, og hann \u00e1minnti alla um a\u00f0 halda s\u00e9r fast vi\u00f0 Drottin af \u00f6llu hjarta.<a name=\"24\"><span class=\"versanumer\">24<\/span><\/a>\u00dev\u00ed hann var g\u00f3\u00f0ur ma\u00f0ur, fullur af heil\u00f6gum anda og tr\u00fa. Og mikill fj\u00f6ldi manna gafst Drottni.<a name=\"25\"><span class=\"versanumer\">25<\/span><\/a>\u00de\u00e1 f\u00f3r hann til Tarsus a\u00f0 leita S\u00e1l uppi.<a name=\"26\"><span class=\"versanumer\">26<\/span><\/a>\u00deegar hann haf\u00f0i fundi\u00f0 hann, f\u00f3r hann me\u00f0 hann til Ant\u00edokk\u00edu. \u00deeir voru s\u00ed\u00f0an saman heilt \u00e1r \u00ed s\u00f6fnu\u00f0inum og kenndu fj\u00f6lda f\u00f3lks. \u00cd Ant\u00edokk\u00edu voru l\u00e6risveinarnir fyrst kalla\u00f0ir kristnir.<a name=\"27\"><span class=\"versanumer\">27<\/span><\/a>\u00c1 \u00feessum d\u00f6gum komu sp\u00e1menn fr\u00e1 Jer\u00fasalem til Ant\u00edokk\u00edu.<a name=\"28\"><span class=\"versanumer\">28<\/span><\/a>Einn \u00feeirra, Agabus a\u00f0 nafni, steig fram, og af gift andans sag\u00f0i hann fyrir, a\u00f0 mikil hungursney\u00f0 mundi koma yfir alla heimsbygg\u00f0ina. Kom \u00fea\u00f0 fram \u00e1 d\u00f6gum Kl\u00e1d\u00edusar.<a name=\"29\"><span class=\"versanumer\">29<\/span><\/a>En l\u00e6risveinarnir sam\u00feykktu \u00fe\u00e1, a\u00f0 hver \u00feeirra skyldi eftir efnum senda nokku\u00f0 til hj\u00e1lpar br\u00e6\u00f0runum, sem bjuggu \u00ed J\u00fadeu.<a name=\"30\"><span class=\"versanumer\">30<\/span><\/a>\u00deetta gj\u00f6r\u00f0u \u00feeir og sendu \u00fea\u00f0 til \u00f6ldunganna me\u00f0 \u00feeim Barnabasi og S\u00e1l.<\/p>\n<div class=\"footnote1981\"><b>11.1<\/b> S\u00f6fnu\u00f0urnir Post 1.15+<br \/>\n<b>11.3<\/b> Eta me\u00f0 \u00f3umskornum Post 10.28; Gal 2.12<br \/>\n<b>11.5-12<\/b> P\u00e9tur s\u00e9r s\u00fdn Post 10.9-20<br \/>\n<b>11.6<\/b> Sbr Post 10.12<br \/>\n<b>11.12<\/b> Hiklaust sbr Post 10.20; 15.9 \u2013 ur\u00f0u samfer\u00f0a Post 10.23,45<br \/>\n<b>11.13<\/b> Sent eftir P\u00e9tri Post 10.3-5,22,30-32<br \/>\n<b>11.14<\/b> Mun m\u00e6la til \u00fe\u00edn Post 10.22 &#8211; \u00fe\u00fa og allt heimili \u00feitt Post 16.15,31-32; 18.8<br \/>\n<b>11.15<\/b> Andinn kom yfir \u00fe\u00e1 Post 10.44 \u2013 eins og okkur Post 2.4<br \/>\n<b>11.16<\/b> Or\u00f0 Drottins Post 1.5<br \/>\n<b>11.17<\/b> Taka tr\u00fa Post 10.43 \u2013 standa gegn &#8230; Post 10.47<br \/>\n<b>11.18<\/b> Einnig hei\u00f0ingjunum sbr Post 15.11 \u2013 sn\u00faa s\u00e9r til og &#8230; l\u00edf Post 13.48; 14.27<br \/>\n<b>11.19<\/b> Dreifast og bo\u00f0a or\u00f0i\u00f0 Post 8.1-4 \u2013 K\u00fdpur Post 4.36; 21.26 \u2013 Ant\u00edokk\u00eda Post 13.1-3; 14.26-28; 15.35-36; 18.22<br \/>\n<b>11.20<\/b> T\u00f6lu\u00f0u einnig til Grikkja J\u00f3h 7.35<br \/>\n<b>11.21<\/b> S\u00f6fnu\u00f0urinn vex Post 2.41+<br \/>\n<b>11.22<\/b> Fr\u00e9ttist til Jer\u00fasalem Post 8.14; 11.1 \u2013 sendi Barnabas Post 4.36+ ; 8.14; 9.32<br \/>\n<b>11.23<\/b> Halda s\u00e9r vi\u00f0 Drottin Post 13.43; 14.22<br \/>\n<b>11.24<\/b> Fullur af heil\u00f6gum anda og tr\u00fa Post 6.5 \u2013 s\u00f6fnu\u00f0urinn vex Post 2.41+<br \/>\n<b>11.25<\/b> S\u00e1l \u00ed Tarsus Post 9.30<br \/>\n<b>11.26<\/b> S\u00f6fnuurinn Post 5.11+ &#8211; kristnir Post 26.28; 1P\u00e9t 4.16 \u2013 l\u00e6risveinarnir Post 6.1+ ; sbr 1.15; 2.44; 9.2,13<br \/>\n<b>11.27<\/b> Sp\u00e1menn Post 13.1; 15.32; 19.6; 21.9-10; sbr 2.18<br \/>\n<b>11.28<\/b> Agabus Post 21.10<br \/>\n<b>11.30<\/b> \u00d6ldungarnir 1) \u00ed Gy\u00f0ingd\u00f3mi Post 4.5,8,23; 23.14; 25.15 2) \u00ed kirkjunni Post 14.23; 15.2,4,6 o.fl.; 16.4; 20.17 \u2013 P\u00e1ll fer til Jer\u00fasalem Post 9.26-30; sbr Post 12.25; 15.4; Gal 1.18; 2.1<\/div>\n","protected":false},"excerpt":{"rendered":"<p>1En postularnir og br\u00e6\u00f0urnir \u00ed J\u00fadeu heyr\u00f0u, a\u00f0 hei\u00f0ingjarnir hef\u00f0u einnig teki\u00f0 vi\u00f0 or\u00f0i Gu\u00f0s.2\u00deegar P\u00e9tur kom upp til Jer\u00fasalem, deildu umskurnarmennirnir \u00e1 hann og s\u00f6g\u00f0u:3\u00de\u00fa hefur fari\u00f0 inn til \u00f3umskorinna manna og eti\u00f0 me\u00f0 \u00feeim.4En P\u00e9tur sag\u00f0i \u00feeim \u00fe\u00e1 alla s\u00f6guna fr\u00e1 r\u00f3tum og m\u00e6lti:5\u00c9g var a\u00f0 bi\u00f0jast fyrir \u00ed borginni Joppe og s\u00e1, fr\u00e1 m\u00e9r numinn, s\u00fdn, hlut nokkurn koma ni\u00f0ur, eins og st\u00f3r d\u00fakur v\u00e6ri l\u00e1tinn s\u00edga \u00e1 fj\u00f3rum skautum fr\u00e1 himni, og hann kom til m\u00edn.6\u00c9g star\u00f0i \u00e1 hann og hug\u00f0i a\u00f0 og s\u00e1 \u00fe\u00e1 ferf\u00e6tt d\u00fdr jar\u00f0ar, villid\u00fdr, skri\u00f0d\u00fdr og fugla himins,7og \u00e9g heyr\u00f0i r\u00f6dd <a href=\"https:\/\/biblian.is\/1981\/postulasagan-11-kafli\/\"> [&#8230;]<\/a><\/p>\n","protected":false},"author":1,"featured_media":0,"parent":0,"menu_order":0,"comment_status":"open","ping_status":"open","template":"bibliukaflar.php","meta":{"footnotes":""},"class_list":["post-2376","page","type-page","status-publish","hentry"],"_links":{"self":[{"href":"https:\/\/biblian.is\/1981\/wp-json\/wp\/v2\/pages\/2376","targetHints":{"allow":["GET"]}}],"collection":[{"href":"https:\/\/biblian.is\/1981\/wp-json\/wp\/v2\/pages"}],"about":[{"href":"https:\/\/biblian.is\/1981\/wp-json\/wp\/v2\/types\/page"}],"author":[{"embeddable":true,"href":"https:\/\/biblian.is\/1981\/wp-json\/wp\/v2\/users\/1"}],"replies":[{"embeddable":true,"href":"https:\/\/biblian.is\/1981\/wp-json\/wp\/v2\/comments?post=2376"}],"version-history":[{"count":0,"href":"https:\/\/biblian.is\/1981\/wp-json\/wp\/v2\/pages\/2376\/revisions"}],"wp:attachment":[{"href":"https:\/\/biblian.is\/1981\/wp-json\/wp\/v2\/media?parent=2376"}],"curies":[{"name":"wp","href":"https:\/\/api.w.org\/{rel}","templated":true}]}}