{"id":2375,"date":"2017-11-18T20:21:34","date_gmt":"2017-11-18T20:21:34","guid":{"rendered":"http:\/\/biblian.is\/1981\/postulasagan-10-kafli\/"},"modified":"2021-06-06T11:04:45","modified_gmt":"2021-06-06T11:04:45","slug":"postulasagan-10-kafli","status":"publish","type":"page","link":"https:\/\/biblian.is\/1981\/postulasagan-10-kafli\/","title":{"rendered":"Postulasagan 10. kafli"},"content":{"rendered":"<p><a name=\"1\"><span class=\"versanumer\">1<\/span><\/a>Ma\u00f0ur nokkur var \u00ed Sesareu, Kornel\u00edus a\u00f0 nafni, hundra\u00f0sh\u00f6f\u00f0ingi \u00ed \u00edt\u00f6lsku hersveitinni.<a name=\"2\"><span class=\"versanumer\">2<\/span><\/a>Hann var tr\u00fama\u00f0ur og d\u00fdrka\u00f0i Gu\u00f0 og heimaf\u00f3lk hans allt. Gaf hann l\u00fd\u00f0num miklar \u00f6lmusur og var jafnan \u00e1 b\u00e6n til Gu\u00f0s.<a name=\"3\"><span class=\"versanumer\">3<\/span><\/a>Dag einn um n\u00f3n s\u00e1 hann berlega \u00ed s\u00fdn engil Gu\u00f0s koma inn til s\u00edn, er sag\u00f0i vi\u00f0 hann: Kornel\u00edus!<a name=\"4\"><span class=\"versanumer\">4<\/span><\/a>Hann star\u00f0i \u00e1 hann, var\u00f0 \u00f3ttasleginn og sag\u00f0i: Hva\u00f0 er \u00fea\u00f0, herra? Engillinn svara\u00f0i: B\u00e6nir \u00fe\u00ednar og \u00f6lmusur eru stignar upp til Gu\u00f0s, og hann minnist \u00feeirra.<a name=\"5\"><span class=\"versanumer\">5<\/span><\/a>Send \u00fe\u00fa n\u00fa menn til Joppe og l\u00e1t s\u00e6kja S\u00edmon nokkurn, er kallast P\u00e9tur.<a name=\"6\"><span class=\"versanumer\">6<\/span><\/a>Hann gistir hj\u00e1 S\u00edmoni nokkrum s\u00fatara, sem \u00e1 h\u00fas vi\u00f0 sj\u00f3inn.<a name=\"7\"><span class=\"versanumer\">7<\/span><\/a>\u00deegar engillinn, sem tala\u00f0i vi\u00f0 hann, var farinn, kalla\u00f0i hann \u00e1 tvo heimamenn s\u00edna og gu\u00f0r\u00e6kinn hermann, einn \u00feeirra, er honum voru handgengnir,<a name=\"8\"><span class=\"versanumer\">8<\/span><\/a>sag\u00f0i \u00feeim fr\u00e1 \u00f6llu og sendi \u00fe\u00e1 til Joppe.<a name=\"9\"><span class=\"versanumer\">9<\/span><\/a>Daginn eftir, er \u00feeir voru \u00e1 lei\u00f0inni og n\u00e1lgu\u00f0ust b\u00e6inn, gekk P\u00e9tur upp \u00e1 h\u00fas\u00feaki\u00f0 um h\u00e1degi til a\u00f0 bi\u00f0jast fyrir.<a name=\"10\"><span class=\"versanumer\">10<\/span><\/a>Kenndi hann \u00fe\u00e1 hungurs og vildi matast. En me\u00f0an veri\u00f0 var a\u00f0 matrei\u00f0a, var\u00f0 hann fr\u00e1 s\u00e9r numinn,<a name=\"11\"><span class=\"versanumer\">11<\/span><\/a>s\u00e1 himininn opinn og hlut nokkurn koma ni\u00f0ur, l\u00edkan st\u00f3rum d\u00faki. Var hann l\u00e1tinn s\u00edga til jar\u00f0ar \u00e1 fj\u00f3rum skautum.<a name=\"12\"><span class=\"versanumer\">12<\/span><\/a>\u00dear voru \u00e1 alls kyns ferf\u00e6tt d\u00fdr, skri\u00f0d\u00fdr jar\u00f0ar, svo og fuglar himins.<a name=\"13\"><span class=\"versanumer\">13<\/span><\/a>Og honum barst r\u00f6dd: Sl\u00e1tra n\u00fa, P\u00e9tur, og et!<a name=\"14\"><span class=\"versanumer\">14<\/span><\/a>P\u00e9tur sag\u00f0i: Nei, Drottinn, engan veginn, aldrei hef \u00e9g eti\u00f0 neitt vanheilagt n\u00e9 \u00f3hreint.<a name=\"15\"><span class=\"versanumer\">15<\/span><\/a>Aftur barst honum r\u00f6dd: Eigi skalt \u00fe\u00fa kalla \u00fea\u00f0 vanheilagt, sem Gu\u00f0 hefur l\u00fdst hreint!<a name=\"16\"><span class=\"versanumer\">16<\/span><\/a>\u00deetta gj\u00f6r\u00f0ist \u00ferem sinnum, og jafnskj\u00f3tt var hluturinn upp numinn til himins.<a name=\"17\"><span class=\"versanumer\">17<\/span><\/a>Me\u00f0an P\u00e9tur var a\u00f0 reyna a\u00f0 r\u00e1\u00f0a \u00ed, hva\u00f0 \u00feessi s\u00fdn \u00e6tti a\u00f0 merkja, h\u00f6f\u00f0u sendimenn Kornel\u00edusar spurt uppi h\u00fas S\u00edmonar. N\u00fa st\u00f3\u00f0u \u00feeir fyrir dyrum \u00fati<a name=\"18\"><span class=\"versanumer\">18<\/span><\/a>og k\u00f6llu\u00f0u: Er S\u00edmon s\u00e1, er nefnist P\u00e9tur, gestur h\u00e9r?<a name=\"19\"><span class=\"versanumer\">19<\/span><\/a>P\u00e9tur var enn a\u00f0 hugsa um s\u00fdnina, \u00feegar andinn sag\u00f0i vi\u00f0 hann: Menn eru a\u00f0 leita \u00fe\u00edn.<a name=\"20\"><span class=\"versanumer\">20<\/span><\/a>Fl\u00fdt \u00fe\u00e9r n\u00fa ofan og far hiklaust me\u00f0 \u00feeim, \u00fev\u00ed a\u00f0 \u00e9g hef sent \u00fe\u00e1.<a name=\"21\"><span class=\"versanumer\">21<\/span><\/a>P\u00e9tur gekk \u00fe\u00e1 ni\u00f0ur til mannanna og sag\u00f0i: \u00c9g er s\u00e1 sem \u00fe\u00e9r leiti\u00f0 a\u00f0. Hvers vegna eru\u00f0 \u00fe\u00e9r komnir h\u00e9r?<a name=\"22\"><span class=\"versanumer\">22<\/span><\/a>\u00deeir s\u00f6g\u00f0u: Kornel\u00edus hundra\u00f0sh\u00f6f\u00f0ingi, r\u00e9ttl\u00e1tur ma\u00f0ur og gu\u00f0hr\u00e6ddur og or\u00f0s\u00e6ll af allri Gy\u00f0inga \u00fej\u00f3\u00f0, f\u00e9kk bendingu fr\u00e1 heil\u00f6gum engli a\u00f0 senda eftir \u00fe\u00e9r og f\u00e1 \u00feig heim til s\u00edn og heyra, hva\u00f0 \u00fe\u00fa hef\u00f0ir a\u00f0 flytja.<a name=\"23\"><span class=\"versanumer\">23<\/span><\/a>\u00de\u00e1 bau\u00f0 hann \u00feeim inn og l\u00e9t \u00fe\u00e1 gista. Daginn eftir t\u00f3k hann sig upp og f\u00f3r me\u00f0 \u00feeim og nokkrir br\u00e6\u00f0ur fr\u00e1 Joppe me\u00f0 honum.<a name=\"24\"><span class=\"versanumer\">24<\/span><\/a>N\u00e6sta dag komu \u00feeir til Sesareu. Kornel\u00edus bj\u00f3st vi\u00f0 \u00feeim og haf\u00f0i bo\u00f0i\u00f0 til s\u00edn fr\u00e6ndum og virktavinum.<a name=\"25\"><span class=\"versanumer\">25<\/span><\/a>\u00deegar P\u00e9tur kom, f\u00f3r Kornel\u00edus \u00e1 m\u00f3ti honum, f\u00e9ll til f\u00f3ta honum og veitti honum lotningu.<a name=\"26\"><span class=\"versanumer\">26<\/span><\/a>P\u00e9tur reisti hann upp og sag\u00f0i: Statt upp, \u00e9g er ma\u00f0ur sem \u00fe\u00fa.<a name=\"27\"><span class=\"versanumer\">27<\/span><\/a>Og hann r\u00e6ddi vi\u00f0 hann og gekk inn og fann \u00fear marga menn saman komna.<a name=\"28\"><span class=\"versanumer\">28<\/span><\/a>Hann sag\u00f0i vi\u00f0 \u00fe\u00e1: \u00de\u00e9r viti\u00f0, a\u00f0 Gy\u00f0ingi er banna\u00f0 a\u00f0 eiga samneyti vi\u00f0 annarrar \u00fej\u00f3\u00f0ar mann e\u00f0a koma til hans. En Gu\u00f0 hefur s\u00fdnt m\u00e9r, a\u00f0 \u00e9g \u00e1 engan a\u00f0 kalla vanheilagan e\u00f0a \u00f3hreinan.<a name=\"29\"><span class=\"versanumer\">29<\/span><\/a>Fyrir \u00fev\u00ed kom \u00e9g m\u00f3tm\u00e6lalaust, er eftir m\u00e9r var sent. N\u00fa spyr \u00e9g, hvers vegna \u00fe\u00e9r sendu\u00f0 eftir m\u00e9r.<a name=\"30\"><span class=\"versanumer\">30<\/span><\/a>Kornel\u00edus m\u00e6lti: \u00cd \u00feetta mund fyrir fj\u00f3rum d\u00f6gum var \u00e9g a\u00f0 bi\u00f0jast fyrir a\u00f0 n\u00f3ni \u00ed h\u00fasi m\u00ednu. \u00de\u00e1 st\u00f3\u00f0 ma\u00f0ur frammi fyrir m\u00e9r \u00ed sk\u00ednandi kl\u00e6\u00f0um<a name=\"31\"><span class=\"versanumer\">31<\/span><\/a>og m\u00e6lti: Kornel\u00edus, b\u00e6n \u00fe\u00edn er heyr\u00f0, og Gu\u00f0 hefur minnst \u00f6lmusugj\u00f6r\u00f0a \u00feinna.<a name=\"32\"><span class=\"versanumer\">32<\/span><\/a>N\u00fa skalt \u00fe\u00fa senda til Joppe eftir S\u00edmoni, er kallast P\u00e9tur. Hann gistir \u00ed h\u00fasi S\u00edmonar s\u00fatara vi\u00f0 sj\u00f3inn.<a name=\"33\"><span class=\"versanumer\">33<\/span><\/a>\u00dev\u00ed sendi \u00e9g jafnskj\u00f3tt til \u00fe\u00edn, og vel gj\u00f6r\u00f0ir \u00fe\u00fa a\u00f0 koma. N\u00fa erum v\u00e9r h\u00e9r allir fyrir augs\u00fdn Gu\u00f0s til a\u00f0 heyra allt, sem Drottinn hefur bo\u00f0i\u00f0 \u00fe\u00e9r.<a name=\"34\"><span class=\"versanumer\">34<\/span><\/a>\u00de\u00e1 t\u00f3k P\u00e9tur til m\u00e1ls og sag\u00f0i: Sannlega skil \u00e9g n\u00fa, a\u00f0 Gu\u00f0 fer ekki \u00ed manngreinar\u00e1lit.<a name=\"35\"><span class=\"versanumer\">35<\/span><\/a>Hann tekur opnum \u00f6rmum hverjum \u00feeim, sem \u00f3ttast hann og \u00e1stundar r\u00e9ttl\u00e6ti, hverrar \u00fej\u00f3\u00f0ar sem er.<a name=\"36\"><span class=\"versanumer\">36<\/span><\/a>Or\u00f0i\u00f0, sem hann sendi b\u00f6rnum \u00cdsraels, \u00fe\u00e1 er hann flutti fagna\u00f0arbo\u00f0in um fri\u00f0 fyrir Jes\u00fa Krist, sem er Drottinn allra, \u00feekki\u00f0 \u00fe\u00e9r.<a name=\"37\"><span class=\"versanumer\">37<\/span><\/a>\u00de\u00e9r viti\u00f0, hva\u00f0 gj\u00f6rst hefur um alla J\u00fadeu, en h\u00f3fst \u00ed Gal\u00edleu eftir sk\u00edrnina, sem J\u00f3hannes pr\u00e9dika\u00f0i.<a name=\"38\"><span class=\"versanumer\">38<\/span><\/a>\u00dea\u00f0 er sagan um Jes\u00fa fr\u00e1 Nasaret, hvernig Gu\u00f0 smur\u00f0i hann heil\u00f6gum anda og krafti. Hann gekk um, gj\u00f6r\u00f0i gott og gr\u00e6ddi alla, sem af dj\u00f6flinum voru undiroka\u00f0ir, \u00fev\u00ed Gu\u00f0 var me\u00f0 honum.<a name=\"39\"><span class=\"versanumer\">39<\/span><\/a>V\u00e9r erum vottar alls \u00feess, er hann gj\u00f6r\u00f0i, b\u00e6\u00f0i \u00ed landi Gy\u00f0inga og \u00ed Jer\u00fasalem. Og hann hengdu \u00feeir upp \u00e1 tr\u00e9 og t\u00f3ku af l\u00edfi.<a name=\"40\"><span class=\"versanumer\">40<\/span><\/a>En Gu\u00f0 uppvakti hann \u00e1 \u00feri\u00f0ja degi og l\u00e9t hann birtast,<a name=\"41\"><span class=\"versanumer\">41<\/span><\/a>ekki \u00f6llum l\u00fd\u00f0num, heldur \u00feeim vottum, sem Gu\u00f0 haf\u00f0i \u00e1\u00f0ur kj\u00f6ri\u00f0, oss, sem \u00e1tum og drukkum me\u00f0 honum, eftir a\u00f0 hann var risinn upp fr\u00e1 dau\u00f0um.<a name=\"42\"><span class=\"versanumer\">42<\/span><\/a>Og hann bau\u00f0 oss a\u00f0 pr\u00e9dika fyrir l\u00fd\u00f0num og vitna, a\u00f0 hann er s\u00e1 d\u00f3mari lifenda og dau\u00f0ra, sem Gu\u00f0 hefur fyrirhuga\u00f0.<a name=\"43\"><span class=\"versanumer\">43<\/span><\/a>Honum bera allir sp\u00e1mennirnir vitni, a\u00f0 s\u00e9rhver, sem \u00e1 hann tr\u00fair, f\u00e1i fyrir hans nafn fyrirgefningu syndanna.<a name=\"44\"><span class=\"versanumer\">44<\/span><\/a>Me\u00f0an P\u00e9tur var enn a\u00f0 m\u00e6la \u00feessi or\u00f0, kom heilagur andi yfir alla \u00fe\u00e1, er or\u00f0i\u00f0 heyr\u00f0u.<a name=\"45\"><span class=\"versanumer\">45<\/span><\/a>Hinir tr\u00fau\u00f0u Gy\u00f0ingar, sem komi\u00f0 h\u00f6f\u00f0u me\u00f0 P\u00e9tri, ur\u00f0u fur\u00f0u lostnir, a\u00f0 heil\u00f6gum anda, gj\u00f6f Gu\u00f0s, skyldi einnig \u00fathellt yfir hei\u00f0ingjana,<a name=\"46\"><span class=\"versanumer\">46<\/span><\/a>\u00fev\u00ed \u00feeir heyr\u00f0u \u00fe\u00e1 tala tungum og mikla Gu\u00f0.<a name=\"47\"><span class=\"versanumer\">47<\/span><\/a>\u00de\u00e1 m\u00e6lti P\u00e9tur: Hver getur varna\u00f0 \u00feess, a\u00f0 \u00feeir ver\u00f0i sk\u00edr\u00f0ir \u00ed vatni? \u00deeir hafa fengi\u00f0 heilagan anda sem v\u00e9r.<a name=\"48\"><span class=\"versanumer\">48<\/span><\/a>Og hann bau\u00f0, a\u00f0 \u00feeir skyldu sk\u00edr\u00f0ir ver\u00f0a \u00ed nafni Jes\u00fa Krists. S\u00ed\u00f0an b\u00e1\u00f0u \u00feeir hann a\u00f0 standa vi\u00f0 \u00ed nokkra daga.<\/p>\n<div class=\"footnote1981\"><b>10.1-8<\/b> Vitrun Kornel\u00edusar Post 10.30-33; sbr 11.13<br \/>\n<b>10.1<\/b> Sesarea Post 23.23+<br \/>\n<b>10.2<\/b> Velvilja\u00f0ur hundra\u00f0sh\u00f6f\u00f0ingi L\u00fak 7.2,5; Post 27.1,3 \u2013 gu\u00f0r\u00e6kinn Post 3.12; 10.7; 1T\u00edm 3.16; 4.7-8; 6.3,5-6,11; 2T\u00edm 3.5,12; T\u00edt 1.1; 2.12; 2P\u00e9t 1.3,6; 2.9; 3.11 \u2013 gu\u00f0hr\u00e6\u00f0sla Okv 1.7; S\u00edr 1.11-20; Post 9.31; 10.22,35; 13.16,26; sbr 13.43; 18.7 \u2013 allt heimaf\u00f3lk Post 11.14; 16.15,31; 18.8; sbr 1Kor 1.16 \u2013 miklar \u00f6lmusur Post 9.36; 10.4,31<br \/>\n<b>10.3<\/b> Um n\u00f3n Post 3.1 \u2013 \u00ed s\u00fdn Post 7.55-56; 9.10,12; 10.17,19; 11.5; 12.9; 16.9-10; 18.9 \u2013 engill Gu\u00f0s L\u00fak 24.4,23; Post 5.19; 8.26; 10.7,22 (sbr v.30); 11.13; 12.7-10; sbr Matt 1.20+<br \/>\n<b>10.4<\/b> Minnast 2M\u00f3s 12.14; 3M\u00f3s 2.2; J\u00f3s 4.7; Post 10.31<br \/>\n<b>10.5<\/b> S\u00edmon, er kallast P\u00e9tur Matt 4.18+<br \/>\n<b>10.10<\/b> F\u00e9kk vitrun Post 11.5; 22.17; sbr Mrk 5.42; 16.8; L\u00fak 5.26; Post 3.10<br \/>\n<b>10.11-20<\/b> Vitrun P\u00e9turs Post 11.5-12; sbr 10.28<br \/>\n<b>10.11<\/b> S\u00e1 himininn opinn Matt 3.16+<br \/>\n<b>10.12<\/b> Ferf\u00e6tt d\u00fdr, skri\u00f0d\u00fdr, fuglar 1M\u00f3s 1.21,24; sbr 6.7; 7.14; Post 11.6<br \/>\n<b>10.14<\/b> Ekkert vanheilagt n\u00e9 \u00f3hreint 3M\u00f3s 11.1-47; Esk 4.14<br \/>\n<b>10.15<\/b> Gu\u00f0 hefur l\u00fdst hreint Mrk 7.15,19; Post 10.28,34<br \/>\n<b>10.18<\/b> S\u00edmon P\u00e9tur Matt 4.18+<br \/>\n<b>10.19<\/b> Andinn sag\u00f0i Post 11.12; 13.2<br \/>\n<b>10.22<\/b> Kornel\u00edus Post 10.1-2 \u2013 sendi eftir P\u00e9tri Post 10.5 \u2013 velvilja\u00f0ur hundra\u00f0sh\u00f6f\u00f0ingi Post 10.2+<br \/>\n<b>10.25-26<\/b> \u00c9g er ma\u00f0ur Post 14.13-15; Opb 19.10<br \/>\n<b>10.26<\/b> Ma\u00f0ur sem \u00fe\u00fa SSal 7.1<br \/>\n<b>10.28<\/b> Kalla engan vanheilagan Post 10.15; 11.3,9<br \/>\n<b>10.30-33<\/b> Vitrun Kornel\u00edusar Post 10.1-8<br \/>\n<b>10.30<\/b> Ba\u00f0st fyrir a\u00f0 n\u00f3ni Post 3.1 \u2013 \u00ed sk\u00ednandi kl\u00e6\u00f0um L\u00fak 24.4; Post 1.10<br \/>\n<b>10.32<\/b> S\u00edmon P\u00e9tur Matt 4.18+ &#8211; hj\u00e1 S\u00edmoni s\u00fatara Post 9.43; 10.6<br \/>\n<b>10.34<\/b> T\u00f3k til m\u00e1ls Post 8.35+ &#8211; ekki manngreinar\u00e1lit 5M\u00f3s 10.17; 2Kro 19.7; R\u00f3m 2.11; Gal 2.6; Ef 6.9; K\u00f3l 3.25; 1P\u00e9t 1.17<br \/>\n<b>10.35<\/b> Tekur opnum \u00f6rmum J\u00f3h 9.31; R\u00f3m 14.18<br \/>\n<b>10.36<\/b> Postulleg bo\u00f0un Post 2.14+ &#8211; Gu\u00f0 sendir or\u00f0 sitt Slm 107.20; 147.18 \u2013 fagna\u00f0arerindi\u00f0 um fri\u00f0 Jes 52.7; Nah 2.1 \u2013 \u00cdsrael Post 13.46 \u2013 Drottinn allra Post 17.14; 19.16<br \/>\n<b>10.37<\/b> H\u00f3fst \u00ed Gal\u00edleu Matt 4.12,17; Mrk 1.14<br \/>\n<b>10.38<\/b> Smurning heilags anda Jes 61.1; L\u00fak 3.21-22; 4.18-21 \u2013 Gu\u00f0 var me\u00f0 honum J\u00f3h 3.2<br \/>\n<b>10.39<\/b> Vottar Post 1.8+ &#8211; hengdu upp \u00e1 tr\u00e9 5M\u00f3s 21.22; sbr Post 2.23; 3.13-15; 13.28; Gal 3.13<br \/>\n<b>10.40-41<\/b> Gu\u00f0 uppvakti hann Post 2.24+<br \/>\n<b>10.40<\/b> \u00c1 \u00feri\u00f0ja degi L\u00fak 9.22; 13.32; 18.33; 24.7,46; 1Kor 15.4<br \/>\n<b>10.41<\/b> Ekki \u00f6llum, heldur okkur J\u00f3h 14.19,22 \u2013 eftir upprisu hans L\u00fak 24.30,42; J\u00f3h 21.12-13; Post 1.4<br \/>\n<b>10.42<\/b> D\u00f3mari lifenda og dau\u00f0ra Post 17.31; R\u00f3m 14.9; 2T\u00edm 4.1; 1P\u00e9t 4.5; sbr Matt 25.31-46; R\u00f3m 2.16; 3.6; 1P\u00e9t 1.17<br \/>\n<b>10.43<\/b> Sp\u00e1mennirnir bera vitni Post 3.18+ &#8211; fyrirgefning syndanna Jes 33.24; 53.5-6; Jer 31.34; Dan 9.24; sbr R\u00f3m 1.17; 9.33; 10.13 \u2013 vegna hans Post 3.16+ &#8211; hver, sem \u00e1 hann tr\u00fair Post 11.17; 15.9; R\u00f3m 1.16<br \/>\n<b>10.44<\/b> Heilagur andi kom yfir \u00fe\u00e1 Post 11.15; 15.8<br \/>\n<b>10.46<\/b> Tala tungum Mrk 16.17; Post 2.4,11,17; 19.6<br \/>\n<b>10.47<\/b> Hver getur varna\u00f0? Post 8.36<br \/>\n<b>10.48<\/b> Sk\u00edrn \u00ed nafni Jes\u00fa Krists Post 2.38+ &#8211; b\u00e1\u00f0u hann standa vi\u00f0 J\u00f3h 4.40<\/div>\n","protected":false},"excerpt":{"rendered":"<p>1Ma\u00f0ur nokkur var \u00ed Sesareu, Kornel\u00edus a\u00f0 nafni, hundra\u00f0sh\u00f6f\u00f0ingi \u00ed \u00edt\u00f6lsku hersveitinni.2Hann var tr\u00fama\u00f0ur og d\u00fdrka\u00f0i Gu\u00f0 og heimaf\u00f3lk hans allt. Gaf hann l\u00fd\u00f0num miklar \u00f6lmusur og var jafnan \u00e1 b\u00e6n til Gu\u00f0s.3Dag einn um n\u00f3n s\u00e1 hann berlega \u00ed s\u00fdn engil Gu\u00f0s koma inn til s\u00edn, er sag\u00f0i vi\u00f0 hann: Kornel\u00edus!4Hann star\u00f0i \u00e1 hann, var\u00f0 \u00f3ttasleginn og sag\u00f0i: Hva\u00f0 er \u00fea\u00f0, herra? Engillinn svara\u00f0i: B\u00e6nir \u00fe\u00ednar og \u00f6lmusur eru stignar upp til Gu\u00f0s, og hann minnist \u00feeirra.5Send \u00fe\u00fa n\u00fa menn til Joppe og l\u00e1t s\u00e6kja S\u00edmon nokkurn, er kallast P\u00e9tur.6Hann gistir hj\u00e1 S\u00edmoni nokkrum s\u00fatara, sem \u00e1 h\u00fas vi\u00f0 <a href=\"https:\/\/biblian.is\/1981\/postulasagan-10-kafli\/\"> [&#8230;]<\/a><\/p>\n","protected":false},"author":1,"featured_media":0,"parent":0,"menu_order":0,"comment_status":"open","ping_status":"open","template":"bibliukaflar.php","meta":{"footnotes":""},"class_list":["post-2375","page","type-page","status-publish","hentry"],"_links":{"self":[{"href":"https:\/\/biblian.is\/1981\/wp-json\/wp\/v2\/pages\/2375","targetHints":{"allow":["GET"]}}],"collection":[{"href":"https:\/\/biblian.is\/1981\/wp-json\/wp\/v2\/pages"}],"about":[{"href":"https:\/\/biblian.is\/1981\/wp-json\/wp\/v2\/types\/page"}],"author":[{"embeddable":true,"href":"https:\/\/biblian.is\/1981\/wp-json\/wp\/v2\/users\/1"}],"replies":[{"embeddable":true,"href":"https:\/\/biblian.is\/1981\/wp-json\/wp\/v2\/comments?post=2375"}],"version-history":[{"count":0,"href":"https:\/\/biblian.is\/1981\/wp-json\/wp\/v2\/pages\/2375\/revisions"}],"wp:attachment":[{"href":"https:\/\/biblian.is\/1981\/wp-json\/wp\/v2\/media?parent=2375"}],"curies":[{"name":"wp","href":"https:\/\/api.w.org\/{rel}","templated":true}]}}