{"id":2372,"date":"2017-11-18T20:21:34","date_gmt":"2017-11-18T20:21:34","guid":{"rendered":"http:\/\/biblian.is\/1981\/postulasagan-7-kafli\/"},"modified":"2021-06-06T11:05:04","modified_gmt":"2021-06-06T11:05:04","slug":"postulasagan-7-kafli","status":"publish","type":"page","link":"https:\/\/biblian.is\/1981\/postulasagan-7-kafli\/","title":{"rendered":"Postulasagan 7. kafli"},"content":{"rendered":"<p><a name=\"1\"><span class=\"versanumer\">1<\/span><\/a>\u00de\u00e1 spur\u00f0i \u00e6\u00f0sti presturinn: Er \u00feessu svo fari\u00f0?<a name=\"2\"><span class=\"versanumer\">2<\/span><\/a>Stef\u00e1n svara\u00f0i: Heyri\u00f0 mig, br\u00e6\u00f0ur og fe\u00f0ur. Gu\u00f0 d\u00fdr\u00f0arinnar birtist f\u00f6\u00f0ur vorum, Abraham, er hann var enn \u00ed Mes\u00f3p\u00f3tam\u00edu, \u00e1\u00f0ur en hann settist a\u00f0 \u00ed Haran,<a name=\"3\"><span class=\"versanumer\">3<\/span><\/a>og sag\u00f0i vi\u00f0 hann: Far \u00fe\u00fa burt \u00far landi \u00fe\u00ednu og fr\u00e1 \u00e6ttf\u00f3lki \u00fe\u00ednu til landsins, sem \u00e9g mun v\u00edsa \u00fe\u00e9r \u00e1.<a name=\"4\"><span class=\"versanumer\">4<\/span><\/a>\u00de\u00e1 f\u00f3r hann burt \u00far Kaldealandi og settist a\u00f0 \u00ed Haran. En eftir l\u00e1t f\u00f6\u00f0ur hans leiddi Gu\u00f0 hann \u00fea\u00f0an til \u00feessa lands, sem \u00fe\u00e9r n\u00fa byggi\u00f0.<a name=\"5\"><span class=\"versanumer\">5<\/span><\/a>Ekki gaf hann honum \u00f3\u00f0al h\u00e9r, ekki eitt f\u00f3tm\u00e1l. En hann h\u00e9t honum a\u00f0 gefa honum landi\u00f0 til eignar og ni\u00f0jum hans eftir hann, \u00fe\u00f3tt hann v\u00e6ri enn barnlaus.<a name=\"6\"><span class=\"versanumer\">6<\/span><\/a>Gu\u00f0 sag\u00f0i, a\u00f0 ni\u00f0jar hans mundu b\u00faa sem \u00fatlendingar \u00ed \u00f3kunnu landi og ver\u00f0a \u00fej\u00e1\u00f0ir og \u00fer\u00e6lka\u00f0ir \u00ed fj\u00f6gur hundru\u00f0 \u00e1r.<a name=\"7\"><span class=\"versanumer\">7<\/span><\/a>En \u00fej\u00f3\u00f0ina, sem \u00fer\u00e6lkar \u00fe\u00e1, mun \u00e9g d\u00e6ma, sag\u00f0i Gu\u00f0, og eftir \u00fea\u00f0 munu \u00feeir fara \u00fea\u00f0an og \u00fej\u00f3na m\u00e9r \u00e1 \u00feessum sta\u00f0.<a name=\"8\"><span class=\"versanumer\">8<\/span><\/a>\u00de\u00e1 gaf hann honum s\u00e1ttm\u00e1la umskurnarinnar. S\u00ed\u00f0an gat Abraham \u00cdsak og umskar hann \u00e1 \u00e1ttunda degi, og \u00cdsak gat Jakob og Jakob \u00e6ttfe\u00f0urna t\u00f3lf.<a name=\"9\"><span class=\"versanumer\">9<\/span><\/a>Og \u00e6ttfe\u00f0urnir \u00f6fundu\u00f0u J\u00f3sef og seldu hann til Egyptalands. En Gu\u00f0 var me\u00f0 honum,<a name=\"10\"><span class=\"versanumer\">10<\/span><\/a>frelsa\u00f0i hann \u00far \u00f6llum \u00ferengingum hans og veitti honum hylli og visku \u00ed augum Fara\u00f3s, Egyptalandskonungs, svo a\u00f0 hann skipa\u00f0i hann h\u00f6f\u00f0ingja yfir Egyptaland og yfir allt sitt h\u00fas.<a name=\"11\"><span class=\"versanumer\">11<\/span><\/a>N\u00fa kom hall\u00e6ri \u00e1 \u00f6llu Egyptalandi og Kanaan og mikil \u00ferenging, og fe\u00f0ur vorir h\u00f6f\u00f0u ekki l\u00edfsbj\u00f6rg.<a name=\"12\"><span class=\"versanumer\">12<\/span><\/a>En er Jakob heyr\u00f0i, a\u00f0 korn v\u00e6ri til \u00e1 Egyptalandi, sendi hann fe\u00f0ur vora \u00feanga\u00f0 hi\u00f0 fyrra sinn.<a name=\"13\"><span class=\"versanumer\">13<\/span><\/a>Og \u00ed s\u00ed\u00f0ara skipti\u00f0 gaf J\u00f3sef sig fram vi\u00f0 br\u00e6\u00f0ur s\u00edna, og Fara\u00f3 var\u00f0 kunn \u00e6tt J\u00f3sefs.<a name=\"14\"><span class=\"versanumer\">14<\/span><\/a>En J\u00f3sef sendi eftir Jakobi f\u00f6\u00f0ur s\u00ednum og \u00f6llu \u00e6ttf\u00f3lki s\u00ednu, sj\u00f6t\u00edu og fimm manns,<a name=\"15\"><span class=\"versanumer\">15<\/span><\/a>og Jakob f\u00f3r su\u00f0ur til Egyptalands. \u00dear anda\u00f0ist hann og fe\u00f0ur vorir.<a name=\"16\"><span class=\"versanumer\">16<\/span><\/a>\u00deeir voru fluttir til S\u00edkem og lag\u00f0ir \u00ed grafreitinn, er Abraham haf\u00f0i keypt fyrir silfur af sonum Hemors \u00ed S\u00edkem.<a name=\"17\"><span class=\"versanumer\">17<\/span><\/a>N\u00fa t\u00f3k a\u00f0 n\u00e1lgast s\u00e1 t\u00edmi, er r\u00e6tast skyldi fyrirheiti\u00f0, sem Gu\u00f0 haf\u00f0i gefi\u00f0 Abraham. F\u00f3lki\u00f0 haf\u00f0i vaxi\u00f0 og margfaldast \u00ed Egyptalandi.<a name=\"18\"><span class=\"versanumer\">18<\/span><\/a>\u00de\u00e1 h\u00f3fst til r\u00edkis \u00fear annar konungur, er eigi vissi skyn \u00e1 J\u00f3sef.<a name=\"19\"><span class=\"versanumer\">19<\/span><\/a>Hann beitti kyn vort sl\u00e6g\u00f0 og l\u00e9k fe\u00f0ur vora illa. Hann l\u00e9t \u00fe\u00e1 bera \u00fat ungb\u00f6rn s\u00edn, til \u00feess a\u00f0 \u00fej\u00f3\u00f0in skyldi eigi l\u00edfi halda.<a name=\"20\"><span class=\"versanumer\">20<\/span><\/a>Um \u00feessar mundir f\u00e6ddist M\u00f3se og var forkunnar fr\u00ed\u00f0ur. \u00derj\u00e1 m\u00e1nu\u00f0i var hann f\u00f3stra\u00f0ur \u00ed h\u00fasi f\u00f6\u00f0ur s\u00edns.<a name=\"21\"><span class=\"versanumer\">21<\/span><\/a>En er hann var \u00fat borinn, t\u00f3k d\u00f3ttir Fara\u00f3s hann og f\u00f3stra\u00f0i sem sinn son.<a name=\"22\"><span class=\"versanumer\">22<\/span><\/a>M\u00f3se var fr\u00e6ddur \u00ed allri speki Egypta, og hann var m\u00e1ttugur \u00ed or\u00f0um s\u00ednum og verkum.<a name=\"23\"><span class=\"versanumer\">23<\/span><\/a>\u00deegar hann var fertugur a\u00f0 aldri, kom honum \u00ed hug a\u00f0 vitja br\u00e6\u00f0ra sinna, \u00cdsraelsmanna.<a name=\"24\"><span class=\"versanumer\">24<\/span><\/a>Hann s\u00e1 einn \u00feeirra ver\u00f0a fyrir \u00f3j\u00f6fnu\u00f0i, og r\u00e9tti hann hlut hans, hefndi \u00feess, sem meingj\u00f6r\u00f0ina \u00feoldi, og drap Egyptann.<a name=\"25\"><span class=\"versanumer\">25<\/span><\/a>Hann hug\u00f0i, a\u00f0 br\u00e6\u00f0ur hans mundu skilja, a\u00f0 Gu\u00f0 \u00e6tla\u00f0i a\u00f0 nota hann til a\u00f0 bjarga \u00feeim, en \u00feeir skildu \u00fea\u00f0 ekki.<a name=\"26\"><span class=\"versanumer\">26<\/span><\/a>N\u00e6sta dag kom hann a\u00f0 tveim \u00feeirra, sem sl\u00f3gust. Hann reyndi a\u00f0 stilla til fri\u00f0ar me\u00f0 \u00feeim og sag\u00f0i: G\u00f3\u00f0ir menn, \u00fei\u00f0 eru\u00f0 br\u00e6\u00f0ur, hv\u00ed eigist \u00fei\u00f0 illt vi\u00f0?<a name=\"27\"><span class=\"versanumer\">27<\/span><\/a>En s\u00e1 sem beitti n\u00e1unga sinn \u00f3r\u00e9tti, hratt honum fr\u00e1 s\u00e9r og sag\u00f0i: Hver skipa\u00f0i \u00feig h\u00f6f\u00f0ingja og d\u00f3mara yfir okkur?<a name=\"28\"><span class=\"versanumer\">28<\/span><\/a>\u00de\u00fa munt \u00fe\u00f3 ekki vilja drepa mig, eins og \u00fe\u00fa drapst Egyptann \u00ed g\u00e6r?<a name=\"29\"><span class=\"versanumer\">29<\/span><\/a>Vi\u00f0 \u00feessi or\u00f0 fl\u00fd\u00f0i M\u00f3se og settist a\u00f0 sem \u00fatlendingur \u00ed Mid\u00edanslandi. \u00dear gat hann tvo sonu.<a name=\"30\"><span class=\"versanumer\">30<\/span><\/a>A\u00f0 fj\u00f6rut\u00edu \u00e1rum li\u00f0num birtist honum engill \u00ed ey\u00f0im\u00f6rk S\u00edna\u00edfjalls \u00ed logandi \u00feyrnirunna.<a name=\"31\"><span class=\"versanumer\">31<\/span><\/a>M\u00f3se undra\u00f0ist s\u00fdnina, gekk n\u00e6r og vildi hyggja a\u00f0. \u00de\u00e1 hlj\u00f3ma\u00f0i r\u00f6dd Drottins:<a name=\"32\"><span class=\"versanumer\">32<\/span><\/a>\u00c9g er Gu\u00f0 fe\u00f0ra \u00feinna, Gu\u00f0 Abrahams, \u00cdsaks og Jakobs. En M\u00f3se skelfdist og \u00feor\u00f0i ekki a\u00f0 hyggja frekar a\u00f0.<a name=\"33\"><span class=\"versanumer\">33<\/span><\/a>En Drottinn sag\u00f0i vi\u00f0 hann: Leys af \u00fe\u00e9r sk\u00f3 \u00fe\u00edna, \u00fev\u00ed a\u00f0 sta\u00f0urinn, sem \u00fe\u00fa stendur \u00e1, er heil\u00f6g j\u00f6r\u00f0.<a name=\"34\"><span class=\"versanumer\">34<\/span><\/a>\u00c9g hef sannlega s\u00e9\u00f0 \u00e1\u00fej\u00e1n l\u00fd\u00f0s m\u00edns \u00e1 Egyptalandi og heyrt andv\u00f6rp \u00feeirra og er ofan kominn a\u00f0 frelsa \u00fe\u00e1. Kom n\u00fa, \u00e9g vil senda \u00feig til Egyptalands.<a name=\"35\"><span class=\"versanumer\">35<\/span><\/a>\u00deennan M\u00f3se, er \u00feeir afneitu\u00f0u me\u00f0 \u00fev\u00ed a\u00f0 segja: Hver skipa\u00f0i \u00feig h\u00f6f\u00f0ingja og d\u00f3mara? hann sendi Gu\u00f0 sem h\u00f6f\u00f0ingja og lausnara me\u00f0 fulltingi engilsins, er honum birtist \u00ed \u00feyrnirunnanum.<a name=\"36\"><span class=\"versanumer\">36<\/span><\/a>\u00dea\u00f0 var M\u00f3se, sem leiddi \u00fe\u00e1 \u00fat og gj\u00f6r\u00f0i undur og t\u00e1kn \u00e1 Egyptalandi, \u00ed Rau\u00f0ahafinu og \u00e1 ey\u00f0im\u00f6rkinni \u00ed fj\u00f6rut\u00edu \u00e1r.<a name=\"37\"><span class=\"versanumer\">37<\/span><\/a>\u00deessi er s\u00e1 M\u00f3se, sem sag\u00f0i vi\u00f0 \u00cdsraelsmenn: Sp\u00e1mann eins og mig mun Gu\u00f0 upp vekja y\u00f0ur, einn af br\u00e6\u00f0rum y\u00f0ar.<a name=\"38\"><span class=\"versanumer\">38<\/span><\/a>Hann er s\u00e1, sem var \u00ed s\u00f6fnu\u00f0inum \u00ed ey\u00f0im\u00f6rkinni, me\u00f0 englinum, er vi\u00f0 hann tala\u00f0i \u00e1 S\u00edna\u00edfjalli, og me\u00f0 fe\u00f0rum vorum. Hann t\u00f3k \u00e1 m\u00f3ti lifandi or\u00f0um a\u00f0 gefa oss.<a name=\"39\"><span class=\"versanumer\">39<\/span><\/a>Eigi vildu fe\u00f0ur vorir hl\u00fd\u00f0nast honum, heldur hrundu honum fr\u00e1 s\u00e9r og \u00fer\u00e1\u00f0u \u00ed hj\u00f6rtum s\u00ednum Egyptaland.<a name=\"40\"><span class=\"versanumer\">40<\/span><\/a>\u00deeir s\u00f6g\u00f0u vi\u00f0 Aron: Gj\u00f6r oss gu\u00f0i, er fyrir oss fari, \u00fev\u00ed a\u00f0 ekki vitum v\u00e9r, hva\u00f0 or\u00f0i\u00f0 er af M\u00f3se \u00feeim, sem leiddi oss brott af Egyptalandi.<a name=\"41\"><span class=\"versanumer\">41<\/span><\/a>Og \u00e1 \u00feeim d\u00f6gum sm\u00ed\u00f0u\u00f0u \u00feeir k\u00e1lf, f\u00e6r\u00f0u skur\u00f0go\u00f0inu f\u00f3rn og k\u00e6ttust af verki handa sinna.<a name=\"42\"><span class=\"versanumer\">42<\/span><\/a>En Gu\u00f0 sneri s\u00e9r fr\u00e1 \u00feeim og l\u00e9t \u00feeim eftir a\u00f0 d\u00fdrka her himinsins, eins og rita\u00f0 er \u00ed sp\u00e1mannab\u00f3kinni: Hvort f\u00e6r\u00f0u\u00f0 \u00fe\u00e9r m\u00e9r, \u00cdsraels \u00e6tt, sl\u00e1turd\u00fdr og f\u00f3rnir \u00e1rin fj\u00f6rut\u00edu \u00ed ey\u00f0im\u00f6rkinni?<a name=\"43\"><span class=\"versanumer\">43<\/span><\/a>Nei, \u00fe\u00e9r b\u00e1ru\u00f0 b\u00fa\u00f0 M\u00f3loks og stj\u00f6rnu gu\u00f0sins Refans, myndirnar, sem \u00fe\u00e9r sm\u00ed\u00f0u\u00f0u\u00f0 til \u00feess a\u00f0 tilbi\u00f0ja \u00fe\u00e6r. \u00c9g mun herlei\u00f0a y\u00f0ur austur fyrir Bab\u00fdlon.<a name=\"44\"><span class=\"versanumer\">44<\/span><\/a>Vitnisbur\u00f0artjaldb\u00fa\u00f0ina h\u00f6f\u00f0u fe\u00f0ur vorir \u00ed ey\u00f0im\u00f6rkinni. H\u00fan var gj\u00f6r\u00f0 eins og s\u00e1 bau\u00f0, er vi\u00f0 M\u00f3se m\u00e6lti, eftir \u00feeirri fyrirmynd, sem M\u00f3se s\u00e1.<a name=\"45\"><span class=\"versanumer\">45<\/span><\/a>Vi\u00f0 henni t\u00f3ku og fe\u00f0ur vorir, fluttu hana me\u00f0 J\u00f3s\u00faa inn \u00ed landi\u00f0, sem \u00feeir t\u00f3ku til eignar af hei\u00f0ingjunum, er Gu\u00f0 rak brott undan \u00feeim. St\u00f3\u00f0 svo allt til daga Dav\u00ed\u00f0s.<a name=\"46\"><span class=\"versanumer\">46<\/span><\/a>Hann fann n\u00e1\u00f0 hj\u00e1 Gu\u00f0i og ba\u00f0, a\u00f0 hann m\u00e6tti finna b\u00fasta\u00f0 fyrir Jakobs Gu\u00f0.<a name=\"47\"><span class=\"versanumer\">47<\/span><\/a>En Sal\u00f3mon reisti honum h\u00fas.<a name=\"48\"><span class=\"versanumer\">48<\/span><\/a>En eigi b\u00fdr hinn h\u00e6sti \u00ed \u00fev\u00ed, sem me\u00f0 h\u00f6ndum er gj\u00f6rt. Sp\u00e1ma\u00f0urinn segir:<a name=\"49\"><span class=\"versanumer\">49<\/span><\/a>Himinninn er h\u00e1s\u00e6ti mitt og j\u00f6r\u00f0in sk\u00f6r f\u00f3ta minna. Hva\u00f0a h\u00fas munu\u00f0 \u00fe\u00e9r reisa m\u00e9r, segir Drottinn, e\u00f0a hver er hv\u00edldarsta\u00f0ur minn?<a name=\"50\"><span class=\"versanumer\">50<\/span><\/a>Hefur ekki h\u00f6nd m\u00edn skapa\u00f0 allt \u00feetta?<a name=\"51\"><span class=\"versanumer\">51<\/span><\/a>\u00de\u00e9r har\u00f0sv\u00edra\u00f0ir og \u00f3umskornir \u00ed hj\u00f6rtum og \u00e1 eyrum, \u00fe\u00e9r standi\u00f0 \u00e1vallt gegn heil\u00f6gum anda, \u00fe\u00e9r eins og fe\u00f0ur y\u00f0ar.<a name=\"52\"><span class=\"versanumer\">52<\/span><\/a>Hver var s\u00e1 sp\u00e1ma\u00f0ur, sem fe\u00f0ur y\u00f0ar ofs\u00f3ttu eigi? \u00deeir dr\u00e1pu \u00fe\u00e1, er bo\u00f0u\u00f0u fyrirfram komu hins r\u00e9ttl\u00e1ta, og n\u00fa hafi\u00f0 \u00fe\u00e9r sviki\u00f0 hann og myrt.<a name=\"53\"><span class=\"versanumer\">53<\/span><\/a>\u00de\u00e9r sem l\u00f6gm\u00e1li\u00f0 fengu\u00f0 fyrir ums\u00fdslan engla, en hafi\u00f0 \u00fe\u00f3 eigi haldi\u00f0 \u00fea\u00f0.<a name=\"54\"><span class=\"versanumer\">54<\/span><\/a>\u00deegar \u00feeir heyr\u00f0u \u00feetta, trylltust \u00feeir og gn\u00edstu t\u00f6nnum gegn honum.<a name=\"55\"><span class=\"versanumer\">55<\/span><\/a>En hann horf\u00f0i til himins, fullur af heil\u00f6gum anda og leit d\u00fdr\u00f0 Gu\u00f0s og Jes\u00fa standa til h\u00e6gri handar Gu\u00f0i<a name=\"56\"><span class=\"versanumer\">56<\/span><\/a>og sag\u00f0i: \u00c9g s\u00e9 himnana opna og Mannssoninn standa til h\u00e6gri handar Gu\u00f0i.<a name=\"57\"><span class=\"versanumer\">57<\/span><\/a>\u00de\u00e1 \u00e6ptu \u00feeir h\u00e1st\u00f6fum, h\u00e9ldu fyrir eyrun og r\u00e9\u00f0ust a\u00f0 honum, allir sem einn ma\u00f0ur.<a name=\"58\"><span class=\"versanumer\">58<\/span><\/a>\u00deeir hr\u00f6ktu hann \u00fat \u00far borginni og t\u00f3ku a\u00f0 gr\u00fdta hann. En vottarnir l\u00f6g\u00f0u yfirhafnir s\u00ednar a\u00f0 f\u00f3tum ungum manni, er S\u00e1l h\u00e9t.<a name=\"59\"><span class=\"versanumer\">59<\/span><\/a>\u00deannig gr\u00fdttu \u00feeir Stef\u00e1n. En hann \u00e1kalla\u00f0i Drottin og sag\u00f0i: Drottinn Jes\u00fas, me\u00f0tak \u00fe\u00fa anda minn.<a name=\"60\"><span class=\"versanumer\">60<\/span><\/a>S\u00ed\u00f0an f\u00e9ll hann \u00e1 kn\u00e9 og hr\u00f3pa\u00f0i h\u00e1rri r\u00f6ddu: Drottinn, l\u00e1t \u00fe\u00e1 ekki gjalda \u00feessarar syndar. \u00deegar hann haf\u00f0i \u00feetta m\u00e6lt, sofna\u00f0i hann.<\/p>\n<div class=\"footnote1981\"><b>7.2<\/b> Heyri\u00f0 mig Post 22.1 \u2013 Gu\u00f0 d\u00fdr\u00f0arinnar Slm 29.2 \u2013 birtist Abraham 1M\u00f3s 11.31<br \/>\n<b>7.3<\/b> Far burt &#8230; 1M\u00f3s 12.1<br \/>\n<b>7.4<\/b> Fr\u00e1 Haran til Kanaan 1M\u00f3s 11.31-12.1,5<br \/>\n<b>7.5<\/b> Ekki gefi\u00f0 land 5M\u00f3s 2.5 \u2013 ni\u00f0jum veitt fyrirheit 1M\u00f3s 12.7; 13.15; 17.8; 24.7; 48.4 \u2013 barnlaus 1M\u00f3s 16.1<br \/>\n<b>7.6-7<\/b> Ni\u00f0jar hans 1M\u00f3s 15.13-14<br \/>\n<b>7.7<\/b> Eftir \u00fea\u00f0 2M\u00f3s 3.12<br \/>\n<b>7.8<\/b> S\u00e1tm\u00e1li umskurnarinnar 1M\u00f3s 17.10-14 \u2013 umskurn \u00e1 \u00e1ttunda degi 1M\u00f3s 21.4<br \/>\n<b>7.9<\/b> \u00d6fundu\u00f0u J\u00f3sef 1M\u00f3s 37.11 \u2013 seldu hann 1M\u00f3s 37.28; 45.4 \u2013 Gu\u00f0 var me\u00f0 honum 1M\u00f3s 39.2,3,21,23<br \/>\n<b>7.10<\/b> Hylli Fara\u00f3s 1M\u00f3s 41.37-39 \u2013 h\u00f6f\u00f0ingi 1M\u00f3s 41.40-44; Slm 105.21<br \/>\n<b>7.11<\/b> Hall\u00e6ri 1M\u00f3s 41.54; 42.5<br \/>\n<b>7.12<\/b> Jakob sendir syni s\u00edna 1M\u00f3s 42.1-2<br \/>\n<b>7.13<\/b> Gaf sig fram 1M\u00f3s 45.3-4 \u2013 var\u00f0 kunn \u00e6tt J\u00f3sefs 1M\u00f3s 45.16<br \/>\n<b>7.14<\/b> Sendi eftir f\u00f6\u00f0ur s\u00ednum 1M\u00f3s 45.9-11,18-19 \u2013 sj\u00f6t\u00edu og fimm sbr 1M\u00f3s 46.27; 2M\u00f3s 1.4<br \/>\n<b>7.15<\/b> Jakob fer su\u00f0ur til Egyptalands 1M\u00f3s 45.5-6 \u2013 anda\u00f0ist \u00fear 1M\u00f3s 49.33; 2M\u00f3s 1.5<br \/>\n<b>7.16<\/b> Abraham kaupir grafreit 1M\u00f3s 23.2-20 \u2013 Jakob kaupir landspildu 1M\u00f3s 33.18-19 \u2013 Jakob grafinn \u00ed helli Abrahams 1M\u00f3s 49.29-30; 50.7-13 \u2013 J\u00f3sef grafinn \u00ed S\u00edkem J\u00f3s 24.32<br \/>\n<b>7.17-18<\/b> \u00dej\u00f3\u00f0in vex 2M\u00f3s 1.7-8<br \/>\n<b>7.19<\/b> Illvilji konungs 2M\u00f3s 1.10-11 \u2013 ungb\u00f6rn borin \u00fat 2M\u00f3s 1.22<br \/>\n<b>7.20<\/b> Forkunnarfr\u00ed\u00f0ur 2M\u00f3s 2.2; Heb 11.23<br \/>\n<b>7.21<\/b> Dottir Fara\u00f3s 2M\u00f3s 2.3-10<br \/>\n<b>7.22<\/b> M\u00e1ttur \u00ed or\u00f0um og verkum L\u00fak 24.19<br \/>\n<b>7.23-24<\/b> M\u00f3se drepur Egypta 2M\u00f3s 2.11-12<br \/>\n<b>7.26-28<\/b> \u00cdsraelsmenn hafna M\u00f3se 2M\u00f3s 2.13-14<br \/>\n<b>7.27<\/b> Hver skipa\u00f0i \u00feig d\u00f3mara? 2M\u00f3s 2.14; L\u00fak 12.14<br \/>\n<b>7.29<\/b> M\u00f3se fl\u00fdr 2M\u00f3s 2.15 \u2013 \u00fatlendingur \u00ed Mid\u00edanslandi &#8230; tveir synir 2M\u00f3s 2.21-22; 18.3-4<br \/>\n<b>7.30-31<\/b> Logandi \u00feyrnirunni 2M\u00f3s 3.1-3<br \/>\n<b>7.31-34<\/b> Gu\u00f0 talar vi\u00f0 M\u00f3se 2M\u00f3s 3.4-10<br \/>\n<b>7.35<\/b> Lausnari L\u00fak 1.68; 2.38 \u2013 me\u00f0 fulltingi engilsins 2M\u00f3s 3.2<br \/>\n<b>7.36<\/b> Undur og t\u00e1kn 2M\u00f3s 7.3; Post 2.43+ &#8211; \u00ed Rau\u00f0ahafinu 2M\u00f3s 14.21 \u2013 \u00e1 ey\u00f0im\u00f6rkinni \u00ed fj\u00f6rut\u00edu \u00e1r 4M\u00f3s 14.33<br \/>\n<b>7.37<\/b> Sp\u00e1mann eins og mig 5M\u00f3s 18.15; Post 3.22<br \/>\n<b>7.38<\/b> \u00cd s\u00f6fnu\u00f0inum 2M\u00f3s 19.7-15; 5M\u00f3s 9.10; 10.4 \u2013 me\u00f0 englinum Post 7.53 \u2013 lifandi or\u00f0 L\u00fak 10.26-28; Post 5.20 \u2013 t\u00f3k vi\u00f0 og gaf 2M\u00f3s 19.1-6; 20.1-17; 5M\u00f3s 5.4-22<br \/>\n<b>7.39<\/b> \u00der\u00e1\u00f0u Egyptaland 4M\u00f3s 14.3<br \/>\n<b>7.40<\/b> Aron be\u00f0inn hj\u00e1lpar 2M\u00f3s 32.1,23<br \/>\n<b>7.41<\/b> Gullk\u00e1lfurinn 2M\u00f3s 32.4-6<br \/>\n<b>7.42<\/b> D\u00fdrka her himinsins Jer 7.18; 8.2; 19.13<br \/>\n<b>7.42-43<\/b> F\u00e6r\u00f0u\u00f0 \u00fe\u00e9r m\u00e9r f\u00f3rnir? Am 5.25-27<br \/>\n<b>7.44<\/b> Vitnisbur\u00f0artjaldb\u00fa\u00f0in 2M\u00f3s 27.21; 4M\u00f3s 1.50 \u2013 eftir fyrirmynd 2M\u00f3s 25.9,40<br \/>\n<b>7.45<\/b> Undir stj\u00f3rn J\u00f3s\u00faa J\u00f3s 3.14-17; 18.1 \u2013 rak brott J\u00f3s 23.9; 24.18<br \/>\n<b>7.45-46<\/b> Fyrir\u00e6tlanir Dav\u00ed\u00f0s 2Sam 7.2-16; 1Kon 8.17-18; 1Kro 17.1-14; 2Kro 6.7-8; Slm 132.1-5<br \/>\n<b>7.47<\/b> Sal\u00f3mon byggir musteri\u00f0 1Kon 6.1,14; 8.19-20; 2Kro 3.1; 5.1; 6.2,10<br \/>\n<b>7.48<\/b> Eigi b\u00fdr hinn h\u00e6sti &#8230; Post 17.24,29<br \/>\n<b>7.49-50<\/b> Sbr Jes 66.1-2<br \/>\n<b>7.51<\/b> Har\u00f0sv\u00edra\u00f0ir 2M\u00f3s 32.9; 33.3,5 \u2013 \u00f3umskornir \u00ed hj\u00f6rtum og eyrum 3M\u00f3s 26.41; Jer 9.25; 6.10<br \/>\n<b>7.52<\/b> Sp\u00e1menn ofs\u00f3ttir 2Kro 36.16 \u2013 drepnir Matt 23.31 \u2013 hinn r\u00e9ttl\u00e1ti Post 3.14+<br \/>\n<b>7.53<\/b> Um hendur engla Post 7.38; Gal 3.19; Heb 2.2<br \/>\n<b>7.54<\/b> Trylltust Post 5.33 \u2013 gn\u00edstu t\u00f6nnum Job 16.9; Slm 35.16; 37.12; 112.10<br \/>\n<b>7.55<\/b> Fullur af heil\u00f6gum anda Post 4.8+ &#8211; til h\u00e6gri handar Gu\u00f0i Matt 22.44+ ; 1P\u00e9t 3.22<br \/>\n<b>7.56<\/b> Himnarnir opnir Matt 3.16+ &#8211; Mannssonurinn Matt 8.20+ &#8211; til h\u00e6gri handar Gu\u00f0i L\u00fak 22.69<br \/>\n<b>7.58<\/b> S\u00e1l Post 22.20; 26.10<br \/>\n<b>7.59<\/b> Me\u00f0tak \u00fe\u00fa anda minn Slm 31.6; L\u00fak 23.46<br \/>\n<b>7.60<\/b> H\u00e1rri r\u00f6ddu Matt 27.46,50; Mrk 15.34,37; L\u00fak 23.46 \u2013 ekki gjalda L\u00fak 23.34<\/div>\n","protected":false},"excerpt":{"rendered":"<p>1\u00de\u00e1 spur\u00f0i \u00e6\u00f0sti presturinn: Er \u00feessu svo fari\u00f0?2Stef\u00e1n svara\u00f0i: Heyri\u00f0 mig, br\u00e6\u00f0ur og fe\u00f0ur. Gu\u00f0 d\u00fdr\u00f0arinnar birtist f\u00f6\u00f0ur vorum, Abraham, er hann var enn \u00ed Mes\u00f3p\u00f3tam\u00edu, \u00e1\u00f0ur en hann settist a\u00f0 \u00ed Haran,3og sag\u00f0i vi\u00f0 hann: Far \u00fe\u00fa burt \u00far landi \u00fe\u00ednu og fr\u00e1 \u00e6ttf\u00f3lki \u00fe\u00ednu til landsins, sem \u00e9g mun v\u00edsa \u00fe\u00e9r \u00e1.4\u00de\u00e1 f\u00f3r hann burt \u00far Kaldealandi og settist a\u00f0 \u00ed Haran. En eftir l\u00e1t f\u00f6\u00f0ur hans leiddi Gu\u00f0 hann \u00fea\u00f0an til \u00feessa lands, sem \u00fe\u00e9r n\u00fa byggi\u00f0.5Ekki gaf hann honum \u00f3\u00f0al h\u00e9r, ekki eitt f\u00f3tm\u00e1l. En hann h\u00e9t honum a\u00f0 gefa honum landi\u00f0 til eignar og ni\u00f0jum <a href=\"https:\/\/biblian.is\/1981\/postulasagan-7-kafli\/\"> [&#8230;]<\/a><\/p>\n","protected":false},"author":1,"featured_media":0,"parent":0,"menu_order":0,"comment_status":"open","ping_status":"open","template":"bibliukaflar.php","meta":{"footnotes":""},"class_list":["post-2372","page","type-page","status-publish","hentry"],"_links":{"self":[{"href":"https:\/\/biblian.is\/1981\/wp-json\/wp\/v2\/pages\/2372","targetHints":{"allow":["GET"]}}],"collection":[{"href":"https:\/\/biblian.is\/1981\/wp-json\/wp\/v2\/pages"}],"about":[{"href":"https:\/\/biblian.is\/1981\/wp-json\/wp\/v2\/types\/page"}],"author":[{"embeddable":true,"href":"https:\/\/biblian.is\/1981\/wp-json\/wp\/v2\/users\/1"}],"replies":[{"embeddable":true,"href":"https:\/\/biblian.is\/1981\/wp-json\/wp\/v2\/comments?post=2372"}],"version-history":[{"count":0,"href":"https:\/\/biblian.is\/1981\/wp-json\/wp\/v2\/pages\/2372\/revisions"}],"wp:attachment":[{"href":"https:\/\/biblian.is\/1981\/wp-json\/wp\/v2\/media?parent=2372"}],"curies":[{"name":"wp","href":"https:\/\/api.w.org\/{rel}","templated":true}]}}