{"id":2369,"date":"2017-11-18T20:21:34","date_gmt":"2017-11-18T20:21:34","guid":{"rendered":"http:\/\/biblian.is\/1981\/postulasagan-4-kafli\/"},"modified":"2021-06-06T11:05:00","modified_gmt":"2021-06-06T11:05:00","slug":"postulasagan-4-kafli","status":"publish","type":"page","link":"https:\/\/biblian.is\/1981\/postulasagan-4-kafli\/","title":{"rendered":"Postulasagan 4. kafli"},"content":{"rendered":"<p><a name=\"1\"><span class=\"versanumer\">1<\/span><\/a>Me\u00f0an \u00feeir voru a\u00f0 tala til f\u00f3lksins, komu a\u00f0 \u00feeim prestarnir, var\u00f0foringi helgid\u00f3msins og sadd\u00fakearnir.<a name=\"2\"><span class=\"versanumer\">2<\/span><\/a>\u00deeir voru \u00e6fir af \u00fev\u00ed a\u00f0 postularnir voru a\u00f0 kenna f\u00f3lkinu og bo\u00f0a upprisu dau\u00f0ra \u00ed Jes\u00fa.<a name=\"3\"><span class=\"versanumer\">3<\/span><\/a>L\u00f6g\u00f0u \u00feeir hendur \u00e1 \u00fe\u00e1 og settu \u00fe\u00e1 \u00ed var\u00f0hald til n\u00e6sta morguns, \u00fev\u00ed a\u00f0 kv\u00f6ld var komi\u00f0.<a name=\"4\"><span class=\"versanumer\">4<\/span><\/a>En margir \u00feeirra, er heyrt h\u00f6f\u00f0u or\u00f0i\u00f0, t\u00f3ku tr\u00fa, og tala karlmanna var\u00f0 um fimm \u00fe\u00fasundir.<a name=\"5\"><span class=\"versanumer\">5<\/span><\/a>N\u00e6sta morgun komu h\u00f6f\u00f0ingjarnir, \u00f6ldungarnir og fr\u00e6\u00f0imennirnir saman \u00ed Jer\u00fasalem.<a name=\"6\"><span class=\"versanumer\">6<\/span><\/a>\u00dear voru Annas, \u00e6\u00f0sti prestur, Ka\u00edfas, J\u00f3hannes, Alexander og allir, sem voru af \u00e6\u00f0sta prests \u00e6ttum.<a name=\"7\"><span class=\"versanumer\">7<\/span><\/a>\u00deeir l\u00e9tu lei\u00f0a postulana fram og spur\u00f0u \u00fe\u00e1: Me\u00f0 hva\u00f0a krafti e\u00f0a \u00ed hvers nafni gj\u00f6r\u00f0u\u00f0 \u00fei\u00f0 \u00feetta?<a name=\"8\"><span class=\"versanumer\">8<\/span><\/a>\u00de\u00e1 sag\u00f0i P\u00e9tur vi\u00f0 \u00fe\u00e1, fylltur heil\u00f6gum anda: \u00de\u00e9r h\u00f6f\u00f0ingjar l\u00fd\u00f0sins og \u00f6ldungar,<a name=\"9\"><span class=\"versanumer\">9<\/span><\/a>me\u00f0 \u00fev\u00ed a\u00f0 vi\u00f0 eigum \u00ed dag a\u00f0 svara til saka vegna g\u00f3\u00f0verks vi\u00f0 sj\u00fakan mann og gera grein fyrir \u00fev\u00ed, hvernig hann s\u00e9 heill or\u00f0inn,<a name=\"10\"><span class=\"versanumer\">10<\/span><\/a>\u00fe\u00e1 s\u00e9 y\u00f0ur \u00f6llum kunnugt og \u00f6llum \u00cdsraelsl\u00fd\u00f0, a\u00f0 \u00ed nafni Jes\u00fa Krists fr\u00e1 Nasaret, \u00feess er \u00fe\u00e9r krossfestu\u00f0, en Gu\u00f0 uppvakti fr\u00e1 dau\u00f0um, \u00ed hans nafni stendur \u00feessi ma\u00f0ur heilbrig\u00f0ur fyrir augum y\u00f0ar.<a name=\"11\"><span class=\"versanumer\">11<\/span><\/a>Jes\u00fas er steinninn, sem \u00fe\u00e9r, h\u00fasasmi\u00f0irnir, virtu\u00f0 einskis, hann er or\u00f0inn hyrningarsteinn.<a name=\"12\"><span class=\"versanumer\">12<\/span><\/a>Ekki er hj\u00e1lpr\u00e6\u00f0i\u00f0 \u00ed neinum \u00f6\u00f0rum. Og ekkert anna\u00f0 nafn er m\u00f6nnum gefi\u00f0 um v\u00ed\u00f0a ver\u00f6ld, sem getur frelsa\u00f0 oss.<a name=\"13\"><span class=\"versanumer\">13<\/span><\/a>\u00deegar \u00feeir s\u00e1u dj\u00f6rfung P\u00e9turs og J\u00f3hannesar og skildu, a\u00f0 \u00feeir voru \u00f3l\u00e6r\u00f0ir leikmenn, undru\u00f0ust \u00feeir. \u00deeir k\u00f6nnu\u00f0ust og vi\u00f0, a\u00f0 \u00feeir h\u00f6f\u00f0u veri\u00f0 me\u00f0 Jes\u00fa.<a name=\"14\"><span class=\"versanumer\">14<\/span><\/a>Og er \u00feeir s\u00e1u manninn, sem l\u00e6kna\u00f0ur haf\u00f0i veri\u00f0, standa hj\u00e1 \u00feeim, m\u00e1ttu \u00feeir ekki \u00ed m\u00f3ti m\u00e6la.<a name=\"15\"><span class=\"versanumer\">15<\/span><\/a>\u00deeir skipu\u00f0u \u00feeim a\u00f0 ganga \u00fat fr\u00e1 r\u00e1\u00f0inu, t\u00f3ku saman r\u00e1\u00f0 s\u00edn og s\u00f6g\u00f0u:<a name=\"16\"><span class=\"versanumer\">16<\/span><\/a>Hva\u00f0 eigum v\u00e9r a\u00f0 gj\u00f6ra vi\u00f0 \u00feessa menn? \u00dev\u00ed a\u00f0 auglj\u00f3st er \u00f6llum Jer\u00fasalemb\u00faum, a\u00f0 \u00f3tv\u00edr\u00e6tt t\u00e1kn er or\u00f0i\u00f0 af \u00feeirra v\u00f6ldum. V\u00e9r getum ekki neita\u00f0 \u00fev\u00ed.<a name=\"17\"><span class=\"versanumer\">17<\/span><\/a>\u00deetta m\u00e1 ekki berast frekar \u00fat me\u00f0al l\u00fd\u00f0sins. V\u00e9r skulum \u00fev\u00ed h\u00f3ta \u00feeim h\u00f6r\u00f0u, a\u00f0 \u00feeir tali aldrei framar \u00ed \u00feessu nafni vi\u00f0 nokkurn mann.<a name=\"18\"><span class=\"versanumer\">18<\/span><\/a>S\u00ed\u00f0an k\u00f6llu\u00f0u \u00feeir \u00fe\u00e1 fyrir sig og skipu\u00f0u \u00feeim a\u00f0 h\u00e6tta me\u00f0 \u00f6llu a\u00f0 tala e\u00f0a kenna \u00ed Jes\u00fa nafni.<a name=\"19\"><span class=\"versanumer\">19<\/span><\/a>P\u00e9tur og J\u00f3hannes sv\u00f6ru\u00f0u: D\u00e6mi\u00f0 sj\u00e1lfir, hvort \u00fea\u00f0 s\u00e9 r\u00e9tt \u00ed augum Gu\u00f0s a\u00f0 hl\u00fd\u00f0nast y\u00f0ur fremur en honum.<a name=\"20\"><span class=\"versanumer\">20<\/span><\/a>V\u00e9r getum ekki anna\u00f0 en tala\u00f0 \u00fea\u00f0, sem v\u00e9r h\u00f6fum s\u00e9\u00f0 og heyrt.<a name=\"21\"><span class=\"versanumer\">21<\/span><\/a>En \u00feeir \u00f3gnu\u00f0u \u00feeim enn frekar og slepptu \u00feeim s\u00ed\u00f0an, \u00fear sem \u00feeir s\u00e1u enga lei\u00f0 vegna f\u00f3lksins a\u00f0 hegna \u00feeim, \u00fev\u00ed allir lofu\u00f0u Gu\u00f0 fyrir \u00feennan atbur\u00f0.<a name=\"22\"><span class=\"versanumer\">22<\/span><\/a>En ma\u00f0urinn, sem l\u00e6knast haf\u00f0i me\u00f0 \u00feessu t\u00e1kni, var yfir fertugt.<a name=\"23\"><span class=\"versanumer\">23<\/span><\/a>Er \u00feeim haf\u00f0i veri\u00f0 sleppt, f\u00f3ru \u00feeir til f\u00e9laga sinna og greindu \u00feeim fr\u00e1 \u00f6llu \u00fev\u00ed, sem \u00e6\u00f0stu prestarnir og \u00f6ldungarnir h\u00f6f\u00f0u vi\u00f0 \u00fe\u00e1 tala\u00f0.<a name=\"24\"><span class=\"versanumer\">24<\/span><\/a>\u00deegar \u00feeir heyr\u00f0u \u00fea\u00f0, h\u00f3fu \u00feeir einum huga raust s\u00edna til Gu\u00f0s og s\u00f6g\u00f0u: Herra, \u00fe\u00fa sem gj\u00f6r\u00f0ir himin, j\u00f6r\u00f0 og haf og allt, sem \u00ed \u00feeim er,<a name=\"25\"><span class=\"versanumer\">25<\/span><\/a>\u00fe\u00fa, sem l\u00e9st heilagan anda m\u00e6la af munni Dav\u00ed\u00f0s, f\u00f6\u00f0ur vors, \u00fej\u00f3ns \u00fe\u00edns: Hv\u00ed geisu\u00f0u hei\u00f0ingjarnir, og hv\u00ed hug\u00f0u l\u00fd\u00f0irnir \u00e1 h\u00e9g\u00f3mleg r\u00e1\u00f0?<a name=\"26\"><span class=\"versanumer\">26<\/span><\/a>Konungar jar\u00f0arinnar risu upp, og h\u00f6f\u00f0ingjarnir s\u00f6fnu\u00f0ust saman gegn Drottni og gegn hans Smur\u00f0a.<a name=\"27\"><span class=\"versanumer\">27<\/span><\/a>\u00dev\u00ed a\u00f0 sannarlega s\u00f6fnu\u00f0ust saman \u00ed borg \u00feessari gegn hinum heilaga \u00fej\u00f3ni \u00fe\u00ednum, Jes\u00fa, er \u00fe\u00fa smur\u00f0ir, \u00feeir Her\u00f3des og Pont\u00edus P\u00edlatus \u00e1samt hei\u00f0ingjunum og l\u00fd\u00f0um \u00cdsraels<a name=\"28\"><span class=\"versanumer\">28<\/span><\/a>til a\u00f0 gj\u00f6ra allt \u00fea\u00f0, er h\u00f6nd \u00fe\u00edn og r\u00e1\u00f0 haf\u00f0i fyrirhuga\u00f0, a\u00f0 ver\u00f0a skyldi.<a name=\"29\"><span class=\"versanumer\">29<\/span><\/a>Og n\u00fa, Drottinn, l\u00edt \u00e1 h\u00f3tanir \u00feeirra og veit \u00fej\u00f3num \u00fe\u00ednum fulla dj\u00f6rfung a\u00f0 tala or\u00f0 \u00feitt.<a name=\"30\"><span class=\"versanumer\">30<\/span><\/a>R\u00e9tt \u00fe\u00fa \u00fat h\u00f6nd \u00fe\u00edna til a\u00f0 l\u00e6kna og l\u00e1t t\u00e1kn og undur ver\u00f0a fyrir nafn \u00fe\u00edns heilaga \u00fej\u00f3ns, Jes\u00fa.<a name=\"31\"><span class=\"versanumer\">31<\/span><\/a>\u00deegar \u00feeir h\u00f6f\u00f0u be\u00f0ist fyrir, hr\u00e6r\u00f0ist sta\u00f0urinn, \u00fear sem \u00feeir voru saman komnir, og \u00feeir fylltust allir heil\u00f6gum anda og t\u00f6lu\u00f0u or\u00f0 Gu\u00f0s af dj\u00f6rfung.<a name=\"32\"><span class=\"versanumer\">32<\/span><\/a>En \u00ed \u00feeim fj\u00f6lda, sem tr\u00fa haf\u00f0i teki\u00f0, var eitt hjarta og ein s\u00e1l, og enginn \u00feeirra taldi neitt vera sitt, er hann \u00e1tti, heldur h\u00f6f\u00f0u \u00feeir allt sameiginlegt.<a name=\"33\"><span class=\"versanumer\">33<\/span><\/a>Postularnir b\u00e1ru vitni um upprisu Drottins Jes\u00fa me\u00f0 miklum krafti, og mikil n\u00e1\u00f0 var yfir \u00feeim \u00f6llum.<a name=\"34\"><span class=\"versanumer\">34<\/span><\/a>Eigi var heldur neinn \u00feurfandi me\u00f0al \u00feeirra, \u00fev\u00ed a\u00f0 allir landeigendur og h\u00faseigendur seldu eign s\u00edna, komu me\u00f0 andvir\u00f0i\u00f0<a name=\"35\"><span class=\"versanumer\">35<\/span><\/a>og l\u00f6g\u00f0u fyrir f\u00e6tur postulanna. Og s\u00e9rhverjum var \u00fathluta\u00f0 eftir \u00fev\u00ed sem hann haf\u00f0i \u00fe\u00f6rf til.<a name=\"36\"><span class=\"versanumer\">36<\/span><\/a>J\u00f3sef lev\u00edti, fr\u00e1 K\u00fdpur, sem postularnir k\u00f6llu\u00f0u Barnabas, \u00fea\u00f0 \u00fe\u00fd\u00f0ir huggunar sonur,<a name=\"37\"><span class=\"versanumer\">37<\/span><\/a>\u00e1tti s\u00e1\u00f0land og seldi, kom me\u00f0 ver\u00f0i\u00f0 og lag\u00f0i fyrir f\u00e6tur postulanna.<\/p>\n<div class=\"footnote1981\"><b>4.1<\/b> Prestarnir og var\u00f0foringi helgid\u00f3msins L\u00fak 22.4,52; Post 5.24 \u2013 sadd\u00fakearnir og upprisa dau\u00f0ra L\u00fak 20.27 og hlst. Post 23.8<br \/>\n<b>4.2<\/b> Jes\u00fas og upprisa dau\u00f0ra Post 4.33; 17.18; 26.23<br \/>\n<b>4.4<\/b> S\u00f6fnu\u00f0urinn vex Post 2.41+<br \/>\n<b>4.7<\/b> Me\u00f0 hva\u00f0a krafti? L\u00fak 20.2 og hlst.; sbr Post 3.16+<br \/>\n<b>4.8<\/b> V\u00f6rn P\u00e9turs og m\u00e1lsv\u00f6rn l\u00e6risveinanna Matt 10.19-20; Mrk 13.11; L\u00fak 12.11-12 \u2013 fylltur heil\u00f6gum anda Post 6.3,5; 7.55; 9.17; 11.24; 13.9<br \/>\n<b>4.9<\/b> Bjarga, l\u00e6kna Matt 9.22+ ; L\u00fak 8.36+; Post 14.9<br \/>\n<b>4.10<\/b> \u00cd nafni Jes\u00fa Krists fr\u00e1 Nasaret Post 3.6; sbr 3.16+ &#8211; \u00fei\u00f0 krossfestu\u00f0 Post 2.36; 5.30; 10.39 \u2013 vakti upp fr\u00e1 dau\u00f0um Post 2.24+<br \/>\n<b>4.11<\/b> Steinninn Slm 118.22; L\u00fak 20.17 og hlst.; 1P\u00e9t 2.4,7<br \/>\n<b>4.12<\/b> Jes\u00fas frelsari Matt 1.21; Post 5.31; 13.23 \u2013 hj\u00e1lpr\u00e6\u00f0i Post 2.21; 7.25; 11.14; 13.26,47; 15.1,11; 16.17,30-31<br \/>\n<b>4.13<\/b> Dj\u00f6rfung Post 2.29; 4.29-31; 9.27-28; 14.3; 28.31<br \/>\n<b>4.15<\/b> R\u00e1\u00f0aleysi J\u00f3h 11.47<br \/>\n<b>4.17-18<\/b> Aldrei framar \u00ed \u00feessu nafni Post 5.28; sbr 3.16+<br \/>\n<b>4.19<\/b> Fremur en Gu\u00f0i Post 5.29<br \/>\n<b>4.20<\/b> Sj\u00e1 og heyra Post 1.3,22; 10.39,41<br \/>\n<b>4.21<\/b> Lofa Gu\u00f0 Post 3.8+<br \/>\n<b>4.24<\/b> Gu\u00f0 skapari 2M\u00f3s 20.11; Slm 146.6 \u2013 b\u00e6nir til Gu\u00f0s Post 1.24-25<br \/>\n<b>4.25-26<\/b> Hv\u00ed? Slm 2.1-2<br \/>\n<b>4.27<\/b> \u00dej\u00f3nn \u00feinn Jes\u00fa Post 3.13 \u2013 smyrja Jes 61.1<br \/>\n<b>4.28<\/b> Allt, sem fyrirhuga\u00f0 var Post 2.23<br \/>\n<b>4.29<\/b> Fulla dj\u00f6rfung Post 4.13; Ef 6.19<br \/>\n<b>4.30<\/b> T\u00e1kn og undur Post 2.43+ &#8211; nafn Post 3.16+<br \/>\n<b>4.31<\/b> Fylltust heil\u00f6gum anda Post 2.4+ ; sbr 10.46<br \/>\n<b>4.32<\/b> \u00cd \u00feeim fj\u00f6lda Post 2.44+ &#8211; l\u00edfi\u00f0 \u00ed frums\u00f6fnu\u00f0inum Post 2.42-47 \u2013 allt sameiginlegt Post 2.44; sbr L\u00fak 12.33; 18.22<br \/>\n<b>4.33<\/b> Kraftur Gu\u00f0s Post 3.12 \u2013 bera vitni um upprisu Jes\u00fa Post 4.2 \u2013 mikil n\u00e1\u00f0 Post 6.8; 11.23; 14.26; 15.40<br \/>\n<b>4.34-35<\/b> Eftir \u00fe\u00f6rfum Post 2.45<br \/>\n<b>4.36<\/b> Barnabas Post 9.27; 11.22,30; 12.25; 13.1,7,43; 14.12,20; 15.2,12,22,35-39; 1Kor 9.6; Gal 2.1,9,13; K\u00f3l 4.10<\/div>\n","protected":false},"excerpt":{"rendered":"<p>1Me\u00f0an \u00feeir voru a\u00f0 tala til f\u00f3lksins, komu a\u00f0 \u00feeim prestarnir, var\u00f0foringi helgid\u00f3msins og sadd\u00fakearnir.2\u00deeir voru \u00e6fir af \u00fev\u00ed a\u00f0 postularnir voru a\u00f0 kenna f\u00f3lkinu og bo\u00f0a upprisu dau\u00f0ra \u00ed Jes\u00fa.3L\u00f6g\u00f0u \u00feeir hendur \u00e1 \u00fe\u00e1 og settu \u00fe\u00e1 \u00ed var\u00f0hald til n\u00e6sta morguns, \u00fev\u00ed a\u00f0 kv\u00f6ld var komi\u00f0.4En margir \u00feeirra, er heyrt h\u00f6f\u00f0u or\u00f0i\u00f0, t\u00f3ku tr\u00fa, og tala karlmanna var\u00f0 um fimm \u00fe\u00fasundir.5N\u00e6sta morgun komu h\u00f6f\u00f0ingjarnir, \u00f6ldungarnir og fr\u00e6\u00f0imennirnir saman \u00ed Jer\u00fasalem.6\u00dear voru Annas, \u00e6\u00f0sti prestur, Ka\u00edfas, J\u00f3hannes, Alexander og allir, sem voru af \u00e6\u00f0sta prests \u00e6ttum.7\u00deeir l\u00e9tu lei\u00f0a postulana fram og spur\u00f0u \u00fe\u00e1: Me\u00f0 hva\u00f0a krafti e\u00f0a \u00ed hvers <a href=\"https:\/\/biblian.is\/1981\/postulasagan-4-kafli\/\"> [&#8230;]<\/a><\/p>\n","protected":false},"author":1,"featured_media":0,"parent":0,"menu_order":0,"comment_status":"open","ping_status":"open","template":"bibliukaflar.php","meta":{"footnotes":""},"class_list":["post-2369","page","type-page","status-publish","hentry"],"_links":{"self":[{"href":"https:\/\/biblian.is\/1981\/wp-json\/wp\/v2\/pages\/2369","targetHints":{"allow":["GET"]}}],"collection":[{"href":"https:\/\/biblian.is\/1981\/wp-json\/wp\/v2\/pages"}],"about":[{"href":"https:\/\/biblian.is\/1981\/wp-json\/wp\/v2\/types\/page"}],"author":[{"embeddable":true,"href":"https:\/\/biblian.is\/1981\/wp-json\/wp\/v2\/users\/1"}],"replies":[{"embeddable":true,"href":"https:\/\/biblian.is\/1981\/wp-json\/wp\/v2\/comments?post=2369"}],"version-history":[{"count":0,"href":"https:\/\/biblian.is\/1981\/wp-json\/wp\/v2\/pages\/2369\/revisions"}],"wp:attachment":[{"href":"https:\/\/biblian.is\/1981\/wp-json\/wp\/v2\/media?parent=2369"}],"curies":[{"name":"wp","href":"https:\/\/api.w.org\/{rel}","templated":true}]}}