{"id":2367,"date":"2017-11-18T20:21:31","date_gmt":"2017-11-18T20:21:31","guid":{"rendered":"http:\/\/biblian.is\/1981\/postulasagan-2-kafli\/"},"modified":"2021-06-06T11:04:52","modified_gmt":"2021-06-06T11:04:52","slug":"postulasagan-2-kafli","status":"publish","type":"page","link":"https:\/\/biblian.is\/1981\/postulasagan-2-kafli\/","title":{"rendered":"Postulasagan 2. kafli"},"content":{"rendered":"<p><a name=\"1\"><span class=\"versanumer\">1<\/span><\/a>\u00de\u00e1 er upp var runninn hv\u00edtasunnudagur, voru \u00feeir allir saman komnir.<a name=\"2\"><span class=\"versanumer\">2<\/span><\/a>Var\u00f0 \u00fe\u00e1 skyndilega gn\u00fdr af himni eins og a\u00f0dynjanda sterkvi\u00f0ris og fyllti allt h\u00fasi\u00f0, \u00fear sem \u00feeir voru.<a name=\"3\"><span class=\"versanumer\">3<\/span><\/a>\u00deeim birtust tungur, eins og af eldi v\u00e6ru, er kv\u00edslu\u00f0ust og settust \u00e1 hvern og einn \u00feeirra.<a name=\"4\"><span class=\"versanumer\">4<\/span><\/a>\u00deeir fylltust allir heil\u00f6gum anda og t\u00f3ku a\u00f0 tala \u00f6\u00f0rum tungum, eins og andinn gaf \u00feeim a\u00f0 m\u00e6la.<a name=\"5\"><span class=\"versanumer\">5<\/span><\/a>\u00cd Jer\u00fasalem dv\u00f6ldust Gy\u00f0ingar, gu\u00f0r\u00e6knir menn, fr\u00e1 \u00f6llum l\u00f6ndum undir himninum.<a name=\"6\"><span class=\"versanumer\">6<\/span><\/a>Er \u00feetta hlj\u00f3\u00f0 heyr\u00f0ist, dreif a\u00f0 fj\u00f6lda manns. \u00deeim br\u00e1 mj\u00f6g vi\u00f0, \u00fev\u00ed a\u00f0 hver og einn heyr\u00f0i \u00fe\u00e1 m\u00e6la \u00e1 s\u00edna tungu.<a name=\"7\"><span class=\"versanumer\">7<\/span><\/a>\u00deeir voru fr\u00e1 s\u00e9r af undrun og s\u00f6g\u00f0u: Eru \u00feetta ekki allt Gal\u00edleumenn, sem h\u00e9r eru a\u00f0 tala?<a name=\"8\"><span class=\"versanumer\">8<\/span><\/a>Hvernig m\u00e1 \u00fea\u00f0 vera, a\u00f0 v\u00e9r, hver og einn, heyrum \u00fe\u00e1 tala vort eigi\u00f0 m\u00f3\u00f0urm\u00e1l?<a name=\"9\"><span class=\"versanumer\">9<\/span><\/a>V\u00e9r erum Partar, Medar og Elam\u00edtar, v\u00e9r erum fr\u00e1 Mes\u00f3p\u00f3tam\u00edu, J\u00fadeu, Kappad\u00f3k\u00edu, Pontus og As\u00edu,<a name=\"10\"><span class=\"versanumer\">10<\/span><\/a>fr\u00e1 Fr\u00fdg\u00edu og Pamf\u00fdl\u00edu, Egyptalandi og L\u00edb\u00fdubygg\u00f0um vi\u00f0 K\u00fdrene, og v\u00e9r, sem hinga\u00f0 erum fluttir fr\u00e1 R\u00f3m.<a name=\"11\"><span class=\"versanumer\">11<\/span><\/a>H\u00e9r eru b\u00e6\u00f0i Gy\u00f0ingar og \u00feeir sem teki\u00f0 hafa tr\u00fa Gy\u00f0inga, Kr\u00edteyingar og Arabar. V\u00e9r heyrum \u00fe\u00e1 tala \u00e1 vorum tungum um st\u00f3rmerki Gu\u00f0s.<a name=\"12\"><span class=\"versanumer\">12<\/span><\/a>\u00deeir voru allir fur\u00f0u lostnir og r\u00e1\u00f0alausir og s\u00f6g\u00f0u hver vi\u00f0 annan: Hva\u00f0 getur \u00feetta veri\u00f0?<a name=\"13\"><span class=\"versanumer\">13<\/span><\/a>En a\u00f0rir h\u00f6f\u00f0u a\u00f0 spotti og s\u00f6g\u00f0u: \u00deeir eru drukknir af s\u00e6tu v\u00edni.<a name=\"14\"><span class=\"versanumer\">14<\/span><\/a>\u00de\u00e1 steig P\u00e9tur fram og \u00feeir ellefu, og hann h\u00f3f upp r\u00f6dd s\u00edna og m\u00e6lti til \u00feeirra: Gy\u00f0ingar og allir \u00fe\u00e9r Jer\u00fasalemb\u00faar! \u00deetta skulu\u00f0 \u00fe\u00e9r vita. Lj\u00e1i\u00f0 eyru or\u00f0um m\u00ednum.<a name=\"15\"><span class=\"versanumer\">15<\/span><\/a>Eigi eru \u00feessir menn drukknir, eins og \u00fe\u00e9r \u00e6tli\u00f0, enda a\u00f0eins komin dagm\u00e1l.<a name=\"16\"><span class=\"versanumer\">16<\/span><\/a>H\u00e9r er a\u00f0 r\u00e6tast \u00fea\u00f0, sem sp\u00e1ma\u00f0urinn J\u00f3el segir:<a name=\"17\"><span class=\"versanumer\">17<\/span><\/a>\u00dea\u00f0 mun ver\u00f0a \u00e1 efstu d\u00f6gum, segir Gu\u00f0, a\u00f0 \u00e9g mun \u00fathella anda m\u00ednum yfir alla menn. Synir y\u00f0ar og d\u00e6tur munu sp\u00e1, ungmenni y\u00f0ar munu sj\u00e1 s\u00fdnir og gamalmenni y\u00f0ar mun drauma dreyma.<a name=\"18\"><span class=\"versanumer\">18<\/span><\/a>Jafnvel yfir \u00fer\u00e6la m\u00edna og amb\u00e1ttir m\u00ednar mun \u00e9g \u00e1 \u00feeim d\u00f6gum \u00fathella anda m\u00ednum, og \u00feau munu sp\u00e1.<a name=\"19\"><span class=\"versanumer\">19<\/span><\/a>Og \u00e9g mun l\u00e1ta undur ver\u00f0a \u00e1 himnum uppi og t\u00e1kn \u00e1 j\u00f6r\u00f0u ni\u00f0ri, bl\u00f3\u00f0 og eld og reykjarm\u00f6kk.<a name=\"20\"><span class=\"versanumer\">20<\/span><\/a>S\u00f3lin mun sn\u00faast \u00ed myrkur og tungli\u00f0 \u00ed bl\u00f3\u00f0, \u00e1\u00f0ur dagur Drottins kemur, hinn mikli og d\u00fdrlegi.<a name=\"21\"><span class=\"versanumer\">21<\/span><\/a>En hver s\u00e1, sem \u00e1kallar nafn Drottins, mun frelsast.<a name=\"22\"><span class=\"versanumer\">22<\/span><\/a>\u00cdsraelsmenn, heyri\u00f0 \u00feessi or\u00f0: Jes\u00fas fr\u00e1 Nasaret var ma\u00f0ur, sem Gu\u00f0 sanna\u00f0i y\u00f0ur me\u00f0 kraftaverkum, undrum og t\u00e1knum, er Gu\u00f0 l\u00e9t hann gj\u00f6ra me\u00f0al y\u00f0ar, eins og \u00fe\u00e9r sj\u00e1lfir viti\u00f0.<a name=\"23\"><span class=\"versanumer\">23<\/span><\/a>Hann var framseldur a\u00f0 fyrirhugu\u00f0u r\u00e1\u00f0i Gu\u00f0s og fyrirvitund, og \u00fe\u00e9r l\u00e9tu\u00f0 hei\u00f0na menn negla hann \u00e1 kross og t\u00f3ku\u00f0 hann af l\u00edfi.<a name=\"24\"><span class=\"versanumer\">24<\/span><\/a>En Gu\u00f0 leysti hann \u00far nau\u00f0um dau\u00f0ans og reisti hann upp, enda gat \u00fea\u00f0 aldrei or\u00f0i\u00f0, a\u00f0 dau\u00f0inn fengi haldi\u00f0 honum,<a name=\"25\"><span class=\"versanumer\">25<\/span><\/a>\u00fev\u00ed a\u00f0 Dav\u00ed\u00f0 segir um hann: \u00c1vallt haf\u00f0i \u00e9g Drottin fyrir augum m\u00e9r, \u00fev\u00ed a\u00f0 hann er m\u00e9r til h\u00e6gri hli\u00f0ar, til \u00feess a\u00f0 \u00e9g bifist ekki.<a name=\"26\"><span class=\"versanumer\">26<\/span><\/a>Fyrir \u00fev\u00ed gladdist hjarta mitt, og tunga m\u00edn fagna\u00f0i. Meira a\u00f0 segja mun l\u00edkami minn hv\u00edlast \u00ed von.<a name=\"27\"><span class=\"versanumer\">27<\/span><\/a>\u00dev\u00ed a\u00f0 ekki munt \u00fe\u00fa skilja s\u00e1lu m\u00edna eftir \u00ed helju og eigi l\u00e1ta \u00feinn heilaga ver\u00f0a rotnun a\u00f0 br\u00e1\u00f0.<a name=\"28\"><span class=\"versanumer\">28<\/span><\/a>Kunna gj\u00f6r\u00f0ir \u00fe\u00fa m\u00e9r l\u00edfsins vegu. \u00de\u00fa munt mig f\u00f6gnu\u00f0i fylla fyrir \u00fe\u00ednu augliti.<a name=\"29\"><span class=\"versanumer\">29<\/span><\/a>Br\u00e6\u00f0ur, \u00f3hika\u00f0 get \u00e9g vi\u00f0 y\u00f0ur tala\u00f0 um \u00e6ttf\u00f6\u00f0urinn Dav\u00ed\u00f0. Hann d\u00f3 og var grafinn, og lei\u00f0i hans er til h\u00e9r allt til \u00feessa dags.<a name=\"30\"><span class=\"versanumer\">30<\/span><\/a>En hann var sp\u00e1ma\u00f0ur og vissi, a\u00f0 Gu\u00f0 haf\u00f0i me\u00f0 ei\u00f0i heiti\u00f0 honum a\u00f0 setja \u00ed h\u00e1s\u00e6ti hans einhvern ni\u00f0ja hans.<a name=\"31\"><span class=\"versanumer\">31<\/span><\/a>\u00dev\u00ed s\u00e1 hann fyrir upprisu Krists og sag\u00f0i: Ekki var\u00f0 hann eftir skilinn \u00ed helju, og ekki var\u00f0 l\u00edkami hans rotnun a\u00f0 br\u00e1\u00f0.<a name=\"32\"><span class=\"versanumer\">32<\/span><\/a>\u00deennan Jes\u00fa reisti Gu\u00f0 upp, og erum v\u00e9r allir vottar \u00feess.<a name=\"33\"><span class=\"versanumer\">33<\/span><\/a>N\u00fa er hann upp hafinn til Gu\u00f0s h\u00e6gri handar og hefur af f\u00f6\u00f0urnum teki\u00f0 vi\u00f0 heil\u00f6gum anda, sem fyrirheiti\u00f0 var, og \u00fathellt honum, eins og \u00fe\u00e9r sj\u00e1i\u00f0 og heyri\u00f0.<a name=\"34\"><span class=\"versanumer\">34<\/span><\/a>Ekki steig Dav\u00ed\u00f0 upp til himna, en hann segir: Drottinn sag\u00f0i vi\u00f0 minn drottin: Set \u00feig m\u00e9r til h\u00e6gri handar,<a name=\"35\"><span class=\"versanumer\">35<\/span><\/a>\u00feanga\u00f0 til \u00e9g gj\u00f6ri \u00f3vini \u00fe\u00edna a\u00f0 f\u00f3tsk\u00f6r \u00feinni.<a name=\"36\"><span class=\"versanumer\">36<\/span><\/a>Me\u00f0 \u00f6ruggri vissu viti \u00fe\u00e1 \u00f6ll \u00cdsraels \u00e6tt, a\u00f0 \u00feennan Jes\u00fa, sem \u00fe\u00e9r krossfestu\u00f0, hefur Gu\u00f0 gj\u00f6rt b\u00e6\u00f0i a\u00f0 Drottni og Kristi.<a name=\"37\"><span class=\"versanumer\">37<\/span><\/a>Er \u00feeir heyr\u00f0u \u00feetta, var sem stungi\u00f0 v\u00e6ri \u00ed hj\u00f6rtu \u00feeirra, og \u00feeir s\u00f6g\u00f0u vi\u00f0 P\u00e9tur og hina postulana: Hva\u00f0 eigum v\u00e9r a\u00f0 gj\u00f6ra, br\u00e6\u00f0ur?<a name=\"38\"><span class=\"versanumer\">38<\/span><\/a>&#8222;P\u00e9tur sag\u00f0i vi\u00f0 \u00fe\u00e1: Gj\u00f6ri\u00f0 i\u00f0run og l\u00e1ti\u00f0 sk\u00edrast hver og einn \u00ed nafni Jes\u00fa Krists til fyrirgefningar synda y\u00f0ar; \u00fe\u00e1 munu\u00f0 \u00fe\u00e9r \u00f6\u00f0last a\u00f0 gj\u00f6f heilagan anda.&#8220;<a name=\"39\"><span class=\"versanumer\">39<\/span><\/a>\u00dev\u00ed a\u00f0 y\u00f0ur er \u00e6tla\u00f0 fyrirheiti\u00f0, b\u00f6rnum y\u00f0ar og \u00f6llum \u00feeim, sem \u00ed fjarl\u00e6g\u00f0 eru, \u00f6llum \u00feeim, sem Drottinn Gu\u00f0 vor kallar til s\u00edn.<a name=\"40\"><span class=\"versanumer\">40<\/span><\/a>Og me\u00f0 \u00f6\u00f0rum fleiri or\u00f0um vitna\u00f0i hann, \u00e1minnti \u00fe\u00e1 og sag\u00f0i: L\u00e1ti\u00f0 frelsast fr\u00e1 \u00feessari rangsn\u00fanu kynsl\u00f3\u00f0.<a name=\"41\"><span class=\"versanumer\">41<\/span><\/a>En \u00feeir, sem veittu or\u00f0i hans vi\u00f0t\u00f6ku, voru sk\u00edr\u00f0ir, og \u00feann dag b\u00e6ttust vi\u00f0 um \u00ferj\u00fa \u00fe\u00fasund s\u00e1lir.<a name=\"42\"><span class=\"versanumer\">42<\/span><\/a>\u00deeir r\u00e6ktu tr\u00falega uppfr\u00e6\u00f0slu postulanna og samf\u00e9lagi\u00f0, brotning brau\u00f0sins og b\u00e6nirnar.<a name=\"43\"><span class=\"versanumer\">43<\/span><\/a>\u00d3tta setti a\u00f0 hverjum manni, en m\u00f6rg undur og t\u00e1kn gj\u00f6r\u00f0ust fyrir hendur postulanna.<a name=\"44\"><span class=\"versanumer\">44<\/span><\/a>Allir \u00feeir sem tr\u00fa\u00f0u h\u00e9ldu h\u00f3pinn og h\u00f6f\u00f0u allt sameiginlegt.<a name=\"45\"><span class=\"versanumer\">45<\/span><\/a>\u00deeir seldu eignir s\u00ednar og fj\u00e1rmuni og skiptu me\u00f0al allra eftir \u00fev\u00ed sem hver haf\u00f0i \u00fe\u00f6rf \u00e1.<a name=\"46\"><span class=\"versanumer\">46<\/span><\/a>Daglega komu \u00feeir saman me\u00f0 einum huga \u00ed helgid\u00f3minum, \u00feeir brutu brau\u00f0 \u00ed heimah\u00fasum, neyttu f\u00e6\u00f0u saman \u00ed f\u00f6gnu\u00f0i og einl\u00e6gni hjartans.<a name=\"47\"><span class=\"versanumer\">47<\/span><\/a>\u00deeir lofu\u00f0u Gu\u00f0 og h\u00f6f\u00f0u vins\u00e6ldir af \u00f6llum. En Drottinn b\u00e6tti daglega vi\u00f0 \u00ed h\u00f3pinn \u00feeim, er frelsast l\u00e9tu.<\/p>\n<div class=\"footnote1981\"><b>2.1<\/b> Hv\u00edtasunnudagurinn 3M\u00f3s 23.15-21; 5M\u00f3s 16.9-11<br \/>\n<b>2.3-4<\/b> Eldur, heilagur andi Matt 3.11; L\u00fak 3.16<br \/>\n<b>2.4<\/b> Fylltust heil\u00f6gum anda Post 4.31; 10.44-45; 19.6 \u2013 tala \u00f6\u00f0rum tungum Mrk 16.17; Post 10.46; 19.6; 1Kor 12-14; sbr 4M\u00f3s 11.25-29; 1Sam 10.5-6; 1Kon 22.10; sbr 1M\u00f3s 11.1-9<br \/>\n<b>2.7<\/b> Gal\u00edleumenn Post 1.11<br \/>\n<b>2.11<\/b> Teki\u00f0 tr\u00fa Gy\u00f0inga Post 6.5; sbr 13.43<br \/>\n<b>2.14<\/b> Postulleg boun 1) fyrir Gy\u00f0ingum Post 3.13-26; 4.10-12; 5.30-32; 10.36-43; 13.17-41 2) fyrir hei\u00f0ingjum Post 14.15-17; 17.22-31<br \/>\n<b>2.17-21<\/b> Sbr Jl 3.1-5<br \/>\n<b>2.21<\/b> Hver, sem \u00e1kallar R\u00f3m 10.13<br \/>\n<b>2.22<\/b> Fr\u00e1 Nasaret Matt 2.23+ ; L\u00fak 18.37+ ; Post 10.37 \u2013 sanna\u00f0i me\u00f0 t\u00e1knum J\u00f3h 3.2; sbr Post 14.3; 2Kor 12.12; Heb 2.4<br \/>\n<b>2.23<\/b> Fyrirhuga\u00f0 r\u00e1\u00f0 Gu\u00f0s Post 3.18,21; 4.28; 5.38-39; 20.27; 21.14; 22.14; sbr Post 1.7 \u2013 negla \u00e1 kross L\u00fak 23.33,46 og hlst.; J\u00f3h 19.18,30; Post 3.15; 4.10; 10.39<br \/>\n<b>2.24<\/b> Gu\u00f0 reisti hann upp L\u00fak 24.5-6 og hlst.; Post 2.32; 3.15; 4.10; 17.31 \u2013 \u00far dau\u00f0ans b\u00f6ndum 2Sam 22.6; Slm 18.6; 116.3<br \/>\n<b>2.25-28<\/b> Sbr Slm 16.8-11<br \/>\n<b>2.27<\/b> Ekki skilja eftir Post 13.35<br \/>\n<b>2.29<\/b> Lei\u00f0i Dav\u00ed\u00f0s 1Kon 2.10; Post 13.36<br \/>\n<b>2.30<\/b> Heiti\u00f0 me\u00f0 ei\u00f0i Slm 132.11; sbr 2Sam 7.12-13<br \/>\n<b>2.31<\/b> Eftir skilinn Slm 16.10<br \/>\n<b>2.32<\/b> Vottar Post 1.8+<br \/>\n<b>2.33<\/b> H\u00e6gri hendi Gu\u00f0s Slm 118.16; Post 5.31 \u2013 Jes\u00fas tekur vi\u00f0 og \u00fathellir heil\u00f6gum anda J\u00f3h 14.16-17; 15.26; Post 1.4<br \/>\n<b>2.34-35<\/b> Sbr Slm 110.1; Matt 22.44+<br \/>\n<b>2.36<\/b> Gu\u00f0 ger\u00f0i hann Post 5.30-31 \u2013 a\u00f0 Drottni Post 20.21; R\u00f3m 10.9; 1Kor 12.3; Fil 2.11 \u2013 og Kristi Post 5.42; 9.22; 17.3; 18.5,28; sbr Post 11.17; 28.31<br \/>\n<b>2.37<\/b> Hva\u00f0 eigum vi\u00f0 a\u00f0 gera? L\u00fak 10.25+<br \/>\n<b>2.38<\/b> Taki\u00f0 sinnaskiptum Matt 3.2+ &#8211; i\u00f0run og fyrirgefning syndanna Post 3.19 \u2013 sk\u00edrn \u00ed nafni Jes\u00fa Post 8.16; 10.48; 19.5; sbr 22.16 \u2013 sk\u00edrn og gj\u00f6f heilags anda Post 1.5+<br \/>\n<b>2.39<\/b> \u00cd fjarl\u00e6g\u00f0 Jes 57.19; sbr Post 22.21 \u2013 \u00f6llum \u00feeim &#8230; Jl 3.5; R\u00f3m 10.13<br \/>\n<b>2.40<\/b> \u00deessi rangsn\u00fana kynsl\u00f3\u00f0 Slm 78.8; Matt 12.39+<br \/>\n<b>2.41<\/b> Frums\u00f6fnu\u00f0urinn vex Post 2.47; 4.4; 5.14; 6.1-7; 9.31; 11.21-24; 16.5; 21.20<br \/>\n<b>2.42-47<\/b> L\u00edfi\u00f0 \u00ed frums\u00f6fnu\u00f0inum Post 4.32-35; 5.12-14<br \/>\n<b>2.42<\/b> Brotning brau\u00f0sins Post 2.46; 20.7<br \/>\n<b>2.43<\/b> \u00d3tti Post 5.5,11; 19.17; sbr L\u00fak 1.12+ &#8211; undur og t\u00e1kn Post 2.22; 4.30; 5.12; 6.8; 14.3; 15.12<br \/>\n<b>2.44<\/b> \u00deeir sem tr\u00fa\u00f0u Post 4.32; 18.27; 19.18; 21.20; 1\u00deess 1.7; 2.10 o.fl. \u2013 h\u00e9ldu h\u00f3pinn Post 2.42,46; 4.24,32; 5.12; 15.25 \u2013 allt sameiginlegt Post 4.32; sbr 9.36; 11.29<br \/>\n<b>2.45<\/b> Sem haf\u00f0i \u00fe\u00f6rf \u00e1 Post 4.34-35<br \/>\n<b>2.46<\/b> Daglega \u00ed helgid\u00f3minum L\u00fak 24.53; Post 3.1; 5.12,20-21,42 \u2013 brj\u00f3ta brau\u00f0 Post 2.42+<br \/>\n<b>2.47<\/b> Vins\u00e6ldir af \u00f6llum Post 4.33; 5.13 \u2013 Drottinn b\u00e6tti vi\u00f0 Post 2.41+<\/div>\n","protected":false},"excerpt":{"rendered":"<p>1\u00de\u00e1 er upp var runninn hv\u00edtasunnudagur, voru \u00feeir allir saman komnir.2Var\u00f0 \u00fe\u00e1 skyndilega gn\u00fdr af himni eins og a\u00f0dynjanda sterkvi\u00f0ris og fyllti allt h\u00fasi\u00f0, \u00fear sem \u00feeir voru.3\u00deeim birtust tungur, eins og af eldi v\u00e6ru, er kv\u00edslu\u00f0ust og settust \u00e1 hvern og einn \u00feeirra.4\u00deeir fylltust allir heil\u00f6gum anda og t\u00f3ku a\u00f0 tala \u00f6\u00f0rum tungum, eins og andinn gaf \u00feeim a\u00f0 m\u00e6la.5\u00cd Jer\u00fasalem dv\u00f6ldust Gy\u00f0ingar, gu\u00f0r\u00e6knir menn, fr\u00e1 \u00f6llum l\u00f6ndum undir himninum.6Er \u00feetta hlj\u00f3\u00f0 heyr\u00f0ist, dreif a\u00f0 fj\u00f6lda manns. \u00deeim br\u00e1 mj\u00f6g vi\u00f0, \u00fev\u00ed a\u00f0 hver og einn heyr\u00f0i \u00fe\u00e1 m\u00e6la \u00e1 s\u00edna tungu.7\u00deeir voru fr\u00e1 s\u00e9r af undrun og s\u00f6g\u00f0u: <a href=\"https:\/\/biblian.is\/1981\/postulasagan-2-kafli\/\"> [&#8230;]<\/a><\/p>\n","protected":false},"author":1,"featured_media":0,"parent":0,"menu_order":0,"comment_status":"open","ping_status":"open","template":"bibliukaflar.php","meta":{"footnotes":""},"class_list":["post-2367","page","type-page","status-publish","hentry"],"_links":{"self":[{"href":"https:\/\/biblian.is\/1981\/wp-json\/wp\/v2\/pages\/2367","targetHints":{"allow":["GET"]}}],"collection":[{"href":"https:\/\/biblian.is\/1981\/wp-json\/wp\/v2\/pages"}],"about":[{"href":"https:\/\/biblian.is\/1981\/wp-json\/wp\/v2\/types\/page"}],"author":[{"embeddable":true,"href":"https:\/\/biblian.is\/1981\/wp-json\/wp\/v2\/users\/1"}],"replies":[{"embeddable":true,"href":"https:\/\/biblian.is\/1981\/wp-json\/wp\/v2\/comments?post=2367"}],"version-history":[{"count":0,"href":"https:\/\/biblian.is\/1981\/wp-json\/wp\/v2\/pages\/2367\/revisions"}],"wp:attachment":[{"href":"https:\/\/biblian.is\/1981\/wp-json\/wp\/v2\/media?parent=2367"}],"curies":[{"name":"wp","href":"https:\/\/api.w.org\/{rel}","templated":true}]}}