{"id":2366,"date":"2017-11-18T20:21:31","date_gmt":"2017-11-18T20:21:31","guid":{"rendered":"http:\/\/biblian.is\/1981\/postulasagan-1-kafli\/"},"modified":"2021-06-06T11:04:44","modified_gmt":"2021-06-06T11:04:44","slug":"postulasagan-1-kafli","status":"publish","type":"page","link":"https:\/\/biblian.is\/1981\/postulasagan-1-kafli\/","title":{"rendered":"Postulasagan 1. kafli"},"content":{"rendered":"<p><a name=\"1\"><span class=\"versanumer\">1<\/span><\/a>Fyrri s\u00f6gu m\u00edna, \u00dee\u00f3f\u00edlus, samdi \u00e9g um allt, sem Jes\u00fas gj\u00f6r\u00f0i og kenndi fr\u00e1 upphafi,<a name=\"2\"><span class=\"versanumer\">2<\/span><\/a>allt til \u00feess dags, er hann gaf postulunum, sem hann haf\u00f0i vali\u00f0, fyrirm\u00e6li s\u00edn fyrir heilagan anda og var\u00f0 upp numinn.<a name=\"3\"><span class=\"versanumer\">3<\/span><\/a>\u00deeim birti hann sig lifandi eftir p\u00edsl s\u00edna me\u00f0 m\u00f6rgum \u00f3r\u00e6kum kennimerkjum, l\u00e9t \u00fe\u00e1 sj\u00e1 sig \u00ed fj\u00f6rut\u00edu daga og tala\u00f0i um Gu\u00f0s r\u00edki.<a name=\"4\"><span class=\"versanumer\">4<\/span><\/a>Er hann var me\u00f0 \u00feeim, bau\u00f0 hann \u00feeim a\u00f0 fara ekki burt \u00far Jer\u00fasalem, heldur b\u00ed\u00f0a eftir fyrirheiti f\u00f6\u00f0urins, sem \u00fe\u00e9r, sag\u00f0i hann, hafi\u00f0 heyrt mig tala um.<a name=\"5\"><span class=\"versanumer\">5<\/span><\/a>\u00dev\u00ed a\u00f0 J\u00f3hannes sk\u00edr\u00f0i me\u00f0 vatni, en \u00fe\u00e9r skulu\u00f0 sk\u00edr\u00f0ir ver\u00f0a me\u00f0 heil\u00f6gum anda, n\u00fa innan f\u00e1rra daga.<a name=\"6\"><span class=\"versanumer\">6<\/span><\/a>Me\u00f0an \u00feeir voru saman, spur\u00f0u \u00feeir hann: Herra, \u00e6tlar \u00fe\u00fa \u00e1 \u00feessum t\u00edma a\u00f0 endurreisa r\u00edki\u00f0 handa \u00cdsrael?<a name=\"7\"><span class=\"versanumer\">7<\/span><\/a>Hann svara\u00f0i: Ekki er \u00fea\u00f0 y\u00f0ar a\u00f0 vita t\u00edma e\u00f0a t\u00ed\u00f0ir, sem fa\u00f0irinn setti af sj\u00e1lfs s\u00edn valdi.<a name=\"8\"><span class=\"versanumer\">8<\/span><\/a>En \u00fe\u00e9r munu\u00f0 \u00f6\u00f0last kraft, er heilagur andi kemur yfir y\u00f0ur, og \u00fe\u00e9r munu\u00f0 ver\u00f0a vottar m\u00ednir \u00ed Jer\u00fasalem og allri J\u00fadeu, \u00ed Samar\u00edu og allt til endimarka jar\u00f0arinnar.<a name=\"9\"><span class=\"versanumer\">9<\/span><\/a>\u00deegar hann haf\u00f0i \u00feetta m\u00e6lt, var\u00f0 hann upp numinn a\u00f0 \u00feeim \u00e1sj\u00e1andi, og sk\u00fd huldi hann sj\u00f3num \u00feeirra.<a name=\"10\"><span class=\"versanumer\">10<\/span><\/a>Er \u00feeir st\u00f6r\u00f0u til himins \u00e1 eftir honum, \u00feegar hann hvarf, \u00fe\u00e1 st\u00f3\u00f0u hj\u00e1 \u00feeim allt \u00ed einu tveir menn \u00ed hv\u00edtum kl\u00e6\u00f0um<a name=\"11\"><span class=\"versanumer\">11<\/span><\/a>og s\u00f6g\u00f0u: Gal\u00edleumenn, hv\u00ed standi\u00f0 \u00fe\u00e9r og horfi\u00f0 til himins? \u00deessi Jes\u00fas, sem var\u00f0 upp numinn fr\u00e1 y\u00f0ur til himins, mun koma \u00e1 sama h\u00e1tt og \u00fe\u00e9r s\u00e1u\u00f0 hann fara til himins.<a name=\"12\"><span class=\"versanumer\">12<\/span><\/a>\u00de\u00e1 sneru \u00feeir aftur til Jer\u00fasalem fr\u00e1 Ol\u00edufjallinu, sem svo er nefnt og er \u00ed n\u00e1nd vi\u00f0 Jer\u00fasalem, hv\u00edldardagslei\u00f0 \u00fea\u00f0an.<a name=\"13\"><span class=\"versanumer\">13<\/span><\/a>Er \u00feeir komu \u00feanga\u00f0, f\u00f3ru \u00feeir upp \u00ed loftstofuna, \u00fear sem \u00feeir dv\u00f6ldust: P\u00e9tur og J\u00f3hannes, Jakob og Andr\u00e9s, Filippus, T\u00f3mas, Bart\u00f3l\u00f3meus, Matteus, Jakob Alfeusson, S\u00edmon vandl\u00e6tari og J\u00fadas Jakobsson.<a name=\"14\"><span class=\"versanumer\">14<\/span><\/a>Allir \u00feessir voru me\u00f0 einum huga st\u00f6\u00f0ugir \u00ed b\u00e6ninni \u00e1samt konunum. Mar\u00eda, m\u00f3\u00f0ir Jes\u00fa, var l\u00edka me\u00f0 \u00feeim og br\u00e6\u00f0ur hans.<a name=\"15\"><span class=\"versanumer\">15<\/span><\/a>\u00c1 \u00feessum d\u00f6gum st\u00f3\u00f0 P\u00e9tur upp me\u00f0al br\u00e6\u00f0ranna. \u00dear var saman kominn flokkur manna, um eitt hundra\u00f0 og tuttugu a\u00f0 t\u00f6lu. Hann m\u00e6lti:<a name=\"16\"><span class=\"versanumer\">16<\/span><\/a>Br\u00e6\u00f0ur, r\u00e6tast hlaut ritning s\u00fa, er heilagur andi sag\u00f0i fyrir munn Dav\u00ed\u00f0s um J\u00fadas, sem v\u00edsa\u00f0i lei\u00f0 \u00feeim, er t\u00f3ku Jes\u00fa h\u00f6ndum.<a name=\"17\"><span class=\"versanumer\">17<\/span><\/a>Hann var \u00ed vorum h\u00f3pi, og honum var falin sama \u00fej\u00f3nusta.<a name=\"18\"><span class=\"versanumer\">18<\/span><\/a>Hann keypti reit fyrir laun \u00f3d\u00e6\u00f0is s\u00edns, steyptist \u00e1 h\u00f6fu\u00f0i\u00f0 og brast sundur \u00ed mi\u00f0ju, svo a\u00f0 i\u00f0rin \u00f6ll f\u00e9llu \u00fat.<a name=\"19\"><span class=\"versanumer\">19<\/span><\/a>\u00deetta var\u00f0 kunnugt \u00f6llum Jer\u00fasalemb\u00faum, og er reitur s\u00e1 kalla\u00f0ur \u00e1 tungu \u00feeirra Akeldamak, \u00fea\u00f0 er Bl\u00f3\u00f0reitur.<a name=\"20\"><span class=\"versanumer\">20<\/span><\/a>Rita\u00f0 er \u00ed S\u00e1lmunum: B\u00fasta\u00f0ur hans skal \u00ed ey\u00f0i ver\u00f0a, enginn skal \u00ed honum b\u00faa,og: Annar taki emb\u00e6tti hans.<a name=\"21\"><span class=\"versanumer\">21<\/span><\/a>Einhver \u00feeirra manna, sem me\u00f0 oss voru alla t\u00ed\u00f0, me\u00f0an Drottinn Jes\u00fas gekk inn og \u00fat vor \u00e1 me\u00f0al,<a name=\"22\"><span class=\"versanumer\">22<\/span><\/a>allt fr\u00e1 sk\u00edrn J\u00f3hannesar til \u00feess dags, er hann var\u00f0 upp numinn fr\u00e1 oss, ver\u00f0ur n\u00fa a\u00f0 gj\u00f6rast vottur upprisu hans \u00e1samt oss.<a name=\"23\"><span class=\"versanumer\">23<\/span><\/a>Og \u00feeir t\u00f3ku tvo til, J\u00f3sef, kalla\u00f0an Barsabbas, \u00f6\u00f0ru nafni J\u00fastus, og Matt\u00edas,<a name=\"24\"><span class=\"versanumer\">24<\/span><\/a>b\u00e1\u00f0ust fyrir og s\u00f6g\u00f0u: Drottinn, \u00fe\u00fa sem \u00feekkir hj\u00f6rtu allra. S\u00fdn \u00fe\u00fa, hvorn \u00feessara \u00fe\u00fa hefur vali\u00f0<a name=\"25\"><span class=\"versanumer\">25<\/span><\/a>til a\u00f0 taka \u00feessa \u00fej\u00f3nustu og postulad\u00f3m, sem J\u00fadas v\u00e9k fr\u00e1 til a\u00f0 fara til s\u00edns eigin sta\u00f0ar.<a name=\"26\"><span class=\"versanumer\">26<\/span><\/a>\u00deeir hlutu\u00f0u um \u00fe\u00e1, og kom upp hlutur Matt\u00edasar. Var hann tekinn \u00ed t\u00f6lu postulanna me\u00f0 \u00feeim ellefu.<\/p>\n<div class=\"footnote1981\"><b>1.1<\/b> Fr\u00e1 upphafi L\u00fak 3.23; Post 10.37<br \/>\n<b>1.2<\/b> Fyrirm\u00e6li &#8230; Jes\u00fas upp numinn Mrk 16.19; L\u00fak 24.49-51<br \/>\n<b>1.3<\/b> Birtist og s\u00fdndi a\u00f0 hann lif\u00f0i L\u00fak 24.36-42; J\u00f3h 20.19-20,26-27 \u2013 fj\u00f6rut\u00edu dagar 2M\u00f3s 24.18; 4M\u00f3s 13.25; 5M\u00f3s 9.18; 1Kon 19.8; J\u00f3h 3.4; L\u00fak 4.2 og hlst. \u2013 hinn upprisni kennir Matt 28.18-20; L\u00fak 24.46-49; J\u00f3h 20.21-23 \u2013 um Gu\u00f0s r\u00edki L\u00fak 4.43; 8.11; 9.2,11,60; 16.16; Post 8.12; 14.22; 19.8; 20.25; 28.23,31<br \/>\n<b>1.4<\/b> Fyrirheit f\u00f6\u00f0urins L\u00fak 24.49 \u2013 Jes\u00fas bo\u00f0ar J\u00f3h 14.16-17; 15.26; Post 2.33<br \/>\n<b>1.5<\/b> Sk\u00edrn me\u00f0 vatni, sk\u00edrn me\u00f0 heil\u00f6gum anda L\u00fak 3.16 og hlst.; J\u00f3h 1.33; Post 2.38+ ; 8.15-17; 9.17-18; 10.44-48; 19.5-6<br \/>\n<b>1.6<\/b> Endurreisn \u00cdsraels Am 9.11-12; S\u00edr 36.1-17; Mrk 9.12; L\u00fak 19.11; 24.21<br \/>\n<b>1.7<\/b> Ekki y\u00f0ar a\u00f0 vita Mrk 13.32 \u2013 t\u00edma e\u00f0a t\u00ed\u00f0ir Post 3.20-21; 7.17; 17.26,30<br \/>\n<b>1.8<\/b> Kraftur heilags anda Ef 3.16 \u2013 sbr Post 4.8,31; 6.10; 8.29,40; 10.19,44-47; 16.6-7; 19.6; 20.22-23 \u2013 vottar L\u00fak 24.48; J\u00f3h 15.27; Post 1.22; 2.32; 3.15; 4.33; 5.32; 8.25; 10.39-40; 13.31; 18.5; 20.24; 22.15,18,20; 23.11; 26.16,22; 28.23<br \/>\n<b>1.9<\/b> Upp numinn Mrk 16.19; J\u00f3h 6.62 \u2013 sk\u00fd 2M\u00f3s 13.21-22; Dan 7.13; Matt 17.5+ ; 24.30+ og hlst.; Mrk 14.62<br \/>\n<b>1.10<\/b> Tveir menn L\u00fak 24.4<br \/>\n<b>1.11<\/b> Kemur \u00e1 sama h\u00e1tt Matt 24.30+ ; L\u00fak 21.27; Post 1.7<br \/>\n<b>1.12<\/b> Fr\u00e1 Ol\u00edufjallinu til Jer\u00fasalem L\u00fak 24.50,52; sbr Mrk 11.1+<br \/>\n<b>1.13<\/b> Hinir ellefu Matt 10.2+<br \/>\n<b>1.14<\/b> Br\u00e6\u00f0ur Drottins Matt 12.46+ ; 1Kor 9.5<br \/>\n<b>1.15<\/b> L\u00e6risveinarnir Post 11.1; 12.17; 14.2; 21.17-18<br \/>\n<b>1.16<\/b> R\u00e6tast hlaut ritningin Slm 41.9<br \/>\n<b>1.18<\/b> Dau\u00f0i J\u00fadasar Matt 27.3-8<br \/>\n<b>1.20<\/b> B\u00fasta\u00f0ur hans Slm 69.26 \u2013 annar taki &#8230; Slm 109.8<br \/>\n<b>1.21<\/b> Me\u00f0 okkur voru L\u00fak 1.2; J\u00f3h 15.27<br \/>\n<b>1.22<\/b> Allt fr\u00e1 sk\u00edrn (Jes\u00fa) L\u00fak 3.21 og hlst. \u2013 var\u00f0 upp numinn Mrk 16.19; Post 1.9 \u2013 vottur Post 1.8+<\/div>\n","protected":false},"excerpt":{"rendered":"<p>1Fyrri s\u00f6gu m\u00edna, \u00dee\u00f3f\u00edlus, samdi \u00e9g um allt, sem Jes\u00fas gj\u00f6r\u00f0i og kenndi fr\u00e1 upphafi,2allt til \u00feess dags, er hann gaf postulunum, sem hann haf\u00f0i vali\u00f0, fyrirm\u00e6li s\u00edn fyrir heilagan anda og var\u00f0 upp numinn.3\u00deeim birti hann sig lifandi eftir p\u00edsl s\u00edna me\u00f0 m\u00f6rgum \u00f3r\u00e6kum kennimerkjum, l\u00e9t \u00fe\u00e1 sj\u00e1 sig \u00ed fj\u00f6rut\u00edu daga og tala\u00f0i um Gu\u00f0s r\u00edki.4Er hann var me\u00f0 \u00feeim, bau\u00f0 hann \u00feeim a\u00f0 fara ekki burt \u00far Jer\u00fasalem, heldur b\u00ed\u00f0a eftir fyrirheiti f\u00f6\u00f0urins, sem \u00fe\u00e9r, sag\u00f0i hann, hafi\u00f0 heyrt mig tala um.5\u00dev\u00ed a\u00f0 J\u00f3hannes sk\u00edr\u00f0i me\u00f0 vatni, en \u00fe\u00e9r skulu\u00f0 sk\u00edr\u00f0ir ver\u00f0a me\u00f0 heil\u00f6gum anda, n\u00fa innan <a href=\"https:\/\/biblian.is\/1981\/postulasagan-1-kafli\/\"> [&#8230;]<\/a><\/p>\n","protected":false},"author":1,"featured_media":0,"parent":0,"menu_order":0,"comment_status":"open","ping_status":"open","template":"bibliukaflar.php","meta":{"footnotes":""},"class_list":["post-2366","page","type-page","status-publish","hentry"],"_links":{"self":[{"href":"https:\/\/biblian.is\/1981\/wp-json\/wp\/v2\/pages\/2366","targetHints":{"allow":["GET"]}}],"collection":[{"href":"https:\/\/biblian.is\/1981\/wp-json\/wp\/v2\/pages"}],"about":[{"href":"https:\/\/biblian.is\/1981\/wp-json\/wp\/v2\/types\/page"}],"author":[{"embeddable":true,"href":"https:\/\/biblian.is\/1981\/wp-json\/wp\/v2\/users\/1"}],"replies":[{"embeddable":true,"href":"https:\/\/biblian.is\/1981\/wp-json\/wp\/v2\/comments?post=2366"}],"version-history":[{"count":0,"href":"https:\/\/biblian.is\/1981\/wp-json\/wp\/v2\/pages\/2366\/revisions"}],"wp:attachment":[{"href":"https:\/\/biblian.is\/1981\/wp-json\/wp\/v2\/media?parent=2366"}],"curies":[{"name":"wp","href":"https:\/\/api.w.org\/{rel}","templated":true}]}}