{"id":2362,"date":"2017-11-18T20:21:31","date_gmt":"2017-11-18T20:21:31","guid":{"rendered":"http:\/\/biblian.is\/1981\/johannesargudspjall-18-kafli\/"},"modified":"2017-11-18T20:21:31","modified_gmt":"2017-11-18T20:21:31","slug":"johannesargudspjall-18-kafli","status":"publish","type":"page","link":"https:\/\/biblian.is\/1981\/johannesargudspjall-18-kafli\/","title":{"rendered":"J\u00f3hannesargu\u00f0spjall 18. kafli"},"content":{"rendered":"<p><a name=\"1\"><span class=\"versanumer\">1<\/span><\/a>\u00deegar Jes\u00fas haf\u00f0i \u00feetta m\u00e6lt, f\u00f3r hann \u00fat me\u00f0 l\u00e6risveinum s\u00ednum og yfir um l\u00e6kinn Kedron. \u00dear var grasgar\u00f0ur, sem Jes\u00fas gekk inn \u00ed og l\u00e6risveinar hans.<a name=\"2\"><span class=\"versanumer\">2<\/span><\/a>J\u00fadas, sem sveik hann, \u00feekkti l\u00edka \u00feennan sta\u00f0, \u00fev\u00ed Jes\u00fas og l\u00e6risveinar hans h\u00f6f\u00f0u oft komi\u00f0 \u00fear saman.<a name=\"3\"><span class=\"versanumer\">3<\/span><\/a>J\u00fadas t\u00f3k me\u00f0 s\u00e9r flokk hermanna og ver\u00f0i fr\u00e1 \u00e6\u00f0stu prestum og far\u00edseum. \u00deeir koma \u00fear me\u00f0 blysum, l\u00f6mpum og vopnum.<a name=\"4\"><span class=\"versanumer\">4<\/span><\/a>Jes\u00fas vissi allt, sem yfir hann mundi koma, gekk fram og sag\u00f0i vi\u00f0 \u00fe\u00e1: A\u00f0 hverjum leiti\u00f0 \u00fe\u00e9r?<a name=\"5\"><span class=\"versanumer\">5<\/span><\/a>\u00deeir sv\u00f6ru\u00f0u honum: A\u00f0 Jes\u00fa fr\u00e1 Nasaret. Hann segir vi\u00f0 \u00fe\u00e1: \u00c9g er hann. En J\u00fadas, sem sveik hann, st\u00f3\u00f0 l\u00edka hj\u00e1 \u00feeim.<a name=\"6\"><span class=\"versanumer\">6<\/span><\/a>\u00deegar Jes\u00fas sag\u00f0i vi\u00f0 \u00fe\u00e1: \u00c9g er hann, hopu\u00f0u \u00feeir \u00e1 h\u00e6l og f\u00e9llu til jar\u00f0ar.<a name=\"7\"><span class=\"versanumer\">7<\/span><\/a>\u00de\u00e1 spur\u00f0i hann \u00fe\u00e1 aftur: A\u00f0 hverjum leiti\u00f0 \u00fe\u00e9r? \u00deeir sv\u00f6ru\u00f0u: A\u00f0 Jes\u00fa fr\u00e1 Nasaret.<a name=\"8\"><span class=\"versanumer\">8<\/span><\/a>Jes\u00fas m\u00e6lti: \u00c9g sag\u00f0i y\u00f0ur, a\u00f0 \u00e9g v\u00e6ri hann. Ef \u00fe\u00e9r leiti\u00f0 m\u00edn, \u00fe\u00e1 lofi\u00f0 \u00feessum a\u00f0 fara.<a name=\"9\"><span class=\"versanumer\">9<\/span><\/a>\u00deannig r\u00e6ttist or\u00f0 hans, er hann haf\u00f0i m\u00e6lt: Engum glata\u00f0i \u00e9g af \u00feeim, sem \u00fe\u00fa gafst m\u00e9r.<a name=\"10\"><span class=\"versanumer\">10<\/span><\/a>S\u00edmon P\u00e9tur haf\u00f0i sver\u00f0, br\u00e1 \u00fev\u00ed og hj\u00f3 til \u00fej\u00f3ns \u00e6\u00f0sta prestsins og snei\u00f0 af honum h\u00e6gra eyra\u00f0. \u00dej\u00f3nninn h\u00e9t Malkus.<a name=\"11\"><span class=\"versanumer\">11<\/span><\/a>\u00de\u00e1 sag\u00f0i Jes\u00fas vi\u00f0 P\u00e9tur: Sting sver\u00f0inu \u00ed sl\u00ed\u00f0rin. \u00c1 \u00e9g ekki a\u00f0 drekka kaleikinn, sem fa\u00f0irinn hefur fengi\u00f0 m\u00e9r?<a name=\"12\"><span class=\"versanumer\">12<\/span><\/a>Hermennirnir, foringinn og var\u00f0menn Gy\u00f0inga t\u00f3ku n\u00fa Jes\u00fa h\u00f6ndum og bundu hann<a name=\"13\"><span class=\"versanumer\">13<\/span><\/a>og f\u00e6r\u00f0u hann fyrst til Annasar. Hann var tengdafa\u00f0ir Ka\u00edfasar, sem var \u00e6\u00f0sti prestur \u00fea\u00f0 \u00e1r.<a name=\"14\"><span class=\"versanumer\">14<\/span><\/a>En Ka\u00edfas var s\u00e1 sem gefi\u00f0 haf\u00f0i Gy\u00f0ingum \u00fea\u00f0 r\u00e1\u00f0, a\u00f0 betra v\u00e6ri, a\u00f0 einn ma\u00f0ur d\u00e6i fyrir l\u00fd\u00f0inn.<a name=\"15\"><span class=\"versanumer\">15<\/span><\/a>S\u00edmon P\u00e9tur fylgdi Jes\u00fa og annar l\u00e6risveinn. S\u00e1 l\u00e6risveinn var kunnugur \u00e6\u00f0sta prestinum og f\u00f3r me\u00f0 Jes\u00fa inn \u00ed hallargar\u00f0 \u00e6\u00f0sta prestsins.<a name=\"16\"><span class=\"versanumer\">16<\/span><\/a>En P\u00e9tur st\u00f3\u00f0 utan dyra. Hinn l\u00e6risveinninn, sem var kunnugur \u00e6\u00f0sta prestinum, kom \u00fat aftur, tala\u00f0i vi\u00f0 \u00feernuna, sem dyra g\u00e6tti, og f\u00f3r inn me\u00f0 P\u00e9tur.<a name=\"17\"><span class=\"versanumer\">17<\/span><\/a>\u00deernan vi\u00f0 dyrnar sag\u00f0i \u00fe\u00e1 vi\u00f0 P\u00e9tur: Ert \u00fe\u00fa ekki l\u00edka einn af l\u00e6risveinum \u00feessa manns? Hann sag\u00f0i: Ekki er \u00e9g \u00fea\u00f0.<a name=\"18\"><span class=\"versanumer\">18<\/span><\/a>\u00dej\u00f3narnir og var\u00f0mennirnir h\u00f6f\u00f0u kveikt kolaeld, \u00fev\u00ed kalt var, og st\u00f3\u00f0u vi\u00f0 hann og vermdu sig. P\u00e9tur st\u00f3\u00f0 hj\u00e1 \u00feeim og orna\u00f0i s\u00e9r.<a name=\"19\"><span class=\"versanumer\">19<\/span><\/a>N\u00fa spur\u00f0i \u00e6\u00f0sti presturinn Jes\u00fa um l\u00e6risveina hans og kenningu hans.<a name=\"20\"><span class=\"versanumer\">20<\/span><\/a>Jes\u00fas svara\u00f0i honum: \u00c9g hef tala\u00f0 opinsk\u00e1tt \u00ed \u00e1heyrn heimsins. \u00c9g hef \u00e6t\u00ed\u00f0 kennt \u00ed samkundunni og \u00ed helgid\u00f3minum, \u00fear sem allir Gy\u00f0ingar safnast saman, en \u00ed leynum hef \u00e9g ekkert tala\u00f0.<a name=\"21\"><span class=\"versanumer\">21<\/span><\/a>Hv\u00ed spyr \u00fe\u00fa mig? Spyr\u00f0u \u00fe\u00e1, sem heyrt hafa, hva\u00f0 \u00e9g hef vi\u00f0 \u00fe\u00e1 tala\u00f0. \u00deeir vita hva\u00f0 \u00e9g hef sagt.<a name=\"22\"><span class=\"versanumer\">22<\/span><\/a>\u00deegar Jes\u00fas sag\u00f0i \u00feetta, rak einn var\u00f0ma\u00f0ur, sem \u00fear st\u00f3\u00f0, honum l\u00f6\u00f0rung og sag\u00f0i: Svarar \u00fe\u00fa \u00e6\u00f0sta prestinum svona?<a name=\"23\"><span class=\"versanumer\">23<\/span><\/a>Jes\u00fas svara\u00f0i honum: Hafi \u00e9g illa m\u00e6lt, \u00fe\u00e1 sanna \u00fe\u00fa, a\u00f0 svo hafi veri\u00f0, en hafi \u00e9g r\u00e9tt a\u00f0 m\u00e6la, hv\u00ed sl\u00e6r \u00fe\u00fa mig?<a name=\"24\"><span class=\"versanumer\">24<\/span><\/a>\u00de\u00e1 sendi Annas hann bundinn til Ka\u00edfasar \u00e6\u00f0sta prests.<a name=\"25\"><span class=\"versanumer\">25<\/span><\/a>En S\u00edmon P\u00e9tur st\u00f3\u00f0 og vermdi sig. Hann var \u00fe\u00e1 spur\u00f0ur: Ert \u00fe\u00fa ekki l\u00edka einn af l\u00e6risveinum hans? Hann neita\u00f0i \u00fev\u00ed og sag\u00f0i: Ekki er \u00e9g \u00fea\u00f0.<a name=\"26\"><span class=\"versanumer\">26<\/span><\/a>\u00de\u00e1 sag\u00f0i einn af \u00fej\u00f3num \u00e6\u00f0sta prestsins, fr\u00e6ndi \u00feess, sem P\u00e9tur snei\u00f0 af eyra\u00f0: S\u00e1 \u00e9g \u00feig ekki \u00ed grasgar\u00f0inum me\u00f0 honum?<a name=\"27\"><span class=\"versanumer\">27<\/span><\/a>Aftur neita\u00f0i P\u00e9tur, og um lei\u00f0 g\u00f3l hani.<a name=\"28\"><span class=\"versanumer\">28<\/span><\/a>N\u00fa var Jes\u00fas fluttur fr\u00e1 Ka\u00edfasi til hallar landsh\u00f6f\u00f0ingjans. \u00dea\u00f0 var snemma morguns. Gy\u00f0ingar f\u00f3ru ekki sj\u00e1lfir inn \u00ed h\u00f6llina, svo a\u00f0 \u00feeir saurgu\u00f0ust ekki, heldur m\u00e6ttu neyta p\u00e1skam\u00e1lt\u00ed\u00f0ar.<a name=\"29\"><span class=\"versanumer\">29<\/span><\/a>P\u00edlatus kom \u00fat til \u00feeirra og sag\u00f0i: Hva\u00f0a \u00e1k\u00e6ru beri\u00f0 \u00fe\u00e9r fram gegn \u00feessum manni?<a name=\"30\"><span class=\"versanumer\">30<\/span><\/a>\u00deeir sv\u00f6ru\u00f0u: Ef \u00feetta v\u00e6ri ekki illvirki, hef\u00f0um v\u00e9r ekki selt hann \u00fe\u00e9r \u00ed hendur.<a name=\"31\"><span class=\"versanumer\">31<\/span><\/a>P\u00edlatus segir vi\u00f0 \u00fe\u00e1: Taki\u00f0 \u00fe\u00e9r hann, og d\u00e6mi\u00f0 hann eftir y\u00f0ar l\u00f6gum. Gy\u00f0ingar sv\u00f6ru\u00f0u: Oss leyfist ekki a\u00f0 taka neinn af l\u00edfi.<a name=\"32\"><span class=\"versanumer\">32<\/span><\/a>\u00deannig r\u00e6ttist or\u00f0 Jes\u00fa, \u00feegar hann gaf til kynna, me\u00f0 hva\u00f0a h\u00e6tti hann \u00e1tti a\u00f0 deyja.<a name=\"33\"><span class=\"versanumer\">33<\/span><\/a>P\u00edlatus gekk \u00fe\u00e1 aftur inn \u00ed h\u00f6llina, kalla\u00f0i Jes\u00fa fyrir sig og sag\u00f0i vi\u00f0 hann: Ert \u00fe\u00fa konungur Gy\u00f0inga?<a name=\"34\"><span class=\"versanumer\">34<\/span><\/a>Jes\u00fas svara\u00f0i: M\u00e6lir \u00fe\u00fa \u00feetta af sj\u00e1lfum \u00fe\u00e9r, e\u00f0a hafa a\u00f0rir sagt \u00fe\u00e9r fr\u00e1 m\u00e9r?<a name=\"35\"><span class=\"versanumer\">35<\/span><\/a>P\u00edlatus svara\u00f0i: Er \u00e9g \u00fe\u00e1 Gy\u00f0ingur? \u00dej\u00f3\u00f0 \u00fe\u00edn og \u00e6\u00f0stu prestarnir hafa selt \u00feig m\u00e9r \u00ed hendur. Hva\u00f0 hefur \u00fe\u00fa gj\u00f6rt?<a name=\"36\"><span class=\"versanumer\">36<\/span><\/a>Jes\u00fas svara\u00f0i: Mitt r\u00edki er ekki af \u00feessum heimi. V\u00e6ri mitt r\u00edki af \u00feessum heimi, hef\u00f0u \u00fej\u00f3nar m\u00ednir barist, svo \u00e9g yr\u00f0i ekki framseldur Gy\u00f0ingum. En n\u00fa er r\u00edki mitt ekki \u00fea\u00f0an.<a name=\"37\"><span class=\"versanumer\">37<\/span><\/a>\u00de\u00e1 segir P\u00edlatus vi\u00f0 hann: \u00de\u00fa ert \u00fe\u00e1 konungur? Jes\u00fas svara\u00f0i: R\u00e9tt segir \u00fe\u00fa. \u00c9g er konungur. Til \u00feess er \u00e9g f\u00e6ddur og til \u00feess er \u00e9g kominn \u00ed heiminn, a\u00f0 \u00e9g beri sannleikanum vitni. Hver sem er af sannleikanum, heyrir m\u00edna r\u00f6dd.<a name=\"38\"><span class=\"versanumer\">38<\/span><\/a>P\u00edlatus segir vi\u00f0 hann: Hva\u00f0 er sannleikur? A\u00f0 svo m\u00e6ltu gekk hann aftur \u00fat til Gy\u00f0inga og sag\u00f0i vi\u00f0 \u00fe\u00e1: \u00c9g finn enga s\u00f6k hj\u00e1 honum.<a name=\"39\"><span class=\"versanumer\">39<\/span><\/a>\u00de\u00e9r eru\u00f0 vanir \u00fev\u00ed, a\u00f0 \u00e9g gefi y\u00f0ur einn mann lausan \u00e1 p\u00e1skunum. Vilji\u00f0 \u00fe\u00e9r n\u00fa, a\u00f0 \u00e9g gefi y\u00f0ur lausan konung Gy\u00f0inga?<a name=\"40\"><span class=\"versanumer\">40<\/span><\/a>\u00deeir hr\u00f3pu\u00f0u \u00e1 m\u00f3ti: Ekki hann, heldur Barabbas. En Barabbas var r\u00e6ningi.<\/p>\n<div class=\"footnote1981\"><b>18.1<\/b> Yfir um Kedron Matt 26.36; Mrk 14.32<br \/>\n<b>18.2<\/b> Kom \u00fear oft L\u00fak 21.37; 22.39<br \/>\n<b>18.3<\/b> Ver\u00f0ir J\u00f3h 7.32,45<br \/>\n<b>18.4<\/b> Jes\u00fas vissi &#8230; J\u00f3h 13.1,3<br \/>\n<b>18.5<\/b> \u00c9g er hann sbr J\u00f3h 8.24+<br \/>\n<b>18.9<\/b> Engum glata\u00f0i \u00e9g &#8230; J\u00f3h 6.39; 17.12; sbr 10.28<br \/>\n<b>18.10<\/b> Sver\u00f0 L\u00fak 22.36,38<br \/>\n<b>18.11<\/b> Kaleikur Mrk 10.38+ og hlst.; 14.36 og hlst.<br \/>\n<b>18.13<\/b> Ka\u00edfas L\u00fak 3.2+<br \/>\n<b>18.14<\/b> R\u00e1\u00f0 Ka\u00edfasar J\u00f3h 11.49-51<br \/>\n<b>18.15<\/b> P\u00e9tur og annar l\u00e6risveinn J\u00f3h 20.3<br \/>\n<b>18.16<\/b> \u00cd gar\u00f0 \u00e6\u00f0sta prestsins Mrk 14.54 og hlst.<br \/>\n<b>18.17<\/b> P\u00e9tur neitar J\u00f3h 18.25<br \/>\n<b>18.20<\/b> \u00cd \u00e1heyrn allra J\u00f3h 7.26 \u2013 \u00ed samkundunni og musterinu Matt 4.23; 26.55; J\u00f3h 6.59; 7.14<br \/>\n<b>18.22<\/b> L\u00f6\u00f0rungur Matt 26.67; Mrk 14.65; J\u00f3h 19.3; sbr Post 23.2<br \/>\n<b>18.24<\/b> Annas L\u00fak 3.2; J\u00f3h 18.13<br \/>\n<b>18.25<\/b> P\u00e9tur neitar enn J\u00f3h 18.17<br \/>\n<b>18.26<\/b> Snei\u00f0 af eyra\u00f0 Mrk 14.47 og hlst.; J\u00f3h 18.10 \u2013 me\u00f0 honum \u00ed gar\u00f0inum J\u00f3h 18.1<br \/>\n<b>18.27<\/b> Hani g\u00f3l Mrk 14.30 og hlst.; J\u00f3h 13.38<br \/>\n<b>18.29<\/b> P\u00edlatus Matt 27.2 o.fl.; Mrk 15.1 o.fl.; L\u00fak 3.1; 13.1; 23.1 o.fl.; Post 3.13-14; 4.27; 13.28; 1T\u00edm 6.13<br \/>\n<b>18.31<\/b> Taki\u00f0 hann &#8230; J\u00f3h 19.6-7 \u2013 eftir ykkar l\u00f6gum Post 18.15<br \/>\n<b>18.32<\/b> Me\u00f0 hva\u00f0a h\u00e6tti Matt 20.19; 26.2; J\u00f3h 3.14; 12.32-33<br \/>\n<b>18.33<\/b> Konungur J\u00f3h 1.49; 6.15 \u2013 Gy\u00f0inga Matt 27.11; Mrk 15.2; L\u00fak 23.3<br \/>\n<b>18.35<\/b> \u00dej\u00f3\u00f0 \u00fe\u00edn J\u00f3h 1.11<br \/>\n<b>18.37<\/b> Jes\u00fas ber vitni 1T\u00edm 6.13 \u2013 bera sannleikanum vitni J\u00f3h 3.11,32-33; 8.46 \u2013 heyra r\u00f6dd Jes\u00fa J\u00f3h 8.47+<br \/>\n<b>18.40<\/b> Barabbas Mrk 15.6-15 og hlst. \u2013 ekki hann &#8230; Post 3.14<\/div>\n","protected":false},"excerpt":{"rendered":"<p>1\u00deegar Jes\u00fas haf\u00f0i \u00feetta m\u00e6lt, f\u00f3r hann \u00fat me\u00f0 l\u00e6risveinum s\u00ednum og yfir um l\u00e6kinn Kedron. \u00dear var grasgar\u00f0ur, sem Jes\u00fas gekk inn \u00ed og l\u00e6risveinar hans.2J\u00fadas, sem sveik hann, \u00feekkti l\u00edka \u00feennan sta\u00f0, \u00fev\u00ed Jes\u00fas og l\u00e6risveinar hans h\u00f6f\u00f0u oft komi\u00f0 \u00fear saman.3J\u00fadas t\u00f3k me\u00f0 s\u00e9r flokk hermanna og ver\u00f0i fr\u00e1 \u00e6\u00f0stu prestum og far\u00edseum. \u00deeir koma \u00fear me\u00f0 blysum, l\u00f6mpum og vopnum.4Jes\u00fas vissi allt, sem yfir hann mundi koma, gekk fram og sag\u00f0i vi\u00f0 \u00fe\u00e1: A\u00f0 hverjum leiti\u00f0 \u00fe\u00e9r?5\u00deeir sv\u00f6ru\u00f0u honum: A\u00f0 Jes\u00fa fr\u00e1 Nasaret. Hann segir vi\u00f0 \u00fe\u00e1: \u00c9g er hann. En J\u00fadas, sem sveik hann, st\u00f3\u00f0 <a href=\"https:\/\/biblian.is\/1981\/johannesargudspjall-18-kafli\/\"> [&#8230;]<\/a><\/p>\n","protected":false},"author":1,"featured_media":0,"parent":0,"menu_order":0,"comment_status":"open","ping_status":"open","template":"bibliukaflar.php","meta":{"footnotes":""},"class_list":["post-2362","page","type-page","status-publish","hentry"],"_links":{"self":[{"href":"https:\/\/biblian.is\/1981\/wp-json\/wp\/v2\/pages\/2362","targetHints":{"allow":["GET"]}}],"collection":[{"href":"https:\/\/biblian.is\/1981\/wp-json\/wp\/v2\/pages"}],"about":[{"href":"https:\/\/biblian.is\/1981\/wp-json\/wp\/v2\/types\/page"}],"author":[{"embeddable":true,"href":"https:\/\/biblian.is\/1981\/wp-json\/wp\/v2\/users\/1"}],"replies":[{"embeddable":true,"href":"https:\/\/biblian.is\/1981\/wp-json\/wp\/v2\/comments?post=2362"}],"version-history":[{"count":0,"href":"https:\/\/biblian.is\/1981\/wp-json\/wp\/v2\/pages\/2362\/revisions"}],"wp:attachment":[{"href":"https:\/\/biblian.is\/1981\/wp-json\/wp\/v2\/media?parent=2362"}],"curies":[{"name":"wp","href":"https:\/\/api.w.org\/{rel}","templated":true}]}}