{"id":2361,"date":"2017-11-18T20:21:31","date_gmt":"2017-11-18T20:21:31","guid":{"rendered":"http:\/\/biblian.is\/1981\/johannesargudspjall-17-kafli\/"},"modified":"2017-11-18T20:21:31","modified_gmt":"2017-11-18T20:21:31","slug":"johannesargudspjall-17-kafli","status":"publish","type":"page","link":"https:\/\/biblian.is\/1981\/johannesargudspjall-17-kafli\/","title":{"rendered":"J\u00f3hannesargu\u00f0spjall 17. kafli"},"content":{"rendered":"<p><a name=\"1\"><span class=\"versanumer\">1<\/span><\/a>\u00deetta tala\u00f0i Jes\u00fas, h\u00f3f augu s\u00edn til himins og sag\u00f0i: Fa\u00f0ir, stundin er komin. Gj\u00f6r son \u00feinn d\u00fdrlegan, til \u00feess a\u00f0 sonurinn gj\u00f6ri \u00feig d\u00fdrlegan.<a name=\"2\"><span class=\"versanumer\">2<\/span><\/a>\u00de\u00fa gafst honum vald yfir \u00f6llum m\u00f6nnum, a\u00f0 hann gefi eil\u00edft l\u00edf \u00f6llum \u00feeim, sem \u00fe\u00fa hefur gefi\u00f0 honum.<a name=\"3\"><span class=\"versanumer\">3<\/span><\/a>En \u00fea\u00f0 er hi\u00f0 eil\u00edfa l\u00edf a\u00f0 \u00feekkja \u00feig, hinn eina sanna Gu\u00f0, og \u00feann sem \u00fe\u00fa sendir, Jes\u00fa Krist.<a name=\"4\"><span class=\"versanumer\">4<\/span><\/a>\u00c9g hef gj\u00f6rt \u00feig d\u00fdrlegan \u00e1 j\u00f6r\u00f0u me\u00f0 \u00fev\u00ed a\u00f0 fullkomna \u00fea\u00f0 verk, sem \u00fe\u00fa f\u00e9kkst m\u00e9r a\u00f0 vinna.<a name=\"5\"><span class=\"versanumer\">5<\/span><\/a>Fa\u00f0ir, gj\u00f6r mig n\u00fa d\u00fdrlegan hj\u00e1 \u00fe\u00e9r me\u00f0 \u00feeirri d\u00fdr\u00f0, sem \u00e9g haf\u00f0i hj\u00e1 \u00fe\u00e9r, \u00e1\u00f0ur en heimur var til.<a name=\"6\"><span class=\"versanumer\">6<\/span><\/a>\u00c9g hef opinbera\u00f0 nafn \u00feitt \u00feeim m\u00f6nnum, sem \u00fe\u00fa gafst m\u00e9r \u00far heiminum. \u00deeir voru \u00fe\u00ednir, og \u00fe\u00fa gafst m\u00e9r \u00fe\u00e1, og \u00feeir hafa var\u00f0veitt \u00feitt or\u00f0.<a name=\"7\"><span class=\"versanumer\">7<\/span><\/a>\u00deeir vita n\u00fa, a\u00f0 allt, sem \u00fe\u00fa hefur gefi\u00f0 m\u00e9r, er fr\u00e1 \u00fe\u00e9r,<a name=\"8\"><span class=\"versanumer\">8<\/span><\/a>\u00fev\u00ed \u00e9g hef flutt \u00feeim \u00feau or\u00f0, sem \u00fe\u00fa gafst m\u00e9r. \u00deeir t\u00f3ku vi\u00f0 \u00feeim og vita me\u00f0 sanni, a\u00f0 \u00e9g er fr\u00e1 \u00fe\u00e9r \u00fat genginn, og tr\u00faa \u00fev\u00ed, a\u00f0 \u00fe\u00fa hafir sent mig.<a name=\"9\"><span class=\"versanumer\">9<\/span><\/a>\u00c9g bi\u00f0 fyrir \u00feeim. \u00c9g bi\u00f0 ekki fyrir heiminum, heldur fyrir \u00feeim sem \u00fe\u00fa hefur gefi\u00f0 m\u00e9r, \u00fev\u00ed a\u00f0 \u00feeir eru \u00fe\u00ednir,<a name=\"10\"><span class=\"versanumer\">10<\/span><\/a>og allt mitt er \u00feitt og \u00feitt er mitt. \u00cd \u00feeim er \u00e9g d\u00fdrlegur or\u00f0inn.<a name=\"11\"><span class=\"versanumer\">11<\/span><\/a>\u00c9g er ekki lengur \u00ed heiminum. \u00deeir eru \u00ed heiminum, en \u00e9g kem til \u00fe\u00edn. Heilagi fa\u00f0ir, var\u00f0veit \u00fe\u00e1 \u00ed \u00fe\u00ednu nafni, \u00fev\u00ed nafni, sem \u00fe\u00fa hefur gefi\u00f0 m\u00e9r, svo a\u00f0 \u00feeir ver\u00f0i eitt eins og vi\u00f0.<a name=\"12\"><span class=\"versanumer\">12<\/span><\/a>Me\u00f0an \u00e9g var hj\u00e1 \u00feeim, var\u00f0veitti \u00e9g \u00fe\u00e1 \u00ed nafni \u00fe\u00ednu, sem \u00fe\u00fa hefur gefi\u00f0 m\u00e9r, og g\u00e6tti \u00feeirra, og enginn \u00feeirra glata\u00f0ist nema sonur gl\u00f6tunarinnar, svo a\u00f0 ritningin r\u00e6ttist.<a name=\"13\"><span class=\"versanumer\">13<\/span><\/a>N\u00fa kem \u00e9g til \u00fe\u00edn. \u00deetta tala \u00e9g \u00ed heiminum, til \u00feess a\u00f0 \u00feeir eigi \u00ed sj\u00e1lfum s\u00e9r f\u00f6gnu\u00f0 minn fullkominn.<a name=\"14\"><span class=\"versanumer\">14<\/span><\/a>\u00c9g hef gefi\u00f0 \u00feeim or\u00f0 \u00feitt, og heimurinn hata\u00f0i \u00fe\u00e1, af \u00fev\u00ed a\u00f0 \u00feeir eru ekki af heiminum, eins og \u00e9g er ekki af heiminum.<a name=\"15\"><span class=\"versanumer\">15<\/span><\/a>\u00c9g bi\u00f0 ekki, a\u00f0 \u00fe\u00fa takir \u00fe\u00e1 \u00far heiminum, heldur a\u00f0 \u00fe\u00fa var\u00f0veitir \u00fe\u00e1 fr\u00e1 hinu illa.<a name=\"16\"><span class=\"versanumer\">16<\/span><\/a>\u00deeir eru ekki af heiminum, eins og \u00e9g er ekki af heiminum.<a name=\"17\"><span class=\"versanumer\">17<\/span><\/a>Helga \u00fe\u00e1 \u00ed sannleikanum. \u00deitt or\u00f0 er sannleikur.<a name=\"18\"><span class=\"versanumer\">18<\/span><\/a>\u00c9g hef sent \u00fe\u00e1 \u00ed heiminn, eins og \u00fe\u00fa sendir mig \u00ed heiminn.<a name=\"19\"><span class=\"versanumer\">19<\/span><\/a>\u00c9g helga mig fyrir \u00fe\u00e1, svo a\u00f0 \u00feeir s\u00e9u einnig helga\u00f0ir \u00ed sannleika.<a name=\"20\"><span class=\"versanumer\">20<\/span><\/a>\u00c9g bi\u00f0 ekki einungis fyrir \u00feessum, heldur og fyrir \u00feeim, sem \u00e1 mig tr\u00faa fyrir or\u00f0 \u00feeirra,<a name=\"21\"><span class=\"versanumer\">21<\/span><\/a>a\u00f0 allir s\u00e9u \u00feeir eitt, eins og \u00fe\u00fa, fa\u00f0ir, ert \u00ed m\u00e9r og \u00e9g \u00ed \u00fe\u00e9r, svo s\u00e9u \u00feeir einnig \u00ed okkur, til \u00feess a\u00f0 heimurinn tr\u00fai, a\u00f0 \u00fe\u00fa hefur sent mig.<a name=\"22\"><span class=\"versanumer\">22<\/span><\/a>Og \u00e9g hef gefi\u00f0 \u00feeim \u00fe\u00e1 d\u00fdr\u00f0, sem \u00fe\u00fa gafst m\u00e9r, svo a\u00f0 \u00feeir s\u00e9u eitt, eins og vi\u00f0 erum eitt,<a name=\"23\"><span class=\"versanumer\">23<\/span><\/a>\u00e9g \u00ed \u00feeim og \u00fe\u00fa \u00ed m\u00e9r, svo a\u00f0 \u00feeir ver\u00f0i fullkomlega eitt, til \u00feess a\u00f0 heimurinn viti, a\u00f0 \u00fe\u00fa hefur sent mig og a\u00f0 \u00fe\u00fa hefur elska\u00f0 \u00fe\u00e1, eins og \u00fe\u00fa hefur elska\u00f0 mig.<a name=\"24\"><span class=\"versanumer\">24<\/span><\/a>Fa\u00f0ir, \u00e9g vil a\u00f0 \u00feeir, sem \u00fe\u00fa gafst m\u00e9r, s\u00e9u hj\u00e1 m\u00e9r, \u00fear sem \u00e9g er, svo a\u00f0 \u00feeir sj\u00e1i d\u00fdr\u00f0 m\u00edna, sem \u00fe\u00fa hefur gefi\u00f0 m\u00e9r, af \u00fev\u00ed a\u00f0 \u00fe\u00fa elska\u00f0ir mig fyrir grundv\u00f6llun heims.<a name=\"25\"><span class=\"versanumer\">25<\/span><\/a>R\u00e9ttl\u00e1ti fa\u00f0ir, heimurinn \u00feekkir \u00feig ekki, en \u00e9g \u00feekki \u00feig, og \u00feessir vita, a\u00f0 \u00fe\u00fa sendir mig.<a name=\"26\"><span class=\"versanumer\">26<\/span><\/a>\u00c9g hef kunngj\u00f6rt \u00feeim nafn \u00feitt og mun kunngj\u00f6ra, svo a\u00f0 k\u00e6rleikur \u00feinn, sem \u00fe\u00fa hefur au\u00f0s\u00fdnt m\u00e9r, s\u00e9 \u00ed \u00feeim og \u00e9g s\u00e9 \u00ed \u00feeim.<\/p>\n<div class=\"footnote1981\"><b>17.1<\/b>  H\u00f3f augu s\u00edn til himins Mrk 6.41; L\u00fak 18.13; J\u00f3h 11.41 \u2013 stundin er komin J\u00f3h 13.1+ ; sbr 5.25 \u2013 fa\u00f0irinn og sonurinn d\u00fdrlegur J\u00f3h 13.31-32<br \/>\n<b>17.2<\/b> Allt vald Matt 28.18; J\u00f3h 3.35; 5.19-30; 13.3<br \/>\n<b>17.3<\/b> Eil\u00edft l\u00edf J\u00f3h 4.14,36; 6.27; 12.25; 1J\u00f3h 5.13,20 \u2013 \u00feekkja Gu\u00f0 SSal 15.3 \u2013 hinn eini, sanni Gu\u00f0 1\u00deess 1.9; 1J\u00f3h 5.20<br \/>\n<b>17.4<\/b> D\u00fdrlegur \u00e1 j\u00f6r\u00f0u J\u00f3h 13.31-32; 14.13 \u2013 verkin J\u00f3h 4.34; 5.30; 6.38; 8.29; 9.4; 10.37-38; sbr 13.1; 19.30<br \/>\n<b>17.5<\/b> D\u00fdr\u00f0 Jes\u00fa J\u00f3h 2.11; sbr 7.39+ &#8211; \u00e1\u00f0ur en heimurinn var\u00f0 til J\u00f3h 1.1-2; 8.58; 17.24<br \/>\n<b>17.6<\/b> \u00c9g hef opinbera\u00f0 nafn \u00feitt J\u00f3h 1.18; 12.28; 14.7-11; 17.26 \u2013 gafst m\u00e9r \u00fe\u00e1 J\u00f3h 6.37,39,44; 10.29; 17.2,9,12,24<br \/>\n<b>17.8<\/b> Fr\u00e1 Gu\u00f0i J\u00f3h 3.2; 16.30; sbr 8.42+<br \/>\n<b>17.9<\/b> Heimurinn J\u00f3h 1.10; 15.19; sbr 3.16-17<br \/>\n<b>17.10<\/b> Mitt er \u00feitt L\u00fak 15.31 \u2013 \u00feitt er mitt J\u00f3h 16.15<br \/>\n<b>17.11<\/b> L\u00e6risveinarnir eru \u00ed heiminum J\u00f3h 13.1 \u2013 til f\u00f6\u00f0urins J\u00f3h 13.1,3; 16.28 \u2013 heilagi fa\u00f0ir 3M\u00f3s 11.44; 19.2; 1P\u00e9t 1.16 \u2013 eitt eins og vi\u00f0 J\u00f3h 10.30; 17.21; Gal 3.28<br \/>\n<b>17.12<\/b> G\u00e6ta J\u00f3h 18.8-9 \u2013 glatast Matt 7.13; J\u00f3h 3.16; 6.39; 10.28; 12.25; Post 8.20; R\u00f3m 9.22; Fil 3.19 \u2013 sonur gl\u00f6tunarinnar J\u00f3h 6.70; sbr 2\u00deess 2.3 \u2013 r\u00e6tast J\u00f3h 13.18; Slm 41.10<br \/>\n<b>17.13<\/b> F\u00f6gnu\u00f0irnn fullkominn J\u00f3h 15.11+<br \/>\n<b>17.14<\/b> Hata\u00f0ir af heiminum J\u00f3h 15.18-19 \u2013 ekki af heiminum J\u00f3h 8.23<br \/>\n<b>17.15<\/b> \u00dar heiminum J\u00f3h 15.19-16.4 \u2013 var\u00f0veita fr\u00e1 illu Matt 6.13; 2\u00deess 3.3; 1J\u00f3h 5.18<br \/>\n<b>17.17<\/b> Helga Jer 1.5; S\u00edr 45.4; J\u00f3h 10.36<br \/>\n<b>17.18<\/b> Sendir J\u00f3h 20.21<br \/>\n<b>17.19<\/b> \u00c9g helga mig sbr J\u00f3h 6.51; 10.18; 15.13 \u2013 fyrir \u00fe\u00e1 Mrk 14.24; L\u00fak 22.20; 1Kor 11.24; 15.3; Heb 2.9; 5.1; 9.7; 10.12<br \/>\n<b>17.20<\/b> Jes\u00fas bi\u00f0ur fyrir l\u00e6risveinunum J\u00f3h 17.9<br \/>\n<b>17.21<\/b> A\u00f0 allir s\u00e9u eitt Gal 3.28 \u2013 eins og fa\u00f0irinn og sonurinn J\u00f3h 10.38; 17.11<br \/>\n<b>17.24<\/b> Hj\u00e1 m\u00e9r J\u00f3h 12.26; 14.3 \u2013 sj\u00e1 d\u00fdr\u00f0 Jes\u00fa J\u00f3h 1.14; sbr 2Kor 3.18; 4.6 \u2013 fyrir grundv\u00f6llun heims J\u00f3h 17.5<br \/>\n<b>17.25<\/b> Heimurinn \u00feekkir ekki f\u00f6\u00f0urinn J\u00f3h 1.10; 8.55 \u2013 Jes\u00fas \u00feekkir f\u00f6\u00f0urinn J\u00f3h 8.55+ &#8211; r\u00e9ttl\u00e1ti fa\u00f0ir Slm 7.18; 9.5; 96.13; 116.5; 129.4; 145.17; R\u00f3m 3.26; Opb 16.5<br \/>\n<b>17.26<\/b> Kunngj\u00f6ra J\u00f3h 17.6<\/div>\n","protected":false},"excerpt":{"rendered":"<p>1\u00deetta tala\u00f0i Jes\u00fas, h\u00f3f augu s\u00edn til himins og sag\u00f0i: Fa\u00f0ir, stundin er komin. Gj\u00f6r son \u00feinn d\u00fdrlegan, til \u00feess a\u00f0 sonurinn gj\u00f6ri \u00feig d\u00fdrlegan.2\u00de\u00fa gafst honum vald yfir \u00f6llum m\u00f6nnum, a\u00f0 hann gefi eil\u00edft l\u00edf \u00f6llum \u00feeim, sem \u00fe\u00fa hefur gefi\u00f0 honum.3En \u00fea\u00f0 er hi\u00f0 eil\u00edfa l\u00edf a\u00f0 \u00feekkja \u00feig, hinn eina sanna Gu\u00f0, og \u00feann sem \u00fe\u00fa sendir, Jes\u00fa Krist.4\u00c9g hef gj\u00f6rt \u00feig d\u00fdrlegan \u00e1 j\u00f6r\u00f0u me\u00f0 \u00fev\u00ed a\u00f0 fullkomna \u00fea\u00f0 verk, sem \u00fe\u00fa f\u00e9kkst m\u00e9r a\u00f0 vinna.5Fa\u00f0ir, gj\u00f6r mig n\u00fa d\u00fdrlegan hj\u00e1 \u00fe\u00e9r me\u00f0 \u00feeirri d\u00fdr\u00f0, sem \u00e9g haf\u00f0i hj\u00e1 \u00fe\u00e9r, \u00e1\u00f0ur en heimur var til.6\u00c9g hef <a href=\"https:\/\/biblian.is\/1981\/johannesargudspjall-17-kafli\/\"> [&#8230;]<\/a><\/p>\n","protected":false},"author":1,"featured_media":0,"parent":0,"menu_order":0,"comment_status":"open","ping_status":"open","template":"bibliukaflar.php","meta":{"footnotes":""},"class_list":["post-2361","page","type-page","status-publish","hentry"],"_links":{"self":[{"href":"https:\/\/biblian.is\/1981\/wp-json\/wp\/v2\/pages\/2361","targetHints":{"allow":["GET"]}}],"collection":[{"href":"https:\/\/biblian.is\/1981\/wp-json\/wp\/v2\/pages"}],"about":[{"href":"https:\/\/biblian.is\/1981\/wp-json\/wp\/v2\/types\/page"}],"author":[{"embeddable":true,"href":"https:\/\/biblian.is\/1981\/wp-json\/wp\/v2\/users\/1"}],"replies":[{"embeddable":true,"href":"https:\/\/biblian.is\/1981\/wp-json\/wp\/v2\/comments?post=2361"}],"version-history":[{"count":0,"href":"https:\/\/biblian.is\/1981\/wp-json\/wp\/v2\/pages\/2361\/revisions"}],"wp:attachment":[{"href":"https:\/\/biblian.is\/1981\/wp-json\/wp\/v2\/media?parent=2361"}],"curies":[{"name":"wp","href":"https:\/\/api.w.org\/{rel}","templated":true}]}}