{"id":2359,"date":"2017-11-18T20:21:31","date_gmt":"2017-11-18T20:21:31","guid":{"rendered":"http:\/\/biblian.is\/1981\/johannesargudspjall-15-kafli\/"},"modified":"2017-11-18T20:21:31","modified_gmt":"2017-11-18T20:21:31","slug":"johannesargudspjall-15-kafli","status":"publish","type":"page","link":"https:\/\/biblian.is\/1981\/johannesargudspjall-15-kafli\/","title":{"rendered":"J\u00f3hannesargu\u00f0spjall 15. kafli"},"content":{"rendered":"<p><a name=\"1\"><span class=\"versanumer\">1<\/span><\/a>\u00c9g er hinn sanni v\u00ednvi\u00f0ur, og fa\u00f0ir minn er v\u00ednyrkinn.<a name=\"2\"><span class=\"versanumer\">2<\/span><\/a>Hverja \u00fe\u00e1 grein \u00e1 m\u00e9r, sem ber ekki \u00e1v\u00f6xt, sn\u00ed\u00f0ur hann af, og hverja \u00fe\u00e1, sem \u00e1v\u00f6xt ber, hreinsar hann, svo a\u00f0 h\u00fan beri meiri \u00e1v\u00f6xt.<a name=\"3\"><span class=\"versanumer\">3<\/span><\/a>\u00de\u00e9r eru\u00f0 \u00feegar hreinir vegna or\u00f0sins, sem \u00e9g hef tala\u00f0 til y\u00f0ar.<a name=\"4\"><span class=\"versanumer\">4<\/span><\/a>Veri\u00f0 \u00ed m\u00e9r, \u00fe\u00e1 ver\u00f0 \u00e9g \u00ed y\u00f0ur. Eins og greinin getur ekki bori\u00f0 \u00e1v\u00f6xt af sj\u00e1lfri s\u00e9r, nema h\u00fan s\u00e9 \u00e1 v\u00ednvi\u00f0num, eins geti\u00f0 \u00fe\u00e9r ekki heldur bori\u00f0 \u00e1v\u00f6xt, nema \u00fe\u00e9r s\u00e9u\u00f0 \u00ed m\u00e9r.<a name=\"5\"><span class=\"versanumer\">5<\/span><\/a>\u00c9g er v\u00ednvi\u00f0urinn, \u00fe\u00e9r eru\u00f0 greinarnar. S\u00e1 ber mikinn \u00e1v\u00f6xt, sem er \u00ed m\u00e9r og \u00e9g \u00ed honum, en \u00e1n m\u00edn geti\u00f0 \u00fe\u00e9r alls ekkert gj\u00f6rt.<a name=\"6\"><span class=\"versanumer\">6<\/span><\/a>Hverjum sem er ekki \u00ed m\u00e9r, ver\u00f0ur varpa\u00f0 \u00fat eins og greinunum, og hann visnar. \u00deeim er safna\u00f0 saman og varpa\u00f0 \u00e1 eld og brennt.<a name=\"7\"><span class=\"versanumer\">7<\/span><\/a>Ef \u00fe\u00e9r eru\u00f0 \u00ed m\u00e9r og or\u00f0 m\u00edn eru \u00ed y\u00f0ur, \u00fe\u00e1 bi\u00f0ji\u00f0 um hva\u00f0 sem \u00fe\u00e9r vilji\u00f0, og y\u00f0ur mun veitast \u00fea\u00f0.<a name=\"8\"><span class=\"versanumer\">8<\/span><\/a>Me\u00f0 \u00fev\u00ed vegsamast fa\u00f0ir minn, a\u00f0 \u00fe\u00e9r beri\u00f0 mikinn \u00e1v\u00f6xt, og ver\u00f0i\u00f0 l\u00e6risveinar m\u00ednir.<a name=\"9\"><span class=\"versanumer\">9<\/span><\/a>\u00c9g hef elska\u00f0 y\u00f0ur, eins og fa\u00f0irinn hefur elska\u00f0 mig. Veri\u00f0 st\u00f6\u00f0ugir \u00ed elsku minni.<a name=\"10\"><span class=\"versanumer\">10<\/span><\/a>Ef \u00fe\u00e9r haldi\u00f0 bo\u00f0or\u00f0 m\u00edn, ver\u00f0i\u00f0 \u00fe\u00e9r st\u00f6\u00f0ugir \u00ed elsku minni, eins og \u00e9g hef haldi\u00f0 bo\u00f0or\u00f0 f\u00f6\u00f0ur m\u00edns og er st\u00f6\u00f0ugur \u00ed elsku hans.<a name=\"11\"><span class=\"versanumer\">11<\/span><\/a>\u00deetta hef \u00e9g tala\u00f0 til y\u00f0ar, til \u00feess a\u00f0 f\u00f6gnu\u00f0ur minn s\u00e9 \u00ed y\u00f0ur og f\u00f6gnu\u00f0ur y\u00f0ar s\u00e9 fullkominn.<a name=\"12\"><span class=\"versanumer\">12<\/span><\/a>\u00deetta er mitt bo\u00f0or\u00f0, a\u00f0 \u00fe\u00e9r elski\u00f0 hver annan, eins og \u00e9g hef elska\u00f0 y\u00f0ur.<a name=\"13\"><span class=\"versanumer\">13<\/span><\/a>Enginn \u00e1 meiri k\u00e6rleik en \u00feann a\u00f0 leggja l\u00edf sitt \u00ed s\u00f6lurnar fyrir vini s\u00edna.<a name=\"14\"><span class=\"versanumer\">14<\/span><\/a>\u00de\u00e9r eru\u00f0 vinir m\u00ednir, ef \u00fe\u00e9r gj\u00f6ri\u00f0 \u00fea\u00f0, sem \u00e9g b\u00fd\u00f0 y\u00f0ur.<a name=\"15\"><span class=\"versanumer\">15<\/span><\/a>\u00c9g kalla y\u00f0ur ekki framar \u00fej\u00f3na, \u00fev\u00ed \u00fej\u00f3nninn veit ekki, hva\u00f0 herra hans gj\u00f6rir. En \u00e9g kalla y\u00f0ur vini, \u00fev\u00ed \u00e9g hef kunngj\u00f6rt y\u00f0ur allt, sem \u00e9g heyr\u00f0i af f\u00f6\u00f0ur m\u00ednum.<a name=\"16\"><span class=\"versanumer\">16<\/span><\/a>\u00de\u00e9r hafi\u00f0 ekki \u00fatvali\u00f0 mig, heldur hef \u00e9g \u00fatvali\u00f0 y\u00f0ur. \u00c9g hef \u00e1kvar\u00f0a\u00f0 y\u00f0ur til a\u00f0 fara og bera \u00e1v\u00f6xt, \u00e1v\u00f6xt, sem varir, svo a\u00f0 fa\u00f0irinn veiti y\u00f0ur s\u00e9rhva\u00f0 \u00fea\u00f0 sem \u00fe\u00e9r bi\u00f0ji\u00f0 hann um \u00ed m\u00ednu nafni.<a name=\"17\"><span class=\"versanumer\">17<\/span><\/a>\u00deetta b\u00fd\u00f0 \u00e9g y\u00f0ur, a\u00f0 \u00fe\u00e9r elski\u00f0 hver annan.<a name=\"18\"><span class=\"versanumer\">18<\/span><\/a>Ef heimurinn hatar y\u00f0ur, \u00fe\u00e1 viti\u00f0, a\u00f0 hann hefur hata\u00f0 mig fyrr en y\u00f0ur.<a name=\"19\"><span class=\"versanumer\">19<\/span><\/a>V\u00e6ru\u00f0 \u00fe\u00e9r af heiminum, mundi heimurinn elska sitt eigi\u00f0. Heimurinn hatar y\u00f0ur af \u00fev\u00ed a\u00f0 \u00fe\u00e9r eru\u00f0 ekki af heiminum, heldur hef \u00e9g \u00fatvali\u00f0 y\u00f0ur \u00far heiminum.<a name=\"20\"><span class=\"versanumer\">20<\/span><\/a>Minnist or\u00f0anna, sem \u00e9g sag\u00f0i vi\u00f0 y\u00f0ur: \u00dej\u00f3nn er ekki meiri en herra hans. Hafi \u00feeir ofs\u00f3tt mig, \u00fe\u00e1 munu \u00feeir l\u00edka ofs\u00e6kja y\u00f0ur. Hafi \u00feeir var\u00f0veitt or\u00f0 mitt, munu \u00feeir l\u00edka var\u00f0veita y\u00f0ar.<a name=\"21\"><span class=\"versanumer\">21<\/span><\/a>En allt \u00feetta munu \u00feeir y\u00f0ur gj\u00f6ra vegna nafns m\u00edns, af \u00fev\u00ed a\u00f0 \u00feeir \u00feekkja eigi \u00feann, sem sendi mig.<a name=\"22\"><span class=\"versanumer\">22<\/span><\/a>Hef\u00f0i \u00e9g ekki komi\u00f0 og tala\u00f0 til \u00feeirra, v\u00e6ru \u00feeir ekki sekir um synd. En n\u00fa hafa \u00feeir ekkert til afs\u00f6kunar synd sinni.<a name=\"23\"><span class=\"versanumer\">23<\/span><\/a>S\u00e1 sem hatar mig, hatar og f\u00f6\u00f0ur minn.<a name=\"24\"><span class=\"versanumer\">24<\/span><\/a>Hef\u00f0i \u00e9g ekki unni\u00f0 me\u00f0al \u00feeirra \u00feau verk, sem enginn annar hefur gj\u00f6rt, v\u00e6ru \u00feeir ekki sekir um synd. En n\u00fa hafa \u00feeir s\u00e9\u00f0 \u00feau og hata \u00fe\u00f3 b\u00e6\u00f0i mig og f\u00f6\u00f0ur minn.<a name=\"25\"><span class=\"versanumer\">25<\/span><\/a>Svo hlaut a\u00f0 r\u00e6tast or\u00f0i\u00f0, sem rita\u00f0 er \u00ed l\u00f6gm\u00e1li \u00feeirra: \u00deeir h\u00f6tu\u00f0u mig \u00e1n saka.<a name=\"26\"><span class=\"versanumer\">26<\/span><\/a>\u00deegar hj\u00e1lparinn kemur, sem \u00e9g sendi y\u00f0ur fr\u00e1 f\u00f6\u00f0urnum, sannleiksandinn, er \u00fat gengur fr\u00e1 f\u00f6\u00f0urnum, mun hann vitna um mig.<a name=\"27\"><span class=\"versanumer\">27<\/span><\/a>\u00de\u00e9r skulu\u00f0 einnig vitni bera, \u00fev\u00ed \u00fe\u00e9r hafi\u00f0 veri\u00f0 me\u00f0 m\u00e9r fr\u00e1 upphafi.<\/p>\n<div class=\"footnote1981\"><b>15.1<\/b> V\u00ednvi\u00f0ur Jes 5.1-7; Jer 2.21; Esk 15.1-8; 19.10-14; Matt 21.33-41 og hlst.<br \/>\n<b>15.2<\/b> Hver grein &#8230; Matt 3.10; 15.13<br \/>\n<b>15.3<\/b> \u00deegar hreinir J\u00f3h 13.10<br \/>\n<b>15.4<\/b> \u00c1 v\u00ednvi\u00f0num R\u00f3m 11.17-18 \u2013 af eigin m\u00e6tti 2Kor 3.5 \u2013 vera \u00ed Jes\u00fa J\u00f3h 6.56; sbr J\u00f3h 8.31; 15.9-10; 1J\u00f3h 2.10; 4.13-16<br \/>\n<b>15.5<\/b> V\u00ednvi\u00f0urinn og greinarnar sbr 1Kor 12.12,27 \u2013 Jes\u00fas \u00ed okkur 1J\u00f3h 2.27; 3.9,15; 4.12-15 \u2013 bera mikinn \u00e1v\u00f6xt J\u00f3h 15.16 \u2013 \u00e1n m\u00edn geti\u00f0 \u00fe\u00e9r ekkert 2Kor 3.5; sbr J\u00f3h 1.3<br \/>\n<b>15.6<\/b> Varpa\u00f0 \u00e1 eld Matt 3.10; 7.19; 13.42<br \/>\n<b>15.7<\/b> Y\u00f0ur mun veitast Mrk 11.24; J\u00f3h 14.13; 16.23<br \/>\n<b>15.8<\/b> Vegsama f\u00f6\u00f0urinn Matt 5.16<br \/>\n<b>15.10<\/b> Halda bo\u00f0or\u00f0 J\u00f3h 14.15,21; 1J\u00f3h 2.3-8; 3.22-23; 5.3<br \/>\n<b>15.11<\/b> F\u00f6gnu\u00f0ur Jes 9.3; 35.10; 55.12; 65.18; Sef 3.14; Slm 126.3-5; Matt 25.21,23; L\u00fak 1.14; 2.10 \u2013 fullkominn J\u00f3h 16.20-24; 17.13; 1J\u00f3h 1.4; 2J\u00f3h 12<br \/>\n<b>15.12<\/b> Mitt bo\u00f0or\u00f0 J\u00f3h 13.34+ ; 2J\u00f3h 5<br \/>\n<b>15.13<\/b> Meiri k\u00e6rleikur J\u00f3h 13.1,34 \u2013 leggja l\u00edf sitt \u00ed s\u00f6lurnar J\u00f3h 10.11+<br \/>\n<b>15.16<\/b> \u00c9g hef \u00fatvali\u00f0 y\u00f0ur J\u00f3h 6.70; 13.18; sbr 5M\u00f3s 7.6-8; Jes 41.8; 43.20; 44.2; 45.4; 65.9,15,22; Am 3.2; 7.15; Mrk 3.13; L\u00fak 6.13 \u2013 \u00e1kvar\u00f0a Matt 10.1; Mrk 3.14; 6.7; L\u00fak 9.1; Post 13.47; 20.28; 1Kor 12.28; 2T\u00edm 1.11 \u2013 bera \u00e1v\u00f6xt J\u00f3h 15.5 \u2013 veiti y\u00f0ur J\u00f3h 14.13+<br \/>\n<b>15.17<\/b> Elski\u00f0 hver annan J\u00f3h 13.34+ ; 2J\u00f3h 5<br \/>\n<b>15.18<\/b> Ef heimurinn hatar y\u00f0ur Matt 10.22; 24.9; Mrk 13.13; L\u00fak 6.22; J\u00f3h 17.14; 1\u00deess 2.15-16; 1J\u00f3h 3.13<br \/>\n<b>15.19<\/b> Heimurinn elskar sitt eigi\u00f0 J\u00f3h 7.7; 1J\u00f3h 4.5; sbr J\u00f3h 17.14<br \/>\n<b>15.20<\/b> \u00dej\u00f3nninn og herra hans Matt 10.24+ &#8211; ofs\u00f3ttir 1\u00deess 1.6; 1P\u00e9t 4.12-19<br \/>\n<b>15.21<\/b> Vegna Jes\u00fa Matt 5.11; 10.22; Mrk 13.13; L\u00fak 21.17; Post 5.41; Opb 2.3<br \/>\n<b>15.22<\/b> \u00c1n syndar J\u00f3h 9.41<br \/>\n<b>15.23<\/b> Hata Jes\u00fa, hata f\u00f6\u00f0urinn L\u00fak 10.16; J\u00f3h 5.23; 1J\u00f3h 2.23<br \/>\n<b>15.24<\/b> Verk Jes\u00fa J\u00f3h 14.11<br \/>\n<b>15.25<\/b> L\u00f6gm\u00e1li\u00f0 J\u00f3h 8.17; 10.34 \u2013 hata \u00e1n saka Slm 35.19; 69.5<br \/>\n<b>15.26<\/b> Hj\u00e1lparinn J\u00f3h 14.16+ &#8211; sannleiksandinn J\u00f3h 14.17+ &#8211; fr\u00e1 f\u00f6\u00f0urnum J\u00f3h 14.16,26; 16.15; T\u00edt 3.6; 1J\u00f3h 3.24; 4.13<br \/>\n<b>15.27<\/b> Vottar Jes\u00fa Post 1.8; 5.32; 1J\u00f3h 4.14 \u2013 me\u00f0 Jes\u00fa fr\u00e1 upphafi L\u00fak 1.2; Post 1.21-22<\/div>\n","protected":false},"excerpt":{"rendered":"<p>1\u00c9g er hinn sanni v\u00ednvi\u00f0ur, og fa\u00f0ir minn er v\u00ednyrkinn.2Hverja \u00fe\u00e1 grein \u00e1 m\u00e9r, sem ber ekki \u00e1v\u00f6xt, sn\u00ed\u00f0ur hann af, og hverja \u00fe\u00e1, sem \u00e1v\u00f6xt ber, hreinsar hann, svo a\u00f0 h\u00fan beri meiri \u00e1v\u00f6xt.3\u00de\u00e9r eru\u00f0 \u00feegar hreinir vegna or\u00f0sins, sem \u00e9g hef tala\u00f0 til y\u00f0ar.4Veri\u00f0 \u00ed m\u00e9r, \u00fe\u00e1 ver\u00f0 \u00e9g \u00ed y\u00f0ur. Eins og greinin getur ekki bori\u00f0 \u00e1v\u00f6xt af sj\u00e1lfri s\u00e9r, nema h\u00fan s\u00e9 \u00e1 v\u00ednvi\u00f0num, eins geti\u00f0 \u00fe\u00e9r ekki heldur bori\u00f0 \u00e1v\u00f6xt, nema \u00fe\u00e9r s\u00e9u\u00f0 \u00ed m\u00e9r.5\u00c9g er v\u00ednvi\u00f0urinn, \u00fe\u00e9r eru\u00f0 greinarnar. S\u00e1 ber mikinn \u00e1v\u00f6xt, sem er \u00ed m\u00e9r og \u00e9g \u00ed honum, en \u00e1n m\u00edn <a href=\"https:\/\/biblian.is\/1981\/johannesargudspjall-15-kafli\/\"> [&#8230;]<\/a><\/p>\n","protected":false},"author":1,"featured_media":0,"parent":0,"menu_order":0,"comment_status":"open","ping_status":"open","template":"bibliukaflar.php","meta":{"footnotes":""},"class_list":["post-2359","page","type-page","status-publish","hentry"],"_links":{"self":[{"href":"https:\/\/biblian.is\/1981\/wp-json\/wp\/v2\/pages\/2359","targetHints":{"allow":["GET"]}}],"collection":[{"href":"https:\/\/biblian.is\/1981\/wp-json\/wp\/v2\/pages"}],"about":[{"href":"https:\/\/biblian.is\/1981\/wp-json\/wp\/v2\/types\/page"}],"author":[{"embeddable":true,"href":"https:\/\/biblian.is\/1981\/wp-json\/wp\/v2\/users\/1"}],"replies":[{"embeddable":true,"href":"https:\/\/biblian.is\/1981\/wp-json\/wp\/v2\/comments?post=2359"}],"version-history":[{"count":0,"href":"https:\/\/biblian.is\/1981\/wp-json\/wp\/v2\/pages\/2359\/revisions"}],"wp:attachment":[{"href":"https:\/\/biblian.is\/1981\/wp-json\/wp\/v2\/media?parent=2359"}],"curies":[{"name":"wp","href":"https:\/\/api.w.org\/{rel}","templated":true}]}}