{"id":2358,"date":"2017-11-18T20:21:31","date_gmt":"2017-11-18T20:21:31","guid":{"rendered":"http:\/\/biblian.is\/1981\/johannesargudspjall-14-kafli\/"},"modified":"2017-11-18T20:21:31","modified_gmt":"2017-11-18T20:21:31","slug":"johannesargudspjall-14-kafli","status":"publish","type":"page","link":"https:\/\/biblian.is\/1981\/johannesargudspjall-14-kafli\/","title":{"rendered":"J\u00f3hannesargu\u00f0spjall 14. kafli"},"content":{"rendered":"<p><a name=\"1\"><span class=\"versanumer\">1<\/span><\/a>Hjarta y\u00f0ar skelfist ekki. Tr\u00fai\u00f0 \u00e1 Gu\u00f0 og tr\u00fai\u00f0 \u00e1 mig.<a name=\"2\"><span class=\"versanumer\">2<\/span><\/a>\u00cd h\u00fasi f\u00f6\u00f0ur m\u00edns eru margar vistarverur. V\u00e6ri ekki svo, hef\u00f0i \u00e9g \u00fe\u00e1 sagt y\u00f0ur, a\u00f0 \u00e9g f\u00e6ri burt a\u00f0 b\u00faa y\u00f0ur sta\u00f0?<a name=\"3\"><span class=\"versanumer\">3<\/span><\/a>\u00deegar \u00e9g er farinn burt og hef b\u00fai\u00f0 y\u00f0ur sta\u00f0, kem \u00e9g aftur og tek y\u00f0ur til m\u00edn, svo a\u00f0 \u00fe\u00e9r s\u00e9u\u00f0 einnig \u00fear sem \u00e9g er.<a name=\"4\"><span class=\"versanumer\">4<\/span><\/a>Veginn \u00feanga\u00f0, sem \u00e9g fer, \u00feekki\u00f0 \u00fe\u00e9r.<a name=\"5\"><span class=\"versanumer\">5<\/span><\/a>T\u00f3mas segir vi\u00f0 hann: Herra, v\u00e9r vitum ekki, hvert \u00fe\u00fa fer\u00f0, hvernig getum v\u00e9r \u00fe\u00e1 \u00feekkt veginn?<a name=\"6\"><span class=\"versanumer\">6<\/span><\/a>Jes\u00fas segir vi\u00f0 hann: \u00c9g er vegurinn, sannleikurinn og l\u00edfi\u00f0. Enginn kemur til f\u00f6\u00f0urins, nema fyrir mig.<a name=\"7\"><span class=\"versanumer\">7<\/span><\/a>Ef \u00fe\u00e9r hafi\u00f0 \u00feekkt mig, munu\u00f0 \u00fe\u00e9r og \u00feekkja f\u00f6\u00f0ur minn. H\u00e9\u00f0an af \u00feekki\u00f0 \u00fe\u00e9r hann og hafi\u00f0 s\u00e9\u00f0 hann.<a name=\"8\"><span class=\"versanumer\">8<\/span><\/a>Filippus segir vi\u00f0 hann: Herra, s\u00fdn \u00fe\u00fa oss f\u00f6\u00f0urinn. \u00dea\u00f0 n\u00e6gir oss.<a name=\"9\"><span class=\"versanumer\">9<\/span><\/a>Jes\u00fas svara\u00f0i: \u00c9g hef veri\u00f0 me\u00f0 y\u00f0ur allan \u00feennan t\u00edma, og \u00fe\u00fa \u00feekkir mig ekki, Filippus? S\u00e1 sem hefur s\u00e9\u00f0 mig, hefur s\u00e9\u00f0 f\u00f6\u00f0urinn. Hvernig segir \u00fe\u00fa \u00fe\u00e1: S\u00fdn \u00fe\u00fa oss f\u00f6\u00f0urinn?<a name=\"10\"><span class=\"versanumer\">10<\/span><\/a>Tr\u00fair \u00fe\u00fa ekki, a\u00f0 \u00e9g er \u00ed f\u00f6\u00f0urnum og fa\u00f0irinn \u00ed m\u00e9r? Or\u00f0in, sem \u00e9g segi vi\u00f0 y\u00f0ur, tala \u00e9g ekki af sj\u00e1lfum m\u00e9r. Fa\u00f0irinn, sem \u00ed m\u00e9r er, vinnur s\u00edn verk.<a name=\"11\"><span class=\"versanumer\">11<\/span><\/a>Tr\u00fai\u00f0 m\u00e9r, a\u00f0 \u00e9g er \u00ed f\u00f6\u00f0urnum og fa\u00f0irinn \u00ed m\u00e9r. Ef \u00fe\u00e9r geri\u00f0 \u00fea\u00f0 ekki, tr\u00fai\u00f0 \u00fe\u00e1 vegna sj\u00e1lfra verkanna.<a name=\"12\"><span class=\"versanumer\">12<\/span><\/a>Sannlega, sannlega segi \u00e9g y\u00f0ur: S\u00e1 sem tr\u00fair \u00e1 mig, mun einnig gj\u00f6ra \u00feau verk, sem \u00e9g gj\u00f6ri. Og hann mun gj\u00f6ra meiri verk en \u00feau, \u00fev\u00ed \u00e9g fer til f\u00f6\u00f0urins.<a name=\"13\"><span class=\"versanumer\">13<\/span><\/a>Og hvers sem \u00fe\u00e9r bi\u00f0ji\u00f0 \u00ed m\u00ednu nafni, \u00fea\u00f0 mun \u00e9g gj\u00f6ra, svo a\u00f0 fa\u00f0irinn vegsamist \u00ed syninum.<a name=\"14\"><span class=\"versanumer\">14<\/span><\/a>Ef \u00fe\u00e9r bi\u00f0ji\u00f0 mig einhvers \u00ed m\u00ednu nafni, mun \u00e9g gj\u00f6ra \u00fea\u00f0.<a name=\"15\"><span class=\"versanumer\">15<\/span><\/a>Ef \u00fe\u00e9r elski\u00f0 mig, munu\u00f0 \u00fe\u00e9r halda bo\u00f0or\u00f0 m\u00edn.<a name=\"16\"><span class=\"versanumer\">16<\/span><\/a>\u00c9g mun bi\u00f0ja f\u00f6\u00f0urinn, og hann mun gefa y\u00f0ur annan hj\u00e1lpara, a\u00f0 hann s\u00e9 hj\u00e1 y\u00f0ur a\u00f0 eil\u00edfu,<a name=\"17\"><span class=\"versanumer\">17<\/span><\/a>anda sannleikans, sem heimurinn getur ekki teki\u00f0 \u00e1 m\u00f3ti, \u00fev\u00ed hann s\u00e9r hann ekki n\u00e9 \u00feekkir. \u00de\u00e9r \u00feekki\u00f0 hann, \u00fev\u00ed hann er hj\u00e1 y\u00f0ur og ver\u00f0ur \u00ed y\u00f0ur.<a name=\"18\"><span class=\"versanumer\">18<\/span><\/a>Ekki mun \u00e9g skilja y\u00f0ur eftir muna\u00f0arlausa. \u00c9g kem til y\u00f0ar.<a name=\"19\"><span class=\"versanumer\">19<\/span><\/a>Innan skamms mun heimurinn ekki sj\u00e1 mig framar. \u00de\u00e9r munu\u00f0 sj\u00e1 mig, \u00fev\u00ed \u00e9g lifi og \u00fe\u00e9r munu\u00f0 lifa.<a name=\"20\"><span class=\"versanumer\">20<\/span><\/a>\u00c1 \u00feeim degi munu\u00f0 \u00fe\u00e9r skilja, a\u00f0 \u00e9g er \u00ed f\u00f6\u00f0ur m\u00ednum og \u00fe\u00e9r \u00ed m\u00e9r og \u00e9g \u00ed y\u00f0ur.<a name=\"21\"><span class=\"versanumer\">21<\/span><\/a>S\u00e1 sem hefur bo\u00f0or\u00f0 m\u00edn og heldur \u00feau, hann er s\u00e1 sem elskar mig. En s\u00e1 sem elskar mig, mun elska\u00f0ur ver\u00f0a af f\u00f6\u00f0ur m\u00ednum, og \u00e9g mun elska hann og birta honum sj\u00e1lfan mig.<a name=\"22\"><span class=\"versanumer\">22<\/span><\/a>J\u00fadas ekki \u00cdskar\u00edot sag\u00f0i vi\u00f0 hann: Herra, hverju s\u00e6tir \u00fea\u00f0, a\u00f0 \u00fe\u00fa vilt birtast oss, en eigi heiminum?<a name=\"23\"><span class=\"versanumer\">23<\/span><\/a>Jes\u00fas svara\u00f0i: S\u00e1 sem elskar mig, var\u00f0veitir mitt or\u00f0, og fa\u00f0ir minn mun elska hann. Til hans munum vi\u00f0 koma og gj\u00f6ra okkur b\u00fasta\u00f0 hj\u00e1 honum.<a name=\"24\"><span class=\"versanumer\">24<\/span><\/a>S\u00e1 sem elskar mig ekki, var\u00f0veitir ekki m\u00edn or\u00f0. Or\u00f0i\u00f0, sem \u00fe\u00e9r heyri\u00f0, er ekki mitt, heldur f\u00f6\u00f0urins, sem sendi mig.<a name=\"25\"><span class=\"versanumer\">25<\/span><\/a>\u00deetta hef \u00e9g tala\u00f0 til y\u00f0ar, me\u00f0an \u00e9g var hj\u00e1 y\u00f0ur.<a name=\"26\"><span class=\"versanumer\">26<\/span><\/a>En hj\u00e1lparinn, andinn heilagi, sem fa\u00f0irinn mun senda \u00ed m\u00ednu nafni, mun kenna y\u00f0ur allt og minna y\u00f0ur \u00e1 allt \u00fea\u00f0, sem \u00e9g hef sagt y\u00f0ur.<a name=\"27\"><span class=\"versanumer\">27<\/span><\/a>Fri\u00f0 l\u00e6t \u00e9g y\u00f0ur eftir, minn fri\u00f0 gef \u00e9g y\u00f0ur. Ekki gef \u00e9g y\u00f0ur eins og heimurinn gefur. Hjarta y\u00f0ar skelfist ekki n\u00e9 hr\u00e6\u00f0ist.<a name=\"28\"><span class=\"versanumer\">28<\/span><\/a>\u00de\u00e9r heyr\u00f0u\u00f0, a\u00f0 \u00e9g sag\u00f0i vi\u00f0 y\u00f0ur: \u00c9g fer burt og kem til y\u00f0ar. Ef \u00fe\u00e9r elsku\u00f0u\u00f0 mig, yr\u00f0u\u00f0 \u00fe\u00e9r gla\u00f0ir af \u00fev\u00ed, a\u00f0 \u00e9g fer til f\u00f6\u00f0urins, \u00fev\u00ed fa\u00f0irinn er m\u00e9r meiri.<a name=\"29\"><span class=\"versanumer\">29<\/span><\/a>N\u00fa hef \u00e9g sagt y\u00f0ur \u00fea\u00f0, \u00e1\u00f0ur en \u00fea\u00f0 ver\u00f0ur, svo a\u00f0 \u00fe\u00e9r tr\u00fai\u00f0, \u00feegar \u00fea\u00f0 gerist.<a name=\"30\"><span class=\"versanumer\">30<\/span><\/a>\u00c9g mun ekki framar tala margt vi\u00f0 y\u00f0ur, \u00fev\u00ed h\u00f6f\u00f0ingi heimsins kemur. \u00cd m\u00e9r \u00e1 hann ekki neitt.<a name=\"31\"><span class=\"versanumer\">31<\/span><\/a>En heimurinn \u00e1 a\u00f0 sj\u00e1, a\u00f0 \u00e9g elska f\u00f6\u00f0urinn og gj\u00f6ri eins og fa\u00f0irinn hefur bo\u00f0i\u00f0 m\u00e9r. Standi\u00f0 upp, v\u00e9r skulum fara h\u00e9\u00f0an.<\/p>\n<div class=\"footnote1981\"><b>14.1<\/b> Skelfist ekki J\u00f3h 14.27; sbr 16.6,20 \u2013 tr\u00fai\u00f0 \u00e1 Jes\u00fa sbr 5.38; 8.46-47<br \/>\n<b>14.3<\/b> \u00c9g kem aftur 1) Matt 16.27; 25.31; 1Kor 11.26; 16.22; 1\u00deess 4.16-17; 1J\u00f3h 2.28; Opb 22.17,20 2) J\u00f3h 14.18,23,28; 15.26; 16.7,13,16-23 \u2013 \u00fe\u00e9r s\u00e9u\u00f0 \u00fear sem \u00e9g er J\u00f3h 12.26; 17.24<br \/>\n<b>14.6<\/b> Jes\u00fas er vegurinn Heb 10.20; sbr Mrk 8.34 og hlst.; J\u00f3h 10.9; sbr Post 9.2+ &#8211; sannleikurinn J\u00f3h 1.14,18; 14.9; 17.8,14 \u2013 l\u00edfi\u00f0 J\u00f3h 1.4; 3.16; 6.40,47,63; 11.25<br \/>\n<b>14.7<\/b> \u00deekkja Jes\u00fa, \u00feekkja f\u00f6\u00f0urinn J\u00f3h 8.19<br \/>\n<b>14.8<\/b> Filippus Matt 10.3+<br \/>\n<b>14.9<\/b> Sj\u00e1 Jes\u00fa, sj\u00e1 f\u00f6\u00f0urinn J\u00f3h 1.18; 6.46; 12.45; K\u00f3l 1.15; Heb 1.3<br \/>\n<b>14.10<\/b> Samaband f\u00f6\u00f0ur og sonar J\u00f3h 10.38; 14.20; 17.21 \u2013 Jes\u00fas flytur or\u00f0 f\u00f6\u00f0urins J\u00f3h 12.49-50+<br \/>\n<b>14.11<\/b> Verk Jes\u00fa og tr\u00fa J\u00f3h 10.37-38<br \/>\n<b>14.12<\/b> \u00c9g fer til f\u00f6\u00f0urins J\u00f3h 7.33; 13.1; 14.28; 16.10,17,28; 20.17<br \/>\n<b>14.13<\/b> \u00dea\u00f0 mun \u00e9g gera J\u00f3h 15.16; 16.23,24,26; sbr 1J\u00f3h 5.14-15 \u2013 fa\u00f0irinn vegsamast \u00ed syninum J\u00f3h 13.31-32; 17.1,5<br \/>\n<b>14.15<\/b> Elska og hl\u00fd\u00f0a SSal 6.18; J\u00f3h 15.10; 1J\u00f3h 5.3; 2J\u00f3h 6<br \/>\n<b>14.16<\/b> Hj\u00e1lpari J\u00f3h 14.26; 15.26; 16.7; sbr 1J\u00f3h 2.1 \u2013 hj\u00e1 y\u00f0ur a\u00f0 eil\u00edfu Matt 28.20<br \/>\n<b>14.17<\/b> Andi sannleikans J\u00f3h 15.26; 16.13; sbr 1J\u00f3h 4.6; 5.6<br \/>\n<b>14.18<\/b> \u00c9g kem til y\u00f0ar J\u00f3h 14.3,28<br \/>\n<b>14.19<\/b> Innan skamms J\u00f3h 7.33-34,36 \u2013 \u00fe\u00e9r munu\u00f0 sj\u00e1 mig J\u00f3h 16.16; 1J\u00f3h 3.1-2 \u2013 \u00e9g lifi &#8230; J\u00f3h 6.57<br \/>\n<b>14.20<\/b> \u00c1 \u00feeim degi Jes 2.17; 4.1-2; Jer 4.9; Sak 2.15; J\u00f3h 16.23 \u2013 fa\u00f0ir og sonur J\u00f3h 10.38; 14.10-11 \u2013 og \u00e9g \u00ed y\u00f0ur J\u00f3h 17.21-23<br \/>\n<b>14.21<\/b> Elska og hl\u00fd\u00f0a J\u00f3h 14.15+ ; sbr 5.24; 12.47 \u2013 elska Jes\u00fa, elska f\u00f6\u00f0urinn J\u00f3h 16.27<br \/>\n<b>14.22<\/b> J\u00fadas L\u00fak 6.16; Post 1.13; sbr J\u00fad 1 \u2013 okkur en eigi heiminum Post 10.40-41<br \/>\n<b>14.23<\/b> B\u00fasta\u00f0ur 1Kon 8.27; Esk 37.26-27; Sak 2.14<br \/>\n<b>14.24<\/b> Or\u00f0 f\u00f6\u00f0urins J\u00f3h 12.49-50+<br \/>\n<b>14.26<\/b> Hj\u00e1lpari J\u00f3h 14.16+ &#8211; \u00ed m\u00ednu nafni J\u00f3h 14.13-14; 15.16; 16.23-26 \u2013 minna y\u00f0ur \u00e1 J\u00f3h 2.22+<br \/>\n<b>14.27<\/b> Fri\u00f0ur Jes 9.6; Sak 9.9-10; J\u00f3h 16.33; 20.19,21 \u2013 skelfist ekki J\u00f3h 14.1<br \/>\n<b>14.28<\/b> \u00c9g fer burt og kem &#8230; J\u00f3h 14.3; 16.16-17 \u2013 \u00e9g fer til f\u00f6\u00f0urins J\u00f3h 14.12+<br \/>\n<b>14.29<\/b> \u00c1\u00f0ur en \u00fea\u00f0 ver\u00f0ur J\u00f3h 13.19; 16.4<br \/>\n<b>14.30<\/b> H\u00f6f\u00f0ingi heimsins J\u00f3h 12.31+<br \/>\n<b>14.31<\/b> Geri eins og \u2026 J\u00f3h 12.49; 15.10 \u2013 standi\u00f0 upp Matt 26.46; Mrk 14.42<\/div>\n","protected":false},"excerpt":{"rendered":"<p>1Hjarta y\u00f0ar skelfist ekki. Tr\u00fai\u00f0 \u00e1 Gu\u00f0 og tr\u00fai\u00f0 \u00e1 mig.2\u00cd h\u00fasi f\u00f6\u00f0ur m\u00edns eru margar vistarverur. V\u00e6ri ekki svo, hef\u00f0i \u00e9g \u00fe\u00e1 sagt y\u00f0ur, a\u00f0 \u00e9g f\u00e6ri burt a\u00f0 b\u00faa y\u00f0ur sta\u00f0?3\u00deegar \u00e9g er farinn burt og hef b\u00fai\u00f0 y\u00f0ur sta\u00f0, kem \u00e9g aftur og tek y\u00f0ur til m\u00edn, svo a\u00f0 \u00fe\u00e9r s\u00e9u\u00f0 einnig \u00fear sem \u00e9g er.4Veginn \u00feanga\u00f0, sem \u00e9g fer, \u00feekki\u00f0 \u00fe\u00e9r.5T\u00f3mas segir vi\u00f0 hann: Herra, v\u00e9r vitum ekki, hvert \u00fe\u00fa fer\u00f0, hvernig getum v\u00e9r \u00fe\u00e1 \u00feekkt veginn?6Jes\u00fas segir vi\u00f0 hann: \u00c9g er vegurinn, sannleikurinn og l\u00edfi\u00f0. Enginn kemur til f\u00f6\u00f0urins, nema fyrir mig.7Ef \u00fe\u00e9r hafi\u00f0 \u00feekkt <a href=\"https:\/\/biblian.is\/1981\/johannesargudspjall-14-kafli\/\"> [&#8230;]<\/a><\/p>\n","protected":false},"author":1,"featured_media":0,"parent":0,"menu_order":0,"comment_status":"open","ping_status":"open","template":"bibliukaflar.php","meta":{"footnotes":""},"class_list":["post-2358","page","type-page","status-publish","hentry"],"_links":{"self":[{"href":"https:\/\/biblian.is\/1981\/wp-json\/wp\/v2\/pages\/2358","targetHints":{"allow":["GET"]}}],"collection":[{"href":"https:\/\/biblian.is\/1981\/wp-json\/wp\/v2\/pages"}],"about":[{"href":"https:\/\/biblian.is\/1981\/wp-json\/wp\/v2\/types\/page"}],"author":[{"embeddable":true,"href":"https:\/\/biblian.is\/1981\/wp-json\/wp\/v2\/users\/1"}],"replies":[{"embeddable":true,"href":"https:\/\/biblian.is\/1981\/wp-json\/wp\/v2\/comments?post=2358"}],"version-history":[{"count":0,"href":"https:\/\/biblian.is\/1981\/wp-json\/wp\/v2\/pages\/2358\/revisions"}],"wp:attachment":[{"href":"https:\/\/biblian.is\/1981\/wp-json\/wp\/v2\/media?parent=2358"}],"curies":[{"name":"wp","href":"https:\/\/api.w.org\/{rel}","templated":true}]}}