{"id":2357,"date":"2017-11-18T20:21:31","date_gmt":"2017-11-18T20:21:31","guid":{"rendered":"http:\/\/biblian.is\/1981\/johannesargudspjall-13-kafli\/"},"modified":"2017-11-18T20:21:31","modified_gmt":"2017-11-18T20:21:31","slug":"johannesargudspjall-13-kafli","status":"publish","type":"page","link":"https:\/\/biblian.is\/1981\/johannesargudspjall-13-kafli\/","title":{"rendered":"J\u00f3hannesargu\u00f0spjall 13. kafli"},"content":{"rendered":"<p><a name=\"1\"><span class=\"versanumer\">1<\/span><\/a>H\u00e1t\u00ed\u00f0 p\u00e1skanna var a\u00f0 ganga \u00ed gar\u00f0. Jes\u00fas vissi, a\u00f0 stund hans var kominn og a\u00f0 hann f\u00e6ri burt \u00far \u00feessum heimi til f\u00f6\u00f0urins. Hann haf\u00f0i elska\u00f0 s\u00edna, \u00fe\u00e1 sem \u00ed heiminum voru. Hann elska\u00f0i \u00fe\u00e1, uns yfir lauk.<a name=\"2\"><span class=\"versanumer\">2<\/span><\/a>Kv\u00f6ldm\u00e1lt\u00ed\u00f0 st\u00f3\u00f0 yfir. Dj\u00f6fullinn haf\u00f0i \u00feegar bl\u00e1si\u00f0 \u00fev\u00ed \u00ed brj\u00f3st J\u00fadasi S\u00edmonarsyni \u00cdskar\u00edots a\u00f0 sv\u00edkja Jes\u00fa.<a name=\"3\"><span class=\"versanumer\">3<\/span><\/a>Jes\u00fas vissi, a\u00f0 fa\u00f0irinn haf\u00f0i lagt allt \u00ed hendur honum, a\u00f0 hann var fr\u00e1 Gu\u00f0i kominn og var a\u00f0 fara til Gu\u00f0s.<a name=\"4\"><span class=\"versanumer\">4<\/span><\/a>Hann st\u00f3\u00f0 upp fr\u00e1 m\u00e1lt\u00ed\u00f0inni, lag\u00f0i af s\u00e9r yfirh\u00f6fnina, t\u00f3k l\u00ednd\u00fak og batt um sig.<a name=\"5\"><span class=\"versanumer\">5<\/span><\/a>S\u00ed\u00f0an hellti hann vatni \u00ed mundlaug og t\u00f3k a\u00f0 \u00fevo f\u00e6tur l\u00e6risveinanna og \u00feerra me\u00f0 l\u00ednd\u00faknum, sem hann haf\u00f0i um sig.<a name=\"6\"><span class=\"versanumer\">6<\/span><\/a>Hann kemur \u00fe\u00e1 a\u00f0 S\u00edmoni P\u00e9tri, sem segir vi\u00f0 hann: Herra, \u00e6tlar \u00fe\u00fa a\u00f0 \u00fevo m\u00e9r um f\u00e6turna?<a name=\"7\"><span class=\"versanumer\">7<\/span><\/a>Jes\u00fas svara\u00f0i: N\u00fa skilur \u00fe\u00fa ekki, hva\u00f0 \u00e9g er a\u00f0 gj\u00f6ra, en seinna muntu skilja \u00fea\u00f0.<a name=\"8\"><span class=\"versanumer\">8<\/span><\/a>P\u00e9tur segir vi\u00f0 hann: Aldrei a\u00f0 eil\u00edfu skaltu \u00fevo f\u00e6tur m\u00edna. Jes\u00fas svara\u00f0i: Ef \u00e9g \u00fev\u00e6 \u00fe\u00e9r ekki, \u00e1ttu enga samlei\u00f0 me\u00f0 m\u00e9r.<a name=\"9\"><span class=\"versanumer\">9<\/span><\/a>S\u00edmon P\u00e9tur segir vi\u00f0 hann: Herra, ekki a\u00f0eins f\u00e6tur m\u00edna, l\u00edka hendurnar og h\u00f6fu\u00f0i\u00f0.<a name=\"10\"><span class=\"versanumer\">10<\/span><\/a>Jes\u00fas segir vi\u00f0 hann: S\u00e1 sem laugast hefur, \u00fearf ekki a\u00f0 \u00fevost nema um f\u00e6tur. Hann er allur hreinn. Og \u00fe\u00e9r eru\u00f0 hreinir, \u00fe\u00f3 ekki allir.<a name=\"11\"><span class=\"versanumer\">11<\/span><\/a>Hann vissi, hver mundi sv\u00edkja hann, og \u00fev\u00ed sag\u00f0i hann: \u00de\u00e9r eru\u00f0 ekki allir hreinir.<a name=\"12\"><span class=\"versanumer\">12<\/span><\/a>\u00deegar hann haf\u00f0i \u00fevegi\u00f0 f\u00e6tur \u00feeirra, teki\u00f0 yfirh\u00f6fn s\u00edna og setst aftur ni\u00f0ur, sag\u00f0i hann vi\u00f0 \u00fe\u00e1: Skilji\u00f0 \u00fe\u00e9r, hva\u00f0 \u00e9g hef gj\u00f6rt vi\u00f0 y\u00f0ur?<a name=\"13\"><span class=\"versanumer\">13<\/span><\/a>\u00de\u00e9r kalli\u00f0 mig meistara og herra, og \u00fe\u00e9r m\u00e6li\u00f0 r\u00e9tt, \u00fev\u00ed \u00fea\u00f0 er \u00e9g.<a name=\"14\"><span class=\"versanumer\">14<\/span><\/a>Fyrst \u00e9g, sem er herra og meistari, hef n\u00fa \u00fevegi\u00f0 y\u00f0ur um f\u00e6turna, \u00fe\u00e1 ber y\u00f0ur einnig a\u00f0 \u00fevo hver annars f\u00e6tur.<a name=\"15\"><span class=\"versanumer\">15<\/span><\/a>\u00c9g hef gefi\u00f0 y\u00f0ur eftird\u00e6mi, a\u00f0 \u00fe\u00e9r breyti\u00f0 eins og \u00e9g breytti vi\u00f0 y\u00f0ur.<a name=\"16\"><span class=\"versanumer\">16<\/span><\/a>Sannlega, sannlega segi \u00e9g y\u00f0ur: \u00dej\u00f3nn er ekki meiri en herra hans n\u00e9 sendibo\u00f0i meiri \u00feeim, er sendi hann.<a name=\"17\"><span class=\"versanumer\">17<\/span><\/a>\u00de\u00e9r viti\u00f0 \u00feetta, og \u00fe\u00e9r eru\u00f0 s\u00e6lir, ef \u00fe\u00e9r breyti\u00f0 eftir \u00fev\u00ed.<a name=\"18\"><span class=\"versanumer\">18<\/span><\/a>\u00c9g tala ekki um y\u00f0ur alla. \u00c9g veit, hverja \u00e9g hef \u00fatvali\u00f0. En ritningin ver\u00f0ur a\u00f0 r\u00e6tast: S\u00e1 sem etur brau\u00f0 mitt, lyftir h\u00e6li s\u00ednum m\u00f3ti m\u00e9r.<a name=\"19\"><span class=\"versanumer\">19<\/span><\/a>\u00c9g segi y\u00f0ur \u00feetta n\u00fana, \u00e1\u00f0ur en \u00fea\u00f0 ver\u00f0ur, svo a\u00f0 \u00fe\u00e9r tr\u00fai\u00f0, \u00feegar \u00fea\u00f0 er or\u00f0i\u00f0, a\u00f0 \u00e9g er s\u00e1 sem \u00e9g er.<a name=\"20\"><span class=\"versanumer\">20<\/span><\/a>Sannlega, sannlega segi \u00e9g y\u00f0ur: S\u00e1 sem tekur vi\u00f0 \u00feeim, sem \u00e9g sendi, hann tekur vi\u00f0 m\u00e9r, og s\u00e1 sem tekur vi\u00f0 m\u00e9r, tekur vi\u00f0 \u00feeim er sendi mig.<a name=\"21\"><span class=\"versanumer\">21<\/span><\/a>\u00deegar Jes\u00fas haf\u00f0i sagt \u00feetta, var\u00f0 honum mj\u00f6g \u00feungt um hjarta og hann sag\u00f0i beinum or\u00f0um: Sannlega, sannlega segi \u00e9g y\u00f0ur: Einn af y\u00f0ur mun sv\u00edkja mig.<a name=\"22\"><span class=\"versanumer\">22<\/span><\/a>L\u00e6risveinarnir litu hver \u00e1 annan og skildu ekki, vi\u00f0 hvern hann \u00e6tti.<a name=\"23\"><span class=\"versanumer\">23<\/span><\/a>S\u00e1 l\u00e6risveinn Jes\u00fa, sem hann elska\u00f0i, sat n\u00e6stur honum.<a name=\"24\"><span class=\"versanumer\">24<\/span><\/a>S\u00edmon P\u00e9tur benti honum og ba\u00f0 hann spyrja, hver s\u00e1 v\u00e6ri, sem Jes\u00fas tala\u00f0i um.<a name=\"25\"><span class=\"versanumer\">25<\/span><\/a>Hann laut \u00fe\u00e1 a\u00f0 Jes\u00fa og spur\u00f0i: Herra, hver er \u00fea\u00f0?<a name=\"26\"><span class=\"versanumer\">26<\/span><\/a>Jes\u00fas svara\u00f0i: \u00dea\u00f0 er s\u00e1 sem \u00e9g f\u00e6 bita \u00feann, er \u00e9g d\u00fdfi n\u00fa \u00ed. \u00de\u00e1 d\u00fdf\u00f0i hann \u00ed bitanum, t\u00f3k hann og f\u00e9kk J\u00fadasi S\u00edmonarsyni \u00cdskar\u00edots.<a name=\"27\"><span class=\"versanumer\">27<\/span><\/a>Og eftir \u00feann bita f\u00f3r Satan inn \u00ed hann. Jes\u00fas segir vi\u00f0 hann: \u00dea\u00f0 sem \u00fe\u00fa gj\u00f6rir, \u00fea\u00f0 gj\u00f6r \u00fe\u00fa skj\u00f3tt!<a name=\"28\"><span class=\"versanumer\">28<\/span><\/a>En enginn \u00feeirra, sem s\u00e1tu til bor\u00f0s, vissi til hvers hann sag\u00f0i \u00feetta vi\u00f0 hann.<a name=\"29\"><span class=\"versanumer\">29<\/span><\/a>En af \u00fev\u00ed a\u00f0 J\u00fadas haf\u00f0i pyngjuna, h\u00e9ldu sumir \u00feeirra, a\u00f0 Jes\u00fas hef\u00f0i sagt vi\u00f0 hann: Kauptu \u00fea\u00f0, sem v\u00e9r \u00feurfum til h\u00e1t\u00ed\u00f0arinnar, e\u00f0a a\u00f0 hann skyldi gefa eitthva\u00f0 f\u00e1t\u00e6kum.<a name=\"30\"><span class=\"versanumer\">30<\/span><\/a>\u00de\u00e1 er hann haf\u00f0i teki\u00f0 vi\u00f0 bitanum, gekk hann jafnskj\u00f3tt \u00fat. \u00de\u00e1 var n\u00f3tt.<a name=\"31\"><span class=\"versanumer\">31<\/span><\/a>\u00deegar hann var farinn \u00fat, sag\u00f0i Jes\u00fas: N\u00fa er Mannssonurinn d\u00fdrlegur or\u00f0inn, og Gu\u00f0 er or\u00f0inn d\u00fdrlegur \u00ed honum.<a name=\"32\"><span class=\"versanumer\">32<\/span><\/a>Fyrst Gu\u00f0 er or\u00f0inn d\u00fdrlegur \u00ed honum, mun Gu\u00f0 og gj\u00f6ra hann d\u00fdrlegan \u00ed s\u00e9r, og skj\u00f3tt mun hann gj\u00f6ra hann d\u00fdrlegan.<a name=\"33\"><span class=\"versanumer\">33<\/span><\/a>B\u00f6rnin m\u00edn, stutta stund ver\u00f0 \u00e9g enn me\u00f0 y\u00f0ur. \u00de\u00e9r munu\u00f0 leita m\u00edn, og eins og \u00e9g sag\u00f0i Gy\u00f0ingum, segi \u00e9g y\u00f0ur n\u00fa: \u00deanga\u00f0 sem \u00e9g fer, geti\u00f0 \u00fe\u00e9r ekki komist.<a name=\"34\"><span class=\"versanumer\">34<\/span><\/a>N\u00fdtt bo\u00f0or\u00f0 gef \u00e9g y\u00f0ur, a\u00f0 \u00fe\u00e9r elski\u00f0 hver annan. Eins og \u00e9g hef elska\u00f0 y\u00f0ur, skulu\u00f0 \u00fe\u00e9r einnig elska hver annan.<a name=\"35\"><span class=\"versanumer\">35<\/span><\/a>\u00c1 \u00fev\u00ed munu allir \u00feekkja, a\u00f0 \u00fe\u00e9r eru\u00f0 m\u00ednir l\u00e6risveinar, ef \u00fe\u00e9r beri\u00f0 elsku hver til annars.<a name=\"36\"><span class=\"versanumer\">36<\/span><\/a>S\u00edmon P\u00e9tur segir vi\u00f0 hann: Herra, hvert fer\u00f0u? Jes\u00fas svara\u00f0i: \u00de\u00fa getur ekki fylgt m\u00e9r n\u00fa \u00feanga\u00f0 sem \u00e9g fer, en s\u00ed\u00f0ar muntu fylgja m\u00e9r.<a name=\"37\"><span class=\"versanumer\">37<\/span><\/a>P\u00e9tur segir vi\u00f0 hann: Herra, hv\u00ed get \u00e9g ekki fylgt \u00fe\u00e9r n\u00fa? \u00c9g vil leggja l\u00edf mitt \u00ed s\u00f6lurnar fyrir \u00feig.<a name=\"38\"><span class=\"versanumer\">38<\/span><\/a>Jes\u00fas svara\u00f0i: Viltu leggja l\u00edf \u00feitt \u00ed s\u00f6lurnar fyrir mig? Sannlega, sannlega segi \u00e9g \u00fe\u00e9r: Ekki mun hani gala fyrr en \u00fe\u00fa hefur afneita\u00f0 m\u00e9r \u00ferisvar.<\/p>\n<div class=\"footnote1981\"><b>13.1<\/b> P\u00e1skar J\u00f3h 2.13+ &#8211; stund hans komin Matt 26.45; Mrk 14.41; J\u00f3h 12.23,27; 17.1; sbr 2.4+ &#8211; til f\u00f6\u00f0urins J\u00f3h 16.28 \u2013 k\u00e6rleikur og dau\u00f0i Jes\u00fa J\u00f3h 13.34; 15.9; 17.23; 1J\u00f3h 3.16; sbr R\u00f3m 5.8; 8.35; 2Kor 5.14; Gal 2.20; Ef 3.18; 5.1-2<br \/>\n<b>13.2<\/b> J\u00fadas Matt 10.4+ &#8211; haf\u00f0i bl\u00e1si\u00f0 \u00ed brj\u00f3st honum L\u00fak 22.3; J\u00f3h 13.27<br \/>\n<b>13.3<\/b> Allt \u00ed hendur honum Matt 11.27; L\u00fak 10.22; J\u00f3h 3.35; 5.19-20,36; 6.37,39 \u2013 fr\u00e1 Gu\u00f0i kominn J\u00f3h 8.42; 16.27-28; 17.8 \u2013 fara til Gu\u00f0s J\u00f3h 7.33-34; 16.28; sbr 3.13; 6.62<br \/>\n<b>13.5<\/b> \u00devo f\u00e6tur L\u00fak 7.44; sbr J\u00f3h 12.3<br \/>\n<b>13.10<\/b> Hreinn J\u00f3h 15.3<br \/>\n<b>13.11<\/b> Vissi, hver mundi sv\u00edkja J\u00f3h 6.64,70-71<br \/>\n<b>13.13<\/b> Kalli\u00f0 mig meistara Matt 23.8,10<br \/>\n<b>13.14<\/b> Herrann \u00fej\u00f3nar Matt 20.28; L\u00fak 22.27 \u2013 \u00fevo f\u00e6tur 1T\u00edm 5.10<br \/>\n<b>13.15<\/b> Eftird\u00e6mi Fil 2.5; 1P\u00e9t 2.21; sbr J\u00f3h 13.34; 15.12<br \/>\n<b>13.16<\/b> \u00dej\u00f3nninn og herra hans Matt 10.24+ ; L\u00fak 22.24-30<br \/>\n<b>13.17<\/b> S\u00e6lir Jak 1.22,25; sbr Matt 7.24-27; R\u00f3m 2.13<br \/>\n<b>13.18<\/b> \u00datvelja J\u00f3h 6.70; 15.16 \u2013 s\u00e1 sem etur Slm 41.10; sbr Mrk 14.18<br \/>\n<b>13.19<\/b> \u00c1\u00f0ur en \u00fea\u00f0 ver\u00f0ur J\u00f3h 14.29; 16.4 \u2013 tr\u00faa a\u00f0 \u00e9g er J\u00f3h 8.24,28,58<br \/>\n<b>13.20<\/b> Taka vi\u00f0 Jes\u00fa Matt 10.40; 18.5; Mrk 9.37; L\u00fak 9.48; 10.16; J\u00f3h 12.44<br \/>\n<b>13.21<\/b> \u00deungt um hjarta J\u00f3h 11.33; 12.27<br \/>\n<b>13.23<\/b> L\u00e6risveinninn, sem Jes\u00fas elska\u00f0i J\u00f3h 19.26; 20.2; 21.7,20<br \/>\n<b>13.27<\/b> Satan fer inn \u00ed J\u00fadas L\u00fak 22.3; J\u00f3h 13.2<br \/>\n<b>13.29<\/b> Haf\u00f0i pyngjuna J\u00f3h 12.6<br \/>\n<b>13.30<\/b> \u00de\u00e1 var n\u00f3tt L\u00fak 22.53; J\u00f3h 9.4; 11.10; 12.35<br \/>\n<b>13.31<\/b> Mannssonurinn Matt 8.20+ &#8211; d\u00fdrlegur J\u00f3h 16.14; 7.39+<br \/>\n<b>13.33<\/b> Stutta stund enn J\u00f3h 7.33; 19 \u2013 geti\u00f0 \u00fe\u00e9r ekki komist J\u00f3h 7.34,36; 8.21<br \/>\n<b>13.34<\/b> Elski\u00f0 hvert anna\u00f0 J\u00f3h 15.12,17; 1J\u00f3h 3.11,23 \u2013 n\u00fdtt bo\u00f0or\u00f0 1J\u00f3h 2.8; 2J\u00f3h 5<br \/>\n<b>13.35<\/b> \u00c1 \u00fev\u00ed \u00feekktur 1J\u00f3h 3.14<br \/>\n<b>13.36<\/b> Herra, hvert fer\u00f0u? J\u00f3h 7.35; 14.5; sbr 16.5 \u2013 s\u00ed\u00f0ar J\u00f3h 21.18-19<\/div>\n","protected":false},"excerpt":{"rendered":"<p>1H\u00e1t\u00ed\u00f0 p\u00e1skanna var a\u00f0 ganga \u00ed gar\u00f0. Jes\u00fas vissi, a\u00f0 stund hans var kominn og a\u00f0 hann f\u00e6ri burt \u00far \u00feessum heimi til f\u00f6\u00f0urins. Hann haf\u00f0i elska\u00f0 s\u00edna, \u00fe\u00e1 sem \u00ed heiminum voru. Hann elska\u00f0i \u00fe\u00e1, uns yfir lauk.2Kv\u00f6ldm\u00e1lt\u00ed\u00f0 st\u00f3\u00f0 yfir. Dj\u00f6fullinn haf\u00f0i \u00feegar bl\u00e1si\u00f0 \u00fev\u00ed \u00ed brj\u00f3st J\u00fadasi S\u00edmonarsyni \u00cdskar\u00edots a\u00f0 sv\u00edkja Jes\u00fa.3Jes\u00fas vissi, a\u00f0 fa\u00f0irinn haf\u00f0i lagt allt \u00ed hendur honum, a\u00f0 hann var fr\u00e1 Gu\u00f0i kominn og var a\u00f0 fara til Gu\u00f0s.4Hann st\u00f3\u00f0 upp fr\u00e1 m\u00e1lt\u00ed\u00f0inni, lag\u00f0i af s\u00e9r yfirh\u00f6fnina, t\u00f3k l\u00ednd\u00fak og batt um sig.5S\u00ed\u00f0an hellti hann vatni \u00ed mundlaug og t\u00f3k a\u00f0 \u00fevo f\u00e6tur l\u00e6risveinanna <a href=\"https:\/\/biblian.is\/1981\/johannesargudspjall-13-kafli\/\"> [&#8230;]<\/a><\/p>\n","protected":false},"author":1,"featured_media":0,"parent":0,"menu_order":0,"comment_status":"open","ping_status":"open","template":"bibliukaflar.php","meta":{"footnotes":""},"class_list":["post-2357","page","type-page","status-publish","hentry"],"_links":{"self":[{"href":"https:\/\/biblian.is\/1981\/wp-json\/wp\/v2\/pages\/2357","targetHints":{"allow":["GET"]}}],"collection":[{"href":"https:\/\/biblian.is\/1981\/wp-json\/wp\/v2\/pages"}],"about":[{"href":"https:\/\/biblian.is\/1981\/wp-json\/wp\/v2\/types\/page"}],"author":[{"embeddable":true,"href":"https:\/\/biblian.is\/1981\/wp-json\/wp\/v2\/users\/1"}],"replies":[{"embeddable":true,"href":"https:\/\/biblian.is\/1981\/wp-json\/wp\/v2\/comments?post=2357"}],"version-history":[{"count":0,"href":"https:\/\/biblian.is\/1981\/wp-json\/wp\/v2\/pages\/2357\/revisions"}],"wp:attachment":[{"href":"https:\/\/biblian.is\/1981\/wp-json\/wp\/v2\/media?parent=2357"}],"curies":[{"name":"wp","href":"https:\/\/api.w.org\/{rel}","templated":true}]}}