{"id":2356,"date":"2017-11-18T20:21:31","date_gmt":"2017-11-18T20:21:31","guid":{"rendered":"http:\/\/biblian.is\/1981\/johannesargudspjall-12-kafli\/"},"modified":"2017-11-18T20:21:31","modified_gmt":"2017-11-18T20:21:31","slug":"johannesargudspjall-12-kafli","status":"publish","type":"page","link":"https:\/\/biblian.is\/1981\/johannesargudspjall-12-kafli\/","title":{"rendered":"J\u00f3hannesargu\u00f0spjall 12. kafli"},"content":{"rendered":"<p><a name=\"1\"><span class=\"versanumer\">1<\/span><\/a>Sex d\u00f6gum fyrir p\u00e1ska kom Jes\u00fas til Betan\u00edu, \u00fear sem Lasarus var, s\u00e1 er hann vakti fr\u00e1 dau\u00f0um.<a name=\"2\"><span class=\"versanumer\">2<\/span><\/a>\u00dear var honum b\u00fainn kv\u00f6ldver\u00f0ur, og Marta gekk um beina, en Lasarus var einn \u00feeirra, sem a\u00f0 bor\u00f0i s\u00e1tu me\u00f0 honum.<a name=\"3\"><span class=\"versanumer\">3<\/span><\/a>\u00de\u00e1 t\u00f3k Mar\u00eda pund af \u00f3mengu\u00f0um, d\u00fdrum nardussmyrslum og smur\u00f0i f\u00e6tur Jes\u00fa og \u00feerra\u00f0i me\u00f0 h\u00e1ri s\u00ednu f\u00e6tur hans. En h\u00fasi\u00f0 fylltist ilmi smyrslanna.<a name=\"4\"><span class=\"versanumer\">4<\/span><\/a>Segir \u00fe\u00e1 J\u00fadas \u00cdskar\u00edot, einn l\u00e6risveina hans, s\u00e1 er mundi sv\u00edkja hann:<a name=\"5\"><span class=\"versanumer\">5<\/span><\/a>Hv\u00ed voru \u00feessi smyrsl ekki seld fyrir \u00ferj\u00fa hundru\u00f0 denara og gefin f\u00e1t\u00e6kum?<a name=\"6\"><span class=\"versanumer\">6<\/span><\/a>Ekki sag\u00f0i hann \u00feetta af \u00fev\u00ed, a\u00f0 hann l\u00e9ti s\u00e9r annt um f\u00e1t\u00e6ka, heldur af \u00fev\u00ed, a\u00f0 hann var \u00fej\u00f3fur. Hann haf\u00f0i pyngjuna og t\u00f3k \u00fea\u00f0, sem \u00ed hana var l\u00e1ti\u00f0.<a name=\"7\"><span class=\"versanumer\">7<\/span><\/a>\u00de\u00e1 sag\u00f0i Jes\u00fas: L\u00e1t hana \u00ed fri\u00f0i. H\u00fan hefur geymt \u00feetta til greftrunardags m\u00edns.<a name=\"8\"><span class=\"versanumer\">8<\/span><\/a>F\u00e1t\u00e6ka hafi\u00f0 \u00fe\u00e9r \u00e6t\u00ed\u00f0 hj\u00e1 y\u00f0ur, en mig hafi\u00f0 \u00fe\u00e9r ekki \u00e1vallt.<a name=\"9\"><span class=\"versanumer\">9<\/span><\/a>N\u00fa komst allur fj\u00f6ldi Gy\u00f0inga a\u00f0 \u00fev\u00ed, a\u00f0 Jes\u00fas v\u00e6ri \u00fearna, og \u00feeir komu \u00feanga\u00f0, ekki a\u00f0eins hans vegna, heldur og til a\u00f0 sj\u00e1 Lasarus, sem hann haf\u00f0i vaki\u00f0 fr\u00e1 dau\u00f0um.<a name=\"10\"><span class=\"versanumer\">10<\/span><\/a>\u00de\u00e1 r\u00e9\u00f0u \u00e6\u00f0stu prestarnir af a\u00f0 taka einnig Lasarus af l\u00edfi,<a name=\"11\"><span class=\"versanumer\">11<\/span><\/a>\u00fev\u00ed vegna hans sneru margir Gy\u00f0ingar baki vi\u00f0 \u00feeim og f\u00f3ru a\u00f0 tr\u00faa \u00e1 Jes\u00fa.<a name=\"12\"><span class=\"versanumer\">12<\/span><\/a>S\u00e1 mikli mannfj\u00f6ldi, sem kominn var til h\u00e1t\u00ed\u00f0arinnar, fr\u00e9tti degi s\u00ed\u00f0ar, a\u00f0 Jes\u00fas v\u00e6ri a\u00f0 koma til Jer\u00fasalem.<a name=\"13\"><span class=\"versanumer\">13<\/span><\/a>\u00deeir t\u00f3ku \u00fe\u00e1 p\u00e1lmagreinar, f\u00f3ru \u00fat \u00e1 m\u00f3ti honum og hr\u00f3pu\u00f0u: H\u00f3sanna! Blessa\u00f0ur s\u00e9 s\u00e1, sem kemur, \u00ed nafni Drottins, konungur \u00cdsraels!<a name=\"14\"><span class=\"versanumer\">14<\/span><\/a>Jes\u00fas fann ungan asna og settist \u00e1 bak honum, eins og skrifa\u00f0 er:<a name=\"15\"><span class=\"versanumer\">15<\/span><\/a>\u00d3ttast ekki, d\u00f3ttir S\u00edon. Sj\u00e1, konungur \u00feinn kemur, r\u00ed\u00f0andi \u00e1 \u00f6snufola.<a name=\"16\"><span class=\"versanumer\">16<\/span><\/a>L\u00e6risveinar hans skildu \u00feetta ekki \u00ed fyrstu, en \u00feegar Jes\u00fas var d\u00fdrlegur or\u00f0inn, minntust \u00feeir \u00feess, a\u00f0 \u00feetta var rita\u00f0 um hann og a\u00f0 \u00feeir h\u00f6f\u00f0u gj\u00f6rt \u00feetta fyrir hann.<a name=\"17\"><span class=\"versanumer\">17<\/span><\/a>N\u00fa vitna\u00f0i f\u00f3lki\u00f0, sem me\u00f0 honum var, \u00feegar hann kalla\u00f0i Lasarus \u00fat \u00far gr\u00f6finni og vakti hann fr\u00e1 dau\u00f0um.<a name=\"18\"><span class=\"versanumer\">18<\/span><\/a>Vegna \u00feess f\u00f3r einnig mannfj\u00f6ldinn \u00e1 m\u00f3ti honum, \u00fev\u00ed menn h\u00f6f\u00f0u heyrt, a\u00f0 hann hef\u00f0i gj\u00f6rt \u00feetta t\u00e1kn.<a name=\"19\"><span class=\"versanumer\">19<\/span><\/a>\u00dev\u00ed s\u00f6g\u00f0u far\u00edsear s\u00edn \u00e1 milli: \u00de\u00e9r sj\u00e1i\u00f0, a\u00f0 \u00fe\u00e9r r\u00e1\u00f0i\u00f0 ekki vi\u00f0 neitt. Allur heimurinn eltir hann.<a name=\"20\"><span class=\"versanumer\">20<\/span><\/a>Grikkir nokkrir voru me\u00f0al \u00feeirra, sem f\u00f3ru upp eftir til a\u00f0 bi\u00f0jast fyrir \u00e1 h\u00e1t\u00ed\u00f0inni.<a name=\"21\"><span class=\"versanumer\">21<\/span><\/a>\u00deeir komu til Filippusar fr\u00e1 Betsa\u00eddu \u00ed Gal\u00edleu, b\u00e1\u00f0u hann og s\u00f6g\u00f0u: Herra, oss langar a\u00f0 sj\u00e1 Jes\u00fa.<a name=\"22\"><span class=\"versanumer\">22<\/span><\/a>Filippus kemur og segir \u00fea\u00f0 Andr\u00e9si. Andr\u00e9s og Filippus fara og segja Jes\u00fa.<a name=\"23\"><span class=\"versanumer\">23<\/span><\/a>Jes\u00fas svara\u00f0i \u00feeim: Stundin er komin, a\u00f0 Mannssonurinn ver\u00f0i gj\u00f6r\u00f0ur d\u00fdrlegur.<a name=\"24\"><span class=\"versanumer\">24<\/span><\/a>Sannlega, sannlega segi \u00e9g y\u00f0ur: Ef hveitikorni\u00f0 fellur ekki \u00ed j\u00f6r\u00f0ina og deyr, ver\u00f0ur \u00fea\u00f0 \u00e1fram eitt. En ef \u00fea\u00f0 deyr, ber \u00fea\u00f0 mikinn \u00e1v\u00f6xt.<a name=\"25\"><span class=\"versanumer\">25<\/span><\/a>S\u00e1 sem elskar l\u00edf sitt, glatar \u00fev\u00ed, en s\u00e1 sem hatar l\u00edf sitt \u00ed \u00feessum heimi, mun var\u00f0veita \u00fea\u00f0 til eil\u00edfs l\u00edfs.<a name=\"26\"><span class=\"versanumer\">26<\/span><\/a>S\u00e1 sem \u00fej\u00f3nar m\u00e9r, fylgi m\u00e9r eftir, og hvar sem \u00e9g er, \u00fear mun og \u00fej\u00f3nn minn vera. \u00deann sem \u00fej\u00f3nar m\u00e9r, mun fa\u00f0irinn hei\u00f0ra.<a name=\"27\"><span class=\"versanumer\">27<\/span><\/a>N\u00fa er s\u00e1l m\u00edn skelfd, og hva\u00f0 \u00e1 \u00e9g a\u00f0 segja? Fa\u00f0ir, frelsa mig fr\u00e1 \u00feessari stundu? Nei, til \u00feessa er \u00e9g kominn a\u00f0 \u00feessari stundu:<a name=\"28\"><span class=\"versanumer\">28<\/span><\/a>Fa\u00f0ir, gj\u00f6r nafn \u00feitt d\u00fdrlegt! \u00de\u00e1 kom r\u00f6dd af himni: \u00c9g hef gj\u00f6rt \u00fea\u00f0 d\u00fdrlegt og mun enn gj\u00f6ra \u00fea\u00f0 d\u00fdrlegt.<a name=\"29\"><span class=\"versanumer\">29<\/span><\/a>Mannfj\u00f6ldinn, sem hj\u00e1 st\u00f3\u00f0 og hl\u00fdddi \u00e1, sag\u00f0i, a\u00f0 \u00feruma hef\u00f0i ri\u00f0i\u00f0 yfir. En a\u00f0rir s\u00f6g\u00f0u: Engill var a\u00f0 tala vi\u00f0 hann.<a name=\"30\"><span class=\"versanumer\">30<\/span><\/a>Jes\u00fas svara\u00f0i \u00feeim: \u00deessi r\u00f6dd kom ekki m\u00edn vegna, heldur y\u00f0ar vegna.<a name=\"31\"><span class=\"versanumer\">31<\/span><\/a>N\u00fa gengur d\u00f3mur yfir \u00feennan heim. N\u00fa skal h\u00f6f\u00f0ingja \u00feessa heims \u00fat kasta\u00f0.<a name=\"32\"><span class=\"versanumer\">32<\/span><\/a>Og \u00feegar \u00e9g ver\u00f0 hafinn upp fr\u00e1 j\u00f6r\u00f0u, mun \u00e9g draga alla til m\u00edn.<a name=\"33\"><span class=\"versanumer\">33<\/span><\/a>\u00deetta sag\u00f0i hann til a\u00f0 gefa til kynna, me\u00f0 hva\u00f0a h\u00e6tti hann \u00e1tti a\u00f0 deyja.<a name=\"34\"><span class=\"versanumer\">34<\/span><\/a>Mannfj\u00f6ldinn svara\u00f0i honum: L\u00f6gm\u00e1li\u00f0 segir oss, a\u00f0 Kristur muni ver\u00f0a til eil\u00edf\u00f0ar. Hvernig getur \u00fe\u00fa sagt, a\u00f0 Mannssonurinn eigi a\u00f0 ver\u00f0a upp hafinn? Hver er \u00feessi Mannssonur?<a name=\"35\"><span class=\"versanumer\">35<\/span><\/a>\u00de\u00e1 sag\u00f0i Jes\u00fas vi\u00f0 \u00fe\u00e1: Skamma stund er lj\u00f3si\u00f0 enn \u00e1 me\u00f0al y\u00f0ar. Gangi\u00f0, me\u00f0an \u00fe\u00e9r hafi\u00f0 lj\u00f3si\u00f0, svo a\u00f0 myrkri\u00f0 hremmi y\u00f0ur ekki. S\u00e1 sem gengur \u00ed myrkri, veit ekki, hvert hann fer.<a name=\"36\"><span class=\"versanumer\">36<\/span><\/a>Tr\u00fai\u00f0 \u00e1 lj\u00f3si\u00f0, me\u00f0an \u00fe\u00e9r hafi\u00f0 lj\u00f3si\u00f0, svo a\u00f0 \u00fe\u00e9r ver\u00f0i\u00f0 b\u00f6rn lj\u00f3ssins. \u00deetta m\u00e6lti Jes\u00fas og f\u00f3r burt og duldist \u00feeim.<a name=\"37\"><span class=\"versanumer\">37<\/span><\/a>\u00de\u00f3tt hann hef\u00f0i gj\u00f6rt svo m\u00f6rg t\u00e1kn fyrir augum \u00feeirra, tr\u00fa\u00f0u \u00feeir ekki \u00e1 hann,<a name=\"38\"><span class=\"versanumer\">38<\/span><\/a>svo a\u00f0 r\u00e6ttist or\u00f0 Jesaja sp\u00e1manns, er hann m\u00e6lti: Drottinn, hver tr\u00fa\u00f0i bo\u00f0un vorri, og hverjum var\u00f0 armur Drottins opinber?<a name=\"39\"><span class=\"versanumer\">39<\/span><\/a>\u00deess vegna g\u00e1tu \u00feeir ekki tr\u00faa\u00f0, enda segir Jesaja \u00e1 \u00f6\u00f0rum sta\u00f0:<a name=\"40\"><span class=\"versanumer\">40<\/span><\/a>Hann hefur blinda\u00f0 augu \u00feeirra og forhert hjarta \u00feeirra, a\u00f0 \u00feeir sj\u00e1i ekki me\u00f0 augunum n\u00e9 skilji me\u00f0 hjartanu og sn\u00fai s\u00e9r og \u00e9g l\u00e6kni \u00fe\u00e1.<a name=\"41\"><span class=\"versanumer\">41<\/span><\/a>Jesaja sag\u00f0i \u00feetta af \u00fev\u00ed a\u00f0 hann s\u00e1 d\u00fdr\u00f0 hans og tala\u00f0i um hann.<a name=\"42\"><span class=\"versanumer\">42<\/span><\/a>Samt tr\u00fa\u00f0u margir \u00e1 hann, jafnvel h\u00f6f\u00f0ingjar, en gengust ekki vi\u00f0 \u00fev\u00ed vegna far\u00edseanna, svo a\u00f0 \u00feeir yr\u00f0u ekki samkundur\u00e6kir.<a name=\"43\"><span class=\"versanumer\">43<\/span><\/a>\u00deeir kusu heldur hei\u00f0ur manna en hei\u00f0ur fr\u00e1 Gu\u00f0i.<a name=\"44\"><span class=\"versanumer\">44<\/span><\/a>En Jes\u00fas hr\u00f3pa\u00f0i: S\u00e1 sem tr\u00fair \u00e1 mig, tr\u00fair ekki \u00e1 mig, heldur \u00feann sem sendi mig,<a name=\"45\"><span class=\"versanumer\">45<\/span><\/a>og s\u00e1 sem s\u00e9r mig, s\u00e9r \u00feann er sendi mig.<a name=\"46\"><span class=\"versanumer\">46<\/span><\/a>\u00c9g er lj\u00f3s \u00ed heiminn komi\u00f0, svo a\u00f0 enginn, sem \u00e1 mig tr\u00fair, s\u00e9 \u00e1fram \u00ed myrkri.<a name=\"47\"><span class=\"versanumer\">47<\/span><\/a>Ef nokkur heyrir or\u00f0 m\u00edn og g\u00e6tir \u00feeirra ekki, \u00fe\u00e1 d\u00e6mi \u00e9g hann ekki. \u00c9g er ekki kominn til a\u00f0 d\u00e6ma heiminn, heldur til a\u00f0 frelsa heiminn.<a name=\"48\"><span class=\"versanumer\">48<\/span><\/a>S\u00e1 sem hafnar m\u00e9r og tekur ekki vi\u00f0 or\u00f0um m\u00ednum, hefur sinn d\u00f3mara: Or\u00f0i\u00f0, sem \u00e9g hef tala\u00f0, ver\u00f0ur d\u00f3mari hans \u00e1 efsta degi.<a name=\"49\"><span class=\"versanumer\">49<\/span><\/a>\u00dev\u00ed \u00e9g hef ekki tala\u00f0 af sj\u00e1lfum m\u00e9r, heldur hefur fa\u00f0irinn, sem sendi mig, bo\u00f0i\u00f0 m\u00e9r, hva\u00f0 \u00e9g skuli segja og hva\u00f0 \u00e9g skuli tala.<a name=\"50\"><span class=\"versanumer\">50<\/span><\/a>Og \u00e9g veit, a\u00f0 bo\u00f0or\u00f0 hans er eil\u00edft l\u00edf. \u00dea\u00f0 sem \u00e9g tala, \u00fea\u00f0 tala \u00e9g \u00fev\u00ed eins og fa\u00f0irinn hefur sagt m\u00e9r.<\/p>\n<div class=\"footnote1981\"><b>12.1<\/b> Til Betan\u00edu J\u00f3h 11.1,43-44<br \/>\n<b>12.2<\/b> Marta gekk um beina L\u00fak 10.40<br \/>\n<b>12.3<\/b> Smur\u00f0i f\u00e6tur Jes\u00fa L\u00fak 7.37-38<br \/>\n<b>12.4<\/b> J\u00fadas J\u00f3h 6.71; sbr Matt 10.4+<br \/>\n<b>12.5<\/b> Seld &#8230; gefin f\u00e1t\u00e6kum Matt 19.21+ og hlst. \u2013 \u00ferj\u00fa hundru\u00f0 denarar Mrk 14.5; sbr J\u00f3h 6.7<br \/>\n<b>12.7<\/b> Til greftrunardags m\u00edns J\u00f3h 19.40<br \/>\n<b>12.8<\/b> \u00c6t\u00ed\u00f0 hj\u00e1 ykkur 5M\u00f3s 15.11; Matt 26.11; Mrk 14.7<br \/>\n<b>12.9<\/b> Lasarus J\u00f3h 11.43-44<br \/>\n<b>12.11<\/b> Margir f\u00f3ru a\u00f0 tr\u00faa J\u00f3h 7.31+<br \/>\n<b>12.13<\/b> P\u00e1lmagreinar 1Makk 13.51; 2Makk 10.7; Opb 7.9 \u2013 H\u00f3sanna Slm 118.25-26 \u2013 s\u00e1 sem kemur Matt 3.11+ ; sbr J\u00f3h 1.9; 6.14; 11.27 \u2013 konungur \u00cdsraels J\u00f3h 1.49+ ; sbr J\u00f3h 6.15; 18.33,37,39; 19.3-21<br \/>\n<b>12.15<\/b> \u00d3ttast ekki &#8230; Sak 9.9<br \/>\n<b>12.16<\/b> Skildu ekki Matt 16.9; Mrk 6.52; 8.17,21; L\u00fak 18.34; J\u00f3h 16.12 \u2013 d\u00fdrlegur J\u00f3h 7.39+ &#8211; l\u00e6risveinarnir minntust J\u00f3h 2.22+ ; 15.26; 16.4,13-15; sbr L\u00fak 24.8<br \/>\n<b>12.17<\/b> \u00dat \u00far gr\u00f6finni J\u00f3h 11.43-44<br \/>\n<b>12.19<\/b> Allur heimurinn Jes\u00fa J\u00f3h 11.48; sbr Mrk 1.37; J\u00f3h 12.32<br \/>\n<b>12.21<\/b> Filippus Matt 10.3+ ; &#8211; fr\u00e1 Betsa\u00eddu J\u00f3h 1.44; sbr Matt 11.21+ &#8211; sj\u00e1 Jes\u00fa L\u00fak 19.3; 23.8<br \/>\n<b>12.23<\/b> Stundin Mrk 14.35,41; J\u00f3h 2.4; 7.6,8,30; 8.20; 13.1; 17.1 \u2013 d\u00fdr\u00f0 Mannssonarins ver\u00f0ur opinber J\u00f3h 7.39+ ; sbr 8.28; Matt 8.20+<br \/>\n<b>12.24<\/b> Hveitikorni\u00f0 deyr 1Kor 15.36<br \/>\n<b>12.25<\/b> Glata, var\u00f0veita Matt 10.39+ ; Mrk 8.35; L\u00fak 9.24<br \/>\n<b>12.26<\/b> Fylgja Jes\u00fa Matt 4.19+ ; Mrk 8.34; L\u00fak 14.27 \u2013 \u00fear mun og &#8230; J\u00f3h 14.3; 17.24<br \/>\n<b>12.27<\/b> S\u00e1l m\u00edn er skelfd Slm 6.4; 42.6,12; Matt 26.38; Mrk 14.34 \u2013 fr\u00e1 \u00feessari stundu Mrk 14.32-42 og hlst.<br \/>\n<b>12.28<\/b> Ger nafn \u00feitt d\u00fdrlegt Matt 6.9; J\u00f3h 13.31-32; 17.1-11 \u2013 r\u00f6dd af himni Mrk 1.11; 9.7 og hlst. \u2013 fa\u00f0irinn d\u00fdrlegur J\u00f3h 13.31-32; 17.1<br \/>\n<b>12.29<\/b> Engill Post 23.9<br \/>\n<b>12.30<\/b> Ykkar vegna J\u00f3h 11.42<br \/>\n<b>12.31<\/b> D\u00f3mur J\u00f3h 3.19; 9.39 \u2013 h\u00f6f\u00f0ingi \u00feessa heims J\u00f3h 14.30; 16.11<br \/>\n<b>12.32<\/b> Jes\u00fas hafinn upp J\u00f3h 3.14; 8.28 \u2013 dregur alla til s\u00edn J\u00f3h 6.44<br \/>\n<b>12.33<\/b> Me\u00f0 hva\u00f0a h\u00e6tti J\u00f3h 18.32; 21.19<br \/>\n<b>12.34<\/b> Til eil\u00edf\u00f0ar Slm 89.5,37; 110.4; Jes 9.6; Dan 7.14<br \/>\n<b>12.35<\/b> Skamma stund J\u00f3h 7.33+ &#8211; me\u00f0an \u00fei\u00f0 hafi\u00f0 lj\u00f3si\u00f0 J\u00f3h 9.4 \u2013 lj\u00f3s og myrkur J\u00f3h 1.5; 8.12; 12.46 \u2013 veit ekki, hvert hann fer J\u00f3h 11.10; 2.11<br \/>\n<b>12.36<\/b> B\u00f6rn lj\u00f3ssins Ef 5.8; 1\u00deess 5.5<br \/>\n<b>12.38<\/b> Drottinn, hver tr\u00fa\u00f0i &#8230; ? Jes 53.1; R\u00f3m 10.16<br \/>\n<b>12.40<\/b> Hann hefur blinda\u00f0 &#8230; Jes 6.9-10; Matt 13.15; Mrk 4.12; 8.18; L\u00fak 8.10; Post 28.26-27; sbr J\u00f3h 1.9-11; 9.39-41<br \/>\n<b>12.41<\/b> S\u00e1 d\u00fdr\u00f0 hans Jes 6.1; sbr J\u00f3h 1.14+ ; 8.56<br \/>\n<b>12.42<\/b> Margir tr\u00fa\u00f0u \u00e1 hann J\u00f3h 7.31+ ; J\u00f3h 7.42 \u2013 samkundur\u00e6kir J\u00f3h 9.22; 16.1-4<br \/>\n<b>12.43<\/b> Hei\u00f0ur manna J\u00f3h 5.44<br \/>\n<b>12.44<\/b> \u00deann sem sendi mig Matt 10.40; J\u00f3h 13.20+<br \/>\n<b>12.45<\/b> Sj\u00e1 Jes\u00fa, sj\u00e1 f\u00f6\u00f0urinn J\u00f3h 10.38; 13.20; 14.9+ ; sbr 1.18; 5.19-30<br \/>\n<b>12.46<\/b> Lj\u00f3s \u00ed heiminn komi\u00f0 J\u00f3h 3.19+ &#8211; \u00ed myrkri J\u00f3h 12.35<br \/>\n<b>12.47<\/b> Heyra, en fara ekki eftir Matt 7.26; L\u00fak 6.49 \u2013 ekki d\u00e6ma, heldur frelsa J\u00f3h 3.17; 8.15; sbr 5.22,27; 8.16,20<br \/>\n<b>12.49-50<\/b> Flytja or\u00f0 f\u00f6\u00f0urins J\u00f3h 7.17; 8.26,28; 14.10,24<\/div>\n","protected":false},"excerpt":{"rendered":"<p>1Sex d\u00f6gum fyrir p\u00e1ska kom Jes\u00fas til Betan\u00edu, \u00fear sem Lasarus var, s\u00e1 er hann vakti fr\u00e1 dau\u00f0um.2\u00dear var honum b\u00fainn kv\u00f6ldver\u00f0ur, og Marta gekk um beina, en Lasarus var einn \u00feeirra, sem a\u00f0 bor\u00f0i s\u00e1tu me\u00f0 honum.3\u00de\u00e1 t\u00f3k Mar\u00eda pund af \u00f3mengu\u00f0um, d\u00fdrum nardussmyrslum og smur\u00f0i f\u00e6tur Jes\u00fa og \u00feerra\u00f0i me\u00f0 h\u00e1ri s\u00ednu f\u00e6tur hans. En h\u00fasi\u00f0 fylltist ilmi smyrslanna.4Segir \u00fe\u00e1 J\u00fadas \u00cdskar\u00edot, einn l\u00e6risveina hans, s\u00e1 er mundi sv\u00edkja hann:5Hv\u00ed voru \u00feessi smyrsl ekki seld fyrir \u00ferj\u00fa hundru\u00f0 denara og gefin f\u00e1t\u00e6kum?6Ekki sag\u00f0i hann \u00feetta af \u00fev\u00ed, a\u00f0 hann l\u00e9ti s\u00e9r annt um f\u00e1t\u00e6ka, heldur af \u00fev\u00ed, a\u00f0 <a href=\"https:\/\/biblian.is\/1981\/johannesargudspjall-12-kafli\/\"> [&#8230;]<\/a><\/p>\n","protected":false},"author":1,"featured_media":0,"parent":0,"menu_order":0,"comment_status":"open","ping_status":"open","template":"bibliukaflar.php","meta":{"footnotes":""},"class_list":["post-2356","page","type-page","status-publish","hentry"],"_links":{"self":[{"href":"https:\/\/biblian.is\/1981\/wp-json\/wp\/v2\/pages\/2356","targetHints":{"allow":["GET"]}}],"collection":[{"href":"https:\/\/biblian.is\/1981\/wp-json\/wp\/v2\/pages"}],"about":[{"href":"https:\/\/biblian.is\/1981\/wp-json\/wp\/v2\/types\/page"}],"author":[{"embeddable":true,"href":"https:\/\/biblian.is\/1981\/wp-json\/wp\/v2\/users\/1"}],"replies":[{"embeddable":true,"href":"https:\/\/biblian.is\/1981\/wp-json\/wp\/v2\/comments?post=2356"}],"version-history":[{"count":0,"href":"https:\/\/biblian.is\/1981\/wp-json\/wp\/v2\/pages\/2356\/revisions"}],"wp:attachment":[{"href":"https:\/\/biblian.is\/1981\/wp-json\/wp\/v2\/media?parent=2356"}],"curies":[{"name":"wp","href":"https:\/\/api.w.org\/{rel}","templated":true}]}}