{"id":2355,"date":"2017-11-18T20:21:31","date_gmt":"2017-11-18T20:21:31","guid":{"rendered":"http:\/\/biblian.is\/1981\/johannesargudspjall-11-kafli\/"},"modified":"2017-11-18T20:21:31","modified_gmt":"2017-11-18T20:21:31","slug":"johannesargudspjall-11-kafli","status":"publish","type":"page","link":"https:\/\/biblian.is\/1981\/johannesargudspjall-11-kafli\/","title":{"rendered":"J\u00f3hannesargu\u00f0spjall 11. kafli"},"content":{"rendered":"<p><a name=\"1\"><span class=\"versanumer\">1<\/span><\/a>Ma\u00f0ur s\u00e1 var sj\u00fakur, er Lasarus h\u00e9t, fr\u00e1 Betan\u00edu, \u00feorpi Mar\u00edu og M\u00f6rtu, systur hennar.<a name=\"2\"><span class=\"versanumer\">2<\/span><\/a>En Mar\u00eda var s\u00fa er smur\u00f0i Drottin smyrslum og \u00feerra\u00f0i f\u00e6tur hans me\u00f0 h\u00e1ri s\u00ednu. Br\u00f3\u00f0ir hennar, Lasarus, var sj\u00fakur.<a name=\"3\"><span class=\"versanumer\">3<\/span><\/a>N\u00fa gj\u00f6r\u00f0u systurnar Jes\u00fa or\u00f0sending: Herra, s\u00e1 sem \u00fe\u00fa elskar, er sj\u00fakur.<a name=\"4\"><span class=\"versanumer\">4<\/span><\/a>\u00deegar hann heyr\u00f0i \u00fea\u00f0, m\u00e6lti hann: \u00deessi s\u00f3tt er ekki banv\u00e6n, heldur Gu\u00f0i til d\u00fdr\u00f0ar, a\u00f0 Gu\u00f0s sonur vegsamist hennar vegna.<a name=\"5\"><span class=\"versanumer\">5<\/span><\/a>Jes\u00fas elska\u00f0i \u00feau M\u00f6rtu og systur hennar og Lasarus.<a name=\"6\"><span class=\"versanumer\">6<\/span><\/a>\u00deegar hann fr\u00e9tti, a\u00f0 hann v\u00e6ri veikur, var hann samt um kyrrt \u00e1 sama sta\u00f0 \u00ed tvo daga.<a name=\"7\"><span class=\"versanumer\">7<\/span><\/a>A\u00f0 \u00feeim li\u00f0num sag\u00f0i hann vi\u00f0 l\u00e6risveina s\u00edna: F\u00f6rum aftur til J\u00fadeu.<a name=\"8\"><span class=\"versanumer\">8<\/span><\/a>L\u00e6risveinarnir s\u00f6g\u00f0u vi\u00f0 hann: Rabb\u00ed, n\u00fdlega voru Gy\u00f0ingar a\u00f0 \u00fev\u00ed komnir a\u00f0 gr\u00fdta \u00feig, og \u00fe\u00fa \u00e6tlar \u00feanga\u00f0 aftur?<a name=\"9\"><span class=\"versanumer\">9<\/span><\/a>Jes\u00fas svara\u00f0i: Eru ekki stundir dagsins t\u00f3lf? S\u00e1 sem gengur um a\u00f0 degi, hrasar ekki, \u00fev\u00ed hann s\u00e9r lj\u00f3s \u00feessa heims.<a name=\"10\"><span class=\"versanumer\">10<\/span><\/a>En s\u00e1 sem gengur um a\u00f0 n\u00f3ttu, hrasar, \u00fev\u00ed hann hefur ekki lj\u00f3si\u00f0 \u00ed s\u00e9r.<a name=\"11\"><span class=\"versanumer\">11<\/span><\/a>\u00deetta m\u00e6lti hann, og sag\u00f0i s\u00ed\u00f0an vi\u00f0 \u00fe\u00e1: Lasarus, vinur vor, er sofna\u00f0ur. En n\u00fa fer \u00e9g a\u00f0 vekja hann.<a name=\"12\"><span class=\"versanumer\">12<\/span><\/a>\u00de\u00e1 s\u00f6g\u00f0u l\u00e6risveinar hans: Herra, ef hann er sofna\u00f0ur, batnar honum.<a name=\"13\"><span class=\"versanumer\">13<\/span><\/a>En Jes\u00fas tala\u00f0i um dau\u00f0a hans. \u00deeir h\u00e9ldu hins vegar, a\u00f0 hann \u00e6tti vi\u00f0 venjulegan svefn.<a name=\"14\"><span class=\"versanumer\">14<\/span><\/a>\u00de\u00e1 sag\u00f0i Jes\u00fas \u00feeim berum or\u00f0um: Lasarus er d\u00e1inn,<a name=\"15\"><span class=\"versanumer\">15<\/span><\/a>og y\u00f0ar vegna fagna \u00e9g \u00fev\u00ed, a\u00f0 \u00e9g var \u00fear ekki, til \u00feess a\u00f0 \u00fe\u00e9r skulu\u00f0 tr\u00faa. En f\u00f6rum n\u00fa til hans.<a name=\"16\"><span class=\"versanumer\">16<\/span><\/a>T\u00f3mas, sem nefndist tv\u00edburi, sag\u00f0i \u00fe\u00e1 vi\u00f0 hina l\u00e6risveinana: V\u00e9r skulum fara l\u00edka til a\u00f0 deyja me\u00f0 honum.<a name=\"17\"><span class=\"versanumer\">17<\/span><\/a>\u00deegar Jes\u00fas kom, var\u00f0 hann \u00feess v\u00eds, a\u00f0 Lasarus haf\u00f0i veri\u00f0 fj\u00f3ra daga \u00ed gr\u00f6finni.<a name=\"18\"><span class=\"versanumer\">18<\/span><\/a>Betan\u00eda var n\u00e1l\u00e6gt Jer\u00fasalem, h\u00e9r um bil fimmt\u00e1n skei\u00f0r\u00fam \u00fea\u00f0an.<a name=\"19\"><span class=\"versanumer\">19<\/span><\/a>Margir Gy\u00f0ingar voru komnir til M\u00f6rtu og Mar\u00edu a\u00f0 hugga \u00fe\u00e6r eftir br\u00f3\u00f0urmissinn.<a name=\"20\"><span class=\"versanumer\">20<\/span><\/a>\u00deegar Marta fr\u00e9tti, a\u00f0 Jes\u00fas v\u00e6ri a\u00f0 koma, f\u00f3r h\u00fan \u00e1 m\u00f3ti honum, en Mar\u00eda sat heima.<a name=\"21\"><span class=\"versanumer\">21<\/span><\/a>Marta sag\u00f0i vi\u00f0 Jes\u00fa: Herra, ef \u00fe\u00fa hef\u00f0ir veri\u00f0 h\u00e9r, v\u00e6ri br\u00f3\u00f0ir minn ekki d\u00e1inn.<a name=\"22\"><span class=\"versanumer\">22<\/span><\/a>En einnig n\u00fa veit \u00e9g, a\u00f0 Gu\u00f0 mun gefa \u00fe\u00e9r hva\u00f0 sem \u00fe\u00fa bi\u00f0ur hann um.<a name=\"23\"><span class=\"versanumer\">23<\/span><\/a>Jes\u00fas segir vi\u00f0 hana: Br\u00f3\u00f0ir \u00feinn mun upp r\u00edsa.<a name=\"24\"><span class=\"versanumer\">24<\/span><\/a>Marta segir: \u00c9g veit, a\u00f0 hann r\u00eds upp \u00ed upprisunni \u00e1 efsta degi.<a name=\"25\"><span class=\"versanumer\">25<\/span><\/a>Jes\u00fas m\u00e6lti: \u00c9g er upprisan og l\u00edfi\u00f0. S\u00e1 sem tr\u00fair \u00e1 mig, mun lifa, \u00fe\u00f3tt hann deyi.<a name=\"26\"><span class=\"versanumer\">26<\/span><\/a>Og hver sem lifir og tr\u00fair \u00e1 mig, mun aldrei a\u00f0 eil\u00edfu deyja. Tr\u00fair \u00fe\u00fa \u00feessu?<a name=\"27\"><span class=\"versanumer\">27<\/span><\/a>H\u00fan segir vi\u00f0 hann: J\u00e1, herra. \u00c9g tr\u00fai, a\u00f0 \u00fe\u00fa s\u00e9rt Kristur, Gu\u00f0s sonur, sem koma skal \u00ed heiminn.<a name=\"28\"><span class=\"versanumer\">28<\/span><\/a>A\u00f0 svo m\u00e6ltu f\u00f3r h\u00fan, kalla\u00f0i \u00e1 Mar\u00edu systur s\u00edna og sag\u00f0i \u00ed hlj\u00f3\u00f0i: Meistarinn er h\u00e9r og vill finna \u00feig.<a name=\"29\"><span class=\"versanumer\">29<\/span><\/a>\u00deegar Mar\u00eda heyr\u00f0i \u00feetta, reis h\u00fan skj\u00f3tt \u00e1 f\u00e6tur og f\u00f3r til hans.<a name=\"30\"><span class=\"versanumer\">30<\/span><\/a>En Jes\u00fas var ekki enn kominn til \u00feorpsins, heldur var hann enn \u00e1 \u00feeim sta\u00f0, \u00fear sem Marta haf\u00f0i m\u00e6tt honum.<a name=\"31\"><span class=\"versanumer\">31<\/span><\/a>Gy\u00f0ingarnir, sem voru heima hj\u00e1 Mar\u00edu a\u00f0 hugga hana, s\u00e1u, a\u00f0 h\u00fan st\u00f3\u00f0 upp \u00ed skyndi og gekk \u00fat, og f\u00f3ru \u00feeir \u00e1 eftir henni. \u00deeir hug\u00f0u, a\u00f0 h\u00fan hef\u00f0i fari\u00f0 til grafarinnar a\u00f0 gr\u00e1ta \u00fear.<a name=\"32\"><span class=\"versanumer\">32<\/span><\/a>Mar\u00eda kom \u00feanga\u00f0, sem Jes\u00fas var, og er h\u00fan s\u00e1 hann, f\u00e9ll h\u00fan honum til f\u00f3ta og sag\u00f0i vi\u00f0 hann: Herra, ef \u00fe\u00fa hef\u00f0ir veri\u00f0 h\u00e9r, v\u00e6ri br\u00f3\u00f0ir minn ekki d\u00e1inn.<a name=\"33\"><span class=\"versanumer\">33<\/span><\/a>\u00deegar Jes\u00fas s\u00e1 hana gr\u00e1ta og Gy\u00f0ingana gr\u00e1ta, sem me\u00f0 henni komu, komst hann vi\u00f0 \u00ed anda og var\u00f0 hr\u00e6r\u00f0ur mj\u00f6g<a name=\"34\"><span class=\"versanumer\">34<\/span><\/a>og sag\u00f0i: Hvar hafi\u00f0 \u00fe\u00e9r lagt hann? \u00deeir s\u00f6g\u00f0u: Herra, kom \u00fe\u00fa og sj\u00e1.<a name=\"35\"><span class=\"versanumer\">35<\/span><\/a>\u00de\u00e1 gr\u00e9t Jes\u00fas.<a name=\"36\"><span class=\"versanumer\">36<\/span><\/a>Gy\u00f0ingar s\u00f6g\u00f0u: Sj\u00e1, hversu hann hefur elska\u00f0 hann!<a name=\"37\"><span class=\"versanumer\">37<\/span><\/a>En nokkrir \u00feeirra s\u00f6g\u00f0u: Gat ekki s\u00e1 ma\u00f0ur, sem opna\u00f0i augu hins blinda, einnig varna\u00f0 \u00fev\u00ed, a\u00f0 \u00feessi ma\u00f0ur d\u00e6i?<a name=\"38\"><span class=\"versanumer\">38<\/span><\/a>Jes\u00fas var\u00f0 aftur hr\u00e6r\u00f0ur mj\u00f6g og f\u00f3r til grafarinnar. H\u00fan var hellir og steinn fyrir.<a name=\"39\"><span class=\"versanumer\">39<\/span><\/a>Jes\u00fas segir: Taki\u00f0 steininn fr\u00e1! Marta, systir hins d\u00e1na, segir vi\u00f0 hann: Herra, \u00fea\u00f0 er komin n\u00e1lykt af honum, \u00fea\u00f0 er komi\u00f0 \u00e1 fj\u00f3r\u00f0a dag.<a name=\"40\"><span class=\"versanumer\">40<\/span><\/a>Jes\u00fas segir vi\u00f0 hana: Sag\u00f0i \u00e9g \u00fe\u00e9r ekki: Ef \u00fe\u00fa tr\u00fair, munt \u00fe\u00fa sj\u00e1 d\u00fdr\u00f0 Gu\u00f0s?<a name=\"41\"><span class=\"versanumer\">41<\/span><\/a>N\u00fa var steinninn tekinn fr\u00e1. En Jes\u00fas h\u00f3f upp augu s\u00edn og m\u00e6lti: Fa\u00f0ir, \u00e9g \u00feakka \u00fe\u00e9r, a\u00f0 \u00fe\u00fa hefur b\u00e6nheyrt mig.<a name=\"42\"><span class=\"versanumer\">42<\/span><\/a>\u00c9g vissi a\u00f0 s\u00f6nnu, a\u00f0 \u00fe\u00fa heyrir mig \u00e1vallt, en \u00e9g sag\u00f0i \u00feetta vegna mannfj\u00f6ldans, sem stendur h\u00e9r umhverfis, til \u00feess a\u00f0 \u00feeir tr\u00fai, a\u00f0 \u00fe\u00fa hafir sent mig.<a name=\"43\"><span class=\"versanumer\">43<\/span><\/a>A\u00f0 svo m\u00e6ltu hr\u00f3pa\u00f0i hann h\u00e1rri r\u00f6ddu: Lasarus, kom \u00fat!<a name=\"44\"><span class=\"versanumer\">44<\/span><\/a>Hinn d\u00e1ni kom \u00fat vafinn l\u00edkbl\u00e6jum \u00e1 f\u00f3tum og h\u00f6ndum og me\u00f0 sveitad\u00fak bundinn um andliti\u00f0. Jes\u00fas segir vi\u00f0 \u00fe\u00e1: Leysi\u00f0 hann og l\u00e1ti\u00f0 hann fara.<a name=\"45\"><span class=\"versanumer\">45<\/span><\/a>Margir Gy\u00f0ingar, sem komnir voru til Mar\u00edu og s\u00e1u \u00fea\u00f0, sem Jes\u00fas gj\u00f6r\u00f0i, t\u00f3ku n\u00fa a\u00f0 tr\u00faa \u00e1 hann.<a name=\"46\"><span class=\"versanumer\">46<\/span><\/a>En nokkrir \u00feeirra f\u00f3ru til far\u00edsea og s\u00f6g\u00f0u \u00feeim, hva\u00f0 hann haf\u00f0i gj\u00f6rt.<a name=\"47\"><span class=\"versanumer\">47<\/span><\/a>\u00c6\u00f0stu prestarnir og far\u00edsearnir k\u00f6llu\u00f0u \u00fe\u00e1 saman r\u00e1\u00f0i\u00f0 og s\u00f6g\u00f0u: Hva\u00f0 eigum v\u00e9r a\u00f0 gj\u00f6ra? \u00deessi ma\u00f0ur gj\u00f6rir m\u00f6rg t\u00e1kn.<a name=\"48\"><span class=\"versanumer\">48<\/span><\/a>Ef v\u00e9r leyfum honum a\u00f0 halda svo \u00e1fram, munu allir tr\u00faa \u00e1 hann, og \u00fe\u00e1 koma R\u00f3mverjar og taka b\u00e6\u00f0i helgid\u00f3m vorn og \u00fej\u00f3\u00f0.<a name=\"49\"><span class=\"versanumer\">49<\/span><\/a>En einn \u00feeirra, Ka\u00edfas, sem \u00fea\u00f0 \u00e1r var \u00e6\u00f0sti prestur, sag\u00f0i vi\u00f0 \u00fe\u00e1: \u00de\u00e9r viti\u00f0 ekkert<a name=\"50\"><span class=\"versanumer\">50<\/span><\/a>og hugsi\u00f0 ekkert um \u00fea\u00f0, a\u00f0 y\u00f0ur er betra, a\u00f0 einn ma\u00f0ur deyi fyrir l\u00fd\u00f0inn, en a\u00f0 \u00f6ll \u00fej\u00f3\u00f0in tort\u00edmist.<a name=\"51\"><span class=\"versanumer\">51<\/span><\/a>\u00deetta sag\u00f0i hann ekki af sj\u00e1lfum s\u00e9r, en \u00fear sem hann var \u00e6\u00f0sti prestur \u00fea\u00f0 \u00e1r, gat hann sp\u00e1\u00f0 \u00fev\u00ed, a\u00f0 Jes\u00fas mundi deyja fyrir \u00fej\u00f3\u00f0ina,<a name=\"52\"><span class=\"versanumer\">52<\/span><\/a>og ekki fyrir \u00fej\u00f3\u00f0ina eina, heldur og til a\u00f0 safna saman \u00ed eitt dreif\u00f0um b\u00f6rnum Gu\u00f0s.<a name=\"53\"><span class=\"versanumer\">53<\/span><\/a>Upp fr\u00e1 \u00feeim degi voru \u00feeir r\u00e1\u00f0nir \u00ed a\u00f0 taka hann af l\u00edfi.<a name=\"54\"><span class=\"versanumer\">54<\/span><\/a>Jes\u00fas gekk \u00fev\u00ed ekki lengur um me\u00f0al Gy\u00f0inga \u00e1 almannaf\u00e6ri, heldur f\u00f3r hann \u00fea\u00f0an til sta\u00f0ar \u00ed grennd vi\u00f0 ey\u00f0im\u00f6rkina, \u00ed \u00feorp sem heitir Efra\u00edm, og \u00fear dvaldist hann me\u00f0 l\u00e6risveinum s\u00ednum.<a name=\"55\"><span class=\"versanumer\">55<\/span><\/a>N\u00fa n\u00e1lgu\u00f0ust p\u00e1skar Gy\u00f0inga, og margir f\u00f3ru \u00far sveitinni upp til Jer\u00fasalem fyrir p\u00e1skana til a\u00f0 hreinsa sig.<a name=\"56\"><span class=\"versanumer\">56<\/span><\/a>Menn leitu\u00f0u a\u00f0 Jes\u00fa og s\u00f6g\u00f0u s\u00edn \u00e1 milli \u00ed helgid\u00f3minum: Hva\u00f0 haldi\u00f0 \u00fe\u00e9r? Skyldi hann ekki koma til h\u00e1t\u00ed\u00f0arinnar?<a name=\"57\"><span class=\"versanumer\">57<\/span><\/a>En \u00e6\u00f0stu prestar og far\u00edsear h\u00f6f\u00f0u gefi\u00f0 \u00fat skipun um \u00fea\u00f0, a\u00f0 ef nokkur vissi hvar hann v\u00e6ri, skyldi hann segja til, svo a\u00f0 \u00feeir g\u00e6tu teki\u00f0 hann.<\/p>\n<div class=\"footnote1981\"><b>11.1<\/b> Betan\u00eda Matt 21.17+ &#8211; Marta og Mar\u00eda L\u00fak 10.38-39+<br \/>\n<b>11.2<\/b> Jes\u00fas smur\u00f0ur \u00ed Betan\u00edu J\u00f3h 12.3; Matt 26.6-13; Mrk 14.3-9; L\u00fak 7.36-50<br \/>\n<b>11.3<\/b> S\u00e1 sem \u00fe\u00fa elskar J\u00f3h 11.36<br \/>\n<b>11.4<\/b> Gu\u00f0i til d\u00fdr\u00f0ar J\u00f3h 9.3; sbr 1.14; 7.39; 12.16,23,28; 13.31,32; 17.1-5<br \/>\n<b>11.8<\/b> Reyndu a\u00f0 gr\u00fdta J\u00f3h 8.59+ ; sbr 5.18; 7.1,19-20,25; 8.37,40<br \/>\n<b>11.9-10<\/b> A\u00f0 degi, a\u00f0 n\u00f3ttu J\u00f3h 12.35; 13.30; sbr L\u00fak 22.53 \u2013 lj\u00f3s heimsins J\u00f3h 8.12+<br \/>\n<b>11.10<\/b> Hafa lj\u00f3si\u00f0 \u00ed s\u00e9r Matt 6.23; L\u00fak 11.35<br \/>\n<b>11.11<\/b> Sofna\u00f0ur Matt 9.24+ ; 1Kor 11.30; sbr R\u00f3m 13.11; Ef 5.14<br \/>\n<b>11.16<\/b> T\u00f3mas Matt 10.3+ ; Mrk 3.18; Post 1.13 \u2013 deyja me\u00f0 Jes\u00fa Mrk 14.31; R\u00f3m 6.8, sbr J\u00f3h 12.25<br \/>\n<b>11.18<\/b> Betan\u00eda Matt 21.17+<br \/>\n<b>11.21<\/b> Ef \u00fe\u00fa hef\u00f0ir veri\u00f0 h\u00e9r J\u00f3h 11.32<br \/>\n<b>11.24<\/b> \u00cd upprisunni \u00e1 efsta degi Dan 12.2; 2Makk 12.44; J\u00f3h 5.28-29; 6.39-40; Post 24.15<br \/>\n<b>11.25<\/b> Jes\u00fas lifir J\u00f3h 5.26-29; 6.39-40,44,54<br \/>\n<b>11.26<\/b> Tr\u00fa og eil\u00edft l\u00edf J\u00f3h 8.51<br \/>\n<b>11.27<\/b> \u00c9g tr\u00fai &#8230; J\u00f3h 6.69 \u2013 Kristur, sonur Gu\u00f0s Matt 16.16 \u2013 sem koma skal \u00ed heiminn J\u00f3h 1.9; 6.14; sbr Matt 3.11+ ; L\u00fak 7.19<br \/>\n<b>11.32<\/b> Ef \u00fe\u00fa hef\u00f0ir veri\u00f0 h\u00e9r J\u00f3h 11.21<br \/>\n<b>11.35<\/b> Jes\u00fas gr\u00e9t L\u00fak 19.41<br \/>\n<b>11.36<\/b> Hversu hann elska\u00f0i J\u00f3h 11.3<br \/>\n<b>11.37<\/b> Opna\u00f0i augu hins blinda J\u00f3h 9.6<br \/>\n<b>11.38<\/b> Gr\u00f6f, hellir, steinn Mrk 15.46 og hlst.; L\u00fak 24.2; J\u00f3h 20.1<br \/>\n<b>11.41<\/b> H\u00f3f upp augu s\u00edn Mrk 6.41; L\u00fak 18.13; J\u00f3h 17.1; Post 7.55<br \/>\n<b>11.42<\/b> B\u00e6nheyrsla J\u00f3h 15.7,16; 16.23-24; 1J\u00f3h 3.21-22; 5.14-15 \u2013 vegna mannfj\u00f6ldans J\u00f3h 12.30 \u2013 til a\u00f0 \u00feau tr\u00fai J\u00f3h 6.29; 17.8,21<br \/>\n<b>11.44<\/b> L\u00edkbl\u00e6jur J\u00f3h 20.6-7<br \/>\n<b>11.45<\/b> Margir t\u00f3ku a\u00f0 tr\u00faa J\u00f3h 7.31+ ; sbr L\u00fak 16.31<br \/>\n<b>11.48<\/b> Musteri\u00f0 2Makk 3.18,30; Post 6.13-14; 7.7<br \/>\n<b>11.49<\/b> Ka\u00edfas L\u00fak 3.2+<br \/>\n<b>11.50<\/b> Or\u00f0 Ka\u00edfasar J\u00f3h 18.14<br \/>\n<b>11.52<\/b> Safna saman \u00ed eitt J\u00f3h 10.16; 17.21-23<br \/>\n<b>11.53<\/b> R\u00e1\u00f0nir Matt 14.5; J\u00f3h 5.18; 7.1,25; 8.37,40<br \/>\n<b>11.54<\/b> Ekki \u00e1 almannaf\u00e6ri J\u00f3h 7.1 \u2013 me\u00f0 l\u00e6risveinum s\u00ednum J\u00f3h 2.12; 3.22<br \/>\n<b>11.55<\/b> P\u00e1skar n\u00e1lgast J\u00f3h 2.13; 6.4; sbr 13.1 \u2013 til a\u00f0 hreinsa sig 2M\u00f3s 19.10-15; 4M\u00f3s 9.9-14; 2Kro 30.1-3,17-20; Post 21.24-26; 24.18; sbr J\u00f3h 18.28<br \/>\n<b>11.56<\/b> Leitu\u00f0u Jes\u00fa J\u00f3h 7.11<\/div>\n","protected":false},"excerpt":{"rendered":"<p>1Ma\u00f0ur s\u00e1 var sj\u00fakur, er Lasarus h\u00e9t, fr\u00e1 Betan\u00edu, \u00feorpi Mar\u00edu og M\u00f6rtu, systur hennar.2En Mar\u00eda var s\u00fa er smur\u00f0i Drottin smyrslum og \u00feerra\u00f0i f\u00e6tur hans me\u00f0 h\u00e1ri s\u00ednu. Br\u00f3\u00f0ir hennar, Lasarus, var sj\u00fakur.3N\u00fa gj\u00f6r\u00f0u systurnar Jes\u00fa or\u00f0sending: Herra, s\u00e1 sem \u00fe\u00fa elskar, er sj\u00fakur.4\u00deegar hann heyr\u00f0i \u00fea\u00f0, m\u00e6lti hann: \u00deessi s\u00f3tt er ekki banv\u00e6n, heldur Gu\u00f0i til d\u00fdr\u00f0ar, a\u00f0 Gu\u00f0s sonur vegsamist hennar vegna.5Jes\u00fas elska\u00f0i \u00feau M\u00f6rtu og systur hennar og Lasarus.6\u00deegar hann fr\u00e9tti, a\u00f0 hann v\u00e6ri veikur, var hann samt um kyrrt \u00e1 sama sta\u00f0 \u00ed tvo daga.7A\u00f0 \u00feeim li\u00f0num sag\u00f0i hann vi\u00f0 l\u00e6risveina s\u00edna: F\u00f6rum aftur til <a href=\"https:\/\/biblian.is\/1981\/johannesargudspjall-11-kafli\/\"> [&#8230;]<\/a><\/p>\n","protected":false},"author":1,"featured_media":0,"parent":0,"menu_order":0,"comment_status":"open","ping_status":"open","template":"bibliukaflar.php","meta":{"footnotes":""},"class_list":["post-2355","page","type-page","status-publish","hentry"],"_links":{"self":[{"href":"https:\/\/biblian.is\/1981\/wp-json\/wp\/v2\/pages\/2355","targetHints":{"allow":["GET"]}}],"collection":[{"href":"https:\/\/biblian.is\/1981\/wp-json\/wp\/v2\/pages"}],"about":[{"href":"https:\/\/biblian.is\/1981\/wp-json\/wp\/v2\/types\/page"}],"author":[{"embeddable":true,"href":"https:\/\/biblian.is\/1981\/wp-json\/wp\/v2\/users\/1"}],"replies":[{"embeddable":true,"href":"https:\/\/biblian.is\/1981\/wp-json\/wp\/v2\/comments?post=2355"}],"version-history":[{"count":0,"href":"https:\/\/biblian.is\/1981\/wp-json\/wp\/v2\/pages\/2355\/revisions"}],"wp:attachment":[{"href":"https:\/\/biblian.is\/1981\/wp-json\/wp\/v2\/media?parent=2355"}],"curies":[{"name":"wp","href":"https:\/\/api.w.org\/{rel}","templated":true}]}}