{"id":2354,"date":"2017-11-18T20:21:31","date_gmt":"2017-11-18T20:21:31","guid":{"rendered":"http:\/\/biblian.is\/1981\/johannesargudspjall-10-kafli\/"},"modified":"2017-11-18T20:21:31","modified_gmt":"2017-11-18T20:21:31","slug":"johannesargudspjall-10-kafli","status":"publish","type":"page","link":"https:\/\/biblian.is\/1981\/johannesargudspjall-10-kafli\/","title":{"rendered":"J\u00f3hannesargu\u00f0spjall 10. kafli"},"content":{"rendered":"<p><a name=\"1\"><span class=\"versanumer\">1<\/span><\/a>Sannlega, sannlega segi \u00e9g y\u00f0ur: S\u00e1 sem kemur ekki um dyrnar inn \u00ed sau\u00f0abyrgi\u00f0, heldur fer yfir annars sta\u00f0ar, hann er \u00fej\u00f3fur og r\u00e6ningi,<a name=\"2\"><span class=\"versanumer\">2<\/span><\/a>en s\u00e1 sem kemur inn um dyrnar, er hir\u00f0ir sau\u00f0anna.<a name=\"3\"><span class=\"versanumer\">3<\/span><\/a>Dyrav\u00f6r\u00f0urinn l\u00fdkur upp fyrir honum, og sau\u00f0irnir heyra raust hans, og hann kallar \u00e1 s\u00edna sau\u00f0i me\u00f0 nafni og lei\u00f0ir \u00fe\u00e1 \u00fat.<a name=\"4\"><span class=\"versanumer\">4<\/span><\/a>\u00deegar hann hefur l\u00e1ti\u00f0 \u00fat alla sau\u00f0i s\u00edna, fer hann \u00e1 undan \u00feeim, og \u00feeir fylgja honum, af \u00fev\u00ed a\u00f0 \u00feeir \u00feekkja raust hans.<a name=\"5\"><span class=\"versanumer\">5<\/span><\/a>En \u00f3kunnugum fylgja \u00feeir ekki, heldur fl\u00fdja fr\u00e1 honum, \u00fev\u00ed \u00feeir \u00feekkja ekki raust \u00f3kunnugra.<a name=\"6\"><span class=\"versanumer\">6<\/span><\/a>\u00deessa l\u00edkingu sag\u00f0i Jes\u00fas \u00feeim. En \u00feeir skildu ekki hva\u00f0 \u00fea\u00f0 \u00fe\u00fdddi, sem hann var a\u00f0 tala vi\u00f0 \u00fe\u00e1.<a name=\"7\"><span class=\"versanumer\">7<\/span><\/a>\u00dev\u00ed sag\u00f0i Jes\u00fas aftur: Sannlega, sannlega segi \u00e9g y\u00f0ur: \u00c9g er dyr sau\u00f0anna.<a name=\"8\"><span class=\"versanumer\">8<\/span><\/a>Allir \u00feeir, sem \u00e1 undan m\u00e9r komu, eru \u00fej\u00f3far og r\u00e6ningjar, enda hl\u00fdddu sau\u00f0irnir \u00feeim ekki.<a name=\"9\"><span class=\"versanumer\">9<\/span><\/a>\u00c9g er dyrnar. S\u00e1 sem kemur inn um mig, mun frelsast, og hann mun ganga inn og \u00fat og finna haga.<a name=\"10\"><span class=\"versanumer\">10<\/span><\/a>\u00dej\u00f3furinn kemur ekki nema til a\u00f0 stela og sl\u00e1tra og ey\u00f0a. \u00c9g er kominn til \u00feess, a\u00f0 \u00feeir hafi l\u00edf, l\u00edf \u00ed fullri gn\u00e6g\u00f0.<a name=\"11\"><span class=\"versanumer\">11<\/span><\/a>\u00c9g er g\u00f3\u00f0i hir\u00f0irinn. G\u00f3\u00f0i hir\u00f0irinn leggur l\u00edf sitt \u00ed s\u00f6lurnar fyrir sau\u00f0ina.<a name=\"12\"><span class=\"versanumer\">12<\/span><\/a>Leiguli\u00f0inn, sem hvorki er hir\u00f0ir n\u00e9 sj\u00e1lfur \u00e1 sau\u00f0ina, s\u00e9r \u00falfinn koma og yfirgefur sau\u00f0ina og fl\u00fdr, og \u00falfurinn hremmir \u00fe\u00e1 og tv\u00edstrar \u00feeim.<a name=\"13\"><span class=\"versanumer\">13<\/span><\/a>Enda er hann leiguli\u00f0i og l\u00e6tur s\u00e9r ekki annt um sau\u00f0ina.<a name=\"14\"><span class=\"versanumer\">14<\/span><\/a>\u00c9g er g\u00f3\u00f0i hir\u00f0irinn og \u00feekki m\u00edna, og m\u00ednir \u00feekkja mig,<a name=\"15\"><span class=\"versanumer\">15<\/span><\/a>eins og fa\u00f0irinn \u00feekkir mig og \u00e9g \u00feekki f\u00f6\u00f0urinn. \u00c9g legg l\u00edf mitt \u00ed s\u00f6lurnar fyrir sau\u00f0ina.<a name=\"16\"><span class=\"versanumer\">16<\/span><\/a>\u00c9g \u00e1 l\u00edka a\u00f0ra sau\u00f0i, sem eru ekki \u00far \u00feessu sau\u00f0abyrgi. \u00de\u00e1 ber m\u00e9r einnig a\u00f0 lei\u00f0a, \u00feeir munu heyra raust m\u00edna. Og \u00fea\u00f0 ver\u00f0ur ein hj\u00f6r\u00f0, einn hir\u00f0ir.<a name=\"17\"><span class=\"versanumer\">17<\/span><\/a>Fyrir \u00fev\u00ed elskar fa\u00f0irinn mig, a\u00f0 \u00e9g legg l\u00edf mitt \u00ed s\u00f6lurnar, svo a\u00f0 \u00e9g f\u00e1i \u00fea\u00f0 aftur.<a name=\"18\"><span class=\"versanumer\">18<\/span><\/a>Enginn tekur \u00fea\u00f0 fr\u00e1 m\u00e9r, heldur legg \u00e9g \u00fea\u00f0 sj\u00e1lfur \u00ed s\u00f6lurnar. \u00c9g hef vald til a\u00f0 leggja \u00fea\u00f0 \u00ed s\u00f6lurnar og vald til a\u00f0 taka \u00fea\u00f0 aftur. \u00deessa skipan f\u00e9kk \u00e9g fr\u00e1 f\u00f6\u00f0ur m\u00ednum.<a name=\"19\"><span class=\"versanumer\">19<\/span><\/a>Aftur var\u00f0 \u00e1greiningur me\u00f0 Gy\u00f0ingum \u00fat af \u00feessum or\u00f0um.<a name=\"20\"><span class=\"versanumer\">20<\/span><\/a>Margir \u00feeirra s\u00f6g\u00f0u: Hann hefur illan anda og er genginn af vitinu. Hva\u00f0 eru\u00f0 \u00fe\u00e9r a\u00f0 hlusta \u00e1 hann?<a name=\"21\"><span class=\"versanumer\">21<\/span><\/a>A\u00f0rir s\u00f6g\u00f0u: \u00deessi or\u00f0 m\u00e6lir enginn s\u00e1, sem hefur illan anda. Mundi illur andi geta opna\u00f0 augu blindra?<a name=\"22\"><span class=\"versanumer\">22<\/span><\/a>N\u00fa var v\u00edgsluh\u00e1t\u00ed\u00f0in \u00ed Jer\u00fasalem og kominn vetur.<a name=\"23\"><span class=\"versanumer\">23<\/span><\/a>Jes\u00fas gekk um \u00ed s\u00falnag\u00f6ngum Sal\u00f3mons \u00ed helgid\u00f3minum.<a name=\"24\"><span class=\"versanumer\">24<\/span><\/a>\u00de\u00e1 s\u00f6fnu\u00f0ust Gy\u00f0ingar um hann og s\u00f6g\u00f0u vi\u00f0 hann: Hve lengi l\u00e6tur \u00fe\u00fa oss \u00ed \u00f3vissu? Ef \u00fe\u00fa ert Kristur, \u00fe\u00e1 seg oss \u00fea\u00f0 berum or\u00f0um.<a name=\"25\"><span class=\"versanumer\">25<\/span><\/a>Jes\u00fas svara\u00f0i \u00feeim: \u00c9g hef sagt y\u00f0ur \u00fea\u00f0, en \u00fe\u00e9r tr\u00fai\u00f0 ekki. Verkin, sem \u00e9g gj\u00f6ri \u00ed nafni f\u00f6\u00f0ur m\u00edns, \u00feau vitna um mig,<a name=\"26\"><span class=\"versanumer\">26<\/span><\/a>en \u00fe\u00e9r tr\u00fai\u00f0 ekki, \u00fev\u00ed a\u00f0 \u00fe\u00e9r eru\u00f0 ekki \u00far h\u00f3pi sau\u00f0a minna.<a name=\"27\"><span class=\"versanumer\">27<\/span><\/a>M\u00ednir sau\u00f0ir heyra raust m\u00edna, og \u00e9g \u00feekki \u00fe\u00e1, og \u00feeir fylgja m\u00e9r.<a name=\"28\"><span class=\"versanumer\">28<\/span><\/a>\u00c9g gef \u00feeim eil\u00edft l\u00edf, og \u00feeir skulu aldrei a\u00f0 eil\u00edfu glatast, og enginn skal sl\u00edta \u00fe\u00e1 \u00far hendi minni.<a name=\"29\"><span class=\"versanumer\">29<\/span><\/a>Fa\u00f0ir minn, sem hefur gefi\u00f0 m\u00e9r \u00fe\u00e1, er meiri en allir, og enginn getur sliti\u00f0 \u00fe\u00e1 \u00far hendi f\u00f6\u00f0urins.<a name=\"30\"><span class=\"versanumer\">30<\/span><\/a>\u00c9g og fa\u00f0irinn erum eitt.<a name=\"31\"><span class=\"versanumer\">31<\/span><\/a>Gy\u00f0ingar t\u00f3ku aftur upp steina til a\u00f0 gr\u00fdta hann.<a name=\"32\"><span class=\"versanumer\">32<\/span><\/a>Jes\u00fas m\u00e6lti vi\u00f0 \u00fe\u00e1: \u00c9g hef s\u00fdnt y\u00f0ur m\u00f6rg g\u00f3\u00f0 verk fr\u00e1 f\u00f6\u00f0ur m\u00ednum. Fyrir hvert \u00feeirra verka vilji\u00f0 \u00fe\u00e9r gr\u00fdta mig?<a name=\"33\"><span class=\"versanumer\">33<\/span><\/a>Gy\u00f0ingar sv\u00f6ru\u00f0u honum: V\u00e9r gr\u00fdtum \u00feig ekki fyrir g\u00f3\u00f0 verk, heldur fyrir gu\u00f0last, a\u00f0 \u00fe\u00fa, sem ert ma\u00f0ur, gj\u00f6rir sj\u00e1lfan \u00feig a\u00f0 Gu\u00f0i.<a name=\"34\"><span class=\"versanumer\">34<\/span><\/a>Jes\u00fas svara\u00f0i \u00feeim: Er ekki skrifa\u00f0 \u00ed l\u00f6gm\u00e1li y\u00f0ar: \u00c9g hef sagt: \u00de\u00e9r eru\u00f0 gu\u00f0ir?<a name=\"35\"><span class=\"versanumer\">35<\/span><\/a>Ef \u00fea\u00f0 nefnir \u00fe\u00e1 gu\u00f0i, sem Gu\u00f0s or\u00f0 kom til, og ritningin ver\u00f0ur ekki felld \u00far gildi,<a name=\"36\"><span class=\"versanumer\">36<\/span><\/a>segi\u00f0 \u00fe\u00e9r \u00fe\u00e1 vi\u00f0 mig, sem fa\u00f0irinn helga\u00f0i og sendi \u00ed heiminn, a\u00f0 \u00e9g gu\u00f0lasti, af \u00fev\u00ed \u00e9g sag\u00f0i: \u00c9g er sonur Gu\u00f0s?<a name=\"37\"><span class=\"versanumer\">37<\/span><\/a>Ef \u00e9g vinn ekki verk f\u00f6\u00f0ur m\u00edns, tr\u00fai\u00f0 m\u00e9r \u00fe\u00e1 ekki,<a name=\"38\"><span class=\"versanumer\">38<\/span><\/a>en ef \u00e9g vinn \u00feau, \u00fe\u00e1 tr\u00fai\u00f0 verkunum, \u00fe\u00f3tt \u00fe\u00e9r tr\u00fai\u00f0 m\u00e9r ekki, svo a\u00f0 \u00fe\u00e9r skilji\u00f0 og viti\u00f0, a\u00f0 fa\u00f0irinn er \u00ed m\u00e9r og \u00e9g \u00ed f\u00f6\u00f0urnum.<a name=\"39\"><span class=\"versanumer\">39<\/span><\/a>N\u00fa reyndu \u00feeir aftur a\u00f0 gr\u00edpa hann, en hann gekk \u00far greipum \u00feeirra.<a name=\"40\"><span class=\"versanumer\">40<\/span><\/a>Hann f\u00f3r aftur burt yfir um J\u00f3rdan, \u00feanga\u00f0 sem J\u00f3hannes haf\u00f0i fyrrum veri\u00f0 a\u00f0 sk\u00edra, og var \u00fear um kyrrt.<a name=\"41\"><span class=\"versanumer\">41<\/span><\/a>Margir komu til hans. \u00deeir s\u00f6g\u00f0u: V\u00edst gj\u00f6r\u00f0i J\u00f3hannes ekkert t\u00e1kn, en allt er \u00fea\u00f0 satt, sem hann sag\u00f0i um \u00feennan mann.<a name=\"42\"><span class=\"versanumer\">42<\/span><\/a>Og \u00fearna t\u00f3ku margir tr\u00fa \u00e1 hann.<\/p>\n<div class=\"footnote1981\"><b>10.4<\/b> Sau\u00f0irnir og raust hir\u00f0isins J\u00f3h 10.27<br \/>\n<b>10.6<\/b> L\u00edking J\u00f3h 16.25<br \/>\n<b>10.8<\/b> Komu \u00e1 undan Jer 23.1-2; Esk 34.2-3<br \/>\n<b>10.9<\/b> Dyrnar 1M\u00f3s 28.17; Slm 118.20; Matt 7.13-14; 25.10; L\u00fak 11.52; sbr J\u00f3h 14.6 \u2013 frelsast J\u00f3h 3.17<br \/>\n<b>10.11<\/b> Hir\u00f0ir 1) Gu\u00f0 Slm 23.1; Jes 40.11; Jer 31.9; Esk 34.15 2) Mess\u00edas Slm 78.70-72; Esk 37.24 3) lei\u00f0togar Jer 2.8; 10.21; 23.1-3; Esk 34 4) Mrk 6.34; 14.27; Matt 9.36; 18.12-14; 25.32; 26.31; L\u00fak 15.3-7 5) Heb 13.20; Opb 7.17 \u2013 leggja \u00ed s\u00f6lurnar l\u00edf sitt Mrk 10.45; J\u00f3h 6.51; 10.15; 11.51-52; 15.13; 18.14; 1J\u00f3h 3.16; sbr R\u00f3m 5.8<br \/>\n<b>10.12<\/b> \u00dalfur Post 20.29<br \/>\n<b>10.14<\/b> Jes\u00fas \u00feekkir s\u00edna J\u00f3h 10.27; 2T\u00edm 2.19<br \/>\n<b>10.15<\/b> Fa\u00f0irinn og sonurinn Matt 11.27<br \/>\n<b>10.16<\/b> A\u00f0ra sau\u00f0i a\u00f0 lei\u00f0a Jes 56.8; J\u00f3h 11.52; 1P\u00e9t 2.25; sbr J\u00f3h 4.35-38; 17.20; Gal 3.23; K\u00f3l 3.11 \u2013 einn hir\u00f0ir Esk 34.23; 37.24<br \/>\n<b>10.17<\/b> Leggja l\u00edfi\u00f0 \u00ed s\u00f6lurnar, f\u00e1 \u00fea\u00f0 aftur Fil 2.8-9<br \/>\n<b>10.18<\/b> Skipun fr\u00e1 f\u00f6\u00f0urnum J\u00f3h 14.31; 15.10<br \/>\n<b>10.19<\/b> \u00c1greiningur J\u00f3h 7.43+<br \/>\n<b>10.20<\/b> Hefur illan anda Mrk 3.22+<br \/>\n<b>10.23<\/b> S\u00falnag\u00f6ng Sal\u00f3mons Post 3.11; 5.12<br \/>\n<b>10.24<\/b> Seg\u00f0u okkur \u00fea\u00f0 L\u00fak 22.67; J\u00f3h 2.18; 8.25<br \/>\n<b>10.25<\/b> Verkin &#8230; J\u00f3h 5.36+<br \/>\n<b>10.26<\/b> \u00dei\u00f0 tr\u00fai\u00f0 ekki J\u00f3h 6.64; 8.45<br \/>\n<b>10.27<\/b> Heyra J\u00f3h 8.47; 10.3<br \/>\n<b>10.28<\/b> Gefa eil\u00edft l\u00edf J\u00f3h 17.2 \u2013 aldrei a\u00f0 eil\u00edfu glatast J\u00f3h 3.16 \u2013 enginn skal sl\u00edta \u00fe\u00e1 &#8230; J\u00f3h 6.39; 17.12; 18.9<br \/>\n<b>10.29<\/b> Enginn getur &#8230; Jes 43.13<br \/>\n<b>10.30<\/b> Fa\u00f0ir og sonur eitt J\u00f3h 5.17-19; 17.11,21<br \/>\n<b>10.31<\/b> Gr\u00fdta J\u00f3h 8.59+<br \/>\n<b>10.33<\/b> Gu\u00f0last Matt 9.3+ ; J\u00f3h 5.18<br \/>\n<b>10.34<\/b> L\u00f6gm\u00e1li\u00f0 (Ritningin) J\u00f3h 7.49; 12.34; 15.25 \u2013 \u00e9g hef sagt &#8230; Slm 82.6<br \/>\n<b>10.35<\/b> Ekki felld \u00far gildi Matt 5.18; L\u00fak 16.17<br \/>\n<b>10.36<\/b> Senda og helga Jer 1.5; S\u00edr 49.7; J\u00f3h 6.69; 17.17-19 \u2013 sonur Gu\u00f0s J\u00f3h 5.17-20; 10.30,38<br \/>\n<b>10.38<\/b> Eining f\u00f6\u00f0ur og sonar J\u00f3h 14.10-11; 17.21<br \/>\n<b>10.39<\/b> Reyndu a\u00f0 gr\u00edpa hann J\u00f3h 7.30,44; 8.20 \u2013 gekk \u00far greipum \u00feeirra L\u00fak 4.30<br \/>\n<b>10.40<\/b> Yfir J\u00f3rdan J\u00f3h 1.28<br \/>\n<b>10.41<\/b> Vitnisbur\u00f0ur J\u00f3hannesar J\u00f3h 1.29,34; 3.28; 5.33-36<br \/>\n<b>10.42<\/b> Margir tr\u00fa\u00f0u J\u00f3h 7.31+<\/div>\n","protected":false},"excerpt":{"rendered":"<p>1Sannlega, sannlega segi \u00e9g y\u00f0ur: S\u00e1 sem kemur ekki um dyrnar inn \u00ed sau\u00f0abyrgi\u00f0, heldur fer yfir annars sta\u00f0ar, hann er \u00fej\u00f3fur og r\u00e6ningi,2en s\u00e1 sem kemur inn um dyrnar, er hir\u00f0ir sau\u00f0anna.3Dyrav\u00f6r\u00f0urinn l\u00fdkur upp fyrir honum, og sau\u00f0irnir heyra raust hans, og hann kallar \u00e1 s\u00edna sau\u00f0i me\u00f0 nafni og lei\u00f0ir \u00fe\u00e1 \u00fat.4\u00deegar hann hefur l\u00e1ti\u00f0 \u00fat alla sau\u00f0i s\u00edna, fer hann \u00e1 undan \u00feeim, og \u00feeir fylgja honum, af \u00fev\u00ed a\u00f0 \u00feeir \u00feekkja raust hans.5En \u00f3kunnugum fylgja \u00feeir ekki, heldur fl\u00fdja fr\u00e1 honum, \u00fev\u00ed \u00feeir \u00feekkja ekki raust \u00f3kunnugra.6\u00deessa l\u00edkingu sag\u00f0i Jes\u00fas \u00feeim. En \u00feeir skildu ekki hva\u00f0 <a href=\"https:\/\/biblian.is\/1981\/johannesargudspjall-10-kafli\/\"> [&#8230;]<\/a><\/p>\n","protected":false},"author":1,"featured_media":0,"parent":0,"menu_order":0,"comment_status":"open","ping_status":"open","template":"bibliukaflar.php","meta":{"footnotes":""},"class_list":["post-2354","page","type-page","status-publish","hentry"],"_links":{"self":[{"href":"https:\/\/biblian.is\/1981\/wp-json\/wp\/v2\/pages\/2354","targetHints":{"allow":["GET"]}}],"collection":[{"href":"https:\/\/biblian.is\/1981\/wp-json\/wp\/v2\/pages"}],"about":[{"href":"https:\/\/biblian.is\/1981\/wp-json\/wp\/v2\/types\/page"}],"author":[{"embeddable":true,"href":"https:\/\/biblian.is\/1981\/wp-json\/wp\/v2\/users\/1"}],"replies":[{"embeddable":true,"href":"https:\/\/biblian.is\/1981\/wp-json\/wp\/v2\/comments?post=2354"}],"version-history":[{"count":0,"href":"https:\/\/biblian.is\/1981\/wp-json\/wp\/v2\/pages\/2354\/revisions"}],"wp:attachment":[{"href":"https:\/\/biblian.is\/1981\/wp-json\/wp\/v2\/media?parent=2354"}],"curies":[{"name":"wp","href":"https:\/\/api.w.org\/{rel}","templated":true}]}}