{"id":2353,"date":"2017-11-18T20:21:31","date_gmt":"2017-11-18T20:21:31","guid":{"rendered":"http:\/\/biblian.is\/1981\/johannesargudspjall-9-kafli\/"},"modified":"2017-11-18T20:21:31","modified_gmt":"2017-11-18T20:21:31","slug":"johannesargudspjall-9-kafli","status":"publish","type":"page","link":"https:\/\/biblian.is\/1981\/johannesargudspjall-9-kafli\/","title":{"rendered":"J\u00f3hannesargu\u00f0spjall 9. kafli"},"content":{"rendered":"<p><a name=\"1\"><span class=\"versanumer\">1<\/span><\/a>\u00c1 lei\u00f0 sinni s\u00e1 hann mann, sem var blindur fr\u00e1 f\u00e6\u00f0ingu.<a name=\"2\"><span class=\"versanumer\">2<\/span><\/a>L\u00e6risveinar hans spur\u00f0u hann: Rabb\u00ed, hvort hefur \u00feessi ma\u00f0ur syndga\u00f0 e\u00f0a foreldrar hans, fyrst hann f\u00e6ddist blindur?<a name=\"3\"><span class=\"versanumer\">3<\/span><\/a>Jes\u00fas svara\u00f0i: Hvorki er \u00fea\u00f0 af \u00fev\u00ed, a\u00f0 hann hafi syndga\u00f0 e\u00f0a foreldrar hans, heldur til \u00feess a\u00f0 verk Gu\u00f0s ver\u00f0i opinber \u00e1 honum.<a name=\"4\"><span class=\"versanumer\">4<\/span><\/a>Oss ber a\u00f0 vinna verk \u00feess, er sendi mig, me\u00f0an dagur er. \u00dea\u00f0 kemur n\u00f3tt, \u00feegar enginn getur unni\u00f0.<a name=\"5\"><span class=\"versanumer\">5<\/span><\/a>Me\u00f0an \u00e9g er \u00ed heiminum, er \u00e9g lj\u00f3s heimsins.<a name=\"6\"><span class=\"versanumer\">6<\/span><\/a>A\u00f0 svo m\u00e6ltu skyrpti hann \u00e1 j\u00f6r\u00f0ina, gj\u00f6r\u00f0i le\u00f0ju \u00far munnvatninu, strauk le\u00f0ju \u00e1 augu hans<a name=\"7\"><span class=\"versanumer\">7<\/span><\/a>og sag\u00f0i vi\u00f0 hann: Far\u00f0u og \u00fevo\u00f0u \u00fe\u00e9r \u00ed lauginni S\u00edl\u00f3am.  S\u00edl\u00f3am \u00fe\u00fd\u00f0ir sendur.  Hann f\u00f3r og \u00fevo\u00f0i s\u00e9r og kom sj\u00e1andi.<a name=\"8\"><span class=\"versanumer\">8<\/span><\/a>N\u00e1grannar hans og \u00feeir, sem h\u00f6f\u00f0u \u00e1\u00f0ur s\u00e9\u00f0 hann \u00f6lmusumann, s\u00f6g\u00f0u \u00fe\u00e1: Er \u00feetta ekki s\u00e1, er seti\u00f0 hefur og be\u00f0i\u00f0 s\u00e9r \u00f6lmusu?<a name=\"9\"><span class=\"versanumer\">9<\/span><\/a>Sumir s\u00f6g\u00f0u: S\u00e1 er ma\u00f0urinn, en a\u00f0rir s\u00f6g\u00f0u: Nei, en l\u00edkur er hann honum. Sj\u00e1lfur sag\u00f0i hann: \u00c9g er s\u00e1.<a name=\"10\"><span class=\"versanumer\">10<\/span><\/a>\u00de\u00e1 s\u00f6g\u00f0u \u00feeir vi\u00f0 hann: Hvernig opnu\u00f0ust augu \u00fe\u00edn?<a name=\"11\"><span class=\"versanumer\">11<\/span><\/a>Hann svara\u00f0i: Ma\u00f0ur a\u00f0 nafni Jes\u00fas gj\u00f6r\u00f0i le\u00f0ju og smur\u00f0i \u00e1 augu m\u00edn og sag\u00f0i m\u00e9r a\u00f0 fara til S\u00edl\u00f3am og \u00fevo m\u00e9r. \u00c9g f\u00f3r og f\u00e9kk sj\u00f3nina, \u00feegar \u00e9g var b\u00fainn a\u00f0 \u00fevo m\u00e9r.<a name=\"12\"><span class=\"versanumer\">12<\/span><\/a>\u00deeir s\u00f6g\u00f0u vi\u00f0 hann: Hvar er hann? Hann svara\u00f0i: \u00dea\u00f0 veit \u00e9g ekki.<a name=\"13\"><span class=\"versanumer\">13<\/span><\/a>\u00deeir fara til far\u00edseanna me\u00f0 manninn, sem \u00e1\u00f0ur var blindur.<a name=\"14\"><span class=\"versanumer\">14<\/span><\/a>En \u00fe\u00e1 var hv\u00edldardagur, \u00feegar Jes\u00fas bj\u00f3 til le\u00f0juna og opna\u00f0i augu hans.<a name=\"15\"><span class=\"versanumer\">15<\/span><\/a>Far\u00edsearnir spur\u00f0u hann n\u00fa l\u00edka, hvernig hann hef\u00f0i fengi\u00f0 sj\u00f3nina. Hann svara\u00f0i \u00feeim: Hann lag\u00f0i le\u00f0ju \u00e1 augu m\u00edn, \u00e9g \u00fevo\u00f0i m\u00e9r, og n\u00fa s\u00e9 \u00e9g.<a name=\"16\"><span class=\"versanumer\">16<\/span><\/a>\u00de\u00e1 s\u00f6g\u00f0u nokkrir far\u00edsear: \u00deessi ma\u00f0ur er ekki fr\u00e1 Gu\u00f0i, fyrst hann heldur ekki hv\u00edldardaginn. A\u00f0rir s\u00f6g\u00f0u: Hvernig getur syndugur ma\u00f0ur gj\u00f6rt \u00fev\u00edl\u00edk t\u00e1kn? Og \u00e1greiningur var\u00f0 me\u00f0 \u00feeim.<a name=\"17\"><span class=\"versanumer\">17<\/span><\/a>\u00de\u00e1 segja \u00feeir aftur vi\u00f0 hinn blinda: Hva\u00f0 segir \u00fe\u00fa um hann, fyrst hann opna\u00f0i augu \u00fe\u00edn? Hann sag\u00f0i: Hann er sp\u00e1ma\u00f0ur.<a name=\"18\"><span class=\"versanumer\">18<\/span><\/a>Gy\u00f0ingar tr\u00fa\u00f0u \u00fev\u00ed ekki, a\u00f0 hann, sem sj\u00f3nina f\u00e9kk, hef\u00f0i veri\u00f0 blindur, og k\u00f6llu\u00f0u fyrst \u00e1 foreldra hans<a name=\"19\"><span class=\"versanumer\">19<\/span><\/a>og spur\u00f0u \u00fe\u00e1: Er \u00feetta sonur ykkar, sem \u00fei\u00f0 segi\u00f0 a\u00f0 hafi f\u00e6\u00f0st blindur? Hvernig er hann \u00fe\u00e1 or\u00f0inn sj\u00e1andi?<a name=\"20\"><span class=\"versanumer\">20<\/span><\/a>Foreldrar hans sv\u00f6ru\u00f0u: Vi\u00f0 vitum, a\u00f0 \u00feessi ma\u00f0ur er sonur okkar og a\u00f0 hann f\u00e6ddist blindur.<a name=\"21\"><span class=\"versanumer\">21<\/span><\/a>En hvernig hann er n\u00fa or\u00f0inn sj\u00e1andi, vitum vi\u00f0 ekki, n\u00e9 heldur vitum vi\u00f0, hver opna\u00f0i augu hans. Spyrji\u00f0 hann sj\u00e1lfan. Hann hefur aldur til. Hann getur svara\u00f0 fyrir sig.<a name=\"22\"><span class=\"versanumer\">22<\/span><\/a>\u00deetta s\u00f6g\u00f0u foreldrar hans af \u00f3tta vi\u00f0 Gy\u00f0inga. \u00dev\u00ed Gy\u00f0ingar h\u00f6f\u00f0u \u00feegar sam\u00feykkt, a\u00f0 ef nokkur j\u00e1ta\u00f0i, a\u00f0 Jes\u00fas v\u00e6ri Kristur, skyldi hann samkundur\u00e6kur.<a name=\"23\"><span class=\"versanumer\">23<\/span><\/a>Vegna \u00feessa s\u00f6g\u00f0u foreldrar hans: Hann hefur aldur til, spyrji\u00f0 hann sj\u00e1lfan.<a name=\"24\"><span class=\"versanumer\">24<\/span><\/a>N\u00fa k\u00f6llu\u00f0u \u00feeir \u00ed anna\u00f0 sinn \u00e1 manninn, sem blindur haf\u00f0i veri\u00f0, og s\u00f6g\u00f0u vi\u00f0 hann: Gef \u00fe\u00fa Gu\u00f0i d\u00fdr\u00f0ina. V\u00e9r vitum, a\u00f0 \u00feessi ma\u00f0ur er syndari.<a name=\"25\"><span class=\"versanumer\">25<\/span><\/a>Hann svara\u00f0i: Ekki veit \u00e9g, hvort hann er syndari. En eitt veit \u00e9g, a\u00f0 \u00e9g, sem var blindur, er n\u00fa sj\u00e1andi.<a name=\"26\"><span class=\"versanumer\">26<\/span><\/a>\u00de\u00e1 s\u00f6g\u00f0u \u00feeir vi\u00f0 hann: Hva\u00f0 gj\u00f6r\u00f0i hann vi\u00f0 \u00feig? Hvernig opna\u00f0i hann augu \u00fe\u00edn?<a name=\"27\"><span class=\"versanumer\">27<\/span><\/a>Hann svara\u00f0i \u00feeim: \u00c9g er b\u00fainn a\u00f0 segja y\u00f0ur \u00fea\u00f0, og \u00fe\u00e9r hlustu\u00f0u\u00f0 ekki \u00e1 \u00fea\u00f0. Hv\u00ed vilji\u00f0 \u00fe\u00e9r heyra \u00fea\u00f0 aftur? Vilji\u00f0 \u00fe\u00e9r l\u00edka ver\u00f0a l\u00e6risveinar hans?<a name=\"28\"><span class=\"versanumer\">28<\/span><\/a>\u00deeir atyrtu hann og s\u00f6g\u00f0u: \u00de\u00fa ert l\u00e6risveinn hans, v\u00e9r erum l\u00e6risveinar M\u00f3se.<a name=\"29\"><span class=\"versanumer\">29<\/span><\/a>V\u00e9r vitum, a\u00f0 Gu\u00f0 tala\u00f0i vi\u00f0 M\u00f3se, en um \u00feennan vitum v\u00e9r ekki, hva\u00f0an hann er.<a name=\"30\"><span class=\"versanumer\">30<\/span><\/a>Ma\u00f0urinn svara\u00f0i \u00feeim: \u00deetta er fur\u00f0ulegt, a\u00f0 \u00fe\u00e9r viti\u00f0 ekki, hva\u00f0an hann er, og \u00fe\u00f3 opna\u00f0i hann augu m\u00edn.<a name=\"31\"><span class=\"versanumer\">31<\/span><\/a>V\u00e9r vitum, a\u00f0 Gu\u00f0 heyrir ekki syndara. En ef einhver er gu\u00f0r\u00e6kinn og gj\u00f6rir vilja hans, \u00feann heyrir hann.<a name=\"32\"><span class=\"versanumer\">32<\/span><\/a>Fr\u00e1 alda \u00f6\u00f0li hefur ekki heyrst, a\u00f0 nokkur hafi opna\u00f0 augu \u00feess, sem blindur var borinn.<a name=\"33\"><span class=\"versanumer\">33<\/span><\/a>Ef \u00feessi ma\u00f0ur v\u00e6ri ekki fr\u00e1 Gu\u00f0i, g\u00e6ti hann ekkert gj\u00f6rt.<a name=\"34\"><span class=\"versanumer\">34<\/span><\/a>\u00deeir sv\u00f6ru\u00f0u honum: \u00de\u00fa ert syndum vafinn fr\u00e1 f\u00e6\u00f0ingu og \u00e6tlar a\u00f0 kenna oss! Og \u00feeir r\u00e1ku hann \u00fat.<a name=\"35\"><span class=\"versanumer\">35<\/span><\/a>Jes\u00fas heyr\u00f0i, a\u00f0 \u00feeir hef\u00f0u reki\u00f0 hann \u00fat. Hann fann hann og sag\u00f0i vi\u00f0 hann: Tr\u00fair \u00fe\u00fa \u00e1 Mannssoninn?<a name=\"36\"><span class=\"versanumer\">36<\/span><\/a>Hinn svara\u00f0i: Herra, hver er s\u00e1, a\u00f0 \u00e9g megi tr\u00faa \u00e1 hann?<a name=\"37\"><span class=\"versanumer\">37<\/span><\/a>Jes\u00fas sag\u00f0i vi\u00f0 hann: \u00de\u00fa hefur s\u00e9\u00f0 hann, hann er s\u00e1 sem er n\u00fa a\u00f0 tala vi\u00f0 \u00feig.<a name=\"38\"><span class=\"versanumer\">38<\/span><\/a>En hann sag\u00f0i: \u00c9g tr\u00fai, herra, og f\u00e9ll fram fyrir honum.<a name=\"39\"><span class=\"versanumer\">39<\/span><\/a>Jes\u00fas sag\u00f0i: Til d\u00f3ms er \u00e9g kominn \u00ed \u00feennan heim, svo a\u00f0 blindir sj\u00e1i og hinir sj\u00e1andi ver\u00f0i blindir.<a name=\"40\"><span class=\"versanumer\">40<\/span><\/a>\u00deetta heyr\u00f0u \u00feeir far\u00edsear, sem me\u00f0 honum voru, og spur\u00f0u: Erum v\u00e9r \u00fe\u00e1 l\u00edka blindir?<a name=\"41\"><span class=\"versanumer\">41<\/span><\/a>Jes\u00fas sag\u00f0i vi\u00f0 \u00fe\u00e1: Ef \u00fe\u00e9r v\u00e6ru\u00f0 blindir, v\u00e6ru\u00f0 \u00fe\u00e9r \u00e1n sakar. En n\u00fa segist \u00fe\u00e9r vera sj\u00e1andi, \u00fev\u00ed varir s\u00f6k y\u00f0ar.<\/p>\n<div class=\"footnote1981\"><b>9.2<\/b> Refsing fyrir syndir 2M\u00f3s 20.5; Esk 18.20; Slm 38.2-6; L\u00fak 13.2,4<br \/>\n<b>9.3<\/b> Verk Gu\u00f0s ver\u00f0i opinber J\u00f3h 11.4<br \/>\n<b>9.4<\/b> Vinna verk Gu\u00f0s J\u00f3h 5.17 \u2013 n\u00f3tt &#8230; J\u00f3h 11.10<br \/>\n<b>9.5<\/b> Lj\u00f3s heimsins J\u00f3h 8.12+<br \/>\n<b>9.6<\/b> Skyrpti Mrk 8.23; sbr Mrk 7.33<br \/>\n<b>9.7<\/b> Far\u00f0u og \u00fevo\u00f0u \u00fe\u00e9r 2Kon 5.10 \u2013 laugin S\u00edl\u00f3am 2Kon 20.20; Jes 8.6; Neh 3.15<br \/>\n<b>9.8<\/b> \u00deekktu hann Post 3.10<br \/>\n<b>9.14<\/b> Hv\u00edldardagur J\u00f3h 5.9+<br \/>\n<b>9.16<\/b> Fr\u00e1 Gu\u00f0i J\u00f3h 3.2; 9.33 \u2013 heldur ekki hv\u00edldardaginn J\u00f3h 5.16,18 \u2013 getur syndugur ma\u00f0ur gj\u00f6rt \u00fevil\u00edkt? J\u00f3h 9.31; sbr 3.2+ ; 5M\u00f3s 13.1-6 \u2013 \u00e1greiningur um Jes\u00fa J\u00f3h 7.43+<br \/>\n<b>9.17<\/b> Jes\u00fas sag\u00f0ur sp\u00e1ma\u00f0ur Matt 16.14+ ; sbr J\u00f3h 7.40<br \/>\n<b>9.22<\/b> Af \u00f3tta vi\u00f0 Gy\u00f0inga J\u00f3h 7.13+ &#8211; samkundur\u00e6kur J\u00f3h 12.42; 16.2<br \/>\n<b>9.24<\/b> Gefa Gu\u00f0i d\u00fdr\u00f0ina J\u00f3s 7.19; Opb 11.13<br \/>\n<b>9.29<\/b> Hva\u00f0an hann er J\u00f3h 7.27,28; 8.14<br \/>\n<b>9.31<\/b> Gu\u00f0 heyrir ekki syndara Jes 1.15; Slm 66.18; 109.7; Job 27.9; 35.13 \u2013 \u00feann, sem fer a\u00f0 vilja hans Slm 34.16; Okv 15.29; J\u00f3h 16.23-27; 1J\u00f3h 3.21-22<br \/>\n<b>9.33<\/b> T\u00e1kn til s\u00f6nnunar J\u00f3h 3.2+<br \/>\n<b>9.34<\/b> Fr\u00e1 f\u00e6\u00f0ingu Slm 51.7; J\u00f3h 9.2<br \/>\n<b>9.35<\/b> Mannssonurinn Matt 8.20+ ; J\u00f3h 1.51; 3.14-15; 6.62-63<br \/>\n<b>9.37<\/b> S\u00e1 sem vi\u00f0 \u00feig talar J\u00f3h 4.26<br \/>\n<b>9.39<\/b> Til d\u00f3ms J\u00f3h 3.17; 5.22,27,30; 8.15-16; 12.47; sbr Mrk 4.11-12<br \/>\n<b>9.40<\/b> Blindir far\u00edsear Matt 15.14; 23.26<br \/>\n<b>9.41<\/b> \u00c1n sakar J\u00f3h 15.22<\/div>\n","protected":false},"excerpt":{"rendered":"<p>1\u00c1 lei\u00f0 sinni s\u00e1 hann mann, sem var blindur fr\u00e1 f\u00e6\u00f0ingu.2L\u00e6risveinar hans spur\u00f0u hann: Rabb\u00ed, hvort hefur \u00feessi ma\u00f0ur syndga\u00f0 e\u00f0a foreldrar hans, fyrst hann f\u00e6ddist blindur?3Jes\u00fas svara\u00f0i: Hvorki er \u00fea\u00f0 af \u00fev\u00ed, a\u00f0 hann hafi syndga\u00f0 e\u00f0a foreldrar hans, heldur til \u00feess a\u00f0 verk Gu\u00f0s ver\u00f0i opinber \u00e1 honum.4Oss ber a\u00f0 vinna verk \u00feess, er sendi mig, me\u00f0an dagur er. \u00dea\u00f0 kemur n\u00f3tt, \u00feegar enginn getur unni\u00f0.5Me\u00f0an \u00e9g er \u00ed heiminum, er \u00e9g lj\u00f3s heimsins.6A\u00f0 svo m\u00e6ltu skyrpti hann \u00e1 j\u00f6r\u00f0ina, gj\u00f6r\u00f0i le\u00f0ju \u00far munnvatninu, strauk le\u00f0ju \u00e1 augu hans7og sag\u00f0i vi\u00f0 hann: Far\u00f0u og \u00fevo\u00f0u \u00fe\u00e9r \u00ed lauginni <a href=\"https:\/\/biblian.is\/1981\/johannesargudspjall-9-kafli\/\"> [&#8230;]<\/a><\/p>\n","protected":false},"author":1,"featured_media":0,"parent":0,"menu_order":0,"comment_status":"open","ping_status":"open","template":"bibliukaflar.php","meta":{"footnotes":""},"class_list":["post-2353","page","type-page","status-publish","hentry"],"_links":{"self":[{"href":"https:\/\/biblian.is\/1981\/wp-json\/wp\/v2\/pages\/2353","targetHints":{"allow":["GET"]}}],"collection":[{"href":"https:\/\/biblian.is\/1981\/wp-json\/wp\/v2\/pages"}],"about":[{"href":"https:\/\/biblian.is\/1981\/wp-json\/wp\/v2\/types\/page"}],"author":[{"embeddable":true,"href":"https:\/\/biblian.is\/1981\/wp-json\/wp\/v2\/users\/1"}],"replies":[{"embeddable":true,"href":"https:\/\/biblian.is\/1981\/wp-json\/wp\/v2\/comments?post=2353"}],"version-history":[{"count":0,"href":"https:\/\/biblian.is\/1981\/wp-json\/wp\/v2\/pages\/2353\/revisions"}],"wp:attachment":[{"href":"https:\/\/biblian.is\/1981\/wp-json\/wp\/v2\/media?parent=2353"}],"curies":[{"name":"wp","href":"https:\/\/api.w.org\/{rel}","templated":true}]}}