{"id":2352,"date":"2017-11-18T20:21:31","date_gmt":"2017-11-18T20:21:31","guid":{"rendered":"http:\/\/biblian.is\/1981\/johannesargudspjall-8-kafli\/"},"modified":"2017-11-18T20:21:31","modified_gmt":"2017-11-18T20:21:31","slug":"johannesargudspjall-8-kafli","status":"publish","type":"page","link":"https:\/\/biblian.is\/1981\/johannesargudspjall-8-kafli\/","title":{"rendered":"J\u00f3hannesargu\u00f0spjall 8. kafli"},"content":{"rendered":"<p><a name=\"1\"><span class=\"versanumer\">1<\/span><\/a>En Jes\u00fas f\u00f3r til Ol\u00edufjallsins.<a name=\"2\"><span class=\"versanumer\">2<\/span><\/a>Snemma morguns kom hann aftur \u00ed helgid\u00f3minn, og allur l\u00fd\u00f0ur kom til hans, en hann settist og t\u00f3k a\u00f0 kenna \u00feeim.<a name=\"3\"><span class=\"versanumer\">3<\/span><\/a>Far\u00edsear og fr\u00e6\u00f0imenn koma me\u00f0 konu, sta\u00f0na a\u00f0 h\u00f3rd\u00f3mi, l\u00e9tu hana standa mitt \u00e1 me\u00f0al \u00feeirra<a name=\"4\"><span class=\"versanumer\">4<\/span><\/a>og s\u00f6g\u00f0u vi\u00f0 hann: Meistari, kona \u00feessi var sta\u00f0in a\u00f0 verki, \u00fear sem h\u00fan var a\u00f0 dr\u00fdgja h\u00f3r.<a name=\"5\"><span class=\"versanumer\">5<\/span><\/a>M\u00f3se bau\u00f0 oss \u00ed l\u00f6gm\u00e1linu a\u00f0 gr\u00fdta sl\u00edkar konur. Hva\u00f0 segir \u00fe\u00fa n\u00fa?<a name=\"6\"><span class=\"versanumer\">6<\/span><\/a>\u00deetta s\u00f6g\u00f0u \u00feeir til a\u00f0 reyna hann, svo \u00feeir hef\u00f0u eitthva\u00f0 a\u00f0 \u00e1k\u00e6ra hann fyrir. En Jes\u00fas laut ni\u00f0ur og skrifa\u00f0i me\u00f0 fingrinum \u00e1 j\u00f6r\u00f0ina.<a name=\"7\"><span class=\"versanumer\">7<\/span><\/a>Og \u00feegar \u00feeir h\u00e9ldu \u00e1fram a\u00f0 spyrja hann, r\u00e9tti hann sig upp og sag\u00f0i vi\u00f0 \u00fe\u00e1: S\u00e1 y\u00f0ar, sem syndlaus er, kasti fyrstur steini \u00e1 hana.<a name=\"8\"><span class=\"versanumer\">8<\/span><\/a>Og aftur laut hann ni\u00f0ur og skrifa\u00f0i \u00e1 j\u00f6r\u00f0ina.<a name=\"9\"><span class=\"versanumer\">9<\/span><\/a>\u00deegar \u00feeir heyr\u00f0u \u00feetta, f\u00f3ru \u00feeir burt, einn af \u00f6\u00f0rum, \u00f6ldungarnir fyrstir. Jes\u00fas var einn eftir, og konan st\u00f3\u00f0 \u00ed s\u00f6mu sporum.<a name=\"10\"><span class=\"versanumer\">10<\/span><\/a>Hann r\u00e9tti sig upp og sag\u00f0i vi\u00f0 hana: Kona, hva\u00f0 var\u00f0 af \u00feeim? Sakfelldi enginn \u00feig?<a name=\"11\"><span class=\"versanumer\">11<\/span><\/a>En h\u00fan sag\u00f0i: Enginn, herra. Jes\u00fas m\u00e6lti: \u00c9g sakfelli \u00feig ekki heldur. Far \u00fe\u00fa. Syndga ekki framar.<a name=\"12\"><span class=\"versanumer\">12<\/span><\/a>N\u00fa tala\u00f0i Jes\u00fas aftur til \u00feeirra og sag\u00f0i: \u00c9g er lj\u00f3s heimsins. S\u00e1 sem fylgir m\u00e9r, mun ekki ganga \u00ed myrkri, heldur hafa lj\u00f3s l\u00edfsins.<a name=\"13\"><span class=\"versanumer\">13<\/span><\/a>\u00de\u00e1 s\u00f6g\u00f0u far\u00edsear vi\u00f0 hann: \u00de\u00fa vitnar um sj\u00e1lfan \u00feig. Vitnisbur\u00f0ur \u00feinn er ekki gildur.<a name=\"14\"><span class=\"versanumer\">14<\/span><\/a>Jes\u00fas svara\u00f0i \u00feeim: Enda \u00fe\u00f3tt \u00e9g vitni um sj\u00e1lfan mig, er vitnisbur\u00f0ur minn gildur, \u00fev\u00ed \u00e9g veit hva\u00f0an \u00e9g kom og hvert \u00e9g fer. En \u00fe\u00e9r viti\u00f0 ekki, hva\u00f0an \u00e9g kem n\u00e9 hvert \u00e9g fer.<a name=\"15\"><span class=\"versanumer\">15<\/span><\/a>\u00de\u00e9r d\u00e6mi\u00f0 a\u00f0 h\u00e6tti manna. \u00c9g d\u00e6mi engan.<a name=\"16\"><span class=\"versanumer\">16<\/span><\/a>En ef \u00e9g d\u00e6mi, er d\u00f3mur minn r\u00e9ttur, \u00fev\u00ed \u00e9g er ekki einn, me\u00f0 m\u00e9r er fa\u00f0irinn, sem sendi mig.<a name=\"17\"><span class=\"versanumer\">17<\/span><\/a>Og \u00ed l\u00f6gm\u00e1li y\u00f0ar er rita\u00f0, a\u00f0 vitnisbur\u00f0ur tveggja manna s\u00e9 gildur.<a name=\"18\"><span class=\"versanumer\">18<\/span><\/a>\u00c9g er s\u00e1, sem vitna um sj\u00e1lfan mig, og fa\u00f0irinn, sem sendi mig, vitnar um mig.<a name=\"19\"><span class=\"versanumer\">19<\/span><\/a>\u00deeir s\u00f6g\u00f0u vi\u00f0 hann: Hvar er fa\u00f0ir \u00feinn? Jes\u00fas svara\u00f0i: Hvorki \u00feekki\u00f0 \u00fe\u00e9r mig n\u00e9 f\u00f6\u00f0ur minn. Ef \u00fe\u00e9r \u00feekktu\u00f0 mig, \u00fe\u00e1 \u00feekktu\u00f0 \u00fe\u00e9r l\u00edka f\u00f6\u00f0ur minn.<a name=\"20\"><span class=\"versanumer\">20<\/span><\/a>\u00deessi or\u00f0 m\u00e6lti Jes\u00fas hj\u00e1 fj\u00e1rhirslunni, \u00feegar hann var a\u00f0 kenna \u00ed helgid\u00f3minum. Enginn lag\u00f0i hendur \u00e1 hann, \u00fev\u00ed stund hans var ekki enn komin.<a name=\"21\"><span class=\"versanumer\">21<\/span><\/a>Enn sag\u00f0i hann vi\u00f0 \u00fe\u00e1: \u00c9g fer burt, og \u00fe\u00e9r munu\u00f0 leita m\u00edn, en \u00fe\u00e9r munu\u00f0 deyja \u00ed synd y\u00f0ar. \u00deanga\u00f0 sem \u00e9g fer, geti\u00f0 \u00fe\u00e9r ekki komist.<a name=\"22\"><span class=\"versanumer\">22<\/span><\/a>N\u00fa s\u00f6g\u00f0u Gy\u00f0ingar: Mun hann \u00e6tla a\u00f0 fyrirfara s\u00e9r, fyrst hann segir: \u00deanga\u00f0 sem \u00e9g fer, geti\u00f0 \u00fe\u00e9r ekki komist?<a name=\"23\"><span class=\"versanumer\">23<\/span><\/a>En hann sag\u00f0i vi\u00f0 \u00fe\u00e1: \u00de\u00e9r eru\u00f0 ne\u00f0an a\u00f0, \u00e9g er ofan a\u00f0. \u00de\u00e9r eru\u00f0 af \u00feessum heimi, \u00e9g er ekki af \u00feessum heimi.<a name=\"24\"><span class=\"versanumer\">24<\/span><\/a>\u00deess vegna sag\u00f0i \u00e9g y\u00f0ur, a\u00f0 \u00fe\u00e9r mundu\u00f0 deyja \u00ed syndum y\u00f0ar. \u00dev\u00ed ef \u00fe\u00e9r tr\u00fai\u00f0 ekki, a\u00f0 \u00e9g s\u00e9 s\u00e1 sem \u00e9g er, munu\u00f0 \u00fe\u00e9r deyja \u00ed syndum y\u00f0ar.<a name=\"25\"><span class=\"versanumer\">25<\/span><\/a>\u00deeir spur\u00f0u hann \u00fe\u00e1: Hver ert \u00fe\u00fa? Jes\u00fas svara\u00f0i \u00feeim: S\u00e1 sem \u00e9g hef sagt y\u00f0ur fr\u00e1 upphafi.<a name=\"26\"><span class=\"versanumer\">26<\/span><\/a>Margt hef \u00e9g um y\u00f0ur a\u00f0 tala og fyrir margt a\u00f0 d\u00e6ma. En s\u00e1 sem sendi mig, er sannur, og \u00fea\u00f0 sem \u00e9g heyr\u00f0i hj\u00e1 honum, \u00fea\u00f0 tala \u00e9g til heimsins.<a name=\"27\"><span class=\"versanumer\">27<\/span><\/a>\u00deeir skildu ekki, a\u00f0 hann var a\u00f0 tala vi\u00f0 \u00fe\u00e1 um f\u00f6\u00f0urinn.<a name=\"28\"><span class=\"versanumer\">28<\/span><\/a>\u00dev\u00ed sag\u00f0i Jes\u00fas: \u00deegar \u00fe\u00e9r hefji\u00f0 upp Mannssoninn, munu\u00f0 \u00fe\u00e9r skilja, a\u00f0 \u00e9g er s\u00e1 sem \u00e9g er, og a\u00f0 \u00e9g gj\u00f6ri ekkert af sj\u00e1lfum m\u00e9r, heldur tala \u00e9g \u00fea\u00f0 eitt, sem fa\u00f0irinn hefur kennt m\u00e9r.<a name=\"29\"><span class=\"versanumer\">29<\/span><\/a>Og s\u00e1 sem sendi mig, er me\u00f0 m\u00e9r. Hann hefur ekki l\u00e1ti\u00f0 mig einan, \u00fev\u00ed \u00e9g gj\u00f6ri \u00e6t\u00ed\u00f0 \u00fea\u00f0 sem honum \u00fe\u00f3knast.<a name=\"30\"><span class=\"versanumer\">30<\/span><\/a>\u00deegar hann m\u00e6lti \u00feetta, f\u00f3ru margir a\u00f0 tr\u00faa \u00e1 hann.<a name=\"31\"><span class=\"versanumer\">31<\/span><\/a>\u00de\u00e1 sag\u00f0i Jes\u00fas vi\u00f0 Gy\u00f0ingana, sem teki\u00f0 h\u00f6f\u00f0u tr\u00fa \u00e1 hann: Ef \u00fe\u00e9r eru\u00f0 st\u00f6\u00f0ugir \u00ed or\u00f0i m\u00ednu, eru\u00f0 \u00fe\u00e9r sannir l\u00e6risveinar m\u00ednir<a name=\"32\"><span class=\"versanumer\">32<\/span><\/a>og munu\u00f0 \u00feekkja sannleikann, og sannleikurinn mun gj\u00f6ra y\u00f0ur frj\u00e1lsa.<a name=\"33\"><span class=\"versanumer\">33<\/span><\/a>\u00deeir sv\u00f6ru\u00f0u honum: V\u00e9r erum ni\u00f0jar Abrahams og h\u00f6fum aldrei veri\u00f0 nokkurs manns \u00fer\u00e6lar. Hvernig getur \u00fe\u00fa \u00fe\u00e1 sagt: \u00de\u00e9r munu\u00f0 ver\u00f0a frj\u00e1lsir?<a name=\"34\"><span class=\"versanumer\">34<\/span><\/a>Jes\u00fas svara\u00f0i \u00feeim: Sannlega, sannlega segi \u00e9g y\u00f0ur: Hver sem syndina dr\u00fdgir, er \u00fer\u00e6ll syndarinnar.<a name=\"35\"><span class=\"versanumer\">35<\/span><\/a>En \u00fer\u00e6llinn dvelst ekki um aldur \u00ed h\u00fasinu, sonurinn dvelst \u00fear um aldur og \u00e6vi.<a name=\"36\"><span class=\"versanumer\">36<\/span><\/a>Ef sonurinn gj\u00f6rir y\u00f0ur frj\u00e1lsa, munu\u00f0 \u00fe\u00e9r sannarlega ver\u00f0a frj\u00e1lsir.<a name=\"37\"><span class=\"versanumer\">37<\/span><\/a>\u00c9g veit, a\u00f0 \u00fe\u00e9r eru\u00f0 ni\u00f0jar Abrahams. \u00de\u00f3 leitist \u00fe\u00e9r vi\u00f0 a\u00f0 l\u00edfl\u00e1ta mig, \u00fev\u00ed a\u00f0 or\u00f0 mitt f\u00e6r ekki r\u00fam hj\u00e1 y\u00f0ur.<a name=\"38\"><span class=\"versanumer\">38<\/span><\/a>\u00c9g tala \u00fea\u00f0, sem \u00e9g hef s\u00e9\u00f0 hj\u00e1 f\u00f6\u00f0ur m\u00ednum, og \u00fe\u00e9r gj\u00f6ri\u00f0 \u00fea\u00f0, sem \u00fe\u00e9r hafi\u00f0 heyrt hj\u00e1 f\u00f6\u00f0ur y\u00f0ar.<a name=\"39\"><span class=\"versanumer\">39<\/span><\/a>\u00deeir sv\u00f6ru\u00f0u honum: Fa\u00f0ir vor er Abraham. Jes\u00fas segir vi\u00f0 \u00fe\u00e1: Ef \u00fe\u00e9r v\u00e6ru\u00f0 b\u00f6rn Abrahams, mundu\u00f0 \u00fe\u00e9r vinna verk Abrahams.<a name=\"40\"><span class=\"versanumer\">40<\/span><\/a>En n\u00fa leitist \u00fe\u00e9r vi\u00f0 a\u00f0 l\u00edfl\u00e1ta mig, mann sem hefur sagt y\u00f0ur sannleikann, sem \u00e9g heyr\u00f0i hj\u00e1 Gu\u00f0i. Sl\u00edkt gj\u00f6r\u00f0i Abraham aldrei.<a name=\"41\"><span class=\"versanumer\">41<\/span><\/a>\u00de\u00e9r vinni\u00f0 verk f\u00f6\u00f0ur y\u00f0ar. \u00deeir s\u00f6g\u00f0u vi\u00f0 hann: V\u00e9r erum ekki h\u00f3rgetnir. Einn f\u00f6\u00f0ur eigum v\u00e9r, Gu\u00f0.<a name=\"42\"><span class=\"versanumer\">42<\/span><\/a>Jes\u00fas svara\u00f0i: Ef Gu\u00f0 v\u00e6ri fa\u00f0ir y\u00f0ar, mundu\u00f0 \u00fe\u00e9r elska mig, \u00fev\u00ed fr\u00e1 Gu\u00f0i er \u00e9g \u00fat genginn og kominn. Ekki er \u00e9g sendur af sj\u00e1lfum m\u00e9r. \u00dea\u00f0 er hann, sem sendi mig.<a name=\"43\"><span class=\"versanumer\">43<\/span><\/a>Hv\u00ed skilji\u00f0 \u00fe\u00e9r ekki m\u00e1l mitt? Af \u00fev\u00ed a\u00f0 \u00fe\u00e9r geti\u00f0 ekki hlusta\u00f0 \u00e1 or\u00f0 mitt.<a name=\"44\"><span class=\"versanumer\">44<\/span><\/a>\u00de\u00e9r eigi\u00f0 dj\u00f6fulinn a\u00f0 f\u00f6\u00f0ur og vilji\u00f0 gj\u00f6ra \u00fea\u00f0, sem fa\u00f0ir y\u00f0ar girnist. Hann var manndr\u00e1pari fr\u00e1 upphafi og aldrei \u00ed sannleikanum, \u00fev\u00ed \u00ed honum finnst enginn sannleikur. \u00deegar hann l\u00fdgur fer hann a\u00f0 e\u00f0li s\u00ednu, \u00fev\u00ed hann er lygari og lyginnar fa\u00f0ir.<a name=\"45\"><span class=\"versanumer\">45<\/span><\/a>En af \u00fev\u00ed a\u00f0 \u00e9g segi sannleikann, tr\u00fai\u00f0 \u00fe\u00e9r m\u00e9r ekki.<a name=\"46\"><span class=\"versanumer\">46<\/span><\/a>Hver y\u00f0ar getur sanna\u00f0 \u00e1 mig synd? Ef \u00e9g segi sannleikann, hv\u00ed tr\u00fai\u00f0 \u00fe\u00e9r m\u00e9r ekki?<a name=\"47\"><span class=\"versanumer\">47<\/span><\/a>S\u00e1 sem er af Gu\u00f0i, heyrir Gu\u00f0s or\u00f0. \u00de\u00e9r heyri\u00f0 ekki, vegna \u00feess a\u00f0 \u00fe\u00e9r eru\u00f0 ekki af Gu\u00f0i.<a name=\"48\"><span class=\"versanumer\">48<\/span><\/a>Gy\u00f0ingar sv\u00f6ru\u00f0u honum: Er \u00fea\u00f0 ekki r\u00e9tt, sem v\u00e9r segjum, a\u00f0 \u00fe\u00fa s\u00e9rt Samverji og hafir illan anda?<a name=\"49\"><span class=\"versanumer\">49<\/span><\/a>Jes\u00fas ansa\u00f0i: Ekki hef \u00e9g illan anda. \u00c9g hei\u00f0ra f\u00f6\u00f0ur minn, en \u00fe\u00e9r sm\u00e1ni\u00f0 mig.<a name=\"50\"><span class=\"versanumer\">50<\/span><\/a>\u00c9g leita ekki m\u00edns hei\u00f0urs. S\u00e1 er til, sem leitar hans og d\u00e6mir.<a name=\"51\"><span class=\"versanumer\">51<\/span><\/a>Sannlega, sannlega segi \u00e9g y\u00f0ur: S\u00e1 sem var\u00f0veitir mitt or\u00f0, skal aldrei a\u00f0 eil\u00edfu deyja.<a name=\"52\"><span class=\"versanumer\">52<\/span><\/a>\u00de\u00e1 s\u00f6g\u00f0u Gy\u00f0ingar vi\u00f0 hann: N\u00fa vitum v\u00e9r, a\u00f0 \u00fe\u00fa hefur illan anda. Abraham d\u00f3 og sp\u00e1mennirnir, og \u00fe\u00fa segir, a\u00f0 s\u00e1 sem var\u00f0veitir or\u00f0 \u00feitt, skuli aldrei a\u00f0 eil\u00edfu deyja.<a name=\"53\"><span class=\"versanumer\">53<\/span><\/a>Ert \u00fe\u00fa meiri en fa\u00f0ir vor, Abraham? Hann d\u00f3, og sp\u00e1mennirnir d\u00f3u. Hver \u00feykist \u00fe\u00fa vera?<a name=\"54\"><span class=\"versanumer\">54<\/span><\/a>Jes\u00fas svara\u00f0i: Ef \u00e9g vegsama sj\u00e1lfan mig, er vegsemd m\u00edn engin. Fa\u00f0ir minn er s\u00e1, sem vegsamar mig, hann sem \u00fe\u00e9r segi\u00f0 vera Gu\u00f0 y\u00f0ar.<a name=\"55\"><span class=\"versanumer\">55<\/span><\/a>Og \u00fe\u00e9r \u00feekki\u00f0 hann ekki, en \u00e9g \u00feekki hann. Ef \u00e9g seg\u00f0ist ekki \u00feekkja hann, v\u00e6ri \u00e9g lygari eins og \u00fe\u00e9r. En \u00e9g \u00feekki hann og var\u00f0veiti or\u00f0 hans.<a name=\"56\"><span class=\"versanumer\">56<\/span><\/a>Abraham fa\u00f0ir y\u00f0ar v\u00e6nti \u00feess me\u00f0 f\u00f6gnu\u00f0i a\u00f0 sj\u00e1 dag minn, og hann s\u00e1 hann og gladdist.<a name=\"57\"><span class=\"versanumer\">57<\/span><\/a>N\u00fa s\u00f6g\u00f0u Gy\u00f0ingar vi\u00f0 hann: \u00de\u00fa ert ekki enn or\u00f0inn fimmtugur, og hefur s\u00e9\u00f0 Abraham!<a name=\"58\"><span class=\"versanumer\">58<\/span><\/a>Jes\u00fas sag\u00f0i vi\u00f0 \u00fe\u00e1: Sannlega, sannlega segi \u00e9g y\u00f0ur: \u00c1\u00f0ur en Abraham f\u00e6ddist, er \u00e9g.<a name=\"59\"><span class=\"versanumer\">59<\/span><\/a>\u00de\u00e1 t\u00f3ku \u00feeir upp steina til a\u00f0 gr\u00fdta Jes\u00fa. En hann duldist og f\u00f3r \u00fat \u00far helgid\u00f3minum.<\/p>\n<div class=\"footnote1981\"><b>8.1<\/b> Til ol\u00edufjallsins L\u00fak 21.37<br \/>\n<b>8.2<\/b> Settist og kenndi Matt 26.55<br \/>\n<b>8.5<\/b> Gr\u00fdta &#8230; 3M\u00f3s 20.10; 5M\u00f3s 22.22-24<br \/>\n<b>8.6<\/b> Til a\u00f0 reyna hann Matt 16.1+<br \/>\n<b>8.7<\/b> Kasta fyrsta steininum 5M\u00f3s 17.7<br \/>\n<b>8.9<\/b> Einn af \u00f6\u00f0rum Matt 12.22<br \/>\n<b>8.11<\/b> Syndga ekki framar J\u00f3h 5.14<br \/>\n<b>8.12<\/b> Lj\u00f3s heimsins Jes 49.6; J\u00f3h 1.4,5,9; 3.19-21; 9.5; 11.9-10; 12.35-36,46; 1J\u00f3h 1.5-7; 2.8-10 \u2013 fylgja Jes\u00fa J\u00f3h 1.37-38,43; 10.4,27; 12.26; 13.36-37; 21.19,22; sbr Matt 4.19+<br \/>\n<b>8.13<\/b> \u00de\u00fa vitnar um sj\u00e1lfan \u00feig J\u00f3h 5.31<br \/>\n<b>8.14<\/b> Hva\u00f0an og hvert J\u00f3h 13.3; 16.28 \u2013 \u00fei\u00f0 viti\u00f0 ekki J\u00f3h 7.28; 9.29<br \/>\n<b>8.15<\/b> D\u00e6ma a\u00f0 h\u00e6tti manna 1Sam 16.7; J\u00f3h 7.24; 1Kor 1.26; 2.8-16 \u2013 Jes\u00fas d\u00e6mir engan J\u00f3h 12.47<br \/>\n<b>8.16<\/b> Jes\u00fas d\u00e6mir J\u00f3h 5.22-30; 9.39; sbr 3.17-21; 12.47 \u2013 ekki einn J\u00f3h 5.37; 8.29<br \/>\n<b>8.17<\/b> Vitnisbur\u00f0ur tveggja 5M\u00f3s 17.6; 19.15; sbr 4M\u00f3s 35.30<br \/>\n<b>8.18<\/b> Fa\u00f0irinn vitnar um Jes\u00fa 1J\u00f3h 5.9<br \/>\n<b>8.19<\/b> Hvorki mig n\u00e9 f\u00f6\u00f0ur minn J\u00f3h 16.3 \u2013 \u00feekkja Jes\u00fa, \u00feekkja f\u00f6\u00f0urinn J\u00f3h 14.7,9-11<br \/>\n<b>8.20<\/b> Vi\u00f0 fj\u00e1rhirsluna Mrk 12.41-43; L\u00fak 21.1-4 \u2013 stund hans enn ekki komin J\u00f3h 2.4+<br \/>\n<b>8.21<\/b> \u00deanga\u00f0 geti\u00f0 \u00fei\u00f0 ekki komist J\u00f3h 7.34,36; 13.33<br \/>\n<b>8.22<\/b> F\u00f3lki\u00f0 r\u00e1\u00f0alaust J\u00f3h 7.35<br \/>\n<b>8.23<\/b> Ne\u00f0an a\u00f0 .. ofan J\u00f3h 3.31 \u2013 af \u00feessum heimi &#8230; J\u00f3h 17.14<br \/>\n<b>8.24<\/b> Tr\u00faa a\u00f0 \u00e9g er J\u00f3h 8.28,58; 13.19; sbr 2M\u00f3s 3.14-15; 5M\u00f3s 32.39; Jes 41.4; 43.10-11; 48.12<br \/>\n<b>8.26<\/b> Sannor\u00f0ur J\u00f3h 7.28 \u2013 Jes\u00fas flytur or\u00f0 f\u00f6\u00f0urins J\u00f3h 7.17; 12.49; 14.10<br \/>\n<b>8.28<\/b> Hefja upp Mannssoninn J\u00f3h 3.14+; sbr 12.32 \u2013 geri ekkert einn J\u00f3h 5.19+<br \/>\n<b>8.29<\/b> Me\u00f0 m\u00e9r 2M\u00f3s 3.12; J\u00f3s 1.5; 1Sam 10.7; Jer 1.8; Am 5.14 \u2013 Jes\u00fas er ekki einn J\u00f3h 8.16; 16.32 \u2013 \u00e6t\u00ed\u00f0 \u00fea\u00f0 sem Gu\u00f0i \u00fe\u00f3knast J\u00f3h 4.34; 5.30; 6.38<br \/>\n<b>8.30<\/b> Margir tr\u00fa\u00f0u \u00e1 hann J\u00f3h 7.31+<br \/>\n<b>8.31<\/b> Fari\u00f0 eftir \u00fev\u00ed sem \u00e9g segi J\u00f3h 15.7; sbr 5.38; 6.56; 8.37; 2J\u00f3h 9<br \/>\n<b>8.32<\/b> Sannleikurinn J\u00f3h 1.14,17; 14.6,17; 15.26; 16.7,13; 17.17-19; 18.37-38<br \/>\n<b>8.33<\/b> Ni\u00f0jar Abrahams Matt 3.9; L\u00fak 3.8; J\u00f3h 8.39,56; sbr R\u00f3m 4.12; Gal 3.6-16 \u2013 \u00fer\u00e6lar Neh 9.36<br \/>\n<b>8.34<\/b> \u00der\u00e6ll syndarinnar R\u00f3m 6.16,20; 2P\u00e9t 2.19<br \/>\n<b>8.35<\/b> \u00der\u00e6llinn dvelst ekki &#8230; 1M\u00f3s 21.9-14; sbr 2M\u00f3s 21.2; 5M\u00f3s 15.12; Jer 2.14<br \/>\n<b>8.37<\/b> L\u00edfl\u00e1ta Jes\u00fa J\u00f3h 5.18+<br \/>\n<b>8.39<\/b> Abraham er fa\u00f0ir okkar Matt 3.9; J\u00f3h 8.33 \u2013 verk Abrahams 1M\u00f3s 15.6; S\u00edr 44.20-21; R\u00f3m 4.3,18,20; Heb 11.8-19; Jak 2.21-24<br \/>\n<b>8.41<\/b> H\u00f3rd\u00f3mur (hj\u00e1gu\u00f0ad\u00fdrkun) H\u00f3s 1-3; Jer 3.1-4; Esk 16.33; Jes 57.1-13 \u2013 einn fa\u00f0ir, Gu\u00f0 5M\u00f3s 32.6; Jes 63.16; 64.7<br \/>\n<b>8.42<\/b> Eiga Gu\u00f0 a\u00f0 f\u00f6\u00f0ur 1J\u00f3h 5.1 \u2013 Jes\u00fas fr\u00e1 Gu\u00f0i komin J\u00f3h 13.3; 16.28; 17.8 \u2013 Gu\u00f0 sendi Jes\u00fa J\u00f3h 7.28; 17.8<br \/>\n<b>8.43<\/b> Geta ekki hlusta\u00f0 J\u00f3h 18.37<br \/>\n<b>8.44<\/b> Gera \u00fea\u00f0 sem dj\u00f6fullinn girnist 1J\u00f3h 3.8 \u2013 fa\u00f0ir lyginnar 1M\u00f3s 3.4; sbr Opb 12.9; sbr SSal 1.13-16; 2.24; R\u00f3m 5.12; 1J\u00f3h 3.8-15<br \/>\n<b>8.46<\/b> Jes\u00fas \u00e1n syndar 2Kor 5.21; 1P\u00e9t 2.22; 1J\u00f3h 3.5; sbr Heb 4.15<br \/>\n<b>8.47<\/b> Heyra or\u00f0 Gu\u00f0s J\u00f3h 18.37; 1J\u00f3h 4.6<br \/>\n<b>8.48<\/b> Samverji J\u00f3h 4.9 \u2013 haldinn illum anda Mrk 3.22+ ; L\u00fak 11.15-26; J\u00f3h 7.20; 10.20; sbr Matt 11.18-19<br \/>\n<b>8.50<\/b> Leita ekki hei\u00f0urs J\u00f3h 5.41<br \/>\n<b>8.51<\/b> Var\u00f0veita Gu\u00f0s or\u00f0 og lifa a\u00f0 eil\u00edfu J\u00f3h 5.24; 8.24,31; sbr 11.25-26<br \/>\n<b>8.52<\/b> Deyja Mrk 9.1; Heb 2.9<br \/>\n<b>8.53<\/b> Ert \u00fe\u00fa meiri &#8230; ? J\u00f3h 4.12<br \/>\n<b>8.55<\/b> Jes\u00fas \u00feekkir f\u00f6\u00f0urinn Matt 11.27; L\u00fak 10.22; J\u00f3h 7.28-29; 17.25<br \/>\n<b>8.56<\/b> Dagur Drottins Am 5.18; Jes 13.6; Esk 30.3; Jl 1.15 o.fl.; L\u00fak 17.24; 1Kor 1.8; 5.5; 2Kor 1.14 \u2013 sj\u00e1 dag Krists sbr J\u00f3h 12.41<br \/>\n<b>8.58<\/b> \u00c1\u00f0ur en Abraham f\u00e6ddist J\u00f3h 1.1-3 \u2013 er \u00e9g J\u00f3h 8.24+<br \/>\n<b>8.59<\/b> Til a\u00f0 gr\u00fdta Jes\u00fa J\u00f3h 10.31; 11.8<\/div>\n","protected":false},"excerpt":{"rendered":"<p>1En Jes\u00fas f\u00f3r til Ol\u00edufjallsins.2Snemma morguns kom hann aftur \u00ed helgid\u00f3minn, og allur l\u00fd\u00f0ur kom til hans, en hann settist og t\u00f3k a\u00f0 kenna \u00feeim.3Far\u00edsear og fr\u00e6\u00f0imenn koma me\u00f0 konu, sta\u00f0na a\u00f0 h\u00f3rd\u00f3mi, l\u00e9tu hana standa mitt \u00e1 me\u00f0al \u00feeirra4og s\u00f6g\u00f0u vi\u00f0 hann: Meistari, kona \u00feessi var sta\u00f0in a\u00f0 verki, \u00fear sem h\u00fan var a\u00f0 dr\u00fdgja h\u00f3r.5M\u00f3se bau\u00f0 oss \u00ed l\u00f6gm\u00e1linu a\u00f0 gr\u00fdta sl\u00edkar konur. Hva\u00f0 segir \u00fe\u00fa n\u00fa?6\u00deetta s\u00f6g\u00f0u \u00feeir til a\u00f0 reyna hann, svo \u00feeir hef\u00f0u eitthva\u00f0 a\u00f0 \u00e1k\u00e6ra hann fyrir. En Jes\u00fas laut ni\u00f0ur og skrifa\u00f0i me\u00f0 fingrinum \u00e1 j\u00f6r\u00f0ina.7Og \u00feegar \u00feeir h\u00e9ldu \u00e1fram a\u00f0 spyrja hann, <a href=\"https:\/\/biblian.is\/1981\/johannesargudspjall-8-kafli\/\"> [&#8230;]<\/a><\/p>\n","protected":false},"author":1,"featured_media":0,"parent":0,"menu_order":0,"comment_status":"open","ping_status":"open","template":"bibliukaflar.php","meta":{"footnotes":""},"class_list":["post-2352","page","type-page","status-publish","hentry"],"_links":{"self":[{"href":"https:\/\/biblian.is\/1981\/wp-json\/wp\/v2\/pages\/2352","targetHints":{"allow":["GET"]}}],"collection":[{"href":"https:\/\/biblian.is\/1981\/wp-json\/wp\/v2\/pages"}],"about":[{"href":"https:\/\/biblian.is\/1981\/wp-json\/wp\/v2\/types\/page"}],"author":[{"embeddable":true,"href":"https:\/\/biblian.is\/1981\/wp-json\/wp\/v2\/users\/1"}],"replies":[{"embeddable":true,"href":"https:\/\/biblian.is\/1981\/wp-json\/wp\/v2\/comments?post=2352"}],"version-history":[{"count":0,"href":"https:\/\/biblian.is\/1981\/wp-json\/wp\/v2\/pages\/2352\/revisions"}],"wp:attachment":[{"href":"https:\/\/biblian.is\/1981\/wp-json\/wp\/v2\/media?parent=2352"}],"curies":[{"name":"wp","href":"https:\/\/api.w.org\/{rel}","templated":true}]}}