{"id":2347,"date":"2017-11-18T20:21:24","date_gmt":"2017-11-18T20:21:24","guid":{"rendered":"http:\/\/biblian.is\/1981\/johannesargudspjall-3-kafli\/"},"modified":"2017-11-18T20:21:24","modified_gmt":"2017-11-18T20:21:24","slug":"johannesargudspjall-3-kafli","status":"publish","type":"page","link":"https:\/\/biblian.is\/1981\/johannesargudspjall-3-kafli\/","title":{"rendered":"J\u00f3hannesargu\u00f0spjall 3. kafli"},"content":{"rendered":"<p><a name=\"1\"><span class=\"versanumer\">1<\/span><\/a>Ma\u00f0ur h\u00e9t Nik\u00f3demus, af flokki far\u00edsea, r\u00e1\u00f0sherra me\u00f0al Gy\u00f0inga.<a name=\"2\"><span class=\"versanumer\">2<\/span><\/a>Hann kom til Jes\u00fa um n\u00f3tt og sag\u00f0i vi\u00f0 hann: Rabb\u00ed, v\u00e9r vitum, a\u00f0 \u00fe\u00fa ert l\u00e6rifa\u00f0ir kominn fr\u00e1 Gu\u00f0i. Enginn getur gj\u00f6rt \u00feessi t\u00e1kn, sem \u00fe\u00fa gj\u00f6rir, nema Gu\u00f0 s\u00e9 me\u00f0 honum.<a name=\"3\"><span class=\"versanumer\">3<\/span><\/a>Jes\u00fas svara\u00f0i honum: Sannlega, sannlega segi \u00e9g \u00fe\u00e9r: Enginn getur s\u00e9\u00f0 Gu\u00f0s r\u00edki, nema hann f\u00e6\u00f0ist a\u00f0 n\u00fdju.<a name=\"4\"><span class=\"versanumer\">4<\/span><\/a>Nik\u00f3demus segir vi\u00f0 hann: Hvernig getur ma\u00f0ur f\u00e6\u00f0st, \u00feegar hann er or\u00f0inn gamall? Skyldi hann geta komist aftur \u00ed l\u00edf m\u00f3\u00f0ur sinnar og f\u00e6\u00f0st?<a name=\"5\"><span class=\"versanumer\">5<\/span><\/a>Jes\u00fas svara\u00f0i: Sannlega, sannlega segi \u00e9g \u00fe\u00e9r: Enginn getur komist inn \u00ed Gu\u00f0s r\u00edki, nema hann f\u00e6\u00f0ist af vatni og anda.<a name=\"6\"><span class=\"versanumer\">6<\/span><\/a>\u00dea\u00f0 sem af holdinu f\u00e6\u00f0ist, er hold, en \u00fea\u00f0 sem af andanum f\u00e6\u00f0ist, er andi.<a name=\"7\"><span class=\"versanumer\">7<\/span><\/a>Undrast eigi, a\u00f0 \u00e9g segi vi\u00f0 \u00feig: Y\u00f0ur ber a\u00f0 f\u00e6\u00f0ast a\u00f0 n\u00fdju.<a name=\"8\"><span class=\"versanumer\">8<\/span><\/a>Vindurinn bl\u00e6s \u00fear sem hann vill, og \u00fe\u00fa heyrir \u00feyt hans. Samt veistu ekki, hva\u00f0an hann kemur n\u00e9 hvert hann fer. Svo er um \u00feann, sem af andanum er f\u00e6ddur.<a name=\"9\"><span class=\"versanumer\">9<\/span><\/a>\u00de\u00e1 spur\u00f0i Nik\u00f3demus: Hvernig m\u00e1 \u00feetta ver\u00f0a?<a name=\"10\"><span class=\"versanumer\">10<\/span><\/a>Jes\u00fas svara\u00f0i honum: \u00de\u00fa ert l\u00e6rifa\u00f0ir \u00ed \u00cdsrael og veist ekki \u00feetta?<a name=\"11\"><span class=\"versanumer\">11<\/span><\/a>Sannlega, sannlega segi \u00e9g \u00fe\u00e9r: V\u00e9r t\u00f6lum um \u00fea\u00f0, sem v\u00e9r \u00feekkjum, og vitnum um \u00fea\u00f0, sem v\u00e9r h\u00f6fum s\u00e9\u00f0, en \u00fe\u00e9r taki\u00f0 ekki \u00e1 m\u00f3ti vitnisbur\u00f0i vorum.<a name=\"12\"><span class=\"versanumer\">12<\/span><\/a>Ef \u00fe\u00e9r tr\u00fai\u00f0 eigi, \u00feegar \u00e9g r\u00e6\u00f0i vi\u00f0 y\u00f0ur jar\u00f0nesk efni, hvernig skyldu\u00f0 \u00fe\u00e9r \u00fe\u00e1 tr\u00faa, er \u00e9g r\u00e6\u00f0i vi\u00f0 y\u00f0ur um hin himnesku?<a name=\"13\"><span class=\"versanumer\">13<\/span><\/a>Enginn hefur stigi\u00f0 upp til himins, nema s\u00e1 er steig ni\u00f0ur fr\u00e1 himni, Mannssonurinn.<a name=\"14\"><span class=\"versanumer\">14<\/span><\/a>Og eins og M\u00f3se h\u00f3f upp h\u00f6ggorminn \u00ed ey\u00f0im\u00f6rkinni, \u00feannig \u00e1 Mannssonurinn a\u00f0 ver\u00f0a upp hafinn,<a name=\"15\"><span class=\"versanumer\">15<\/span><\/a>svo a\u00f0 hver sem tr\u00fair hafi eil\u00edft l\u00edf \u00ed honum.<a name=\"16\"><span class=\"versanumer\">16<\/span><\/a>\u00dev\u00ed svo elska\u00f0i Gu\u00f0 heiminn, a\u00f0 hann gaf son sinn eingetinn, til \u00feess a\u00f0 hver sem \u00e1 hann tr\u00fair glatist ekki, heldur hafi eil\u00edft l\u00edf.<a name=\"17\"><span class=\"versanumer\">17<\/span><\/a>Gu\u00f0 sendi ekki soninn \u00ed heiminn til a\u00f0 d\u00e6ma heiminn, heldur a\u00f0 heimurinn skyldi frelsast fyrir hann.<a name=\"18\"><span class=\"versanumer\">18<\/span><\/a>S\u00e1 sem tr\u00fair \u00e1 hann, d\u00e6mist ekki. S\u00e1 sem tr\u00fair ekki, er \u00feegar d\u00e6mdur, \u00fev\u00ed a\u00f0 hann hefur ekki tr\u00faa\u00f0 \u00e1 nafn Gu\u00f0s sonarins eina.<a name=\"19\"><span class=\"versanumer\">19<\/span><\/a>En \u00feessi er d\u00f3murinn: Lj\u00f3si\u00f0 er komi\u00f0 \u00ed heiminn, en menn elsku\u00f0u myrkri\u00f0 fremur en lj\u00f3si\u00f0, \u00fev\u00ed a\u00f0 verk \u00feeirra voru vond.<a name=\"20\"><span class=\"versanumer\">20<\/span><\/a>Hver sem illt gj\u00f6rir hatar lj\u00f3si\u00f0 og kemur ekki til lj\u00f3ssins, svo a\u00f0 verk hans ver\u00f0i ekki uppv\u00eds.<a name=\"21\"><span class=\"versanumer\">21<\/span><\/a>En s\u00e1 sem i\u00f0kar sannleikann kemur til lj\u00f3ssins, svo a\u00f0 auglj\u00f3st ver\u00f0i, a\u00f0 verk hans eru \u00ed Gu\u00f0i gj\u00f6r\u00f0.<a name=\"22\"><span class=\"versanumer\">22<\/span><\/a>Eftir \u00feetta f\u00f3r Jes\u00fas og l\u00e6risveinar hans \u00fat \u00ed J\u00fadeuh\u00e9ra\u00f0. \u00dear dvaldist hann me\u00f0 \u00feeim og sk\u00edr\u00f0i.<a name=\"23\"><span class=\"versanumer\">23<\/span><\/a>J\u00f3hannes var l\u00edka a\u00f0 sk\u00edra \u00ed A\u00ednon n\u00e1l\u00e6gt Sal\u00edm, en \u00fear var miki\u00f0 vatn. Menn komu \u00feanga\u00f0 og l\u00e9tu sk\u00edrast.<a name=\"24\"><span class=\"versanumer\">24<\/span><\/a>\u00de\u00e1 var ekki enn b\u00fai\u00f0 a\u00f0 varpa J\u00f3hannesi \u00ed fangelsi.<a name=\"25\"><span class=\"versanumer\">25<\/span><\/a>N\u00fa var\u00f0 deila um hreinsun milli l\u00e6risveina J\u00f3hannesar og Gy\u00f0ings eins.<a name=\"26\"><span class=\"versanumer\">26<\/span><\/a>\u00deeir komu til J\u00f3hannesar og s\u00f6g\u00f0u vi\u00f0 hann: Rabb\u00ed, s\u00e1 sem var hj\u00e1 \u00fe\u00e9r handan vi\u00f0 J\u00f3rdan og \u00fe\u00fa barst vitni um, hann er a\u00f0 sk\u00edra, og allir koma til hans.<a name=\"27\"><span class=\"versanumer\">27<\/span><\/a>J\u00f3hannes svara\u00f0i \u00feeim: Enginn getur teki\u00f0 neitt, nema honum s\u00e9 gefi\u00f0 \u00fea\u00f0 af himni.<a name=\"28\"><span class=\"versanumer\">28<\/span><\/a>\u00de\u00e9r geti\u00f0 sj\u00e1lfir vitna\u00f0 um, a\u00f0 \u00e9g sag\u00f0i: \u00c9g er ekki Kristur, heldur er \u00e9g sendur \u00e1 undan honum.<a name=\"29\"><span class=\"versanumer\">29<\/span><\/a>S\u00e1 er br\u00fa\u00f0guminn, sem \u00e1 br\u00fa\u00f0ina, en vinur br\u00fa\u00f0gumans, sem stendur hj\u00e1 og hl\u00fd\u00f0ir \u00e1 hann, gle\u00f0st mj\u00f6g vi\u00f0 r\u00f6dd hans. \u00deessi gle\u00f0i er n\u00fa m\u00edn a\u00f0 fullu.<a name=\"30\"><span class=\"versanumer\">30<\/span><\/a>Hann \u00e1 a\u00f0 vaxa, en \u00e9g a\u00f0 minnka.<a name=\"31\"><span class=\"versanumer\">31<\/span><\/a>S\u00e1 sem kemur a\u00f0 ofan, er yfir \u00f6llum. S\u00e1 sem er af j\u00f6r\u00f0u, hann er af j\u00f6r\u00f0u og talar af j\u00f6r\u00f0u. S\u00e1 sem kemur af himni, er yfir \u00f6llum<a name=\"32\"><span class=\"versanumer\">32<\/span><\/a>og vitnar um \u00fea\u00f0, sem hann hefur s\u00e9\u00f0 og heyrt, og enginn tekur \u00e1 m\u00f3ti vitnisbur\u00f0i hans.<a name=\"33\"><span class=\"versanumer\">33<\/span><\/a>En s\u00e1 sem hefur teki\u00f0 \u00e1 m\u00f3ti vitnisbur\u00f0i hans, hefur sta\u00f0fest, a\u00f0 Gu\u00f0 s\u00e9 sannor\u00f0ur.<a name=\"34\"><span class=\"versanumer\">34<\/span><\/a>S\u00e1 sem Gu\u00f0 sendi, talar Gu\u00f0s or\u00f0, \u00fev\u00ed \u00f3m\u00e6lt gefur Gu\u00f0 andann.<a name=\"35\"><span class=\"versanumer\">35<\/span><\/a>Fa\u00f0irinn elskar soninn og hefur lagt allt \u00ed h\u00f6nd honum.<a name=\"36\"><span class=\"versanumer\">36<\/span><\/a>S\u00e1 sem tr\u00fair \u00e1 soninn, hefur eil\u00edft l\u00edf, en s\u00e1 sem \u00f3hl\u00fd\u00f0nast syninum, mun ekki sj\u00e1 l\u00edf, heldur varir rei\u00f0i Gu\u00f0s yfir honum.<\/p>\n<div class=\"footnote1981\"><b>3.1<\/b> Nik\u00f3demus J\u00f3h 7.50; 19.39<br \/>\n<b>3.2<\/b> \u00de\u00fa ert l\u00e6rifa\u00f0ir Matt 22.16 \u2013 t\u00e1kn J\u00f3h 9.16,33; Post 10.38<br \/>\n<b>3.3<\/b> F\u00e6\u00f0ast a\u00f0 n\u00fdju sbr T\u00edt 3.5; 1P\u00e9t 1.23; 1J\u00f3h 2.29; 3.9; 4.7; 5.1 \u2013 Gu\u00f0s r\u00edki Matt 3.2+ ; 6.10+<br \/>\n<b>3.5<\/b> F\u00e6\u00f0ast af vatni og anda T\u00edt 3.5 \u2013 komast inn \u00ed Gu\u00f0s r\u00edki Matt 5.20+<br \/>\n<b>3.6<\/b> Ma\u00f0ur J\u00f3h 1.14; 6.51,63; 8.15; 1J\u00f3h 4.2<br \/>\n<b>3.8<\/b> Vindurinn bl\u00e6s \u00fear sem hann vill Pr\u00e9d 11.5<br \/>\n<b>3.11<\/b> Vitnisbur\u00f0ur Jes\u00fa J\u00f3h 3.32; 8.26<br \/>\n<b>3.12<\/b> Jar\u00f0nesk efni og himnesk SSal 9.16; L\u00fak 22.67<br \/>\n<b>3.13<\/b> Stigi\u00f0 upp \u2013 steig ni\u00f0ur Okv 30.4; R\u00f3m 10.6<br \/>\n<b>3.14<\/b> M\u00f3se og h\u00f6ggormurinn 4M\u00f3s 21.9; sbr SSal 16.5-10 \u2013 Mannssonurinn upp hafinn J\u00f3h 8.28; 12.34; sbr Matt 8.20+<br \/>\n<b>3.15<\/b> Tr\u00fa og eil\u00edft l\u00edf J\u00f3h 20.31<br \/>\n<b>3.16<\/b> Gu\u00f0 gaf son sinn R\u00f3m 8.32; 1J\u00f3h 4.9-10 \u2013 eil\u00edft l\u00edf J\u00f3h 3.36; 10.28; 1J\u00f3h 5.13<br \/>\n<b>3.17<\/b> Ekki d\u00e6ma heldur frelsa J\u00f3h 12.47 \u2013 sonurinn og d\u00f3murinn J\u00f3h 5.22,27,30; 8.15-16; Post 17.31<br \/>\n<b>3.18<\/b> D\u00e6mist ekki J\u00f3h 5.24 \u2013 nafn sonarins eina J\u00f3h 1.12<br \/>\n<b>3.19<\/b> D\u00f3murinn J\u00f3h 9.39-41; 12.37-50 \u2013 lj\u00f3si\u00f0 er komi\u00f0 \u00ed heiminn J\u00f3h 1.59; 8.12; 9.5<br \/>\n<b>3.20<\/b> Uppv\u00eds Ef 5.11-13<br \/>\n<b>3.21<\/b> I\u00f0ka sannleikann Tob 4.6; sbr J\u00f3h 7.17; 1J\u00f3h 1.6 \u2013 sannleikurinn J\u00f3h 18.37<br \/>\n<b>3.22<\/b> Jes\u00fas sk\u00edrir J\u00f3h 3.26; 4.1-2<br \/>\n<b>3.24<\/b> J\u00f3hannes \u00ed fangelsi Matt 4.12; 14.3; Mrk 1.14; 6.17; L\u00fak 3.20<br \/>\n<b>3.27<\/b> Gu\u00f0 gefur J\u00f3h 19.11; 1Kor 4.7; Heb 5.4<br \/>\n<b>3.28<\/b> Ekki Kristur J\u00f3h 1.20 \u2013 sendur \u00e1 undan Mal 3.1; Matt 11.10; Mrk 1.2<br \/>\n<b>3.29<\/b> Br\u00fa\u00f0urin H\u00f3s 2.21; Esk 16.8; Jes 62.4-5; 2Kor 11.2; Ef 5.25-31; Opb 21.1; 22.17 \u2013 vinur br\u00fa\u00f0gumans Matt 9.15; Mrk 2.19<br \/>\n<b>3.31<\/b> A\u00f0 ofan &#8230; af j\u00f6r\u00f0u 1J\u00f3h 8.23 \u2013 talar eins og menn 1J\u00f3h 4.5<br \/>\n<b>3.32<\/b> Jes\u00fas vitnar J\u00f3h 3.11; 8.26<br \/>\n<b>3.35<\/b> Fa\u00f0irinn elskar soninn J\u00f3h 5.20; 10.17; 15.9 \u2013 allt \u00ed h\u00f6nd honum Matt 11.27; L\u00fak 10.22; J\u00f3h 13.3<br \/>\n<b>3.36<\/b> Tr\u00fa og eil\u00edft l\u00edf J\u00f3h 3.16; 1J\u00f3h 5.13 \u2013 rei\u00f0i Gu\u00f0s Ef 5.6<\/div>\n","protected":false},"excerpt":{"rendered":"<p>1Ma\u00f0ur h\u00e9t Nik\u00f3demus, af flokki far\u00edsea, r\u00e1\u00f0sherra me\u00f0al Gy\u00f0inga.2Hann kom til Jes\u00fa um n\u00f3tt og sag\u00f0i vi\u00f0 hann: Rabb\u00ed, v\u00e9r vitum, a\u00f0 \u00fe\u00fa ert l\u00e6rifa\u00f0ir kominn fr\u00e1 Gu\u00f0i. Enginn getur gj\u00f6rt \u00feessi t\u00e1kn, sem \u00fe\u00fa gj\u00f6rir, nema Gu\u00f0 s\u00e9 me\u00f0 honum.3Jes\u00fas svara\u00f0i honum: Sannlega, sannlega segi \u00e9g \u00fe\u00e9r: Enginn getur s\u00e9\u00f0 Gu\u00f0s r\u00edki, nema hann f\u00e6\u00f0ist a\u00f0 n\u00fdju.4Nik\u00f3demus segir vi\u00f0 hann: Hvernig getur ma\u00f0ur f\u00e6\u00f0st, \u00feegar hann er or\u00f0inn gamall? Skyldi hann geta komist aftur \u00ed l\u00edf m\u00f3\u00f0ur sinnar og f\u00e6\u00f0st?5Jes\u00fas svara\u00f0i: Sannlega, sannlega segi \u00e9g \u00fe\u00e9r: Enginn getur komist inn \u00ed Gu\u00f0s r\u00edki, nema hann f\u00e6\u00f0ist af vatni og <a href=\"https:\/\/biblian.is\/1981\/johannesargudspjall-3-kafli\/\"> [&#8230;]<\/a><\/p>\n","protected":false},"author":1,"featured_media":0,"parent":0,"menu_order":0,"comment_status":"open","ping_status":"open","template":"bibliukaflar.php","meta":{"footnotes":""},"class_list":["post-2347","page","type-page","status-publish","hentry"],"_links":{"self":[{"href":"https:\/\/biblian.is\/1981\/wp-json\/wp\/v2\/pages\/2347","targetHints":{"allow":["GET"]}}],"collection":[{"href":"https:\/\/biblian.is\/1981\/wp-json\/wp\/v2\/pages"}],"about":[{"href":"https:\/\/biblian.is\/1981\/wp-json\/wp\/v2\/types\/page"}],"author":[{"embeddable":true,"href":"https:\/\/biblian.is\/1981\/wp-json\/wp\/v2\/users\/1"}],"replies":[{"embeddable":true,"href":"https:\/\/biblian.is\/1981\/wp-json\/wp\/v2\/comments?post=2347"}],"version-history":[{"count":0,"href":"https:\/\/biblian.is\/1981\/wp-json\/wp\/v2\/pages\/2347\/revisions"}],"wp:attachment":[{"href":"https:\/\/biblian.is\/1981\/wp-json\/wp\/v2\/media?parent=2347"}],"curies":[{"name":"wp","href":"https:\/\/api.w.org\/{rel}","templated":true}]}}