{"id":2346,"date":"2017-11-18T20:21:24","date_gmt":"2017-11-18T20:21:24","guid":{"rendered":"http:\/\/biblian.is\/1981\/johannesargudspjall-2-kafli\/"},"modified":"2017-11-18T20:21:24","modified_gmt":"2017-11-18T20:21:24","slug":"johannesargudspjall-2-kafli","status":"publish","type":"page","link":"https:\/\/biblian.is\/1981\/johannesargudspjall-2-kafli\/","title":{"rendered":"J\u00f3hannesargu\u00f0spjall 2. kafli"},"content":{"rendered":"<p><a name=\"1\"><span class=\"versanumer\">1<\/span><\/a>\u00c1 \u00feri\u00f0ja degi var br\u00fa\u00f0kaup \u00ed Kana \u00ed Gal\u00edleu. M\u00f3\u00f0ir Jes\u00fa var \u00fear.<a name=\"2\"><span class=\"versanumer\">2<\/span><\/a>Jes\u00fa var og bo\u00f0i\u00f0 til br\u00fa\u00f0kaupsins og l\u00e6risveinum hans.<a name=\"3\"><span class=\"versanumer\">3<\/span><\/a>En er v\u00edn \u00feraut segir m\u00f3\u00f0ir Jes\u00fa vi\u00f0 hann: \u00deeir hafa ekki v\u00edn.<a name=\"4\"><span class=\"versanumer\">4<\/span><\/a>Jes\u00fas svarar: Hva\u00f0 var\u00f0ar \u00fea\u00f0 mig og \u00feig, kona? Minn t\u00edmi er ekki enn kominn.<a name=\"5\"><span class=\"versanumer\">5<\/span><\/a>M\u00f3\u00f0ir hans sag\u00f0i \u00fe\u00e1 vi\u00f0 \u00fej\u00f3nana: Gj\u00f6ri\u00f0 \u00fea\u00f0, sem hann kann a\u00f0 segja y\u00f0ur.<a name=\"6\"><span class=\"versanumer\">6<\/span><\/a>N\u00fa voru \u00fear sex vatnsker \u00far steini samkv\u00e6mt reglum Gy\u00f0inga um hreinsun, og t\u00f3k hvert \u00feeirra tvo m\u00e6la e\u00f0a \u00ferj\u00e1.<a name=\"7\"><span class=\"versanumer\">7<\/span><\/a>Jes\u00fas segir vi\u00f0 \u00fe\u00e1: Fylli\u00f0 kerin vatni. \u00deeir fylltu \u00feau \u00e1 barma.<a name=\"8\"><span class=\"versanumer\">8<\/span><\/a>S\u00ed\u00f0an segir hann: Ausi\u00f0 n\u00fa af og f\u00e6ri\u00f0 veislustj\u00f3ra. \u00deeir gj\u00f6r\u00f0u svo.<a name=\"9\"><span class=\"versanumer\">9<\/span><\/a>Veislustj\u00f3ri brag\u00f0a\u00f0i vatni\u00f0, sem var or\u00f0i\u00f0 v\u00edn, og vissi ekki, hva\u00f0an \u00fea\u00f0 var, en \u00fej\u00f3narnir, sem vatni\u00f0 h\u00f6f\u00f0u ausi\u00f0, vissu \u00fea\u00f0. \u00de\u00e1 kalla\u00f0i veislustj\u00f3ri \u00e1 br\u00fa\u00f0gumann<a name=\"10\"><span class=\"versanumer\">10<\/span><\/a>og sag\u00f0i: Allir menn bera fyrst fram g\u00f3\u00f0a v\u00edni\u00f0 og s\u00ed\u00f0an hi\u00f0 lakara, er menn gj\u00f6rast \u00f6lva\u00f0ir. \u00de\u00fa hefur geymt g\u00f3\u00f0a v\u00edni\u00f0 \u00fear til n\u00fa.<a name=\"11\"><span class=\"versanumer\">11<\/span><\/a>\u00deetta fyrsta t\u00e1kn sitt gj\u00f6r\u00f0i Jes\u00fas \u00ed Kana \u00ed Gal\u00edleu og opinbera\u00f0i d\u00fdr\u00f0 s\u00edna, og l\u00e6risveinar hans tr\u00fa\u00f0u \u00e1 hann.<a name=\"12\"><span class=\"versanumer\">12<\/span><\/a>Eftir \u00feetta f\u00f3r hann ofan til Kapernaum \u00e1samt m\u00f3\u00f0ur sinni, br\u00e6\u00f0rum og l\u00e6risveinum. \u00dear voru \u00feau nokkra daga.<a name=\"13\"><span class=\"versanumer\">13<\/span><\/a>N\u00fa f\u00f3ru p\u00e1skar Gy\u00f0inga \u00ed h\u00f6nd, og Jes\u00fas h\u00e9lt upp til Jer\u00fasalem.<a name=\"14\"><span class=\"versanumer\">14<\/span><\/a>\u00dear s\u00e1 hann \u00ed helgid\u00f3minum \u00fe\u00e1, er seldu naut, sau\u00f0i og d\u00fafur, og v\u00edxlarana, sem s\u00e1tu \u00fear.<a name=\"15\"><span class=\"versanumer\">15<\/span><\/a>\u00de\u00e1 gj\u00f6r\u00f0i hann s\u00e9r svipu \u00far k\u00f6\u00f0lum og rak alla \u00fat \u00far helgid\u00f3minum, l\u00edka sau\u00f0ina og nautin. Hann steypti ni\u00f0ur peningum v\u00edxlaranna og hratt um bor\u00f0um \u00feeirra,<a name=\"16\"><span class=\"versanumer\">16<\/span><\/a>og vi\u00f0 d\u00fafnasalana sag\u00f0i hann: Burt me\u00f0 \u00feetta h\u00e9\u00f0an. Gj\u00f6ri\u00f0 ekki h\u00fas f\u00f6\u00f0ur m\u00edns a\u00f0 s\u00f6lub\u00fa\u00f0.<a name=\"17\"><span class=\"versanumer\">17<\/span><\/a>L\u00e6risveinum hans kom \u00ed hug, a\u00f0 rita\u00f0 er: Vandl\u00e6ting vegna h\u00fass \u00fe\u00edns mun t\u00e6ra mig upp.<a name=\"18\"><span class=\"versanumer\">18<\/span><\/a>Gy\u00f0ingar s\u00f6g\u00f0u \u00fe\u00e1 vi\u00f0 hann: Hva\u00f0a t\u00e1kn getur \u00fe\u00fa s\u00fdnt oss um \u00fea\u00f0, a\u00f0 \u00fe\u00fa megir gj\u00f6ra \u00feetta?<a name=\"19\"><span class=\"versanumer\">19<\/span><\/a>Jes\u00fas svara\u00f0i \u00feeim: Brj\u00f3ti\u00f0 \u00feetta musteri, og \u00e9g skal reisa \u00fea\u00f0 \u00e1 \u00ferem d\u00f6gum.<a name=\"20\"><span class=\"versanumer\">20<\/span><\/a>\u00de\u00e1 s\u00f6g\u00f0u Gy\u00f0ingar: \u00deetta musteri hefur veri\u00f0 fj\u00f6rut\u00edu og sex \u00e1r \u00ed sm\u00ed\u00f0um, og \u00fe\u00fa \u00e6tlar a\u00f0 reisa \u00fea\u00f0 \u00e1 \u00ferem d\u00f6gum!<a name=\"21\"><span class=\"versanumer\">21<\/span><\/a>En hann var a\u00f0 tala um musteri l\u00edkama s\u00edns.<a name=\"22\"><span class=\"versanumer\">22<\/span><\/a>\u00deegar hann var risinn upp fr\u00e1 dau\u00f0um, minntust l\u00e6risveinar hans, a\u00f0 hann haf\u00f0i sagt \u00feetta, og tr\u00fa\u00f0u ritningunni og or\u00f0inu, sem Jes\u00fas haf\u00f0i tala\u00f0.<a name=\"23\"><span class=\"versanumer\">23<\/span><\/a>Me\u00f0an hann var \u00ed Jer\u00fasalem \u00e1 p\u00e1skah\u00e1t\u00ed\u00f0inni, f\u00f3ru margir a\u00f0 tr\u00faa \u00e1 nafn hans, \u00fev\u00ed \u00feeir s\u00e1u \u00feau t\u00e1kn, sem hann gj\u00f6r\u00f0i.<a name=\"24\"><span class=\"versanumer\">24<\/span><\/a>En Jes\u00fas gaf \u00feeim ekki tr\u00fana\u00f0 sinn, \u00fev\u00ed hann \u00feekkti alla.<a name=\"25\"><span class=\"versanumer\">25<\/span><\/a>&#8222;Hann \u00feurfti \u00feess ekki, a\u00f0 neinn b\u00e6ri \u00f6\u00f0rum manni vitni; hann vissi sj\u00e1lfur, hva\u00f0 \u00ed manni b\u00fdr.&#8220;<\/p>\n<div class=\"footnote1981\"><b>2.1<\/b> Kana J\u00f3h 4.46<br \/>\n<b>2.4<\/b> Hva\u00f0 viltu m\u00e9r? Matt 8.29+ &#8211; enn ekki kominn J\u00f3h 7.30; 8.20; sbr 7.6 \u2013 t\u00edmi Jes\u00fa J\u00f3h 12.23,27; 13.1; 17.1; sbr 5.25,28; Mrk 14.35-41<br \/>\n<b>2.5<\/b> Geri\u00f0 \u00fea\u00f0 1M\u00f3s 41.55<br \/>\n<b>2.6<\/b> Hreinsunarsi\u00f0ur Gu\u00f0inga Mrk 7.3-4; J\u00f3h 3.25<br \/>\n<b>2.11<\/b> Fyrsta t\u00e1kn Jes\u00fa J\u00f3h 4.54; 20.30; sbr Jes 66.19; Matt 12.38+ &#8211; opinbera\u00f0i d\u00fdr\u00f0 s\u00edna L\u00fak 9.32; J\u00f3h 1.14; 12.41<br \/>\n<b>2.12<\/b> Kaperna\u00fam Matt 4.13+ &#8211; m\u00f3\u00f0ir og br\u00e6\u00f0ur Jes\u00fa Mrk 3.31+<br \/>\n<b>2.13<\/b> P\u00e1skar 2M\u00f3s 12.1-28 \u2013 f\u00f3ru \u00ed h\u00f6nd J\u00f3h 6.4; 11.55; sbr 13.1<br \/>\n<b>2.16<\/b> H\u00fas f\u00f6\u00f0ur m\u00edns L\u00fak 2.49<br \/>\n<b>2.17<\/b> Vandl\u00e6ting &#8230; Slm 69.10<br \/>\n<b>2.18<\/b> Hva\u00f0a t\u00e1kn &#8230;? Matt 12.38; 16.1; Mrk 8.11; L\u00fak 11.16,29; J\u00f3h 6.30; 1Kor 1.22<br \/>\n<b>1.19<\/b> Brj\u00f3ta, reisa Matt 26.61; 27.40; Mrk 14.58; 15.29; Post 6.14<br \/>\n<b>2.21<\/b> Musteri l\u00edkama hans 1Kor 6.19, sbr J\u00f3h 1.14,51; 4.20-24<br \/>\n<b>2.22<\/b> L\u00e6risveinarnir minntust L\u00fak 24.6-8; J\u00f3h 12.16; 14.26; 16.4<br \/>\n<b>2.23<\/b> T\u00e1kn og tr\u00fa J\u00f3h 7.31; 11.47-48<br \/>\n<b>2.24<\/b> \u00deekkti alla J\u00f3h 4.16-19; 10.14<\/div>\n","protected":false},"excerpt":{"rendered":"<p>1\u00c1 \u00feri\u00f0ja degi var br\u00fa\u00f0kaup \u00ed Kana \u00ed Gal\u00edleu. M\u00f3\u00f0ir Jes\u00fa var \u00fear.2Jes\u00fa var og bo\u00f0i\u00f0 til br\u00fa\u00f0kaupsins og l\u00e6risveinum hans.3En er v\u00edn \u00feraut segir m\u00f3\u00f0ir Jes\u00fa vi\u00f0 hann: \u00deeir hafa ekki v\u00edn.4Jes\u00fas svarar: Hva\u00f0 var\u00f0ar \u00fea\u00f0 mig og \u00feig, kona? Minn t\u00edmi er ekki enn kominn.5M\u00f3\u00f0ir hans sag\u00f0i \u00fe\u00e1 vi\u00f0 \u00fej\u00f3nana: Gj\u00f6ri\u00f0 \u00fea\u00f0, sem hann kann a\u00f0 segja y\u00f0ur.6N\u00fa voru \u00fear sex vatnsker \u00far steini samkv\u00e6mt reglum Gy\u00f0inga um hreinsun, og t\u00f3k hvert \u00feeirra tvo m\u00e6la e\u00f0a \u00ferj\u00e1.7Jes\u00fas segir vi\u00f0 \u00fe\u00e1: Fylli\u00f0 kerin vatni. \u00deeir fylltu \u00feau \u00e1 barma.8S\u00ed\u00f0an segir hann: Ausi\u00f0 n\u00fa af og f\u00e6ri\u00f0 veislustj\u00f3ra. \u00deeir gj\u00f6r\u00f0u <a href=\"https:\/\/biblian.is\/1981\/johannesargudspjall-2-kafli\/\"> [&#8230;]<\/a><\/p>\n","protected":false},"author":1,"featured_media":0,"parent":0,"menu_order":0,"comment_status":"open","ping_status":"open","template":"bibliukaflar.php","meta":{"footnotes":""},"class_list":["post-2346","page","type-page","status-publish","hentry"],"_links":{"self":[{"href":"https:\/\/biblian.is\/1981\/wp-json\/wp\/v2\/pages\/2346","targetHints":{"allow":["GET"]}}],"collection":[{"href":"https:\/\/biblian.is\/1981\/wp-json\/wp\/v2\/pages"}],"about":[{"href":"https:\/\/biblian.is\/1981\/wp-json\/wp\/v2\/types\/page"}],"author":[{"embeddable":true,"href":"https:\/\/biblian.is\/1981\/wp-json\/wp\/v2\/users\/1"}],"replies":[{"embeddable":true,"href":"https:\/\/biblian.is\/1981\/wp-json\/wp\/v2\/comments?post=2346"}],"version-history":[{"count":0,"href":"https:\/\/biblian.is\/1981\/wp-json\/wp\/v2\/pages\/2346\/revisions"}],"wp:attachment":[{"href":"https:\/\/biblian.is\/1981\/wp-json\/wp\/v2\/media?parent=2346"}],"curies":[{"name":"wp","href":"https:\/\/api.w.org\/{rel}","templated":true}]}}