{"id":2344,"date":"2017-11-18T20:21:24","date_gmt":"2017-11-18T20:21:24","guid":{"rendered":"http:\/\/biblian.is\/1981\/lukasargudspjall-24-kafli\/"},"modified":"2021-06-06T11:03:41","modified_gmt":"2021-06-06T11:03:41","slug":"lukasargudspjall-24-kafli","status":"publish","type":"page","link":"https:\/\/biblian.is\/1981\/lukasargudspjall-24-kafli\/","title":{"rendered":"L\u00fakasargu\u00f0spjall 24. kafli"},"content":{"rendered":"<p><a name=\"1\"><span class=\"versanumer\">1<\/span><\/a>En \u00ed afturelding fyrsta dag vikunnar komu \u00fe\u00e6r til grafarinnar me\u00f0 ilmsmyrslin, sem \u00fe\u00e6r h\u00f6f\u00f0u b\u00fai\u00f0.<a name=\"2\"><span class=\"versanumer\">2<\/span><\/a>\u00de\u00e6r s\u00e1u \u00fe\u00e1, a\u00f0 steininum haf\u00f0i veri\u00f0 velt fr\u00e1 gr\u00f6finni,<a name=\"3\"><span class=\"versanumer\">3<\/span><\/a>og \u00feegar \u00fe\u00e6r stigu inn, fundu \u00fe\u00e6r ekki l\u00edkama Drottins Jes\u00fa.<a name=\"4\"><span class=\"versanumer\">4<\/span><\/a>\u00de\u00e6r skildu ekkert \u00ed \u00feessu, en \u00fe\u00e1 br\u00e1 svo vi\u00f0, a\u00f0 hj\u00e1 \u00feeim st\u00f3\u00f0u tveir menn \u00ed leiftrandi kl\u00e6\u00f0um.<a name=\"5\"><span class=\"versanumer\">5<\/span><\/a>\u00de\u00e6r ur\u00f0u mj\u00f6g hr\u00e6ddar og hneig\u00f0u andlit til jar\u00f0ar. En \u00feeir s\u00f6g\u00f0u vi\u00f0 \u00fe\u00e6r: Hv\u00ed leiti\u00f0 \u00fe\u00e9r hins lifanda me\u00f0al dau\u00f0ra?<a name=\"6\"><span class=\"versanumer\">6<\/span><\/a>Hann er ekki h\u00e9r, hann er upp risinn. Minnist \u00feess, hvernig hann tala\u00f0i vi\u00f0 y\u00f0ur, me\u00f0an hann var enn \u00ed Gal\u00edleu.<a name=\"7\"><span class=\"versanumer\">7<\/span><\/a>Hann sag\u00f0i, a\u00f0 Mannssonurinn skyldi framseldur ver\u00f0a \u00ed hendur syndugra manna og krossfestur, en r\u00edsa upp \u00e1 \u00feri\u00f0ja degi.<a name=\"8\"><span class=\"versanumer\">8<\/span><\/a>Og \u00fe\u00e6r minntust or\u00f0a hans,<a name=\"9\"><span class=\"versanumer\">9<\/span><\/a>sneru fr\u00e1 gr\u00f6finni og kunngj\u00f6r\u00f0u allt \u00feetta \u00feeim ellefu og \u00f6llum hinum.<a name=\"10\"><span class=\"versanumer\">10<\/span><\/a>\u00deessar konur voru \u00fe\u00e6r Mar\u00eda Magdalena, J\u00f3hanna og Mar\u00eda m\u00f3\u00f0ir Jakobs og hinar, sem voru me\u00f0 \u00feeim. \u00de\u00e6r s\u00f6g\u00f0u postulunum fr\u00e1 \u00feessu.<a name=\"11\"><span class=\"versanumer\">11<\/span><\/a>En \u00feeir t\u00f6ldu or\u00f0 \u00feeirra markleysu eina og tr\u00fa\u00f0u \u00feeim ekki.<a name=\"12\"><span class=\"versanumer\">12<\/span><\/a>P\u00e9tur st\u00f3\u00f0 \u00fe\u00f3 upp og hlj\u00f3p til grafarinnar, skyggndist inn og s\u00e1 \u00fear l\u00edkkl\u00e6\u00f0in ein. F\u00f3r hann heim s\u00ed\u00f0an og undra\u00f0ist \u00fea\u00f0, sem vi\u00f0 haf\u00f0i bori\u00f0.<a name=\"13\"><span class=\"versanumer\">13<\/span><\/a>Tveir \u00feeirra f\u00f3ru \u00feann sama dag til \u00feorps nokkurs, sem er um sext\u00edu skei\u00f0r\u00fam fr\u00e1 Jer\u00fasalem og heitir Emmaus.<a name=\"14\"><span class=\"versanumer\">14<\/span><\/a>\u00deeir r\u00e6ddu s\u00edn \u00e1 milli um allt \u00feetta, sem gj\u00f6rst haf\u00f0i.<a name=\"15\"><span class=\"versanumer\">15<\/span><\/a>\u00de\u00e1 bar svo vi\u00f0, er \u00feeir voru a\u00f0 tala saman og r\u00e6\u00f0a \u00feetta, a\u00f0 Jes\u00fas sj\u00e1lfur n\u00e1lga\u00f0ist \u00fe\u00e1 og sl\u00f3st \u00ed f\u00f6r me\u00f0 \u00feeim.<a name=\"16\"><span class=\"versanumer\">16<\/span><\/a>En augu \u00feeirra voru svo haldin, a\u00f0 \u00feeir \u00feekktu hann ekki.<a name=\"17\"><span class=\"versanumer\">17<\/span><\/a>Og hann sag\u00f0i vi\u00f0 \u00fe\u00e1: Hva\u00f0 er \u00fea\u00f0, sem \u00fei\u00f0 r\u00e6\u00f0i\u00f0 svo mj\u00f6g \u00e1 g\u00f6ngu ykkar? \u00deeir n\u00e1mu sta\u00f0ar, daprir \u00ed brag\u00f0i,<a name=\"18\"><span class=\"versanumer\">18<\/span><\/a>og annar \u00feeirra, Kle\u00f3fas a\u00f0 nafni, sag\u00f0i vi\u00f0 hann: \u00de\u00fa ert v\u00edst s\u00e1 eini a\u00f0komuma\u00f0ur \u00ed Jer\u00fasalem, sem veist ekki, hva\u00f0 \u00fear hefur gj\u00f6rst \u00feessa dagana.<a name=\"19\"><span class=\"versanumer\">19<\/span><\/a>Hann spur\u00f0i: Hva\u00f0 \u00fe\u00e1? \u00deeir sv\u00f6ru\u00f0u: \u00deetta um Jes\u00fa fr\u00e1 Nasaret, sem var sp\u00e1ma\u00f0ur, m\u00e1ttugur \u00ed verki og or\u00f0i fyrir Gu\u00f0i og \u00f6llum l\u00fd\u00f0,<a name=\"20\"><span class=\"versanumer\">20<\/span><\/a>hvernig \u00e6\u00f0stu prestar og h\u00f6f\u00f0ingjar vorir framseldu hann til dau\u00f0ad\u00f3ms og krossfestu hann.<a name=\"21\"><span class=\"versanumer\">21<\/span><\/a>V\u00e9r vonu\u00f0um, a\u00f0 hann v\u00e6ri s\u00e1, er leysa mundi \u00cdsrael. En n\u00fa er \u00feri\u00f0ji dagur s\u00ed\u00f0an \u00feetta bar vi\u00f0.<a name=\"22\"><span class=\"versanumer\">22<\/span><\/a>\u00de\u00e1 hafa og konur nokkrar \u00far vorum h\u00f3p gj\u00f6rt oss forvi\u00f0a. \u00de\u00e6r f\u00f3ru \u00e1rla til grafarinnar,<a name=\"23\"><span class=\"versanumer\">23<\/span><\/a>en fundu ekki l\u00edkama hans og komu og s\u00f6g\u00f0ust enda hafa s\u00e9\u00f0 engla \u00ed s\u00fdn, er s\u00f6g\u00f0u hann lifa.<a name=\"24\"><span class=\"versanumer\">24<\/span><\/a>Nokkrir \u00feeirra, sem me\u00f0 oss voru, f\u00f3ru til grafarinnar og fundu allt eins og konurnar h\u00f6f\u00f0u sagt, en hann s\u00e1u \u00feeir ekki.<a name=\"25\"><span class=\"versanumer\">25<\/span><\/a>\u00de\u00e1 sag\u00f0i hann vi\u00f0 \u00fe\u00e1: \u00d3, \u00fe\u00e9r heimskir og tregir \u00ed hjarta til \u00feess a\u00f0 tr\u00faa \u00f6llu \u00fev\u00ed, sem sp\u00e1mennirnir hafa tala\u00f0!<a name=\"26\"><span class=\"versanumer\">26<\/span><\/a>\u00c1tti ekki Kristur a\u00f0 l\u00ed\u00f0a \u00feetta og ganga svo inn \u00ed d\u00fdr\u00f0 s\u00edna?<a name=\"27\"><span class=\"versanumer\">27<\/span><\/a>Og hann byrja\u00f0i \u00e1 M\u00f3se og \u00f6llum sp\u00e1m\u00f6nnunum og \u00fatlag\u00f0i fyrir \u00feeim \u00fea\u00f0, sem um hann er \u00ed \u00f6llum ritningunum.<a name=\"28\"><span class=\"versanumer\">28<\/span><\/a>\u00deeir n\u00e1lgu\u00f0ust n\u00fa \u00feorpi\u00f0, sem \u00feeir \u00e6tlu\u00f0u til, en hann l\u00e9t sem hann vildi halda lengra.<a name=\"29\"><span class=\"versanumer\">29<\/span><\/a>\u00deeir l\u00f6g\u00f0u \u00fe\u00e1 fast a\u00f0 honum og s\u00f6g\u00f0u: Vertu hj\u00e1 oss, \u00fev\u00ed a\u00f0 kv\u00f6lda tekur og degi hallar. Og hann f\u00f3r inn til a\u00f0 vera hj\u00e1 \u00feeim.<a name=\"30\"><span class=\"versanumer\">30<\/span><\/a>Og svo bar vi\u00f0, er hann sat til bor\u00f0s me\u00f0 \u00feeim, a\u00f0 hann t\u00f3k brau\u00f0i\u00f0, \u00feakka\u00f0i Gu\u00f0i, braut \u00fea\u00f0 og f\u00e9kk \u00feeim.<a name=\"31\"><span class=\"versanumer\">31<\/span><\/a>\u00de\u00e1 opnu\u00f0ust augu \u00feeirra, og \u00feeir \u00feekktu hann, en hann hvarf \u00feeim sj\u00f3num.<a name=\"32\"><span class=\"versanumer\">32<\/span><\/a>Og \u00feeir s\u00f6g\u00f0u hvor vi\u00f0 annan: Brann ekki hjarta\u00f0 \u00ed okkur, me\u00f0an hann tala\u00f0i vi\u00f0 okkur \u00e1 veginum og lauk upp fyrir okkur ritningunum?<a name=\"33\"><span class=\"versanumer\">33<\/span><\/a>\u00deeir st\u00f3\u00f0u samstundis upp og f\u00f3ru aftur til Jer\u00fasalem. \u00dear fundu \u00feeir \u00fe\u00e1 ellefu og \u00fe\u00e1, er me\u00f0 \u00feeim voru, saman komna,<a name=\"34\"><span class=\"versanumer\">34<\/span><\/a>og s\u00f6g\u00f0u \u00feeir: Sannarlega er Drottinn upp risinn og hefur birst S\u00edmoni.<a name=\"35\"><span class=\"versanumer\">35<\/span><\/a>Hinir s\u00f6g\u00f0u \u00fe\u00e1 fr\u00e1 \u00fev\u00ed, sem vi\u00f0 haf\u00f0i bori\u00f0 \u00e1 veginum, og hvernig \u00feeir h\u00f6f\u00f0u \u00feekkt hann, \u00feegar hann braut brau\u00f0i\u00f0.<a name=\"36\"><span class=\"versanumer\">36<\/span><\/a>N\u00fa voru \u00feeir a\u00f0 tala um \u00feetta, og \u00fe\u00e1 stendur hann sj\u00e1lfur me\u00f0al \u00feeirra og segir vi\u00f0 \u00fe\u00e1: Fri\u00f0ur s\u00e9 me\u00f0 y\u00f0ur!<a name=\"37\"><span class=\"versanumer\">37<\/span><\/a>En \u00feeir skelfdust og ur\u00f0u hr\u00e6ddir og hug\u00f0ust sj\u00e1 anda.<a name=\"38\"><span class=\"versanumer\">38<\/span><\/a>Hann sag\u00f0i vi\u00f0 \u00fe\u00e1: Hv\u00ed eru\u00f0 \u00fe\u00e9r \u00f3ttaslegnir og hvers vegna vakna efasemdir \u00ed hjarta y\u00f0ar?<a name=\"39\"><span class=\"versanumer\">39<\/span><\/a>L\u00edti\u00f0 \u00e1 hendur m\u00ednar og f\u00e6tur, a\u00f0 \u00fea\u00f0 er \u00e9g sj\u00e1lfur. \u00dereifi\u00f0 \u00e1 m\u00e9r, og g\u00e6ti\u00f0 a\u00f0. Ekki hefur andi hold og bein eins og \u00fe\u00e9r sj\u00e1i\u00f0 a\u00f0 \u00e9g hef.<a name=\"40\"><span class=\"versanumer\">40<\/span><\/a>\u00deegar hann haf\u00f0i \u00feetta m\u00e6lt, s\u00fdndi hann \u00feeim hendur s\u00ednar og f\u00e6tur.<a name=\"41\"><span class=\"versanumer\">41<\/span><\/a>Enn g\u00e1tu \u00feeir ekki tr\u00faa\u00f0 fyrir f\u00f6gnu\u00f0i og voru fur\u00f0u lostnir. \u00de\u00e1 sag\u00f0i hann vi\u00f0 \u00fe\u00e1: Hafi\u00f0 \u00fe\u00e9r h\u00e9r nokku\u00f0 til matar?<a name=\"42\"><span class=\"versanumer\">42<\/span><\/a>\u00deeir fengu honum stykki af steiktum fiski,<a name=\"43\"><span class=\"versanumer\">43<\/span><\/a>og hann t\u00f3k \u00fea\u00f0 og neytti \u00feess frammi fyrir \u00feeim.<a name=\"44\"><span class=\"versanumer\">44<\/span><\/a>Og hann sag\u00f0i vi\u00f0 \u00fe\u00e1: \u00deessi er merking or\u00f0a minna, sem \u00e9g tala\u00f0i vi\u00f0 y\u00f0ur, me\u00f0an \u00e9g var enn me\u00f0al y\u00f0ar, a\u00f0 r\u00e6tast \u00e6tti allt \u00fea\u00f0, sem um mig er rita\u00f0 \u00ed l\u00f6gm\u00e1li M\u00f3se, sp\u00e1m\u00f6nnunum og s\u00e1lmunum.<a name=\"45\"><span class=\"versanumer\">45<\/span><\/a>S\u00ed\u00f0an lauk hann upp huga \u00feeirra, a\u00f0 \u00feeir skildu ritningarnar.<a name=\"46\"><span class=\"versanumer\">46<\/span><\/a>Og hann sag\u00f0i vi\u00f0 \u00fe\u00e1: Svo er skrifa\u00f0, a\u00f0 Kristur eigi a\u00f0 l\u00ed\u00f0a og r\u00edsa upp fr\u00e1 dau\u00f0um \u00e1 \u00feri\u00f0ja degi,<a name=\"47\"><span class=\"versanumer\">47<\/span><\/a>og a\u00f0 pr\u00e9dika skuli \u00ed nafni hans \u00f6llum \u00fej\u00f3\u00f0um i\u00f0run til fyrirgefningar synda og byrja \u00ed Jer\u00fasalem.<a name=\"48\"><span class=\"versanumer\">48<\/span><\/a>\u00de\u00e9r eru\u00f0 vottar \u00feessa.<a name=\"49\"><span class=\"versanumer\">49<\/span><\/a>Sj\u00e1, \u00e9g sendi fyrirheit f\u00f6\u00f0ur m\u00edns yfir y\u00f0ur, en veri\u00f0 \u00fe\u00e9r kyrrir \u00ed borginni, uns \u00fe\u00e9r \u00edkl\u00e6\u00f0ist krafti fr\u00e1 h\u00e6\u00f0um.<a name=\"50\"><span class=\"versanumer\">50<\/span><\/a>S\u00ed\u00f0an f\u00f3r hann me\u00f0 \u00fe\u00e1 \u00fat \u00ed n\u00e1nd vi\u00f0 Betan\u00edu, h\u00f3f upp hendur s\u00ednar og blessa\u00f0i \u00fe\u00e1.<a name=\"51\"><span class=\"versanumer\">51<\/span><\/a>En \u00fea\u00f0 var\u00f0, me\u00f0an hann var a\u00f0 blessa \u00fe\u00e1, a\u00f0 hann skildist fr\u00e1 \u00feeim og var upp numinn til himins.<a name=\"52\"><span class=\"versanumer\">52<\/span><\/a>En \u00feeir f\u00e9llu fram og tilb\u00e1\u00f0u hann og sneru aftur til Jer\u00fasalem me\u00f0 miklum f\u00f6gnu\u00f0i.<a name=\"53\"><span class=\"versanumer\">53<\/span><\/a>Og \u00feeir voru st\u00f6\u00f0ugt \u00ed helgid\u00f3minum og lofu\u00f0u Gu\u00f0.<\/p>\n<div class=\"footnote1981\"><b>24.1-12<\/b> Hlst. Matt 28.1-10; Mrk 16.1-8; J\u00f3h 20.1-10<br \/>\n<b>24.1<\/b> Fyrsti dagur vikunnar J\u00f3h 20.1,19; Post 20.7; 1Kor 16.2 \u2013 ilmsmyrsl L\u00fak 23.56<br \/>\n<b>24.3<\/b> Drottinn Jes\u00fas Post 1.21; 8.16; 11.20; 15.11<br \/>\n<b>24.4<\/b> Tveir menn sbr J\u00f3h 20.2 \u2013 \u00ed leiftrandi kl\u00e6\u00f0um 2Makk 3.26; Post 1.10<br \/>\n<b>24.5<\/b> Mj\u00f6g hr\u00e6ddar L\u00fak 1.12+<br \/>\n<b>24.7<\/b> Eins og Jes\u00fas haf\u00f0i sagt L\u00fak 9.22 og hlst.; 17.25 og hlst.; 18.32-33 og hlst.; Post 17.3 \u2013 Mannssonurinn Matt 8.20+<br \/>\n<b>24.8<\/b> \u00de\u00e6r minntust J\u00f3h 2.22<br \/>\n<b>24.10<\/b> Mar\u00eda Magdalena Matt 27.56+ &#8211; konurnar L\u00fak 8.2-3<br \/>\n<b>24.12<\/b> P\u00e9tur vi\u00f0 gr\u00f6fina J\u00f3h 20.3,5,10<br \/>\n<b>24.13-35<\/b> Hlst. Mrk 16.12-13<br \/>\n<b>24.15<\/b> Sl\u00f3st \u00ed f\u00f6r me\u00f0 \u00feeim Mrk 16.12; sbr Matt 18.20<br \/>\n<b>24.19<\/b> Sp\u00e1ma\u00f0ur Matt 16.14+<br \/>\n<b>24.21<\/b> S\u00e1 er leysa mundi \u00cdsrael L\u00fak 1.68; 2.38<br \/>\n<b>24.22-23<\/b> Fr\u00e1s\u00f6gn kvennanna Matt 28.1-8; Mrk 16.1-8; L\u00fak 24.1-11<br \/>\n<b>24.24<\/b> L\u00e6risveinarnir vi\u00f0 gr\u00f6fina J\u00f3h 20.3-8<br \/>\n<b>24.25<\/b> Or\u00f0 sp\u00e1mannanna L\u00fak 24.44<br \/>\n<b>24.26<\/b> Kristur \u00e1tti a\u00f0 l\u00ed\u00f0a L\u00fak 9.22 og hlst.; 17.25; Post 17.3 \u2013 ganga inn \u00ed d\u00fdr\u00f0 s\u00edna J\u00f3h 7.39; 12.16,23; 13.31-32; 17.1,5; Post 3.13<br \/>\n<b>24.27<\/b> M\u00f3se og sp\u00e1mennirnir L\u00fak 16.16,29-31; 24.44 \u2013 Kristur \u00ed ritningunum 5M\u00f3s 18.15,18; Slm 22.2-19; Jes 53<br \/>\n<b>24.30<\/b> Hann t\u00f3k brau\u00f0i\u00f0 L\u00fak 22.19 og hlst.; 1Kor 11.24; sbr Post 2.42,46; 20.7,11<br \/>\n<b>24.34<\/b> Upp risinn &#8230; birtist S\u00edmoni 1Kor 15.4-5<br \/>\n<b>24.36-49<\/b> Hlst. Matt 28.16-20; Mrk 16.14-18; J\u00f3h 20.19-23; Post 1.6-8<br \/>\n<b>24.36<\/b> Me\u00f0al \u00feeirra 1Kor 15.5<br \/>\n<b>24.37<\/b> Andi Matt 14.26; Mrk 6.49<br \/>\n<b>24.41<\/b> Nokku\u00f0 til matar J\u00f3h 21.5<br \/>\n<b>24.42<\/b> Steiktur fiskur J\u00f3h 21.9-10<br \/>\n<b>24.43<\/b> Neytti \u00feess Post 10.41<br \/>\n<b>24.44<\/b> Allt skyldi r\u00e6tast L\u00fak 18.31; 24.27<br \/>\n<b>24.45<\/b> Ritningarnar Post 2.23-32; 4.10-11; 13.28-29,33-37; 26.22-23<br \/>\n<b>24.46<\/b> Kristur \u00e1 a\u00f0 l\u00ed\u00f0a Jes 53 \u2013 \u00e1 \u00feri\u00f0ja degi H\u00f3s 6.2<br \/>\n<b>24.47<\/b> Pr\u00e9dika sinnaskipti og fyrirgefningu Post 2.38; 3.19; 5.31; 10.43; 13.38-39; 26.18 \u2013 allar \u00fej\u00f3\u00f0ir 1T\u00edm 3.16<br \/>\n<b>24.48<\/b> Vottar J\u00f3h 15.27; Post 1.8+<br \/>\n<b>24.49<\/b> \u00dea\u00f0 sem fa\u00f0ir minn h\u00e9t ykkur J\u00f3h 14.16; 15.26; 16.7; Post 1.4; 2.33 \u2013 \u00ed borginni (Jer\u00fasalem) L\u00fak 9.51; Post 1.8 \u2013 andi og kraftur L\u00fak 1.35; 4.14<br \/>\n<b>24.50-53<\/b> Hlst. Mrk 16.19-20; Post 1.9-11<br \/>\n<b>24.50<\/b> Betan\u00eda Matt 21.17+ &#8211; blessa\u00f0i Post 3.26<br \/>\n<b>24.51<\/b> Upp numinn til himins Post 1.9<br \/>\n<b>24.52<\/b> Sneru aftur til Jer\u00fasalem Post 1.12 \u2013 me\u00f0 miklum f\u00f6gnu\u00f0i J\u00f3h 14.28; 16.22<\/div>\n","protected":false},"excerpt":{"rendered":"<p>1En \u00ed afturelding fyrsta dag vikunnar komu \u00fe\u00e6r til grafarinnar me\u00f0 ilmsmyrslin, sem \u00fe\u00e6r h\u00f6f\u00f0u b\u00fai\u00f0.2\u00de\u00e6r s\u00e1u \u00fe\u00e1, a\u00f0 steininum haf\u00f0i veri\u00f0 velt fr\u00e1 gr\u00f6finni,3og \u00feegar \u00fe\u00e6r stigu inn, fundu \u00fe\u00e6r ekki l\u00edkama Drottins Jes\u00fa.4\u00de\u00e6r skildu ekkert \u00ed \u00feessu, en \u00fe\u00e1 br\u00e1 svo vi\u00f0, a\u00f0 hj\u00e1 \u00feeim st\u00f3\u00f0u tveir menn \u00ed leiftrandi kl\u00e6\u00f0um.5\u00de\u00e6r ur\u00f0u mj\u00f6g hr\u00e6ddar og hneig\u00f0u andlit til jar\u00f0ar. En \u00feeir s\u00f6g\u00f0u vi\u00f0 \u00fe\u00e6r: Hv\u00ed leiti\u00f0 \u00fe\u00e9r hins lifanda me\u00f0al dau\u00f0ra?6Hann er ekki h\u00e9r, hann er upp risinn. Minnist \u00feess, hvernig hann tala\u00f0i vi\u00f0 y\u00f0ur, me\u00f0an hann var enn \u00ed Gal\u00edleu.7Hann sag\u00f0i, a\u00f0 Mannssonurinn skyldi framseldur ver\u00f0a \u00ed <a href=\"https:\/\/biblian.is\/1981\/lukasargudspjall-24-kafli\/\"> [&#8230;]<\/a><\/p>\n","protected":false},"author":1,"featured_media":0,"parent":0,"menu_order":0,"comment_status":"open","ping_status":"open","template":"bibliukaflar.php","meta":{"footnotes":""},"class_list":["post-2344","page","type-page","status-publish","hentry"],"_links":{"self":[{"href":"https:\/\/biblian.is\/1981\/wp-json\/wp\/v2\/pages\/2344","targetHints":{"allow":["GET"]}}],"collection":[{"href":"https:\/\/biblian.is\/1981\/wp-json\/wp\/v2\/pages"}],"about":[{"href":"https:\/\/biblian.is\/1981\/wp-json\/wp\/v2\/types\/page"}],"author":[{"embeddable":true,"href":"https:\/\/biblian.is\/1981\/wp-json\/wp\/v2\/users\/1"}],"replies":[{"embeddable":true,"href":"https:\/\/biblian.is\/1981\/wp-json\/wp\/v2\/comments?post=2344"}],"version-history":[{"count":0,"href":"https:\/\/biblian.is\/1981\/wp-json\/wp\/v2\/pages\/2344\/revisions"}],"wp:attachment":[{"href":"https:\/\/biblian.is\/1981\/wp-json\/wp\/v2\/media?parent=2344"}],"curies":[{"name":"wp","href":"https:\/\/api.w.org\/{rel}","templated":true}]}}