{"id":2343,"date":"2017-11-18T20:21:24","date_gmt":"2017-11-18T20:21:24","guid":{"rendered":"http:\/\/biblian.is\/1981\/lukasargudspjall-23-kafli\/"},"modified":"2021-06-06T11:03:41","modified_gmt":"2021-06-06T11:03:41","slug":"lukasargudspjall-23-kafli","status":"publish","type":"page","link":"https:\/\/biblian.is\/1981\/lukasargudspjall-23-kafli\/","title":{"rendered":"L\u00fakasargu\u00f0spjall 23. kafli"},"content":{"rendered":"<p><a name=\"1\"><span class=\"versanumer\">1<\/span><\/a>\u00de\u00e1 st\u00f3\u00f0 upp allur skarinn og f\u00e6r\u00f0i hann fyrir P\u00edlatus.<a name=\"2\"><span class=\"versanumer\">2<\/span><\/a>\u00deeir t\u00f3ku a\u00f0 \u00e1k\u00e6ra hann og s\u00f6g\u00f0u: V\u00e9r h\u00f6fum komist a\u00f0 raun um, a\u00f0 \u00feessi ma\u00f0ur lei\u00f0ir \u00fej\u00f3\u00f0 vora afvega, hann bannar a\u00f0 gjalda keisaranum skatt og segist sj\u00e1lfur vera Kristur, konungur.<a name=\"3\"><span class=\"versanumer\">3<\/span><\/a>P\u00edlatus spur\u00f0i hann \u00fe\u00e1: Ert \u00fe\u00fa konungur Gy\u00f0inga? Jes\u00fas svara\u00f0i: \u00de\u00fa segir \u00fea\u00f0.<a name=\"4\"><span class=\"versanumer\">4<\/span><\/a>P\u00edlatus sag\u00f0i vi\u00f0 \u00e6\u00f0stu prestana og f\u00f3lki\u00f0: Enga s\u00f6k finn \u00e9g hj\u00e1 \u00feessum manni.<a name=\"5\"><span class=\"versanumer\">5<\/span><\/a>En \u00feeir ur\u00f0u \u00fev\u00ed \u00e1kafari og s\u00f6g\u00f0u: Hann \u00e6sir upp l\u00fd\u00f0inn me\u00f0 \u00fev\u00ed, sem hann kennir \u00ed allri J\u00fadeu, hann byrja\u00f0i \u00ed Gal\u00edleu og er n\u00fa kominn hinga\u00f0.<a name=\"6\"><span class=\"versanumer\">6<\/span><\/a>\u00deegar P\u00edlatus heyr\u00f0i \u00feetta, spur\u00f0i hann, hvort ma\u00f0urinn v\u00e6ri Gal\u00edlei.<a name=\"7\"><span class=\"versanumer\">7<\/span><\/a>Og er hann var\u00f0 \u00feess v\u00eds, a\u00f0 hann var \u00far umd\u00e6mi Her\u00f3desar, sendi hann hann til Her\u00f3desar, er \u00fe\u00e1 var og \u00ed Jer\u00fasalem \u00e1 \u00feeim d\u00f6gum.<a name=\"8\"><span class=\"versanumer\">8<\/span><\/a>En Her\u00f3des var\u00f0 n\u00e6sta gla\u00f0ur, er hann s\u00e1 Jes\u00fa, \u00fev\u00ed hann haf\u00f0i lengi langa\u00f0 a\u00f0 sj\u00e1 hann, \u00fear e\u00f0 hann haf\u00f0i heyrt fr\u00e1 honum sagt. V\u00e6nti hann n\u00fa a\u00f0 sj\u00e1 hann gj\u00f6ra eitthvert t\u00e1kn.<a name=\"9\"><span class=\"versanumer\">9<\/span><\/a>Hann spur\u00f0i Jes\u00fa \u00e1 marga vegu, en hann svara\u00f0i honum engu.<a name=\"10\"><span class=\"versanumer\">10<\/span><\/a>\u00c6\u00f0stu prestarnir og fr\u00e6\u00f0imennirnir st\u00f3\u00f0u \u00fear og \u00e1k\u00e6r\u00f0u hann har\u00f0lega.<a name=\"11\"><span class=\"versanumer\">11<\/span><\/a>En Her\u00f3des \u00f3virti hann og spotta\u00f0i \u00e1samt herm\u00f6nnum s\u00ednum, lag\u00f0i yfir hann sk\u00ednandi kl\u00e6\u00f0i og sendi hann aftur til P\u00edlatusar.<a name=\"12\"><span class=\"versanumer\">12<\/span><\/a>\u00c1 \u00feeim degi ur\u00f0u \u00feeir Her\u00f3des og P\u00edlatus vinir, en \u00e1\u00f0ur var fjandskapur me\u00f0 \u00feeim.<a name=\"13\"><span class=\"versanumer\">13<\/span><\/a>P\u00edlatus kalla\u00f0i n\u00fa saman \u00e6\u00f0stu prestana, h\u00f6f\u00f0ingjana og f\u00f3lki\u00f0<a name=\"14\"><span class=\"versanumer\">14<\/span><\/a>og m\u00e6lti vi\u00f0 \u00fe\u00e1: \u00de\u00e9r hafi\u00f0 f\u00e6rt m\u00e9r \u00feennan mann og sagt hann lei\u00f0a f\u00f3lki\u00f0 afvega. N\u00fa hef \u00e9g yfirheyrt manninn \u00ed y\u00f0ar vi\u00f0urvist, en enga \u00fe\u00e1 s\u00f6k fundi\u00f0 hj\u00e1 honum, er \u00fe\u00e9r \u00e1k\u00e6ri\u00f0 hann um.<a name=\"15\"><span class=\"versanumer\">15<\/span><\/a>Ekki heldur Her\u00f3des, \u00fev\u00ed hann sendi hann aftur til vor. Lj\u00f3st er, a\u00f0 hann hefur ekkert \u00fea\u00f0 dr\u00fdgt, er dau\u00f0a s\u00e9 vert.<a name=\"16\"><span class=\"versanumer\">16<\/span><\/a>\u00c6tla \u00e9g \u00fev\u00ed a\u00f0 hirta hann og l\u00e1ta lausan.<a name=\"17\"><span class=\"versanumer\">17<\/span><\/a>En skylt var honum a\u00f0 gefa \u00feeim lausan einn bandingja \u00e1 hverri h\u00e1t\u00ed\u00f0.<a name=\"18\"><span class=\"versanumer\">18<\/span><\/a>En \u00feeir \u00e6ptu allir: Burt me\u00f0 hann, gef oss Barabbas lausan!<a name=\"19\"><span class=\"versanumer\">19<\/span><\/a>En honum haf\u00f0i veri\u00f0 varpa\u00f0 \u00ed fangelsi fyrir upphlaup nokkurt, sem var\u00f0 \u00ed borginni, og manndr\u00e1p.<a name=\"20\"><span class=\"versanumer\">20<\/span><\/a>P\u00edlatus tala\u00f0i enn til \u00feeirra og vildi l\u00e1ta Jes\u00fa lausan.<a name=\"21\"><span class=\"versanumer\">21<\/span><\/a>En \u00feeir \u00e6ptu \u00e1 m\u00f3ti: Krossfestu, krossfestu hann!<a name=\"22\"><span class=\"versanumer\">22<\/span><\/a>\u00cd \u00feri\u00f0ja sinn sag\u00f0i P\u00edlatus vi\u00f0 \u00fe\u00e1: Hva\u00f0 illt hefur \u00fe\u00e1 \u00feessi ma\u00f0ur gj\u00f6rt? Enga dau\u00f0as\u00f6k hef \u00e9g fundi\u00f0 hj\u00e1 honum. \u00c6tla \u00e9g \u00fev\u00ed a\u00f0 hirta hann og l\u00e1ta hann lausan.<a name=\"23\"><span class=\"versanumer\">23<\/span><\/a>En \u00feeir s\u00f3ttu \u00e1 me\u00f0 \u00f3pi miklu og heimtu\u00f0u, a\u00f0 hann yr\u00f0i krossfestur. Og hr\u00f3p \u00feeirra t\u00f3ku yfir.<a name=\"24\"><span class=\"versanumer\">24<\/span><\/a>\u00de\u00e1 \u00e1kva\u00f0 P\u00edlatus, a\u00f0 kr\u00f6fu \u00feeirra skyldi fulln\u00e6gt.<a name=\"25\"><span class=\"versanumer\">25<\/span><\/a>Hann gaf lausan \u00feann, er \u00feeir b\u00e1\u00f0u um og varpa\u00f0 haf\u00f0i veri\u00f0 \u00ed fangelsi fyrir upphlaup og manndr\u00e1p, en Jes\u00fa framseldi hann, a\u00f0 \u00feeir f\u00e6ru me\u00f0 hann sem \u00feeir vildu.<a name=\"26\"><span class=\"versanumer\">26<\/span><\/a>\u00deegar \u00feeir leiddu hann \u00fat, t\u00f3ku \u00feeir S\u00edmon nokkurn fr\u00e1 K\u00fdrene, er kom utan \u00far sveit, og l\u00f6g\u00f0u krossinn \u00e1 hann, a\u00f0 hann b\u00e6ri hann eftir Jes\u00fa.<a name=\"27\"><span class=\"versanumer\">27<\/span><\/a>En honum fylgdi mikill fj\u00f6ldi f\u00f3lks og kvenna, er h\u00f6rmu\u00f0u hann og gr\u00e9tu.<a name=\"28\"><span class=\"versanumer\">28<\/span><\/a>Jes\u00fas sneri s\u00e9r a\u00f0 \u00feeim og m\u00e6lti: Jer\u00fasalemsd\u00e6tur, gr\u00e1ti\u00f0 ekki yfir m\u00e9r, en gr\u00e1ti\u00f0 yfir sj\u00e1lfum y\u00f0ur og b\u00f6rnum y\u00f0ar.<a name=\"29\"><span class=\"versanumer\">29<\/span><\/a>\u00dev\u00ed \u00feeir dagar koma, er menn munu segja: S\u00e6lar eru \u00f3byrjur og \u00feau m\u00f3\u00f0url\u00edf, er aldrei f\u00e6ddu, og \u00feau brj\u00f3st, sem engan n\u00e6r\u00f0u.<a name=\"30\"><span class=\"versanumer\">30<\/span><\/a>\u00de\u00e1 munu menn segja vi\u00f0 fj\u00f6llin:Hrynji\u00f0 yfir oss!og vi\u00f0 h\u00e1lsana:Hylji\u00f0 oss!<a name=\"31\"><span class=\"versanumer\">31<\/span><\/a>\u00dev\u00ed a\u00f0 s\u00e9 \u00feetta gj\u00f6rt vi\u00f0 hi\u00f0 gr\u00e6na tr\u00e9\u00f0, hva\u00f0 mun \u00fe\u00e1 ver\u00f0aum hi\u00f0 visna?<a name=\"32\"><span class=\"versanumer\">32<\/span><\/a>Me\u00f0 honum voru og f\u00e6r\u00f0ir til l\u00edfl\u00e1ts a\u00f0rir tveir, sem voru illvirkjar.<a name=\"33\"><span class=\"versanumer\">33<\/span><\/a>Og er \u00feeir komu til \u00feess sta\u00f0ar, sem heitir Hausk\u00fapa, krossfestu \u00feeir hann \u00fear og illvirkjana, annan til h\u00e6gri handar, hinn til vinstri.<a name=\"34\"><span class=\"versanumer\">34<\/span><\/a>\u00de\u00e1 sag\u00f0i Jes\u00fas: Fa\u00f0ir, fyrirgef \u00feeim, \u00fev\u00ed a\u00f0 \u00feeir vita ekki, hva\u00f0 \u00feeir gj\u00f6ra. En \u00feeir k\u00f6stu\u00f0u hlutum um kl\u00e6\u00f0i hans og skiptu me\u00f0 s\u00e9r.<a name=\"35\"><span class=\"versanumer\">35<\/span><\/a>F\u00f3lki\u00f0 st\u00f3\u00f0 og horf\u00f0i \u00e1, og h\u00f6f\u00f0ingjarnir gj\u00f6r\u00f0u gys a\u00f0 honum og s\u00f6g\u00f0u: \u00d6\u00f0rum bjarga\u00f0i hann, bjargi hann n\u00fa sj\u00e1lfum s\u00e9r, ef hann er Kristur Gu\u00f0s, hinn \u00fatvaldi.<a name=\"36\"><span class=\"versanumer\">36<\/span><\/a>Eins h\u00e6ddu hann hermennirnir, komu og b\u00e1ru honum edik<a name=\"37\"><span class=\"versanumer\">37<\/span><\/a>og s\u00f6g\u00f0u: Ef \u00fe\u00fa ert konungur Gy\u00f0inga, \u00fe\u00e1 bjarga\u00f0u sj\u00e1lfum \u00fe\u00e9r.<a name=\"38\"><span class=\"versanumer\">38<\/span><\/a>Yfirskrift var yfir honum: \u00deESSI ER KONUNGUR GY\u00d0INGA.<a name=\"39\"><span class=\"versanumer\">39<\/span><\/a>Annar \u00feeirra illvirkja, sem upp voru festir, h\u00e6ddi hann og sag\u00f0i: Ert \u00fe\u00fa ekki Kristur? Bjarga\u00f0u sj\u00e1lfum \u00fe\u00e9r og okkur!<a name=\"40\"><span class=\"versanumer\">40<\/span><\/a>En hinn \u00e1v\u00edta\u00f0i hann og sag\u00f0i: Hr\u00e6\u00f0ist \u00fe\u00fa ekki einu sinni Gu\u00f0, og ert \u00fe\u00f3 undir sama d\u00f3mi?<a name=\"41\"><span class=\"versanumer\">41<\/span><\/a>Vi\u00f0 erum \u00fea\u00f0 me\u00f0 r\u00e9ttu og f\u00e1um makleg gj\u00f6ld fyrir gj\u00f6r\u00f0ir okkar, en \u00feessi hefur ekkert illt a\u00f0hafst.<a name=\"42\"><span class=\"versanumer\">42<\/span><\/a>\u00de\u00e1 sag\u00f0i hann: Jes\u00fas, minnst \u00fe\u00fa m\u00edn, \u00feegar \u00fe\u00fa kemur \u00ed r\u00edki \u00feitt!<a name=\"43\"><span class=\"versanumer\">43<\/span><\/a>Og Jes\u00fas sag\u00f0i vi\u00f0 hann: Sannlega segi \u00e9g \u00fe\u00e9r: \u00cd dag skaltu vera me\u00f0 m\u00e9r \u00ed Parad\u00eds.<a name=\"44\"><span class=\"versanumer\">44<\/span><\/a>Og n\u00fa var n\u00e6r h\u00e1degi og myrkur var\u00f0 um allt land til n\u00f3ns,<a name=\"45\"><span class=\"versanumer\">45<\/span><\/a>\u00fev\u00ed s\u00f3lin missti birtu sinnar. En fortjald musterisins rifna\u00f0i sundur \u00ed mi\u00f0ju.<a name=\"46\"><span class=\"versanumer\">46<\/span><\/a>\u00de\u00e1 kalla\u00f0i Jes\u00fas h\u00e1rri r\u00f6ddu: Fa\u00f0ir, \u00ed \u00fe\u00ednar hendur fel \u00e9g anda minn! Og er hann haf\u00f0i \u00feetta m\u00e6lt, gaf hann upp andann.<a name=\"47\"><span class=\"versanumer\">47<\/span><\/a>\u00deegar hundra\u00f0sh\u00f6f\u00f0inginn s\u00e1 \u00fea\u00f0, er vi\u00f0 bar, vegsama\u00f0i hann Gu\u00f0 og sag\u00f0i: Sannarlega var \u00feessi ma\u00f0ur r\u00e9ttl\u00e1tur.<a name=\"48\"><span class=\"versanumer\">48<\/span><\/a>Og f\u00f3lki\u00f0 allt, sem komi\u00f0 haf\u00f0i saman a\u00f0 horfa \u00e1, s\u00e1 n\u00fa, hva\u00f0 gj\u00f6r\u00f0ist, og bar\u00f0i s\u00e9r \u00e1 brj\u00f3st og hvarf fr\u00e1.<a name=\"49\"><span class=\"versanumer\">49<\/span><\/a>En vinir hans allir sem og konurnar, er fylgdu honum fr\u00e1 Gal\u00edleu, st\u00f3\u00f0u \u00e1lengdar og horf\u00f0u \u00e1 \u00feetta.<a name=\"50\"><span class=\"versanumer\">50<\/span><\/a>Ma\u00f0ur er nefndur J\u00f3sef. Hann var r\u00e1\u00f0sherra, g\u00f3\u00f0ur ma\u00f0ur og r\u00e9ttv\u00eds<a name=\"51\"><span class=\"versanumer\">51<\/span><\/a>og haf\u00f0i ekki sam\u00feykkt r\u00e1\u00f0 \u00feeirra n\u00e9 ath\u00e6fi. Hann var fr\u00e1 Ar\u00edma\u00feeu, borg \u00ed J\u00fadeu, og v\u00e6nti Gu\u00f0s r\u00edkis.<a name=\"52\"><span class=\"versanumer\">52<\/span><\/a>Hann gekk til P\u00edlatusar og ba\u00f0 hann um l\u00edkama Jes\u00fa,<a name=\"53\"><span class=\"versanumer\">53<\/span><\/a>t\u00f3k hann s\u00ed\u00f0an ofan, sveipa\u00f0i l\u00ednkl\u00e6\u00f0i og lag\u00f0i \u00ed gr\u00f6f, h\u00f6ggna \u00ed klett, og haf\u00f0i \u00fear enginn veri\u00f0 \u00e1\u00f0ur lag\u00f0ur.<a name=\"54\"><span class=\"versanumer\">54<\/span><\/a>\u00dea\u00f0 var a\u00f0fangadagur og hv\u00edldardagurinn f\u00f3r \u00ed h\u00f6nd.<a name=\"55\"><span class=\"versanumer\">55<\/span><\/a>Konur \u00fe\u00e6r, er komi\u00f0 h\u00f6f\u00f0u me\u00f0 Jes\u00fa fr\u00e1 Gal\u00edleu, fylgdu eftir og s\u00e1u gr\u00f6fina og hvernig l\u00edkami hans var lag\u00f0ur.<a name=\"56\"><span class=\"versanumer\">56<\/span><\/a>\u00de\u00e6r sneru aftur og bjuggu ilmjurtir og smyrsl. Hv\u00edldardaginn h\u00e9ldu \u00fe\u00e6r kyrru fyrir samkv\u00e6mt bo\u00f0or\u00f0inu.<\/p>\n<div class=\"footnote1981\"><b>23.1-5<\/b> Hlst. Matt 27.1-2,11-14; Mrk 15.1-5; J\u00f3h 18.28-38<br \/>\n<b>23.2<\/b> Gjalda keisaranum skatt L\u00fak 20.20-26 og hlst. \u2013 segist konungur Post 17.7; sbr L\u00fak 23.30<br \/>\n<b>23.3<\/b> Konungur Gy\u00f0inga Matt 2.2+ &#8211; \u00fea\u00f0 eru \u00fe\u00edn or\u00f0 L\u00fak 22.70<br \/>\n<b>23.4<\/b> Enga s\u00f6k L\u00fak 23.14,22; Post 3.13; 13.28; J\u00f3h 18.38; 19.4,6<br \/>\n<b>23.7<\/b> Her\u00f3des Matt 14.1+<br \/>\n<b>23.8<\/b> Langa\u00f0i til a\u00f0 sj\u00e1 hann L\u00fak 9.9<br \/>\n<b>23.11<\/b> Spottu\u00f0u hann Matt 27.31; Mrk 15.20<br \/>\n<b>23.13-25<\/b> Hlst. Matt 27.15-26; Mrk 15.6-15; J\u00f3h 18.39-19.16<br \/>\n<b>23.26-43<\/b> Hlst. Matt 27.32-44; Mrk 15.21-32; J\u00f3h 19.17-27<br \/>\n<b>23.26<\/b> K\u00fdrene Post 2.10; 11.20 \u2013 eftir Jes\u00fa L\u00fak 9.23; 14.27<br \/>\n<b>23.27<\/b> H\u00f6rmu\u00f0u hann L\u00fak 18.13; 23.48; sbr Sak 12.10-14 \u2013 f\u00f3lki\u00f0 fylgdi Jes\u00fa L\u00fak 19.48+<br \/>\n<b>23.29<\/b> S\u00e6lar Matt 5.3+ &#8211; \u00f3byrjur sbr L\u00fak 21.23<br \/>\n<b>23.30<\/b> Sbr H\u00f3s 10.8<br \/>\n<b>23.31<\/b> Hi\u00f0 visna tr\u00e9 L\u00fak 3.9; 13.6-9; sbr 19.41-44; 21.20-23<br \/>\n<b>23.32<\/b> Illvirkjar Jes 53.12; L\u00fak 22.37<br \/>\n<b>22.33<\/b> Vi\u00f0 hli\u00f0 Jes\u00fa Matt 20.21; Mrk 10.37<br \/>\n<b>23.34<\/b> Fyrirgef \u00feeim Jes 53.12; Matt 5.44; sbr Post 7.60 \u2013 vita ekki hva\u00f0 \u00feeir gera Post 3.17; sbr L\u00fak 12.10 \u2013 k\u00f6stu\u00f0u hlutum um kl\u00e6\u00f0i hans Slm 22.19<br \/>\n<b>23.35<\/b> H\u00e1\u00f0 og spott Slm 22.8-9 \u2013 Kristur (Mess\u00edas) Gu\u00f0s L\u00fak 9.20 \u2013 hinn \u00fatvaldi Jes 49.7; L\u00fak 9.35<br \/>\n<b>23.36<\/b> Edik Slm 69.22<br \/>\n<b>23.37<\/b> Konungur Gy\u00f0inga Matt 2.2+<br \/>\n<b>23.42<\/b> \u00deegar \u00fe\u00fa kemur \u00ed r\u00edki \u00feitt Matt 16.28; L\u00fak 19.12; 24.26<br \/>\n<b>23.43<\/b> \u00cd dag L\u00fak 2.11+<br \/>\n<b>23.44-49<\/b> Hlst. Matt 27.45-56; Mrk 15.33-41; J\u00f3h 19.28-30<br \/>\n<b>23.44<\/b> Myrkur 2M\u00f3s 10.22; Am 8.9-10<br \/>\n<b>23.45<\/b> Fortjald musterisins 2M\u00f3s 26.31-33; 36.35<br \/>\n<b>23.46<\/b> Fa\u00f0ir L\u00fak 10.21; 22.42; 23.34; sbr 2.49 \u2013 \u00ed \u00fe\u00ednar hendur Slm 31.6; Post 7.59<br \/>\n<b>23.47<\/b> R\u00e9ttl\u00e1tur L\u00fak 23.4,14,22<br \/>\n<b>23.48<\/b> Bar\u00f0i s\u00e9r \u00e1 brj\u00f3st L\u00fak 18.13; 23.27<br \/>\n<b>23.49<\/b> \u00c1lengdar Slm 38.12; 88.9 \u2013 konurnar fr\u00e1 Gal\u00edleu L\u00fak 8.2; 23.55<br \/>\n<b>23.50-56<\/b> Hlst. Matt 27.57-61; Mrk 15.42-47; J\u00f3h 19.38-42<br \/>\n<b>23.51<\/b> V\u00e6nti Gu\u00f0s r\u00edkis L\u00fak 2.25,38<br \/>\n<b>23.53<\/b> Enginn lag\u00f0ur \u00fear \u00e1\u00f0ur L\u00fak 19.30<br \/>\n<b>23.56<\/b> Hv\u00edldardagurinn 2M\u00f3s 12.16; 20.10; 5M\u00f3s 5.14<\/div>\n","protected":false},"excerpt":{"rendered":"<p>1\u00de\u00e1 st\u00f3\u00f0 upp allur skarinn og f\u00e6r\u00f0i hann fyrir P\u00edlatus.2\u00deeir t\u00f3ku a\u00f0 \u00e1k\u00e6ra hann og s\u00f6g\u00f0u: V\u00e9r h\u00f6fum komist a\u00f0 raun um, a\u00f0 \u00feessi ma\u00f0ur lei\u00f0ir \u00fej\u00f3\u00f0 vora afvega, hann bannar a\u00f0 gjalda keisaranum skatt og segist sj\u00e1lfur vera Kristur, konungur.3P\u00edlatus spur\u00f0i hann \u00fe\u00e1: Ert \u00fe\u00fa konungur Gy\u00f0inga? Jes\u00fas svara\u00f0i: \u00de\u00fa segir \u00fea\u00f0.4P\u00edlatus sag\u00f0i vi\u00f0 \u00e6\u00f0stu prestana og f\u00f3lki\u00f0: Enga s\u00f6k finn \u00e9g hj\u00e1 \u00feessum manni.5En \u00feeir ur\u00f0u \u00fev\u00ed \u00e1kafari og s\u00f6g\u00f0u: Hann \u00e6sir upp l\u00fd\u00f0inn me\u00f0 \u00fev\u00ed, sem hann kennir \u00ed allri J\u00fadeu, hann byrja\u00f0i \u00ed Gal\u00edleu og er n\u00fa kominn hinga\u00f0.6\u00deegar P\u00edlatus heyr\u00f0i \u00feetta, spur\u00f0i hann, hvort ma\u00f0urinn <a href=\"https:\/\/biblian.is\/1981\/lukasargudspjall-23-kafli\/\"> [&#8230;]<\/a><\/p>\n","protected":false},"author":1,"featured_media":0,"parent":0,"menu_order":0,"comment_status":"open","ping_status":"open","template":"bibliukaflar.php","meta":{"footnotes":""},"class_list":["post-2343","page","type-page","status-publish","hentry"],"_links":{"self":[{"href":"https:\/\/biblian.is\/1981\/wp-json\/wp\/v2\/pages\/2343","targetHints":{"allow":["GET"]}}],"collection":[{"href":"https:\/\/biblian.is\/1981\/wp-json\/wp\/v2\/pages"}],"about":[{"href":"https:\/\/biblian.is\/1981\/wp-json\/wp\/v2\/types\/page"}],"author":[{"embeddable":true,"href":"https:\/\/biblian.is\/1981\/wp-json\/wp\/v2\/users\/1"}],"replies":[{"embeddable":true,"href":"https:\/\/biblian.is\/1981\/wp-json\/wp\/v2\/comments?post=2343"}],"version-history":[{"count":0,"href":"https:\/\/biblian.is\/1981\/wp-json\/wp\/v2\/pages\/2343\/revisions"}],"wp:attachment":[{"href":"https:\/\/biblian.is\/1981\/wp-json\/wp\/v2\/media?parent=2343"}],"curies":[{"name":"wp","href":"https:\/\/api.w.org\/{rel}","templated":true}]}}