{"id":2342,"date":"2017-11-18T20:21:24","date_gmt":"2017-11-18T20:21:24","guid":{"rendered":"http:\/\/biblian.is\/1981\/lukasargudspjall-22-kafli\/"},"modified":"2021-06-06T11:03:40","modified_gmt":"2021-06-06T11:03:40","slug":"lukasargudspjall-22-kafli","status":"publish","type":"page","link":"https:\/\/biblian.is\/1981\/lukasargudspjall-22-kafli\/","title":{"rendered":"L\u00fakasargu\u00f0spjall 22. kafli"},"content":{"rendered":"<p><a name=\"1\"><span class=\"versanumer\">1<\/span><\/a>N\u00fa f\u00f3r \u00ed h\u00f6nd h\u00e1t\u00ed\u00f0 \u00f3s\u00fdr\u00f0u brau\u00f0anna, s\u00fa er nefnist p\u00e1skar.<a name=\"2\"><span class=\"versanumer\">2<\/span><\/a>Og \u00e6\u00f0stu prestarnir og fr\u00e6\u00f0imennirnir leitu\u00f0u fyrir s\u00e9r, hvernig \u00feeir g\u00e6tu r\u00e1\u00f0i\u00f0 hann af d\u00f6gum, \u00fev\u00ed a\u00f0 \u00feeir voru hr\u00e6ddir vi\u00f0 l\u00fd\u00f0inn.<a name=\"3\"><span class=\"versanumer\">3<\/span><\/a>\u00de\u00e1 f\u00f3r Satan \u00ed J\u00fadas, sem kalla\u00f0ur var \u00cdskar\u00edot og var \u00ed t\u00f6lu \u00feeirra t\u00f3lf.<a name=\"4\"><span class=\"versanumer\">4<\/span><\/a>Hann f\u00f3r og r\u00e6ddi vi\u00f0 \u00e6\u00f0stu prestana og var\u00f0foringjana um \u00fea\u00f0, hvernig hann skyldi framselja \u00feeim Jes\u00fa.<a name=\"5\"><span class=\"versanumer\">5<\/span><\/a>\u00deeir ur\u00f0u gla\u00f0ir vi\u00f0 og h\u00e9tu honum f\u00e9 fyrir.<a name=\"6\"><span class=\"versanumer\">6<\/span><\/a>Hann gekk a\u00f0 \u00fev\u00ed og leita\u00f0i f\u00e6ris a\u00f0 framselja hann \u00feeim, \u00feegar f\u00f3lki\u00f0 v\u00e6ri fjarri.<a name=\"7\"><span class=\"versanumer\">7<\/span><\/a>\u00deegar s\u00e1 dagur \u00f3s\u00fdr\u00f0u brau\u00f0anna kom, er sl\u00e1tra skyldi p\u00e1skalambinu,<a name=\"8\"><span class=\"versanumer\">8<\/span><\/a>sendi Jes\u00fas \u00fe\u00e1 P\u00e9tur og J\u00f3hannes og sag\u00f0i: Fari\u00f0 og b\u00fai\u00f0 til p\u00e1skam\u00e1lt\u00ed\u00f0ar fyrir oss.<a name=\"9\"><span class=\"versanumer\">9<\/span><\/a>\u00deeir s\u00f6g\u00f0u vi\u00f0 hann: Hvar vilt \u00fe\u00fa, a\u00f0 vi\u00f0 b\u00faum hana?<a name=\"10\"><span class=\"versanumer\">10<\/span><\/a>En hann sag\u00f0i vi\u00f0 \u00fe\u00e1: \u00deegar \u00fei\u00f0 komi\u00f0 inn \u00ed borgina, m\u00e6tir ykkur ma\u00f0ur, sem ber vatnsker. Fylgi\u00f0 honum inn \u00feanga\u00f0 sem hann fer,<a name=\"11\"><span class=\"versanumer\">11<\/span><\/a>og segi\u00f0 vi\u00f0 h\u00fasr\u00e1\u00f0andann: Meistarinn spyr \u00feig: Hvar er herbergi\u00f0, \u00fear sem \u00e9g get neytt p\u00e1skam\u00e1lt\u00ed\u00f0arinnar me\u00f0 l\u00e6risveinum m\u00ednum?<a name=\"12\"><span class=\"versanumer\">12<\/span><\/a>Hann mun \u00fe\u00e1 s\u00fdna ykkur loftsal mikinn, b\u00fainn h\u00e6gindum. Hafi\u00f0 \u00fear vi\u00f0b\u00fana\u00f0.<a name=\"13\"><span class=\"versanumer\">13<\/span><\/a>\u00deeir f\u00f3ru og fundu allt eins og hann haf\u00f0i sagt og bjuggu til p\u00e1skam\u00e1lt\u00ed\u00f0ar.<a name=\"14\"><span class=\"versanumer\">14<\/span><\/a>Og er stundin var komin, gekk hann til bor\u00f0s og postularnir me\u00f0 honum.<a name=\"15\"><span class=\"versanumer\">15<\/span><\/a>Og hann sag\u00f0i vi\u00f0 \u00fe\u00e1: Hjartanlega hef \u00e9g \u00fer\u00e1\u00f0 a\u00f0 neyta \u00feessarar p\u00e1skam\u00e1lt\u00ed\u00f0ar me\u00f0 y\u00f0ur, \u00e1\u00f0ur en \u00e9g l\u00ed\u00f0.<a name=\"16\"><span class=\"versanumer\">16<\/span><\/a>\u00dev\u00ed \u00e9g segi y\u00f0ur: Eigi mun \u00e9g framar neyta hennar, fyrr en h\u00fan fullkomnast \u00ed Gu\u00f0s r\u00edki.<a name=\"17\"><span class=\"versanumer\">17<\/span><\/a>\u00de\u00e1 t\u00f3k hann kaleik, gj\u00f6r\u00f0i \u00feakkir og sag\u00f0i: Taki\u00f0 \u00feetta og skipti\u00f0 me\u00f0 y\u00f0ur.<a name=\"18\"><span class=\"versanumer\">18<\/span><\/a>\u00dev\u00ed \u00e9g segi y\u00f0ur: H\u00e9\u00f0an \u00ed fr\u00e1 mun \u00e9g eigi drekka af \u00e1vexti v\u00ednvi\u00f0arins, fyrr en Gu\u00f0s r\u00edki kemur.<a name=\"19\"><span class=\"versanumer\">19<\/span><\/a>Og hann t\u00f3k brau\u00f0, gj\u00f6r\u00f0i \u00feakkir, braut \u00fea\u00f0, gaf \u00feeim og sag\u00f0i: \u00deetta er l\u00edkami minn, sem fyrir y\u00f0ur er gefinn. Gj\u00f6ri\u00f0 \u00feetta \u00ed m\u00edna minningu.<a name=\"20\"><span class=\"versanumer\">20<\/span><\/a>Eins t\u00f3k hann kaleikinn eftir kv\u00f6ldm\u00e1lt\u00ed\u00f0ina og sag\u00f0i: \u00deessi kaleikur er hinn n\u00fdi s\u00e1ttm\u00e1li \u00ed m\u00ednu bl\u00f3\u00f0i, sem fyrir y\u00f0ur er \u00fathellt.<a name=\"21\"><span class=\"versanumer\">21<\/span><\/a>En sj\u00e1, h\u00f6nd \u00feess, er mig sv\u00edkur, er \u00e1 bor\u00f0inu hj\u00e1 m\u00e9r.<a name=\"22\"><span class=\"versanumer\">22<\/span><\/a>Mannssonurinn fer a\u00f0 s\u00f6nnu \u00fe\u00e1 lei\u00f0, sem \u00e1kve\u00f0in er, en vei \u00feeim manni, sem \u00fev\u00ed veldur, a\u00f0 hann ver\u00f0ur framseldur.<a name=\"23\"><span class=\"versanumer\">23<\/span><\/a>Og \u00feeir t\u00f3ku a\u00f0 spyrjast \u00e1 um \u00fea\u00f0, hver \u00feeirra mundi ver\u00f0a til \u00feess a\u00f0 gj\u00f6ra \u00feetta.<a name=\"24\"><span class=\"versanumer\">24<\/span><\/a>Og \u00feeir f\u00f3ru a\u00f0 metast um, hver \u00feeirra v\u00e6ri talinn mestur.<a name=\"25\"><span class=\"versanumer\">25<\/span><\/a>En Jes\u00fas sag\u00f0i vi\u00f0 \u00fe\u00e1: Konungar \u00fej\u00f3\u00f0a drottna yfir \u00feeim og valdhafar \u00feeirra kallast velgj\u00f6r\u00f0amenn.<a name=\"26\"><span class=\"versanumer\">26<\/span><\/a>En eigi s\u00e9 y\u00f0ur svo fari\u00f0, heldur s\u00e9 hinn mesti y\u00f0ar \u00e1 me\u00f0al sem v\u00e6ri hann yngstur og foringinn sem \u00fej\u00f3nn.<a name=\"27\"><span class=\"versanumer\">27<\/span><\/a>\u00dev\u00ed hvort er s\u00e1 meiri, sem situr til bor\u00f0s, e\u00f0a hinn, sem \u00fej\u00f3nar? Er \u00fea\u00f0 ekki s\u00e1 sem situr til bor\u00f0s? Samt er \u00e9g me\u00f0al y\u00f0ar eins og \u00fej\u00f3nninn.<a name=\"28\"><span class=\"versanumer\">28<\/span><\/a>En \u00fe\u00e9r eru\u00f0 \u00feeir sem hafi\u00f0 veri\u00f0 st\u00f6\u00f0ugir me\u00f0 m\u00e9r \u00ed freistingum m\u00ednum.<a name=\"29\"><span class=\"versanumer\">29<\/span><\/a>Og y\u00f0ur f\u00e6 \u00e9g r\u00edki \u00ed hendur, eins og fa\u00f0ir minn hefur fengi\u00f0 m\u00e9r,<a name=\"30\"><span class=\"versanumer\">30<\/span><\/a>a\u00f0 \u00fe\u00e9r megi\u00f0 eta og drekka vi\u00f0 bor\u00f0 mitt \u00ed r\u00edki m\u00ednu, sitja \u00ed h\u00e1s\u00e6tum og d\u00e6ma t\u00f3lf \u00e6ttkv\u00edslir \u00cdsraels.<a name=\"31\"><span class=\"versanumer\">31<\/span><\/a>S\u00edmon, S\u00edmon, Satan kraf\u00f0ist y\u00f0ar a\u00f0 s\u00e6lda y\u00f0ur eins og hveiti.<a name=\"32\"><span class=\"versanumer\">32<\/span><\/a>En \u00e9g hef be\u00f0i\u00f0 fyrir \u00fe\u00e9r, a\u00f0 tr\u00fa \u00fe\u00edn \u00ferj\u00f3ti ekki. Og styrk \u00fe\u00fa br\u00e6\u00f0ur \u00fe\u00edna, \u00feegar \u00fe\u00fa ert sn\u00fainn vi\u00f0.<a name=\"33\"><span class=\"versanumer\">33<\/span><\/a>En S\u00edmon sag\u00f0i vi\u00f0 hann: Herra, rei\u00f0ub\u00fainn er \u00e9g a\u00f0 fylgja \u00fe\u00e9r b\u00e6\u00f0i \u00ed fangelsi og dau\u00f0a.<a name=\"34\"><span class=\"versanumer\">34<\/span><\/a>Jes\u00fas m\u00e6lti: \u00c9g segi \u00fe\u00e9r, P\u00e9tur: \u00c1\u00f0ur en hani galar \u00ed dag, munt \u00fe\u00fa \u00ferisvar hafa neita\u00f0 \u00fev\u00ed, a\u00f0 \u00fe\u00fa \u00feekkir mig.<a name=\"35\"><span class=\"versanumer\">35<\/span><\/a>Og hann sag\u00f0i vi\u00f0 \u00fe\u00e1: \u00deegar \u00e9g sendi y\u00f0ur \u00fat \u00e1n pyngju og mals og sk\u00f3lausa, brast y\u00f0ur \u00fe\u00e1 nokku\u00f0? \u00deeir sv\u00f6ru\u00f0u: Nei, ekkert.<a name=\"36\"><span class=\"versanumer\">36<\/span><\/a>\u00de\u00e1 sag\u00f0i hann vi\u00f0 \u00fe\u00e1: En n\u00fa skal s\u00e1, er pyngju hefur, taka hana me\u00f0 s\u00e9r og eins s\u00e1, er mal hefur, og hinn, sem ekkert \u00e1, selji yfirh\u00f6fn s\u00edna og kaupi sver\u00f0.<a name=\"37\"><span class=\"versanumer\">37<\/span><\/a>\u00dev\u00ed \u00e9g segi y\u00f0ur, a\u00f0 \u00feessi ritning \u00e1 a\u00f0 r\u00e6tast \u00e1 m\u00e9r: me\u00f0 illvirkjum var hann talinn. Og n\u00fa er a\u00f0 fullnast \u00fea\u00f0 sem um mig er rita\u00f0.<a name=\"38\"><span class=\"versanumer\">38<\/span><\/a>En \u00feeir s\u00f6g\u00f0u: Herra, h\u00e9r eru tv\u00f6 sver\u00f0. Og hann sag\u00f0i vi\u00f0 \u00fe\u00e1: \u00dea\u00f0 er n\u00f3g.<a name=\"39\"><span class=\"versanumer\">39<\/span><\/a>S\u00ed\u00f0an f\u00f3r hann \u00fat og gekk, eins og hann var vanur, til Ol\u00edufjallsins. Og l\u00e6risveinarnir fylgdu honum.<a name=\"40\"><span class=\"versanumer\">40<\/span><\/a>\u00deegar hann kom \u00e1 sta\u00f0inn, sag\u00f0i hann vi\u00f0 \u00fe\u00e1: Bi\u00f0ji\u00f0, a\u00f0 \u00fe\u00e9r falli\u00f0 ekki \u00ed freistni.<a name=\"41\"><span class=\"versanumer\">41<\/span><\/a>Og hann v\u00e9k fr\u00e1 \u00feeim svo sem steinsnar, f\u00e9ll \u00e1 kn\u00e9, ba\u00f0st fyrir og sag\u00f0i:<a name=\"42\"><span class=\"versanumer\">42<\/span><\/a>Fa\u00f0ir, ef \u00fe\u00fa vilt, \u00fe\u00e1 tak \u00feennan kaleik fr\u00e1 m\u00e9r! En ver\u00f0i \u00fe\u00f3 ekki minn heldur \u00feinn vilji.<a name=\"43\"><span class=\"versanumer\">43<\/span><\/a>\u00de\u00e1 birtist honum engill af himni, sem styrkti hann.<a name=\"44\"><span class=\"versanumer\">44<\/span><\/a>Og hann komst \u00ed dau\u00f0ans angist og ba\u00f0st enn \u00e1kafar fyrir, en sveiti hans var\u00f0 eins og bl\u00f3\u00f0dropar, er f\u00e9llu \u00e1 j\u00f6r\u00f0ina.<a name=\"45\"><span class=\"versanumer\">45<\/span><\/a>Hann st\u00f3\u00f0 upp fr\u00e1 b\u00e6n sinni, kom til l\u00e6risveinanna og fann \u00fe\u00e1 sofandi, \u00f6rmagna af hrygg\u00f0.<a name=\"46\"><span class=\"versanumer\">46<\/span><\/a>Og hann sag\u00f0i vi\u00f0 \u00fe\u00e1: Hv\u00ed sofi\u00f0 \u00fe\u00e9r? R\u00edsi\u00f0 upp og bi\u00f0ji\u00f0, a\u00f0 \u00fe\u00e9r falli\u00f0 ekki \u00ed freistni.<a name=\"47\"><span class=\"versanumer\">47<\/span><\/a>Me\u00f0an hann var enn a\u00f0 tala, kom flokkur manna, og fremstur f\u00f3r einn hinna t\u00f3lf, J\u00fadas, \u00e1\u00f0ur nefndur. Hann gekk a\u00f0 Jes\u00fa til a\u00f0 kyssa hann.<a name=\"48\"><span class=\"versanumer\">48<\/span><\/a>Jes\u00fas sag\u00f0i vi\u00f0 hann: J\u00fadas, sv\u00edkur \u00fe\u00fa Mannssoninn me\u00f0 kossi?<a name=\"49\"><span class=\"versanumer\">49<\/span><\/a>\u00deeir sem me\u00f0 honum voru, s\u00e1u a\u00f0 hverju f\u00f3r og s\u00f6g\u00f0u: Herra, eigum v\u00e9r ekki a\u00f0 breg\u00f0a sver\u00f0i?<a name=\"50\"><span class=\"versanumer\">50<\/span><\/a>Og einn \u00feeirra hj\u00f3 til \u00fej\u00f3ns \u00e6\u00f0sta prestsins og snei\u00f0 af honum h\u00e6gra eyra\u00f0.<a name=\"51\"><span class=\"versanumer\">51<\/span><\/a>\u00de\u00e1 sag\u00f0i Jes\u00fas: H\u00e9r skal sta\u00f0ar nema. Og hann snart eyra\u00f0 og l\u00e6kna\u00f0i hann.<a name=\"52\"><span class=\"versanumer\">52<\/span><\/a>\u00de\u00e1 sag\u00f0i Jes\u00fas vi\u00f0 \u00e6\u00f0stu prestana, var\u00f0foringja helgid\u00f3msins og \u00f6ldungana, sem komnir voru \u00e1 m\u00f3ti honum: Eru\u00f0 \u00fe\u00e9r a\u00f0 fara a\u00f0 m\u00e9r me\u00f0 sver\u00f0um og bareflum eins og gegn r\u00e6ningja?<a name=\"53\"><span class=\"versanumer\">53<\/span><\/a>Daglega var \u00e9g me\u00f0 y\u00f0ur \u00ed helgid\u00f3minum, og \u00fe\u00e9r l\u00f6g\u00f0u\u00f0 ekki hendur \u00e1 mig. En \u00feetta er y\u00f0ar t\u00edmi og m\u00e1ttur myrkranna.<a name=\"54\"><span class=\"versanumer\">54<\/span><\/a>En \u00feeir t\u00f3ku hann h\u00f6ndum og leiddu brott og f\u00f3ru me\u00f0 hann \u00ed h\u00fas \u00e6\u00f0sta prestsins. P\u00e9tur fylgdi eftir \u00e1lengdar.<a name=\"55\"><span class=\"versanumer\">55<\/span><\/a>Menn h\u00f6f\u00f0u kveikt eld \u00ed mi\u00f0jum gar\u00f0inum og s\u00e1tu vi\u00f0 hann, og P\u00e9tur settist me\u00f0al \u00feeirra.<a name=\"56\"><span class=\"versanumer\">56<\/span><\/a>En \u00feerna nokkur s\u00e1 hann sitja \u00ed bjarmanum, hvessti \u00e1 hann augun og sag\u00f0i: \u00deessi ma\u00f0ur var l\u00edka me\u00f0 honum.<a name=\"57\"><span class=\"versanumer\">57<\/span><\/a>\u00dev\u00ed neita\u00f0i hann og sag\u00f0i: Kona, \u00e9g \u00feekki hann ekki.<a name=\"58\"><span class=\"versanumer\">58<\/span><\/a>Litlu s\u00ed\u00f0ar s\u00e1 hann annar ma\u00f0ur og sag\u00f0i: \u00de\u00fa ert l\u00edka einn af \u00feeim. En P\u00e9tur svara\u00f0i: Nei, ma\u00f0ur minn, \u00fea\u00f0 er \u00e9g ekki.<a name=\"59\"><span class=\"versanumer\">59<\/span><\/a>Og a\u00f0 li\u00f0inni um \u00fea\u00f0 bil einni stund fullyrti enn annar \u00feetta og sag\u00f0i: V\u00edst var \u00feessi l\u00edka me\u00f0 honum, enda Gal\u00edleuma\u00f0ur.<a name=\"60\"><span class=\"versanumer\">60<\/span><\/a>P\u00e9tur m\u00e6lti: Ekki skil \u00e9g, hva\u00f0 \u00fe\u00fa \u00e1tt vi\u00f0, ma\u00f0ur. Og jafnskj\u00f3tt sem hann sag\u00f0i \u00feetta, g\u00f3l hani.<a name=\"61\"><span class=\"versanumer\">61<\/span><\/a>Og Drottinn v\u00e9k s\u00e9r vi\u00f0 og leit til P\u00e9turs. \u00de\u00e1 minntist P\u00e9tur or\u00f0a Drottins, er hann m\u00e6lti vi\u00f0 hann: \u00c1\u00f0ur en hani galar \u00ed dag, muntu \u00ferisvar afneita m\u00e9r.<a name=\"62\"><span class=\"versanumer\">62<\/span><\/a>Og hann gekk \u00fat og gr\u00e9t beisklega.<a name=\"63\"><span class=\"versanumer\">63<\/span><\/a>En \u00feeir menn, sem g\u00e6ttu Jes\u00fa, h\u00e6ddu hann og b\u00f6r\u00f0u,<a name=\"64\"><span class=\"versanumer\">64<\/span><\/a>huldu andlit hans og s\u00f6g\u00f0u: Sp\u00e1\u00f0u n\u00fa, hver \u00fea\u00f0 var, sem sl\u00f3 \u00feig?<a name=\"65\"><span class=\"versanumer\">65<\/span><\/a>Og marga a\u00f0ra sv\u00edvir\u00f0u s\u00f6g\u00f0u \u00feeir vi\u00f0 hann.<a name=\"66\"><span class=\"versanumer\">66<\/span><\/a>\u00deegar dagur rann, kom \u00f6ldungar\u00e1\u00f0 l\u00fd\u00f0sins saman, b\u00e6\u00f0i \u00e6\u00f0stu prestar og fr\u00e6\u00f0imenn, og l\u00e9tu f\u00e6ra hann fyrir r\u00e1\u00f0sfund sinn.<a name=\"67\"><span class=\"versanumer\">67<\/span><\/a>\u00deeir s\u00f6g\u00f0u: Ef \u00fe\u00fa ert Kristur, \u00fe\u00e1 seg oss \u00fea\u00f0. En hann sag\u00f0i vi\u00f0 \u00fe\u00e1: \u00de\u00f3tt \u00e9g segi y\u00f0ur \u00fea\u00f0, munu\u00f0 \u00fe\u00e9r ekki tr\u00faa,<a name=\"68\"><span class=\"versanumer\">68<\/span><\/a>og ef \u00e9g spyr y\u00f0ur, svari\u00f0 \u00fe\u00e9r ekki.<a name=\"69\"><span class=\"versanumer\">69<\/span><\/a>En upp fr\u00e1 \u00feessu mun Mannssonurinn sitja til h\u00e6gri handar Gu\u00f0s kraftar.<a name=\"70\"><span class=\"versanumer\">70<\/span><\/a>\u00de\u00e1 spur\u00f0u \u00feeir allir: Ert \u00fe\u00fa \u00fe\u00e1 sonur Gu\u00f0s? Og hann sag\u00f0i vi\u00f0 \u00fe\u00e1: \u00de\u00e9r segi\u00f0, a\u00f0 \u00e9g s\u00e9 s\u00e1.<a name=\"71\"><span class=\"versanumer\">71<\/span><\/a>En \u00feeir s\u00f6g\u00f0u: Hva\u00f0 \u00feurfum v\u00e9r n\u00fa framar vitnis vi\u00f0? V\u00e9r h\u00f6fum sj\u00e1lfir heyrt \u00fea\u00f0 af munni hans.<\/p>\n<div class=\"footnote1981\"><b>22.1-6<\/b> Hlst. 26.1-5,14-16; Mrk 14.1-2,10-11; J\u00f3h 11.45-53<br \/>\n<b>22.1<\/b> H\u00e1t\u00ed\u00f0 \u00f3s\u00fdr\u00f0u brau\u00f0anna 2M\u00f3s 12.1-27; J\u00f3h 11.57<br \/>\n<b>22.2<\/b> R\u00e1\u00f0agj\u00f6r\u00f0ir gegn Jes\u00fa Matt 12.14+ ; L\u00fak 19.47+ og hlst. \u2013 \u00f3tti vi\u00f0 f\u00f3lki\u00f0 Matt 14.5+<br \/>\n<b>22.3<\/b> Satan Mrk 1.13+ &#8211; J\u00fadas \u00cdskar\u00edot Matt 10.4+ &#8211; einn \u00feeirra t\u00f3lf Post 1.17; sbr Matt 10.2+ &#8211; Satan og J\u00fadas J\u00f3h 13.2,27<br \/>\n<b>22.4<\/b> Var\u00f0foringjar musterisins L\u00fak 22.52; Post 4.1; 5.24,26<br \/>\n<b>22.7-13<\/b> Hlst. Matt 26.17-25; Mrk 14.12-21; J\u00f3h 13.21-30<br \/>\n<b>22.7<\/b> P\u00e1skalambi\u00f0 og \u00f3s\u00fdr\u00f0 brau\u00f0 L\u00fak 22.1+<br \/>\n<b>22.8<\/b> B\u00faa til p\u00e1skam\u00e1lt\u00ed\u00f0ar 2M\u00f3s 12.8-11<br \/>\n<b>22.13<\/b> Eins og Jes\u00fa haf\u00f0i sagt L\u00fak 19.32<br \/>\n<b>22.14-23<\/b> Hlst. Matt 26.26-30; Mrk 14.22-26; 1Kor 11.23-25<br \/>\n<b>22.15<\/b> \u00dej\u00e1ningar og dau\u00f0i Jes\u00fa L\u00fak 24.26,46; Post 1.3; 3.18; 17.3; Heb 2.18; 1P\u00e9t 1.21<br \/>\n<b>22.16<\/b> Fullkomnast \u00ed Gu\u00f0s r\u00edki L\u00fak 13.29<br \/>\n<b>22.18<\/b> Gu\u00f0s r\u00edki Matt 6.10+ ; sbr Matt 3.2+<br \/>\n<b>22.19<\/b> T\u00f3k brau\u00f0 L\u00fak 24.30; Post 27.35 \u2013 \u00ed m\u00edna minningu 1Kor 11.24-25; sbr 2M\u00f3s 12.14; 13.9; 5M\u00f3s 16.3<br \/>\n<b>22.20<\/b> Bl\u00f3\u00f0 s\u00e1ttm\u00e1lans 2M\u00f3s 24.8; Sak 9.11; Heb 9.20 \u2013 hinn n\u00fdji s\u00e1ttm\u00e1li Jer 31.31; 32.40; 1Kor 11.25<br \/>\n<b>22.21<\/b> H\u00f6nd \u00feess, er mig sv\u00edkur &#8230; Slm 41.10; J\u00f3h 13.21<br \/>\n<b>22.22<\/b> Mannssonurinn Matt 8.20+ &#8211; \u00fe\u00e1 lei\u00f0, sem \u00e1kve\u00f0in er Post 2.23; 10.42; 17.31<br \/>\n<b>22.23<\/b> Hver \u00feeirra? J\u00f3h 13.22<br \/>\n<b>22.24<\/b> Mestur L\u00fak 9.46 og hlst.<br \/>\n<b>22.26<\/b> \u00dej\u00f3nustan Matt 20.26+ ; Mrk 9.35<br \/>\n<b>22.27<\/b> Jes\u00fas \u00fej\u00f3nar J\u00f3h 13.4-16<br \/>\n<b>22.29<\/b> S\u00e1, sem f\u00e6r \u00feeim r\u00edki\u00f0 \u00ed hendur L\u00fak 12.32<br \/>\n<b>22.30<\/b> Eta og drekka \u00ed Gu\u00f0s r\u00edki L\u00fak 13.28+<br \/>\n<b>22.31-34<\/b> Hlst. Matt 26.31-35; Mrk 14.27-31; J\u00f3h 13.36-38<br \/>\n<b>22.31<\/b> S\u00edmon sbr Matt 4.18+ &#8211; Satan kraf\u00f0ist y\u00f0ar 2Kor 2.11; sbr Mrk 1.13+ &#8211; s\u00e6lda eins og hveiti Am 9.9<br \/>\n<b>22.33<\/b> Jafnvel \u00ed dau\u00f0a L\u00fak 22.54; J\u00f3h 13.37<br \/>\n<b>22.34<\/b> \u00derisvar L\u00fak 22.61<br \/>\n<b>22.35<\/b> \u00deegar \u00e9g sendi ykkur L\u00fak 9.3 og hlst.; 10.4<br \/>\n<b>22.36<\/b> N\u00fa skal kaupa sver\u00f0 L\u00fak 22.49<br \/>\n<b>22.37<\/b> Me\u00f0 illvirkjum Jes 53.12; L\u00fak 12.50; Post 8.32-33<br \/>\n<b>22.39-46<\/b> Hlst. Matt 26.36-46; Mrk 14.32-42<br \/>\n<b>22.39<\/b> Ol\u00edufjalli\u00f0 J\u00f3h 18.1; sbr Mrk 11.1+ &#8211; eins og hann var vanur L\u00fak 21.37<br \/>\n<b>22.40<\/b> Freistni og b\u00e6n Matt 6.13; L\u00fak 22.46 og hlst.<br \/>\n<b>22.42<\/b> Kaleikur Mrk 10.38 \u2013 sem \u00fe\u00fa vilt Matt 6.10+<br \/>\n<b>22.46<\/b> Freistni og b\u00e6n L\u00fak 22.40+<br \/>\n<b>22.47-53<\/b> Hlst. Matt 26.47-56; Mrk 14.43-50; J\u00f3h 18.3-11<br \/>\n<b>22.49<\/b> Breg\u00f0a sver\u00f0i L\u00fak 22.36<br \/>\n<b>22.50<\/b> Snei\u00f0 af eyra\u00f0 J\u00f3h 18.10,26<br \/>\n<b>22.51<\/b> H\u00e9r skal sta\u00f0ar nema J\u00f3h 18.11<br \/>\n<b>22.52<\/b> Eins og gegn r\u00e6ningja L\u00fak 22.37<br \/>\n<b>22.53<\/b> Daglega \u00ed helgid\u00f3minum L\u00fak 19.47; 21.37; J\u00f3h 18.20 \u2013 l\u00f6g\u00f0u ekki hendur \u00e1 hann J\u00f3h 7.30; 8.20 \u2013 m\u00e1ttur myrkranna Post 26.18; K\u00f3l 1.13<br \/>\n<b>22.54-62<\/b> Hlst. Matt 26.57-58,69-75; Mrk 14.53-54,66-72; J\u00f3h 18.12-18,25-27<br \/>\n<b>22.54<\/b> P\u00e9tur, \u00e1lengdar L\u00fak 22.33<br \/>\n<b>22.61<\/b> \u00derisvar L\u00fak 22.34<br \/>\n<b>22.63-65<\/b> Hlst. Matt 26.67-68; Mrk 14.65<br \/>\n<b>22.66-71<\/b> Hlst. Matt 26.59-66; Mrk 14.55-64; J\u00f3h 18.19-24<br \/>\n<b>22.66<\/b> \u00d6ldungar, \u00e6\u00f0stu prestar og fr\u00e6\u00f0imenn Mrk 11.27+<br \/>\n<b>22.67<\/b> Seg\u00f0u okkur \u00fea\u00f0 J\u00f3h 10.24 \u2013 \u00fei\u00f0 munu\u00f0 ekki tr\u00faa J\u00f3h 3.12; 8.45<br \/>\n<b>22.69<\/b> Mannssonurinn Matt 8.20+ &#8211; til h\u00e6gri handar Gu\u00f0s Slm 110.1; Matt 22.44+ ; sbr Post 7.56<br \/>\n<b>22.70<\/b> Sonur Gu\u00f0s Matt 14.33+ ; Mrk 1.1+ ; L\u00fak 1.35+ ; 4.3,9; J\u00f3h 10.24,36<\/div>\n","protected":false},"excerpt":{"rendered":"<p>1N\u00fa f\u00f3r \u00ed h\u00f6nd h\u00e1t\u00ed\u00f0 \u00f3s\u00fdr\u00f0u brau\u00f0anna, s\u00fa er nefnist p\u00e1skar.2Og \u00e6\u00f0stu prestarnir og fr\u00e6\u00f0imennirnir leitu\u00f0u fyrir s\u00e9r, hvernig \u00feeir g\u00e6tu r\u00e1\u00f0i\u00f0 hann af d\u00f6gum, \u00fev\u00ed a\u00f0 \u00feeir voru hr\u00e6ddir vi\u00f0 l\u00fd\u00f0inn.3\u00de\u00e1 f\u00f3r Satan \u00ed J\u00fadas, sem kalla\u00f0ur var \u00cdskar\u00edot og var \u00ed t\u00f6lu \u00feeirra t\u00f3lf.4Hann f\u00f3r og r\u00e6ddi vi\u00f0 \u00e6\u00f0stu prestana og var\u00f0foringjana um \u00fea\u00f0, hvernig hann skyldi framselja \u00feeim Jes\u00fa.5\u00deeir ur\u00f0u gla\u00f0ir vi\u00f0 og h\u00e9tu honum f\u00e9 fyrir.6Hann gekk a\u00f0 \u00fev\u00ed og leita\u00f0i f\u00e6ris a\u00f0 framselja hann \u00feeim, \u00feegar f\u00f3lki\u00f0 v\u00e6ri fjarri.7\u00deegar s\u00e1 dagur \u00f3s\u00fdr\u00f0u brau\u00f0anna kom, er sl\u00e1tra skyldi p\u00e1skalambinu,8sendi Jes\u00fas \u00fe\u00e1 P\u00e9tur og J\u00f3hannes og sag\u00f0i: <a href=\"https:\/\/biblian.is\/1981\/lukasargudspjall-22-kafli\/\"> [&#8230;]<\/a><\/p>\n","protected":false},"author":1,"featured_media":0,"parent":0,"menu_order":0,"comment_status":"open","ping_status":"open","template":"bibliukaflar.php","meta":{"footnotes":""},"class_list":["post-2342","page","type-page","status-publish","hentry"],"_links":{"self":[{"href":"https:\/\/biblian.is\/1981\/wp-json\/wp\/v2\/pages\/2342","targetHints":{"allow":["GET"]}}],"collection":[{"href":"https:\/\/biblian.is\/1981\/wp-json\/wp\/v2\/pages"}],"about":[{"href":"https:\/\/biblian.is\/1981\/wp-json\/wp\/v2\/types\/page"}],"author":[{"embeddable":true,"href":"https:\/\/biblian.is\/1981\/wp-json\/wp\/v2\/users\/1"}],"replies":[{"embeddable":true,"href":"https:\/\/biblian.is\/1981\/wp-json\/wp\/v2\/comments?post=2342"}],"version-history":[{"count":0,"href":"https:\/\/biblian.is\/1981\/wp-json\/wp\/v2\/pages\/2342\/revisions"}],"wp:attachment":[{"href":"https:\/\/biblian.is\/1981\/wp-json\/wp\/v2\/media?parent=2342"}],"curies":[{"name":"wp","href":"https:\/\/api.w.org\/{rel}","templated":true}]}}