{"id":2341,"date":"2017-11-18T20:21:24","date_gmt":"2017-11-18T20:21:24","guid":{"rendered":"http:\/\/biblian.is\/1981\/lukasargudspjall-21-kafli\/"},"modified":"2021-06-06T11:03:40","modified_gmt":"2021-06-06T11:03:40","slug":"lukasargudspjall-21-kafli","status":"publish","type":"page","link":"https:\/\/biblian.is\/1981\/lukasargudspjall-21-kafli\/","title":{"rendered":"L\u00fakasargu\u00f0spjall 21. kafli"},"content":{"rendered":"<p><a name=\"1\"><span class=\"versanumer\">1<\/span><\/a>\u00de\u00e1 leit hann upp og s\u00e1 au\u00f0menn leggja gjafir s\u00ednar \u00ed fj\u00e1rhirsluna.<a name=\"2\"><span class=\"versanumer\">2<\/span><\/a>Hann s\u00e1 og ekkju eina f\u00e1t\u00e6ka leggja \u00fear tvo sm\u00e1peninga.<a name=\"3\"><span class=\"versanumer\">3<\/span><\/a>\u00de\u00e1 sag\u00f0i hann: \u00c9g segi y\u00f0ur me\u00f0 sanni, \u00feessi f\u00e1t\u00e6ka ekkja gaf meira en allir hinir.<a name=\"4\"><span class=\"versanumer\">4<\/span><\/a>Hinir allir l\u00f6g\u00f0u \u00ed sj\u00f3\u00f0inn af allsn\u00e6gtum s\u00ednum, en h\u00fan gaf af skorti s\u00ednum, alla bj\u00f6rg s\u00edna.<a name=\"5\"><span class=\"versanumer\">5<\/span><\/a>Einhverjir h\u00f6f\u00f0u or\u00f0 \u00e1, a\u00f0 helgid\u00f3murinn v\u00e6ri pr\u00fdddur f\u00f6grum steinum og heitgj\u00f6fum. \u00de\u00e1 sag\u00f0i Jes\u00fas:<a name=\"6\"><span class=\"versanumer\">6<\/span><\/a>\u00de\u00e9r horfi\u00f0 \u00e1 \u00feetta, en \u00feeir dagar munu koma, a\u00f0 h\u00e9r stendur ekki eftir steinn yfir steini, er eigi s\u00e9 ni\u00f0ur brotinn.<a name=\"7\"><span class=\"versanumer\">7<\/span><\/a>En \u00feeir spur\u00f0u hann: Meistari, hven\u00e6r ver\u00f0ur \u00feetta? Og hvert mun t\u00e1kn \u00feess, a\u00f0 \u00fea\u00f0 s\u00e9 a\u00f0 koma fram?<a name=\"8\"><span class=\"versanumer\">8<\/span><\/a>Hann svara\u00f0i: Varist a\u00f0 l\u00e1ta lei\u00f0a y\u00f0ur \u00ed villu. Margir munu koma \u00ed m\u00ednu nafni og segja: \u00dea\u00f0 er \u00e9g! og T\u00edminn er \u00ed n\u00e1nd! Fylgi\u00f0 \u00feeim ekki.<a name=\"9\"><span class=\"versanumer\">9<\/span><\/a>En \u00feegar \u00fe\u00e9r spyrji\u00f0 herna\u00f0 og upphlaup, \u00fe\u00e1 skelfist ekki. \u00deetta \u00e1 undan a\u00f0 fara, en endirinn kemur ekki samstundis.<a name=\"10\"><span class=\"versanumer\">10<\/span><\/a>S\u00ed\u00f0an sag\u00f0i hann vi\u00f0 \u00fe\u00e1: \u00dej\u00f3\u00f0 mun r\u00edsa gegn \u00fej\u00f3\u00f0 og r\u00edki gegn r\u00edki,<a name=\"11\"><span class=\"versanumer\">11<\/span><\/a>\u00fe\u00e1 ver\u00f0a landskj\u00e1lftar miklir og dreps\u00f3ttir og hungur \u00e1 \u00fdmsum st\u00f6\u00f0um, en \u00f3gnir og t\u00e1kn mikil \u00e1 himni.<a name=\"12\"><span class=\"versanumer\">12<\/span><\/a>En \u00e1 undan \u00f6llu \u00feessu munu menn leggja hendur \u00e1 y\u00f0ur, ofs\u00e6kja y\u00f0ur, f\u00e6ra y\u00f0ur fyrir samkundur og \u00ed fangelsi og draga y\u00f0ur fyrir konunga og landsh\u00f6f\u00f0ingja sakir nafns m\u00edns.<a name=\"13\"><span class=\"versanumer\">13<\/span><\/a>\u00deetta veitir y\u00f0ur t\u00e6kif\u00e6ri til vitnisbur\u00f0ar.<a name=\"14\"><span class=\"versanumer\">14<\/span><\/a>En festi\u00f0 \u00fea\u00f0 vel \u00ed huga a\u00f0 vera ekki fyrirfram a\u00f0 hugsa um, hvernig \u00fe\u00e9r eigi\u00f0 a\u00f0 verjast,<a name=\"15\"><span class=\"versanumer\">15<\/span><\/a>\u00fev\u00ed \u00e9g mun gefa y\u00f0ur or\u00f0 og visku, sem engir m\u00f3tst\u00f6\u00f0umenn y\u00f0ar f\u00e1 sta\u00f0i\u00f0 \u00ed gegn n\u00e9 hraki\u00f0.<a name=\"16\"><span class=\"versanumer\">16<\/span><\/a>Jafnvel foreldrar og br\u00e6\u00f0ur, fr\u00e6ndur og vinir munu framselja y\u00f0ur, og sumir y\u00f0ar munu l\u00edfl\u00e1tnir.<a name=\"17\"><span class=\"versanumer\">17<\/span><\/a>Og \u00fe\u00e9r munu\u00f0 hata\u00f0ir af \u00f6llum vegna nafns m\u00edns,<a name=\"18\"><span class=\"versanumer\">18<\/span><\/a>en ekki mun t\u00fdnast eitt h\u00e1r \u00e1 h\u00f6f\u00f0i y\u00f0ar.<a name=\"19\"><span class=\"versanumer\">19<\/span><\/a>Veri\u00f0 \u00ferautseigir og \u00fe\u00e9r munu\u00f0 \u00e1vinna s\u00e1lir y\u00f0ar.<a name=\"20\"><span class=\"versanumer\">20<\/span><\/a>En \u00feegar \u00fe\u00e9r sj\u00e1i\u00f0 herfylkingar umkringja Jer\u00fasalem, \u00fe\u00e1 viti\u00f0, a\u00f0 ey\u00f0ing hennar er \u00ed n\u00e1nd.<a name=\"21\"><span class=\"versanumer\">21<\/span><\/a>\u00de\u00e1 fl\u00fdi \u00feeir, sem \u00ed J\u00fadeu eru, til fjalla, \u00feeir sem \u00ed borginni eru, flytjist burt, og \u00feeir sem eru \u00e1 ekrum \u00fati, fari ekki inn \u00ed hana.<a name=\"22\"><span class=\"versanumer\">22<\/span><\/a>\u00dev\u00ed \u00feetta eru refsingardagar, \u00fe\u00e1 er allt \u00fea\u00f0 r\u00e6tist, sem rita\u00f0 er.<a name=\"23\"><span class=\"versanumer\">23<\/span><\/a>Vei \u00feeim, sem \u00feunga\u00f0ar eru, og \u00feeim sem b\u00f6rn hafa \u00e1 brj\u00f3sti \u00e1 \u00feeim d\u00f6gum, \u00fev\u00ed a\u00f0 mikil ney\u00f0 mun \u00fe\u00e1 ver\u00f0a \u00ed landinu og rei\u00f0i yfir l\u00fd\u00f0 \u00feessum.<a name=\"24\"><span class=\"versanumer\">24<\/span><\/a>\u00deeir munu falla fyrir sver\u00f0seggjum og herleiddir ver\u00f0a til allra \u00fej\u00f3\u00f0a, og Jer\u00fasalem ver\u00f0ur f\u00f3tum tro\u00f0in af hei\u00f0ingjum, \u00fear til t\u00edmar hei\u00f0ingjanna eru li\u00f0nir.<a name=\"25\"><span class=\"versanumer\">25<\/span><\/a>T\u00e1kn munu ver\u00f0a \u00e1 s\u00f3lu, tungli og stj\u00f6rnum og \u00e1 j\u00f6r\u00f0u angist \u00fej\u00f3\u00f0a, r\u00e1\u00f0alausra vi\u00f0 dunur hafs og brimgn\u00fd.<a name=\"26\"><span class=\"versanumer\">26<\/span><\/a>Menn munu gefa upp \u00f6ndina af \u00f3tta og kv\u00ed\u00f0a fyrir \u00fev\u00ed, er koma mun yfir heimsbygg\u00f0ina, \u00fev\u00ed a\u00f0 kraftar himnanna munu bifast.<a name=\"27\"><span class=\"versanumer\">27<\/span><\/a>\u00de\u00e1 munu menn sj\u00e1 Mannssoninn koma \u00ed sk\u00fdi me\u00f0 m\u00e6tti og mikilli d\u00fdr\u00f0.<a name=\"28\"><span class=\"versanumer\">28<\/span><\/a>En \u00feegar \u00feetta tekur a\u00f0 koma fram, \u00fe\u00e1 r\u00e9tti\u00f0 \u00far y\u00f0ur og lyfti\u00f0 upp h\u00f6f\u00f0um y\u00f0ar, \u00fev\u00ed a\u00f0 lausn y\u00f0ar er \u00ed n\u00e1nd.<a name=\"29\"><span class=\"versanumer\">29<\/span><\/a>Hann sag\u00f0i \u00feeim og l\u00edkingu: G\u00e6ti\u00f0 a\u00f0 f\u00edkjutr\u00e9nu og \u00f6\u00f0rum trj\u00e1m.<a name=\"30\"><span class=\"versanumer\">30<\/span><\/a>\u00deegar \u00fe\u00e9r sj\u00e1i\u00f0 \u00feau farin a\u00f0 bruma, \u00fe\u00e1 viti\u00f0 \u00fe\u00e9r af sj\u00e1lfum y\u00f0ur, a\u00f0 sumari\u00f0 er \u00ed n\u00e1nd.<a name=\"31\"><span class=\"versanumer\">31<\/span><\/a>Eins skulu\u00f0 \u00fe\u00e9r vita, \u00feegar \u00fe\u00e9r sj\u00e1i\u00f0 \u00feetta ver\u00f0a, a\u00f0 Gu\u00f0s r\u00edki er \u00ed n\u00e1nd.<a name=\"32\"><span class=\"versanumer\">32<\/span><\/a>Sannlega segi \u00e9g y\u00f0ur: \u00deessi kynsl\u00f3\u00f0 mun ekki l\u00ed\u00f0a undir lok, uns allt er komi\u00f0 fram.<a name=\"33\"><span class=\"versanumer\">33<\/span><\/a>Himinn og j\u00f6r\u00f0 munu l\u00ed\u00f0a undir lok, en or\u00f0 m\u00edn munu aldrei undir lok l\u00ed\u00f0a.<a name=\"34\"><span class=\"versanumer\">34<\/span><\/a>Hafi\u00f0 g\u00e1t \u00e1 sj\u00e1lfum y\u00f0ur, a\u00f0 hj\u00f6rtu y\u00f0ar \u00feyngist ekki vi\u00f0 svall og drykkju n\u00e9 \u00e1hyggjur \u00feessa l\u00edfs og komi svo dagur s\u00e1 skyndilega yfir y\u00f0ur<a name=\"35\"><span class=\"versanumer\">35<\/span><\/a>eins og snara. En koma mun hann yfir alla menn, sem byggja gj\u00f6rvalla j\u00f6r\u00f0.<a name=\"36\"><span class=\"versanumer\">36<\/span><\/a>Vaki\u00f0 \u00fev\u00ed allar stundir og bi\u00f0ji\u00f0, svo a\u00f0 \u00fe\u00e9r megi\u00f0 umfl\u00fdja allt \u00feetta, sem koma \u00e1, og standast frammi fyrir Mannssyninum.<a name=\"37\"><span class=\"versanumer\">37<\/span><\/a>\u00c1 daginn var hann a\u00f0 kenna \u00ed helgid\u00f3minum, en f\u00f3r og dvaldist um n\u00e6tur \u00e1 Ol\u00edufjallinu, sem svo er nefnt.<a name=\"38\"><span class=\"versanumer\">38<\/span><\/a>Og allt f\u00f3lki\u00f0 kom \u00e1rla \u00e1 morgnana til hans \u00ed helgid\u00f3minn a\u00f0 hl\u00fd\u00f0a \u00e1 hann.<\/p>\n<div class=\"footnote1981\"><b>21.1-4<\/b> Hlst. Mrk 12.41-44<br \/>\n<b>21.3-4<\/b> Gefa 2Kor 8.12<br \/>\n<b>21.5-6<\/b> Hlst. Matt 24.1-2; Mrk 13.1-2<br \/>\n<b>21.6<\/b> Ekki steinn yfir steini L\u00fak 19.44 \u2013 hrun musterisins M\u00edk 3.12; Jer 7.1-15; 26.1-19; sbr Matt 26.61; 27.40 og hlst.; Post 6.14<br \/>\n<b>21.7-19<\/b> Hlst. Matt 24.3-14; Mrk 13.3-13<br \/>\n<b>21.8<\/b> T\u00edminn \u00ed n\u00e1nd Dan 7.22; Fil 4.5<br \/>\n<b>21.9<\/b> \u00deetta \u00e1 undan a\u00f0 fara Dan 2.28<br \/>\n<b>21.10<\/b> \u00dej\u00f3\u00f0 gegn \u00fej\u00f3\u00f0 Jes 19.2; 2Kro 15.6<br \/>\n<b>21.12<\/b> Framselja y\u00f0ur Matt 24.9; L\u00fak 12.11 \u2013 fyrir konunga og landsh\u00f6f\u00f0ingja Post 25.13-26,32<br \/>\n<b>21.13<\/b> T\u00e6kif\u00e6ri til vitnisbur\u00f0ar L\u00fak 24.48; Post 1.8+<br \/>\n<b>21.14-15<\/b> V\u00f6rn y\u00f0ar Mrk 13.11; L\u00fak 12.11-12<br \/>\n<b>21.15<\/b> Enginn f\u00e6r hraki\u00f0 Post 6.10 \u2013 Jes\u00fas gefur or\u00f0 og visku J\u00f3h 14.18-21; sbr L\u00fak 12.11-12; J\u00f3h 15.26-27; 16.8-11<br \/>\n<b>21.16<\/b> Foreldrar, systkin framselja Mrk 13.12 \u2013 sumir l\u00edfl\u00e1tnir L\u00fak 11.49<br \/>\n<b>21.17<\/b> Hata\u00f0ir vegna Jes\u00fa Matt 24.9; Mrk 13.13; J\u00f3h 15.18-21<br \/>\n<b>21.18<\/b> Ekki eitt h\u00e1r 1Sam 14.45; Matt 10.30; L\u00fak 21.7; Post 27.34<br \/>\n<b>21.19<\/b> Me\u00f0 \u00ferautseigju L\u00fak 8.15+<br \/>\n<b>21.20-24<\/b> Hlst. Matt 24.15-21; Mrk 13.14-19<br \/>\n<b>21.20<\/b> Ey\u00f0ing Jer\u00fasalem \u00ed n\u00e1nd L\u00fak 19.43; 23.28-31<br \/>\n<b>21.21<\/b> Fl\u00fdja L\u00fak 17.31<br \/>\n<b>21.22<\/b> Refsingardagur 5M\u00f3s 32.35; H\u00f3s 9.7; Jer 46.10<br \/>\n<b>21.23<\/b> Mikil ney\u00f0 1Kor 7.26<br \/>\n<b>21.24<\/b> Falla fyrir sver\u00f0seggjum Jer 21.7; S\u00edr 28.18 \u2013 herleiddir Esr 9.7 \u2013 Jer\u00fasalem f\u00f3tum tro\u00f0i\u00f0 Sak 12.3; Slm 79.1; Jes 63.18; Dan 9.26; 1Makk 3.45,51 \u2013 t\u00edmar hei\u00f0ingjanna Dan 12.7; Tob 14.5; R\u00f3m 11.25; Opb 11.2<br \/>\n<b>21.25-28<\/b> Hlst. Matt 24.29-31; Mrk 13.24-27<br \/>\n<b>21.25<\/b> T\u00e1kn \u00e1 stj\u00f6rnum Jes 13.10; Esk 32.7; Jl 3.3-4; Opb 6.12-13 \u2013 dunur hafs Slm 46.3-4; 65.8; SSal 5.22<br \/>\n<b>21.26<\/b> Kraftar himnanna ri\u00f0last Hag 2.6,21<br \/>\n<b>21.27<\/b> \u00cd sk\u00fdi Matt 24.30+<br \/>\n<b>21.28<\/b> Lausn y\u00f0ar R\u00f3m 3.24; 8.23; 1Kor 1.30; K\u00f3l 1.14; sbr L\u00fak 1.68; 2.38; 24.21 \u2013 \u00ed n\u00e1nd R\u00f3m 13.11<br \/>\n<b>21.29-33<\/b> Hlst. Matt 24.32-35; Mrk 13.28-31<br \/>\n<b>21.33<\/b> L\u00ed\u00f0a undir lok Matt 5.18; L\u00fak 16.17<br \/>\n<b>21.34<\/b> Skyndilega Matt 24.48-50; L\u00fak 17.27; 1\u00deess 5.3<br \/>\n<b>21.35<\/b> Eins og snara Jes 24.17<br \/>\n<b>21.36<\/b> Vaki\u00f0 Mrk 13.33 \u2013 bi\u00f0ji\u00f0 L\u00fak 18.1 \u2013 standast Opb 6.17<br \/>\n<b>21.37<\/b> Jes\u00fas kennir \u00ed helgid\u00f3minum L\u00fak 19.47; 22.53; J\u00f3h 18.20 \u2013 \u00e1 Ol\u00edufjallinu L\u00fak 22.39; sbr Mrk 11.1+<\/div>\n","protected":false},"excerpt":{"rendered":"<p>1\u00de\u00e1 leit hann upp og s\u00e1 au\u00f0menn leggja gjafir s\u00ednar \u00ed fj\u00e1rhirsluna.2Hann s\u00e1 og ekkju eina f\u00e1t\u00e6ka leggja \u00fear tvo sm\u00e1peninga.3\u00de\u00e1 sag\u00f0i hann: \u00c9g segi y\u00f0ur me\u00f0 sanni, \u00feessi f\u00e1t\u00e6ka ekkja gaf meira en allir hinir.4Hinir allir l\u00f6g\u00f0u \u00ed sj\u00f3\u00f0inn af allsn\u00e6gtum s\u00ednum, en h\u00fan gaf af skorti s\u00ednum, alla bj\u00f6rg s\u00edna.5Einhverjir h\u00f6f\u00f0u or\u00f0 \u00e1, a\u00f0 helgid\u00f3murinn v\u00e6ri pr\u00fdddur f\u00f6grum steinum og heitgj\u00f6fum. \u00de\u00e1 sag\u00f0i Jes\u00fas:6\u00de\u00e9r horfi\u00f0 \u00e1 \u00feetta, en \u00feeir dagar munu koma, a\u00f0 h\u00e9r stendur ekki eftir steinn yfir steini, er eigi s\u00e9 ni\u00f0ur brotinn.7En \u00feeir spur\u00f0u hann: Meistari, hven\u00e6r ver\u00f0ur \u00feetta? Og hvert mun t\u00e1kn \u00feess, a\u00f0 <a href=\"https:\/\/biblian.is\/1981\/lukasargudspjall-21-kafli\/\"> [&#8230;]<\/a><\/p>\n","protected":false},"author":1,"featured_media":0,"parent":0,"menu_order":0,"comment_status":"open","ping_status":"open","template":"bibliukaflar.php","meta":{"footnotes":""},"class_list":["post-2341","page","type-page","status-publish","hentry"],"_links":{"self":[{"href":"https:\/\/biblian.is\/1981\/wp-json\/wp\/v2\/pages\/2341","targetHints":{"allow":["GET"]}}],"collection":[{"href":"https:\/\/biblian.is\/1981\/wp-json\/wp\/v2\/pages"}],"about":[{"href":"https:\/\/biblian.is\/1981\/wp-json\/wp\/v2\/types\/page"}],"author":[{"embeddable":true,"href":"https:\/\/biblian.is\/1981\/wp-json\/wp\/v2\/users\/1"}],"replies":[{"embeddable":true,"href":"https:\/\/biblian.is\/1981\/wp-json\/wp\/v2\/comments?post=2341"}],"version-history":[{"count":0,"href":"https:\/\/biblian.is\/1981\/wp-json\/wp\/v2\/pages\/2341\/revisions"}],"wp:attachment":[{"href":"https:\/\/biblian.is\/1981\/wp-json\/wp\/v2\/media?parent=2341"}],"curies":[{"name":"wp","href":"https:\/\/api.w.org\/{rel}","templated":true}]}}