{"id":2337,"date":"2017-11-18T20:21:24","date_gmt":"2017-11-18T20:21:24","guid":{"rendered":"http:\/\/biblian.is\/1981\/lukasargudspjall-17-kafli\/"},"modified":"2021-06-06T11:03:38","modified_gmt":"2021-06-06T11:03:38","slug":"lukasargudspjall-17-kafli","status":"publish","type":"page","link":"https:\/\/biblian.is\/1981\/lukasargudspjall-17-kafli\/","title":{"rendered":"L\u00fakasargu\u00f0spjall 17. kafli"},"content":{"rendered":"<p><a name=\"1\"><span class=\"versanumer\">1<\/span><\/a>Hann sag\u00f0i vi\u00f0 l\u00e6risveina s\u00edna: Eigi ver\u00f0ur umfl\u00fai\u00f0, a\u00f0 til ginninga komi, en vei \u00feeim er veldur.<a name=\"2\"><span class=\"versanumer\">2<\/span><\/a>Betra v\u00e6ri honum a\u00f0 hafa mylnustein um h\u00e1lsinn og vera varpa\u00f0 \u00ed hafi\u00f0 en a\u00f0 t\u00e6la einn af \u00feessum sm\u00e6lingjum til falls.<a name=\"3\"><span class=\"versanumer\">3<\/span><\/a>Hafi\u00f0 g\u00e1t \u00e1 sj\u00e1lfum y\u00f0ur. Ef br\u00f3\u00f0ir \u00feinn syndgar, \u00fe\u00e1 \u00e1v\u00edta hann, og ef hann i\u00f0rast, \u00fe\u00e1 fyrirgef honum.<a name=\"4\"><span class=\"versanumer\">4<\/span><\/a>Og \u00fe\u00f3tt hann misgj\u00f6ri vi\u00f0 \u00feig sj\u00f6 sinnum \u00e1 dag og sn\u00fai sj\u00f6 sinnum aftur til \u00fe\u00edn og segi: \u00c9g i\u00f0rast, \u00fe\u00e1 skalt \u00fe\u00fa fyrirgefa honum.<a name=\"5\"><span class=\"versanumer\">5<\/span><\/a>Postularnir s\u00f6g\u00f0u vi\u00f0 Drottin: Auk oss tr\u00fa!<a name=\"6\"><span class=\"versanumer\">6<\/span><\/a>En Drottinn sag\u00f0i: Ef \u00fe\u00e9r hef\u00f0u\u00f0 tr\u00fa eins og mustar\u00f0skorn, g\u00e6tu\u00f0 \u00fe\u00e9r sagt vi\u00f0 m\u00f3rberjatr\u00e9 \u00feetta: R\u00edf \u00feig upp me\u00f0 r\u00f3tum og fest r\u00e6tur \u00ed sj\u00f3num, og \u00fea\u00f0 mundi hl\u00fd\u00f0a y\u00f0ur.<a name=\"7\"><span class=\"versanumer\">7<\/span><\/a>Hafi einhver y\u00f0ar \u00fej\u00f3n, er pl\u00e6gir e\u00f0a hir\u00f0ir f\u00e9na\u00f0, segir hann \u00fe\u00e1 vi\u00f0 hann, \u00feegar hann kemur inn af akri: Kom \u00feegar og set \u00feig til bor\u00f0s?<a name=\"8\"><span class=\"versanumer\">8<\/span><\/a>Segir hann ekki fremur vi\u00f0 hann: B\u00fa \u00fe\u00fa m\u00e9r kv\u00f6ldver\u00f0, gyr\u00f0 \u00feig og \u00fej\u00f3na m\u00e9r, me\u00f0an \u00e9g et og drekk, s\u00ed\u00f0an getur \u00fe\u00fa eti\u00f0 og drukki\u00f0.<a name=\"9\"><span class=\"versanumer\">9<\/span><\/a>Og er hann \u00feakkl\u00e1tur \u00fej\u00f3ni s\u00ednum fyrir a\u00f0 gj\u00f6ra \u00fea\u00f0, sem bo\u00f0i\u00f0 var?<a name=\"10\"><span class=\"versanumer\">10<\/span><\/a>Eins skulu\u00f0 \u00fe\u00e9r segja, \u00fe\u00e1 er \u00fe\u00e9r hafi\u00f0 gj\u00f6rt allt, sem y\u00f0ur var bo\u00f0i\u00f0: \u00d3n\u00fdtir \u00fej\u00f3nar erum v\u00e9r, v\u00e9r h\u00f6fum gj\u00f6rt \u00fea\u00f0 eitt, sem v\u00e9r vorum skyldir a\u00f0 gj\u00f6ra.<a name=\"11\"><span class=\"versanumer\">11<\/span><\/a>Svo bar vi\u00f0 \u00e1 fer\u00f0 hans til Jer\u00fasalem, a\u00f0 lei\u00f0 hans l\u00e1 \u00e1 m\u00f6rkum Samar\u00edu og Gal\u00edleu.<a name=\"12\"><span class=\"versanumer\">12<\/span><\/a>Og er hann kom inn \u00ed \u00feorp nokkurt, m\u00e6ttu honum t\u00edu menn l\u00edk\u00fer\u00e1ir. \u00deeir st\u00f3\u00f0u \u00e1lengdar,<a name=\"13\"><span class=\"versanumer\">13<\/span><\/a>h\u00f3fu upp raust s\u00edna og k\u00f6llu\u00f0u: Jes\u00fas, meistari, miskunna \u00fe\u00fa oss!<a name=\"14\"><span class=\"versanumer\">14<\/span><\/a>Er hann leit \u00fe\u00e1, sag\u00f0i hann vi\u00f0 \u00fe\u00e1: Fari\u00f0 og s\u00fdni\u00f0 y\u00f0ur prestunum. \u00deeir h\u00e9ldu af sta\u00f0 og n\u00fa br\u00e1 svo vi\u00f0, a\u00f0 \u00feeir ur\u00f0u hreinir.<a name=\"15\"><span class=\"versanumer\">15<\/span><\/a>En einn \u00feeirra sneri aftur, er hann s\u00e1, a\u00f0 hann var heill or\u00f0inn, og lofa\u00f0i Gu\u00f0 h\u00e1rri raustu.<a name=\"16\"><span class=\"versanumer\">16<\/span><\/a>Hann f\u00e9ll fram \u00e1 \u00e1sj\u00f3nu s\u00edna a\u00f0 f\u00f3tum Jes\u00fa og \u00feakka\u00f0i honum. En hann var Samverji.<a name=\"17\"><span class=\"versanumer\">17<\/span><\/a>Jes\u00fas sag\u00f0i: Ur\u00f0u ekki allir t\u00edu hreinir? Hvar eru hinir n\u00edu?<a name=\"18\"><span class=\"versanumer\">18<\/span><\/a>Ur\u00f0u engir til \u00feess a\u00f0 sn\u00faa aftur a\u00f0 gefa Gu\u00f0i d\u00fdr\u00f0ina nema \u00feessi \u00fatlendingur?<a name=\"19\"><span class=\"versanumer\">19<\/span><\/a>S\u00ed\u00f0an m\u00e6lti Jes\u00fas vi\u00f0 hann: Statt upp, og far lei\u00f0ar \u00feinnar. Tr\u00fa \u00fe\u00edn hefur bjarga\u00f0 \u00fe\u00e9r.<a name=\"20\"><span class=\"versanumer\">20<\/span><\/a>Far\u00edsear spur\u00f0u hann, hven\u00e6r Gu\u00f0s r\u00edki k\u00e6mi. Hann svara\u00f0i \u00feeim: Gu\u00f0s r\u00edki kemur ekki \u00feannig, a\u00f0 \u00e1 \u00fev\u00ed beri.<a name=\"21\"><span class=\"versanumer\">21<\/span><\/a>Ekki munu menn segja: Sj\u00e1, \u00fear er \u00fea\u00f0 e\u00f0a h\u00e9r er \u00fea\u00f0, \u00fev\u00ed Gu\u00f0s r\u00edki er innra me\u00f0 y\u00f0ur.<a name=\"22\"><span class=\"versanumer\">22<\/span><\/a>Og hann sag\u00f0i vi\u00f0 l\u00e6risveinana: \u00deeir dagar munu koma, a\u00f0 \u00fe\u00e9r \u00fer\u00e1i\u00f0 a\u00f0 sj\u00e1 einn dag Mannssonarins og munu\u00f0 eigi sj\u00e1.<a name=\"23\"><span class=\"versanumer\">23<\/span><\/a>Menn munu segja vi\u00f0 y\u00f0ur: Sj\u00e1 h\u00e9r, sj\u00e1 \u00fear. En fari\u00f0 ekki og hlaupi\u00f0 eftir \u00fev\u00ed.<a name=\"24\"><span class=\"versanumer\">24<\/span><\/a>Eins og elding, sem leiftrar og l\u00fdsir fr\u00e1 einu skauti himins til annars, svo mun Mannssonurinn ver\u00f0a \u00e1 degi s\u00ednum.<a name=\"25\"><span class=\"versanumer\">25<\/span><\/a>En fyrst \u00e1 hann margt a\u00f0 l\u00ed\u00f0a og \u00fatsk\u00fafa\u00f0ur ver\u00f0a af \u00feessari kynsl\u00f3\u00f0.<a name=\"26\"><span class=\"versanumer\">26<\/span><\/a>Eins og var \u00e1 d\u00f6gum N\u00f3a, svo mun og ver\u00f0a \u00e1 d\u00f6gum Mannssonarins:<a name=\"27\"><span class=\"versanumer\">27<\/span><\/a>Menn \u00e1tu og drukku, kv\u00e6ntust og giftust allt til \u00feess dags, er N\u00f3i gekk \u00ed \u00f6rkina, og fl\u00f3\u00f0i\u00f0 kom og tort\u00edmdi \u00f6llum.<a name=\"28\"><span class=\"versanumer\">28<\/span><\/a>Eins var og \u00e1 d\u00f6gum Lots: Menn \u00e1tu og drukku, keyptu og seldu, gr\u00f3\u00f0ursettu og bygg\u00f0u.<a name=\"29\"><span class=\"versanumer\">29<\/span><\/a>En daginn, sem Lot f\u00f3r \u00far S\u00f3d\u00f3mu, rigndi eldi og brennisteini af himni og tort\u00edmdi \u00f6llum.<a name=\"30\"><span class=\"versanumer\">30<\/span><\/a>Eins mun ver\u00f0a \u00e1 \u00feeim degi, er Mannssonurinn opinberast.<a name=\"31\"><span class=\"versanumer\">31<\/span><\/a>S\u00e1 sem \u00feann dag er \u00e1 \u00feaki uppi og \u00e1 muni s\u00edna \u00ed h\u00fasinu, fari ekki ofan a\u00f0 s\u00e6kja \u00fe\u00e1. Og s\u00e1 sem er \u00e1 akri, skal ekki heldur hverfa aftur.<a name=\"32\"><span class=\"versanumer\">32<\/span><\/a>Minnist konu Lots.<a name=\"33\"><span class=\"versanumer\">33<\/span><\/a>S\u00e1 sem vill sj\u00e1 l\u00edfi s\u00ednu borgi\u00f0, mun t\u00fdna \u00fev\u00ed, en s\u00e1 sem t\u00fdnir \u00fev\u00ed, mun \u00f6\u00f0last l\u00edf.<a name=\"34\"><span class=\"versanumer\">34<\/span><\/a>\u00c9g segi y\u00f0ur: \u00c1 \u00feeirri n\u00f3ttu ver\u00f0a tveir \u00ed einni hv\u00edlu, annar mun tekinn, hinn eftir skilinn.<a name=\"35\"><span class=\"versanumer\">35<\/span><\/a>Tv\u00e6r munu mala \u00e1 s\u00f6mu kv\u00f6rn, \u00f6nnur ver\u00f0ur tekin, hin eftir skilin.<a name=\"36\"><span class=\"versanumer\">36<\/span><\/a>Tveir ver\u00f0a \u00e1 akri, annar mun tekinn, hinn eftir skilinn.<a name=\"37\"><span class=\"versanumer\">37<\/span><\/a>\u00deeir spur\u00f0u hann \u00fe\u00e1: Hvar, herra? En hann sag\u00f0i vi\u00f0 \u00fe\u00e1: \u00dear munu ernirnir safnast, sem hr\u00e6i\u00f0 er.<\/p>\n<div class=\"footnote1981\"><b>17.1-4<\/b> Hlst. Matt 18.6-7,21-22; Mrk 9.42<br \/>\n<b>17.1<\/b> Orsakir hneykslunar Matt 5.29+<br \/>\n<b>17.5<\/b> Postular L\u00fak 6.13+ &#8211; auk oss tr\u00fa Mrk 9.24<br \/>\n<b>17.6<\/b> Ef \u00fe\u00e9r hef\u00f0u\u00f0 tr\u00fa &#8230; Matt 21.21; Mrk 11.23 \u2013 mustar\u00f0skorn Matt 13.32; Mrk 4.31 \u2013 tr\u00fain megnar allt sbr 1Kor 13.2; Jes 40.4<br \/>\n<b>17.8<\/b> Tak \u00feig til L\u00fak 12.35+<br \/>\n<b>17.10<\/b> \u00d3n\u00fdtir \u00fej\u00f3nar Matt 25.30<br \/>\n<b>17.11<\/b> Til Jer\u00fasalem L\u00fak 9.51; 13.22; 19.28 \u2013 \u00e1 m\u00f6rkum Samar\u00edu L\u00fak 9.52; J\u00f3h 4.4<br \/>\n<b>17.12<\/b> L\u00edk\u00fer\u00e1ir Matt 8.2+ &#8211; st\u00f3\u00f0u \u00e1lengdar 3M\u00f3s 13.46<br \/>\n<b>17.13<\/b> Meistari L\u00fak 5.5+ &#8211; miskunna \u00fe\u00fa oss Matt 9.27; 15.22; L\u00fak 18.38 og hlst.<br \/>\n<b>17.14<\/b> S\u00fdni\u00f0 ykkur prestunum 3M\u00f3s 14.2-3; L\u00fak 5.14 og hlst.<br \/>\n<b>17.15<\/b> Lofa\u00f0i Gu\u00f0 L\u00fak 2.20+<br \/>\n<b>17.16<\/b> Samverji L\u00fak 9.52+<br \/>\n<b>17.19<\/b> Tr\u00fa \u00fe\u00edn hefur bjarga\u00f0 \u00fe\u00e9r L\u00fak 7.50+<br \/>\n<b>17.20-37<\/b> Hlst. Matt 24.23-28,37-41<br \/>\n<b>17.20<\/b> Gu\u00f0s r\u00edki Matt 6.10+ ; sbr Matt 3.2+ &#8211; ekki \u00feannig, a\u00f0 \u00e1 \u00fev\u00ed beri sbr J\u00f3h 3.3; 18.36<br \/>\n<b>17.21<\/b> H\u00e9r er \u00fea\u00f0 &#8230; Matt 24.23; Mrk 13.21; L\u00fak 17.23 \u2013 innra me\u00f0 y\u00f0ur sbr L\u00fak 11.20<br \/>\n<b>17.22<\/b> Mannssonurinn Matt 8.20+<br \/>\n<b>17.23<\/b> Hlaupi\u00f0 ekki eftir \u00fev\u00ed L\u00fak 19.11; 21.8,9<br \/>\n<b>17.24<\/b> Koma Mannssonarins Matt 10.23+<br \/>\n<b>17.25<\/b> Hann \u00e1 margt a\u00f0 l\u00ed\u00f0a Matt 16.21; Mrk 8.31+ &#8211; \u00fej\u00e1ningar Mannssonarins L\u00fak 9.22 og hlst.; 18.32-33 og hlst.<br \/>\n<b>17.26<\/b> \u00c1 d\u00f6gum N\u00f3a 1M\u00f3s 6.5-12<br \/>\n<b>17.27<\/b> Gekk \u00ed \u00f6rkina 1M\u00f3s 7.6-23<br \/>\n<b>17.28<\/b> \u00c1 d\u00f6gum Lots 1M\u00f3s 18.20-21; 19.1-14<br \/>\n<b>17.29<\/b> Rigndi eldi og brennisteini 1M\u00f3s 19.24<br \/>\n<b>17.31<\/b> \u00c1 \u00feaki uppi Matt 24.17-18; Mrk 13.15-16 \u2013 ekki hverfa aftur 1M\u00f3s 19.17; sbr Jer 4.6; 6.1; 48.6; 49.8,30; 51.6<br \/>\n<b>17.32<\/b> Kona Lots 1M\u00f3s 19.26<br \/>\n<b>17.33<\/b> Sj\u00e1 borgi\u00f0 \u2013 t\u00fdna Matt 10.39; 16.25; Mrk 8.35; L\u00fak 9.24; J\u00f3h 12.25<br \/>\n<b>17.34-35<\/b> Annar tekinn, hinn eftir skilinn Matt 24.40-41<br \/>\n<b>17.37<\/b> Hr\u00e6 og ernir Job 39.30; Matt 24.28<\/div>\n","protected":false},"excerpt":{"rendered":"<p>1Hann sag\u00f0i vi\u00f0 l\u00e6risveina s\u00edna: Eigi ver\u00f0ur umfl\u00fai\u00f0, a\u00f0 til ginninga komi, en vei \u00feeim er veldur.2Betra v\u00e6ri honum a\u00f0 hafa mylnustein um h\u00e1lsinn og vera varpa\u00f0 \u00ed hafi\u00f0 en a\u00f0 t\u00e6la einn af \u00feessum sm\u00e6lingjum til falls.3Hafi\u00f0 g\u00e1t \u00e1 sj\u00e1lfum y\u00f0ur. Ef br\u00f3\u00f0ir \u00feinn syndgar, \u00fe\u00e1 \u00e1v\u00edta hann, og ef hann i\u00f0rast, \u00fe\u00e1 fyrirgef honum.4Og \u00fe\u00f3tt hann misgj\u00f6ri vi\u00f0 \u00feig sj\u00f6 sinnum \u00e1 dag og sn\u00fai sj\u00f6 sinnum aftur til \u00fe\u00edn og segi: \u00c9g i\u00f0rast, \u00fe\u00e1 skalt \u00fe\u00fa fyrirgefa honum.5Postularnir s\u00f6g\u00f0u vi\u00f0 Drottin: Auk oss tr\u00fa!6En Drottinn sag\u00f0i: Ef \u00fe\u00e9r hef\u00f0u\u00f0 tr\u00fa eins og mustar\u00f0skorn, g\u00e6tu\u00f0 \u00fe\u00e9r sagt vi\u00f0 <a href=\"https:\/\/biblian.is\/1981\/lukasargudspjall-17-kafli\/\"> [&#8230;]<\/a><\/p>\n","protected":false},"author":1,"featured_media":0,"parent":0,"menu_order":0,"comment_status":"open","ping_status":"open","template":"bibliukaflar.php","meta":{"footnotes":""},"class_list":["post-2337","page","type-page","status-publish","hentry"],"_links":{"self":[{"href":"https:\/\/biblian.is\/1981\/wp-json\/wp\/v2\/pages\/2337","targetHints":{"allow":["GET"]}}],"collection":[{"href":"https:\/\/biblian.is\/1981\/wp-json\/wp\/v2\/pages"}],"about":[{"href":"https:\/\/biblian.is\/1981\/wp-json\/wp\/v2\/types\/page"}],"author":[{"embeddable":true,"href":"https:\/\/biblian.is\/1981\/wp-json\/wp\/v2\/users\/1"}],"replies":[{"embeddable":true,"href":"https:\/\/biblian.is\/1981\/wp-json\/wp\/v2\/comments?post=2337"}],"version-history":[{"count":0,"href":"https:\/\/biblian.is\/1981\/wp-json\/wp\/v2\/pages\/2337\/revisions"}],"wp:attachment":[{"href":"https:\/\/biblian.is\/1981\/wp-json\/wp\/v2\/media?parent=2337"}],"curies":[{"name":"wp","href":"https:\/\/api.w.org\/{rel}","templated":true}]}}