{"id":2336,"date":"2017-11-18T20:21:24","date_gmt":"2017-11-18T20:21:24","guid":{"rendered":"http:\/\/biblian.is\/1981\/lukasargudspjall-16-kafli\/"},"modified":"2021-06-06T11:03:38","modified_gmt":"2021-06-06T11:03:38","slug":"lukasargudspjall-16-kafli","status":"publish","type":"page","link":"https:\/\/biblian.is\/1981\/lukasargudspjall-16-kafli\/","title":{"rendered":"L\u00fakasargu\u00f0spjall 16. kafli"},"content":{"rendered":"<p><a name=\"1\"><span class=\"versanumer\">1<\/span><\/a>Enn sag\u00f0i hann vi\u00f0 l\u00e6risveina s\u00edna: Ma\u00f0ur nokkur r\u00edkur haf\u00f0i r\u00e1\u00f0smann, og var s\u00e1 saka\u00f0ur vi\u00f0 hann um \u00fea\u00f0, a\u00f0 hann s\u00f3a\u00f0i eigum hans.<a name=\"2\"><span class=\"versanumer\">2<\/span><\/a>Hann kalla\u00f0i hann fyrir sig og sag\u00f0i vi\u00f0 hann: Hva\u00f0 er \u00feetta, er \u00e9g heyri um \u00feig? Gj\u00f6r reikningsskil r\u00e1\u00f0smennsku \u00feinnar, \u00fev\u00ed \u00fe\u00fa getur ekki veri\u00f0 r\u00e1\u00f0sma\u00f0ur lengur.<a name=\"3\"><span class=\"versanumer\">3<\/span><\/a>R\u00e1\u00f0sma\u00f0urinn sag\u00f0i \u00fe\u00e1 vi\u00f0 sj\u00e1lfan sig: Hva\u00f0 \u00e1 \u00e9g a\u00f0 gj\u00f6ra, fyrst h\u00fasb\u00f3ndi minn sviptir mig r\u00e1\u00f0smennskunni? Ekki orka \u00e9g a\u00f0 grafa og sk\u00f6mm \u00feykir m\u00e9r a\u00f0 betla.<a name=\"4\"><span class=\"versanumer\">4<\/span><\/a>N\u00fa s\u00e9 \u00e9g, hva\u00f0 \u00e9g gj\u00f6ri, til \u00feess a\u00f0 menn taki vi\u00f0 m\u00e9r \u00ed h\u00fas s\u00edn, \u00feegar \u00e9g ver\u00f0 sviptur r\u00e1\u00f0smennskunni.<a name=\"5\"><span class=\"versanumer\">5<\/span><\/a>Hann kalla\u00f0i n\u00fa \u00e1 skuldunauta h\u00fasb\u00f3nda s\u00edns, hvern og einn. Vi\u00f0 \u00feann fyrsta sag\u00f0i hann: Hve miki\u00f0 skuldar \u00fe\u00fa h\u00fasb\u00f3nda m\u00ednum?<a name=\"6\"><span class=\"versanumer\">6<\/span><\/a>Hann svara\u00f0i: Hundra\u00f0 kvartil vi\u00f0smj\u00f6rs. Hann m\u00e6lti \u00fe\u00e1 vi\u00f0 hann: Tak skuldabr\u00e9f \u00feitt, set \u00feig ni\u00f0ur og skrifa sem skj\u00f3tast fimmt\u00edu.<a name=\"7\"><span class=\"versanumer\">7<\/span><\/a>S\u00ed\u00f0an sag\u00f0i hann vi\u00f0 annan: En hva\u00f0 skuldar \u00fe\u00fa? Hann svara\u00f0i: Hundra\u00f0 tunnur hveitis. Og hann sag\u00f0i honum: Tak \u00fe\u00fa skuldabr\u00e9f \u00feitt og skrifa \u00e1ttat\u00edu.<a name=\"8\"><span class=\"versanumer\">8<\/span><\/a>Og h\u00fasb\u00f3ndinn hr\u00f3sa\u00f0i rangl\u00e1ta r\u00e1\u00f0smanninum fyrir a\u00f0 hafa breytt k\u00e6nlega. \u00dev\u00ed a\u00f0 b\u00f6rn \u00feessa heims eru k\u00e6nni \u00ed skiptum vi\u00f0 s\u00edna kynsl\u00f3\u00f0 en b\u00f6rn lj\u00f3ssins.<a name=\"9\"><span class=\"versanumer\">9<\/span><\/a>Og \u00e9g segi y\u00f0ur: Afli\u00f0 y\u00f0ur vina me\u00f0 hinum rangl\u00e1ta mamm\u00f3n, svo a\u00f0 \u00feeir taki vi\u00f0 y\u00f0ur \u00ed eil\u00edfar tjaldb\u00fa\u00f0ir, \u00feegar honum sleppir.<a name=\"10\"><span class=\"versanumer\">10<\/span><\/a>S\u00e1 sem er tr\u00far \u00ed \u00fev\u00ed sm\u00e6sta, er einnig tr\u00far \u00ed miklu, og s\u00e1 sem er \u00f3tr\u00far \u00ed \u00fev\u00ed sm\u00e6sta, er og \u00f3tr\u00far \u00ed miklu.<a name=\"11\"><span class=\"versanumer\">11<\/span><\/a>Ef \u00fe\u00e9r reynist ekki tr\u00fair \u00ed hinum rangl\u00e1ta mamm\u00f3n, hver tr\u00fair y\u00f0ur \u00fe\u00e1 fyrir s\u00f6nnum au\u00f0i?<a name=\"12\"><span class=\"versanumer\">12<\/span><\/a>Og ef \u00fe\u00e9r reynist ekki tr\u00fair \u00ed \u00fev\u00ed sem annars er, hver gefur y\u00f0ur \u00fe\u00e1 \u00fea\u00f0, sem y\u00f0ar er?<a name=\"13\"><span class=\"versanumer\">13<\/span><\/a>Enginn \u00fej\u00f3nn getur \u00fej\u00f3na\u00f0 tveimur herrum. Anna\u00f0hvort hatar hann annan og elskar hinn e\u00f0a \u00fe\u00fd\u00f0ist annan og afr\u00e6kir hinn. \u00de\u00e9r geti\u00f0 ekki \u00fej\u00f3na\u00f0 Gu\u00f0i og mamm\u00f3n.<a name=\"14\"><span class=\"versanumer\">14<\/span><\/a>En far\u00edsearnir, sem voru menn f\u00e9gjarnir, heyr\u00f0u \u00feetta og gj\u00f6r\u00f0u gys a\u00f0 honum.<a name=\"15\"><span class=\"versanumer\">15<\/span><\/a>En hann sag\u00f0i vi\u00f0 \u00fe\u00e1: \u00de\u00e9r eru\u00f0 \u00feeir, sem r\u00e9ttl\u00e6ti\u00f0 sj\u00e1lfa y\u00f0ur \u00ed augum manna, en Gu\u00f0 \u00feekkir hj\u00f6rtu y\u00f0ar. \u00dev\u00ed \u00fea\u00f0, sem h\u00e1tt er a\u00f0 d\u00f3mi manna, er vi\u00f0urstygg\u00f0 \u00ed augum Gu\u00f0s.<a name=\"16\"><span class=\"versanumer\">16<\/span><\/a>L\u00f6gm\u00e1li\u00f0 og sp\u00e1mennirnir n\u00e1 fram til J\u00f3hannesar. \u00dea\u00f0an \u00ed fr\u00e1 er flutt fagna\u00f0arerindi Gu\u00f0s r\u00edkis, og hver ma\u00f0ur vill ry\u00f0jast \u00fear inn.<a name=\"17\"><span class=\"versanumer\">17<\/span><\/a>En \u00fea\u00f0 er au\u00f0veldara, a\u00f0 himinn og j\u00f6r\u00f0 l\u00ed\u00f0i undir lok, en einn stafkr\u00f3kur l\u00f6gm\u00e1lsins falli \u00far gildi.<a name=\"18\"><span class=\"versanumer\">18<\/span><\/a>Hver sem skilur vi\u00f0 konu s\u00edna og gengur a\u00f0 eiga a\u00f0ra, dr\u00fdgir h\u00f3r, og hver sem gengur a\u00f0 eiga konu, sem skilin er vi\u00f0 mann, dr\u00fdgir h\u00f3r.<a name=\"19\"><span class=\"versanumer\">19<\/span><\/a>Einu sinni var ma\u00f0ur nokkur r\u00edkur, er kl\u00e6ddist purpura og d\u00fdru l\u00edni og lif\u00f0i hvern dag \u00ed d\u00fdrlegum fagna\u00f0i.<a name=\"20\"><span class=\"versanumer\">20<\/span><\/a>En f\u00e1t\u00e6kur ma\u00f0ur, hla\u00f0inn kaunum, l\u00e1 fyrir dyrum hans og h\u00e9t s\u00e1 Lasarus.<a name=\"21\"><span class=\"versanumer\">21<\/span><\/a>Feginn vildi hann se\u00f0ja sig \u00e1 \u00fev\u00ed, er f\u00e9ll af bor\u00f0i r\u00edka mannsins, og jafnvel hundar komu og sleiktu kaun hans.<a name=\"22\"><span class=\"versanumer\">22<\/span><\/a>En n\u00fa gj\u00f6r\u00f0ist \u00fea\u00f0, a\u00f0 f\u00e1t\u00e6ki ma\u00f0urinn d\u00f3, og b\u00e1ru hann englar \u00ed fa\u00f0m Abrahams. R\u00edki ma\u00f0urinn d\u00f3 l\u00edka og var grafinn.<a name=\"23\"><span class=\"versanumer\">23<\/span><\/a>Og \u00ed helju, \u00fear sem hann var \u00ed kv\u00f6lum, h\u00f3f hann upp augu s\u00edn og s\u00e1 Abraham \u00ed fjarska og Lasarus vi\u00f0 brj\u00f3st hans.<a name=\"24\"><span class=\"versanumer\">24<\/span><\/a>\u00de\u00e1 kalla\u00f0i hann: Fa\u00f0ir Abraham, miskunna \u00fe\u00fa m\u00e9r, og send Lasarus, a\u00f0 hann d\u00fdfi fingurg\u00f3mi s\u00ednum \u00ed vatn og k\u00e6li tungu m\u00edna, \u00fev\u00ed \u00e9g kvelst \u00ed \u00feessum loga.<a name=\"25\"><span class=\"versanumer\">25<\/span><\/a>Abraham sag\u00f0i: Minnstu \u00feess, barn, a\u00f0 \u00fe\u00fa hlaust \u00fe\u00edn g\u00e6\u00f0i, me\u00f0an \u00fe\u00fa lif\u00f0ir, og Lasarus b\u00f6l \u00e1 sama h\u00e1tt. N\u00fa er hann h\u00e9r hugga\u00f0ur, en \u00fe\u00fa kvelst.<a name=\"26\"><span class=\"versanumer\">26<\/span><\/a>Auk alls \u00feessa er miki\u00f0 dj\u00fap sta\u00f0fest milli vor og y\u00f0ar, svo a\u00f0 \u00feeir, er h\u00e9\u00f0an vildu fara yfir til y\u00f0ar, geti \u00fea\u00f0 ekki, og eigi ver\u00f0i heldur komist \u00fea\u00f0an yfir til vor.<a name=\"27\"><span class=\"versanumer\">27<\/span><\/a>En hann sag\u00f0i: \u00de\u00e1 bi\u00f0 \u00e9g \u00feig, fa\u00f0ir, a\u00f0 \u00fe\u00fa sendir hann \u00ed h\u00fas f\u00f6\u00f0ur m\u00edns,<a name=\"28\"><span class=\"versanumer\">28<\/span><\/a>en \u00e9g \u00e1 fimm br\u00e6\u00f0ur, til \u00feess a\u00f0 vara \u00fe\u00e1 vi\u00f0, svo \u00feeir komi ekki l\u00edka \u00ed \u00feennan kvalasta\u00f0.<a name=\"29\"><span class=\"versanumer\">29<\/span><\/a>En Abraham segir: \u00deeir hafa M\u00f3se og sp\u00e1mennina, hl\u00fd\u00f0i \u00feeir \u00feeim.<a name=\"30\"><span class=\"versanumer\">30<\/span><\/a>Hinn svara\u00f0i: Nei, fa\u00f0ir Abraham, en ef einhver k\u00e6mi til \u00feeirra fr\u00e1 hinum dau\u00f0u, mundu \u00feeir gj\u00f6ra i\u00f0run.<a name=\"31\"><span class=\"versanumer\">31<\/span><\/a>En Abraham sag\u00f0i vi\u00f0 hann: Ef \u00feeir hl\u00fd\u00f0a ekki M\u00f3se og sp\u00e1m\u00f6nnunum, l\u00e1ta \u00feeir ekki heldur sannf\u00e6rast, \u00fe\u00f3tt einhver r\u00edsi upp fr\u00e1 dau\u00f0um.<\/p>\n<div class=\"footnote1981\"><b>16.1<\/b> R\u00e1\u00f0sma\u00f0ur L\u00fak 12.42+<br \/>\n<b>16.8<\/b> B\u00f6rn lj\u00f3ssins Ef 5.8; 1\u00deess 5.5<br \/>\n<b>16.10<\/b> Tr\u00far \u00ed \u00fev\u00ed sm\u00e6sta Matt 25.21,23; L\u00fak 19.17<br \/>\n<b>16.14-18<\/b> Hlst. Matt 11.12-13<br \/>\n<b>16.14<\/b> F\u00e9gjarnir L\u00fak 20.47<br \/>\n<b>16.15<\/b> R\u00e9ttl\u00e6ta sj\u00e1lfa sig Matt 23.28; sbr L\u00fak 10.29; 18.9-14; 20.20 \u2013 Gu\u00f0 \u00feekkir hj\u00f6rtu ykkar Okv 24.12; Post 1.24; 15.8 \u2013 vi\u00f0urstygg\u00f0 Okv 16.5<br \/>\n<b>16.16<\/b> L\u00f6gm\u00e1li\u00f0 og sp\u00e1mennirnir Matt 7.12+ &#8211; J\u00f3hannes sk\u00edrari Matt 3.1+ &#8211; fagna\u00f0arerindi Gu\u00f0s r\u00edkis L\u00fak 4.43+ &#8211; ry\u00f0jast inn L\u00fak 13.24 \u2013 komast \u00ed Gu\u00f0s r\u00edki Matt 5.20+<br \/>\n<b>16.18<\/b> Skilna\u00f0ur og h\u00f3rd\u00f3mur 1Kor 7.10-11<br \/>\n<b>16.21<\/b> Vildi feginn L\u00fak 15.16 \u2013 sbr Matt 15.27; Mrk 7.28 \u2013 hundar Slm 22.17,21; Okv 26.11; Matt 7.6<br \/>\n<b>16.22<\/b> Abraham og f\u00f6gnu\u00f0ur \u00ed Gu\u00f0s r\u00edki L\u00fak 13.28<br \/>\n<b>16.25<\/b> Umskipti L\u00fak 6.21+<br \/>\n<b>16.31<\/b> M\u00f3se og sp\u00e1mennirnir L\u00fak 24.27,44 \u2013 \u00fe\u00f3tt einhver r\u00edsi upp fr\u00e1 dau\u00f0um J\u00f3h 11.44,48; 20.29; sbr L\u00fak 10.13<\/div>\n","protected":false},"excerpt":{"rendered":"<p>1Enn sag\u00f0i hann vi\u00f0 l\u00e6risveina s\u00edna: Ma\u00f0ur nokkur r\u00edkur haf\u00f0i r\u00e1\u00f0smann, og var s\u00e1 saka\u00f0ur vi\u00f0 hann um \u00fea\u00f0, a\u00f0 hann s\u00f3a\u00f0i eigum hans.2Hann kalla\u00f0i hann fyrir sig og sag\u00f0i vi\u00f0 hann: Hva\u00f0 er \u00feetta, er \u00e9g heyri um \u00feig? Gj\u00f6r reikningsskil r\u00e1\u00f0smennsku \u00feinnar, \u00fev\u00ed \u00fe\u00fa getur ekki veri\u00f0 r\u00e1\u00f0sma\u00f0ur lengur.3R\u00e1\u00f0sma\u00f0urinn sag\u00f0i \u00fe\u00e1 vi\u00f0 sj\u00e1lfan sig: Hva\u00f0 \u00e1 \u00e9g a\u00f0 gj\u00f6ra, fyrst h\u00fasb\u00f3ndi minn sviptir mig r\u00e1\u00f0smennskunni? Ekki orka \u00e9g a\u00f0 grafa og sk\u00f6mm \u00feykir m\u00e9r a\u00f0 betla.4N\u00fa s\u00e9 \u00e9g, hva\u00f0 \u00e9g gj\u00f6ri, til \u00feess a\u00f0 menn taki vi\u00f0 m\u00e9r \u00ed h\u00fas s\u00edn, \u00feegar \u00e9g ver\u00f0 sviptur r\u00e1\u00f0smennskunni.5Hann kalla\u00f0i n\u00fa <a href=\"https:\/\/biblian.is\/1981\/lukasargudspjall-16-kafli\/\"> [&#8230;]<\/a><\/p>\n","protected":false},"author":1,"featured_media":0,"parent":0,"menu_order":0,"comment_status":"open","ping_status":"open","template":"bibliukaflar.php","meta":{"footnotes":""},"class_list":["post-2336","page","type-page","status-publish","hentry"],"_links":{"self":[{"href":"https:\/\/biblian.is\/1981\/wp-json\/wp\/v2\/pages\/2336","targetHints":{"allow":["GET"]}}],"collection":[{"href":"https:\/\/biblian.is\/1981\/wp-json\/wp\/v2\/pages"}],"about":[{"href":"https:\/\/biblian.is\/1981\/wp-json\/wp\/v2\/types\/page"}],"author":[{"embeddable":true,"href":"https:\/\/biblian.is\/1981\/wp-json\/wp\/v2\/users\/1"}],"replies":[{"embeddable":true,"href":"https:\/\/biblian.is\/1981\/wp-json\/wp\/v2\/comments?post=2336"}],"version-history":[{"count":0,"href":"https:\/\/biblian.is\/1981\/wp-json\/wp\/v2\/pages\/2336\/revisions"}],"wp:attachment":[{"href":"https:\/\/biblian.is\/1981\/wp-json\/wp\/v2\/media?parent=2336"}],"curies":[{"name":"wp","href":"https:\/\/api.w.org\/{rel}","templated":true}]}}