{"id":2334,"date":"2017-11-18T20:21:24","date_gmt":"2017-11-18T20:21:24","guid":{"rendered":"http:\/\/biblian.is\/1981\/lukasargudspjall-14-kafli\/"},"modified":"2021-06-06T11:03:37","modified_gmt":"2021-06-06T11:03:37","slug":"lukasargudspjall-14-kafli","status":"publish","type":"page","link":"https:\/\/biblian.is\/1981\/lukasargudspjall-14-kafli\/","title":{"rendered":"L\u00fakasargu\u00f0spjall 14. kafli"},"content":{"rendered":"<p><a name=\"1\"><span class=\"versanumer\">1<\/span><\/a>Hv\u00edldardag nokkurn kom Jes\u00fas \u00ed h\u00fas eins af h\u00f6f\u00f0ingjum far\u00edsea til m\u00e1lt\u00ed\u00f0ar, og h\u00f6f\u00f0u \u00feeir g\u00e6tur \u00e1 honum.<a name=\"2\"><span class=\"versanumer\">2<\/span><\/a>\u00de\u00e1 var \u00fear frammi fyrir honum ma\u00f0ur einn vatnssj\u00fakur.<a name=\"3\"><span class=\"versanumer\">3<\/span><\/a>Jes\u00fas t\u00f3k \u00fe\u00e1 til m\u00e1ls og sag\u00f0i vi\u00f0 l\u00f6gvitringana og far\u00edseana: Er leyfilegt a\u00f0 l\u00e6kna \u00e1 hv\u00edldardegi e\u00f0a ekki?<a name=\"4\"><span class=\"versanumer\">4<\/span><\/a>\u00deeir \u00fe\u00f6g\u00f0u vi\u00f0. En hann t\u00f3k \u00e1 honum, l\u00e6kna\u00f0i hann og l\u00e9t hann fara.<a name=\"5\"><span class=\"versanumer\">5<\/span><\/a>Og Jes\u00fas m\u00e6lti vi\u00f0 \u00fe\u00e1: N\u00fa \u00e1 einhver y\u00f0ar asna e\u00f0a naut, sem fellur \u00ed brunn, mun hann ekki \u00f3\u00f0ara draga \u00fea\u00f0 upp, \u00fe\u00f3tt hv\u00edldardagur s\u00e9?<a name=\"6\"><span class=\"versanumer\">6<\/span><\/a>\u00deeir g\u00e1tu engu svara\u00f0 \u00feessu.<a name=\"7\"><span class=\"versanumer\">7<\/span><\/a>Jes\u00fas gaf \u00fev\u00ed g\u00e6tur, hvernig \u00feeir, sem bo\u00f0nir voru, v\u00f6ldu s\u00e9r hef\u00f0ars\u00e6tin, t\u00f3k d\u00e6mi og sag\u00f0i vi\u00f0 \u00fe\u00e1:<a name=\"8\"><span class=\"versanumer\">8<\/span><\/a>\u00deegar einhver b\u00fd\u00f0ur \u00fe\u00e9r til br\u00fa\u00f0kaups, \u00fe\u00e1 set \u00feig ekki \u00ed hef\u00f0ars\u00e6ti. Svo getur fari\u00f0, a\u00f0 manni \u00fe\u00e9r fremri a\u00f0 vir\u00f0ingu s\u00e9 bo\u00f0i\u00f0,<a name=\"9\"><span class=\"versanumer\">9<\/span><\/a>og s\u00e1 komi, er ykkur bau\u00f0, og segi vi\u00f0 \u00feig: \u00deoka fyrir manni \u00feessum. \u00de\u00e1 ver\u00f0ur \u00fe\u00fa me\u00f0 kinnro\u00f0a a\u00f0 taka ysta s\u00e6ti.<a name=\"10\"><span class=\"versanumer\">10<\/span><\/a>Far \u00fe\u00fa heldur, er \u00fe\u00e9r er bo\u00f0i\u00f0, og set \u00feig \u00ed ysta s\u00e6ti, svo a\u00f0 s\u00e1 sem bau\u00f0 \u00fe\u00e9r segi vi\u00f0 \u00feig, \u00feegar hann kemur: Vinur, flyt \u00feig h\u00e6rra upp! Mun \u00fe\u00e9r \u00fe\u00e1 vir\u00f0ing veitast frammi fyrir \u00f6llum, er sitja til bor\u00f0s me\u00f0 \u00fe\u00e9r.<a name=\"11\"><span class=\"versanumer\">11<\/span><\/a>\u00dev\u00ed a\u00f0 hver sem upp hefur sj\u00e1lfan sig, mun au\u00f0m\u00fdktur ver\u00f0a, en s\u00e1 sem au\u00f0m\u00fdkir sj\u00e1lfan sig, mun upp hafinn ver\u00f0a.<a name=\"12\"><span class=\"versanumer\">12<\/span><\/a>\u00de\u00e1 sag\u00f0i hann vi\u00f0 gestgjafa sinn: \u00deegar \u00fe\u00fa heldur mi\u00f0degisver\u00f0 e\u00f0a kv\u00f6ldver\u00f0, bj\u00f3\u00f0 \u00fe\u00e1 hvorki vinum \u00fe\u00ednum n\u00e9 br\u00e6\u00f0rum, \u00e6ttingjum n\u00e9 r\u00edkum n\u00e1gr\u00f6nnum. \u00deeir bj\u00f3\u00f0a \u00fe\u00e9r aftur, og \u00fe\u00fa f\u00e6r\u00f0 endurgjald.<a name=\"13\"><span class=\"versanumer\">13<\/span><\/a>\u00deegar \u00fe\u00fa gj\u00f6rir veislu, \u00fe\u00e1 bj\u00f3\u00f0 \u00fe\u00fa f\u00e1t\u00e6kum og \u00f6rkumla, h\u00f6ltum og blindum,<a name=\"14\"><span class=\"versanumer\">14<\/span><\/a>og munt \u00fe\u00fa s\u00e6ll ver\u00f0a, \u00fev\u00ed \u00feeir geta ekki endurgoldi\u00f0 \u00fe\u00e9r, en \u00fe\u00fa f\u00e6r\u00f0 \u00fea\u00f0 endurgoldi\u00f0 \u00ed upprisu r\u00e9ttl\u00e1tra.<a name=\"15\"><span class=\"versanumer\">15<\/span><\/a>\u00deegar einn \u00feeirra, er a\u00f0 bor\u00f0i s\u00e1tu, heyr\u00f0i \u00feetta, sag\u00f0i hann vi\u00f0 Jes\u00fa: S\u00e6ll er s\u00e1, sem neytir brau\u00f0s \u00ed Gu\u00f0s r\u00edki.<a name=\"16\"><span class=\"versanumer\">16<\/span><\/a>Jes\u00fas sag\u00f0i vi\u00f0 hann: Ma\u00f0ur nokkur gj\u00f6r\u00f0i mikla kv\u00f6ldm\u00e1lt\u00ed\u00f0 og bau\u00f0 m\u00f6rgum.<a name=\"17\"><span class=\"versanumer\">17<\/span><\/a>Er stundin kom, a\u00f0 veislan skyldi vera, sendi hann \u00fej\u00f3n sinn a\u00f0 segja \u00feeim, er bo\u00f0nir voru: Komi\u00f0, n\u00fa er allt tilb\u00fai\u00f0.<a name=\"18\"><span class=\"versanumer\">18<\/span><\/a>En \u00feeir t\u00f3ku allir a\u00f0 afsaka sig einum munni. Hinn fyrsti sag\u00f0i vi\u00f0 hann: \u00c9g hef keypt akur og ver\u00f0 a\u00f0 fara og l\u00edta \u00e1 hann. \u00c9g bi\u00f0 \u00feig, haf mig afsaka\u00f0an.<a name=\"19\"><span class=\"versanumer\">19<\/span><\/a>Annar sag\u00f0i: \u00c9g hef keypt fimm tvenndir akneyta og er \u00e1 f\u00f6rum a\u00f0 reyna \u00feau. \u00c9g bi\u00f0 \u00feig, haf mig afsaka\u00f0an.<a name=\"20\"><span class=\"versanumer\">20<\/span><\/a>Og enn annar sag\u00f0i: Konu hef \u00e9g eignast, ekki get \u00e9g komi\u00f0.<a name=\"21\"><span class=\"versanumer\">21<\/span><\/a>\u00dej\u00f3nninn kom og tj\u00e1\u00f0i herra s\u00ednum \u00feetta. \u00de\u00e1 reiddist h\u00fasb\u00f3ndinn og sag\u00f0i vi\u00f0 \u00fej\u00f3n sinn: Far \u00fe\u00fa flj\u00f3tt \u00fat \u00e1 str\u00e6ti og g\u00f6tur borgarinnar, og lei\u00f0 inn hinga\u00f0 f\u00e1t\u00e6ka, \u00f6rkumla, blinda og halta.<a name=\"22\"><span class=\"versanumer\">22<\/span><\/a>Og \u00fej\u00f3nninn sag\u00f0i: Herra, \u00fea\u00f0 er gj\u00f6rt, sem \u00fe\u00fa bau\u00f0st, og enn er r\u00fam.<a name=\"23\"><span class=\"versanumer\">23<\/span><\/a>\u00de\u00e1 sag\u00f0i h\u00fasb\u00f3ndinn vi\u00f0 \u00fej\u00f3ninn: Far \u00fe\u00fa \u00fat um brautir og ger\u00f0i og \u00fer\u00fdstu \u00feeim a\u00f0 koma inn, svo a\u00f0 h\u00fas mitt fyllist.<a name=\"24\"><span class=\"versanumer\">24<\/span><\/a>\u00dev\u00ed \u00e9g segi y\u00f0ur, a\u00f0 enginn \u00feeirra manna, er bo\u00f0nir voru, mun smakka kv\u00f6ldm\u00e1lt\u00ed\u00f0 m\u00edna.<a name=\"25\"><span class=\"versanumer\">25<\/span><\/a>Mikill fj\u00f6ldi f\u00f3lks var honum samfer\u00f0a. Hann sneri s\u00e9r vi\u00f0 og sag\u00f0i vi\u00f0 \u00fe\u00e1:<a name=\"26\"><span class=\"versanumer\">26<\/span><\/a>Ef einhver kemur til m\u00edn og hatar ekki f\u00f6\u00f0ur sinn og m\u00f3\u00f0ur, konu og b\u00f6rn, br\u00e6\u00f0ur og systur og enda sitt eigi\u00f0 l\u00edf, s\u00e1 getur ekki veri\u00f0 l\u00e6risveinn minn.<a name=\"27\"><span class=\"versanumer\">27<\/span><\/a>Hver sem ber ekki sinn kross og fylgir m\u00e9r, getur ekki veri\u00f0 l\u00e6risveinn minn.<a name=\"28\"><span class=\"versanumer\">28<\/span><\/a>Hver y\u00f0ar sest ekki fyrst vi\u00f0, ef hann \u00e6tlar a\u00f0 reisa turn, og reiknar kostna\u00f0inn, hvort hann eigi n\u00f3g til a\u00f0 lj\u00faka verkinu?<a name=\"29\"><span class=\"versanumer\">29<\/span><\/a>Ella m\u00e1 svo fara, a\u00f0 hann leggi undirst\u00f6\u00f0u, en f\u00e1i ekki vi\u00f0 loki\u00f0, og allir, sem \u00fea\u00f0 sj\u00e1, taki a\u00f0 spotta hann<a name=\"30\"><span class=\"versanumer\">30<\/span><\/a>og segja: \u00deessi ma\u00f0ur f\u00f3r a\u00f0 byggja, en gat ekki loki\u00f0.<a name=\"31\"><span class=\"versanumer\">31<\/span><\/a>E\u00f0a hva\u00f0a konungur fer me\u00f0 herna\u00f0i gegn \u00f6\u00f0rum konungi og sest ekki fyrst vi\u00f0 og r\u00e1\u00f0gast um, hvort honum s\u00e9 f\u00e6rt a\u00f0 m\u00e6ta me\u00f0 t\u00edu \u00fe\u00fasundum \u00feeim er fer \u00e1 m\u00f3ti honum me\u00f0 tuttugu \u00fe\u00fasundir?<a name=\"32\"><span class=\"versanumer\">32<\/span><\/a>S\u00e9 svo ekki, gerir hann menn \u00e1 fund hans, me\u00f0an hann er enn langt undan, og spyr um fri\u00f0arkosti.<a name=\"33\"><span class=\"versanumer\">33<\/span><\/a>\u00deannig getur enginn y\u00f0ar veri\u00f0 l\u00e6risveinn minn, nema hann segi skili\u00f0 vi\u00f0 allt sem hann \u00e1.<a name=\"34\"><span class=\"versanumer\">34<\/span><\/a>Salti\u00f0 er gott, en ef salti\u00f0 sj\u00e1lft dofnar, me\u00f0 hverju \u00e1 \u00fe\u00e1 a\u00f0 krydda \u00fea\u00f0?<a name=\"35\"><span class=\"versanumer\">35<\/span><\/a>Hvorki er \u00fea\u00f0 h\u00e6ft \u00e1 t\u00fan n\u00e9 ta\u00f0haug. \u00dev\u00ed er fleygt. Hver sem eyru hefur a\u00f0 heyra, hann heyri.<\/p>\n<div class=\"footnote1981\"><b>14.1<\/b> \u00cd h\u00fasi far\u00edsea L\u00fak 7.36; 11.37<br \/>\n<b>14.3<\/b> L\u00f6gvitringar L\u00fak 7.30+ &#8211; leyfilegt &#8230; L\u00fak 6.9 og hlst.; sbr 13.10-17<br \/>\n<b>14.5<\/b> \u00de\u00f3tt hv\u00edldardagur s\u00e9 Matt 12.11; L\u00fak 13.15<br \/>\n<b>14.6<\/b> G\u00e1tu engu svara\u00f0 Matt 22.46<br \/>\n<b>14.7<\/b> Hef\u00f0ars\u00e6tin Matt 23.6; L\u00fak 20.46<br \/>\n<b>14.8-10<\/b> Flyt \u00feig h\u00e6rra upp Okv 25.6-7<br \/>\n<b>14.11<\/b> Upphefja &#8230; au\u00f0m\u00fdkja Matt 18.4; 23.12+ ; sbr L\u00fak 16.15<br \/>\n<b>14.13<\/b> F\u00e1t\u00e6kir L\u00fak 6.20+ ; 14.21<br \/>\n<b>14.14<\/b> Endurgjalda L\u00fak 6.32-34 \u2013 upprisa r\u00e9ttl\u00e1tra J\u00f3h 5.29<br \/>\n<b>14.15-24<\/b> Hlst. Matt 22.1-10<br \/>\n<b>14.15<\/b> S\u00e6ll Matt 5.3+ &#8211; m\u00e1lt\u00ed\u00f0 \u00ed Gu\u00f0s r\u00edki L\u00fak 13.29+ ; Opb 19.19<br \/>\n<b>14.20<\/b> Ekki get \u00e9g komi\u00f0 1Kor 7.33; sbr L\u00fak 14.26<br \/>\n<b>14.21<\/b> F\u00e1t\u00e6kir, \u00f6rkumla L\u00fak 14.13; sbr L\u00fak 6.20+<br \/>\n<b>14.23<\/b> Kn\u00fdjandi bo\u00f0 L\u00fak 24.29; Post 16.15<br \/>\n<b>14.25-33<\/b> Hlst. Matt 10.37-38<br \/>\n<b>14.26<\/b> Jes\u00fas og fj\u00f6lskyldub\u00f6nd Matt 10.37; L\u00fak 18.29 og hlst.; sbr J\u00f3h 12.25<br \/>\n<b>14.27<\/b> Bera sinn kross Matt 10.38; L\u00fak 9.23 og hlst.<br \/>\n<b>14.33<\/b> Segja skili\u00f0 vi\u00f0 allt L\u00fak 18.24-30; sbr 5.11+<br \/>\n<b>14.34-35<\/b> Hlst. Matt 5.13; Mrk 9.50<br \/>\n<b>14.35<\/b> Eyru a\u00f0 heyra Matt 11.15+ ; Mrk 4.9,23<\/div>\n","protected":false},"excerpt":{"rendered":"<p>1Hv\u00edldardag nokkurn kom Jes\u00fas \u00ed h\u00fas eins af h\u00f6f\u00f0ingjum far\u00edsea til m\u00e1lt\u00ed\u00f0ar, og h\u00f6f\u00f0u \u00feeir g\u00e6tur \u00e1 honum.2\u00de\u00e1 var \u00fear frammi fyrir honum ma\u00f0ur einn vatnssj\u00fakur.3Jes\u00fas t\u00f3k \u00fe\u00e1 til m\u00e1ls og sag\u00f0i vi\u00f0 l\u00f6gvitringana og far\u00edseana: Er leyfilegt a\u00f0 l\u00e6kna \u00e1 hv\u00edldardegi e\u00f0a ekki?4\u00deeir \u00fe\u00f6g\u00f0u vi\u00f0. En hann t\u00f3k \u00e1 honum, l\u00e6kna\u00f0i hann og l\u00e9t hann fara.5Og Jes\u00fas m\u00e6lti vi\u00f0 \u00fe\u00e1: N\u00fa \u00e1 einhver y\u00f0ar asna e\u00f0a naut, sem fellur \u00ed brunn, mun hann ekki \u00f3\u00f0ara draga \u00fea\u00f0 upp, \u00fe\u00f3tt hv\u00edldardagur s\u00e9?6\u00deeir g\u00e1tu engu svara\u00f0 \u00feessu.7Jes\u00fas gaf \u00fev\u00ed g\u00e6tur, hvernig \u00feeir, sem bo\u00f0nir voru, v\u00f6ldu s\u00e9r hef\u00f0ars\u00e6tin, t\u00f3k d\u00e6mi og <a href=\"https:\/\/biblian.is\/1981\/lukasargudspjall-14-kafli\/\"> [&#8230;]<\/a><\/p>\n","protected":false},"author":1,"featured_media":0,"parent":0,"menu_order":0,"comment_status":"open","ping_status":"open","template":"bibliukaflar.php","meta":{"footnotes":""},"class_list":["post-2334","page","type-page","status-publish","hentry"],"_links":{"self":[{"href":"https:\/\/biblian.is\/1981\/wp-json\/wp\/v2\/pages\/2334","targetHints":{"allow":["GET"]}}],"collection":[{"href":"https:\/\/biblian.is\/1981\/wp-json\/wp\/v2\/pages"}],"about":[{"href":"https:\/\/biblian.is\/1981\/wp-json\/wp\/v2\/types\/page"}],"author":[{"embeddable":true,"href":"https:\/\/biblian.is\/1981\/wp-json\/wp\/v2\/users\/1"}],"replies":[{"embeddable":true,"href":"https:\/\/biblian.is\/1981\/wp-json\/wp\/v2\/comments?post=2334"}],"version-history":[{"count":0,"href":"https:\/\/biblian.is\/1981\/wp-json\/wp\/v2\/pages\/2334\/revisions"}],"wp:attachment":[{"href":"https:\/\/biblian.is\/1981\/wp-json\/wp\/v2\/media?parent=2334"}],"curies":[{"name":"wp","href":"https:\/\/api.w.org\/{rel}","templated":true}]}}