{"id":2329,"date":"2017-11-18T20:21:24","date_gmt":"2017-11-18T20:21:24","guid":{"rendered":"http:\/\/biblian.is\/1981\/lukasargudspjall-9-kafli\/"},"modified":"2021-06-06T11:03:44","modified_gmt":"2021-06-06T11:03:44","slug":"lukasargudspjall-9-kafli","status":"publish","type":"page","link":"https:\/\/biblian.is\/1981\/lukasargudspjall-9-kafli\/","title":{"rendered":"L\u00fakasargu\u00f0spjall 9. kafli"},"content":{"rendered":"<p><a name=\"1\"><span class=\"versanumer\">1<\/span><\/a>Hann kalla\u00f0i saman \u00fe\u00e1 t\u00f3lf og gaf \u00feeim m\u00e1tt og vald yfir \u00f6llum illum \u00f6ndum og til a\u00f0 l\u00e6kna sj\u00fakd\u00f3ma.<a name=\"2\"><span class=\"versanumer\">2<\/span><\/a>Hann sendi \u00fe\u00e1 a\u00f0 bo\u00f0a Gu\u00f0s r\u00edki og gr\u00e6\u00f0a sj\u00faka<a name=\"3\"><span class=\"versanumer\">3<\/span><\/a>og sag\u00f0i vi\u00f0 \u00fe\u00e1: Taki\u00f0 ekkert til fer\u00f0arinnar, hvorki staf n\u00e9 mal, brau\u00f0 n\u00e9 silfur, og enginn hafi tvo kyrtla.<a name=\"4\"><span class=\"versanumer\">4<\/span><\/a>Og hvar sem \u00fe\u00e9r f\u00e1i\u00f0 inni, \u00fear s\u00e9 a\u00f0setur y\u00f0ar og \u00fea\u00f0an skulu\u00f0 \u00fe\u00e9r leggja upp a\u00f0 n\u00fdju.<a name=\"5\"><span class=\"versanumer\">5<\/span><\/a>En taki menn ekki vi\u00f0 y\u00f0ur, \u00fe\u00e1 fari\u00f0 \u00far borg \u00feeirra og hristi\u00f0 dusti\u00f0 af f\u00f3tum y\u00f0ar til vitnisbur\u00f0ar gegn \u00feeim.<a name=\"6\"><span class=\"versanumer\">6<\/span><\/a>\u00deeir l\u00f6g\u00f0u af sta\u00f0 og f\u00f3ru um \u00feorpin, fluttu fagna\u00f0arerindi\u00f0 og l\u00e6knu\u00f0u hvarvetna.<a name=\"7\"><span class=\"versanumer\">7<\/span><\/a>En Her\u00f3des fj\u00f3r\u00f0ungsstj\u00f3ri fr\u00e9tti allt, sem gj\u00f6rst haf\u00f0i, og vissi ekki, hva\u00f0 hann \u00e1tti a\u00f0 halda, \u00fev\u00ed sumir s\u00f6g\u00f0u, a\u00f0 J\u00f3hannes v\u00e6ri risinn upp fr\u00e1 dau\u00f0um,<a name=\"8\"><span class=\"versanumer\">8<\/span><\/a>a\u00f0rir, a\u00f0 El\u00eda v\u00e6ri kominn fram, enn a\u00f0rir, a\u00f0 einn hinna fornu sp\u00e1manna v\u00e6ri risinn upp.<a name=\"9\"><span class=\"versanumer\">9<\/span><\/a>Her\u00f3des sag\u00f0i: J\u00f3hannes l\u00e9t \u00e9g h\u00e1lsh\u00f6ggva, en hver er \u00feessi, er \u00e9g heyri \u00fev\u00edl\u00edkt um? Og hann leita\u00f0i f\u00e6ris a\u00f0 sj\u00e1 hann.<a name=\"10\"><span class=\"versanumer\">10<\/span><\/a>Postularnir komu aftur og sk\u00fdr\u00f0u Jes\u00fa fr\u00e1 \u00f6llu \u00fev\u00ed, er \u00feeir h\u00f6f\u00f0u gj\u00f6rt, en hann t\u00f3k \u00fe\u00e1 me\u00f0 s\u00e9r og v\u00e9k brott til b\u00e6jar, sem heitir Betsa\u00edda, a\u00f0 \u00feeir v\u00e6ru einir saman.<a name=\"11\"><span class=\"versanumer\">11<\/span><\/a>Mannfj\u00f6ldinn var\u00f0 \u00feess var og f\u00f3r \u00e1 eftir honum. Hann t\u00f3k \u00feeim vel og tala\u00f0i vi\u00f0 \u00fe\u00e1 um Gu\u00f0s r\u00edki og l\u00e6kna\u00f0i \u00fe\u00e1, er l\u00e6kningar \u00feurftu.<a name=\"12\"><span class=\"versanumer\">12<\/span><\/a>N\u00fa t\u00f3k degi a\u00f0 halla. Komu \u00fe\u00e1 \u00feeir t\u00f3lf a\u00f0 m\u00e1li vi\u00f0 hann og s\u00f6g\u00f0u: L\u00e1t \u00fe\u00fa mannfj\u00f6ldann fara, a\u00f0 \u00feeir geti n\u00e1\u00f0 til \u00feorpa og b\u00fdla h\u00e9r \u00ed kring og n\u00e1tta\u00f0 sig og fengi\u00f0 mat, \u00fev\u00ed a\u00f0 h\u00e9r erum v\u00e9r \u00e1 \u00f3bygg\u00f0um sta\u00f0.<a name=\"13\"><span class=\"versanumer\">13<\/span><\/a>En hann sag\u00f0i vi\u00f0 \u00fe\u00e1: Gefi\u00f0 \u00feeim sj\u00e1lfir a\u00f0 eta. \u00deeir sv\u00f6ru\u00f0u: V\u00e9r eigum ekki meira en fimm brau\u00f0 og tvo fiska, nema \u00fe\u00e1 v\u00e9r f\u00f6rum og kaupum vistir handa \u00f6llu \u00feessu f\u00f3lki.<a name=\"14\"><span class=\"versanumer\">14<\/span><\/a>En \u00fear voru um fimm \u00fe\u00fasund karlmenn. Hann sag\u00f0i \u00fe\u00e1 vi\u00f0 l\u00e6risveina s\u00edna: L\u00e1ti\u00f0 \u00fe\u00e1 setjast \u00ed h\u00f3pa, um fimmt\u00edu \u00ed hverjum.<a name=\"15\"><span class=\"versanumer\">15<\/span><\/a>\u00deeir gj\u00f6r\u00f0u svo og l\u00e9tu alla setjast.<a name=\"16\"><span class=\"versanumer\">16<\/span><\/a>En hann t\u00f3k brau\u00f0in fimm og fiskana tvo, leit upp til himins, \u00feakka\u00f0i Gu\u00f0i fyrir \u00feau og braut og gaf l\u00e6risveinunum a\u00f0 bera fram fyrir mannfj\u00f6ldann.<a name=\"17\"><span class=\"versanumer\">17<\/span><\/a>Og \u00feeir neyttu allir og ur\u00f0u mettir. En leifarnar eftir \u00fe\u00e1 voru teknar saman, t\u00f3lf k\u00f6rfur brau\u00f0bita.<a name=\"18\"><span class=\"versanumer\">18<\/span><\/a>Svo bar vi\u00f0, a\u00f0 hann var einn \u00e1 b\u00e6n og l\u00e6risveinarnir hj\u00e1 honum. \u00de\u00e1 spur\u00f0i hann \u00fe\u00e1: Hvern segir f\u00f3lki\u00f0 mig vera?<a name=\"19\"><span class=\"versanumer\">19<\/span><\/a>\u00deeir sv\u00f6ru\u00f0u: J\u00f3hannes sk\u00edrara, a\u00f0rir El\u00eda og a\u00f0rir, a\u00f0 einn hinna fornu sp\u00e1manna s\u00e9 risinn upp.<a name=\"20\"><span class=\"versanumer\">20<\/span><\/a>Og hann sag\u00f0i vi\u00f0 \u00fe\u00e1: En \u00fe\u00e9r, hvern segi\u00f0 \u00fe\u00e9r mig vera? P\u00e9tur svara\u00f0i: Krist Gu\u00f0s.<a name=\"21\"><span class=\"versanumer\">21<\/span><\/a>Hann lag\u00f0i r\u00edkt \u00e1 vi\u00f0 \u00fe\u00e1 a\u00f0 segja \u00feetta engum<a name=\"22\"><span class=\"versanumer\">22<\/span><\/a>og m\u00e6lti: Mannssonurinn \u00e1 margt a\u00f0 l\u00ed\u00f0a, honum mun \u00fatsk\u00fafa\u00f0 ver\u00f0a af \u00f6ldungum, \u00e6\u00f0stu prestum og fr\u00e6\u00f0im\u00f6nnum, hann mun l\u00edfl\u00e1tinn, en upp r\u00edsa \u00e1 \u00feri\u00f0ja degi.<a name=\"23\"><span class=\"versanumer\">23<\/span><\/a>Og hann sag\u00f0i vi\u00f0 alla: Hver sem vill fylgja m\u00e9r, afneiti sj\u00e1lfum s\u00e9r, taki kross sinn daglega og fylgi m\u00e9r.<a name=\"24\"><span class=\"versanumer\">24<\/span><\/a>\u00dev\u00ed a\u00f0 hver sem vill bjarga l\u00edfi s\u00ednu, mun t\u00fdna \u00fev\u00ed, og hver sem t\u00fdnir l\u00edfi s\u00ednu m\u00edn vegna, hann mun bjarga \u00fev\u00ed.<a name=\"25\"><span class=\"versanumer\">25<\/span><\/a>Hva\u00f0 sto\u00f0ar \u00fea\u00f0 manninn a\u00f0 eignast allan heiminn, en t\u00fdna e\u00f0a fyrirgj\u00f6ra sj\u00e1lfum s\u00e9r?<a name=\"26\"><span class=\"versanumer\">26<\/span><\/a>En \u00feann sem blyg\u00f0ast s\u00edn fyrir mig og m\u00edn or\u00f0, mun Mannssonurinn blyg\u00f0ast s\u00edn fyrir, er hann kemur \u00ed d\u00fdr\u00f0 sinni og f\u00f6\u00f0urins og heilagra engla.<a name=\"27\"><span class=\"versanumer\">27<\/span><\/a>En \u00e9g segi y\u00f0ur me\u00f0 sanni: Nokkrir \u00feeirra, sem h\u00e9r standa, munu eigi dau\u00f0a b\u00ed\u00f0a, fyrr en \u00feeir sj\u00e1 Gu\u00f0s r\u00edki.<a name=\"28\"><span class=\"versanumer\">28<\/span><\/a>Svo bar vi\u00f0 um \u00e1tta d\u00f6gum eftir r\u00e6\u00f0u \u00feessa, a\u00f0 hann t\u00f3k me\u00f0 s\u00e9r \u00fe\u00e1 P\u00e9tur, J\u00f3hannes og Jakob og gekk upp \u00e1 fjalli\u00f0 a\u00f0 bi\u00f0jast fyrir.<a name=\"29\"><span class=\"versanumer\">29<\/span><\/a>Og er hann var a\u00f0 bi\u00f0jast fyrir, var\u00f0 yfirlit \u00e1sj\u00f3nu hans anna\u00f0, og kl\u00e6\u00f0i hans ur\u00f0u hv\u00edt og sk\u00ednandi.<a name=\"30\"><span class=\"versanumer\">30<\/span><\/a>Og tveir menn voru \u00e1 tali vi\u00f0 hann. \u00dea\u00f0 voru \u00feeir M\u00f3se og El\u00eda.<a name=\"31\"><span class=\"versanumer\">31<\/span><\/a>\u00deeir birtust \u00ed d\u00fdr\u00f0 og r\u00e6ddu um brottf\u00f6r hans, er hann skyldi fullna \u00ed Jer\u00fasalem.<a name=\"32\"><span class=\"versanumer\">32<\/span><\/a>\u00de\u00e1 P\u00e9tur og f\u00e9laga hans s\u00f3tti mj\u00f6g svefn, en n\u00fa v\u00f6knu\u00f0u \u00feeir og s\u00e1u d\u00fdr\u00f0 hans og mennina tvo, er st\u00f3\u00f0u hj\u00e1 honum.<a name=\"33\"><span class=\"versanumer\">33<\/span><\/a>\u00deegar \u00feeir voru a\u00f0 skilja vi\u00f0 Jes\u00fa, m\u00e6lti P\u00e9tur vi\u00f0 hann: Meistari, gott er, a\u00f0 v\u00e9r erum h\u00e9r. Gj\u00f6rum \u00ferj\u00e1r tjaldb\u00fa\u00f0ir, \u00fe\u00e9r eina, M\u00f3se eina og El\u00eda eina. Ekki vissi hann, hva\u00f0 hann sag\u00f0i.<a name=\"34\"><span class=\"versanumer\">34<\/span><\/a>Um lei\u00f0 og hann m\u00e6lti \u00feetta, kom sk\u00fd og skygg\u00f0i yfir \u00fe\u00e1, og ur\u00f0u \u00feeir hr\u00e6ddir, er \u00feeir komu inn \u00ed sk\u00fdi\u00f0.<a name=\"35\"><span class=\"versanumer\">35<\/span><\/a>Og r\u00f6dd kom \u00far sk\u00fdinu og sag\u00f0i: \u00deessi er sonur minn, \u00fatvalinn, hl\u00fd\u00f0i\u00f0 \u00e1 hann!<a name=\"36\"><span class=\"versanumer\">36<\/span><\/a>Er r\u00f6ddin haf\u00f0i tala\u00f0, var Jes\u00fas einn. Og \u00feeir \u00fe\u00f6g\u00f0u og s\u00f6g\u00f0u \u00e1 \u00feeim d\u00f6gum engum fr\u00e1 neinu \u00fev\u00ed, sem \u00feeir h\u00f6f\u00f0u s\u00e9\u00f0.<a name=\"37\"><span class=\"versanumer\">37<\/span><\/a>Daginn eftir, er \u00feeir f\u00f3ru ofan af fjallinu, kom mikill mannfj\u00f6ldi \u00e1 m\u00f3ti honum.<a name=\"38\"><span class=\"versanumer\">38<\/span><\/a>Og ma\u00f0ur nokkur \u00far mannfj\u00f6ldanum hr\u00f3par: Meistari, \u00e9g bi\u00f0 \u00feig a\u00f0 l\u00edta \u00e1 son minn, \u00fev\u00ed a\u00f0 hann er einkabarni\u00f0 mitt.<a name=\"39\"><span class=\"versanumer\">39<\/span><\/a>\u00dea\u00f0 er andi, sem gr\u00edpur hann, og \u00fe\u00e1 \u00e6pir hann skyndilega. Hann teygir hann svo a\u00f0 hann fro\u00f0ufellir, og v\u00edkur varla fr\u00e1 honum og er a\u00f0 gj\u00f6ra \u00fat af vi\u00f0 hann.<a name=\"40\"><span class=\"versanumer\">40<\/span><\/a>\u00c9g ba\u00f0 l\u00e6risveina \u00fe\u00edna a\u00f0 reka hann \u00fat, en \u00feeir g\u00e1tu \u00fea\u00f0 ekki.<a name=\"41\"><span class=\"versanumer\">41<\/span><\/a>Jes\u00fas svara\u00f0i: \u00d3, \u00fe\u00fa vantr\u00faa og rangsn\u00fana kynsl\u00f3\u00f0, hversu lengi \u00e1 \u00e9g a\u00f0 vera hj\u00e1 y\u00f0ur og umbera y\u00f0ur? F\u00e6r \u00fe\u00fa hinga\u00f0 son \u00feinn.<a name=\"42\"><span class=\"versanumer\">42<\/span><\/a>\u00deegar hann var a\u00f0 koma, slengdi illi andinn honum fl\u00f6tum og teyg\u00f0i hann \u00e1kaflega. En Jes\u00fas hasta\u00f0i \u00e1 \u00f3hreina andann, l\u00e6kna\u00f0i sveininn og gaf hann aftur f\u00f6\u00f0ur hans.<a name=\"43\"><span class=\"versanumer\">43<\/span><\/a>Og allir undru\u00f0ust st\u00f3rum veldi Gu\u00f0s. \u00de\u00e1 er allir d\u00e1\u00f0u allt \u00fea\u00f0, er hann gj\u00f6r\u00f0i, sag\u00f0i hann vi\u00f0 l\u00e6risveina s\u00edna:<a name=\"44\"><span class=\"versanumer\">44<\/span><\/a>Festi\u00f0 \u00feessi or\u00f0 \u00ed huga: Mannssonurinn ver\u00f0ur framseldur \u00ed manna hendur.<a name=\"45\"><span class=\"versanumer\">45<\/span><\/a>En \u00feeir skildu ekki \u00feessi or\u00f0, og \u00feetta var \u00feeim huli\u00f0, svo a\u00f0 \u00feeir skynju\u00f0u \u00fea\u00f0 ekki. Og \u00feeir \u00feor\u00f0u ekki a\u00f0 spyrja hann um \u00feetta.<a name=\"46\"><span class=\"versanumer\">46<\/span><\/a>S\u00fa spurning kom fram me\u00f0al \u00feeirra, hver \u00feeirra v\u00e6ri mestur.<a name=\"47\"><span class=\"versanumer\">47<\/span><\/a>Jes\u00fas vissi, hva\u00f0 \u00feeir hugsu\u00f0u \u00ed hj\u00f6rtum s\u00ednum, og t\u00f3k l\u00edti\u00f0 barn, setti \u00fea\u00f0 hj\u00e1 s\u00e9r<a name=\"48\"><span class=\"versanumer\">48<\/span><\/a>og sag\u00f0i vi\u00f0 \u00fe\u00e1: Hver sem tekur vi\u00f0 \u00feessu barni \u00ed m\u00ednu nafni, tekur vi\u00f0 m\u00e9r, og hver sem tekur vi\u00f0 m\u00e9r, tekur vi\u00f0 \u00feeim, er sendi mig. \u00dev\u00ed a\u00f0 s\u00e1 sem minnstur er me\u00f0al y\u00f0ar allra, hann er mestur.<a name=\"49\"><span class=\"versanumer\">49<\/span><\/a>J\u00f3hannes t\u00f3k til m\u00e1ls: Meistari, v\u00e9r s\u00e1um mann reka \u00fat illa anda \u00ed \u00fe\u00ednu nafni, og vildum v\u00e9r varna honum \u00feess, af \u00fev\u00ed a\u00f0 hann fylgir oss ekki.<a name=\"50\"><span class=\"versanumer\">50<\/span><\/a>En Jes\u00fas sag\u00f0i vi\u00f0 hann: Varni\u00f0 \u00feess ekki. S\u00e1 sem er ekki \u00e1 m\u00f3ti y\u00f0ur, er me\u00f0 y\u00f0ur.<a name=\"51\"><span class=\"versanumer\">51<\/span><\/a>N\u00fa fullna\u00f0ist br\u00e1tt s\u00e1 t\u00edmi, er hann skyldi upp numinn ver\u00f0a. Beindi hann \u00fe\u00e1 augum til Jer\u00fasalem, einr\u00e1\u00f0inn a\u00f0 fara \u00feanga\u00f0.<a name=\"52\"><span class=\"versanumer\">52<\/span><\/a>Og hann l\u00e9t sendibo\u00f0a fara \u00e1 undan s\u00e9r. \u00deeir f\u00f3ru og komu \u00ed Samverja\u00feorp nokkurt til a\u00f0 b\u00faa honum gistingu.<a name=\"53\"><span class=\"versanumer\">53<\/span><\/a>En \u00feeir t\u00f3ku ekki vi\u00f0 honum, \u00fev\u00ed hann var \u00e1 lei\u00f0 til Jer\u00fasalem.<a name=\"54\"><span class=\"versanumer\">54<\/span><\/a>\u00deegar l\u00e6risveinar hans, \u00feeir Jakob og J\u00f3hannes, s\u00e1u \u00fea\u00f0, s\u00f6g\u00f0u \u00feeir: Herra, eigum v\u00e9r a\u00f0 bj\u00f3\u00f0a, a\u00f0 eldur falli af himni og tort\u00edmi \u00feeim?<a name=\"55\"><span class=\"versanumer\">55<\/span><\/a>En hann sneri s\u00e9r vi\u00f0 og \u00e1v\u00edta\u00f0i \u00fe\u00e1  og sag\u00f0i: Ekki viti\u00f0 \u00fei\u00f0, hvers anda \u00fei\u00f0 eru\u00f0.<a name=\"56\"><span class=\"versanumer\">56<\/span><\/a>Mannssonurinn er ekki kominn til a\u00f0 tort\u00edma mannsl\u00edfum, heldur til a\u00f0 frelsa.  Og \u00feeir f\u00f3ru \u00ed anna\u00f0 \u00feorp.<a name=\"57\"><span class=\"versanumer\">57<\/span><\/a>\u00deegar \u00feeir voru \u00e1 fer\u00f0 \u00e1 veginum, sag\u00f0i ma\u00f0ur nokkur vi\u00f0 hann: \u00c9g vil fylgja \u00fe\u00e9r, hvert sem \u00fe\u00fa fer\u00f0.<a name=\"58\"><span class=\"versanumer\">58<\/span><\/a>Jes\u00fas sag\u00f0i vi\u00f0 hann: Refar eiga greni og fuglar himins hrei\u00f0ur, en Mannssonurinn \u00e1 hvergi h\u00f6f\u00f0i s\u00ednu a\u00f0 a\u00f0 halla.<a name=\"59\"><span class=\"versanumer\">59<\/span><\/a>Vi\u00f0 annan sag\u00f0i hann: Fylg \u00fe\u00fa m\u00e9r! S\u00e1 m\u00e6lti: Herra, leyf m\u00e9r fyrst a\u00f0 fara og jar\u00f0a f\u00f6\u00f0ur minn.<a name=\"60\"><span class=\"versanumer\">60<\/span><\/a>Jes\u00fas svara\u00f0i: L\u00e1t hina dau\u00f0u jar\u00f0a s\u00edna dau\u00f0u, en far \u00fe\u00fa og bo\u00f0a Gu\u00f0s r\u00edki.<a name=\"61\"><span class=\"versanumer\">61<\/span><\/a>Enn annar sag\u00f0i: \u00c9g vil fylgja \u00fe\u00e9r, herra, en leyf m\u00e9r fyrst a\u00f0 kve\u00f0ja f\u00f3lk mitt heima.<a name=\"62\"><span class=\"versanumer\">62<\/span><\/a>En Jes\u00fas sag\u00f0i vi\u00f0 hann: Enginn, sem leggur h\u00f6nd \u00e1 pl\u00f3ginn og horfir aftur, er h\u00e6fur \u00ed Gu\u00f0s r\u00edki.<\/p>\n<div class=\"footnote1981\"><b>9.1-6<\/b> Hlst. Matt 10.5-15; Mrk 6.7-13<br \/>\n<b>9.1<\/b> Hinir t\u00f3lf Matt 10.2+<br \/>\n<b>9.2<\/b> Bo\u00f0a Matt 3.1+ ; Mrk 1.4+ &#8211; Gu\u00f0s r\u00edki Matt 3.2+ ; 6.10+<br \/>\n<b>9.4<\/b> A\u00f0setur ykkar L\u00fak 10.5-7<br \/>\n<b>9.5<\/b> Hristi\u00f0 dusti\u00f0 L\u00fak 10.11; Post 13.51; 18.6<br \/>\n<b>9.7-9<\/b> Hlst. Matt 14.1-12; Mrk 6.14-29<br \/>\n<b>9.7<\/b> Her\u00f3des fj\u00f3r\u00f0ungsstj\u00f3ri Matt 14.1+<br \/>\n<b>9.7-8<\/b> Hver er Jes\u00fas? L\u00fak 9.19 og hlst. \u2013 J\u00f3hannes sk\u00edrari Matt 3.1+ &#8211; El\u00eda Matt 11.14+ &#8211; Jes\u00fas talinn sp\u00e1ma\u00f0ur Matt 16.14+<br \/>\n<b>9.9<\/b> Vildi sj\u00e1 hann L\u00fak 23.8<br \/>\n<b>9.10-17<\/b> Hlst. Matt 14.13-21; Mrk 6.30-44; J\u00f3h 6.1-14<br \/>\n<b>9.10<\/b> Potularnir L\u00fak 6.13+ &#8211; Betsa\u00edda Matt 11.21+<br \/>\n<b>9.13<\/b> Brau\u00f0 og fiskar Matt 15.34; Mrk 8.5; J\u00f3h 6.9<br \/>\n<b>9.17<\/b> Mettir 2M\u00f3s 16.4,12; Slm 78.29; J\u00f3h 6.12 \u2013 leifarnar 2Kon 4.44<br \/>\n<b>9.18-20<\/b> Hlst. Matt 16.13-19; Mrk 8.27-29<br \/>\n<b>9.18<\/b> Jes\u00fas \u00e1 b\u00e6n L\u00fak 3.21+<br \/>\n<b>9.19<\/b> Sbr L\u00fak 9.7-8<br \/>\n<b>9.20<\/b> En \u00fei\u00f0? J\u00f3h 6.67 \u2013 P\u00e9tur Matt 4.18+ &#8211; Kristur L\u00fak 3.15+ ; 4.41+ ; sbr J\u00f3h 6.69<br \/>\n<b>9.21-27<\/b> Hlst. Matt 16.20-28; Mrk 8.30-9.1<br \/>\n<b>9.22<\/b> \u00c1 margt a\u00f0 l\u00ed\u00f0a L\u00fak 9.44 og hlst.; 18.31-34 og hlst. \u2013 Mannssonurinn Matt 8.20+ &#8211; \u00f6ldungar, \u00e6\u00f0stu prestar og fr\u00e6\u00f0imenn Mrk 11.27+<br \/>\n<b>9.23<\/b> Fylgja Jes\u00fa Matt 4.19+ &#8211; taka kross sinn Matt 10.38; L\u00fak 14.27<br \/>\n<b>9.24<\/b> Bjarga l\u00edfi s\u00ednu Matt 10.39; L\u00fak 17.33; sbr J\u00f3h 12.25-26<br \/>\n<b>9.26<\/b> Blyg\u00f0ast s\u00edn Matt 10.33; L\u00fak 12.9; 2T\u00edm 2.12 \u2013 Mannssonurinn Matt 8.20+ &#8211; koma hans Matt 10.23+ &#8211; \u00ed d\u00fdr\u00f0 hans L\u00fak 9.32; 24.26<br \/>\n<b>9.27<\/b> Sj\u00e1 Gu\u00f0s r\u00edki sbr L\u00fak 9.32<br \/>\n<b>9.28-36<\/b> Hlst. Matt 17.1-8; Mrk 9.2-8;<br \/>\n<b>9.28<\/b> P\u00e9tur, Jakob og J\u00f3hannes Matt 17.1+ &#8211; b\u00e6n Jes\u00fa L\u00fak 3.21+<br \/>\n<b>9.30<\/b> El\u00eda Matt 11.14+ ; 2Kon 2.11-12 \u2013 M\u00f3se 5M\u00f3s 18.15,18; 34.5-6<br \/>\n<b>9.31<\/b> Birtust \u00ed d\u00fdr\u00f0 2M\u00f3s 34.29-35; 2Kor 3.7-11 \u2013 d\u00fdr\u00f0 R\u00f3m 5.2; 8.18,21; 1Kor 2.7; 15.43; 2Kor 3.18; 4.17; Fil 3.21; K\u00f3l 1.27; 3.4; 1\u00deess 2.12; 2\u00deess 2.14 \u2013 \u00ed Jer\u00fasalem L\u00fak 9.22,51; 13.33<br \/>\n<b>9.32<\/b> S\u00e1u d\u00fdr\u00f0 hans J\u00f3h 1.14; 2P\u00e9t 1.16<br \/>\n<b>9.34<\/b> Sk\u00fd Matt 17.5+ ; sbr L\u00fak 1.35<br \/>\n<b>9.35<\/b> Sonur minn \u00fatvalinn Jes 49.7; Matt 3.17+ og hlst.; 2P\u00e9t 1.17-18; sbr J\u00f3h 1.34<br \/>\n<b>9.37-43a<\/b> Hlst. Matt 17.14-18; Mrk 9.17-27<br \/>\n<b>9.38<\/b> Einkabarn L\u00fak 7.12<br \/>\n<b>9.42<\/b> L\u00e6kna\u00f0i sveininn L\u00fak 7.15+<br \/>\n<b>9.43b-45<\/b> Hlst. Matt 17.22-23; Mrk 9.30-32<br \/>\n<b>9.43<\/b> Undru\u00f0ust veldi Gu\u00f0s L\u00fak 1.63+<br \/>\n<b>9.44<\/b> Mannssonurinn Matt 8.20+ &#8211; framseldur L\u00fak 18.32 og hlst.<br \/>\n<b>9.45<\/b> Skildu ekki L\u00fak 18.34<br \/>\n<b>9.46-48<\/b> Hlst. Matt 18.1-5; Mrk 9.33-37<br \/>\n<b>9.46<\/b> Mestur L\u00fak 22.24<br \/>\n<b>9.47<\/b> Vissi, hva\u00f0 \u00feeir hugsu\u00f0u L\u00fak 6.8+<br \/>\n<b>9.48<\/b> Taka vi\u00f0 Jes\u00fa Matt 10.40; L\u00fak 10.16; J\u00f3h 13.20; sbr Gal 4.14<br \/>\n<b>9.49-50<\/b> Hlst. Mrk 9.38-40<br \/>\n<b>9.49<\/b> R\u00e1ku \u00fat anda \u00ed Jes\u00fa nafni Post 16.18; 19.13<br \/>\n<b>9.50<\/b> Ekki \u00e1 m\u00f3ti ykkur &#8230; Matt 12.30; Mrk 9.40; L\u00fak 11.23<br \/>\n<b>9.51<\/b> T\u00edminn n\u00e1lgast L\u00fak 9.31 \u2013 til Jer\u00fasalem L\u00fak 13.22; 17.11<br \/>\n<b>9.52<\/b> Samverjar 2Kon 17.24-41; S\u00edr 50.25-26; J\u00f3h 4.9; sbr L\u00fak 10.33-37; 17.16-19; Post 8.2-25<br \/>\n<b>9.53<\/b> Gy\u00f0ingar og Samverjar J\u00f3h 4.9<br \/>\n<b>9.54<\/b> Jakob og J\u00f3hannes Matt 4.21+ &#8211; eldur af himni 2Kon 1.10-12<br \/>\n<b>9.57-62<\/b> Hlst. Matt 8.19-22<br \/>\n<b>9.59<\/b> Fylg \u00fe\u00fa m\u00e9r Matt 4.19+<br \/>\n<b>9.61<\/b> Leyf m\u00e9r fyrst &#8230; 1Kon 19.20<br \/>\n<b>9.62<\/b> Gu\u00f0s r\u00edki Matt 3.2+ ; 6.10+<\/div>\n","protected":false},"excerpt":{"rendered":"<p>1Hann kalla\u00f0i saman \u00fe\u00e1 t\u00f3lf og gaf \u00feeim m\u00e1tt og vald yfir \u00f6llum illum \u00f6ndum og til a\u00f0 l\u00e6kna sj\u00fakd\u00f3ma.2Hann sendi \u00fe\u00e1 a\u00f0 bo\u00f0a Gu\u00f0s r\u00edki og gr\u00e6\u00f0a sj\u00faka3og sag\u00f0i vi\u00f0 \u00fe\u00e1: Taki\u00f0 ekkert til fer\u00f0arinnar, hvorki staf n\u00e9 mal, brau\u00f0 n\u00e9 silfur, og enginn hafi tvo kyrtla.4Og hvar sem \u00fe\u00e9r f\u00e1i\u00f0 inni, \u00fear s\u00e9 a\u00f0setur y\u00f0ar og \u00fea\u00f0an skulu\u00f0 \u00fe\u00e9r leggja upp a\u00f0 n\u00fdju.5En taki menn ekki vi\u00f0 y\u00f0ur, \u00fe\u00e1 fari\u00f0 \u00far borg \u00feeirra og hristi\u00f0 dusti\u00f0 af f\u00f3tum y\u00f0ar til vitnisbur\u00f0ar gegn \u00feeim.6\u00deeir l\u00f6g\u00f0u af sta\u00f0 og f\u00f3ru um \u00feorpin, fluttu fagna\u00f0arerindi\u00f0 og l\u00e6knu\u00f0u hvarvetna.7En Her\u00f3des fj\u00f3r\u00f0ungsstj\u00f3ri fr\u00e9tti <a href=\"https:\/\/biblian.is\/1981\/lukasargudspjall-9-kafli\/\"> [&#8230;]<\/a><\/p>\n","protected":false},"author":1,"featured_media":0,"parent":0,"menu_order":0,"comment_status":"open","ping_status":"open","template":"bibliukaflar.php","meta":{"footnotes":""},"class_list":["post-2329","page","type-page","status-publish","hentry"],"_links":{"self":[{"href":"https:\/\/biblian.is\/1981\/wp-json\/wp\/v2\/pages\/2329","targetHints":{"allow":["GET"]}}],"collection":[{"href":"https:\/\/biblian.is\/1981\/wp-json\/wp\/v2\/pages"}],"about":[{"href":"https:\/\/biblian.is\/1981\/wp-json\/wp\/v2\/types\/page"}],"author":[{"embeddable":true,"href":"https:\/\/biblian.is\/1981\/wp-json\/wp\/v2\/users\/1"}],"replies":[{"embeddable":true,"href":"https:\/\/biblian.is\/1981\/wp-json\/wp\/v2\/comments?post=2329"}],"version-history":[{"count":0,"href":"https:\/\/biblian.is\/1981\/wp-json\/wp\/v2\/pages\/2329\/revisions"}],"wp:attachment":[{"href":"https:\/\/biblian.is\/1981\/wp-json\/wp\/v2\/media?parent=2329"}],"curies":[{"name":"wp","href":"https:\/\/api.w.org\/{rel}","templated":true}]}}