{"id":2328,"date":"2017-11-18T20:21:24","date_gmt":"2017-11-18T20:21:24","guid":{"rendered":"http:\/\/biblian.is\/1981\/lukasargudspjall-8-kafli\/"},"modified":"2021-06-06T11:03:44","modified_gmt":"2021-06-06T11:03:44","slug":"lukasargudspjall-8-kafli","status":"publish","type":"page","link":"https:\/\/biblian.is\/1981\/lukasargudspjall-8-kafli\/","title":{"rendered":"L\u00fakasargu\u00f0spjall 8. kafli"},"content":{"rendered":"<p><a name=\"1\"><span class=\"versanumer\">1<\/span><\/a>Eftir \u00feetta f\u00f3r hann um, borg \u00far borg og \u00feorp \u00far \u00feorpi, pr\u00e9dika\u00f0i og flutti fagna\u00f0arerindi\u00f0 um Gu\u00f0s r\u00edki. Me\u00f0 honum voru \u00feeir t\u00f3lf<a name=\"2\"><span class=\"versanumer\">2<\/span><\/a>og konur nokkrar, er l\u00e6kna\u00f0ar h\u00f6f\u00f0u veri\u00f0 af illum \u00f6ndum og sj\u00fakd\u00f3mum. \u00dea\u00f0 voru \u00fe\u00e6r Mar\u00eda, k\u00f6llu\u00f0 Magdalena, er sj\u00f6 illir andar h\u00f6f\u00f0u fari\u00f0 \u00far,<a name=\"3\"><span class=\"versanumer\">3<\/span><\/a>J\u00f3hanna, kona K\u00fasa, r\u00e1\u00f0smanns Her\u00f3desar, S\u00fasanna og margar a\u00f0rar. \u00de\u00e6r hj\u00e1lpu\u00f0u \u00feeim me\u00f0 fj\u00e1rmunum s\u00ednum.<a name=\"4\"><span class=\"versanumer\">4<\/span><\/a>N\u00fa var mikill fj\u00f6ldi saman kominn, og menn komu til hans \u00far hverri borg af annarri. \u00de\u00e1 sag\u00f0i hann \u00feessa d\u00e6mis\u00f6gu:<a name=\"5\"><span class=\"versanumer\">5<\/span><\/a>S\u00e1\u00f0ma\u00f0ur gekk \u00fat a\u00f0 s\u00e1 s\u00e6\u00f0i s\u00ednu. Og \u00fe\u00e1 er hann s\u00e1\u00f0i, f\u00e9ll sumt hj\u00e1 g\u00f6tunni og var\u00f0 f\u00f3tum tro\u00f0i\u00f0, og fuglar himins \u00e1tu \u00fea\u00f0 upp.<a name=\"6\"><span class=\"versanumer\">6<\/span><\/a>Sumt f\u00e9ll \u00e1 kl\u00f6pp. \u00dea\u00f0 spratt, en skr\u00e6lna\u00f0i, af \u00fev\u00ed a\u00f0 \u00fea\u00f0 haf\u00f0i ekki raka.<a name=\"7\"><span class=\"versanumer\">7<\/span><\/a>Og sumt f\u00e9ll me\u00f0al \u00feyrna, og \u00feyrnarnir spruttu einnig og k\u00e6f\u00f0u \u00fea\u00f0.<a name=\"8\"><span class=\"versanumer\">8<\/span><\/a>En sumt f\u00e9ll \u00ed g\u00f3\u00f0a j\u00f6r\u00f0, \u00f3x upp og bar hundra\u00f0faldan \u00e1v\u00f6xt. A\u00f0 svo m\u00e6ltu hr\u00f3pa\u00f0i hann: Hver sem eyru hefur a\u00f0 heyra, hann heyri.<a name=\"9\"><span class=\"versanumer\">9<\/span><\/a>En l\u00e6risveinar hans spur\u00f0u hann, hva\u00f0 \u00feessi d\u00e6misaga \u00fe\u00fdddi.<a name=\"10\"><span class=\"versanumer\">10<\/span><\/a>Hann sag\u00f0i: Y\u00f0ur er gefi\u00f0 a\u00f0 \u00feekkja leynda d\u00f3ma Gu\u00f0s r\u00edkis, hinir f\u00e1 \u00fe\u00e1 \u00ed d\u00e6mis\u00f6gum, a\u00f0 sj\u00e1andi sj\u00e1i \u00feeir ekki og heyrandi skilji \u00feeir ekki.<a name=\"11\"><span class=\"versanumer\">11<\/span><\/a>En d\u00e6misagan \u00fe\u00fd\u00f0ir \u00feetta: S\u00e6\u00f0i\u00f0 er Gu\u00f0s or\u00f0.<a name=\"12\"><span class=\"versanumer\">12<\/span><\/a>\u00dea\u00f0 er f\u00e9ll hj\u00e1 g\u00f6tunni, merkir \u00fe\u00e1, sem heyra or\u00f0i\u00f0, en s\u00ed\u00f0an kemur dj\u00f6fullinn og tekur \u00fea\u00f0 burt \u00far hjarta \u00feeirra, til \u00feess a\u00f0 \u00feeir tr\u00fai ekki og ver\u00f0i h\u00f3lpnir.<a name=\"13\"><span class=\"versanumer\">13<\/span><\/a>\u00dea\u00f0 er f\u00e9ll \u00e1 kl\u00f6ppina, merkir \u00fe\u00e1, sem taka or\u00f0inu me\u00f0 f\u00f6gnu\u00f0i, er \u00feeir heyra \u00fea\u00f0, en hafa enga r\u00f3tfestu. \u00deeir tr\u00faa um stund, en falla fr\u00e1 \u00e1 reynslut\u00edma.<a name=\"14\"><span class=\"versanumer\">14<\/span><\/a>\u00dea\u00f0 er f\u00e9ll me\u00f0al \u00feyrna, merkir \u00fe\u00e1 er heyra, en kafna s\u00ed\u00f0an undir \u00e1hyggjum, au\u00f0\u00e6fum og nautnum l\u00edfsins og bera ekki \u00feroska\u00f0an \u00e1v\u00f6xt.<a name=\"15\"><span class=\"versanumer\">15<\/span><\/a>En \u00fea\u00f0 er f\u00e9ll \u00ed g\u00f3\u00f0a j\u00f6r\u00f0, merkir \u00fe\u00e1 sem heyra or\u00f0i\u00f0 og geyma \u00fea\u00f0 \u00ed g\u00f6fugu, g\u00f3\u00f0u hjarta og bera \u00e1v\u00f6xt me\u00f0 st\u00f6\u00f0uglyndi.<a name=\"16\"><span class=\"versanumer\">16<\/span><\/a>Enginn kveikir lj\u00f3s og byrgir \u00fea\u00f0 me\u00f0 keri e\u00f0a setur undir bekk, heldur l\u00e1ta menn \u00fea\u00f0 \u00e1 lj\u00f3sastiku, a\u00f0 \u00feeir, sem inn koma, sj\u00e1i lj\u00f3si\u00f0.<a name=\"17\"><span class=\"versanumer\">17<\/span><\/a>\u00dev\u00ed a\u00f0 ekkert er huli\u00f0, sem eigi ver\u00f0ur opinbert, n\u00e9 leynt, a\u00f0 eigi ver\u00f0i \u00fea\u00f0 kunnugt og komi \u00ed lj\u00f3s.<a name=\"18\"><span class=\"versanumer\">18<\/span><\/a>G\u00e6ti\u00f0 \u00fev\u00ed a\u00f0, hvernig \u00fe\u00e9r heyri\u00f0. \u00dev\u00ed a\u00f0 \u00feeim sem hefur, mun gefi\u00f0 ver\u00f0a, og fr\u00e1 \u00feeim sem eigi hefur, mun teki\u00f0 ver\u00f0a jafnvel \u00fea\u00f0, sem hann \u00e6tlar sig hafa.<a name=\"19\"><span class=\"versanumer\">19<\/span><\/a>M\u00f3\u00f0ir hans og br\u00e6\u00f0ur komu til hans, en g\u00e1tu ekki n\u00e1\u00f0 fundi hans vegna mannfj\u00f6ldans.<a name=\"20\"><span class=\"versanumer\">20<\/span><\/a>Var honum sagt: M\u00f3\u00f0ir \u00fe\u00edn og br\u00e6\u00f0ur standa \u00fati og vilja finna \u00feig.<a name=\"21\"><span class=\"versanumer\">21<\/span><\/a>En hann svara\u00f0i \u00feeim: M\u00f3\u00f0ir m\u00edn og br\u00e6\u00f0ur eru \u00feeir, sem heyra Gu\u00f0s or\u00f0 og breyta eftir \u00fev\u00ed.<a name=\"22\"><span class=\"versanumer\">22<\/span><\/a>Dag einn f\u00f3r hann \u00fat \u00ed b\u00e1t og l\u00e6risveinar hans. Hann sag\u00f0i vi\u00f0 \u00fe\u00e1: F\u00f6rum yfir um vatni\u00f0. Og \u00feeir l\u00e9tu fr\u00e1 landi.<a name=\"23\"><span class=\"versanumer\">23<\/span><\/a>En sem \u00feeir sigldu, sofna\u00f0i hann. \u00de\u00e1 skall stormhrina \u00e1 vatni\u00f0, svo a\u00f0 n\u00e6r fyllti b\u00e1tinn og voru \u00feeir h\u00e6tt komnir.<a name=\"24\"><span class=\"versanumer\">24<\/span><\/a>\u00deeir f\u00f3ru \u00fe\u00e1 til hans, v\u00f6ktu hann og s\u00f6g\u00f0u: Meistari, meistari, v\u00e9r f\u00f6rumst! En hann vakna\u00f0i og hasta\u00f0i \u00e1 vindinn og \u00f6ldur\u00f3ti\u00f0 og slota\u00f0i \u00feegar og ger\u00f0i logn.<a name=\"25\"><span class=\"versanumer\">25<\/span><\/a>Og hann sag\u00f0i vi\u00f0 \u00fe\u00e1: Hvar er tr\u00fa y\u00f0ar? En \u00feeir ur\u00f0u hr\u00e6ddir og undru\u00f0ust og s\u00f6g\u00f0u hver vi\u00f0 annan: Hver er \u00feessi? Hann skipar b\u00e6\u00f0i vindum og vatni og hvort tveggja hl\u00fd\u00f0ir honum.<a name=\"26\"><span class=\"versanumer\">26<\/span><\/a>\u00deeir t\u00f3ku land \u00ed bygg\u00f0 Gerasena, sem er gegnt Gal\u00edleu.<a name=\"27\"><span class=\"versanumer\">27<\/span><\/a>Er hann st\u00e9 \u00e1 land, kom \u00e1 m\u00f3ti honum ma\u00f0ur nokkur \u00far borginni, sem haldinn var illum \u00f6ndum. Langan t\u00edma haf\u00f0i hann ekki fari\u00f0 \u00ed f\u00f6t n\u00e9 dvalist \u00ed h\u00fasi, heldur \u00ed gr\u00f6funum.<a name=\"28\"><span class=\"versanumer\">28<\/span><\/a>\u00deegar hann s\u00e1 Jes\u00fa, \u00e6pti hann, f\u00e9ll fram fyrir honum og hr\u00f3pa\u00f0i h\u00e1rri r\u00f6ddu: Hva\u00f0 vilt \u00fe\u00fa m\u00e9r, Jes\u00fas, sonur Gu\u00f0s hins h\u00e6sta? \u00c9g bi\u00f0 \u00feig, kvel \u00fe\u00fa mig eigi!<a name=\"29\"><span class=\"versanumer\">29<\/span><\/a>\u00dev\u00ed a\u00f0 hann haf\u00f0i bo\u00f0i\u00f0 \u00f3hreina andanum a\u00f0 fara \u00fat af manninum. En margsinnis haf\u00f0i hann gripi\u00f0 hann, og h\u00f6f\u00f0u menn fj\u00f6tra\u00f0 hann \u00e1 h\u00f6ndum og f\u00f3tum og haft \u00ed g\u00e6slu, en hann haf\u00f0i sliti\u00f0 b\u00f6ndin og illi andinn hraki\u00f0 hann \u00fat \u00ed \u00f3bygg\u00f0ir.<a name=\"30\"><span class=\"versanumer\">30<\/span><\/a>Jes\u00fas spur\u00f0i hann: Hva\u00f0 heitir \u00fe\u00fa? En hann sag\u00f0i: Hersing, \u00fev\u00ed a\u00f0 margir illir andar h\u00f6f\u00f0u fari\u00f0 \u00ed hann.<a name=\"31\"><span class=\"versanumer\">31<\/span><\/a>Og \u00feeir b\u00e1\u00f0u Jes\u00fa a\u00f0 skipa s\u00e9r ekki a\u00f0 fara \u00ed undirdj\u00fapi\u00f0.<a name=\"32\"><span class=\"versanumer\">32<\/span><\/a>En \u00fear var st\u00f3r sv\u00ednahj\u00f6r\u00f0 \u00e1 beit \u00ed fjallinu. \u00deeir b\u00e1\u00f0u hann a\u00f0 leyfa s\u00e9r a\u00f0 fara \u00ed \u00feau, og hann leyf\u00f0i \u00feeim \u00fea\u00f0.<a name=\"33\"><span class=\"versanumer\">33<\/span><\/a>Illu andarnir f\u00f3ru \u00fe\u00e1 \u00far manninum og \u00ed sv\u00ednin, og hj\u00f6r\u00f0in ruddist fram af hamrinum \u00ed vatni\u00f0 og drukkna\u00f0i.<a name=\"34\"><span class=\"versanumer\">34<\/span><\/a>En er hir\u00f0arnir s\u00e1u, hva\u00f0 or\u00f0i\u00f0 var, fl\u00fd\u00f0u \u00feeir og s\u00f6g\u00f0u t\u00ed\u00f0indin \u00ed borginni og sveitinni.<a name=\"35\"><span class=\"versanumer\">35<\/span><\/a>Menn f\u00f3ru \u00fe\u00e1 a\u00f0 sj\u00e1, hva\u00f0 gj\u00f6rst haf\u00f0i, komu til Jes\u00fa og fundu manninn, sem illu andarnir h\u00f6f\u00f0u fari\u00f0 \u00far, sitja kl\u00e6ddan og heilvita vi\u00f0 f\u00e6tur Jes\u00fa. Og \u00feeir ur\u00f0u hr\u00e6ddir.<a name=\"36\"><span class=\"versanumer\">36<\/span><\/a>Sj\u00f3narvottar s\u00f6g\u00f0u \u00feeim fr\u00e1, hvernig s\u00e1, sem haldinn var illum \u00f6ndum, haf\u00f0i or\u00f0i\u00f0 heill.<a name=\"37\"><span class=\"versanumer\">37<\/span><\/a>Allt f\u00f3lk \u00ed h\u00e9ru\u00f0um Gerasena ba\u00f0 hann \u00fe\u00e1 fara burt fr\u00e1 s\u00e9r, \u00fev\u00ed menn voru slegnir miklum \u00f3tta. Og hann st\u00e9 \u00ed b\u00e1tinn og sneri aftur.<a name=\"38\"><span class=\"versanumer\">38<\/span><\/a>Ma\u00f0urinn, sem illu andarnir h\u00f6f\u00f0u fari\u00f0 \u00far, ba\u00f0 hann a\u00f0 mega vera me\u00f0 honum, en Jes\u00fas l\u00e9t hann fara og m\u00e6lti:<a name=\"39\"><span class=\"versanumer\">39<\/span><\/a>Far aftur heim til \u00fe\u00edn, og seg \u00fe\u00fa fr\u00e1, hve miki\u00f0 Gu\u00f0 hefur fyrir \u00feig gj\u00f6rt. Hann f\u00f3r og kunngj\u00f6r\u00f0i um alla borgina, hve miki\u00f0 Jes\u00fas haf\u00f0i fyrir hann gj\u00f6rt.<a name=\"40\"><span class=\"versanumer\">40<\/span><\/a>En er Jes\u00fas kom aftur, fagna\u00f0i mannfj\u00f6ldinn honum, \u00fev\u00ed a\u00f0 allir v\u00e6ntu hans.<a name=\"41\"><span class=\"versanumer\">41<\/span><\/a>\u00de\u00e1 kom \u00fear ma\u00f0ur, Ja\u00edrus a\u00f0 nafni, forst\u00f6\u00f0uma\u00f0ur samkundunnar. Hann f\u00e9ll til f\u00f3ta Jes\u00fa og ba\u00f0 hann koma heim til s\u00edn.<a name=\"42\"><span class=\"versanumer\">42<\/span><\/a>\u00dev\u00ed hann \u00e1tti einkad\u00f3ttur, um t\u00f3lf \u00e1ra a\u00f0 aldri, og h\u00fan l\u00e1 fyrir dau\u00f0anum. \u00deegar Jes\u00fas var \u00e1 lei\u00f0inni, \u00ferengdi mannfj\u00f6ldinn a\u00f0 honum.<a name=\"43\"><span class=\"versanumer\">43<\/span><\/a>\u00dear var kona, sem haf\u00f0i haft bl\u00f3\u00f0l\u00e1t \u00ed t\u00f3lf \u00e1r. H\u00fan haf\u00f0i leita\u00f0 l\u00e6kna og vari\u00f0 til aleigu sinni, en enginn geta\u00f0 l\u00e6kna\u00f0 hana.<a name=\"44\"><span class=\"versanumer\">44<\/span><\/a>H\u00fan kom a\u00f0 baki honum og snart fald kl\u00e6\u00f0a hans, og jafnskj\u00f3tt st\u00f6\u00f0va\u00f0ist bl\u00f3\u00f0l\u00e1t hennar.<a name=\"45\"><span class=\"versanumer\">45<\/span><\/a>Jes\u00fas sag\u00f0i: Hver var \u00fea\u00f0, sem snart mig? En er allir synju\u00f0u fyrir \u00fea\u00f0, sag\u00f0i P\u00e9tur: Meistari, mannfj\u00f6ldinn tre\u00f0st a\u00f0 \u00fe\u00e9r og \u00fer\u00fdstir \u00e1.<a name=\"46\"><span class=\"versanumer\">46<\/span><\/a>En Jes\u00fas sag\u00f0i: Einhver snart mig, \u00fev\u00ed a\u00f0 \u00e9g fann, a\u00f0 kraftur f\u00f3r \u00fat fr\u00e1 m\u00e9r.<a name=\"47\"><span class=\"versanumer\">47<\/span><\/a>En er konan s\u00e1, a\u00f0 h\u00fan f\u00e9kk eigi dulist, kom h\u00fan skj\u00e1lfandi, f\u00e9ll til f\u00f3ta honum og sk\u00fdr\u00f0i fr\u00e1 \u00fev\u00ed \u00ed \u00e1heyrn alls l\u00fd\u00f0sins, hvers vegna h\u00fan snart hann, og hvernig h\u00fan haf\u00f0i jafnskj\u00f3tt l\u00e6knast.<a name=\"48\"><span class=\"versanumer\">48<\/span><\/a>Hann sag\u00f0i \u00fe\u00e1 vi\u00f0 hana: D\u00f3ttir, tr\u00fa \u00fe\u00edn hefur bjarga\u00f0 \u00fe\u00e9r. Far \u00fe\u00fa \u00ed fri\u00f0i.<a name=\"49\"><span class=\"versanumer\">49<\/span><\/a>Me\u00f0an hann var a\u00f0 segja \u00feetta, kemur ma\u00f0ur heiman fr\u00e1 samkundustj\u00f3ranum og segir: D\u00f3ttir \u00fe\u00edn er l\u00e1tin, \u00f3maka \u00fe\u00fa ekki meistarann lengur.<a name=\"50\"><span class=\"versanumer\">50<\/span><\/a>En er Jes\u00fas heyr\u00f0i \u00feetta, sag\u00f0i hann vi\u00f0 hann: \u00d3ttast ekki, tr\u00fa \u00fe\u00fa a\u00f0eins, og mun h\u00fan heil ver\u00f0a.<a name=\"51\"><span class=\"versanumer\">51<\/span><\/a>\u00deegar hann kom a\u00f0 h\u00fasinu, leyf\u00f0i hann engum a\u00f0 fara inn me\u00f0 s\u00e9r nema P\u00e9tri, J\u00f3hannesi og Jakobi og f\u00f6\u00f0ur st\u00falkunnar og m\u00f3\u00f0ur.<a name=\"52\"><span class=\"versanumer\">52<\/span><\/a>Og allir gr\u00e9tu og syrg\u00f0u hana. Hann sag\u00f0i: Gr\u00e1ti\u00f0 ekki, h\u00fan er ekki d\u00e1in, h\u00fan sefur.<a name=\"53\"><span class=\"versanumer\">53<\/span><\/a>En \u00feeir hl\u00f3gu a\u00f0 honum, \u00fear e\u00f0 \u00feeir vissu a\u00f0 h\u00fan var d\u00e1in.<a name=\"54\"><span class=\"versanumer\">54<\/span><\/a>Hann t\u00f3k \u00fe\u00e1 h\u00f6nd hennar og kalla\u00f0i: St\u00falka, r\u00eds upp!<a name=\"55\"><span class=\"versanumer\">55<\/span><\/a>Og andi hennar kom aftur, og h\u00fan reis \u00feegar upp, en hann bau\u00f0 a\u00f0 gefa henni a\u00f0 eta.<a name=\"56\"><span class=\"versanumer\">56<\/span><\/a>Foreldrar hennar ur\u00f0u fr\u00e1 s\u00e9r numdir, en hann bau\u00f0 \u00feeim a\u00f0 segja engum fr\u00e1 \u00feessum atbur\u00f0i.<\/p>\n<div class=\"footnote1981\"><b>8.1<\/b> Borg \u00far borg Matt 9.35; Mrk 6.6; L\u00fak 4.43 \u2013 fagna\u00f0arerindi\u00f0 Matt 4.23; 9.35; 24.14; Mrk 1.14-15; L\u00fak 4.43 \u2013 hinir t\u00f3lf Matt 10.2+<br \/>\n<b>8.2<\/b> Konur L\u00fak 23.49 og hlst. \u2013 Mar\u00eda Magdalena Matt 27.56+<br \/>\n<b>8.4-15<\/b> Hlst. Matt 13.1-23; Mrk 4.1-20<br \/>\n<b>8.8<\/b> Eyru a\u00f0 heyra Matt 11.15+<br \/>\n<b>8.10<\/b> Leyndir d\u00f3mar Matt 13.11+ &#8211; Gu\u00f0s r\u00edki Matt 3.2+ ; 6.10+ &#8211; sj\u00e1andi \u00feeir sj\u00e1 ekki Jes 6.9-10<br \/>\n<b>8.11<\/b> Gu\u00f0s or\u00f0, s\u00e6\u00f0i 1P\u00e9t 1.23<br \/>\n<b>8.12<\/b> Tr\u00faa og ver\u00f0a h\u00f3lpinn 1Kor 1.21<br \/>\n<b>8.15<\/b> St\u00f6\u00f0uglyndi L\u00fak 21.18; R\u00f3m 2.7; 5.3-4; 8.25; 15.4-5; 2Kor 1.6; 6.4; 12.12; K\u00f3l 1.11; 1\u00deess 1.3<br \/>\n<b>8.16-18<\/b> Hlst. Mrk 4.21-25<br \/>\n<b>8.16<\/b> Lj\u00f3s Matt 5.15; L\u00fak 11.33<br \/>\n<b>8.17<\/b> Huli\u00f0 gert opinbert Matt 10.26; L\u00fak 12.2<br \/>\n<b>8.18<\/b> \u00deeim sem &#8230; Matt 13.12+<br \/>\n<b>8.19-21<\/b> Hlst. Matt 12.46-50; Mrk 3.31-35<br \/>\n<b>8.21<\/b> Heyra Gu\u00f0s or\u00f0 L\u00fak 11.28<br \/>\n<b>8.22-25<\/b> Hlst. Matt 8.28-34; Mrk 5.1-20<br \/>\n<b>8.24<\/b> Meistari L\u00fak 5.5+<br \/>\n<b>8.25<\/b> \u00d3tti og undrun L\u00fak 1.12+, 63+<br \/>\n<b>8.26-39<\/b> Hlst. Matt 8.28-34; Mrk 5.1-20<br \/>\n<b>8.28<\/b> Hva\u00f0 vilt \u00fe\u00fa m\u00e9r? Matt 8.29+<br \/>\n<b>8.29<\/b> \u00d3bygg\u00f0ir og illir andar 3M\u00f3s 16.10; Jes 13.21; 32.12,14; Bar 4.35; Tob 8.3; sbr L\u00fak 4.1; 11.24<br \/>\n<b>8.35<\/b> Vi\u00f0 f\u00e6tur Jes\u00fa L\u00fak 10.39; sbr Post 22.3<br \/>\n<b>8.36<\/b> Bjarga, l\u00e6kna Matt 9.22+ ; L\u00fak 6.9; 8.12,48,50; 19.10; 23.35,37,39<br \/>\n<b>8.40-56<\/b> Hlst. Matt 9.18-26; Mrk 5.21-43<br \/>\n<b>8.42<\/b> Dau\u00f0i einkabarns 1Kon 17.17; L\u00fak 7.12<br \/>\n<b>8.46<\/b> Kraftur L\u00fak 5.17; 6.19<br \/>\n<b>8.48<\/b> Tr\u00fa \u00fe\u00edn L\u00fak 7.50; 17.19; 18.42 og hlst.; sbr Post 3.16<br \/>\n<b>8.51<\/b> P\u00e9tur, Jakob og J\u00f3hannes Matt 17.1+<br \/>\n<b>8.52<\/b> Gr\u00e1ti\u00f0 ekki L\u00fak 7.13 \u2013 dau\u00f0i og svefn Matt 9.24+ ; Mrk 5.39+<br \/>\n<b>8.54<\/b> R\u00eds upp L\u00fak 7.14; sbr Matt 9.25+<br \/>\n<b>8.55<\/b> Andi hennar kom aftur 1Kon 17.21-22<br \/>\n<b>8.56<\/b> Bau\u00f0 a\u00f0 segja engum Mrk 1.25+<\/div>\n","protected":false},"excerpt":{"rendered":"<p>1Eftir \u00feetta f\u00f3r hann um, borg \u00far borg og \u00feorp \u00far \u00feorpi, pr\u00e9dika\u00f0i og flutti fagna\u00f0arerindi\u00f0 um Gu\u00f0s r\u00edki. Me\u00f0 honum voru \u00feeir t\u00f3lf2og konur nokkrar, er l\u00e6kna\u00f0ar h\u00f6f\u00f0u veri\u00f0 af illum \u00f6ndum og sj\u00fakd\u00f3mum. \u00dea\u00f0 voru \u00fe\u00e6r Mar\u00eda, k\u00f6llu\u00f0 Magdalena, er sj\u00f6 illir andar h\u00f6f\u00f0u fari\u00f0 \u00far,3J\u00f3hanna, kona K\u00fasa, r\u00e1\u00f0smanns Her\u00f3desar, S\u00fasanna og margar a\u00f0rar. \u00de\u00e6r hj\u00e1lpu\u00f0u \u00feeim me\u00f0 fj\u00e1rmunum s\u00ednum.4N\u00fa var mikill fj\u00f6ldi saman kominn, og menn komu til hans \u00far hverri borg af annarri. \u00de\u00e1 sag\u00f0i hann \u00feessa d\u00e6mis\u00f6gu:5S\u00e1\u00f0ma\u00f0ur gekk \u00fat a\u00f0 s\u00e1 s\u00e6\u00f0i s\u00ednu. Og \u00fe\u00e1 er hann s\u00e1\u00f0i, f\u00e9ll sumt hj\u00e1 g\u00f6tunni og var\u00f0 f\u00f3tum <a href=\"https:\/\/biblian.is\/1981\/lukasargudspjall-8-kafli\/\"> [&#8230;]<\/a><\/p>\n","protected":false},"author":1,"featured_media":0,"parent":0,"menu_order":0,"comment_status":"open","ping_status":"open","template":"bibliukaflar.php","meta":{"footnotes":""},"class_list":["post-2328","page","type-page","status-publish","hentry"],"_links":{"self":[{"href":"https:\/\/biblian.is\/1981\/wp-json\/wp\/v2\/pages\/2328","targetHints":{"allow":["GET"]}}],"collection":[{"href":"https:\/\/biblian.is\/1981\/wp-json\/wp\/v2\/pages"}],"about":[{"href":"https:\/\/biblian.is\/1981\/wp-json\/wp\/v2\/types\/page"}],"author":[{"embeddable":true,"href":"https:\/\/biblian.is\/1981\/wp-json\/wp\/v2\/users\/1"}],"replies":[{"embeddable":true,"href":"https:\/\/biblian.is\/1981\/wp-json\/wp\/v2\/comments?post=2328"}],"version-history":[{"count":0,"href":"https:\/\/biblian.is\/1981\/wp-json\/wp\/v2\/pages\/2328\/revisions"}],"wp:attachment":[{"href":"https:\/\/biblian.is\/1981\/wp-json\/wp\/v2\/media?parent=2328"}],"curies":[{"name":"wp","href":"https:\/\/api.w.org\/{rel}","templated":true}]}}