{"id":2327,"date":"2017-11-18T20:21:17","date_gmt":"2017-11-18T20:21:17","guid":{"rendered":"http:\/\/biblian.is\/1981\/lukasargudspjall-7-kafli\/"},"modified":"2021-06-06T11:03:43","modified_gmt":"2021-06-06T11:03:43","slug":"lukasargudspjall-7-kafli","status":"publish","type":"page","link":"https:\/\/biblian.is\/1981\/lukasargudspjall-7-kafli\/","title":{"rendered":"L\u00fakasargu\u00f0spjall 7. kafli"},"content":{"rendered":"<p><a name=\"1\"><span class=\"versanumer\">1<\/span><\/a>\u00de\u00e1 er hann haf\u00f0i loki\u00f0 m\u00e1li s\u00ednu \u00ed \u00e1heyrn l\u00fd\u00f0sins, f\u00f3r hann til Kapernaum.<a name=\"2\"><span class=\"versanumer\">2<\/span><\/a>Hundra\u00f0sh\u00f6f\u00f0ingi nokkur haf\u00f0i \u00fej\u00f3n, sem hann mat mikils. \u00dej\u00f3nninn var sj\u00fakur og dau\u00f0vona.<a name=\"3\"><span class=\"versanumer\">3<\/span><\/a>\u00deegar hundra\u00f0sh\u00f6f\u00f0inginn heyr\u00f0i um Jes\u00fa, sendi hann til hans \u00f6ldunga Gy\u00f0inga og ba\u00f0 hann koma og bjarga l\u00edfi \u00fej\u00f3ns s\u00edns.<a name=\"4\"><span class=\"versanumer\">4<\/span><\/a>\u00deeir komu til Jes\u00fa, b\u00e1\u00f0u hann \u00e1kaft og s\u00f6g\u00f0u: Ver\u00f0ur er hann \u00feess, a\u00f0 \u00fe\u00fa veitir honum \u00feetta,<a name=\"5\"><span class=\"versanumer\">5<\/span><\/a>\u00fev\u00ed a\u00f0 hann elskar \u00fej\u00f3\u00f0 vora, og hann hefur reist samkunduna handa oss.<a name=\"6\"><span class=\"versanumer\">6<\/span><\/a>Jes\u00fas f\u00f3r me\u00f0 \u00feeim. \u00deegar hann \u00e1tti skammt til h\u00fassins, sendi hundra\u00f0sh\u00f6f\u00f0inginn vini s\u00edna til hans og l\u00e9t segja vi\u00f0 hann: \u00d3maka \u00feig ekki, herra, \u00fev\u00ed a\u00f0 \u00e9g er ekki ver\u00f0ur \u00feess, a\u00f0 \u00fe\u00fa gangir inn undir \u00feak mitt.<a name=\"7\"><span class=\"versanumer\">7<\/span><\/a>\u00deess vegna hef \u00e9g ekki heldur tali\u00f0 sj\u00e1lfan mig ver\u00f0an \u00feess a\u00f0 koma til \u00fe\u00edn. En m\u00e6l \u00fe\u00fa eitt or\u00f0, og mun sveinn minn heill ver\u00f0a.<a name=\"8\"><span class=\"versanumer\">8<\/span><\/a>\u00dev\u00ed a\u00f0 sj\u00e1lfur er \u00e9g ma\u00f0ur, sem ver\u00f0 a\u00f0 l\u00fata valdi og r\u00e6\u00f0 yfir herm\u00f6nnum, og \u00e9g segi vi\u00f0 einn: Far \u00fe\u00fa, og hann fer, og vi\u00f0 annan: Kom \u00fe\u00fa, og hann kemur, og vi\u00f0 \u00fej\u00f3n minn: Gj\u00f6r \u00feetta, og hann gj\u00f6rir \u00fea\u00f0.<a name=\"9\"><span class=\"versanumer\">9<\/span><\/a>\u00deegar Jes\u00fas heyr\u00f0i \u00feetta, fur\u00f0a\u00f0i hann sig \u00e1 honum, sneri s\u00e9r a\u00f0 mannfj\u00f6ldanum, sem fylgdi honum, og m\u00e6lti: \u00c9g segi y\u00f0ur, ekki einu sinni \u00ed \u00cdsrael hef \u00e9g fundi\u00f0 \u00fev\u00edl\u00edka tr\u00fa.<a name=\"10\"><span class=\"versanumer\">10<\/span><\/a>Sendimenn sneru \u00fe\u00e1 aftur heim og fundu \u00fej\u00f3ninn heilan heilsu.<a name=\"11\"><span class=\"versanumer\">11<\/span><\/a>Sk\u00f6mmu s\u00ed\u00f0ar bar svo vi\u00f0, a\u00f0 Jes\u00fas h\u00e9lt til borgar, sem heitir Nain, og l\u00e6risveinar hans f\u00f3ru me\u00f0 honum og mikill mannfj\u00f6ldi.<a name=\"12\"><span class=\"versanumer\">12<\/span><\/a>\u00deegar hann n\u00e1lga\u00f0ist borgarhli\u00f0i\u00f0, \u00fe\u00e1 var veri\u00f0 a\u00f0 bera \u00fat l\u00e1tinn mann, einkason m\u00f3\u00f0ur sinnar, sem var ekkja, og mikill fj\u00f6ldi \u00far borginni var me\u00f0 henni.<a name=\"13\"><span class=\"versanumer\">13<\/span><\/a>Og er Drottinn s\u00e1 hana, kenndi hann \u00ed brj\u00f3sti um hana og sag\u00f0i vi\u00f0 hana: Gr\u00e1t \u00fe\u00fa eigi!<a name=\"14\"><span class=\"versanumer\">14<\/span><\/a>Og hann gekk a\u00f0 og snart l\u00edkb\u00f6rurnar, en \u00feeir, sem b\u00e1ru, n\u00e1mu sta\u00f0ar. \u00de\u00e1 sag\u00f0i hann: Ungi ma\u00f0ur, \u00e9g segi \u00fe\u00e9r, r\u00eds \u00fe\u00fa upp!<a name=\"15\"><span class=\"versanumer\">15<\/span><\/a>Hinn l\u00e1tni settist \u00fe\u00e1 upp og t\u00f3k a\u00f0 m\u00e6la, og Jes\u00fas gaf hann m\u00f3\u00f0ur hans.<a name=\"16\"><span class=\"versanumer\">16<\/span><\/a>En \u00f3tti greip alla, og \u00feeir vegs\u00f6mu\u00f0u Gu\u00f0 og s\u00f6g\u00f0u: Sp\u00e1ma\u00f0ur mikill er risinn upp me\u00f0al vor, og Gu\u00f0 hefur vitja\u00f0 l\u00fd\u00f0s s\u00edns.<a name=\"17\"><span class=\"versanumer\">17<\/span><\/a>Og \u00feessi fregn um hann barst \u00fat um alla J\u00fadeu og allt n\u00e1grenni\u00f0.<a name=\"18\"><span class=\"versanumer\">18<\/span><\/a>L\u00e6risveinar J\u00f3hannesar s\u00f6g\u00f0u honum fr\u00e1 \u00f6llu \u00feessu. Hann kalla\u00f0i \u00fe\u00e1 til s\u00edn tvo l\u00e6risveina s\u00edna,<a name=\"19\"><span class=\"versanumer\">19<\/span><\/a>sendi \u00fe\u00e1 til Drottins og l\u00e9t spyrja: Ert \u00fe\u00fa s\u00e1 sem koma skal, e\u00f0a eigum v\u00e9r a\u00f0 v\u00e6nta annars?<a name=\"20\"><span class=\"versanumer\">20<\/span><\/a>Mennirnir f\u00f3ru til hans og s\u00f6g\u00f0u: J\u00f3hannes sk\u00edrari sendi okkur til \u00fe\u00edn og spyr: Ert \u00fe\u00fa s\u00e1 sem koma skal, e\u00f0a eigum v\u00e9r a\u00f0 v\u00e6nta annars?<a name=\"21\"><span class=\"versanumer\">21<\/span><\/a>\u00c1 \u00feeirri stundu l\u00e6kna\u00f0i hann marga af sj\u00fakd\u00f3mum, meinum og illum \u00f6ndum og gaf m\u00f6rgum blindum s\u00fdn.<a name=\"22\"><span class=\"versanumer\">22<\/span><\/a>Og hann svara\u00f0i \u00feeim: Fari\u00f0 og kunngj\u00f6ri\u00f0 J\u00f3hannesi \u00fea\u00f0, sem \u00fei\u00f0 hafi\u00f0 s\u00e9\u00f0 og heyrt: Blindir f\u00e1 s\u00fdn, haltir ganga, l\u00edk\u00fer\u00e1ir hreinsast og daufir heyra, dau\u00f0ir r\u00edsa upp og f\u00e1t\u00e6kum er flutt fagna\u00f0arerindi.<a name=\"23\"><span class=\"versanumer\">23<\/span><\/a>Og s\u00e6ll er s\u00e1, sem hneykslast ekki \u00e1 m\u00e9r.<a name=\"24\"><span class=\"versanumer\">24<\/span><\/a>\u00de\u00e1 er sendimenn J\u00f3hannesar voru burt farnir, t\u00f3k hann a\u00f0 tala til mannfj\u00f6ldans um J\u00f3hannes: Hva\u00f0 f\u00f3ru\u00f0 \u00fe\u00e9r a\u00f0 sj\u00e1 \u00ed \u00f3bygg\u00f0um? Reyr af vindi skekinn?<a name=\"25\"><span class=\"versanumer\">25<\/span><\/a>Hva\u00f0 f\u00f3ru\u00f0 \u00fe\u00e9r a\u00f0 sj\u00e1? Pr\u00fa\u00f0b\u00fainn mann? Nei, \u00ed konungss\u00f6lum er \u00fe\u00e1 a\u00f0 finna, sem skartkl\u00e6\u00f0in bera og lifa \u00ed s\u00e6ll\u00edfi.<a name=\"26\"><span class=\"versanumer\">26<\/span><\/a>Hva\u00f0 f\u00f3ru\u00f0 \u00fe\u00e9r \u00fe\u00e1 a\u00f0 sj\u00e1? Sp\u00e1mann? J\u00e1, segi \u00e9g y\u00f0ur, og \u00fea\u00f0 meira en sp\u00e1mann.<a name=\"27\"><span class=\"versanumer\">27<\/span><\/a>Hann er s\u00e1 sem um er rita\u00f0: Sj\u00e1, \u00e9g sendi sendibo\u00f0a minn \u00e1 undan \u00fe\u00e9r, er grei\u00f0a mun veg \u00feinn fyrir \u00fe\u00e9r.<a name=\"28\"><span class=\"versanumer\">28<\/span><\/a>\u00c9g segi y\u00f0ur: Enginn er s\u00e1 af konu f\u00e6ddur, sem meiri s\u00e9 en J\u00f3hannes. En hinn minnsti \u00ed Gu\u00f0s r\u00edki er honum meiri.<a name=\"29\"><span class=\"versanumer\">29<\/span><\/a>Og allur l\u00fd\u00f0urinn, sem \u00e1 hl\u00fdddi, og enda tollheimtumenn, vi\u00f0urkenndu r\u00e9ttl\u00e6ti Gu\u00f0s og l\u00e9tu sk\u00edrast af J\u00f3hannesi.<a name=\"30\"><span class=\"versanumer\">30<\/span><\/a>En far\u00edsear og l\u00f6gvitringar gj\u00f6r\u00f0u a\u00f0 engu \u00e1form Gu\u00f0s um \u00fe\u00e1 og l\u00e9tu ekki sk\u00edrast af honum.<a name=\"31\"><span class=\"versanumer\">31<\/span><\/a>Vi\u00f0 hva\u00f0 \u00e1 \u00e9g \u00fe\u00e1 a\u00f0 l\u00edkja m\u00f6nnum \u00feessarar kynsl\u00f3\u00f0ar? Hverju eru \u00feeir l\u00edkir?<a name=\"32\"><span class=\"versanumer\">32<\/span><\/a>L\u00edkir eru \u00feeir b\u00f6rnum, sem \u00e1 torgi sitja og kallast \u00e1: V\u00e9r l\u00e9kum fyrir y\u00f0ur \u00e1 flautu, og ekki vildu\u00f0 \u00fe\u00e9r dansa. V\u00e9r sungum y\u00f0ur sorgarlj\u00f3\u00f0, og ekki vildu\u00f0 \u00fe\u00e9r gr\u00e1ta.<a name=\"33\"><span class=\"versanumer\">33<\/span><\/a>N\u00fa kom J\u00f3hannes sk\u00edrari, \u00e1t ekki brau\u00f0 n\u00e9 drakk v\u00edn, og \u00fe\u00e9r segi\u00f0: Hann hefur illan anda.<a name=\"34\"><span class=\"versanumer\">34<\/span><\/a>Og Mannssonurinn er kominn, etur og drekkur, og \u00fe\u00e9r segi\u00f0: Hann er math\u00e1kur og v\u00ednsvelgur, vinur tollheimtumanna og bersyndugra!<a name=\"35\"><span class=\"versanumer\">35<\/span><\/a>En spekin hefur r\u00e9tt fyrir s\u00e9r, \u00fea\u00f0 sta\u00f0festa \u00f6ll b\u00f6rn hennar.<a name=\"36\"><span class=\"versanumer\">36<\/span><\/a>Far\u00edsei nokkur bau\u00f0 honum a\u00f0 eta hj\u00e1 s\u00e9r, og hann f\u00f3r inn \u00ed h\u00fas far\u00edseans og settist til bor\u00f0s.<a name=\"37\"><span class=\"versanumer\">37<\/span><\/a>En kona ein \u00ed b\u00e6num, sem var bersyndug, var\u00f0 \u00feess v\u00eds, a\u00f0 hann sat a\u00f0 bor\u00f0i \u00ed h\u00fasi far\u00edseans. Kom h\u00fan \u00fe\u00e1 me\u00f0 alabastursbu\u00f0k me\u00f0 smyrslum,<a name=\"38\"><span class=\"versanumer\">38<\/span><\/a>nam sta\u00f0ar a\u00f0 baki honum til f\u00f3ta hans gr\u00e1tandi, t\u00f3k a\u00f0 v\u00e6ta f\u00e6tur hans me\u00f0 t\u00e1rum s\u00ednum, \u00feerra\u00f0i \u00fe\u00e1 me\u00f0 h\u00f6fu\u00f0h\u00e1ri s\u00ednu, kyssti \u00fe\u00e1 og smur\u00f0i me\u00f0 smyrslunum.<a name=\"39\"><span class=\"versanumer\">39<\/span><\/a>\u00deegar far\u00edseinn, sem honum haf\u00f0i bo\u00f0i\u00f0, s\u00e1 \u00feetta, sag\u00f0i hann vi\u00f0 sj\u00e1lfan sig: V\u00e6ri \u00feetta sp\u00e1ma\u00f0ur, mundi hann vita, hver og hv\u00edl\u00edk s\u00fa kona er, sem snertir hann, a\u00f0 h\u00fan er bersyndug.<a name=\"40\"><span class=\"versanumer\">40<\/span><\/a>Jes\u00fas sag\u00f0i \u00fe\u00e1 vi\u00f0 hann: S\u00edmon, \u00e9g hef nokku\u00f0 a\u00f0 segja \u00fe\u00e9r. Hann svara\u00f0i: Seg \u00fe\u00fa \u00fea\u00f0, meistari.<a name=\"41\"><span class=\"versanumer\">41<\/span><\/a>Tveir menn voru skuldugir l\u00e1nveitanda nokkrum. Annar skulda\u00f0i honum fimm hundru\u00f0 denara, en hinn fimmt\u00edu.<a name=\"42\"><span class=\"versanumer\">42<\/span><\/a>N\u00fa g\u00e1tu \u00feeir ekkert borga\u00f0, og \u00fe\u00e1 gaf hann b\u00e1\u00f0um upp. Hvor \u00feeirra skyldi n\u00fa elska hann meira?<a name=\"43\"><span class=\"versanumer\">43<\/span><\/a>S\u00edmon svara\u00f0i: S\u00e1, hygg \u00e9g, sem hann gaf meira upp. Jes\u00fas sag\u00f0i vi\u00f0 hann: \u00de\u00fa \u00e1lykta\u00f0ir r\u00e9tt.<a name=\"44\"><span class=\"versanumer\">44<\/span><\/a>S\u00ed\u00f0an sneri hann s\u00e9r a\u00f0 konunni og sag\u00f0i vi\u00f0 S\u00edmon: S\u00e9r \u00fe\u00fa konu \u00feessa? \u00c9g kom \u00ed h\u00fas \u00feitt, og \u00fe\u00fa gafst m\u00e9r ekki vatn \u00e1 f\u00e6tur m\u00edna, en h\u00fan v\u00e6tti f\u00e6tur m\u00edna t\u00e1rum s\u00ednum og \u00feerra\u00f0i me\u00f0 h\u00e1ri s\u00ednu.<a name=\"45\"><span class=\"versanumer\">45<\/span><\/a>Ekki gafst \u00fe\u00fa m\u00e9r koss, en h\u00fan hefur ekki l\u00e1ti\u00f0 af a\u00f0 kyssa f\u00e6tur m\u00edna, allt fr\u00e1 \u00fev\u00ed \u00e9g kom.<a name=\"46\"><span class=\"versanumer\">46<\/span><\/a>Ekki smur\u00f0ir \u00fe\u00fa h\u00f6fu\u00f0 mitt ol\u00edu, en h\u00fan hefur smurt f\u00e6tur m\u00edna me\u00f0 smyrslum.<a name=\"47\"><span class=\"versanumer\">47<\/span><\/a>\u00deess vegna segi \u00e9g \u00fe\u00e9r: Hinar m\u00f6rgu syndir hennar eru fyrirgefnar, enda elskar h\u00fan miki\u00f0, en s\u00e1 elskar l\u00edti\u00f0, sem l\u00edti\u00f0 er fyrirgefi\u00f0.<a name=\"48\"><span class=\"versanumer\">48<\/span><\/a>S\u00ed\u00f0an sag\u00f0i hann vi\u00f0 hana: Syndir \u00fe\u00ednar eru fyrirgefnar.<a name=\"49\"><span class=\"versanumer\">49<\/span><\/a>\u00de\u00e1 t\u00f3ku \u00feeir, sem til bor\u00f0s s\u00e1tu me\u00f0 honum, a\u00f0 segja me\u00f0 sj\u00e1lfum s\u00e9r: Hver er s\u00e1, er fyrirgefur syndir?<a name=\"50\"><span class=\"versanumer\">50<\/span><\/a>En hann sag\u00f0i vi\u00f0 konuna: Tr\u00fa \u00fe\u00edn hefur frelsa\u00f0 \u00feig, far \u00fe\u00fa \u00ed fri\u00f0i.<\/p>\n<div class=\"footnote1981\"><b>7.1-10<\/b> Hlst. Matt 8.5-13; J\u00f3h 4.43-54<br \/>\n<b>7.2<\/b> Dau\u00f0vona J\u00f3h 4.47<br \/>\n<b>7.5<\/b> Elskar \u00fej\u00f3\u00f0 okkar Post 10.2<br \/>\n<b>7.12<\/b> Dau\u00f0i einkasonar 1Kon 17.10-12,17-24; L\u00fak 8.42<br \/>\n<b>7.13<\/b> Gr\u00e1t \u00fe\u00fa eigi L\u00fak 8.52<br \/>\n<b>7.14<\/b> R\u00eds \u00fe\u00fa upp L\u00fak 8.54; sbr Matt 9.25+ ; Mrk 1.31; 9.27<br \/>\n<b>7.15<\/b> Gaf hann m\u00f3\u00f0ur hans 1Kon 17.23; 2Kon 4.36<br \/>\n<b>7.16<\/b> Sp\u00e1ma\u00f0ur Matt 16.14+ &#8211; Gu\u00f0 vitjar l\u00fd\u00f0s s\u00edns Slm 111.9; L\u00fak 1.68; 19.44<br \/>\n<b>7.18-35<\/b> Hlst. Matt 11.2-19<br \/>\n<b>7.19<\/b> S\u00e1 sem koma \u00e1 Matt 3.11+ ; 23.39; L\u00fak 13.56; J\u00f3h 11.27; Opb 4.8; sbr Slm 118.26<br \/>\n<b>7.22<\/b> Blindir Jes 29.18; 35.5-6; 61.1; L\u00fak 4.18<br \/>\n<b>7.23<\/b> S\u00e6ll Matt 5.3+ ; L\u00fak 6.20+ &#8211; hafna Matt 5.29+<br \/>\n<b>7.26<\/b> J\u00f3hannes sk\u00edrari, sp\u00e1ma\u00f0ur Matt 14.5; 21.26; L\u00fak 1.76 \u2013 sp\u00e1ama\u00f0ur hinna s\u00ed\u00f0ustu t\u00edma J\u00f3h 1.21; 6.14; 7.40<br \/>\n<b>7.27<\/b> Sbr 2M\u00f3s 23.20; Mal 3.1; Mrk 1.2; L\u00fak 1.76; sbr J\u00f3h 3.23<br \/>\n<b>7.28<\/b> Meiri en J\u00f3hannes L\u00fak 1.15<br \/>\n<b>7.29-30<\/b> Tollheimtumenn, far\u00edsear, J\u00f3hannes L\u00fak 3.7,12; Matt 21.2<br \/>\n<b>7.30<\/b> L\u00f6gvitringar Matt 22.35; L\u00fak 10.25; 11.45-46,52; 14.3 \u2013 \u00e1form Gu\u00f0s Post 2.23<br \/>\n<b>7.33<\/b> Hefur illan anda sbr J\u00f3h 7.20; 10.20<br \/>\n<b>7.34<\/b> Vinur syndara L\u00fak 5.29-30+<br \/>\n<b>7.35<\/b> Spekin L\u00fak 2.40,52; 11.31; 21.15<br \/>\n<b>7.36<\/b> Hj\u00e1 far\u00edsea L\u00fak 11.37; 14.1<br \/>\n<b>7.37<\/b> Bu\u00f0kur me\u00f0 smyrslum Matt 26.7; Mrk 14.3<br \/>\n<b>7.38<\/b> Sbr J\u00f3h 12.3<br \/>\n<b>7.44<\/b> \u00devo\u00f0i f\u00e6tur m\u00edna 1M\u00f3s 18.4; 19.2; sbr J\u00f3h 13.1-17<br \/>\n<b>7.45<\/b> Kyssa R\u00f3m 16.16; 1Kor 16.20; 2Kor 13.12; 1\u00deess 5.26; 1P\u00e9t 5.14<br \/>\n<b>7.46<\/b> H\u00f6fu\u00f0 smurt me\u00f0 ol\u00edu Slm 23.5<br \/>\n<b>7.48<\/b> Syndir fyrirgefnar L\u00fak 5.20; sbr Matt 26.28+<br \/>\n<b>7.49<\/b> Hver er s\u00e1? L\u00fak 5.21<br \/>\n<b>7.50<\/b> Tr\u00fa \u00fe\u00edn hefur frelsa\u00f0 \u00feig L\u00fak 8.48 og hlst.; 17.19; 18.42 og hlst.; sbr Opb 3.16 \u2013 \u00ed fri\u00f0i L\u00fak 8.48; R\u00f3m 12.18; 1Kor 7.15; 1\u00deess 5.13<\/div>\n","protected":false},"excerpt":{"rendered":"<p>1\u00de\u00e1 er hann haf\u00f0i loki\u00f0 m\u00e1li s\u00ednu \u00ed \u00e1heyrn l\u00fd\u00f0sins, f\u00f3r hann til Kapernaum.2Hundra\u00f0sh\u00f6f\u00f0ingi nokkur haf\u00f0i \u00fej\u00f3n, sem hann mat mikils. \u00dej\u00f3nninn var sj\u00fakur og dau\u00f0vona.3\u00deegar hundra\u00f0sh\u00f6f\u00f0inginn heyr\u00f0i um Jes\u00fa, sendi hann til hans \u00f6ldunga Gy\u00f0inga og ba\u00f0 hann koma og bjarga l\u00edfi \u00fej\u00f3ns s\u00edns.4\u00deeir komu til Jes\u00fa, b\u00e1\u00f0u hann \u00e1kaft og s\u00f6g\u00f0u: Ver\u00f0ur er hann \u00feess, a\u00f0 \u00fe\u00fa veitir honum \u00feetta,5\u00fev\u00ed a\u00f0 hann elskar \u00fej\u00f3\u00f0 vora, og hann hefur reist samkunduna handa oss.6Jes\u00fas f\u00f3r me\u00f0 \u00feeim. \u00deegar hann \u00e1tti skammt til h\u00fassins, sendi hundra\u00f0sh\u00f6f\u00f0inginn vini s\u00edna til hans og l\u00e9t segja vi\u00f0 hann: \u00d3maka \u00feig ekki, herra, \u00fev\u00ed a\u00f0 <a href=\"https:\/\/biblian.is\/1981\/lukasargudspjall-7-kafli\/\"> [&#8230;]<\/a><\/p>\n","protected":false},"author":1,"featured_media":0,"parent":0,"menu_order":0,"comment_status":"open","ping_status":"open","template":"bibliukaflar.php","meta":{"footnotes":""},"class_list":["post-2327","page","type-page","status-publish","hentry"],"_links":{"self":[{"href":"https:\/\/biblian.is\/1981\/wp-json\/wp\/v2\/pages\/2327","targetHints":{"allow":["GET"]}}],"collection":[{"href":"https:\/\/biblian.is\/1981\/wp-json\/wp\/v2\/pages"}],"about":[{"href":"https:\/\/biblian.is\/1981\/wp-json\/wp\/v2\/types\/page"}],"author":[{"embeddable":true,"href":"https:\/\/biblian.is\/1981\/wp-json\/wp\/v2\/users\/1"}],"replies":[{"embeddable":true,"href":"https:\/\/biblian.is\/1981\/wp-json\/wp\/v2\/comments?post=2327"}],"version-history":[{"count":0,"href":"https:\/\/biblian.is\/1981\/wp-json\/wp\/v2\/pages\/2327\/revisions"}],"wp:attachment":[{"href":"https:\/\/biblian.is\/1981\/wp-json\/wp\/v2\/media?parent=2327"}],"curies":[{"name":"wp","href":"https:\/\/api.w.org\/{rel}","templated":true}]}}