{"id":2326,"date":"2017-11-18T20:21:17","date_gmt":"2017-11-18T20:21:17","guid":{"rendered":"http:\/\/biblian.is\/1981\/lukasargudspjall-6-kafli\/"},"modified":"2021-06-06T11:03:43","modified_gmt":"2021-06-06T11:03:43","slug":"lukasargudspjall-6-kafli","status":"publish","type":"page","link":"https:\/\/biblian.is\/1981\/lukasargudspjall-6-kafli\/","title":{"rendered":"L\u00fakasargu\u00f0spjall 6. kafli"},"content":{"rendered":"<p><a name=\"1\"><span class=\"versanumer\">1<\/span><\/a>En svo bar vi\u00f0 \u00e1 hv\u00edldardegi, a\u00f0 hann f\u00f3r um s\u00e1\u00f0l\u00f6nd, og t\u00edndu l\u00e6risveinar hans korn\u00f6x, neru milli handanna og \u00e1tu.<a name=\"2\"><span class=\"versanumer\">2<\/span><\/a>\u00de\u00e1 s\u00f6g\u00f0u far\u00edsear nokkrir: Hv\u00ed gj\u00f6ri\u00f0 \u00fe\u00e9r \u00fea\u00f0, sem er ekki leyfilegt \u00e1 hv\u00edldardegi?<a name=\"3\"><span class=\"versanumer\">3<\/span><\/a>Og Jes\u00fas svara\u00f0i \u00feeim: Hafi\u00f0 \u00fe\u00e9r \u00fe\u00e1 ekki lesi\u00f0, hva\u00f0 Dav\u00ed\u00f0 gj\u00f6r\u00f0i, er hann hungra\u00f0i og menn hans?<a name=\"4\"><span class=\"versanumer\">4<\/span><\/a>Hann f\u00f3r inn \u00ed Gu\u00f0s h\u00fas, t\u00f3k sko\u00f0unarbrau\u00f0in og \u00e1t og gaf m\u00f6nnum s\u00ednum, en \u00feau m\u00e1 enginn eta nema prestarnir einir.<a name=\"5\"><span class=\"versanumer\">5<\/span><\/a>Og hann sag\u00f0i vi\u00f0 \u00fe\u00e1: Mannssonurinn er herra hv\u00edldardagsins.<a name=\"6\"><span class=\"versanumer\">6<\/span><\/a>Annan hv\u00edldardag gekk hann \u00ed samkunduna og kenndi. \u00dear var ma\u00f0ur nokkur me\u00f0 visna h\u00e6gri h\u00f6nd.<a name=\"7\"><span class=\"versanumer\">7<\/span><\/a>En fr\u00e6\u00f0imenn og far\u00edsear h\u00f6f\u00f0u n\u00e1nar g\u00e6tur \u00e1 Jes\u00fa, hvort hann l\u00e6kna\u00f0i \u00e1 hv\u00edldardegi, svo a\u00f0 \u00feeir fengju tilefni a\u00f0 k\u00e6ra hann.<a name=\"8\"><span class=\"versanumer\">8<\/span><\/a>En hann vissi hugsanir \u00feeirra og sag\u00f0i vi\u00f0 manninn me\u00f0 visnu h\u00f6ndina: Statt upp, og kom h\u00e9r fram. Og hann st\u00f3\u00f0 upp og kom.<a name=\"9\"><span class=\"versanumer\">9<\/span><\/a>Jes\u00fas sag\u00f0i vi\u00f0 \u00fe\u00e1: \u00c9g spyr y\u00f0ur, hvort er heldur leyfilegt a\u00f0 gj\u00f6ra gott e\u00f0a gj\u00f6ra illt \u00e1 hv\u00edldardegi, bjarga l\u00edfi e\u00f0a granda \u00fev\u00ed?<a name=\"10\"><span class=\"versanumer\">10<\/span><\/a>Hann leit \u00ed kring \u00e1 \u00fe\u00e1 alla og sag\u00f0i vi\u00f0 manninn: R\u00e9ttu fram h\u00f6nd \u00fe\u00edna. Hann gj\u00f6r\u00f0i svo, og h\u00f6nd hans var\u00f0 heil.<a name=\"11\"><span class=\"versanumer\">11<\/span><\/a>En \u00feeir ur\u00f0u \u00e6fir vi\u00f0 og r\u00e6ddu s\u00edn \u00e1 milli, hva\u00f0 \u00feeir g\u00e6tu gj\u00f6rt Jes\u00fa.<a name=\"12\"><span class=\"versanumer\">12<\/span><\/a>En svo bar vi\u00f0 um \u00feessar mundir, a\u00f0 hann f\u00f3r til fjalls a\u00f0 bi\u00f0jast fyrir og var alla n\u00f3ttina \u00e1 b\u00e6n til Gu\u00f0s.<a name=\"13\"><span class=\"versanumer\">13<\/span><\/a>Og er dagur rann, kalla\u00f0i hann til s\u00edn l\u00e6risveina s\u00edna, valdi t\u00f3lf \u00far \u00feeirra h\u00f3pi og nefndi \u00fe\u00e1 postula.<a name=\"14\"><span class=\"versanumer\">14<\/span><\/a>\u00deeir voru: S\u00edmon, sem hann nefndi P\u00e9tur, Andr\u00e9s br\u00f3\u00f0ir hans, Jakob og J\u00f3hannes, Filippus og Bart\u00f3l\u00f3meus,<a name=\"15\"><span class=\"versanumer\">15<\/span><\/a>Matteus og T\u00f3mas, Jakob Alfeusson og S\u00edmon, kalla\u00f0ur vandl\u00e6tari,<a name=\"16\"><span class=\"versanumer\">16<\/span><\/a>og J\u00fadas Jakobsson og J\u00fadas \u00cdskar\u00edot, sem var\u00f0 svikari.<a name=\"17\"><span class=\"versanumer\">17<\/span><\/a>Hann gekk ofan me\u00f0 \u00feeim og nam sta\u00f0ar \u00e1 sl\u00e9ttri fl\u00f6t. \u00dear var st\u00f3r h\u00f3pur l\u00e6risveina hans og mikill fj\u00f6ldi f\u00f3lks \u00far allri J\u00fadeu, fr\u00e1 Jer\u00fasalem og sj\u00e1varbygg\u00f0um T\u00fdrusar og S\u00eddonar,<a name=\"18\"><span class=\"versanumer\">18<\/span><\/a>er komi\u00f0 haf\u00f0i til a\u00f0 hl\u00fd\u00f0a \u00e1 hann og f\u00e1 l\u00e6kning meina sinna. Einnig voru \u00feeir l\u00e6kna\u00f0ir, er \u00fej\u00e1\u00f0ir voru af \u00f3hreinum \u00f6ndum.<a name=\"19\"><span class=\"versanumer\">19<\/span><\/a>Allt f\u00f3lki\u00f0 reyndi a\u00f0 snerta hann, \u00fev\u00ed a\u00f0 fr\u00e1 honum kom kraftur, er l\u00e6kna\u00f0i alla.<a name=\"20\"><span class=\"versanumer\">20<\/span><\/a>\u00de\u00e1 h\u00f3f hann upp augu s\u00edn, leit \u00e1 l\u00e6risveina s\u00edna og sag\u00f0i: S\u00e6lir eru\u00f0 \u00fe\u00e9r, f\u00e1t\u00e6kir, \u00fev\u00ed a\u00f0 y\u00f0ar er Gu\u00f0s r\u00edki.<a name=\"21\"><span class=\"versanumer\">21<\/span><\/a>S\u00e6lir eru\u00f0 \u00fe\u00e9r, sem n\u00fa hungrar, \u00fev\u00ed a\u00f0 \u00fe\u00e9r munu\u00f0 saddir ver\u00f0a. S\u00e6lir eru\u00f0 \u00fe\u00e9r, sem n\u00fa gr\u00e1ti\u00f0, \u00fev\u00ed a\u00f0 \u00fe\u00e9r munu\u00f0 hl\u00e6ja.<a name=\"22\"><span class=\"versanumer\">22<\/span><\/a>S\u00e6lir eru\u00f0 \u00fe\u00e9r, \u00fe\u00e1 er menn hata y\u00f0ur, \u00fe\u00e1 er \u00feeir \u00fatsk\u00fafa y\u00f0ur og sm\u00e1na og bera \u00fat \u00f3hr\u00f3\u00f0ur um y\u00f0ur vegna Mannssonarins.<a name=\"23\"><span class=\"versanumer\">23<\/span><\/a>Fagni\u00f0 \u00e1 \u00feeim degi og leiki\u00f0 af gle\u00f0i, \u00fev\u00ed laun y\u00f0ar eru mikil \u00e1 himni, og \u00e1 sama veg f\u00f3ru fe\u00f0ur \u00feeirra me\u00f0 sp\u00e1mennina.<a name=\"24\"><span class=\"versanumer\">24<\/span><\/a>En vei y\u00f0ur, \u00fe\u00e9r au\u00f0menn, \u00fev\u00ed a\u00f0 \u00fe\u00e9r hafi\u00f0 teki\u00f0 \u00fat huggun y\u00f0ar.<a name=\"25\"><span class=\"versanumer\">25<\/span><\/a>Vei y\u00f0ur, sem n\u00fa eru\u00f0 saddir, \u00fev\u00ed a\u00f0 y\u00f0ur mun hungra. Vei y\u00f0ur, sem n\u00fa hl\u00e6i\u00f0, \u00fev\u00ed a\u00f0 \u00fe\u00e9r munu\u00f0 s\u00fdta og gr\u00e1ta.<a name=\"26\"><span class=\"versanumer\">26<\/span><\/a>Vei y\u00f0ur, \u00fe\u00e1 er allir menn tala vel um y\u00f0ur, \u00fev\u00ed a\u00f0 \u00e1 sama veg f\u00f3rst fe\u00f0rum \u00feeirra vi\u00f0 falssp\u00e1mennina.<a name=\"27\"><span class=\"versanumer\">27<\/span><\/a>En \u00e9g segi y\u00f0ur, er \u00e1 mig hl\u00fd\u00f0i\u00f0: Elski\u00f0 \u00f3vini y\u00f0ar, gj\u00f6ri\u00f0 \u00feeim gott, sem hata y\u00f0ur,<a name=\"28\"><span class=\"versanumer\">28<\/span><\/a>blessi\u00f0 \u00fe\u00e1, sem b\u00f6lva y\u00f0ur, og bi\u00f0ji\u00f0 fyrir \u00feeim, er mis\u00feyrma y\u00f0ur.<a name=\"29\"><span class=\"versanumer\">29<\/span><\/a>Sl\u00e1i \u00feig einhver \u00e1 kinnina, skaltu og bj\u00f3\u00f0a hina, og taki einhver yfirh\u00f6fn \u00fe\u00edna, skaltu ekki varna honum a\u00f0 taka kyrtilinn l\u00edka.<a name=\"30\"><span class=\"versanumer\">30<\/span><\/a>Gef \u00fe\u00fa hverjum sem bi\u00f0ur \u00feig, og \u00feann, sem tekur \u00feitt fr\u00e1 \u00fe\u00e9r, skaltu eigi krefja.<a name=\"31\"><span class=\"versanumer\">31<\/span><\/a>Og svo sem \u00fe\u00e9r vilji\u00f0, a\u00f0 a\u00f0rir menn gj\u00f6ri vi\u00f0 y\u00f0ur, svo skulu\u00f0 \u00fe\u00e9r og \u00feeim gj\u00f6ra.<a name=\"32\"><span class=\"versanumer\">32<\/span><\/a>Og \u00fe\u00f3tt \u00fe\u00e9r elski\u00f0 \u00fe\u00e1, sem y\u00f0ur elska, hva\u00f0a \u00fe\u00f6kk eigi\u00f0 \u00fe\u00e9r fyrir \u00fea\u00f0? Syndarar elska \u00fe\u00e1 l\u00edka, sem \u00fe\u00e1 elska.<a name=\"33\"><span class=\"versanumer\">33<\/span><\/a>Og \u00fe\u00f3tt \u00fe\u00e9r gj\u00f6ri\u00f0 \u00feeim gott, sem y\u00f0ur gj\u00f6ra gott, hva\u00f0a \u00fe\u00f6kk eigi\u00f0 \u00fe\u00e9r fyrir \u00fea\u00f0? Syndarar gj\u00f6ra og hi\u00f0 sama.<a name=\"34\"><span class=\"versanumer\">34<\/span><\/a>Og \u00fe\u00f3tt \u00fe\u00e9r l\u00e1ni\u00f0 \u00feeim, sem \u00fe\u00e9r voni\u00f0 a\u00f0 muni borga, hva\u00f0a \u00fe\u00f6kk eigi\u00f0 \u00fe\u00e9r fyrir \u00fea\u00f0? Syndarar l\u00e1na einnig syndurum til \u00feess a\u00f0 f\u00e1 allt aftur.<a name=\"35\"><span class=\"versanumer\">35<\/span><\/a>Nei, elski\u00f0 \u00f3vini y\u00f0ar, og gj\u00f6ri\u00f0 gott og l\u00e1ni\u00f0 \u00e1n \u00feess a\u00f0 v\u00e6nta nokkurs \u00ed sta\u00f0inn, og laun y\u00f0ar munu ver\u00f0a mikil, og \u00fe\u00e9r ver\u00f0a b\u00f6rn hins h\u00e6sta, \u00fev\u00ed a\u00f0 hann er g\u00f3\u00f0ur vi\u00f0 van\u00feakkl\u00e1ta og vonda.<a name=\"36\"><span class=\"versanumer\">36<\/span><\/a>Veri\u00f0 miskunnsamir, eins og fa\u00f0ir y\u00f0ar er miskunnsamur.<a name=\"37\"><span class=\"versanumer\">37<\/span><\/a>D\u00e6mi\u00f0 ekki, og \u00fe\u00e9r munu\u00f0 eigi d\u00e6mdir ver\u00f0a. Sakfelli\u00f0 eigi, og \u00fe\u00e9r munu\u00f0 eigi sakfelldir ver\u00f0a. S\u00fdkni\u00f0, og \u00fe\u00e9r munu\u00f0 s\u00fdkna\u00f0ir ver\u00f0a.<a name=\"38\"><span class=\"versanumer\">38<\/span><\/a>Gefi\u00f0, og y\u00f0ur mun gefi\u00f0 ver\u00f0a. G\u00f3\u00f0ur m\u00e6lir, tro\u00f0inn, skekinn, fleytifullur mun lag\u00f0ur \u00ed skaut y\u00f0ar. \u00dev\u00ed me\u00f0 \u00feeim m\u00e6li, sem \u00fe\u00e9r m\u00e6li\u00f0, mun y\u00f0ur aftur m\u00e6lt ver\u00f0a.<a name=\"39\"><span class=\"versanumer\">39<\/span><\/a>\u00de\u00e1 sag\u00f0i hann \u00feeim og l\u00edkingu: Hvort f\u00e6r blindur leitt blindan? Munu ekki b\u00e1\u00f0ir falla \u00ed gryfju?<a name=\"40\"><span class=\"versanumer\">40<\/span><\/a>Ekki er l\u00e6risveinn meistaranum fremri, en hver sem er fullnuma, ver\u00f0ur eins og meistari hans.<a name=\"41\"><span class=\"versanumer\">41<\/span><\/a>Hv\u00ed s\u00e9r\u00f0 \u00fe\u00fa fl\u00edsina \u00ed auga br\u00f3\u00f0ur \u00fe\u00edns, en tekur ekki eftir bj\u00e1lkanum \u00ed auga sj\u00e1lfs \u00fe\u00edn?<a name=\"42\"><span class=\"versanumer\">42<\/span><\/a>Hvernig f\u00e6r \u00fe\u00fa sagt vi\u00f0 br\u00f3\u00f0ur \u00feinn: Br\u00f3\u00f0ir, l\u00e1t mig draga fl\u00edsina \u00far auga \u00fe\u00e9r, en s\u00e9r\u00f0 \u00fe\u00f3 eigi sj\u00e1lfur bj\u00e1lkann \u00ed \u00fe\u00ednu auga? Hr\u00e6snari, drag fyrst bj\u00e1lkann \u00far auga \u00fe\u00e9r, og \u00fe\u00e1 s\u00e9r\u00f0u gl\u00f6ggt til a\u00f0 draga fl\u00edsina \u00far auga br\u00f3\u00f0ur \u00fe\u00edns.<a name=\"43\"><span class=\"versanumer\">43<\/span><\/a>\u00dev\u00ed a\u00f0 ekki er til gott tr\u00e9, er beri sl\u00e6man \u00e1v\u00f6xt, n\u00e9 heldur sl\u00e6mt tr\u00e9, er beri g\u00f3\u00f0an \u00e1v\u00f6xt.<a name=\"44\"><span class=\"versanumer\">44<\/span><\/a>En hvert tr\u00e9 \u00feekkist af \u00e1vexti s\u00ednum, enda lesa menn ekki f\u00edkjur af \u00feistlum n\u00e9 v\u00ednber af \u00feyrnirunni.<a name=\"45\"><span class=\"versanumer\">45<\/span><\/a>G\u00f3\u00f0ur ma\u00f0ur ber gott fram \u00far g\u00f3\u00f0um sj\u00f3\u00f0i hjarta s\u00edns, en vondur ma\u00f0ur ber vont fram \u00far vondum sj\u00f3\u00f0i. Af gn\u00e6g\u00f0 hjartans m\u00e6lir munnur hans.<a name=\"46\"><span class=\"versanumer\">46<\/span><\/a>En hv\u00ed kalli\u00f0 \u00fe\u00e9r mig herra, herra, og gj\u00f6ri\u00f0 ekki \u00fea\u00f0, sem \u00e9g segi?<a name=\"47\"><span class=\"versanumer\">47<\/span><\/a>\u00c9g skal s\u00fdna y\u00f0ur, hverjum s\u00e1 er l\u00edkur, sem kemur til m\u00edn, heyrir or\u00f0 m\u00edn og breytir eftir \u00feeim.<a name=\"48\"><span class=\"versanumer\">48<\/span><\/a>Hann er l\u00edkur manni, er bygg\u00f0i h\u00fas, gr\u00f3f dj\u00fapt fyrir og grundvalla\u00f0i \u00fea\u00f0 \u00e1 bjargi. N\u00fa kom fl\u00f3\u00f0 og flaumurinn skall \u00e1 \u00fev\u00ed h\u00fasi, en f\u00e9kk hvergi hr\u00e6rt \u00fea\u00f0, vegna \u00feess a\u00f0 \u00fea\u00f0 var vel byggt.<a name=\"49\"><span class=\"versanumer\">49<\/span><\/a>Hinn, er heyrir og gj\u00f6rir ekki, er l\u00edkur manni, sem bygg\u00f0i h\u00fas \u00e1 j\u00f6r\u00f0inni \u00e1n undirst\u00f6\u00f0u. Flaumurinn skall \u00e1 \u00fev\u00ed, og \u00fea\u00f0 h\u00fas f\u00e9ll \u00feegar, og fall \u00feess var\u00f0 miki\u00f0.<\/p>\n<div class=\"footnote1981\"><b>6.1-11<\/b> Hlst. Matt 12.1-14; Mrk 2.23-28; 3.1-6<br \/>\n<b>6.1<\/b> Korn\u00f6x t\u00fdnd 5M\u00f3s 23.25<br \/>\n<b>6.2<\/b> Ekki leyfilegt 2M\u00f3s 34.21; J\u00f3h 5.10<br \/>\n<b>6.3-4<\/b> Dav\u00ed\u00f0 og sko\u00f0unarbrau\u00f0in 1Sam 21.2-7; sbr 3M\u00f3s 24.5-9<br \/>\n<b>6.7<\/b> H\u00f6f\u00f0u g\u00e6tur \u00e1 Jes\u00fa L\u00fak 14.1 \u2013 l\u00e6kning \u00e1 hv\u00edldardegi L\u00fak 13.14; 14.1-2<br \/>\n<b>6.8<\/b> Vissi hugsanir \u00feeirra Matt 12.25; L\u00fak 5.22; 9.47; 11.17; 20.23<br \/>\n<b>6.12-16<\/b> Hlst. Matt 10.1-4; Mrk 3.13-19<br \/>\n<b>6.12<\/b> B\u00e6n Jes\u00fa L\u00fak 3.21+<br \/>\n<b>6.13<\/b> Valdi t\u00f3lf J\u00f3h 6.70 \u2013 hinir t\u00f3lf postular L\u00fak 9.10; 11.49; 17.5; 22.14; 24.10<br \/>\n<b>6.14-16<\/b> Postularnir Matt 10.2+<br \/>\n<b>6.14<\/b> S\u00edmon, P\u00e9tur, Andr\u00e9s Matt 4.18+ &#8211; gefa nafn 1M\u00f3s 17.5,15; 32.29; 2Kon 23.34; 24.17 \u2013 Jakob, J\u00f3hannes Matt 4.21+ &#8211; Filippus Matt 10.3+<br \/>\n<b>6.15<\/b> Matteus Matt 9.9+ &#8211; T\u00f3mas 10.3+<br \/>\n<b>6.16<\/b> J\u00fadas Jakobsson Post 1.13; J\u00f3h 14.22 \u2013 J\u00fadas \u00cdskar\u00edot Matt 10.4+<br \/>\n<b>6.17-19<\/b> Hlst. Matt 4.23-25<br \/>\n<b>6.17<\/b> Mikill fj\u00f6ldi f\u00f3lks Mrk 3.8+<br \/>\n<b>6.19<\/b> Snerta Jes\u00fa Matt 14.36; Mrk 6.56; L\u00fak 8.44,46 og hlst. \u2013 kraftur, er l\u00e6knar Mrk 5.30<br \/>\n<b>6.20-26<\/b> Hlst. Matt 5.1-12<br \/>\n<b>6.20<\/b> S\u00e6lir Matt 5.3+ ; sbr Jes 30.18; 32.20; Dan 12.12; Slm 32.1-2; 84.5; Okv 3.13; 8.32,34 \u2013 f\u00e1t\u00e6kir Slm 34.18; 40.18; Matt 11.5; L\u00fak 4.18; 7.22; sbr 10.21; 14.11; 18.14 \u2013 Gu\u00f0s r\u00edki Matt 3.2+ ; 6.10+<br \/>\n<b>6.21<\/b> Hungra\u00f0ir, saddir Jes 49.10; Jer 31.25 \u2013 umskipti L\u00fak 1.51-53; 16.19-26 \u2013 gr\u00e1tur og gle\u00f0i Slm 126.5-6; Jes 25.6-9; 61.3; Opb 7.16-17<br \/>\n<b>6.22<\/b> Hata\u00f0ir vegna Jes\u00fa Mrk 13.13+ &#8211; Mannssonurinn Matt 8.20+ +<br \/>\n<b>6.23<\/b> Sp\u00e1m\u00f6nnum mis\u00feyrmt 2Kro 36.16; Matt 23.30-31; L\u00fak 11.47; 13.33-34; sbr Matt 21.35+<br \/>\n<b>6.24<\/b> Vei Matt 11.21+ ; L\u00fak 10.13; 11.42-52; 17.1; 21.23; 22.22; sbr Jes 3.10-11; Jer 17.5-8; Okv 28.14; Pr\u00e9d 10.16-17 \u2013 au\u00f0menn Jak 5.1 \u2013 hafi\u00f0 fengi\u00f0 y\u00f0ar skerf L\u00fak 16.25<br \/>\n<b>6.26<\/b> H\u00e6la Jak 4.4<br \/>\n<b>6.27-36<\/b> Hlst. Matt 5.38-48; 7.12a<br \/>\n<b>6.27<\/b> Elski\u00f0 \u00f3vini y\u00f0ar Matt 5.44+<br \/>\n<b>6.28<\/b> Blessi\u00f0 &#8230; R\u00f3m 12.14<br \/>\n<b>6.29<\/b> Bj\u00f3\u00f0a hina kinnina sbr J\u00f3h 18.22-23; Post 23.3<br \/>\n<b>6.31<\/b> Gullna reglan Matt 7.12; R\u00f3m 13.8-10<br \/>\n<b>6.35<\/b> Elski\u00f0 \u00f3vini y\u00f0ar L\u00fak 6.27 \u2013 \u00e1n vonar um endurgjald 3M\u00f3s 25.35-36<br \/>\n<b>6.36<\/b> Miskunns\u00f6m 2M\u00f3s 34.6; 5M\u00f3s 4.31; Slm 78.38; 86.15<br \/>\n<b>6.37-42<\/b> Hlst. Matt 7.1-5<br \/>\n<b>6.37<\/b> Fyrirgefi\u00f0 &#8230; Matt 6.14<br \/>\n<b>6.38<\/b> Me\u00f0 \u00feeim m\u00e6li Matt 7.2; Mrk 4.24<br \/>\n<b>6.39<\/b> Blindur lei\u00f0ir blindan Matt 15.14; 23.16; R\u00f3m 2.19<br \/>\n<b>6.40<\/b> L\u00e6risveinninn og meistari hans Matt 10.24-25; J\u00f3h 13.16; 15.20<br \/>\n<b>6.43-45<\/b> Hlst. Matt 7.17-20; 12.34b-35<br \/>\n<b>6.44<\/b> Af \u00e1vextinum \u00feekkist tr\u00e9\u00f0 Matt 7.16; 12.33; sbr Jak 3.11-12<br \/>\n<b>6.46-49<\/b> Hlst. Matt 7.24-27<br \/>\n<b>6.46<\/b> Or\u00f0 og gj\u00f6r\u00f0ir Mal 1.6; Matt 7.21; sbr Jes 29.13; Matt 15.8; Mrk 7.6 \u2013 gera Matt 7.21; R\u00f3m 2.13; Jak 1.22,25; 1J\u00f3h 2.17<\/div>\n","protected":false},"excerpt":{"rendered":"<p>1En svo bar vi\u00f0 \u00e1 hv\u00edldardegi, a\u00f0 hann f\u00f3r um s\u00e1\u00f0l\u00f6nd, og t\u00edndu l\u00e6risveinar hans korn\u00f6x, neru milli handanna og \u00e1tu.2\u00de\u00e1 s\u00f6g\u00f0u far\u00edsear nokkrir: Hv\u00ed gj\u00f6ri\u00f0 \u00fe\u00e9r \u00fea\u00f0, sem er ekki leyfilegt \u00e1 hv\u00edldardegi?3Og Jes\u00fas svara\u00f0i \u00feeim: Hafi\u00f0 \u00fe\u00e9r \u00fe\u00e1 ekki lesi\u00f0, hva\u00f0 Dav\u00ed\u00f0 gj\u00f6r\u00f0i, er hann hungra\u00f0i og menn hans?4Hann f\u00f3r inn \u00ed Gu\u00f0s h\u00fas, t\u00f3k sko\u00f0unarbrau\u00f0in og \u00e1t og gaf m\u00f6nnum s\u00ednum, en \u00feau m\u00e1 enginn eta nema prestarnir einir.5Og hann sag\u00f0i vi\u00f0 \u00fe\u00e1: Mannssonurinn er herra hv\u00edldardagsins.6Annan hv\u00edldardag gekk hann \u00ed samkunduna og kenndi. \u00dear var ma\u00f0ur nokkur me\u00f0 visna h\u00e6gri h\u00f6nd.7En fr\u00e6\u00f0imenn og far\u00edsear h\u00f6f\u00f0u n\u00e1nar <a href=\"https:\/\/biblian.is\/1981\/lukasargudspjall-6-kafli\/\"> [&#8230;]<\/a><\/p>\n","protected":false},"author":1,"featured_media":0,"parent":0,"menu_order":0,"comment_status":"open","ping_status":"open","template":"bibliukaflar.php","meta":{"footnotes":""},"class_list":["post-2326","page","type-page","status-publish","hentry"],"_links":{"self":[{"href":"https:\/\/biblian.is\/1981\/wp-json\/wp\/v2\/pages\/2326","targetHints":{"allow":["GET"]}}],"collection":[{"href":"https:\/\/biblian.is\/1981\/wp-json\/wp\/v2\/pages"}],"about":[{"href":"https:\/\/biblian.is\/1981\/wp-json\/wp\/v2\/types\/page"}],"author":[{"embeddable":true,"href":"https:\/\/biblian.is\/1981\/wp-json\/wp\/v2\/users\/1"}],"replies":[{"embeddable":true,"href":"https:\/\/biblian.is\/1981\/wp-json\/wp\/v2\/comments?post=2326"}],"version-history":[{"count":0,"href":"https:\/\/biblian.is\/1981\/wp-json\/wp\/v2\/pages\/2326\/revisions"}],"wp:attachment":[{"href":"https:\/\/biblian.is\/1981\/wp-json\/wp\/v2\/media?parent=2326"}],"curies":[{"name":"wp","href":"https:\/\/api.w.org\/{rel}","templated":true}]}}