{"id":2324,"date":"2017-11-18T20:21:17","date_gmt":"2017-11-18T20:21:17","guid":{"rendered":"http:\/\/biblian.is\/1981\/lukasargudspjall-4-kafli\/"},"modified":"2021-06-06T11:03:42","modified_gmt":"2021-06-06T11:03:42","slug":"lukasargudspjall-4-kafli","status":"publish","type":"page","link":"https:\/\/biblian.is\/1981\/lukasargudspjall-4-kafli\/","title":{"rendered":"L\u00fakasargu\u00f0spjall 4. kafli"},"content":{"rendered":"<p><a name=\"1\"><span class=\"versanumer\">1<\/span><\/a>En Jes\u00fas sneri aftur fr\u00e1 J\u00f3rdan, fullur af heil\u00f6gum anda. Leiddi andinn hann um \u00f3bygg\u00f0ina<a name=\"2\"><span class=\"versanumer\">2<\/span><\/a>fj\u00f6rut\u00edu daga, en dj\u00f6fullinn freista\u00f0i hans. Ekki neytti hann neins \u00fe\u00e1 daga, og er \u00feeir voru li\u00f0nir, var hann hungra\u00f0ur.<a name=\"3\"><span class=\"versanumer\">3<\/span><\/a>En dj\u00f6fullinn sag\u00f0i vi\u00f0 hann: Ef \u00fe\u00fa ert sonur Gu\u00f0s, \u00fe\u00e1 bj\u00f3\u00f0 \u00fe\u00fa steini \u00feessum, a\u00f0 hann ver\u00f0i a\u00f0 brau\u00f0i.<a name=\"4\"><span class=\"versanumer\">4<\/span><\/a>Og Jes\u00fas svara\u00f0i honum: Rita\u00f0 er: Eigi lifir ma\u00f0urinn \u00e1 einu saman brau\u00f0i.<a name=\"5\"><span class=\"versanumer\">5<\/span><\/a>\u00de\u00e1 f\u00f3r hann me\u00f0 hann upp og s\u00fdndi honum \u00e1 augabrag\u00f0i \u00f6ll r\u00edki veraldar.<a name=\"6\"><span class=\"versanumer\">6<\/span><\/a>Og dj\u00f6fullinn sag\u00f0i vi\u00f0 hann: \u00de\u00e9r mun \u00e9g gefa allt \u00feetta veldi og d\u00fdr\u00f0 \u00feess, \u00fev\u00ed a\u00f0 m\u00e9r er \u00fea\u00f0 \u00ed hendur fengi\u00f0, og \u00e9g get gefi\u00f0 \u00fea\u00f0 hverjum sem \u00e9g vil.<a name=\"7\"><span class=\"versanumer\">7<\/span><\/a>Ef \u00fe\u00fa fellur fram og tilbi\u00f0ur mig, skal \u00fea\u00f0 allt ver\u00f0a \u00feitt.<a name=\"8\"><span class=\"versanumer\">8<\/span><\/a>Jes\u00fas svara\u00f0i honum: Rita\u00f0 er: Drottin, Gu\u00f0 \u00feinn, skalt \u00fe\u00fa tilbi\u00f0ja og \u00fej\u00f3na honum einum.<a name=\"9\"><span class=\"versanumer\">9<\/span><\/a>\u00de\u00e1 f\u00f3r hann me\u00f0 hann til Jer\u00fasalem, setti hann \u00e1 br\u00fan musterisins og sag\u00f0i vi\u00f0 hann: Ef \u00fe\u00fa ert sonur Gu\u00f0s, \u00fe\u00e1 kasta \u00fe\u00e9r h\u00e9r ofan,<a name=\"10\"><span class=\"versanumer\">10<\/span><\/a>\u00fev\u00ed a\u00f0 rita\u00f0 er: Hann mun fela englum s\u00ednum a\u00f0 g\u00e6ta \u00fe\u00edn<a name=\"11\"><span class=\"versanumer\">11<\/span><\/a>og: \u00feeir munu bera \u00feig \u00e1 h\u00f6ndum s\u00e9r, a\u00f0 \u00fe\u00fa steytir ekki f\u00f3t \u00feinn vi\u00f0 steini.<a name=\"12\"><span class=\"versanumer\">12<\/span><\/a>Jes\u00fas svara\u00f0i honum: Sagt hefur veri\u00f0: Ekki skalt \u00fe\u00fa freista Drottins, Gu\u00f0s \u00fe\u00edns.<a name=\"13\"><span class=\"versanumer\">13<\/span><\/a>Og er dj\u00f6fullinn haf\u00f0i loki\u00f0 allri freistni, v\u00e9k hann fr\u00e1 honum a\u00f0 sinni.<a name=\"14\"><span class=\"versanumer\">14<\/span><\/a>En Jes\u00fas sneri aftur til Gal\u00edleu \u00ed krafti andans, og f\u00f3ru fregnir af honum um allt n\u00e1grenni\u00f0.<a name=\"15\"><span class=\"versanumer\">15<\/span><\/a>Hann kenndi \u00ed samkundum \u00feeirra, og lofu\u00f0u hann allir.<a name=\"16\"><span class=\"versanumer\">16<\/span><\/a>Hann kom til Nasaret, \u00fear sem hann var alinn upp, og f\u00f3r a\u00f0 vanda s\u00ednum \u00e1 hv\u00edldardegi \u00ed samkunduna og st\u00f3\u00f0 upp til a\u00f0 lesa.<a name=\"17\"><span class=\"versanumer\">17<\/span><\/a>Var honum fengin b\u00f3k Jesaja sp\u00e1manns. Hann lauk upp b\u00f3kinni og fann sta\u00f0inn, \u00fear sem rita\u00f0 er:<a name=\"18\"><span class=\"versanumer\">18<\/span><\/a>Andi Drottins er yfir m\u00e9r, af \u00fev\u00ed a\u00f0 hann hefur smurt mig. Hann hefur sent mig til a\u00f0 flytja f\u00e1t\u00e6kum gle\u00f0ilegan bo\u00f0skap, bo\u00f0a bandingjum lausn og blindum s\u00fdn, l\u00e1ta \u00fej\u00e1\u00f0a lausa<a name=\"19\"><span class=\"versanumer\">19<\/span><\/a>og kunngj\u00f6ra n\u00e1\u00f0ar\u00e1r Drottins.<a name=\"20\"><span class=\"versanumer\">20<\/span><\/a>S\u00ed\u00f0an lukti hann aftur b\u00f3kinni, f\u00e9kk hana \u00fej\u00f3ninum og settist ni\u00f0ur, en augu allra \u00ed samkundunni hv\u00edldu \u00e1 honum.<a name=\"21\"><span class=\"versanumer\">21<\/span><\/a>Hann t\u00f3k \u00fe\u00e1 a\u00f0 tala til \u00feeirra: \u00cd dag hefur r\u00e6tst \u00feessi ritning \u00ed \u00e1heyrn y\u00f0ar.<a name=\"22\"><span class=\"versanumer\">22<\/span><\/a>Og allir lofu\u00f0u hann og undru\u00f0ust \u00feau hugn\u00e6mu or\u00f0, sem fram gengu af munni hans, og s\u00f6g\u00f0u: Er hann ekki sonur J\u00f3sefs?<a name=\"23\"><span class=\"versanumer\">23<\/span><\/a>En hann sag\u00f0i vi\u00f0 \u00fe\u00e1: Eflaust munu\u00f0 \u00fe\u00e9r minna mig \u00e1 or\u00f0taki\u00f0: L\u00e6knir, l\u00e6kna sj\u00e1lfan \u00feig! V\u00e9r h\u00f6fum heyrt um allt, sem gj\u00f6rst hefur \u00ed Kapernaum. Gj\u00f6r n\u00fa hi\u00f0 sama h\u00e9r \u00ed \u00e6ttborg \u00feinni.<a name=\"24\"><span class=\"versanumer\">24<\/span><\/a>Enn sag\u00f0i hann: Sannlega segi \u00e9g y\u00f0ur, engum sp\u00e1manni er vel teki\u00f0 \u00ed landi s\u00ednu.<a name=\"25\"><span class=\"versanumer\">25<\/span><\/a>En satt segi \u00e9g y\u00f0ur, a\u00f0 margar voru ekkjur \u00ed \u00cdsrael \u00e1 d\u00f6gum El\u00eda, \u00feegar himinninn var luktur \u00ed \u00ferj\u00fa \u00e1r og sex m\u00e1nu\u00f0i, og miki\u00f0 hungur \u00ed \u00f6llu landinu,<a name=\"26\"><span class=\"versanumer\">26<\/span><\/a>og \u00fe\u00f3 var El\u00eda til engrar \u00feeirra sendur, heldur a\u00f0eins til ekkju \u00ed Sarepta \u00ed S\u00eddonlandi.<a name=\"27\"><span class=\"versanumer\">27<\/span><\/a>Og margir voru l\u00edk\u00fer\u00e1ir \u00ed \u00cdsrael \u00e1 d\u00f6gum El\u00edsa sp\u00e1manns, og enginn \u00feeirra var hreinsa\u00f0ur, heldur a\u00f0eins Naaman S\u00fdrlendingur.<a name=\"28\"><span class=\"versanumer\">28<\/span><\/a>Allir \u00ed samkunduh\u00fasinu fylltust rei\u00f0i, er \u00feeir heyr\u00f0u \u00feetta,<a name=\"29\"><span class=\"versanumer\">29<\/span><\/a>spruttu upp, hr\u00f6ktu hann \u00fat \u00far borginni og f\u00f3ru me\u00f0 hann fram \u00e1 br\u00fan fjalls \u00feess, sem borg \u00feeirra var reist \u00e1, til \u00feess a\u00f0 hrinda honum \u00fear ofan.<a name=\"30\"><span class=\"versanumer\">30<\/span><\/a>En hann gekk gegnum mi\u00f0ja mann\u00fer\u00f6ngina og f\u00f3r lei\u00f0ar sinnar.<a name=\"31\"><span class=\"versanumer\">31<\/span><\/a>Hann kom n\u00fa ofan til Kapernaum, borgar \u00ed Gal\u00edleu, og kenndi \u00feeim \u00e1 hv\u00edldardegi.<a name=\"32\"><span class=\"versanumer\">32<\/span><\/a>Undru\u00f0ust menn mj\u00f6g kenningu hans, \u00fev\u00ed a\u00f0 vald fylgdi or\u00f0um hans.<a name=\"33\"><span class=\"versanumer\">33<\/span><\/a>\u00cd samkunduh\u00fasinu var ma\u00f0ur nokkur, er haldinn var \u00f3hreinum, illum anda. Hann \u00e6pti h\u00e1rri r\u00f6ddu:<a name=\"34\"><span class=\"versanumer\">34<\/span><\/a>\u00c6, hva\u00f0 vilt \u00fe\u00fa oss, Jes\u00fas fr\u00e1 Nasaret? Ert \u00fe\u00fa kominn a\u00f0 tort\u00edma oss? \u00c9g veit, hver \u00fe\u00fa ert, hinn heilagi Gu\u00f0s.<a name=\"35\"><span class=\"versanumer\">35<\/span><\/a>Jes\u00fas hasta\u00f0i \u00fe\u00e1 \u00e1 hann og m\u00e6lti: \u00deegi \u00fe\u00fa, og far \u00fat af honum. En illi andinn slengdi honum fram fyrir \u00fe\u00e1 og f\u00f3r \u00fat af honum, en var\u00f0 honum ekki a\u00f0 meini.<a name=\"36\"><span class=\"versanumer\">36<\/span><\/a>Felmtri sl\u00f3 \u00e1 alla, og s\u00f6g\u00f0u \u00feeir hver vi\u00f0 annan: Hva\u00f0a or\u00f0 er \u00feetta? Me\u00f0 valdi og krafti skipar hann \u00f3hreinum \u00f6ndum, og \u00feeir fara.<a name=\"37\"><span class=\"versanumer\">37<\/span><\/a>Og or\u00f0st\u00edr hans barst \u00fat til allra sta\u00f0a \u00fear \u00ed grennd.<a name=\"38\"><span class=\"versanumer\">38<\/span><\/a>\u00dar samkundunni f\u00f3r hann \u00ed h\u00fas S\u00edmonar. En tengdam\u00f3\u00f0ir S\u00edmonar var altekin s\u00f3tthita, og b\u00e1\u00f0u \u00feeir hann a\u00f0 hj\u00e1lpa henni.<a name=\"39\"><span class=\"versanumer\">39<\/span><\/a>Hann gekk a\u00f0, laut yfir hana og hasta\u00f0i \u00e1 s\u00f3tthitann, og f\u00f3r hann \u00far henni. En h\u00fan reis jafnskj\u00f3tt \u00e1 f\u00e6tur og gekk \u00feeim fyrir beina.<a name=\"40\"><span class=\"versanumer\">40<\/span><\/a>Um s\u00f3lsetur komu allir \u00feeir, er h\u00f6f\u00f0u \u00e1 s\u00ednum vegum sj\u00faklinga haldna \u00fdmsum sj\u00fakd\u00f3mum, og f\u00e6r\u00f0u \u00fe\u00e1 til hans. En hann lag\u00f0i hendur yfir hvern \u00feeirra og l\u00e6kna\u00f0i \u00fe\u00e1.<a name=\"41\"><span class=\"versanumer\">41<\/span><\/a>\u00de\u00e1 f\u00f3ru og illir andar \u00fat af m\u00f6rgum og \u00e6ptu: \u00de\u00fa ert sonur Gu\u00f0s. En hann hasta\u00f0i \u00e1 \u00fe\u00e1 og banna\u00f0i \u00feeim a\u00f0 tala, \u00fev\u00ed a\u00f0 \u00feeir vissu, a\u00f0 hann var Kristur.<a name=\"42\"><span class=\"versanumer\">42<\/span><\/a>\u00deegar dagur rann, gekk hann burt \u00e1 \u00f3bygg\u00f0an sta\u00f0, en mannfj\u00f6ldinn leita\u00f0i hans. \u00deeir fundu hann og vildu aftra \u00fev\u00ed, a\u00f0 hann f\u00e6ri fr\u00e1 \u00feeim.<a name=\"43\"><span class=\"versanumer\">43<\/span><\/a>En hann sag\u00f0i vi\u00f0 \u00fe\u00e1: M\u00e9r ber og a\u00f0 flytja hinum borgunum fagna\u00f0arerindi\u00f0 um Gu\u00f0s r\u00edki, \u00fev\u00ed a\u00f0 til \u00feess var \u00e9g sendur.<a name=\"44\"><span class=\"versanumer\">44<\/span><\/a>Og hann pr\u00e9dika\u00f0i \u00ed samkundunum \u00ed J\u00fadeu.<\/p>\n<div class=\"footnote1981\"><b>4.1-13<\/b> Hlst. Matt 4.1-11; Mrk 1.12-13<br \/>\n<b>4.2<\/b> Freista\u00f0 hans Heb 4.15<br \/>\n<b>4.3<\/b> Sonur Gu\u00f0s L\u00fak 3.22+ ; sbr Matt 3.17+<br \/>\n<b>4.4<\/b> Sbr 5M\u00f3s 8.3<br \/>\n<b>4.6<\/b> M\u00e9r \u00ed hendur fengi\u00f0 sbr Matt 28.18<br \/>\n<b>4.8<\/b> Sbr 5M\u00f3s 6.13-14<br \/>\n<b>4.10-11<\/b> Sbr Slm 91.11-12<br \/>\n<b>4.12<\/b> Sbr 5M\u00f3s 6.16; 1Kor 10.9<br \/>\n<b>4.13<\/b> Lauk allri freistni Heb 4.15<br \/>\n<b>4.14-15<\/b> Hlst. Matt 4.12-17; Mrk 1.14-15<br \/>\n<b>4.16-30<\/b> Hlst. Matt 13.53-58; Mrk 6.1-6<br \/>\n<b>4.18-19<\/b> Sbr Jes 61.1-2; 58.6<br \/>\n<b>4.21<\/b> \u00cd dag L\u00fak 2.11+<br \/>\n<b>4.22<\/b> Sonur J\u00f3sefs L\u00fak 3.23; J\u00f3h 6.42; sbr Matt 13.55; Mrk 6.3<br \/>\n<b>4.23<\/b> Kaperna\u00fam Matt 4.13+ &#8211; \u00fea\u00f0, sem gerst hefur L\u00fak 4.31-41<br \/>\n<b>4.24<\/b> Sp\u00e1ma\u00f0ur \u00ed f\u00f6\u00f0urlandi s\u00ednu J\u00f3h 4.44; sbr Matt 13.57; Mrk 6.4<br \/>\n<b>4.25<\/b> Himininn luktur 1Kon 17.1,7; 18.1; Jak 5.17; sbr Matt 11.14+<br \/>\n<b>4.26<\/b> Ekkja \u00ed Sarepta 1Kon 17.9+<br \/>\n<b>4.27<\/b> Naaman hinn l\u00edk\u00fer\u00e1i 2Kon 5.1-14<br \/>\n<b>4.31-37<\/b> Hlst. Mrk 1.21-28<br \/>\n<b>4.31<\/b> Kaperna\u00fam Matt 4.13+<br \/>\n<b>4.32<\/b> Vald fylgdi or\u00f0um hans Mrk 1.22+<br \/>\n<b>4.34<\/b> Hva\u00f0 vilt \u00fe\u00fa okkur? Matt 8.29+ ; Mrk 5.7; L\u00fak 8.28 \u2013 hinn heilagi Gu\u00f0s Mrk 1.24+ ; sbr L\u00fak 4.41<br \/>\n<b>4.38-41<\/b> Hlst. Mrk 8.14-17; Mrk 1.29-34<br \/>\n<b>4.38<\/b> S\u00edmon Matt 4.18+<br \/>\n<b>4.41<\/b> Sonur Gu\u00f0s Matt 14.33+ ; Mrk 1.1+; 3.11; L\u00fak 4.34 \u2013 halda leyndu Matt 8.4+ ; Mrk 1.25+ &#8211; Kristur Matt 1.16; 2.1; 11.2; 16.13 og hlst.; 22.41-42 og hlst.; 26.63+ ; 27.17 og ; hlst.; L\u00fak 3.15+; J\u00f3h 1.20,41; 3.28; 4.25; J\u00f3h 7.26-27,41-42; 9.22; 10.24; 11.27; 12.34; 20.31; Post 2.31; 3.18; 4.26; 8.5; 9.22; 17.3; 18.5,28; 26.23; R\u00f3m 9.5; 1J\u00f3h 2.22; 5.1<br \/>\n<b>4.42-44<\/b> Hlst. Mrk 1.35-39<br \/>\n<b>4.43<\/b> Fagna\u00f0arerindi\u00f0 um Gu\u00f0s r\u00edki Matt 4.23; 9.35; 24.14; Mrk 1.14-15; L\u00fak 8.1 \u2013 flytja fagna\u00f0arerindi\u00f0 Matt 24.14+<br \/>\n<b>4.44<\/b> Jes\u00fas pr\u00e9dikar Matt 4.23<\/div>\n","protected":false},"excerpt":{"rendered":"<p>1En Jes\u00fas sneri aftur fr\u00e1 J\u00f3rdan, fullur af heil\u00f6gum anda. Leiddi andinn hann um \u00f3bygg\u00f0ina2fj\u00f6rut\u00edu daga, en dj\u00f6fullinn freista\u00f0i hans. Ekki neytti hann neins \u00fe\u00e1 daga, og er \u00feeir voru li\u00f0nir, var hann hungra\u00f0ur.3En dj\u00f6fullinn sag\u00f0i vi\u00f0 hann: Ef \u00fe\u00fa ert sonur Gu\u00f0s, \u00fe\u00e1 bj\u00f3\u00f0 \u00fe\u00fa steini \u00feessum, a\u00f0 hann ver\u00f0i a\u00f0 brau\u00f0i.4Og Jes\u00fas svara\u00f0i honum: Rita\u00f0 er: Eigi lifir ma\u00f0urinn \u00e1 einu saman brau\u00f0i.5\u00de\u00e1 f\u00f3r hann me\u00f0 hann upp og s\u00fdndi honum \u00e1 augabrag\u00f0i \u00f6ll r\u00edki veraldar.6Og dj\u00f6fullinn sag\u00f0i vi\u00f0 hann: \u00de\u00e9r mun \u00e9g gefa allt \u00feetta veldi og d\u00fdr\u00f0 \u00feess, \u00fev\u00ed a\u00f0 m\u00e9r er \u00fea\u00f0 \u00ed hendur fengi\u00f0, <a href=\"https:\/\/biblian.is\/1981\/lukasargudspjall-4-kafli\/\"> [&#8230;]<\/a><\/p>\n","protected":false},"author":1,"featured_media":0,"parent":0,"menu_order":0,"comment_status":"open","ping_status":"open","template":"bibliukaflar.php","meta":{"footnotes":""},"class_list":["post-2324","page","type-page","status-publish","hentry"],"_links":{"self":[{"href":"https:\/\/biblian.is\/1981\/wp-json\/wp\/v2\/pages\/2324","targetHints":{"allow":["GET"]}}],"collection":[{"href":"https:\/\/biblian.is\/1981\/wp-json\/wp\/v2\/pages"}],"about":[{"href":"https:\/\/biblian.is\/1981\/wp-json\/wp\/v2\/types\/page"}],"author":[{"embeddable":true,"href":"https:\/\/biblian.is\/1981\/wp-json\/wp\/v2\/users\/1"}],"replies":[{"embeddable":true,"href":"https:\/\/biblian.is\/1981\/wp-json\/wp\/v2\/comments?post=2324"}],"version-history":[{"count":0,"href":"https:\/\/biblian.is\/1981\/wp-json\/wp\/v2\/pages\/2324\/revisions"}],"wp:attachment":[{"href":"https:\/\/biblian.is\/1981\/wp-json\/wp\/v2\/media?parent=2324"}],"curies":[{"name":"wp","href":"https:\/\/api.w.org\/{rel}","templated":true}]}}